{"id":271606,"date":"2024-11-16T02:18:13","date_gmt":"2024-11-16T01:18:13","guid":{"rendered":"https:\/\/www.csj-emballages.com\/produit\/borsa-shopper-motivo-regali-in-pp-intrecciato-riutilizzabile-40-24-x-35-cm\/"},"modified":"2026-05-01T02:14:22","modified_gmt":"2026-05-01T00:14:22","slug":"borsa-shopper-motivo-regali-in-pp-intrecciato-riutilizzabile-40-24-x-35-cm","status":"publish","type":"product","link":"https:\/\/www.csj-emballages.com\/it\/produit\/borsa-shopper-motivo-regali-in-pp-intrecciato-riutilizzabile-40-24-x-35-cm\/","title":{"rendered":"Borsa shopper motivo &#8220;Regali&#8221; in PP intrecciato riutilizzabile 40 + 24 x 35 cm"},"content":{"rendered":"<div style=\"font-family: Roboto, sans-serif;\">\n<div style=\"font-family: Roboto, sans-serif;\">\n<div style=\"font-family: Roboto, sans-serif;\">\n<div style=\"font-family: Roboto, sans-serif;\">\n<div style=\"font-family: Roboto, sans-serif;\">\n<div style=\"font-family: Roboto, sans-serif;\">\n<div style=\"font-family: Roboto, sans-serif;\">\n<div style=\"font-family: Roboto, sans-serif;\">\n<div style=\"font-family: Roboto, sans-serif;\">\n<div style=\"font-family: Roboto, sans-serif;\">\n<div style=\"font-family: Roboto, sans-serif;\">\n<div style=\"font-family: Roboto, sans-serif;\">\n<div style=\"font-family: Roboto, sans-serif;\">\n<div class=\"flex flex-grow flex-col max-w-full\">\n<div class=\"min-h-[20px] text-message flex flex-col items-start whitespace-pre-wrap break-words [.text-message+&amp;]:mt-5 juice:w-full juice:items-end overflow-x-auto gap-2\" dir=\"auto\" data-message-author-role=\"assistant\" data-message-id=\"2034782e-88f9-44ef-b4dc-07dd7bf0115f\">\n<div class=\"flex w-full flex-col gap-1 juice:empty:hidden juice:first:pt-[3px]\">\n<div class=\"markdown prose w-full break-words dark:prose-invert light\">\n<div style=\"font-family: Roboto, sans-serif;\">\n<div style=\"font-family: Roboto, sans-serif;\">\n<div style=\"font-family: Roboto, sans-serif;\">\n<div style=\"font-family: Roboto, sans-serif;\">\n<div style=\"font-family: Roboto, sans-serif;\">\n<div style=\"font-family: Roboto, sans-serif;\">\n<h2>Borsa shopper<\/h2>\n<div style=\"font-family: Roboto, sans-serif;\">\n<div style=\"font-family: Roboto, sans-serif;\">\n<div style=\"font-family: Roboto, sans-serif;\">\n<div style=\"text-align: center;\">\n<div style=\"font-family: Roboto, sans-serif;\">\n<div style=\"font-family: Roboto, sans-serif;\">\n<div style=\"font-family: Roboto, sans-serif;\">\n<div style=\"font-family: Roboto, sans-serif;\">\n<div style=\"font-family: Roboto, sans-serif;\">\n<div style=\"font-family: Roboto, sans-serif; text-align: left;\">\n<hr>\n<h3 style=\"text-align: left;\">Descrizione della nostra borsa shopper &#8220;Regali&#8221; in PP 40 + 24 x 35 cm<!--more--><\/h3>\n<\/div>\n<\/div>\n<\/div>\n<\/div>\n<\/div>\n<\/div>\n<\/div>\n<\/div>\n<\/div>\n<\/div>\n<\/div>\n<\/div>\n<\/div>\n<\/div>\n<\/div>\n<\/div>\n<\/div>\n<\/div>\n<\/div>\n<\/div>\n<\/div>\n<\/div>\n<\/div>\n<\/div>\n<\/div>\n<\/div>\n<\/div>\n<\/div>\n<\/div>\n<\/div>\n<\/div>\n<\/div>\n<\/div>\n<p>Scegli una <strong>borsa shopper natalizia<\/strong> ideale per la tua spesa o per i <strong>regali<\/strong> di fine anno. Questo modello con motivo &#8220;<strong>Regali<\/strong>&#8221; unisce design festoso e praticit\u00e0. Grazie alla sua fabbricazione in <strong>polipropilene intrecciato<\/strong>, garantisce una robustezza ottimale per un uso regolare e prolungato. Apprezzerai anche la sua leggerezza che ne facilita il trasporto, anche quando \u00e8 piena. La <strong>borsa shopper<\/strong> \u00e8 un&#8217;alternativa durevole alle borse monouso. Riutilizzabile all&#8217;infinito, riduce i rifiuti di plastica. Il suo design in <strong>PP intrecciato<\/strong> la rende un alleato ecologico perfetto per le festivit\u00e0. Perch\u00e9 buttare via gli imballaggi, quando una <strong>borsa shopper personalizzata<\/strong> pu\u00f2 essere usata ancora e ancora?       <\/p>\n<p>Con le sue dimensioni generose di <strong>40 + 24 x 35 cm<\/strong>, questa <strong>borsa natalizia<\/strong> pu\u00f2 contenere oggetti voluminosi. Perfetta per trasportare la spesa, \u00e8 adatta anche ai tuoi <strong>regali<\/strong> di Natale. I suoi manici robusti offrono una presa comoda, anche quando il contenuto \u00e8 pesante. Utilizzando questa <strong>borsa personalizzata<\/strong>, combinerai eleganza e utilit\u00e0.   <\/p>\n<p>&nbsp;<\/p>\n<p><!--more--><\/p>\n<h4>Ideale per ogni occasione<\/h4>\n<p>Questa <strong>borsa natalizia<\/strong> dal motivo festoso si adatta a tutte le tue esigenze. \u00c8 perfetta per lo shopping, ma anche ideale per offrire i tuoi doni in una confezione unica e pratica. Scegli una <strong>borsa shopper personalizzata<\/strong> che rifletta lo spirito delle feste pur essendo funzionale. A differenza delle borse usa e getta, questa <strong>borsa<\/strong> \u00e8 progettata per durare. Supporta carichi importanti senza deformarsi o strapparsi. Regalando o utilizzando questa <strong>borsa shopper natalizia<\/strong>, punti sulla qualit\u00e0 e sulla durata.     <\/p>\n<div style=\"font-family: Roboto, sans-serif;\">\n<div style=\"font-family: Roboto, sans-serif;\">\n<div style=\"font-family: Roboto, sans-serif;\">\n<div style=\"font-family: Roboto, sans-serif;\">\n<div style=\"font-family: Roboto, sans-serif;\">\n<div style=\"font-family: Roboto, sans-serif;\">\n<div style=\"font-family: Roboto, sans-serif;\">\n<div style=\"font-family: Roboto, sans-serif;\">\n<div style=\"font-family: Roboto, sans-serif;\">\n<div style=\"font-family: Roboto, sans-serif;\">\n<div style=\"font-family: Roboto, sans-serif;\">\n<div style=\"font-family: Roboto, sans-serif;\">\n<div style=\"font-family: Roboto, sans-serif;\">\n<div class=\"flex flex-grow flex-col max-w-full\">\n<div class=\"min-h-[20px] text-message flex flex-col items-start whitespace-pre-wrap break-words [.text-message+&amp;]:mt-5 juice:w-full juice:items-end overflow-x-auto gap-2\" dir=\"auto\" data-message-author-role=\"assistant\" data-message-id=\"2034782e-88f9-44ef-b4dc-07dd7bf0115f\">\n<div class=\"flex w-full flex-col gap-1 juice:empty:hidden juice:first:pt-[3px]\">\n<div class=\"markdown prose w-full break-words dark:prose-invert light\">\n<div style=\"font-family: Roboto, sans-serif;\">\n<div style=\"font-family: Roboto, sans-serif;\">\n<div style=\"font-family: Roboto, sans-serif;\">\n<div style=\"font-family: Roboto, sans-serif;\">\n<div style=\"font-family: Roboto, sans-serif;\">\n<div style=\"font-family: Roboto, sans-serif;\">\n<p>La <strong>borsa motivo &#8220;Regali&#8221; in PP intrecciato riutilizzabile<\/strong> \u00e8 molto pi\u00f9 di una semplice borsa. Unisce praticit\u00e0, eleganza e rispetto per l&#8217;ambiente. Le sue dimensioni generose e il suo design solido la rendono una scelta imprescindibile per le feste e per tutti i giorni. Scegli una <strong>borsa shopper natalizia<\/strong> o una <strong>borsa shopper personalizzata<\/strong> per momenti festosi e responsabili.   <\/p>\n<p>&nbsp;<\/p>\n<p><!--more--><\/p>\n<h4 style=\"text-align: left;\"><strong>I vantaggi di questa borsa per negozi:<\/strong><\/h4>\n<ul>\n<li><strong>Durata eccezionale<\/strong>: realizzata in polipropilene intrecciato, resiste all&#8217;usura e supporta carichi pesanti.<\/li>\n<li><strong>Riutilizzabile ed ecologica<\/strong>: riduce i rifiuti di plastica grazie al suo riutilizzo prolungato.<\/li>\n<li><strong>Design festoso e versatile<\/strong>: il motivo &#8220;<strong>Regali<\/strong>&#8221; dona un tocco elegante e festoso, perfetto per il Natale.<\/li>\n<li><strong>Facile da trasportare<\/strong>: i manici rinforzati assicurano un comfort ottimale, anche con carichi pesanti.<\/li>\n<\/ul>\n<p>&nbsp;<\/p>\n<\/div>\n<\/div>\n<\/div>\n<\/div>\n<\/div>\n<\/div>\n<\/div>\n<\/div>\n<\/div>\n<\/div>\n<\/div>\n<\/div>\n<\/div>\n<\/div>\n<\/div>\n<\/div>\n<\/div>\n<\/div>\n<\/div>\n<\/div>\n<\/div>\n<\/div>\n<\/div>\n<p><!--more--><\/p>\n<h4>Altre informazioni:<\/h4>\n<ul style=\"font-family: Roboto, sans-serif;\">\n<li><strong>Confezionamento<\/strong>: All&#8217;unit\u00e0<\/li>\n<li><span style=\"font-weight: bold;\">Dimensioni<\/span>: 40 + 24 x 35 cm<\/li>\n<li><strong>Materiale<\/strong>: Polipropilene intrecciato<\/li>\n<\/ul>\n<p>&nbsp;<\/p>\n<p style=\"text-align: left;\"><!--more--><\/p>\n<p><a href=\"https:\/\/www.csj-emballages.com\/it\/categorie-produit\/imballaggi-alimentari\/boutique-e-negozio\/sacchetti-buste\/borse-boutique\/\">Consulta il resto della nostra gamma di borse shopper<\/a><\/p>\n","protected":false},"excerpt":{"rendered":"<p>Borsa shopper Descrizione della nostra borsa shopper &#8220;Regali&#8221; in PP 40 + 24 x 35 cm<\/p>\n","protected":false},"featured_media":271613,"template":"","meta":{"_acf_changed":false},"product_brand":[],"product_cat":[10346,10345,11140,11180],"product_tag":[],"class_list":{"0":"post-271606","1":"product","2":"type-product","3":"status-publish","4":"has-post-thumbnail","6":"product_cat-imballaggi-alimentari","7":"product_cat-boutique-e-negozio","8":"product_cat-sacchetti-buste","9":"product_cat-borse-boutique","11":"first","12":"outofstock","13":"taxable","14":"shipping-taxable","15":"purchasable","16":"product-type-simple"},"acf":[],"yoast_head":"<!-- This site is optimized with the Yoast SEO Premium plugin v26.6 (Yoast SEO v26.6) - https:\/\/yoast.com\/wordpress\/plugins\/seo\/ -->\n<title>Borsa Shopper Natale - 40 + 24 x 35 cm<\/title>\n<meta name=\"description\" content=\"Scopri la borsa shopper motivo &#039;Regali&#039; in PP intrecciato riutilizzabile: robusta, ecologica e festosa. Perfetta per il Natale e per le tue esigenze quotidiane!\" \/>\n<meta name=\"robots\" content=\"index, follow, max-snippet:-1, max-image-preview:large, max-video-preview:-1\" \/>\n<link rel=\"canonical\" href=\"https:\/\/www.csj-emballages.com\/it\/produit\/borsa-shopper-motivo-regali-in-pp-intrecciato-riutilizzabile-40-24-x-35-cm\/\" \/>\n<meta property=\"og:locale\" content=\"it_IT\" \/>\n<meta property=\"og:type\" content=\"article\" \/>\n<meta property=\"og:title\" content=\"Borsa shopper motivo &quot;Regali&quot; in PP intrecciato riutilizzabile 40 + 24 x 35 cm\" \/>\n<meta property=\"og:description\" content=\"Scopri la borsa shopper motivo &#039;Regali&#039; in PP intrecciato riutilizzabile: robusta, ecologica e festosa. Perfetta per il Natale e per le tue esigenze quotidiane!\" \/>\n<meta property=\"og:url\" content=\"https:\/\/www.csj-emballages.com\/it\/produit\/borsa-shopper-motivo-regali-in-pp-intrecciato-riutilizzabile-40-24-x-35-cm\/\" \/>\n<meta property=\"og:site_name\" content=\"CSJ Emballages\" \/>\n<meta property=\"article:publisher\" content=\"https:\/\/www.facebook.com\/csjemballages\" \/>\n<meta property=\"article:modified_time\" content=\"2026-05-01T00:14:22+00:00\" \/>\n<meta property=\"og:image\" content=\"https:\/\/www.csj-emballages.com\/wp-content\/uploads\/2024\/11\/Saccabasnoel-scaled-e1732088230270.webp\" \/>\n\t<meta property=\"og:image:width\" content=\"800\" \/>\n\t<meta property=\"og:image:height\" content=\"800\" \/>\n\t<meta property=\"og:image:type\" content=\"image\/webp\" \/>\n<meta name=\"twitter:card\" content=\"summary_large_image\" \/>\n<meta name=\"twitter:label1\" content=\"Dur\u00e9e de lecture estim\u00e9e\" \/>\n\t<meta name=\"twitter:data1\" content=\"2 minuti\" \/>\n<script type=\"application\/ld+json\" class=\"yoast-schema-graph\">{\"@context\":\"https:\/\/schema.org\",\"@graph\":[{\"@type\":\"WebPage\",\"@id\":\"https:\/\/www.csj-emballages.com\/it\/produit\/borsa-shopper-motivo-regali-in-pp-intrecciato-riutilizzabile-40-24-x-35-cm\/\",\"url\":\"https:\/\/www.csj-emballages.com\/it\/produit\/borsa-shopper-motivo-regali-in-pp-intrecciato-riutilizzabile-40-24-x-35-cm\/\",\"name\":\"Borsa Shopper Natale - 40 + 24 x 35 cm\",\"isPartOf\":{\"@id\":\"https:\/\/www.csj-emballages.com\/it\/#website\"},\"primaryImageOfPage\":{\"@id\":\"https:\/\/www.csj-emballages.com\/it\/produit\/borsa-shopper-motivo-regali-in-pp-intrecciato-riutilizzabile-40-24-x-35-cm\/#primaryimage\"},\"image\":{\"@id\":\"https:\/\/www.csj-emballages.com\/it\/produit\/borsa-shopper-motivo-regali-in-pp-intrecciato-riutilizzabile-40-24-x-35-cm\/#primaryimage\"},\"thumbnailUrl\":\"https:\/\/www.csj-emballages.com\/wp-content\/uploads\/2024\/11\/Saccabasnoel-scaled-e1732088230270.webp\",\"datePublished\":\"2024-11-16T01:18:13+00:00\",\"dateModified\":\"2026-05-01T00:14:22+00:00\",\"description\":\"Scopri la borsa shopper motivo 'Regali' in PP intrecciato riutilizzabile: robusta, ecologica e festosa. Perfetta per il Natale e per le tue esigenze quotidiane!\",\"breadcrumb\":{\"@id\":\"https:\/\/www.csj-emballages.com\/it\/produit\/borsa-shopper-motivo-regali-in-pp-intrecciato-riutilizzabile-40-24-x-35-cm\/#breadcrumb\"},\"inLanguage\":\"it-IT\",\"potentialAction\":[{\"@type\":\"ReadAction\",\"target\":[\"https:\/\/www.csj-emballages.com\/it\/produit\/borsa-shopper-motivo-regali-in-pp-intrecciato-riutilizzabile-40-24-x-35-cm\/\"]}]},{\"@type\":\"ImageObject\",\"inLanguage\":\"it-IT\",\"@id\":\"https:\/\/www.csj-emballages.com\/it\/produit\/borsa-shopper-motivo-regali-in-pp-intrecciato-riutilizzabile-40-24-x-35-cm\/#primaryimage\",\"url\":\"https:\/\/www.csj-emballages.com\/wp-content\/uploads\/2024\/11\/Saccabasnoel-scaled-e1732088230270.webp\",\"contentUrl\":\"https:\/\/www.csj-emballages.com\/wp-content\/uploads\/2024\/11\/Saccabasnoel-scaled-e1732088230270.webp\",\"width\":800,\"height\":800,\"caption\":\"sac cabas\"},{\"@type\":\"BreadcrumbList\",\"@id\":\"https:\/\/www.csj-emballages.com\/it\/produit\/borsa-shopper-motivo-regali-in-pp-intrecciato-riutilizzabile-40-24-x-35-cm\/#breadcrumb\",\"itemListElement\":[{\"@type\":\"ListItem\",\"position\":1,\"name\":\"Home\",\"item\":\"https:\/\/www.csj-emballages.com\/it\/universo-imballaggi-alimentari\/\"},{\"@type\":\"ListItem\",\"position\":2,\"name\":\"Negozio\",\"item\":\"https:\/\/www.csj-emballages.com\/it\/negozio\/\"},{\"@type\":\"ListItem\",\"position\":3,\"name\":\"Borsa shopper motivo \u00ab\u00a0Regali\u00a0\u00bb in PP intrecciato riutilizzabile 40 + 24 x 35 cm\"}]},{\"@type\":\"WebSite\",\"@id\":\"https:\/\/www.csj-emballages.com\/it\/#website\",\"url\":\"https:\/\/www.csj-emballages.com\/it\/\",\"name\":\"CSJ Emballages\",\"description\":\"\",\"publisher\":{\"@id\":\"https:\/\/www.csj-emballages.com\/it\/#organization\"},\"potentialAction\":[{\"@type\":\"SearchAction\",\"target\":{\"@type\":\"EntryPoint\",\"urlTemplate\":\"https:\/\/www.csj-emballages.com\/it\/?s={search_term_string}\"},\"query-input\":{\"@type\":\"PropertyValueSpecification\",\"valueRequired\":true,\"valueName\":\"search_term_string\"}}],\"inLanguage\":\"it-IT\"},{\"@type\":\"Organization\",\"@id\":\"https:\/\/www.csj-emballages.com\/it\/#Organization\/\",\"name\":\"CSJ Emballages\",\"url\":\"https:\/\/www.csj-emballages.com\/it\/\",\"logo\":{\"@type\":\"ImageObject\",\"inLanguage\":\"it-IT\",\"@id\":\"https:\/\/www.csj-emballages.com\/it\/#\/schema\/logo\/image\/\",\"url\":\"https:\/\/www.csj-emballages.com\/wp-content\/uploads\/2023\/10\/logo_csj.webp\",\"contentUrl\":\"https:\/\/www.csj-emballages.com\/wp-content\/uploads\/2023\/10\/logo_csj.webp\",\"width\":250,\"height\":95,\"caption\":\"CSJ Emballages\"},\"image\":{\"@id\":\"https:\/\/www.csj-emballages.com\/it\/#\/schema\/logo\/image\/\"},\"sameAs\":[\"https:\/\/www.facebook.com\/csjemballages\"],\"address\":{\"@type\":\"PostalAddress\",\"streetAddress\":\"ZI La Lechere\",\"addressLocality\":\"Patornay\",\"postalCode\":\"39130\",\"addressCountry\":\"FR\"},\"contactPoint\":[{\"@type\":\"ContactPoint\",\"contactType\":\"Service client\",\"telephone\":\"0384254272\",\"email\":\"contact@csj-emballages.com\"}]}]}<\/script>\n<!-- \/ Yoast SEO Premium plugin. -->","yoast_head_json":{"title":"Borsa Shopper Natale - 40 + 24 x 35 cm","description":"Scopri la borsa shopper motivo 'Regali' in PP intrecciato riutilizzabile: robusta, ecologica e festosa. Perfetta per il Natale e per le tue esigenze quotidiane!","robots":{"index":"index","follow":"follow","max-snippet":"max-snippet:-1","max-image-preview":"max-image-preview:large","max-video-preview":"max-video-preview:-1"},"canonical":"https:\/\/www.csj-emballages.com\/it\/produit\/borsa-shopper-motivo-regali-in-pp-intrecciato-riutilizzabile-40-24-x-35-cm\/","og_locale":"it_IT","og_type":"article","og_title":"Borsa shopper motivo \"Regali\" in PP intrecciato riutilizzabile 40 + 24 x 35 cm","og_description":"Scopri la borsa shopper motivo 'Regali' in PP intrecciato riutilizzabile: robusta, ecologica e festosa. Perfetta per il Natale e per le tue esigenze quotidiane!","og_url":"https:\/\/www.csj-emballages.com\/it\/produit\/borsa-shopper-motivo-regali-in-pp-intrecciato-riutilizzabile-40-24-x-35-cm\/","og_site_name":"CSJ Emballages","article_publisher":"https:\/\/www.facebook.com\/csjemballages","article_modified_time":"2026-05-01T00:14:22+00:00","og_image":[{"width":800,"height":800,"url":"https:\/\/www.csj-emballages.com\/wp-content\/uploads\/2024\/11\/Saccabasnoel-scaled-e1732088230270.webp","type":"image\/webp"}],"twitter_card":"summary_large_image","twitter_misc":{"Dur\u00e9e de lecture estim\u00e9e":"2 minuti"},"schema":{"@context":"https:\/\/schema.org","@graph":[{"@type":"WebPage","@id":"https:\/\/www.csj-emballages.com\/it\/produit\/borsa-shopper-motivo-regali-in-pp-intrecciato-riutilizzabile-40-24-x-35-cm\/","url":"https:\/\/www.csj-emballages.com\/it\/produit\/borsa-shopper-motivo-regali-in-pp-intrecciato-riutilizzabile-40-24-x-35-cm\/","name":"Borsa Shopper Natale - 40 + 24 x 35 cm","isPartOf":{"@id":"https:\/\/www.csj-emballages.com\/it\/#website"},"primaryImageOfPage":{"@id":"https:\/\/www.csj-emballages.com\/it\/produit\/borsa-shopper-motivo-regali-in-pp-intrecciato-riutilizzabile-40-24-x-35-cm\/#primaryimage"},"image":{"@id":"https:\/\/www.csj-emballages.com\/it\/produit\/borsa-shopper-motivo-regali-in-pp-intrecciato-riutilizzabile-40-24-x-35-cm\/#primaryimage"},"thumbnailUrl":"https:\/\/www.csj-emballages.com\/wp-content\/uploads\/2024\/11\/Saccabasnoel-scaled-e1732088230270.webp","datePublished":"2024-11-16T01:18:13+00:00","dateModified":"2026-05-01T00:14:22+00:00","description":"Scopri la borsa shopper motivo 'Regali' in PP intrecciato riutilizzabile: robusta, ecologica e festosa. Perfetta per il Natale e per le tue esigenze quotidiane!","breadcrumb":{"@id":"https:\/\/www.csj-emballages.com\/it\/produit\/borsa-shopper-motivo-regali-in-pp-intrecciato-riutilizzabile-40-24-x-35-cm\/#breadcrumb"},"inLanguage":"it-IT","potentialAction":[{"@type":"ReadAction","target":["https:\/\/www.csj-emballages.com\/it\/produit\/borsa-shopper-motivo-regali-in-pp-intrecciato-riutilizzabile-40-24-x-35-cm\/"]}]},{"@type":"ImageObject","inLanguage":"it-IT","@id":"https:\/\/www.csj-emballages.com\/it\/produit\/borsa-shopper-motivo-regali-in-pp-intrecciato-riutilizzabile-40-24-x-35-cm\/#primaryimage","url":"https:\/\/www.csj-emballages.com\/wp-content\/uploads\/2024\/11\/Saccabasnoel-scaled-e1732088230270.webp","contentUrl":"https:\/\/www.csj-emballages.com\/wp-content\/uploads\/2024\/11\/Saccabasnoel-scaled-e1732088230270.webp","width":800,"height":800,"caption":"sac cabas"},{"@type":"BreadcrumbList","@id":"https:\/\/www.csj-emballages.com\/it\/produit\/borsa-shopper-motivo-regali-in-pp-intrecciato-riutilizzabile-40-24-x-35-cm\/#breadcrumb","itemListElement":[{"@type":"ListItem","position":1,"name":"Home","item":"https:\/\/www.csj-emballages.com\/it\/universo-imballaggi-alimentari\/"},{"@type":"ListItem","position":2,"name":"Negozio","item":"https:\/\/www.csj-emballages.com\/it\/negozio\/"},{"@type":"ListItem","position":3,"name":"Borsa shopper motivo \u00ab\u00a0Regali\u00a0\u00bb in PP intrecciato riutilizzabile 40 + 24 x 35 cm"}]},{"@type":"WebSite","@id":"https:\/\/www.csj-emballages.com\/it\/#website","url":"https:\/\/www.csj-emballages.com\/it\/","name":"CSJ Emballages","description":"","publisher":{"@id":"https:\/\/www.csj-emballages.com\/it\/#organization"},"potentialAction":[{"@type":"SearchAction","target":{"@type":"EntryPoint","urlTemplate":"https:\/\/www.csj-emballages.com\/it\/?s={search_term_string}"},"query-input":{"@type":"PropertyValueSpecification","valueRequired":true,"valueName":"search_term_string"}}],"inLanguage":"it-IT"},{"@type":"Organization","@id":"https:\/\/www.csj-emballages.com\/it\/#Organization\/","name":"CSJ Emballages","url":"https:\/\/www.csj-emballages.com\/it\/","logo":{"@type":"ImageObject","inLanguage":"it-IT","@id":"https:\/\/www.csj-emballages.com\/it\/#\/schema\/logo\/image\/","url":"https:\/\/www.csj-emballages.com\/wp-content\/uploads\/2023\/10\/logo_csj.webp","contentUrl":"https:\/\/www.csj-emballages.com\/wp-content\/uploads\/2023\/10\/logo_csj.webp","width":250,"height":95,"caption":"CSJ Emballages"},"image":{"@id":"https:\/\/www.csj-emballages.com\/it\/#\/schema\/logo\/image\/"},"sameAs":["https:\/\/www.facebook.com\/csjemballages"],"address":{"@type":"PostalAddress","streetAddress":"ZI La Lechere","addressLocality":"Patornay","postalCode":"39130","addressCountry":"FR"},"contactPoint":[{"@type":"ContactPoint","contactType":"Service client","telephone":"0384254272","email":"contact@csj-emballages.com"}]}]}},"df_price":1.33,"df_sale_price":"","df_regular_price":1.33,"df_image_link":"https:\/\/www.csj-emballages.com\/wp-content\/uploads\/2024\/11\/Saccabasnoel-300x300.webp","tiered_pricing_type":"fixed","tiered_pricing_fixed_rules":[],"tiered_pricing_percentage_rules":[],"tiered_pricing_minimum":1,"tiered_pricing_roles_data":[],"_links":{"self":[{"href":"https:\/\/www.csj-emballages.com\/it\/wp-json\/wp\/v2\/product\/271606","targetHints":{"allow":["GET"]}}],"collection":[{"href":"https:\/\/www.csj-emballages.com\/it\/wp-json\/wp\/v2\/product"}],"about":[{"href":"https:\/\/www.csj-emballages.com\/it\/wp-json\/wp\/v2\/types\/product"}],"wp:featuredmedia":[{"embeddable":true,"href":"https:\/\/www.csj-emballages.com\/it\/wp-json\/wp\/v2\/media\/271613"}],"wp:attachment":[{"href":"https:\/\/www.csj-emballages.com\/it\/wp-json\/wp\/v2\/media?parent=271606"}],"wp:term":[{"taxonomy":"product_brand","embeddable":true,"href":"https:\/\/www.csj-emballages.com\/it\/wp-json\/wp\/v2\/product_brand?post=271606"},{"taxonomy":"product_cat","embeddable":true,"href":"https:\/\/www.csj-emballages.com\/it\/wp-json\/wp\/v2\/product_cat?post=271606"},{"taxonomy":"product_tag","embeddable":true,"href":"https:\/\/www.csj-emballages.com\/it\/wp-json\/wp\/v2\/product_tag?post=271606"}],"curies":[{"name":"wp","href":"https:\/\/api.w.org\/{rel}","templated":true}]}}