{"id":271600,"date":"2024-11-20T02:18:12","date_gmt":"2024-11-20T01:18:12","guid":{"rendered":"https:\/\/www.csj-emballages.com\/produit\/carta-igienica-a-fogli-singoli-105-x-21-cm-da-250\/"},"modified":"2026-03-12T16:00:46","modified_gmt":"2026-03-12T15:00:46","slug":"carta-igienica-a-fogli-singoli-105-x-21-cm-da-250","status":"publish","type":"product","link":"https:\/\/www.csj-emballages.com\/it\/produit\/carta-igienica-a-fogli-singoli-105-x-21-cm-da-250\/","title":{"rendered":"Carta igienica a fogli singoli 10,5 x 21 cm da 250"},"content":{"rendered":"<h2>Carta igienica<\/h2>\n<hr>\n<h3>Descrizione della nostra carta igienica a fogli singoli 10,5 x 21 cm da 250<\/h3>\n<p><!--more--><\/p>\n<div class=\"flex max-w-full flex-col flex-grow\">\n<div class=\"min-h-8 text-message flex w-full flex-col items-end gap-2 whitespace-normal break-words text-start [.text-message+&amp;]:mt-5\" dir=\"auto\" data-message-author-role=\"assistant\" data-message-id=\"266ca6f3-5e07-4948-bd20-80ac5e6da4a5\" data-message-model-slug=\"gpt-4o\">\n<div class=\"flex w-full flex-col gap-1 empty:hidden first:pt-[3px]\">\n<div class=\"markdown prose w-full break-words dark:prose-invert dark\">\n<p data-start=\"226\" data-end=\"558\">Questa <strong data-start=\"229\" data-end=\"266\">carta igienica a fogli singoli<\/strong> \u00e8 una soluzione semplice e ben studiata per gli spazi in cui igiene e controllo dei consumi sono essenziali. Grazie al formato <strong data-start=\"408\" data-end=\"424\">10,5 x 21 cm<\/strong>, ogni foglio offre una superficie confortevole, evitando gli sprechi. Usi esattamente ci\u00f2 che serve, n\u00e9 pi\u00f9 n\u00e9 meno.  <\/p>\n<p data-start=\"560\" data-end=\"898\">Il sistema<strong> a fogli singoli<\/strong> consente un\u2019erogazione <strong>pi\u00f9 pulita e pi\u00f9 controllata<\/strong>. Ogni utente prende un foglio alla volta, migliorando l\u2019igiene e limitando gli eccessi. \u00c8 un vero vantaggio in luoghi ad alta affluenza come aziende, enti, scuole, ristoranti o servizi igienici pubblici.  <\/p>\n<p data-start=\"900\" data-end=\"1246\">Facile da integrare nei dispenser compatibili, questa <strong>carta igienica<\/strong> semplifica anche la gestione quotidiana. Le ricariche sono rapide e il formato <strong data-start=\"1056\" data-end=\"1072\">250 fogli<\/strong> offre una buona autonomia senza ingombrare gli spazi di stoccaggio. \u00c8 una soluzione affidabile per mantenere i servizi igienici puliti e ben forniti per tutta la giornata.  <\/p>\n<p data-start=\"1248\" data-end=\"1492\">Questa <strong>carta igienica<\/strong> \u00e8 perfetta per un uso professionale, restando piacevole al contatto. Risponde alle esigenze essenziali senza complicazioni e si inserisce in una logica di pulizia, praticit\u00e0 e controllo dei consumi. <\/p>\n<p data-start=\"1494\" data-end=\"1662\">In sintesi, questa <strong>carta igienica a fogli singoli<\/strong> \u00e8 un\u2019opzione efficace per chi cerca una soluzione igienica, funzionale e facile da gestire ogni giorno.<\/p>\n<p data-start=\"1494\" data-end=\"1662\">\n<\/div>\n<\/div>\n<\/div>\n<\/div>\n<p><!--more--><\/p>\n<h4>Vantaggi:<\/h4>\n<ul>\n<li data-start=\"1690\" data-end=\"1734\"><strong>Erogazione a fogli singoli<\/strong> igienica.<\/li>\n<li data-start=\"1737\" data-end=\"1768\">Formato pratico <strong>10,5 x 21 cm<\/strong>.<\/li>\n<li data-start=\"1771\" data-end=\"1794\">Riduce gli sprechi.<\/li>\n<li data-start=\"1797\" data-end=\"1836\">Adatta ai servizi igienici professionali.<\/li>\n<li data-start=\"1839\" data-end=\"1857\">Ricarica facile.<\/li>\n<li data-start=\"1860\" data-end=\"1880\">Confezione da <strong>250 fogli<\/strong>.<\/li>\n<\/ul>\n<p>&nbsp;<\/p>\n<p><!--more--><\/p>\n<h4>Altre informazioni:<\/h4>\n<ul>\n<li><strong>Confezionamento<\/strong>: Pacco da 250<\/li>\n<li><strong>Dimensioni<\/strong>: 10,5 x 21 cm<\/li>\n<li><strong>Materiale<\/strong>: Ovatta<\/li>\n<li><strong>Colore<\/strong>: Bianco<\/li>\n<\/ul>\n<p>&nbsp;<\/p>\n<p><!--more--><\/p>\n<p><a href=\"\/?product_cat=papier-hygieneniques\">Consulta il resto della nostra gamma di carta igienica<\/a><\/p>\n","protected":false},"excerpt":{"rendered":"<p>Carta igienica Descrizione della nostra carta igienica a fogli singoli 10,5 x 21 cm da 250<\/p>\n","protected":false},"featured_media":271605,"template":"","meta":{"_acf_changed":false},"product_brand":[],"product_cat":[10356,10385,10433],"product_tag":[],"class_list":{"0":"post-271600","1":"product","2":"type-product","3":"status-publish","4":"has-post-thumbnail","6":"product_cat-igiene-e-manutenzione","7":"product_cat-asciugatura","8":"product_cat-carte-igieniche","10":"first","11":"instock","12":"taxable","13":"shipping-taxable","14":"purchasable","15":"product-type-simple"},"acf":[],"yoast_head":"<!-- This site is optimized with the Yoast SEO Premium plugin v26.6 (Yoast SEO v26.6) - https:\/\/yoast.com\/wordpress\/plugins\/seo\/ -->\n<title>Carta igienica a fogli singoli - 10,5 x 21 cm<\/title>\n<meta name=\"description\" content=\"Carta igienica a fogli singoli 10,5 x 21 cm: scopri la nostra carta igienica pratica ed economica, con fogli staccabili da 10,5 x 21 cm.\" \/>\n<meta name=\"robots\" content=\"index, follow, max-snippet:-1, max-image-preview:large, max-video-preview:-1\" \/>\n<link rel=\"canonical\" href=\"https:\/\/www.csj-emballages.com\/it\/produit\/carta-igienica-a-fogli-singoli-105-x-21-cm-da-250\/\" \/>\n<meta property=\"og:locale\" content=\"it_IT\" \/>\n<meta property=\"og:type\" content=\"article\" \/>\n<meta property=\"og:title\" content=\"Carta igienica a fogli singoli 10,5 x 21 cm da 250\" \/>\n<meta property=\"og:description\" content=\"Carta igienica a fogli singoli 10,5 x 21 cm: scopri la nostra carta igienica pratica ed economica, con fogli staccabili da 10,5 x 21 cm.\" \/>\n<meta property=\"og:url\" content=\"https:\/\/www.csj-emballages.com\/it\/produit\/carta-igienica-a-fogli-singoli-105-x-21-cm-da-250\/\" \/>\n<meta property=\"og:site_name\" content=\"CSJ Emballages\" \/>\n<meta property=\"article:publisher\" content=\"https:\/\/www.facebook.com\/csjemballages\" \/>\n<meta property=\"article:modified_time\" content=\"2026-03-12T15:00:46+00:00\" \/>\n<meta property=\"og:image\" content=\"https:\/\/www.csj-emballages.com\/wp-content\/uploads\/2024\/11\/Papier-toilette.webp\" \/>\n\t<meta property=\"og:image:width\" content=\"800\" \/>\n\t<meta property=\"og:image:height\" content=\"800\" \/>\n\t<meta property=\"og:image:type\" content=\"image\/webp\" \/>\n<meta name=\"twitter:card\" content=\"summary_large_image\" \/>\n<meta name=\"twitter:label1\" content=\"Dur\u00e9e de lecture estim\u00e9e\" \/>\n\t<meta name=\"twitter:data1\" content=\"1 minuto\" \/>\n<script type=\"application\/ld+json\" class=\"yoast-schema-graph\">{\"@context\":\"https:\/\/schema.org\",\"@graph\":[{\"@type\":\"WebPage\",\"@id\":\"https:\/\/www.csj-emballages.com\/it\/produit\/carta-igienica-a-fogli-singoli-105-x-21-cm-da-250\/\",\"url\":\"https:\/\/www.csj-emballages.com\/it\/produit\/carta-igienica-a-fogli-singoli-105-x-21-cm-da-250\/\",\"name\":\"Carta igienica a fogli singoli - 10,5 x 21 cm\",\"isPartOf\":{\"@id\":\"https:\/\/www.csj-emballages.com\/it\/#website\"},\"primaryImageOfPage\":{\"@id\":\"https:\/\/www.csj-emballages.com\/it\/produit\/carta-igienica-a-fogli-singoli-105-x-21-cm-da-250\/#primaryimage\"},\"image\":{\"@id\":\"https:\/\/www.csj-emballages.com\/it\/produit\/carta-igienica-a-fogli-singoli-105-x-21-cm-da-250\/#primaryimage\"},\"thumbnailUrl\":\"https:\/\/www.csj-emballages.com\/wp-content\/uploads\/2024\/11\/Papier-toilette.webp\",\"datePublished\":\"2024-11-20T01:18:12+00:00\",\"dateModified\":\"2026-03-12T15:00:46+00:00\",\"description\":\"Carta igienica a fogli singoli 10,5 x 21 cm: scopri la nostra carta igienica pratica ed economica, con fogli staccabili da 10,5 x 21 cm.\",\"breadcrumb\":{\"@id\":\"https:\/\/www.csj-emballages.com\/it\/produit\/carta-igienica-a-fogli-singoli-105-x-21-cm-da-250\/#breadcrumb\"},\"inLanguage\":\"it-IT\",\"potentialAction\":[{\"@type\":\"ReadAction\",\"target\":[\"https:\/\/www.csj-emballages.com\/it\/produit\/carta-igienica-a-fogli-singoli-105-x-21-cm-da-250\/\"]}]},{\"@type\":\"ImageObject\",\"inLanguage\":\"it-IT\",\"@id\":\"https:\/\/www.csj-emballages.com\/it\/produit\/carta-igienica-a-fogli-singoli-105-x-21-cm-da-250\/#primaryimage\",\"url\":\"https:\/\/www.csj-emballages.com\/wp-content\/uploads\/2024\/11\/Papier-toilette.webp\",\"contentUrl\":\"https:\/\/www.csj-emballages.com\/wp-content\/uploads\/2024\/11\/Papier-toilette.webp\",\"width\":800,\"height\":800,\"caption\":\"Papier toilette\"},{\"@type\":\"BreadcrumbList\",\"@id\":\"https:\/\/www.csj-emballages.com\/it\/produit\/carta-igienica-a-fogli-singoli-105-x-21-cm-da-250\/#breadcrumb\",\"itemListElement\":[{\"@type\":\"ListItem\",\"position\":1,\"name\":\"Home\",\"item\":\"https:\/\/www.csj-emballages.com\/it\/universo-imballaggi-alimentari\/\"},{\"@type\":\"ListItem\",\"position\":2,\"name\":\"Negozio\",\"item\":\"https:\/\/www.csj-emballages.com\/it\/negozio\/\"},{\"@type\":\"ListItem\",\"position\":3,\"name\":\"Carta igienica a fogli singoli 10,5 x 21 cm da 250\"}]},{\"@type\":\"WebSite\",\"@id\":\"https:\/\/www.csj-emballages.com\/it\/#website\",\"url\":\"https:\/\/www.csj-emballages.com\/it\/\",\"name\":\"CSJ Emballages\",\"description\":\"\",\"publisher\":{\"@id\":\"https:\/\/www.csj-emballages.com\/it\/#organization\"},\"potentialAction\":[{\"@type\":\"SearchAction\",\"target\":{\"@type\":\"EntryPoint\",\"urlTemplate\":\"https:\/\/www.csj-emballages.com\/it\/?s={search_term_string}\"},\"query-input\":{\"@type\":\"PropertyValueSpecification\",\"valueRequired\":true,\"valueName\":\"search_term_string\"}}],\"inLanguage\":\"it-IT\"},{\"@type\":\"Organization\",\"@id\":\"https:\/\/www.csj-emballages.com\/it\/#Organization\/\",\"name\":\"CSJ Emballages\",\"url\":\"https:\/\/www.csj-emballages.com\/it\/\",\"logo\":{\"@type\":\"ImageObject\",\"inLanguage\":\"it-IT\",\"@id\":\"https:\/\/www.csj-emballages.com\/it\/#\/schema\/logo\/image\/\",\"url\":\"https:\/\/www.csj-emballages.com\/wp-content\/uploads\/2023\/10\/logo_csj.webp\",\"contentUrl\":\"https:\/\/www.csj-emballages.com\/wp-content\/uploads\/2023\/10\/logo_csj.webp\",\"width\":250,\"height\":95,\"caption\":\"CSJ Emballages\"},\"image\":{\"@id\":\"https:\/\/www.csj-emballages.com\/it\/#\/schema\/logo\/image\/\"},\"sameAs\":[\"https:\/\/www.facebook.com\/csjemballages\"],\"address\":{\"@type\":\"PostalAddress\",\"streetAddress\":\"ZI La Lechere\",\"addressLocality\":\"Patornay\",\"postalCode\":\"39130\",\"addressCountry\":\"FR\"},\"contactPoint\":[{\"@type\":\"ContactPoint\",\"contactType\":\"Service client\",\"telephone\":\"0384254272\",\"email\":\"contact@csj-emballages.com\"}]}]}<\/script>\n<!-- \/ Yoast SEO Premium plugin. -->","yoast_head_json":{"title":"Carta igienica a fogli singoli - 10,5 x 21 cm","description":"Carta igienica a fogli singoli 10,5 x 21 cm: scopri la nostra carta igienica pratica ed economica, con fogli staccabili da 10,5 x 21 cm.","robots":{"index":"index","follow":"follow","max-snippet":"max-snippet:-1","max-image-preview":"max-image-preview:large","max-video-preview":"max-video-preview:-1"},"canonical":"https:\/\/www.csj-emballages.com\/it\/produit\/carta-igienica-a-fogli-singoli-105-x-21-cm-da-250\/","og_locale":"it_IT","og_type":"article","og_title":"Carta igienica a fogli singoli 10,5 x 21 cm da 250","og_description":"Carta igienica a fogli singoli 10,5 x 21 cm: scopri la nostra carta igienica pratica ed economica, con fogli staccabili da 10,5 x 21 cm.","og_url":"https:\/\/www.csj-emballages.com\/it\/produit\/carta-igienica-a-fogli-singoli-105-x-21-cm-da-250\/","og_site_name":"CSJ Emballages","article_publisher":"https:\/\/www.facebook.com\/csjemballages","article_modified_time":"2026-03-12T15:00:46+00:00","og_image":[{"width":800,"height":800,"url":"https:\/\/www.csj-emballages.com\/wp-content\/uploads\/2024\/11\/Papier-toilette.webp","type":"image\/webp"}],"twitter_card":"summary_large_image","twitter_misc":{"Dur\u00e9e de lecture estim\u00e9e":"1 minuto"},"schema":{"@context":"https:\/\/schema.org","@graph":[{"@type":"WebPage","@id":"https:\/\/www.csj-emballages.com\/it\/produit\/carta-igienica-a-fogli-singoli-105-x-21-cm-da-250\/","url":"https:\/\/www.csj-emballages.com\/it\/produit\/carta-igienica-a-fogli-singoli-105-x-21-cm-da-250\/","name":"Carta igienica a fogli singoli - 10,5 x 21 cm","isPartOf":{"@id":"https:\/\/www.csj-emballages.com\/it\/#website"},"primaryImageOfPage":{"@id":"https:\/\/www.csj-emballages.com\/it\/produit\/carta-igienica-a-fogli-singoli-105-x-21-cm-da-250\/#primaryimage"},"image":{"@id":"https:\/\/www.csj-emballages.com\/it\/produit\/carta-igienica-a-fogli-singoli-105-x-21-cm-da-250\/#primaryimage"},"thumbnailUrl":"https:\/\/www.csj-emballages.com\/wp-content\/uploads\/2024\/11\/Papier-toilette.webp","datePublished":"2024-11-20T01:18:12+00:00","dateModified":"2026-03-12T15:00:46+00:00","description":"Carta igienica a fogli singoli 10,5 x 21 cm: scopri la nostra carta igienica pratica ed economica, con fogli staccabili da 10,5 x 21 cm.","breadcrumb":{"@id":"https:\/\/www.csj-emballages.com\/it\/produit\/carta-igienica-a-fogli-singoli-105-x-21-cm-da-250\/#breadcrumb"},"inLanguage":"it-IT","potentialAction":[{"@type":"ReadAction","target":["https:\/\/www.csj-emballages.com\/it\/produit\/carta-igienica-a-fogli-singoli-105-x-21-cm-da-250\/"]}]},{"@type":"ImageObject","inLanguage":"it-IT","@id":"https:\/\/www.csj-emballages.com\/it\/produit\/carta-igienica-a-fogli-singoli-105-x-21-cm-da-250\/#primaryimage","url":"https:\/\/www.csj-emballages.com\/wp-content\/uploads\/2024\/11\/Papier-toilette.webp","contentUrl":"https:\/\/www.csj-emballages.com\/wp-content\/uploads\/2024\/11\/Papier-toilette.webp","width":800,"height":800,"caption":"Papier toilette"},{"@type":"BreadcrumbList","@id":"https:\/\/www.csj-emballages.com\/it\/produit\/carta-igienica-a-fogli-singoli-105-x-21-cm-da-250\/#breadcrumb","itemListElement":[{"@type":"ListItem","position":1,"name":"Home","item":"https:\/\/www.csj-emballages.com\/it\/universo-imballaggi-alimentari\/"},{"@type":"ListItem","position":2,"name":"Negozio","item":"https:\/\/www.csj-emballages.com\/it\/negozio\/"},{"@type":"ListItem","position":3,"name":"Carta igienica a fogli singoli 10,5 x 21 cm da 250"}]},{"@type":"WebSite","@id":"https:\/\/www.csj-emballages.com\/it\/#website","url":"https:\/\/www.csj-emballages.com\/it\/","name":"CSJ Emballages","description":"","publisher":{"@id":"https:\/\/www.csj-emballages.com\/it\/#organization"},"potentialAction":[{"@type":"SearchAction","target":{"@type":"EntryPoint","urlTemplate":"https:\/\/www.csj-emballages.com\/it\/?s={search_term_string}"},"query-input":{"@type":"PropertyValueSpecification","valueRequired":true,"valueName":"search_term_string"}}],"inLanguage":"it-IT"},{"@type":"Organization","@id":"https:\/\/www.csj-emballages.com\/it\/#Organization\/","name":"CSJ Emballages","url":"https:\/\/www.csj-emballages.com\/it\/","logo":{"@type":"ImageObject","inLanguage":"it-IT","@id":"https:\/\/www.csj-emballages.com\/it\/#\/schema\/logo\/image\/","url":"https:\/\/www.csj-emballages.com\/wp-content\/uploads\/2023\/10\/logo_csj.webp","contentUrl":"https:\/\/www.csj-emballages.com\/wp-content\/uploads\/2023\/10\/logo_csj.webp","width":250,"height":95,"caption":"CSJ Emballages"},"image":{"@id":"https:\/\/www.csj-emballages.com\/it\/#\/schema\/logo\/image\/"},"sameAs":["https:\/\/www.facebook.com\/csjemballages"],"address":{"@type":"PostalAddress","streetAddress":"ZI La Lechere","addressLocality":"Patornay","postalCode":"39130","addressCountry":"FR"},"contactPoint":[{"@type":"ContactPoint","contactType":"Service client","telephone":"0384254272","email":"contact@csj-emballages.com"}]}]}},"df_price":0.86,"df_sale_price":"","df_regular_price":0.86,"df_image_link":"https:\/\/www.csj-emballages.com\/wp-content\/uploads\/2024\/11\/Papier-toilette-300x300.webp","tiered_pricing_type":"fixed","tiered_pricing_fixed_rules":[],"tiered_pricing_percentage_rules":[],"tiered_pricing_minimum":1,"tiered_pricing_roles_data":[],"_links":{"self":[{"href":"https:\/\/www.csj-emballages.com\/it\/wp-json\/wp\/v2\/product\/271600","targetHints":{"allow":["GET"]}}],"collection":[{"href":"https:\/\/www.csj-emballages.com\/it\/wp-json\/wp\/v2\/product"}],"about":[{"href":"https:\/\/www.csj-emballages.com\/it\/wp-json\/wp\/v2\/types\/product"}],"wp:featuredmedia":[{"embeddable":true,"href":"https:\/\/www.csj-emballages.com\/it\/wp-json\/wp\/v2\/media\/271605"}],"wp:attachment":[{"href":"https:\/\/www.csj-emballages.com\/it\/wp-json\/wp\/v2\/media?parent=271600"}],"wp:term":[{"taxonomy":"product_brand","embeddable":true,"href":"https:\/\/www.csj-emballages.com\/it\/wp-json\/wp\/v2\/product_brand?post=271600"},{"taxonomy":"product_cat","embeddable":true,"href":"https:\/\/www.csj-emballages.com\/it\/wp-json\/wp\/v2\/product_cat?post=271600"},{"taxonomy":"product_tag","embeddable":true,"href":"https:\/\/www.csj-emballages.com\/it\/wp-json\/wp\/v2\/product_tag?post=271600"}],"curies":[{"name":"wp","href":"https:\/\/api.w.org\/{rel}","templated":true}]}}