{"id":271592,"date":"2025-01-08T15:39:29","date_gmt":"2025-01-08T14:39:29","guid":{"rendered":"https:\/\/www.csj-emballages.com\/produit\/base-per-dolci-rettangolare-piegata-oro-nero-45-x-13-cm-confezione-da-200\/"},"modified":"2026-04-15T02:13:55","modified_gmt":"2026-04-15T00:13:55","slug":"base-per-dolci-rettangolare-piegata-oro-nero-45-x-13-cm-confezione-da-200","status":"publish","type":"product","link":"https:\/\/www.csj-emballages.com\/it\/produit\/base-per-dolci-rettangolare-piegata-oro-nero-45-x-13-cm-confezione-da-200\/","title":{"rendered":"Base per dolci rettangolare piegata oro\/nero 4,5 x 13 cm confezione da 200"},"content":{"rendered":"<div style=\"font-family: Roboto, sans-serif;\">\n<div style=\"font-family: Roboto, sans-serif;\">\n<div style=\"font-family: Roboto, sans-serif;\">\n<div style=\"font-family: Roboto, sans-serif;\">\n<div style=\"font-family: Roboto, sans-serif;\">\n<div style=\"font-family: Roboto, sans-serif;\">\n<div style=\"font-family: Roboto, sans-serif;\">\n<div style=\"font-family: Roboto, sans-serif;\">\n<div style=\"font-family: Roboto, sans-serif;\">\n<div style=\"font-family: Roboto, sans-serif;\">\n<div style=\"font-family: Roboto, sans-serif;\">\n<div style=\"font-family: Roboto, sans-serif;\">\n<div style=\"font-family: Roboto, sans-serif;\">\n<div class=\"flex flex-grow flex-col max-w-full\">\n<div class=\"min-h-[20px] text-message flex flex-col items-start whitespace-pre-wrap break-words [.text-message+&amp;]:mt-5 juice:w-full juice:items-end overflow-x-auto gap-2\" dir=\"auto\" data-message-author-role=\"assistant\" data-message-id=\"2034782e-88f9-44ef-b4dc-07dd7bf0115f\">\n<div class=\"flex w-full flex-col gap-1 juice:empty:hidden juice:first:pt-[3px]\">\n<div class=\"markdown prose w-full break-words dark:prose-invert light\">\n<div style=\"font-family: Roboto, sans-serif;\">\n<div style=\"font-family: Roboto, sans-serif;\">\n<div style=\"font-family: Roboto, sans-serif;\">\n<div style=\"font-family: Roboto, sans-serif;\">\n<div style=\"font-family: Roboto, sans-serif;\">\n<div style=\"font-family: Roboto, sans-serif;\">\n<h2>Base per dolci<\/h2>\n<div style=\"font-family: Roboto, sans-serif;\">\n<div style=\"font-family: Roboto, sans-serif;\">\n<div style=\"font-family: Roboto, sans-serif;\">\n<div style=\"text-align: center;\">\n<div style=\"font-family: Roboto, sans-serif;\">\n<div style=\"font-family: Roboto, sans-serif;\">\n<div style=\"font-family: Roboto, sans-serif;\">\n<div style=\"font-family: Roboto, sans-serif;\">\n<div style=\"font-family: Roboto, sans-serif;\">\n<div style=\"font-family: Roboto, sans-serif; text-align: left;\">\n<hr>\n<h3 style=\"text-align: left;\">Descrizione della nostra base per dolci rettangolare piegata oro\/nero 4,5 x 13 cm confezione da 200<!--more--><\/h3>\n<\/div>\n<\/div>\n<\/div>\n<\/div>\n<\/div>\n<\/div>\n<\/div>\n<\/div>\n<\/div>\n<\/div>\n<\/div>\n<\/div>\n<\/div>\n<\/div>\n<\/div>\n<\/div>\n<\/div>\n<\/div>\n<\/div>\n<\/div>\n<\/div>\n<\/div>\n<\/div>\n<\/div>\n<\/div>\n<\/div>\n<\/div>\n<\/div>\n<\/div>\n<\/div>\n<\/div>\n<\/div>\n<\/div>\n<p>La <strong>base per dolci<\/strong> <strong>rettangolare piegata oro\/nero 4,5 x 13 cm<\/strong> \u00e8 un supporto ideale per valorizzare le tue creazioni di pasticceria. Progettata per rispondere alle esigenze dei professionisti, questa <strong>base per dolci<\/strong> unisce praticit\u00e0 ed estetica. Il suo formato <strong>rettangolare<\/strong> e le sue dimensioni compatte la rendono perfetta per una presentazione elegante dei tuoi piccoli dolci, crostate o altri dessert monoporzione.  <\/p>\n<p>Con il suo doppio rivestimento <strong>oro<\/strong> e <strong>nero<\/strong>, questa <strong>base per dolci<\/strong> aggiunge un tocco raffinato alla tua presentazione. Il lato dorato dona una brillantezza che attira l&#8217;occhio e valorizza le tue creazioni. Quanto al lato nero, offre un&#8217;alternativa chic e sobria. Questa scelta permette di variare le presentazioni e di adattarsi a ogni tema o evento.   <\/p>\n<p>Realizzato in materiali robusti, questo <strong>supporto per dolci<\/strong> garantisce un&#8217;eccellente tenuta. Resistente all&#8217;umidit\u00e0 e ai grassi, questa <strong>base per dolci<\/strong> preserva il suo aspetto curato anche a contatto con prodotti cremosi o pasticceria leggermente umida. Puoi quindi essere sicuro che i tuoi dessert rimangano presentati in modo impeccabile fino alla degustazione.  <\/p>\n<p>Pratica e versatile, questa <strong>base per dolci<\/strong> <strong>rettangolare piegata<\/strong> \u00e8 ideale per un trasporto sicuro. La sua piega speciale offre una stabilit\u00e0 maggiore, mantenendo i dessert ben fermi. Che sia per esposizioni in vetrina, consegne o buffet, risponde perfettamente alle esigenze dei professionisti e degli amatori pi\u00f9 esigenti.  <\/p>\n<p>&nbsp;<\/p>\n<p><!--more--><\/p>\n<h4>Perch\u00e9 usare la nostra base per <strong>dolci<\/strong>?<\/h4>\n<p>Le dimensioni di <strong>4,5 x 13 cm<\/strong> sono perfette per porzioni individuali. Questo formato compatto ti permette di disporre pi\u00f9 dessert su un tavolo o un espositore, senza ingombro. In confezione da <strong>200<\/strong>, questa <strong>base per dolci<\/strong> ti assicura una scorta pratica ed economica, ideale per pasticceri, catering o organizzatori di eventi.  <\/p>\n<p>La <strong>base<\/strong> <strong>oro\/nero<\/strong> non \u00e8 solo un semplice accessorio, \u00e8 un vero punto di forza per la presentazione. Esalta l&#8217;aspetto dei tuoi dessert e testimonia la tua attenzione ai dettagli. Questo <strong>supporto per dolci<\/strong> \u00e8 progettato per essere funzionale, pur rimanendo elegante. Cos\u00ec, unisci praticit\u00e0 ed estetica senza compromessi.   <\/p>\n<p>&nbsp;<\/p>\n<p><!--more--><\/p>\n<div style=\"font-family: Roboto, sans-serif;\">\n<div style=\"font-family: Roboto, sans-serif;\">\n<div style=\"font-family: Roboto, sans-serif;\">\n<div style=\"font-family: Roboto, sans-serif;\">\n<div style=\"font-family: Roboto, sans-serif;\">\n<div style=\"font-family: Roboto, sans-serif;\">\n<div style=\"font-family: Roboto, sans-serif;\">\n<div style=\"font-family: Roboto, sans-serif;\">\n<div style=\"font-family: Roboto, sans-serif;\">\n<div style=\"font-family: Roboto, sans-serif;\">\n<div style=\"font-family: Roboto, sans-serif;\">\n<div style=\"font-family: Roboto, sans-serif;\">\n<div style=\"font-family: Roboto, sans-serif;\">\n<div class=\"flex flex-grow flex-col max-w-full\">\n<div class=\"min-h-[20px] text-message flex flex-col items-start whitespace-pre-wrap break-words [.text-message+&amp;]:mt-5 juice:w-full juice:items-end overflow-x-auto gap-2\" dir=\"auto\" data-message-author-role=\"assistant\" data-message-id=\"2034782e-88f9-44ef-b4dc-07dd7bf0115f\">\n<div class=\"flex w-full flex-col gap-1 juice:empty:hidden juice:first:pt-[3px]\">\n<div class=\"markdown prose w-full break-words dark:prose-invert light\">\n<div style=\"font-family: Roboto, sans-serif;\">\n<div style=\"font-family: Roboto, sans-serif;\">\n<div style=\"font-family: Roboto, sans-serif;\">\n<div style=\"font-family: Roboto, sans-serif;\">\n<div style=\"font-family: Roboto, sans-serif;\">\n<div style=\"font-family: Roboto, sans-serif;\">\n<p>Oltre alle sue qualit\u00e0 visive, questa <strong>base<\/strong> si distingue per la sua facilit\u00e0 d&#8217;uso. Leggera e resistente, si maneggia facilmente, sia per una preparazione in cucina che per servire in sala. Il suo design semplice ma raffinato si integra perfettamente in tutti gli ambienti, dai pi\u00f9 classici ai pi\u00f9 moderni.  <\/p>\n<p>Scegliere questa <strong>base per dolci<\/strong> <strong>rettangolare piegata<\/strong> significa optare per un supporto affidabile e di qualit\u00e0 professionale. Che tu sia un pasticcere alla ricerca di accessori eleganti o un amatore attento a presentare bene le tue creazioni, questo prodotto soddisfer\u00e0 le tue aspettative <\/p>\n<p>&nbsp;<\/p>\n<p><!--more--><\/p>\n<h4 style=\"text-align: left;\"><strong>I vantaggi della nostra base per dolci<\/strong><strong>:<\/strong><\/h4>\n<ul style=\"text-align: left;\">\n<li><strong>Estetica elegante<\/strong>: Il suo rivestimento bifacciale <strong>oro<\/strong> e <strong>nero<\/strong> offre un look sofisticato, perfetto per valorizzare ogni dessert.<\/li>\n<li><strong>Praticit\u00e0<\/strong>: Con le sue dimensioni compatte, questa <strong>base per dolci<\/strong> \u00e8 ideale per porzioni individuali, facilitando la presentazione in vetrina o sul tavolo.<\/li>\n<li><strong>Trasporto sicuro<\/strong>: La piega specifica della <strong>base per dolci<\/strong> offre un&#8217;eccellente stabilit\u00e0, mantenendo i dessert ben fermi durante gli spostamenti.<\/li>\n<li><strong>Economia<\/strong>: Venduta in confezione da <strong>200<\/strong>, questa <strong>base<\/strong> rappresenta un eccellente rapporto qualit\u00e0-prezzo, soprattutto per i professionisti con un&#8217;esigenza ricorrente.<\/li>\n<\/ul>\n<\/div>\n<\/div>\n<\/div>\n<\/div>\n<\/div>\n<\/div>\n<\/div>\n<\/div>\n<\/div>\n<\/div>\n<\/div>\n<\/div>\n<p>&nbsp;<\/p>\n<\/div>\n<\/div>\n<\/div>\n<\/div>\n<\/div>\n<\/div>\n<\/div>\n<\/div>\n<\/div>\n<\/div>\n<\/div>\n<p><!--more--><\/p>\n<h4>Altre informazioni:<\/h4>\n<ul style=\"font-family: Roboto, sans-serif;\">\n<li><strong>Confezione<\/strong>: Lotto da 200<\/li>\n<li><span style=\"font-weight: bold;\">Dimensioni<\/span>: 4,5 x 13 cm<\/li>\n<li><strong>Materiale<\/strong>: Cartoncino<\/li>\n<li><strong>Altezza dei bordi ripiegati<\/strong>: 15 mm<\/li>\n<\/ul>\n<p>&nbsp;<\/p>\n<p style=\"text-align: left;\"><!--more--><\/p>\n<p><a href=\"\/?product_cat=semelles-fonds-pliees\">Consulta il resto della nostra gamma di basi per dolci<\/a><\/p>\n","protected":false},"excerpt":{"rendered":"<p>Base per dolci Descrizione della nostra base per dolci rettangolare piegata oro\/nero 4,5 x 13 cm confezione da 200<\/p>\n","protected":false},"featured_media":271593,"template":"","meta":{"_acf_changed":false},"product_brand":[],"product_cat":[10346,10344,10397,10680],"product_tag":[],"class_list":{"0":"post-271592","1":"product","2":"type-product","3":"status-publish","4":"has-post-thumbnail","6":"product_cat-imballaggi-alimentari","7":"product_cat-panetteria-pasticceria","8":"product_cat-supporti-basi-per-torte","9":"product_cat-sottotorta-fondo-piegato","11":"first","12":"instock","13":"taxable","14":"shipping-taxable","15":"purchasable","16":"product-type-simple"},"acf":[],"yoast_head":"<!-- This site is optimized with the Yoast SEO Premium plugin v26.6 (Yoast SEO v26.6) - https:\/\/yoast.com\/wordpress\/plugins\/seo\/ -->\n<title>Base per Dolci Rettangolare Piegata Oro\/Nero - 4,5 x 13 cm<\/title>\n<meta name=\"description\" content=\"Scopri la base per dolci rettangolare piegata oro\/nero 4,5 x 13 cm. Resistente e pratica, valorizza le tue creazioni aggiungendo un tocco raffinato\" \/>\n<meta name=\"robots\" content=\"index, follow, max-snippet:-1, max-image-preview:large, max-video-preview:-1\" \/>\n<link rel=\"canonical\" href=\"https:\/\/www.csj-emballages.com\/it\/produit\/base-per-dolci-rettangolare-piegata-oro-nero-45-x-13-cm-confezione-da-200\/\" \/>\n<meta property=\"og:locale\" content=\"it_IT\" \/>\n<meta property=\"og:type\" content=\"article\" \/>\n<meta property=\"og:title\" content=\"Base per dolci rettangolare piegata oro\/nero 4,5 x 13 cm confezione da 200\" \/>\n<meta property=\"og:description\" content=\"Scopri la base per dolci rettangolare piegata oro\/nero 4,5 x 13 cm. Resistente e pratica, valorizza le tue creazioni aggiungendo un tocco raffinato\" \/>\n<meta property=\"og:url\" content=\"https:\/\/www.csj-emballages.com\/it\/produit\/base-per-dolci-rettangolare-piegata-oro-nero-45-x-13-cm-confezione-da-200\/\" \/>\n<meta property=\"og:site_name\" content=\"CSJ Emballages\" \/>\n<meta property=\"article:publisher\" content=\"https:\/\/www.facebook.com\/csjemballages\" \/>\n<meta property=\"article:modified_time\" content=\"2026-04-15T00:13:55+00:00\" \/>\n<meta property=\"og:image\" content=\"https:\/\/www.csj-emballages.com\/wp-content\/uploads\/2025\/01\/Semelle-pliee-or.webp\" \/>\n\t<meta property=\"og:image:width\" content=\"800\" \/>\n\t<meta property=\"og:image:height\" content=\"800\" \/>\n\t<meta property=\"og:image:type\" content=\"image\/webp\" \/>\n<meta name=\"twitter:card\" content=\"summary_large_image\" \/>\n<meta name=\"twitter:label1\" content=\"Dur\u00e9e de lecture estim\u00e9e\" \/>\n\t<meta name=\"twitter:data1\" content=\"3 minuti\" \/>\n<script type=\"application\/ld+json\" class=\"yoast-schema-graph\">{\"@context\":\"https:\/\/schema.org\",\"@graph\":[{\"@type\":\"WebPage\",\"@id\":\"https:\/\/www.csj-emballages.com\/it\/produit\/base-per-dolci-rettangolare-piegata-oro-nero-45-x-13-cm-confezione-da-200\/\",\"url\":\"https:\/\/www.csj-emballages.com\/it\/produit\/base-per-dolci-rettangolare-piegata-oro-nero-45-x-13-cm-confezione-da-200\/\",\"name\":\"Base per Dolci Rettangolare Piegata Oro\/Nero - 4,5 x 13 cm\",\"isPartOf\":{\"@id\":\"https:\/\/www.csj-emballages.com\/it\/#website\"},\"primaryImageOfPage\":{\"@id\":\"https:\/\/www.csj-emballages.com\/it\/produit\/base-per-dolci-rettangolare-piegata-oro-nero-45-x-13-cm-confezione-da-200\/#primaryimage\"},\"image\":{\"@id\":\"https:\/\/www.csj-emballages.com\/it\/produit\/base-per-dolci-rettangolare-piegata-oro-nero-45-x-13-cm-confezione-da-200\/#primaryimage\"},\"thumbnailUrl\":\"https:\/\/www.csj-emballages.com\/wp-content\/uploads\/2025\/01\/Semelle-pliee-or.webp\",\"datePublished\":\"2025-01-08T14:39:29+00:00\",\"dateModified\":\"2026-04-15T00:13:55+00:00\",\"description\":\"Scopri la base per dolci rettangolare piegata oro\/nero 4,5 x 13 cm. Resistente e pratica, valorizza le tue creazioni aggiungendo un tocco raffinato\",\"breadcrumb\":{\"@id\":\"https:\/\/www.csj-emballages.com\/it\/produit\/base-per-dolci-rettangolare-piegata-oro-nero-45-x-13-cm-confezione-da-200\/#breadcrumb\"},\"inLanguage\":\"it-IT\",\"potentialAction\":[{\"@type\":\"ReadAction\",\"target\":[\"https:\/\/www.csj-emballages.com\/it\/produit\/base-per-dolci-rettangolare-piegata-oro-nero-45-x-13-cm-confezione-da-200\/\"]}]},{\"@type\":\"ImageObject\",\"inLanguage\":\"it-IT\",\"@id\":\"https:\/\/www.csj-emballages.com\/it\/produit\/base-per-dolci-rettangolare-piegata-oro-nero-45-x-13-cm-confezione-da-200\/#primaryimage\",\"url\":\"https:\/\/www.csj-emballages.com\/wp-content\/uploads\/2025\/01\/Semelle-pliee-or.webp\",\"contentUrl\":\"https:\/\/www.csj-emballages.com\/wp-content\/uploads\/2025\/01\/Semelle-pliee-or.webp\",\"width\":800,\"height\":800,\"caption\":\"Semelle gateau\"},{\"@type\":\"BreadcrumbList\",\"@id\":\"https:\/\/www.csj-emballages.com\/it\/produit\/base-per-dolci-rettangolare-piegata-oro-nero-45-x-13-cm-confezione-da-200\/#breadcrumb\",\"itemListElement\":[{\"@type\":\"ListItem\",\"position\":1,\"name\":\"Home\",\"item\":\"https:\/\/www.csj-emballages.com\/it\/universo-imballaggi-alimentari\/\"},{\"@type\":\"ListItem\",\"position\":2,\"name\":\"Negozio\",\"item\":\"https:\/\/www.csj-emballages.com\/it\/negozio\/\"},{\"@type\":\"ListItem\",\"position\":3,\"name\":\"Base per dolci rettangolare piegata oro\/nero 4,5 x 13 cm confezione da 200\"}]},{\"@type\":\"WebSite\",\"@id\":\"https:\/\/www.csj-emballages.com\/it\/#website\",\"url\":\"https:\/\/www.csj-emballages.com\/it\/\",\"name\":\"CSJ Emballages\",\"description\":\"\",\"publisher\":{\"@id\":\"https:\/\/www.csj-emballages.com\/it\/#organization\"},\"potentialAction\":[{\"@type\":\"SearchAction\",\"target\":{\"@type\":\"EntryPoint\",\"urlTemplate\":\"https:\/\/www.csj-emballages.com\/it\/?s={search_term_string}\"},\"query-input\":{\"@type\":\"PropertyValueSpecification\",\"valueRequired\":true,\"valueName\":\"search_term_string\"}}],\"inLanguage\":\"it-IT\"},{\"@type\":\"Organization\",\"@id\":\"https:\/\/www.csj-emballages.com\/it\/#Organization\/\",\"name\":\"CSJ Emballages\",\"url\":\"https:\/\/www.csj-emballages.com\/it\/\",\"logo\":{\"@type\":\"ImageObject\",\"inLanguage\":\"it-IT\",\"@id\":\"https:\/\/www.csj-emballages.com\/it\/#\/schema\/logo\/image\/\",\"url\":\"https:\/\/www.csj-emballages.com\/wp-content\/uploads\/2023\/10\/logo_csj.webp\",\"contentUrl\":\"https:\/\/www.csj-emballages.com\/wp-content\/uploads\/2023\/10\/logo_csj.webp\",\"width\":250,\"height\":95,\"caption\":\"CSJ Emballages\"},\"image\":{\"@id\":\"https:\/\/www.csj-emballages.com\/it\/#\/schema\/logo\/image\/\"},\"sameAs\":[\"https:\/\/www.facebook.com\/csjemballages\"],\"address\":{\"@type\":\"PostalAddress\",\"streetAddress\":\"ZI La Lechere\",\"addressLocality\":\"Patornay\",\"postalCode\":\"39130\",\"addressCountry\":\"FR\"},\"contactPoint\":[{\"@type\":\"ContactPoint\",\"contactType\":\"Service client\",\"telephone\":\"0384254272\",\"email\":\"contact@csj-emballages.com\"}]}]}<\/script>\n<!-- \/ Yoast SEO Premium plugin. -->","yoast_head_json":{"title":"Base per Dolci Rettangolare Piegata Oro\/Nero - 4,5 x 13 cm","description":"Scopri la base per dolci rettangolare piegata oro\/nero 4,5 x 13 cm. Resistente e pratica, valorizza le tue creazioni aggiungendo un tocco raffinato","robots":{"index":"index","follow":"follow","max-snippet":"max-snippet:-1","max-image-preview":"max-image-preview:large","max-video-preview":"max-video-preview:-1"},"canonical":"https:\/\/www.csj-emballages.com\/it\/produit\/base-per-dolci-rettangolare-piegata-oro-nero-45-x-13-cm-confezione-da-200\/","og_locale":"it_IT","og_type":"article","og_title":"Base per dolci rettangolare piegata oro\/nero 4,5 x 13 cm confezione da 200","og_description":"Scopri la base per dolci rettangolare piegata oro\/nero 4,5 x 13 cm. Resistente e pratica, valorizza le tue creazioni aggiungendo un tocco raffinato","og_url":"https:\/\/www.csj-emballages.com\/it\/produit\/base-per-dolci-rettangolare-piegata-oro-nero-45-x-13-cm-confezione-da-200\/","og_site_name":"CSJ Emballages","article_publisher":"https:\/\/www.facebook.com\/csjemballages","article_modified_time":"2026-04-15T00:13:55+00:00","og_image":[{"width":800,"height":800,"url":"https:\/\/www.csj-emballages.com\/wp-content\/uploads\/2025\/01\/Semelle-pliee-or.webp","type":"image\/webp"}],"twitter_card":"summary_large_image","twitter_misc":{"Dur\u00e9e de lecture estim\u00e9e":"3 minuti"},"schema":{"@context":"https:\/\/schema.org","@graph":[{"@type":"WebPage","@id":"https:\/\/www.csj-emballages.com\/it\/produit\/base-per-dolci-rettangolare-piegata-oro-nero-45-x-13-cm-confezione-da-200\/","url":"https:\/\/www.csj-emballages.com\/it\/produit\/base-per-dolci-rettangolare-piegata-oro-nero-45-x-13-cm-confezione-da-200\/","name":"Base per Dolci Rettangolare Piegata Oro\/Nero - 4,5 x 13 cm","isPartOf":{"@id":"https:\/\/www.csj-emballages.com\/it\/#website"},"primaryImageOfPage":{"@id":"https:\/\/www.csj-emballages.com\/it\/produit\/base-per-dolci-rettangolare-piegata-oro-nero-45-x-13-cm-confezione-da-200\/#primaryimage"},"image":{"@id":"https:\/\/www.csj-emballages.com\/it\/produit\/base-per-dolci-rettangolare-piegata-oro-nero-45-x-13-cm-confezione-da-200\/#primaryimage"},"thumbnailUrl":"https:\/\/www.csj-emballages.com\/wp-content\/uploads\/2025\/01\/Semelle-pliee-or.webp","datePublished":"2025-01-08T14:39:29+00:00","dateModified":"2026-04-15T00:13:55+00:00","description":"Scopri la base per dolci rettangolare piegata oro\/nero 4,5 x 13 cm. Resistente e pratica, valorizza le tue creazioni aggiungendo un tocco raffinato","breadcrumb":{"@id":"https:\/\/www.csj-emballages.com\/it\/produit\/base-per-dolci-rettangolare-piegata-oro-nero-45-x-13-cm-confezione-da-200\/#breadcrumb"},"inLanguage":"it-IT","potentialAction":[{"@type":"ReadAction","target":["https:\/\/www.csj-emballages.com\/it\/produit\/base-per-dolci-rettangolare-piegata-oro-nero-45-x-13-cm-confezione-da-200\/"]}]},{"@type":"ImageObject","inLanguage":"it-IT","@id":"https:\/\/www.csj-emballages.com\/it\/produit\/base-per-dolci-rettangolare-piegata-oro-nero-45-x-13-cm-confezione-da-200\/#primaryimage","url":"https:\/\/www.csj-emballages.com\/wp-content\/uploads\/2025\/01\/Semelle-pliee-or.webp","contentUrl":"https:\/\/www.csj-emballages.com\/wp-content\/uploads\/2025\/01\/Semelle-pliee-or.webp","width":800,"height":800,"caption":"Semelle gateau"},{"@type":"BreadcrumbList","@id":"https:\/\/www.csj-emballages.com\/it\/produit\/base-per-dolci-rettangolare-piegata-oro-nero-45-x-13-cm-confezione-da-200\/#breadcrumb","itemListElement":[{"@type":"ListItem","position":1,"name":"Home","item":"https:\/\/www.csj-emballages.com\/it\/universo-imballaggi-alimentari\/"},{"@type":"ListItem","position":2,"name":"Negozio","item":"https:\/\/www.csj-emballages.com\/it\/negozio\/"},{"@type":"ListItem","position":3,"name":"Base per dolci rettangolare piegata oro\/nero 4,5 x 13 cm confezione da 200"}]},{"@type":"WebSite","@id":"https:\/\/www.csj-emballages.com\/it\/#website","url":"https:\/\/www.csj-emballages.com\/it\/","name":"CSJ Emballages","description":"","publisher":{"@id":"https:\/\/www.csj-emballages.com\/it\/#organization"},"potentialAction":[{"@type":"SearchAction","target":{"@type":"EntryPoint","urlTemplate":"https:\/\/www.csj-emballages.com\/it\/?s={search_term_string}"},"query-input":{"@type":"PropertyValueSpecification","valueRequired":true,"valueName":"search_term_string"}}],"inLanguage":"it-IT"},{"@type":"Organization","@id":"https:\/\/www.csj-emballages.com\/it\/#Organization\/","name":"CSJ Emballages","url":"https:\/\/www.csj-emballages.com\/it\/","logo":{"@type":"ImageObject","inLanguage":"it-IT","@id":"https:\/\/www.csj-emballages.com\/it\/#\/schema\/logo\/image\/","url":"https:\/\/www.csj-emballages.com\/wp-content\/uploads\/2023\/10\/logo_csj.webp","contentUrl":"https:\/\/www.csj-emballages.com\/wp-content\/uploads\/2023\/10\/logo_csj.webp","width":250,"height":95,"caption":"CSJ Emballages"},"image":{"@id":"https:\/\/www.csj-emballages.com\/it\/#\/schema\/logo\/image\/"},"sameAs":["https:\/\/www.facebook.com\/csjemballages"],"address":{"@type":"PostalAddress","streetAddress":"ZI La Lechere","addressLocality":"Patornay","postalCode":"39130","addressCountry":"FR"},"contactPoint":[{"@type":"ContactPoint","contactType":"Service client","telephone":"0384254272","email":"contact@csj-emballages.com"}]}]}},"df_price":8.23,"df_sale_price":"","df_regular_price":8.23,"df_image_link":"https:\/\/www.csj-emballages.com\/wp-content\/uploads\/2025\/01\/Semelle-pliee-or-300x300.webp","tiered_pricing_type":"fixed","tiered_pricing_fixed_rules":[],"tiered_pricing_percentage_rules":[],"tiered_pricing_minimum":1,"tiered_pricing_roles_data":[],"_links":{"self":[{"href":"https:\/\/www.csj-emballages.com\/it\/wp-json\/wp\/v2\/product\/271592","targetHints":{"allow":["GET"]}}],"collection":[{"href":"https:\/\/www.csj-emballages.com\/it\/wp-json\/wp\/v2\/product"}],"about":[{"href":"https:\/\/www.csj-emballages.com\/it\/wp-json\/wp\/v2\/types\/product"}],"wp:featuredmedia":[{"embeddable":true,"href":"https:\/\/www.csj-emballages.com\/it\/wp-json\/wp\/v2\/media\/271593"}],"wp:attachment":[{"href":"https:\/\/www.csj-emballages.com\/it\/wp-json\/wp\/v2\/media?parent=271592"}],"wp:term":[{"taxonomy":"product_brand","embeddable":true,"href":"https:\/\/www.csj-emballages.com\/it\/wp-json\/wp\/v2\/product_brand?post=271592"},{"taxonomy":"product_cat","embeddable":true,"href":"https:\/\/www.csj-emballages.com\/it\/wp-json\/wp\/v2\/product_cat?post=271592"},{"taxonomy":"product_tag","embeddable":true,"href":"https:\/\/www.csj-emballages.com\/it\/wp-json\/wp\/v2\/product_tag?post=271592"}],"curies":[{"name":"wp","href":"https:\/\/api.w.org\/{rel}","templated":true}]}}