{"id":271548,"date":"2025-01-21T18:21:17","date_gmt":"2025-01-21T17:21:17","guid":{"rendered":"https:\/\/www.csj-emballages.com\/produit\/sacchetto-sottovuoto-liscio-nero-30-x-40-cm-90-%c2%b5-da-100\/"},"modified":"2026-04-16T02:17:07","modified_gmt":"2026-04-16T00:17:07","slug":"sacchetto-sottovuoto-liscio-nero-30-x-40-cm-90-%c2%b5-da-100","status":"publish","type":"product","link":"https:\/\/www.csj-emballages.com\/it\/produit\/sacchetto-sottovuoto-liscio-nero-30-x-40-cm-90-%c2%b5-da-100\/","title":{"rendered":"Sacchetto sottovuoto liscio nero 30 x 40 cm 90 \u00b5 da 100"},"content":{"rendered":"<h2>Sacchetto sottovuoto<\/h2>\n<hr>\n<h3>Descrizione del nostro sacchetto sottovuoto liscio nero 30 x 40 cm 90 \u00b5 da 100<\/h3>\n<p><!--more--><\/p>\n<p>I <strong>sacchetti sottovuoto<\/strong> sono la soluzione ideale per conservare i tuoi alimenti e prolungarne la durata. Il design in plastica <strong>nera<\/strong> <strong>liscia<\/strong>, con uno spessore di <strong>90 micron<\/strong>, offre una protezione ottimale contro aria, umidit\u00e0 e contaminanti esterni, garantendo che i tuoi prodotti mantengano pi\u00f9 a lungo le loro qualit\u00e0 nutrizionali e gustative. <\/p>\n<p>L&#8217;uso di <strong>sacchetti sottovuoto alimentari<\/strong> \u00e8 particolarmente vantaggioso nelle cucine professionali. Grazie alla loro robustezza e alla texture <strong>liscia<\/strong>, questi <b>sacchetti sottovuoto<\/b> sono compatibili con le <strong><span style=\"color: #ff0000;\">macchine a campana<\/span><\/strong>. Inoltre, il design nero conferisce loro un tocco elegante.  <\/p>\n<p>&nbsp;<\/p>\n<p><!--more--><\/p>\n<h4>Perch\u00e9 usare i nostri sacchetti sottovuoto?<\/h4>\n<p>Uno dei principali vantaggi di questo <strong>sacchetto sottovuoto alimentare<\/strong> \u00e8 che permette di prolungare la durata di conservazione dei cibi. Eliminando l&#8217;aria, uno dei fattori principali di deterioramento, questi <strong>sacchetti sottovuoto<\/strong> rallentano il processo di ossidazione. Che si tratti di conservare carne, verdura, frutta, piatti pronti o prodotti secchi, questi <strong>sacchetti lisci<\/strong> garantiscono una conservazione ottimale.  <\/p>\n<p>Inoltre, questi <strong>sacchetti<\/strong> sono semplicissimi da usare. Basta inserire gli alimenti nel sacchetto, usare la macchina per rimuovere l&#8217;aria e otterrai in pochi secondi una confezione ermetica e sicura. Questo processo non solo conserva i cibi pi\u00f9 a lungo, ma permette anche di risparmiare spazio in frigorifero o in freezer. Infatti, il <strong>sacchetto sottovuoto alimentare<\/strong> comprime gli alimenti, facilitandone la sistemazione e l&#8217;organizzazione.   <\/p>\n<p>&nbsp;<\/p>\n<p><!--more--><\/p>\n<div style=\"box-sizing: inherit; font-family: Roboto, sans-serif;\">\n<div style=\"box-sizing: inherit; font-family: Roboto, sans-serif;\">\n<div style=\"box-sizing: inherit; font-family: Roboto, sans-serif;\">\n<div style=\"box-sizing: inherit; font-family: Roboto, sans-serif;\">\n<div style=\"box-sizing: inherit; font-family: Roboto, sans-serif;\">\n<div style=\"box-sizing: inherit; font-family: Roboto, sans-serif;\">\n<div style=\"box-sizing: inherit; font-family: Roboto, sans-serif;\">\n<div style=\"box-sizing: inherit; font-family: Roboto, sans-serif;\">\n<div style=\"box-sizing: inherit; font-family: Roboto, sans-serif;\">\n<div style=\"box-sizing: inherit; font-family: Roboto, sans-serif;\">\n<div style=\"box-sizing: inherit; font-family: Roboto, sans-serif;\">\n<div style=\"box-sizing: inherit; font-family: Roboto, sans-serif;\">\n<div style=\"box-sizing: inherit; font-family: Roboto, sans-serif;\">\n<div class=\"flex flex-grow flex-col max-w-full\">\n<div class=\"min-h-[20px] text-message flex flex-col items-start whitespace-pre-wrap break-words [.text-message+&amp;]:mt-5 juice:w-full juice:items-end overflow-x-auto gap-2\" dir=\"auto\" data-message-author-role=\"assistant\" data-message-id=\"2034782e-88f9-44ef-b4dc-07dd7bf0115f\">\n<div class=\"flex w-full flex-col gap-1 juice:empty:hidden juice:first:pt-[3px]\">\n<div class=\"markdown prose w-full break-words dark:prose-invert light\">\n<div style=\"box-sizing: inherit; font-family: Roboto, sans-serif;\">\n<div style=\"box-sizing: inherit; font-family: Roboto, sans-serif;\">\n<div style=\"box-sizing: inherit; font-family: Roboto, sans-serif;\">\n<div style=\"box-sizing: inherit; font-family: Roboto, sans-serif;\">\n<div style=\"box-sizing: inherit; font-family: Roboto, sans-serif;\">\n<div style=\"box-sizing: inherit; font-family: Roboto, sans-serif;\">\n<p>I <strong>sacchetti sottovuoto<\/strong> neri offrono anche un vantaggio estetico non trascurabile. Il colore scuro permette loro di distinguersi dagli altri tipi di sacchetti sottovuoto sul mercato. Che tu sia un professionista della ristorazione o un privato, questi sacchetti sono una scelta versatile e durevole per la conservazione alimentare.  <\/p>\n<p>Infine, questi <strong>sacchetti sottovuoto<\/strong> in confezione da <strong>100<\/strong> sono anche ecologici, poich\u00e9 aiutano a ridurre lo spreco alimentare. Ottimizzando la durata di conservazione dei tuoi prodotti, limiti i rifiuti. <\/p>\n<p>In conclusione, i <strong>sacchetti sottovuoto lisci neri<\/strong> sono una scelta pratica, efficace ed estetica.<\/p>\n<\/div>\n<\/div>\n<\/div>\n<\/div>\n<\/div>\n<\/div>\n<\/div>\n<\/div>\n<\/div>\n<\/div>\n<\/div>\n<\/div>\n<\/div>\n<\/div>\n<\/div>\n<\/div>\n<\/div>\n<\/div>\n<\/div>\n<\/div>\n<\/div>\n<\/div>\n<\/div>\n<p>&nbsp;<\/p>\n<p><!--more--><\/p>\n<p><strong><span style=\"color: #ff0000;\">*Apertura sul lato largo<\/span><\/strong><\/p>\n<p><strong><span style=\"color: #ff0000;\">*Sacchetti sottovuoto senza BPA (Bisfenolo A)<\/span><\/strong><\/p>\n<p>&nbsp;<\/p>\n<p><!--more--><\/p>\n<h4>I loro vantaggi:<\/h4>\n<ul>\n<li><strong>Conservazione prolungata<\/strong>: protegge dall&#8217;ossidazione e dalle contaminazioni esterne.<\/li>\n<li><strong>Materiale ultra-resistente<\/strong>: spessore di 90 \u00b5 per una grande robustezza.<\/li>\n<li><strong>Compatibile con diverse macchine<\/strong>: utilizzabile con macchine ad aspirazione esterna e a campana.<\/li>\n<li><strong>Trasparenza pratica<\/strong>: permette di identificare facilmente gli alimenti conservati<\/li>\n<\/ul>\n<p>&nbsp;<\/p>\n<p><!--more--><\/p>\n<h4>Altre informazioni:<\/h4>\n<ul>\n<li><strong>Confezione<\/strong>: Pacco da 100<\/li>\n<li><strong>Dimensioni<\/strong>: 30 x 40 cm<\/li>\n<li><strong>Materiale<\/strong>: PA\/PE 20\/70<\/li>\n<li><strong>Tipo<\/strong> : Liscio<\/li>\n<li><strong>Resistenza<\/strong>: 90 micron<\/li>\n<li><strong>Saldatura<\/strong> : 3 lati<\/li>\n<li><strong>Colore<\/strong>: Nero<\/li>\n<\/ul>\n<p>&nbsp;<\/p>\n<p><!--more--><\/p>\n<p>Questo prodotto \u00e8 disponibile in diverse misure: <span style=\"color: #d12727;\"><a style=\"color: #d12727;\" href=\"https:\/\/www.csj-emballages.com\/it\/produit\/buste-sottovuoto-lisce-nere-per-conservazione-15-x-20-cm-90-%c2%b5-confezione-da-100\/\">15 x 20 cm<\/a><\/span> \/ <span style=\"color: #d12727;\"><a style=\"color: #d12727;\" href=\"https:\/\/www.csj-emballages.com\/it\/produit\/sacchetti-sottovuoto-lisci-neri-15-x-30-cm-90-%c2%b5-confezione-da-100\/\">15 x 30 cm<\/a><\/span> \/ <span style=\"color: #d12727;\"><a style=\"color: #d12727;\" href=\"https:\/\/www.csj-emballages.com\/it\/produit\/sacchetti-sottovuoto-lisci-neri-per-conservazione-20-x-20-cm-90-%c2%b5-da-100-pezzi\/\">20 x 20 cm<\/a><\/span> \/ <span style=\"color: #d12727;\"><a style=\"color: #d12727;\" href=\"https:\/\/www.csj-emballages.com\/produit\/100-sacs-sous-vide-de-conservation-lisses-noirs-20-x-30-cm-90-%c2%b5-sachets-sous-vide\/https:\/\/www.csj-emballages.com\/produit\/100-sacs-sous-vides-de-conservation-noirs-20-x-25-cm-90-%c2%b5-sachets-sous-vide\/\">20 x 25 cm<\/a><\/span> \/ <span style=\"color: #d12727;\"><a style=\"color: #d12727;\" href=\"https:\/\/www.csj-emballages.com\/it\/produit\/sacchetti-sottovuoto-lisci-neri-20-x-30-cm-90-%c2%b5-confezione-da-100\/\">20 x 30 cm<\/a><\/span> \/ <span style=\"color: #d12727;\"><a style=\"color: #d12727;\" href=\"https:\/\/www.csj-emballages.com\/it\/produit\/sacchi-sottovuoto-lisci-neri-25-x-35-cm-90-%c2%b5-da-100-pezzi\/\">25 x 35 cm<\/a><\/span> \/ <span style=\"color: #d12727;\"><a style=\"color: #d12727;\" href=\"https:\/\/www.csj-emballages.com\/it\/produit\/sacchetto-sottovuoto-liscio-nero-35-x-45-cm-90-%c2%b5-confezione-da-100\/\">35 x 45 cm<\/a><\/span><\/p>\n<p>&nbsp;<\/p>\n<p><!--more--><\/p>\n<p><a href=\"https:\/\/www.csj-emballages.com\/it\/categorie-produit\/imballaggi-alimentari\/macelleria-gastronomia-ortofrutta\/sacchetti-e-buste\/sacchetti-sottovuoto\/sacchetti-sottovuoto-lisci-neri\/\">Consulta il resto della nostra gamma di sacchetti sottovuoto lisci neri<\/a><\/p>\n","protected":false},"excerpt":{"rendered":"<p>Sacchetto sottovuoto Descrizione del nostro sacchetto sottovuoto liscio nero 30 x 40 cm 90 \u00b5 da 100<\/p>\n","protected":false},"featured_media":271472,"template":"","meta":{"_acf_changed":false},"product_brand":[],"product_cat":[10346,10381,11412,11074,11075],"product_tag":[],"class_list":{"0":"post-271548","1":"product","2":"type-product","3":"status-publish","4":"has-post-thumbnail","6":"product_cat-imballaggi-alimentari","7":"product_cat-macelleria-gastronomia-ortofrutta","8":"product_cat-sacchetti-e-buste","9":"product_cat-sacchetti-sottovuoto","10":"product_cat-sacchetti-sottovuoto-lisci-neri","12":"first","13":"instock","14":"taxable","15":"shipping-taxable","16":"purchasable","17":"product-type-simple"},"acf":[],"yoast_head":"<!-- This site is optimized with the Yoast SEO Premium plugin v26.6 (Yoast SEO v26.6) - https:\/\/yoast.com\/wordpress\/plugins\/seo\/ -->\n<title>Sacchetto sottovuoto liscio nero 30 x 40 cm - 90\u00b5 \/ CSJ Emballages<\/title>\n<meta name=\"description\" content=\"I sacchetti sottovuoto lisci neri 30 x 40 cm (90 \u00b5) prolungano la freschezza degli alimenti grazie a una protezione ermetica affidabile e resistente.\" \/>\n<meta name=\"robots\" content=\"index, follow, max-snippet:-1, max-image-preview:large, max-video-preview:-1\" \/>\n<link rel=\"canonical\" href=\"https:\/\/www.csj-emballages.com\/it\/produit\/sacchetto-sottovuoto-liscio-nero-30-x-40-cm-90-%c2%b5-da-100\/\" \/>\n<meta property=\"og:locale\" content=\"it_IT\" \/>\n<meta property=\"og:type\" content=\"article\" \/>\n<meta property=\"og:title\" content=\"Sacchetto sottovuoto liscio nero 30 x 40 cm 90 \u00b5 da 100\" \/>\n<meta property=\"og:description\" content=\"I sacchetti sottovuoto lisci neri 30 x 40 cm (90 \u00b5) prolungano la freschezza degli alimenti grazie a una protezione ermetica affidabile e resistente.\" \/>\n<meta property=\"og:url\" content=\"https:\/\/www.csj-emballages.com\/it\/produit\/sacchetto-sottovuoto-liscio-nero-30-x-40-cm-90-%c2%b5-da-100\/\" \/>\n<meta property=\"og:site_name\" content=\"CSJ Emballages\" \/>\n<meta property=\"article:publisher\" content=\"https:\/\/www.facebook.com\/csjemballages\" \/>\n<meta property=\"article:modified_time\" content=\"2026-04-16T00:17:07+00:00\" \/>\n<meta property=\"og:image\" content=\"https:\/\/www.csj-emballages.com\/wp-content\/uploads\/2025\/01\/Sac-sous-vide-lisse-noir.webp\" \/>\n\t<meta property=\"og:image:width\" content=\"800\" \/>\n\t<meta property=\"og:image:height\" content=\"800\" \/>\n\t<meta property=\"og:image:type\" content=\"image\/webp\" \/>\n<meta name=\"twitter:card\" content=\"summary_large_image\" \/>\n<meta name=\"twitter:label1\" content=\"Dur\u00e9e de lecture estim\u00e9e\" \/>\n\t<meta name=\"twitter:data1\" content=\"2 minuti\" \/>\n<script type=\"application\/ld+json\" class=\"yoast-schema-graph\">{\"@context\":\"https:\/\/schema.org\",\"@graph\":[{\"@type\":\"WebPage\",\"@id\":\"https:\/\/www.csj-emballages.com\/it\/produit\/sacchetto-sottovuoto-liscio-nero-30-x-40-cm-90-%c2%b5-da-100\/\",\"url\":\"https:\/\/www.csj-emballages.com\/it\/produit\/sacchetto-sottovuoto-liscio-nero-30-x-40-cm-90-%c2%b5-da-100\/\",\"name\":\"Sacchetto sottovuoto liscio nero 30 x 40 cm - 90\u00b5 \/ CSJ Emballages\",\"isPartOf\":{\"@id\":\"https:\/\/www.csj-emballages.com\/it\/#website\"},\"primaryImageOfPage\":{\"@id\":\"https:\/\/www.csj-emballages.com\/it\/produit\/sacchetto-sottovuoto-liscio-nero-30-x-40-cm-90-%c2%b5-da-100\/#primaryimage\"},\"image\":{\"@id\":\"https:\/\/www.csj-emballages.com\/it\/produit\/sacchetto-sottovuoto-liscio-nero-30-x-40-cm-90-%c2%b5-da-100\/#primaryimage\"},\"thumbnailUrl\":\"https:\/\/www.csj-emballages.com\/wp-content\/uploads\/2025\/01\/Sac-sous-vide-lisse-noir.webp\",\"datePublished\":\"2025-01-21T17:21:17+00:00\",\"dateModified\":\"2026-04-16T00:17:07+00:00\",\"description\":\"I sacchetti sottovuoto lisci neri 30 x 40 cm (90 \u00b5) prolungano la freschezza degli alimenti grazie a una protezione ermetica affidabile e resistente.\",\"breadcrumb\":{\"@id\":\"https:\/\/www.csj-emballages.com\/it\/produit\/sacchetto-sottovuoto-liscio-nero-30-x-40-cm-90-%c2%b5-da-100\/#breadcrumb\"},\"inLanguage\":\"it-IT\",\"potentialAction\":[{\"@type\":\"ReadAction\",\"target\":[\"https:\/\/www.csj-emballages.com\/it\/produit\/sacchetto-sottovuoto-liscio-nero-30-x-40-cm-90-%c2%b5-da-100\/\"]}]},{\"@type\":\"ImageObject\",\"inLanguage\":\"it-IT\",\"@id\":\"https:\/\/www.csj-emballages.com\/it\/produit\/sacchetto-sottovuoto-liscio-nero-30-x-40-cm-90-%c2%b5-da-100\/#primaryimage\",\"url\":\"https:\/\/www.csj-emballages.com\/wp-content\/uploads\/2025\/01\/Sac-sous-vide-lisse-noir.webp\",\"contentUrl\":\"https:\/\/www.csj-emballages.com\/wp-content\/uploads\/2025\/01\/Sac-sous-vide-lisse-noir.webp\",\"width\":800,\"height\":800,\"caption\":\"Sac sous vide\"},{\"@type\":\"BreadcrumbList\",\"@id\":\"https:\/\/www.csj-emballages.com\/it\/produit\/sacchetto-sottovuoto-liscio-nero-30-x-40-cm-90-%c2%b5-da-100\/#breadcrumb\",\"itemListElement\":[{\"@type\":\"ListItem\",\"position\":1,\"name\":\"Home\",\"item\":\"https:\/\/www.csj-emballages.com\/it\/universo-imballaggi-alimentari\/\"},{\"@type\":\"ListItem\",\"position\":2,\"name\":\"Negozio\",\"item\":\"https:\/\/www.csj-emballages.com\/it\/negozio\/\"},{\"@type\":\"ListItem\",\"position\":3,\"name\":\"Sacchetto sottovuoto liscio nero 30 x 40 cm 90 \u00b5 da 100\"}]},{\"@type\":\"WebSite\",\"@id\":\"https:\/\/www.csj-emballages.com\/it\/#website\",\"url\":\"https:\/\/www.csj-emballages.com\/it\/\",\"name\":\"CSJ Emballages\",\"description\":\"\",\"publisher\":{\"@id\":\"https:\/\/www.csj-emballages.com\/it\/#organization\"},\"potentialAction\":[{\"@type\":\"SearchAction\",\"target\":{\"@type\":\"EntryPoint\",\"urlTemplate\":\"https:\/\/www.csj-emballages.com\/it\/?s={search_term_string}\"},\"query-input\":{\"@type\":\"PropertyValueSpecification\",\"valueRequired\":true,\"valueName\":\"search_term_string\"}}],\"inLanguage\":\"it-IT\"},{\"@type\":\"Organization\",\"@id\":\"https:\/\/www.csj-emballages.com\/it\/#Organization\/\",\"name\":\"CSJ Emballages\",\"url\":\"https:\/\/www.csj-emballages.com\/it\/\",\"logo\":{\"@type\":\"ImageObject\",\"inLanguage\":\"it-IT\",\"@id\":\"https:\/\/www.csj-emballages.com\/it\/#\/schema\/logo\/image\/\",\"url\":\"https:\/\/www.csj-emballages.com\/wp-content\/uploads\/2023\/10\/logo_csj.webp\",\"contentUrl\":\"https:\/\/www.csj-emballages.com\/wp-content\/uploads\/2023\/10\/logo_csj.webp\",\"width\":250,\"height\":95,\"caption\":\"CSJ Emballages\"},\"image\":{\"@id\":\"https:\/\/www.csj-emballages.com\/it\/#\/schema\/logo\/image\/\"},\"sameAs\":[\"https:\/\/www.facebook.com\/csjemballages\"],\"address\":{\"@type\":\"PostalAddress\",\"streetAddress\":\"ZI La Lechere\",\"addressLocality\":\"Patornay\",\"postalCode\":\"39130\",\"addressCountry\":\"FR\"},\"contactPoint\":[{\"@type\":\"ContactPoint\",\"contactType\":\"Service client\",\"telephone\":\"0384254272\",\"email\":\"contact@csj-emballages.com\"}]}]}<\/script>\n<!-- \/ Yoast SEO Premium plugin. -->","yoast_head_json":{"title":"Sacchetto sottovuoto liscio nero 30 x 40 cm - 90\u00b5 \/ CSJ Emballages","description":"I sacchetti sottovuoto lisci neri 30 x 40 cm (90 \u00b5) prolungano la freschezza degli alimenti grazie a una protezione ermetica affidabile e resistente.","robots":{"index":"index","follow":"follow","max-snippet":"max-snippet:-1","max-image-preview":"max-image-preview:large","max-video-preview":"max-video-preview:-1"},"canonical":"https:\/\/www.csj-emballages.com\/it\/produit\/sacchetto-sottovuoto-liscio-nero-30-x-40-cm-90-%c2%b5-da-100\/","og_locale":"it_IT","og_type":"article","og_title":"Sacchetto sottovuoto liscio nero 30 x 40 cm 90 \u00b5 da 100","og_description":"I sacchetti sottovuoto lisci neri 30 x 40 cm (90 \u00b5) prolungano la freschezza degli alimenti grazie a una protezione ermetica affidabile e resistente.","og_url":"https:\/\/www.csj-emballages.com\/it\/produit\/sacchetto-sottovuoto-liscio-nero-30-x-40-cm-90-%c2%b5-da-100\/","og_site_name":"CSJ Emballages","article_publisher":"https:\/\/www.facebook.com\/csjemballages","article_modified_time":"2026-04-16T00:17:07+00:00","og_image":[{"width":800,"height":800,"url":"https:\/\/www.csj-emballages.com\/wp-content\/uploads\/2025\/01\/Sac-sous-vide-lisse-noir.webp","type":"image\/webp"}],"twitter_card":"summary_large_image","twitter_misc":{"Dur\u00e9e de lecture estim\u00e9e":"2 minuti"},"schema":{"@context":"https:\/\/schema.org","@graph":[{"@type":"WebPage","@id":"https:\/\/www.csj-emballages.com\/it\/produit\/sacchetto-sottovuoto-liscio-nero-30-x-40-cm-90-%c2%b5-da-100\/","url":"https:\/\/www.csj-emballages.com\/it\/produit\/sacchetto-sottovuoto-liscio-nero-30-x-40-cm-90-%c2%b5-da-100\/","name":"Sacchetto sottovuoto liscio nero 30 x 40 cm - 90\u00b5 \/ CSJ Emballages","isPartOf":{"@id":"https:\/\/www.csj-emballages.com\/it\/#website"},"primaryImageOfPage":{"@id":"https:\/\/www.csj-emballages.com\/it\/produit\/sacchetto-sottovuoto-liscio-nero-30-x-40-cm-90-%c2%b5-da-100\/#primaryimage"},"image":{"@id":"https:\/\/www.csj-emballages.com\/it\/produit\/sacchetto-sottovuoto-liscio-nero-30-x-40-cm-90-%c2%b5-da-100\/#primaryimage"},"thumbnailUrl":"https:\/\/www.csj-emballages.com\/wp-content\/uploads\/2025\/01\/Sac-sous-vide-lisse-noir.webp","datePublished":"2025-01-21T17:21:17+00:00","dateModified":"2026-04-16T00:17:07+00:00","description":"I sacchetti sottovuoto lisci neri 30 x 40 cm (90 \u00b5) prolungano la freschezza degli alimenti grazie a una protezione ermetica affidabile e resistente.","breadcrumb":{"@id":"https:\/\/www.csj-emballages.com\/it\/produit\/sacchetto-sottovuoto-liscio-nero-30-x-40-cm-90-%c2%b5-da-100\/#breadcrumb"},"inLanguage":"it-IT","potentialAction":[{"@type":"ReadAction","target":["https:\/\/www.csj-emballages.com\/it\/produit\/sacchetto-sottovuoto-liscio-nero-30-x-40-cm-90-%c2%b5-da-100\/"]}]},{"@type":"ImageObject","inLanguage":"it-IT","@id":"https:\/\/www.csj-emballages.com\/it\/produit\/sacchetto-sottovuoto-liscio-nero-30-x-40-cm-90-%c2%b5-da-100\/#primaryimage","url":"https:\/\/www.csj-emballages.com\/wp-content\/uploads\/2025\/01\/Sac-sous-vide-lisse-noir.webp","contentUrl":"https:\/\/www.csj-emballages.com\/wp-content\/uploads\/2025\/01\/Sac-sous-vide-lisse-noir.webp","width":800,"height":800,"caption":"Sac sous vide"},{"@type":"BreadcrumbList","@id":"https:\/\/www.csj-emballages.com\/it\/produit\/sacchetto-sottovuoto-liscio-nero-30-x-40-cm-90-%c2%b5-da-100\/#breadcrumb","itemListElement":[{"@type":"ListItem","position":1,"name":"Home","item":"https:\/\/www.csj-emballages.com\/it\/universo-imballaggi-alimentari\/"},{"@type":"ListItem","position":2,"name":"Negozio","item":"https:\/\/www.csj-emballages.com\/it\/negozio\/"},{"@type":"ListItem","position":3,"name":"Sacchetto sottovuoto liscio nero 30 x 40 cm 90 \u00b5 da 100"}]},{"@type":"WebSite","@id":"https:\/\/www.csj-emballages.com\/it\/#website","url":"https:\/\/www.csj-emballages.com\/it\/","name":"CSJ Emballages","description":"","publisher":{"@id":"https:\/\/www.csj-emballages.com\/it\/#organization"},"potentialAction":[{"@type":"SearchAction","target":{"@type":"EntryPoint","urlTemplate":"https:\/\/www.csj-emballages.com\/it\/?s={search_term_string}"},"query-input":{"@type":"PropertyValueSpecification","valueRequired":true,"valueName":"search_term_string"}}],"inLanguage":"it-IT"},{"@type":"Organization","@id":"https:\/\/www.csj-emballages.com\/it\/#Organization\/","name":"CSJ Emballages","url":"https:\/\/www.csj-emballages.com\/it\/","logo":{"@type":"ImageObject","inLanguage":"it-IT","@id":"https:\/\/www.csj-emballages.com\/it\/#\/schema\/logo\/image\/","url":"https:\/\/www.csj-emballages.com\/wp-content\/uploads\/2023\/10\/logo_csj.webp","contentUrl":"https:\/\/www.csj-emballages.com\/wp-content\/uploads\/2023\/10\/logo_csj.webp","width":250,"height":95,"caption":"CSJ Emballages"},"image":{"@id":"https:\/\/www.csj-emballages.com\/it\/#\/schema\/logo\/image\/"},"sameAs":["https:\/\/www.facebook.com\/csjemballages"],"address":{"@type":"PostalAddress","streetAddress":"ZI La Lechere","addressLocality":"Patornay","postalCode":"39130","addressCountry":"FR"},"contactPoint":[{"@type":"ContactPoint","contactType":"Service client","telephone":"0384254272","email":"contact@csj-emballages.com"}]}]}},"df_price":21.07,"df_sale_price":"","df_regular_price":21.07,"df_image_link":"https:\/\/www.csj-emballages.com\/wp-content\/uploads\/2025\/01\/Sac-sous-vide-lisse-noir-300x300.webp","tiered_pricing_type":"fixed","tiered_pricing_fixed_rules":[],"tiered_pricing_percentage_rules":[],"tiered_pricing_minimum":1,"tiered_pricing_roles_data":[],"_links":{"self":[{"href":"https:\/\/www.csj-emballages.com\/it\/wp-json\/wp\/v2\/product\/271548","targetHints":{"allow":["GET"]}}],"collection":[{"href":"https:\/\/www.csj-emballages.com\/it\/wp-json\/wp\/v2\/product"}],"about":[{"href":"https:\/\/www.csj-emballages.com\/it\/wp-json\/wp\/v2\/types\/product"}],"wp:featuredmedia":[{"embeddable":true,"href":"https:\/\/www.csj-emballages.com\/it\/wp-json\/wp\/v2\/media\/271472"}],"wp:attachment":[{"href":"https:\/\/www.csj-emballages.com\/it\/wp-json\/wp\/v2\/media?parent=271548"}],"wp:term":[{"taxonomy":"product_brand","embeddable":true,"href":"https:\/\/www.csj-emballages.com\/it\/wp-json\/wp\/v2\/product_brand?post=271548"},{"taxonomy":"product_cat","embeddable":true,"href":"https:\/\/www.csj-emballages.com\/it\/wp-json\/wp\/v2\/product_cat?post=271548"},{"taxonomy":"product_tag","embeddable":true,"href":"https:\/\/www.csj-emballages.com\/it\/wp-json\/wp\/v2\/product_tag?post=271548"}],"curies":[{"name":"wp","href":"https:\/\/api.w.org\/{rel}","templated":true}]}}