{"id":271528,"date":"2024-12-18T15:01:18","date_gmt":"2024-12-18T14:01:18","guid":{"rendered":"https:\/\/www.csj-emballages.com\/produit\/supporto-per-waffle-in-cartone-130-x-110-x-30-per-100\/"},"modified":"2026-04-18T11:00:19","modified_gmt":"2026-04-18T09:00:19","slug":"supporto-per-waffle-in-cartone-130-x-110-x-30-per-100","status":"publish","type":"product","link":"https:\/\/www.csj-emballages.com\/it\/produit\/supporto-per-waffle-in-cartone-130-x-110-x-30-per-100\/","title":{"rendered":"Supporto per waffle in cartone 130 x 110 x 30 per 100"},"content":{"rendered":"<h2>Supporto per waffle<\/h2>\n<hr>\n<h3>Descrizione del nostro supporto per waffle in cartone per 100<\/h3>\n<p><!--more--><\/p>\n<div class=\"flex max-w-full flex-col flex-grow\">\n<div class=\"min-h-8 text-message flex w-full flex-col items-end gap-2 whitespace-normal break-words text-start [.text-message+&amp;]:mt-5\" dir=\"auto\" data-message-author-role=\"assistant\" data-message-id=\"dd802632-1ba8-42e4-a93a-3aedf8fd8d3b\" data-message-model-slug=\"gpt-4o-mini\">\n<div class=\"flex w-full flex-col gap-1 empty:hidden first:pt-[3px]\">\n<div class=\"markdown prose w-full break-words dark:prose-invert dark\">\n<div class=\"flex max-w-full flex-col flex-grow\">\n<div class=\"min-h-8 text-message flex w-full flex-col items-end gap-2 whitespace-normal break-words text-start [.text-message+&amp;]:mt-5\" dir=\"auto\" data-message-author-role=\"assistant\" data-message-id=\"dcee9ac0-31e1-4c83-b1b6-cbf4bcbe00c2\" data-message-model-slug=\"gpt-4o-mini\">\n<div class=\"flex w-full flex-col gap-1 empty:hidden first:pt-[3px]\">\n<div class=\"markdown prose w-full break-words dark:prose-invert dark\">\n<p data-start=\"269\" data-end=\"667\">Quando si serve un waffle, tutto si gioca nei dettagli. Questo <strong data-start=\"329\" data-end=\"375\">supporto per waffle in cartone 130 x 110 x 30 mm<\/strong> \u00e8 stato pensato proprio per rendere il servizio pi\u00f9 semplice, pi\u00f9 pulito e pi\u00f9 piacevole, sia per te che per i tuoi clienti. Mantiene perfettamente il <strong>waffle<\/strong> in posizione, senza schiacciarlo, lasciando abbastanza spazio per aggiungere <strong>zucchero<\/strong>, <strong>cioccolato<\/strong> o <strong>altri topping golosi<\/strong>.  <\/p>\n<p data-start=\"669\" data-end=\"1041\">Grazie alla sua forma aperta sul davanti, il <strong>waffle<\/strong> rimane facile da afferrare e gustare. Il cliente pu\u00f2 mangiare tranquillamente, senza sporcarsi le dita, il che \u00e8 ideale per l&#8217;asporto, gli stand, i food truck o gli eventi. Inoltre, il <strong>cartone<\/strong> <strong>rigido<\/strong> offre una buona tenuta: il <strong>supporto<\/strong> non si deforma e mantiene una presentazione impeccabile dall&#8217;inizio alla fine.  <\/p>\n<p data-start=\"1043\" data-end=\"1282\">Altro punto importante, questo <strong>supporto per waffle<\/strong> permette di risparmiare tempo. Non serve un imballaggio complicato, infili il <strong>waffle<\/strong> dentro ed \u00e8 pronto da servire. \u00c8 un vero vantaggio durante i periodi di grande affluenza, quando ogni secondo conta.  <\/p>\n<p data-start=\"1284\" data-end=\"1556\">Venduto <strong data-start=\"1290\" data-end=\"1308\">in confezione da 100<\/strong>, questo formato \u00e8 perfetto per gestire il tuo stock senza ingombrare lo spazio. Si adatta sia ai waffle classici che alle versioni pi\u00f9 generose. Semplice, efficace e discreto, valorizza soprattutto ci\u00f2 che conta davvero: il tuo prodotto.  <\/p>\n<p data-start=\"1558\" data-end=\"1722\">In sintesi, questo <strong>supporto per waffle<\/strong> \u00e8 una soluzione pratica e affidabile per offrire una degustazione pulita, rapida e piacevole, mantenendo una presentazione curata.<\/p>\n<\/div>\n<\/div>\n<\/div>\n<\/div>\n<\/div>\n<\/div>\n<\/div>\n<\/div>\n<p>&nbsp;<\/p>\n<p style=\"text-align: right;\"><!--more--><\/p>\n<h4>Vantaggi:<\/h4>\n<ul>\n<li data-start=\"1750\" data-end=\"1780\">Tenuta stabile del <strong>waffle<\/strong>.<\/li>\n<li data-start=\"1783\" data-end=\"1814\">Servizio rapido e senza sforzo.<\/li>\n<li data-start=\"1817\" data-end=\"1844\"><strong>Cartone rigido<\/strong> e pratico.<\/li>\n<li data-start=\"1847\" data-end=\"1879\">Ideale per l&#8217;asporto.<\/li>\n<li data-start=\"1882\" data-end=\"1912\">Confezione economica da <strong>100 pezzi<\/strong>.<\/li>\n<\/ul>\n<p>&nbsp;<\/p>\n<p><!--more--><\/p>\n<h4>Altre informazioni:<\/h4>\n<ul>\n<li><strong>Confezione<\/strong>: Pacchetto da 100<\/li>\n<li><strong>Dimensioni<\/strong>: 130 x 110 x 30 (L x l x h in mm)<\/li>\n<li><strong>Materiale<\/strong>: Cartone<\/li>\n<li><strong>Colore<\/strong>: Bianco<\/li>\n<\/ul>\n<p>&nbsp;<\/p>\n<p><!--more--><\/p>\n<p><a href=\"https:\/\/www.csj-emballages.com\/it\/produit\/supporto-per-waffle-in-cartone-130-x-110-x-30-per-100\/\">Consulta il resto della nostra gamma di supporti pieghevoli<\/a><\/p>\n","protected":false},"excerpt":{"rendered":"<p>Supporto per waffle Descrizione del nostro supporto per waffle in cartone per 100<\/p>\n","protected":false},"featured_media":271533,"template":"","meta":{"_acf_changed":false},"product_brand":[],"product_cat":[10346,10344,10397,10528,10375,10530,10529],"product_tag":[],"class_list":{"0":"post-271528","1":"product","2":"type-product","3":"status-publish","4":"has-post-thumbnail","6":"product_cat-imballaggi-alimentari","7":"product_cat-panetteria-pasticceria","8":"product_cat-supporti-basi-per-torte","9":"product_cat-supporti-scanalati","10":"product_cat-ristorazione","11":"product_cat-supporti","14":"first","15":"instock","16":"taxable","17":"shipping-taxable","18":"purchasable","19":"product-type-simple"},"acf":[],"yoast_head":"<!-- This site is optimized with the Yoast SEO Premium plugin v26.6 (Yoast SEO v26.6) - https:\/\/yoast.com\/wordpress\/plugins\/seo\/ -->\n<title>Supporto per Waffle in Cartone - 130 x 110 x 30 mm<\/title>\n<meta name=\"description\" content=\"Supporto per waffle in cartone 130x110x30 mm venduto per 100. Pratico, stabile e ideale per l&#039;asporto e gli eventi gastronomici.\" \/>\n<meta name=\"robots\" content=\"index, follow, max-snippet:-1, max-image-preview:large, max-video-preview:-1\" \/>\n<link rel=\"canonical\" href=\"https:\/\/www.csj-emballages.com\/it\/produit\/supporto-per-waffle-in-cartone-130-x-110-x-30-per-100\/\" \/>\n<meta property=\"og:locale\" content=\"it_IT\" \/>\n<meta property=\"og:type\" content=\"article\" \/>\n<meta property=\"og:title\" content=\"Supporto per waffle in cartone 130 x 110 x 30 per 100\" \/>\n<meta property=\"og:description\" content=\"Supporto per waffle in cartone 130x110x30 mm venduto per 100. Pratico, stabile e ideale per l&#039;asporto e gli eventi gastronomici.\" \/>\n<meta property=\"og:url\" content=\"https:\/\/www.csj-emballages.com\/it\/produit\/supporto-per-waffle-in-cartone-130-x-110-x-30-per-100\/\" \/>\n<meta property=\"og:site_name\" content=\"CSJ Emballages\" \/>\n<meta property=\"article:publisher\" content=\"https:\/\/www.facebook.com\/csjemballages\" \/>\n<meta property=\"article:modified_time\" content=\"2026-04-18T09:00:19+00:00\" \/>\n<meta property=\"og:image\" content=\"https:\/\/www.csj-emballages.com\/wp-content\/uploads\/2024\/12\/BPGAUF.webp\" \/>\n\t<meta property=\"og:image:width\" content=\"800\" \/>\n\t<meta property=\"og:image:height\" content=\"800\" \/>\n\t<meta property=\"og:image:type\" content=\"image\/webp\" \/>\n<meta name=\"twitter:card\" content=\"summary_large_image\" \/>\n<meta name=\"twitter:label1\" content=\"Dur\u00e9e de lecture estim\u00e9e\" \/>\n\t<meta name=\"twitter:data1\" content=\"1 minuto\" \/>\n<script type=\"application\/ld+json\" class=\"yoast-schema-graph\">{\"@context\":\"https:\/\/schema.org\",\"@graph\":[{\"@type\":\"WebPage\",\"@id\":\"https:\/\/www.csj-emballages.com\/it\/produit\/supporto-per-waffle-in-cartone-130-x-110-x-30-per-100\/\",\"url\":\"https:\/\/www.csj-emballages.com\/it\/produit\/supporto-per-waffle-in-cartone-130-x-110-x-30-per-100\/\",\"name\":\"Supporto per Waffle in Cartone - 130 x 110 x 30 mm\",\"isPartOf\":{\"@id\":\"https:\/\/www.csj-emballages.com\/it\/#website\"},\"primaryImageOfPage\":{\"@id\":\"https:\/\/www.csj-emballages.com\/it\/produit\/supporto-per-waffle-in-cartone-130-x-110-x-30-per-100\/#primaryimage\"},\"image\":{\"@id\":\"https:\/\/www.csj-emballages.com\/it\/produit\/supporto-per-waffle-in-cartone-130-x-110-x-30-per-100\/#primaryimage\"},\"thumbnailUrl\":\"https:\/\/www.csj-emballages.com\/wp-content\/uploads\/2024\/12\/BPGAUF.webp\",\"datePublished\":\"2024-12-18T14:01:18+00:00\",\"dateModified\":\"2026-04-18T09:00:19+00:00\",\"description\":\"Supporto per waffle in cartone 130x110x30 mm venduto per 100. Pratico, stabile e ideale per l'asporto e gli eventi gastronomici.\",\"breadcrumb\":{\"@id\":\"https:\/\/www.csj-emballages.com\/it\/produit\/supporto-per-waffle-in-cartone-130-x-110-x-30-per-100\/#breadcrumb\"},\"inLanguage\":\"it-IT\",\"potentialAction\":[{\"@type\":\"ReadAction\",\"target\":[\"https:\/\/www.csj-emballages.com\/it\/produit\/supporto-per-waffle-in-cartone-130-x-110-x-30-per-100\/\"]}]},{\"@type\":\"ImageObject\",\"inLanguage\":\"it-IT\",\"@id\":\"https:\/\/www.csj-emballages.com\/it\/produit\/supporto-per-waffle-in-cartone-130-x-110-x-30-per-100\/#primaryimage\",\"url\":\"https:\/\/www.csj-emballages.com\/wp-content\/uploads\/2024\/12\/BPGAUF.webp\",\"contentUrl\":\"https:\/\/www.csj-emballages.com\/wp-content\/uploads\/2024\/12\/BPGAUF.webp\",\"width\":800,\"height\":800,\"caption\":\"support gaufre\"},{\"@type\":\"BreadcrumbList\",\"@id\":\"https:\/\/www.csj-emballages.com\/it\/produit\/supporto-per-waffle-in-cartone-130-x-110-x-30-per-100\/#breadcrumb\",\"itemListElement\":[{\"@type\":\"ListItem\",\"position\":1,\"name\":\"Home\",\"item\":\"https:\/\/www.csj-emballages.com\/it\/universo-imballaggi-alimentari\/\"},{\"@type\":\"ListItem\",\"position\":2,\"name\":\"Negozio\",\"item\":\"https:\/\/www.csj-emballages.com\/it\/negozio\/\"},{\"@type\":\"ListItem\",\"position\":3,\"name\":\"Supporto per waffle in cartone 130 x 110 x 30 per 100\"}]},{\"@type\":\"WebSite\",\"@id\":\"https:\/\/www.csj-emballages.com\/it\/#website\",\"url\":\"https:\/\/www.csj-emballages.com\/it\/\",\"name\":\"CSJ Emballages\",\"description\":\"\",\"publisher\":{\"@id\":\"https:\/\/www.csj-emballages.com\/it\/#organization\"},\"potentialAction\":[{\"@type\":\"SearchAction\",\"target\":{\"@type\":\"EntryPoint\",\"urlTemplate\":\"https:\/\/www.csj-emballages.com\/it\/?s={search_term_string}\"},\"query-input\":{\"@type\":\"PropertyValueSpecification\",\"valueRequired\":true,\"valueName\":\"search_term_string\"}}],\"inLanguage\":\"it-IT\"},{\"@type\":\"Organization\",\"@id\":\"https:\/\/www.csj-emballages.com\/it\/#Organization\/\",\"name\":\"CSJ Emballages\",\"url\":\"https:\/\/www.csj-emballages.com\/it\/\",\"logo\":{\"@type\":\"ImageObject\",\"inLanguage\":\"it-IT\",\"@id\":\"https:\/\/www.csj-emballages.com\/it\/#\/schema\/logo\/image\/\",\"url\":\"https:\/\/www.csj-emballages.com\/wp-content\/uploads\/2023\/10\/logo_csj.webp\",\"contentUrl\":\"https:\/\/www.csj-emballages.com\/wp-content\/uploads\/2023\/10\/logo_csj.webp\",\"width\":250,\"height\":95,\"caption\":\"CSJ Emballages\"},\"image\":{\"@id\":\"https:\/\/www.csj-emballages.com\/it\/#\/schema\/logo\/image\/\"},\"sameAs\":[\"https:\/\/www.facebook.com\/csjemballages\"],\"address\":{\"@type\":\"PostalAddress\",\"streetAddress\":\"ZI La Lechere\",\"addressLocality\":\"Patornay\",\"postalCode\":\"39130\",\"addressCountry\":\"FR\"},\"contactPoint\":[{\"@type\":\"ContactPoint\",\"contactType\":\"Service client\",\"telephone\":\"0384254272\",\"email\":\"contact@csj-emballages.com\"}]}]}<\/script>\n<!-- \/ Yoast SEO Premium plugin. -->","yoast_head_json":{"title":"Supporto per Waffle in Cartone - 130 x 110 x 30 mm","description":"Supporto per waffle in cartone 130x110x30 mm venduto per 100. Pratico, stabile e ideale per l'asporto e gli eventi gastronomici.","robots":{"index":"index","follow":"follow","max-snippet":"max-snippet:-1","max-image-preview":"max-image-preview:large","max-video-preview":"max-video-preview:-1"},"canonical":"https:\/\/www.csj-emballages.com\/it\/produit\/supporto-per-waffle-in-cartone-130-x-110-x-30-per-100\/","og_locale":"it_IT","og_type":"article","og_title":"Supporto per waffle in cartone 130 x 110 x 30 per 100","og_description":"Supporto per waffle in cartone 130x110x30 mm venduto per 100. Pratico, stabile e ideale per l'asporto e gli eventi gastronomici.","og_url":"https:\/\/www.csj-emballages.com\/it\/produit\/supporto-per-waffle-in-cartone-130-x-110-x-30-per-100\/","og_site_name":"CSJ Emballages","article_publisher":"https:\/\/www.facebook.com\/csjemballages","article_modified_time":"2026-04-18T09:00:19+00:00","og_image":[{"width":800,"height":800,"url":"https:\/\/www.csj-emballages.com\/wp-content\/uploads\/2024\/12\/BPGAUF.webp","type":"image\/webp"}],"twitter_card":"summary_large_image","twitter_misc":{"Dur\u00e9e de lecture estim\u00e9e":"1 minuto"},"schema":{"@context":"https:\/\/schema.org","@graph":[{"@type":"WebPage","@id":"https:\/\/www.csj-emballages.com\/it\/produit\/supporto-per-waffle-in-cartone-130-x-110-x-30-per-100\/","url":"https:\/\/www.csj-emballages.com\/it\/produit\/supporto-per-waffle-in-cartone-130-x-110-x-30-per-100\/","name":"Supporto per Waffle in Cartone - 130 x 110 x 30 mm","isPartOf":{"@id":"https:\/\/www.csj-emballages.com\/it\/#website"},"primaryImageOfPage":{"@id":"https:\/\/www.csj-emballages.com\/it\/produit\/supporto-per-waffle-in-cartone-130-x-110-x-30-per-100\/#primaryimage"},"image":{"@id":"https:\/\/www.csj-emballages.com\/it\/produit\/supporto-per-waffle-in-cartone-130-x-110-x-30-per-100\/#primaryimage"},"thumbnailUrl":"https:\/\/www.csj-emballages.com\/wp-content\/uploads\/2024\/12\/BPGAUF.webp","datePublished":"2024-12-18T14:01:18+00:00","dateModified":"2026-04-18T09:00:19+00:00","description":"Supporto per waffle in cartone 130x110x30 mm venduto per 100. Pratico, stabile e ideale per l'asporto e gli eventi gastronomici.","breadcrumb":{"@id":"https:\/\/www.csj-emballages.com\/it\/produit\/supporto-per-waffle-in-cartone-130-x-110-x-30-per-100\/#breadcrumb"},"inLanguage":"it-IT","potentialAction":[{"@type":"ReadAction","target":["https:\/\/www.csj-emballages.com\/it\/produit\/supporto-per-waffle-in-cartone-130-x-110-x-30-per-100\/"]}]},{"@type":"ImageObject","inLanguage":"it-IT","@id":"https:\/\/www.csj-emballages.com\/it\/produit\/supporto-per-waffle-in-cartone-130-x-110-x-30-per-100\/#primaryimage","url":"https:\/\/www.csj-emballages.com\/wp-content\/uploads\/2024\/12\/BPGAUF.webp","contentUrl":"https:\/\/www.csj-emballages.com\/wp-content\/uploads\/2024\/12\/BPGAUF.webp","width":800,"height":800,"caption":"support gaufre"},{"@type":"BreadcrumbList","@id":"https:\/\/www.csj-emballages.com\/it\/produit\/supporto-per-waffle-in-cartone-130-x-110-x-30-per-100\/#breadcrumb","itemListElement":[{"@type":"ListItem","position":1,"name":"Home","item":"https:\/\/www.csj-emballages.com\/it\/universo-imballaggi-alimentari\/"},{"@type":"ListItem","position":2,"name":"Negozio","item":"https:\/\/www.csj-emballages.com\/it\/negozio\/"},{"@type":"ListItem","position":3,"name":"Supporto per waffle in cartone 130 x 110 x 30 per 100"}]},{"@type":"WebSite","@id":"https:\/\/www.csj-emballages.com\/it\/#website","url":"https:\/\/www.csj-emballages.com\/it\/","name":"CSJ Emballages","description":"","publisher":{"@id":"https:\/\/www.csj-emballages.com\/it\/#organization"},"potentialAction":[{"@type":"SearchAction","target":{"@type":"EntryPoint","urlTemplate":"https:\/\/www.csj-emballages.com\/it\/?s={search_term_string}"},"query-input":{"@type":"PropertyValueSpecification","valueRequired":true,"valueName":"search_term_string"}}],"inLanguage":"it-IT"},{"@type":"Organization","@id":"https:\/\/www.csj-emballages.com\/it\/#Organization\/","name":"CSJ Emballages","url":"https:\/\/www.csj-emballages.com\/it\/","logo":{"@type":"ImageObject","inLanguage":"it-IT","@id":"https:\/\/www.csj-emballages.com\/it\/#\/schema\/logo\/image\/","url":"https:\/\/www.csj-emballages.com\/wp-content\/uploads\/2023\/10\/logo_csj.webp","contentUrl":"https:\/\/www.csj-emballages.com\/wp-content\/uploads\/2023\/10\/logo_csj.webp","width":250,"height":95,"caption":"CSJ Emballages"},"image":{"@id":"https:\/\/www.csj-emballages.com\/it\/#\/schema\/logo\/image\/"},"sameAs":["https:\/\/www.facebook.com\/csjemballages"],"address":{"@type":"PostalAddress","streetAddress":"ZI La Lechere","addressLocality":"Patornay","postalCode":"39130","addressCountry":"FR"},"contactPoint":[{"@type":"ContactPoint","contactType":"Service client","telephone":"0384254272","email":"contact@csj-emballages.com"}]}]}},"df_price":7.18,"df_sale_price":"","df_regular_price":7.18,"df_image_link":"https:\/\/www.csj-emballages.com\/wp-content\/uploads\/2024\/12\/BPGAUF-300x300.webp","tiered_pricing_type":"fixed","tiered_pricing_fixed_rules":[],"tiered_pricing_percentage_rules":[],"tiered_pricing_minimum":1,"tiered_pricing_roles_data":[],"_links":{"self":[{"href":"https:\/\/www.csj-emballages.com\/it\/wp-json\/wp\/v2\/product\/271528","targetHints":{"allow":["GET"]}}],"collection":[{"href":"https:\/\/www.csj-emballages.com\/it\/wp-json\/wp\/v2\/product"}],"about":[{"href":"https:\/\/www.csj-emballages.com\/it\/wp-json\/wp\/v2\/types\/product"}],"wp:featuredmedia":[{"embeddable":true,"href":"https:\/\/www.csj-emballages.com\/it\/wp-json\/wp\/v2\/media\/271533"}],"wp:attachment":[{"href":"https:\/\/www.csj-emballages.com\/it\/wp-json\/wp\/v2\/media?parent=271528"}],"wp:term":[{"taxonomy":"product_brand","embeddable":true,"href":"https:\/\/www.csj-emballages.com\/it\/wp-json\/wp\/v2\/product_brand?post=271528"},{"taxonomy":"product_cat","embeddable":true,"href":"https:\/\/www.csj-emballages.com\/it\/wp-json\/wp\/v2\/product_cat?post=271528"},{"taxonomy":"product_tag","embeddable":true,"href":"https:\/\/www.csj-emballages.com\/it\/wp-json\/wp\/v2\/product_tag?post=271528"}],"curies":[{"name":"wp","href":"https:\/\/api.w.org\/{rel}","templated":true}]}}