{"id":271518,"date":"2024-12-18T16:15:26","date_gmt":"2024-12-18T15:15:26","guid":{"rendered":"https:\/\/www.csj-emballages.com\/produit\/scatola-per-nuggets-in-cartone-da-asporto-228-x-124-x-78-mm-confezione-da-50\/"},"modified":"2026-04-18T02:17:21","modified_gmt":"2026-04-18T00:17:21","slug":"scatola-per-nuggets-in-cartone-da-asporto-228-x-124-x-78-mm-confezione-da-50","status":"publish","type":"product","link":"https:\/\/www.csj-emballages.com\/it\/produit\/scatola-per-nuggets-in-cartone-da-asporto-228-x-124-x-78-mm-confezione-da-50\/","title":{"rendered":"Scatola per nuggets in cartone da asporto 228 x 124 x 78 mm confezione da 50"},"content":{"rendered":"<h2>Scatola per nuggets<\/h2>\n<hr>\n<h3>Descrizione della nostra scatola per nuggets in cartone da asporto 228 x 124 x 78 mm confezione da 50<\/h3>\n<p><!--more--><\/p>\n<p data-start=\"244\" data-end=\"727\">Se cerchi un imballaggio pratico, resistente e piacevole da presentare ai tuoi clienti, questa <strong data-start=\"346\" data-end=\"392\">scatola per nuggets in cartone da 228 x 124 x 78 mm<\/strong> \u00e8 esattamente ci\u00f2 che ti serve. Appena la prendi in mano, ne percepisci la qualit\u00e0: un <strong>cartone rigido<\/strong>, pulito e perfettamente progettato per contenere <strong>alimenti caldi<\/strong> senza deformarsi. Grazie alle sue dimensioni ideali, puoi inserirvi <strong>nuggets<\/strong>, <strong>tenders<\/strong>, <strong>tapas<\/strong>, <strong>frittelle<\/strong>&#8230; o anche una piccola porzione di patatine.  <\/p>\n<p data-start=\"729\" data-end=\"1078\">Inoltre, si chiude facilmente grazie al suo <strong>sistema di chiusura intelligente<\/strong>. Cos\u00ec, le tue preparazioni rimangono calde durante il trasporto, senza rischio di fuoriuscite o aperture accidentali. I tuoi clienti beneficiano quindi di un imballaggio pulito, pratico e soprattutto piacevole da aprire. Questo migliora direttamente la loro esperienza, e quindi la tua immagine.   <\/p>\n<p data-start=\"1080\" data-end=\"1362\">Ma non \u00e8 tutto. Essendo in cartone, questa <strong>scatola per nuggets<\/strong> rimane un&#8217;opzione pi\u00f9 ecologica rispetto agli imballaggi in plastica tradizionali. Dimostra che ti prendi cura della tua cucina&#8230; ma anche della tua responsabilit\u00e0 ambientale. E questo, i tuoi clienti lo notano.   <\/p>\n<p data-start=\"1364\" data-end=\"1568\">Allo stesso modo, il suo design neutro ti lascia tutta la libert\u00e0 di personalizzare la <strong>scatola<\/strong>: un <strong>adesivo<\/strong>, un <strong>timbro<\/strong>, un <strong>logo<\/strong>&#8230; e il tuo packaging diventa un vero supporto di comunicazione, semplice ma efficace.<\/p>\n<p data-start=\"1570\" data-end=\"1754\">Che tu gestisca uno snack bar, un food truck, una paninoteca o un servizio di consegna, questa scatola ti permetter\u00e0 di lavorare pi\u00f9 velocemente, in modo pi\u00f9 pulito e con pi\u00f9 stile.<\/p>\n<p>&nbsp;<\/p>\n<p><!--more--><\/p>\n<p><strong><span style=\"color: #ff0000;\">*Possibilit\u00e0 di personalizzazione<\/span><\/strong><\/p>\n<p>&nbsp;<\/p>\n<p><!--more--><\/p>\n<h4>Vantaggi:<\/h4>\n<ul>\n<li data-start=\"1446\" data-end=\"1510\">Scatola resistente che sopporta molto bene alimenti caldi e grassi.<\/li>\n<li data-start=\"1513\" data-end=\"1569\">Formato ideale per <strong>nuggets<\/strong>, <strong>tenders<\/strong> e <strong>piccole porzioni<\/strong>.<\/li>\n<li data-start=\"1572\" data-end=\"1624\">Chiusura rapida e intuitiva per risparmiare tempo.<\/li>\n<li data-start=\"1627\" data-end=\"1683\"><strong>In cartone<\/strong>: soluzione pi\u00f9 responsabile della plastica.<\/li>\n<li data-start=\"1686\" data-end=\"1739\"><strong>Venduto in confezione da 50<\/strong> per un eccellente rapporto qualit\u00e0\/prezzo.<\/li>\n<li data-start=\"1742\" data-end=\"1799\">Presentazione pulita e professionale per i tuoi clienti.<\/li>\n<\/ul>\n<p>&nbsp;<\/p>\n<p><!--more--><\/p>\n<h4>Altre informazioni:<\/h4>\n<ul>\n<li><strong>Confezionamento<\/strong>: Pacchetto da 50<\/li>\n<li><strong>Dimensioni<\/strong>: 228 x 124 x 78 mm<\/li>\n<li><strong>Materiale<\/strong>: Cartone<\/li>\n<li><strong>Colore<\/strong>: Marrone<\/li>\n<\/ul>\n<p>&nbsp;<\/p>\n<p><!--more--><\/p>\n<p>Trova qui le diverse dimensioni disponibili per questo prodotto: <span style=\"color: #d12727;\"><a style=\"color: #d12727;\" href=\"https:\/\/www.csj-emballages.com\/it\/produit\/scatola-per-nuggets-in-cartone-da-asporto-144-x-85-x-60-mm-da-50\/\">144 x 85 x 60 mm<\/a><\/span> \/ <span style=\"color: #d12727;\"><a style=\"color: #d12727;\" href=\"https:\/\/www.csj-emballages.com\/it\/produit\/scatola-per-nuggets-in-cartone-da-asporto-175-x-105-x-75-mm-confezione-da-50\/\">175 x 105 x 75 mm<\/a><\/span><\/p>\n<p>&nbsp;<\/p>\n<p><!--more--><\/p>\n<p><a href=\"https:\/\/www.csj-emballages.com\/it\/categorie-produit\/imballaggi-alimentari\/ristorazione\/scatole-vaschette-buste-coni\/vaschette-scatole-in-cartone\/scatole-cartone-pasto\/\">Consulta il resto della nostra gamma di scatole in cartone per pasti<\/a><\/p>\n","protected":false},"excerpt":{"rendered":"<p>Scatola per nuggets Descrizione della nostra scatola per nuggets in cartone da asporto 228 x 124 x 78 mm confezione da 50<\/p>\n","protected":false},"featured_media":271521,"template":"","meta":{"_acf_changed":false},"product_brand":[],"product_cat":[10346,10375,10511,10506,10507],"product_tag":[],"class_list":{"0":"post-271518","1":"product","2":"type-product","3":"status-publish","4":"has-post-thumbnail","6":"product_cat-imballaggi-alimentari","7":"product_cat-ristorazione","8":"product_cat-scatole-vaschette-buste-coni","9":"product_cat-vaschette-scatole-in-cartone","10":"product_cat-scatole-cartone-pasto","12":"first","13":"instock","14":"taxable","15":"shipping-taxable","16":"purchasable","17":"product-type-simple"},"acf":[],"yoast_head":"<!-- This site is optimized with the Yoast SEO Premium plugin v26.6 (Yoast SEO v26.6) - https:\/\/yoast.com\/wordpress\/plugins\/seo\/ -->\n<title>Scatola per Nuggets in Cartone da Asporto 228 x 124 x 78 mm confezione da 50<\/title>\n<meta name=\"description\" content=\"Scatola per nuggets in kraft 228 x 124 x 78 mm, perfetta per l&#039;asporto. Resistente ai grassi, garantisce un trasporto ottimale dei tuoi nuggets\" \/>\n<meta name=\"robots\" content=\"index, follow, max-snippet:-1, max-image-preview:large, max-video-preview:-1\" \/>\n<link rel=\"canonical\" href=\"https:\/\/www.csj-emballages.com\/it\/produit\/scatola-per-nuggets-in-cartone-da-asporto-228-x-124-x-78-mm-confezione-da-50\/\" \/>\n<meta property=\"og:locale\" content=\"it_IT\" \/>\n<meta property=\"og:type\" content=\"article\" \/>\n<meta property=\"og:title\" content=\"Scatola per nuggets in cartone da asporto 228 x 124 x 78 mm confezione da 50\" \/>\n<meta property=\"og:description\" content=\"Scatola per nuggets in kraft 228 x 124 x 78 mm, perfetta per l&#039;asporto. Resistente ai grassi, garantisce un trasporto ottimale dei tuoi nuggets\" \/>\n<meta property=\"og:url\" content=\"https:\/\/www.csj-emballages.com\/it\/produit\/scatola-per-nuggets-in-cartone-da-asporto-228-x-124-x-78-mm-confezione-da-50\/\" \/>\n<meta property=\"og:site_name\" content=\"CSJ Emballages\" \/>\n<meta property=\"article:publisher\" content=\"https:\/\/www.facebook.com\/csjemballages\" \/>\n<meta property=\"article:modified_time\" content=\"2026-04-18T00:17:21+00:00\" \/>\n<meta property=\"og:image\" content=\"https:\/\/www.csj-emballages.com\/wp-content\/uploads\/2024\/12\/TK22.webp\" \/>\n\t<meta property=\"og:image:width\" content=\"800\" \/>\n\t<meta property=\"og:image:height\" content=\"800\" \/>\n\t<meta property=\"og:image:type\" content=\"image\/webp\" \/>\n<meta name=\"twitter:card\" content=\"summary_large_image\" \/>\n<meta name=\"twitter:label1\" content=\"Dur\u00e9e de lecture estim\u00e9e\" \/>\n\t<meta name=\"twitter:data1\" content=\"2 minuti\" \/>\n<script type=\"application\/ld+json\" class=\"yoast-schema-graph\">{\"@context\":\"https:\/\/schema.org\",\"@graph\":[{\"@type\":\"WebPage\",\"@id\":\"https:\/\/www.csj-emballages.com\/it\/produit\/scatola-per-nuggets-in-cartone-da-asporto-228-x-124-x-78-mm-confezione-da-50\/\",\"url\":\"https:\/\/www.csj-emballages.com\/it\/produit\/scatola-per-nuggets-in-cartone-da-asporto-228-x-124-x-78-mm-confezione-da-50\/\",\"name\":\"Scatola per Nuggets in Cartone da Asporto 228 x 124 x 78 mm confezione da 50\",\"isPartOf\":{\"@id\":\"https:\/\/www.csj-emballages.com\/it\/#website\"},\"primaryImageOfPage\":{\"@id\":\"https:\/\/www.csj-emballages.com\/it\/produit\/scatola-per-nuggets-in-cartone-da-asporto-228-x-124-x-78-mm-confezione-da-50\/#primaryimage\"},\"image\":{\"@id\":\"https:\/\/www.csj-emballages.com\/it\/produit\/scatola-per-nuggets-in-cartone-da-asporto-228-x-124-x-78-mm-confezione-da-50\/#primaryimage\"},\"thumbnailUrl\":\"https:\/\/www.csj-emballages.com\/wp-content\/uploads\/2024\/12\/TK22.webp\",\"datePublished\":\"2024-12-18T15:15:26+00:00\",\"dateModified\":\"2026-04-18T00:17:21+00:00\",\"description\":\"Scatola per nuggets in kraft 228 x 124 x 78 mm, perfetta per l'asporto. Resistente ai grassi, garantisce un trasporto ottimale dei tuoi nuggets\",\"breadcrumb\":{\"@id\":\"https:\/\/www.csj-emballages.com\/it\/produit\/scatola-per-nuggets-in-cartone-da-asporto-228-x-124-x-78-mm-confezione-da-50\/#breadcrumb\"},\"inLanguage\":\"it-IT\",\"potentialAction\":[{\"@type\":\"ReadAction\",\"target\":[\"https:\/\/www.csj-emballages.com\/it\/produit\/scatola-per-nuggets-in-cartone-da-asporto-228-x-124-x-78-mm-confezione-da-50\/\"]}]},{\"@type\":\"ImageObject\",\"inLanguage\":\"it-IT\",\"@id\":\"https:\/\/www.csj-emballages.com\/it\/produit\/scatola-per-nuggets-in-cartone-da-asporto-228-x-124-x-78-mm-confezione-da-50\/#primaryimage\",\"url\":\"https:\/\/www.csj-emballages.com\/wp-content\/uploads\/2024\/12\/TK22.webp\",\"contentUrl\":\"https:\/\/www.csj-emballages.com\/wp-content\/uploads\/2024\/12\/TK22.webp\",\"width\":800,\"height\":800,\"caption\":\"Boite nuggets\"},{\"@type\":\"BreadcrumbList\",\"@id\":\"https:\/\/www.csj-emballages.com\/it\/produit\/scatola-per-nuggets-in-cartone-da-asporto-228-x-124-x-78-mm-confezione-da-50\/#breadcrumb\",\"itemListElement\":[{\"@type\":\"ListItem\",\"position\":1,\"name\":\"Home\",\"item\":\"https:\/\/www.csj-emballages.com\/it\/universo-imballaggi-alimentari\/\"},{\"@type\":\"ListItem\",\"position\":2,\"name\":\"Negozio\",\"item\":\"https:\/\/www.csj-emballages.com\/it\/negozio\/\"},{\"@type\":\"ListItem\",\"position\":3,\"name\":\"Scatola per nuggets in cartone da asporto 228 x 124 x 78 mm confezione da 50\"}]},{\"@type\":\"WebSite\",\"@id\":\"https:\/\/www.csj-emballages.com\/it\/#website\",\"url\":\"https:\/\/www.csj-emballages.com\/it\/\",\"name\":\"CSJ Emballages\",\"description\":\"\",\"publisher\":{\"@id\":\"https:\/\/www.csj-emballages.com\/it\/#organization\"},\"potentialAction\":[{\"@type\":\"SearchAction\",\"target\":{\"@type\":\"EntryPoint\",\"urlTemplate\":\"https:\/\/www.csj-emballages.com\/it\/?s={search_term_string}\"},\"query-input\":{\"@type\":\"PropertyValueSpecification\",\"valueRequired\":true,\"valueName\":\"search_term_string\"}}],\"inLanguage\":\"it-IT\"},{\"@type\":\"Organization\",\"@id\":\"https:\/\/www.csj-emballages.com\/it\/#Organization\/\",\"name\":\"CSJ Emballages\",\"url\":\"https:\/\/www.csj-emballages.com\/it\/\",\"logo\":{\"@type\":\"ImageObject\",\"inLanguage\":\"it-IT\",\"@id\":\"https:\/\/www.csj-emballages.com\/it\/#\/schema\/logo\/image\/\",\"url\":\"https:\/\/www.csj-emballages.com\/wp-content\/uploads\/2023\/10\/logo_csj.webp\",\"contentUrl\":\"https:\/\/www.csj-emballages.com\/wp-content\/uploads\/2023\/10\/logo_csj.webp\",\"width\":250,\"height\":95,\"caption\":\"CSJ Emballages\"},\"image\":{\"@id\":\"https:\/\/www.csj-emballages.com\/it\/#\/schema\/logo\/image\/\"},\"sameAs\":[\"https:\/\/www.facebook.com\/csjemballages\"],\"address\":{\"@type\":\"PostalAddress\",\"streetAddress\":\"ZI La Lechere\",\"addressLocality\":\"Patornay\",\"postalCode\":\"39130\",\"addressCountry\":\"FR\"},\"contactPoint\":[{\"@type\":\"ContactPoint\",\"contactType\":\"Service client\",\"telephone\":\"0384254272\",\"email\":\"contact@csj-emballages.com\"}]}]}<\/script>\n<!-- \/ Yoast SEO Premium plugin. -->","yoast_head_json":{"title":"Scatola per Nuggets in Cartone da Asporto 228 x 124 x 78 mm confezione da 50","description":"Scatola per nuggets in kraft 228 x 124 x 78 mm, perfetta per l'asporto. Resistente ai grassi, garantisce un trasporto ottimale dei tuoi nuggets","robots":{"index":"index","follow":"follow","max-snippet":"max-snippet:-1","max-image-preview":"max-image-preview:large","max-video-preview":"max-video-preview:-1"},"canonical":"https:\/\/www.csj-emballages.com\/it\/produit\/scatola-per-nuggets-in-cartone-da-asporto-228-x-124-x-78-mm-confezione-da-50\/","og_locale":"it_IT","og_type":"article","og_title":"Scatola per nuggets in cartone da asporto 228 x 124 x 78 mm confezione da 50","og_description":"Scatola per nuggets in kraft 228 x 124 x 78 mm, perfetta per l'asporto. Resistente ai grassi, garantisce un trasporto ottimale dei tuoi nuggets","og_url":"https:\/\/www.csj-emballages.com\/it\/produit\/scatola-per-nuggets-in-cartone-da-asporto-228-x-124-x-78-mm-confezione-da-50\/","og_site_name":"CSJ Emballages","article_publisher":"https:\/\/www.facebook.com\/csjemballages","article_modified_time":"2026-04-18T00:17:21+00:00","og_image":[{"width":800,"height":800,"url":"https:\/\/www.csj-emballages.com\/wp-content\/uploads\/2024\/12\/TK22.webp","type":"image\/webp"}],"twitter_card":"summary_large_image","twitter_misc":{"Dur\u00e9e de lecture estim\u00e9e":"2 minuti"},"schema":{"@context":"https:\/\/schema.org","@graph":[{"@type":"WebPage","@id":"https:\/\/www.csj-emballages.com\/it\/produit\/scatola-per-nuggets-in-cartone-da-asporto-228-x-124-x-78-mm-confezione-da-50\/","url":"https:\/\/www.csj-emballages.com\/it\/produit\/scatola-per-nuggets-in-cartone-da-asporto-228-x-124-x-78-mm-confezione-da-50\/","name":"Scatola per Nuggets in Cartone da Asporto 228 x 124 x 78 mm confezione da 50","isPartOf":{"@id":"https:\/\/www.csj-emballages.com\/it\/#website"},"primaryImageOfPage":{"@id":"https:\/\/www.csj-emballages.com\/it\/produit\/scatola-per-nuggets-in-cartone-da-asporto-228-x-124-x-78-mm-confezione-da-50\/#primaryimage"},"image":{"@id":"https:\/\/www.csj-emballages.com\/it\/produit\/scatola-per-nuggets-in-cartone-da-asporto-228-x-124-x-78-mm-confezione-da-50\/#primaryimage"},"thumbnailUrl":"https:\/\/www.csj-emballages.com\/wp-content\/uploads\/2024\/12\/TK22.webp","datePublished":"2024-12-18T15:15:26+00:00","dateModified":"2026-04-18T00:17:21+00:00","description":"Scatola per nuggets in kraft 228 x 124 x 78 mm, perfetta per l'asporto. Resistente ai grassi, garantisce un trasporto ottimale dei tuoi nuggets","breadcrumb":{"@id":"https:\/\/www.csj-emballages.com\/it\/produit\/scatola-per-nuggets-in-cartone-da-asporto-228-x-124-x-78-mm-confezione-da-50\/#breadcrumb"},"inLanguage":"it-IT","potentialAction":[{"@type":"ReadAction","target":["https:\/\/www.csj-emballages.com\/it\/produit\/scatola-per-nuggets-in-cartone-da-asporto-228-x-124-x-78-mm-confezione-da-50\/"]}]},{"@type":"ImageObject","inLanguage":"it-IT","@id":"https:\/\/www.csj-emballages.com\/it\/produit\/scatola-per-nuggets-in-cartone-da-asporto-228-x-124-x-78-mm-confezione-da-50\/#primaryimage","url":"https:\/\/www.csj-emballages.com\/wp-content\/uploads\/2024\/12\/TK22.webp","contentUrl":"https:\/\/www.csj-emballages.com\/wp-content\/uploads\/2024\/12\/TK22.webp","width":800,"height":800,"caption":"Boite nuggets"},{"@type":"BreadcrumbList","@id":"https:\/\/www.csj-emballages.com\/it\/produit\/scatola-per-nuggets-in-cartone-da-asporto-228-x-124-x-78-mm-confezione-da-50\/#breadcrumb","itemListElement":[{"@type":"ListItem","position":1,"name":"Home","item":"https:\/\/www.csj-emballages.com\/it\/universo-imballaggi-alimentari\/"},{"@type":"ListItem","position":2,"name":"Negozio","item":"https:\/\/www.csj-emballages.com\/it\/negozio\/"},{"@type":"ListItem","position":3,"name":"Scatola per nuggets in cartone da asporto 228 x 124 x 78 mm confezione da 50"}]},{"@type":"WebSite","@id":"https:\/\/www.csj-emballages.com\/it\/#website","url":"https:\/\/www.csj-emballages.com\/it\/","name":"CSJ Emballages","description":"","publisher":{"@id":"https:\/\/www.csj-emballages.com\/it\/#organization"},"potentialAction":[{"@type":"SearchAction","target":{"@type":"EntryPoint","urlTemplate":"https:\/\/www.csj-emballages.com\/it\/?s={search_term_string}"},"query-input":{"@type":"PropertyValueSpecification","valueRequired":true,"valueName":"search_term_string"}}],"inLanguage":"it-IT"},{"@type":"Organization","@id":"https:\/\/www.csj-emballages.com\/it\/#Organization\/","name":"CSJ Emballages","url":"https:\/\/www.csj-emballages.com\/it\/","logo":{"@type":"ImageObject","inLanguage":"it-IT","@id":"https:\/\/www.csj-emballages.com\/it\/#\/schema\/logo\/image\/","url":"https:\/\/www.csj-emballages.com\/wp-content\/uploads\/2023\/10\/logo_csj.webp","contentUrl":"https:\/\/www.csj-emballages.com\/wp-content\/uploads\/2023\/10\/logo_csj.webp","width":250,"height":95,"caption":"CSJ Emballages"},"image":{"@id":"https:\/\/www.csj-emballages.com\/it\/#\/schema\/logo\/image\/"},"sameAs":["https:\/\/www.facebook.com\/csjemballages"],"address":{"@type":"PostalAddress","streetAddress":"ZI La Lechere","addressLocality":"Patornay","postalCode":"39130","addressCountry":"FR"},"contactPoint":[{"@type":"ContactPoint","contactType":"Service client","telephone":"0384254272","email":"contact@csj-emballages.com"}]}]}},"df_price":18.78,"df_sale_price":"","df_regular_price":18.78,"df_image_link":"https:\/\/www.csj-emballages.com\/wp-content\/uploads\/2024\/12\/TK22-300x300.webp","tiered_pricing_type":"fixed","tiered_pricing_fixed_rules":[],"tiered_pricing_percentage_rules":[],"tiered_pricing_minimum":1,"tiered_pricing_roles_data":[],"_links":{"self":[{"href":"https:\/\/www.csj-emballages.com\/it\/wp-json\/wp\/v2\/product\/271518","targetHints":{"allow":["GET"]}}],"collection":[{"href":"https:\/\/www.csj-emballages.com\/it\/wp-json\/wp\/v2\/product"}],"about":[{"href":"https:\/\/www.csj-emballages.com\/it\/wp-json\/wp\/v2\/types\/product"}],"wp:featuredmedia":[{"embeddable":true,"href":"https:\/\/www.csj-emballages.com\/it\/wp-json\/wp\/v2\/media\/271521"}],"wp:attachment":[{"href":"https:\/\/www.csj-emballages.com\/it\/wp-json\/wp\/v2\/media?parent=271518"}],"wp:term":[{"taxonomy":"product_brand","embeddable":true,"href":"https:\/\/www.csj-emballages.com\/it\/wp-json\/wp\/v2\/product_brand?post=271518"},{"taxonomy":"product_cat","embeddable":true,"href":"https:\/\/www.csj-emballages.com\/it\/wp-json\/wp\/v2\/product_cat?post=271518"},{"taxonomy":"product_tag","embeddable":true,"href":"https:\/\/www.csj-emballages.com\/it\/wp-json\/wp\/v2\/product_tag?post=271518"}],"curies":[{"name":"wp","href":"https:\/\/api.w.org\/{rel}","templated":true}]}}