{"id":271490,"date":"2024-12-19T02:18:46","date_gmt":"2024-12-19T01:18:46","guid":{"rendered":"https:\/\/www.csj-emballages.com\/produit\/aroma-liquido-fiori-darancio-1-litro\/"},"modified":"2026-04-17T02:10:45","modified_gmt":"2026-04-17T00:10:45","slug":"aroma-liquido-fiori-darancio-1-litro","status":"publish","type":"product","link":"https:\/\/www.csj-emballages.com\/it\/produit\/aroma-liquido-fiori-darancio-1-litro\/","title":{"rendered":"Aroma liquido fiori d&#8217;arancio 1 litro"},"content":{"rendered":"<h2>Aroma liquido<\/h2>\n<hr>\n<h3>Descrizione del nostro aroma liquido fiori d&#8217;arancio 1000 ml<\/h3>\n<p><!--more--><\/p>\n<div class=\"flex-1 overflow-hidden @container\/thread\">\n<div class=\"h-full\">\n<div class=\"react-scroll-to-bottom--css-xispg-79elbk h-full\">\n<div class=\"react-scroll-to-bottom--css-xispg-1n7m0yu\">\n<div class=\"flex flex-col text-sm md:pb-9\">\n<article class=\"w-full scroll-mb-[var(--thread-trailing-height,150px)] text-token-text-primary focus-visible:outline-2 focus-visible:outline-offset-[-4px]\" dir=\"auto\" data-testid=\"conversation-turn-15\" data-scroll-anchor=\"true\">\n<div class=\"m-auto text-base py-[18px] px-3 md:px-4 w-full md:px-5 lg:px-4 xl:px-5\">\n<div class=\"mx-auto flex flex-1 gap-4 text-base md:gap-5 lg:gap-6 md:max-w-3xl lg:max-w-[40rem] xl:max-w-[48rem]\">\n<div class=\"group\/conversation-turn relative flex w-full min-w-0 flex-col agent-turn\">\n<div class=\"flex-col gap-1 md:gap-3\">\n<div class=\"flex max-w-full flex-col flex-grow\">\n<div class=\"min-h-8 text-message flex w-full flex-col items-end gap-2 whitespace-normal break-words text-start [.text-message+&amp;]:mt-5\" dir=\"auto\" data-message-author-role=\"assistant\" data-message-id=\"d5505132-ccae-4219-a1f8-f62fd3361021\" data-message-model-slug=\"gpt-4o-mini\">\n<div class=\"flex w-full flex-col gap-1 empty:hidden first:pt-[3px]\">\n<div class=\"markdown prose w-full break-words dark:prose-invert dark\">\n<p>Scopri il nostro <strong>aroma liquido<\/strong> dalla dolce e delicata fragranza di <strong>fiori d&#8217;arancio<\/strong>. Questo prodotto \u00e8 pensato per donare una nota floreale leggera e sottile alle tue ricette, rimanendo fedele all&#8217;essenza naturale di questo fiore. Con il suo formato generoso da 1000 ml, \u00e8 perfetto per i professionisti della cucina, i pasticceri o gli appassionati di cucina casalinga. Grazie alla sua semplicit\u00e0 d&#8217;uso, ti permette di aggiungere un tocco raffinato alle tue creazioni senza sforzo. Questo <strong>aroma liquido<\/strong> ai <strong>fiori d&#8217;arancio<\/strong> \u00e8 estremamente versatile. Pu\u00f2 essere utilizzato per profumare una grande variet\u00e0 di piatti, dessert e bevande. Poche gocce bastano per donare una nota floreale piacevole e rilassante. Il suo profumo leggero e sottile esalta ogni ricetta senza sovrastare gli altri sapori. In pasticceria, \u00e8 ideale per aromatizzare brioche, madeleine o financier.        <\/p>\n<\/div>\n<\/div>\n<\/div>\n<p>&nbsp;<\/p>\n<div class=\"min-h-8 text-message flex w-full flex-col items-end gap-2 whitespace-normal break-words text-start [.text-message+&amp;]:mt-5\" dir=\"auto\" data-message-author-role=\"assistant\" data-message-id=\"d5505132-ccae-4219-a1f8-f62fd3361021\" data-message-model-slug=\"gpt-4o-mini\">\n<div class=\"flex w-full flex-col gap-1 empty:hidden first:pt-[3px]\">\n<div class=\"markdown prose w-full break-words dark:prose-invert dark\">\n<p><!--more--><\/p>\n<h4>Un utilizzo pratico ed economico<\/h4>\n<p>Uno dei grandi vantaggi di questo <strong>aroma fiori d&#8217;arancio<\/strong> \u00e8 la sua facilit\u00e0 d&#8217;uso. Il suo formato da <strong>1000 ml<\/strong> permette di utilizzarlo in grandi quantit\u00e0, ideale per i professionisti che preparano regolarmente ricette che richiedono questo ingrediente. Il flacone \u00e8 dotato di un tappo pratico che ti permette di dosare con precisione, evitando sprechi. Una piccola quantit\u00e0 \u00e8 generalmente sufficiente per ottenere il profumo desiderato, il che consente di prolungare l&#8217;utilizzo di questo prodotto durante tutto l&#8217;anno.   <\/p>\n<p>Questo <strong>aroma liquido<\/strong> \u00e8 molto apprezzato anche per la sua versatilit\u00e0. Puoi usarlo nelle tue ricette dolci o salate. Ad esempio, pu\u00f2 essere aggiunto a salse per accompagnare piatti mediterranei o orientali. Il suo profumo delicato si sposa perfettamente con ingredienti come agrumi, miele, mandorle o frutta secca. In pasticceria, aggiunge una dimensione extra a ricette semplici come madeleine, torte o pan di Spagna. In sintesi, questo prodotto \u00e8 un vero vantaggio per arricchire le tue ricette abituali con nuovi sapori.     <\/p>\n<h3><\/h3>\n<\/div>\n<\/div>\n<\/div>\n<\/div>\n<\/div>\n<\/div>\n<\/div>\n<\/div>\n<\/article>\n<\/div>\n<\/div>\n<\/div>\n<\/div>\n<\/div>\n<p><!--more--><\/p>\n<p><span style=\"color: #ff0000;\"><strong>Data scaduta (DLUO) 06\/2025<\/strong><\/span><\/p>\n<p>&nbsp;<\/p>\n<p><!--more--><\/p>\n<h4>Vantaggi:<\/h4>\n<ul>\n<li>L&#8217;<strong>aroma liquido<\/strong> fiori d&#8217;arancio offre una fragranza sottile e piacevole, ideale per profumare le tue ricette.<\/li>\n<li>Perfetto per una variet\u00e0 di preparazioni dolci e salate, inclusi prodotti da forno, salse e bevande.<\/li>\n<li>Il flacone da 1000 ml \u00e8 adatto a professionisti o appassionati di cucina.<\/li>\n<li>Il tappo ermetico garantisce una conservazione ottimale e una freschezza prolungata.<\/li>\n<\/ul>\n<p>&nbsp;<\/p>\n<p><!--more--><\/p>\n<h4>Altre informazioni:<\/h4>\n<ul>\n<li><b>Altezza: <\/b>300 mm<\/li>\n<li><strong>Confezionamento<\/strong>: All&#8217;unit\u00e0<\/li>\n<li><strong>Volume<\/strong>: 1000 ml<\/li>\n<li><b>Sapore: <\/b>Fiori d&#8217;arancio<\/li>\n<li><strong>Dosaggio<\/strong>: 20g\/kg<\/li>\n<\/ul>\n<p>&nbsp;<\/p>\n<p><!--more--><\/p>\n<h4>Composizione:<\/h4>\n<ul>\n<li><strong>Acqua<\/strong> \/ <strong>Aroma Naturale fiori d&#8217;arancio \/ Aroma fiori d&#8217;arancio<\/strong><\/li>\n<\/ul>\n<p>&nbsp;<\/p>\n<p><!--more--><\/p>\n<p>Prodotto disponibile in diversi aromi: <span style=\"color: #d12727;\"><a style=\"color: #d12727;\" href=\"https:\/\/www.csj-emballages.com\/it\/produit\/aroma-liquido-caffe-50-ml\/\">Caff\u00e8<\/a><\/span> \/ <span style=\"color: #d12727;\"><a style=\"color: #d12727;\" href=\"https:\/\/www.csj-emballages.com\/it\/produit\/aroma-liquido-vaniglia-50-ml\/\">Vaniglia<\/a><\/span> \/ <span style=\"color: #d12727;\"><a style=\"color: #d12727;\" href=\"https:\/\/www.csj-emballages.com\/it\/produit\/aroma-liquido-cacao-50-ml\/\">Cacao<\/a><\/span> \/ <span style=\"color: #d12727;\"><a style=\"color: #d12727;\" href=\"https:\/\/www.csj-emballages.com\/it\/produit\/aroma-liquido-limone-50-ml\/\">Limone<\/a><\/span> \/ <span style=\"color: #d12727;\"><a style=\"color: #d12727;\" href=\"https:\/\/www.csj-emballages.com\/it\/produit\/aroma-liquido-fragola-50-ml\/\">Fragola<\/a><\/span> \/ <span style=\"color: #d12727;\"><a style=\"color: #d12727;\" href=\"https:\/\/www.csj-emballages.com\/it\/produit\/aroma-liquido-alla-mandorla-amara-50-ml\/\">Mandorla amara<\/a><\/span><\/p>\n<p>&nbsp;<\/p>\n<p><!--more--><\/p>\n<p><a href=\"https:\/\/www.csj-emballages.com\/it\/categorie-produit\/alimentari\/pasticceria\/aromi\/\">Scopri il resto della nostra gamma di aromi<\/a><\/p>\n","protected":false},"excerpt":{"rendered":"<p>Aroma liquido Descrizione del nostro aroma liquido fiori d&#8217;arancio 1000 ml<\/p>\n","protected":false},"featured_media":271496,"template":"","meta":{"_acf_changed":false},"product_brand":[],"product_cat":[10346,10452,10445,11424,11425,10453],"product_tag":[],"class_list":{"0":"post-271490","1":"product","2":"type-product","3":"status-publish","4":"has-post-thumbnail","6":"product_cat-imballaggi-alimentari","7":"product_cat-anti-spreco","8":"product_cat-alimentari","9":"product_cat-pasticceria","10":"product_cat-aromi","11":"product_cat-svuota-magazzino","13":"first","14":"instock","15":"sale","16":"taxable","17":"shipping-taxable","18":"purchasable","19":"product-type-simple"},"acf":[],"yoast_head":"<!-- This site is optimized with the Yoast SEO Premium plugin v26.6 (Yoast SEO v26.6) - https:\/\/yoast.com\/wordpress\/plugins\/seo\/ -->\n<title>Aroma Liquido Fiori d&#039;arancio - 50 ml<\/title>\n<meta name=\"description\" content=\"Aroma liquido fiori d&#039;arancio 50 ml: un sapore naturale e versatile per esaltare le tue ricette dolci o salate. Formato pratico e facile da dosare\" \/>\n<meta name=\"robots\" content=\"index, follow, max-snippet:-1, max-image-preview:large, max-video-preview:-1\" \/>\n<link rel=\"canonical\" href=\"https:\/\/www.csj-emballages.com\/it\/produit\/aroma-liquido-fiori-darancio-1-litro\/\" \/>\n<meta property=\"og:locale\" content=\"it_IT\" \/>\n<meta property=\"og:type\" content=\"article\" \/>\n<meta property=\"og:title\" content=\"Aroma liquido fiori d&#039;arancio 1 litro\" \/>\n<meta property=\"og:description\" content=\"Aroma liquido fiori d&#039;arancio 50 ml: un sapore naturale e versatile per esaltare le tue ricette dolci o salate. Formato pratico e facile da dosare\" \/>\n<meta property=\"og:url\" content=\"https:\/\/www.csj-emballages.com\/it\/produit\/aroma-liquido-fiori-darancio-1-litro\/\" \/>\n<meta property=\"og:site_name\" content=\"CSJ Emballages\" \/>\n<meta property=\"article:publisher\" content=\"https:\/\/www.facebook.com\/csjemballages\" \/>\n<meta property=\"article:modified_time\" content=\"2026-04-17T00:10:45+00:00\" \/>\n<meta property=\"og:image\" content=\"https:\/\/www.csj-emballages.com\/wp-content\/uploads\/2024\/12\/Arome-fleur-doranger.webp\" \/>\n\t<meta property=\"og:image:width\" content=\"800\" \/>\n\t<meta property=\"og:image:height\" content=\"800\" \/>\n\t<meta property=\"og:image:type\" content=\"image\/webp\" \/>\n<meta name=\"twitter:card\" content=\"summary_large_image\" \/>\n<meta name=\"twitter:label1\" content=\"Dur\u00e9e de lecture estim\u00e9e\" \/>\n\t<meta name=\"twitter:data1\" content=\"2 minuti\" \/>\n<script type=\"application\/ld+json\" class=\"yoast-schema-graph\">{\"@context\":\"https:\/\/schema.org\",\"@graph\":[{\"@type\":\"WebPage\",\"@id\":\"https:\/\/www.csj-emballages.com\/it\/produit\/aroma-liquido-fiori-darancio-1-litro\/\",\"url\":\"https:\/\/www.csj-emballages.com\/it\/produit\/aroma-liquido-fiori-darancio-1-litro\/\",\"name\":\"Aroma Liquido Fiori d'arancio - 50 ml\",\"isPartOf\":{\"@id\":\"https:\/\/www.csj-emballages.com\/it\/#website\"},\"primaryImageOfPage\":{\"@id\":\"https:\/\/www.csj-emballages.com\/it\/produit\/aroma-liquido-fiori-darancio-1-litro\/#primaryimage\"},\"image\":{\"@id\":\"https:\/\/www.csj-emballages.com\/it\/produit\/aroma-liquido-fiori-darancio-1-litro\/#primaryimage\"},\"thumbnailUrl\":\"https:\/\/www.csj-emballages.com\/wp-content\/uploads\/2024\/12\/Arome-fleur-doranger.webp\",\"datePublished\":\"2024-12-19T01:18:46+00:00\",\"dateModified\":\"2026-04-17T00:10:45+00:00\",\"description\":\"Aroma liquido fiori d'arancio 50 ml: un sapore naturale e versatile per esaltare le tue ricette dolci o salate. Formato pratico e facile da dosare\",\"breadcrumb\":{\"@id\":\"https:\/\/www.csj-emballages.com\/it\/produit\/aroma-liquido-fiori-darancio-1-litro\/#breadcrumb\"},\"inLanguage\":\"it-IT\",\"potentialAction\":[{\"@type\":\"ReadAction\",\"target\":[\"https:\/\/www.csj-emballages.com\/it\/produit\/aroma-liquido-fiori-darancio-1-litro\/\"]}]},{\"@type\":\"ImageObject\",\"inLanguage\":\"it-IT\",\"@id\":\"https:\/\/www.csj-emballages.com\/it\/produit\/aroma-liquido-fiori-darancio-1-litro\/#primaryimage\",\"url\":\"https:\/\/www.csj-emballages.com\/wp-content\/uploads\/2024\/12\/Arome-fleur-doranger.webp\",\"contentUrl\":\"https:\/\/www.csj-emballages.com\/wp-content\/uploads\/2024\/12\/Arome-fleur-doranger.webp\",\"width\":800,\"height\":800,\"caption\":\"Ar\u00f4me liquide fleur d'oranger\"},{\"@type\":\"BreadcrumbList\",\"@id\":\"https:\/\/www.csj-emballages.com\/it\/produit\/aroma-liquido-fiori-darancio-1-litro\/#breadcrumb\",\"itemListElement\":[{\"@type\":\"ListItem\",\"position\":1,\"name\":\"Home\",\"item\":\"https:\/\/www.csj-emballages.com\/it\/universo-imballaggi-alimentari\/\"},{\"@type\":\"ListItem\",\"position\":2,\"name\":\"Negozio\",\"item\":\"https:\/\/www.csj-emballages.com\/it\/negozio\/\"},{\"@type\":\"ListItem\",\"position\":3,\"name\":\"Aroma liquido fiori d&rsquo;arancio 1 litro\"}]},{\"@type\":\"WebSite\",\"@id\":\"https:\/\/www.csj-emballages.com\/it\/#website\",\"url\":\"https:\/\/www.csj-emballages.com\/it\/\",\"name\":\"CSJ Emballages\",\"description\":\"\",\"publisher\":{\"@id\":\"https:\/\/www.csj-emballages.com\/it\/#organization\"},\"potentialAction\":[{\"@type\":\"SearchAction\",\"target\":{\"@type\":\"EntryPoint\",\"urlTemplate\":\"https:\/\/www.csj-emballages.com\/it\/?s={search_term_string}\"},\"query-input\":{\"@type\":\"PropertyValueSpecification\",\"valueRequired\":true,\"valueName\":\"search_term_string\"}}],\"inLanguage\":\"it-IT\"},{\"@type\":\"Organization\",\"@id\":\"https:\/\/www.csj-emballages.com\/it\/#Organization\/\",\"name\":\"CSJ Emballages\",\"url\":\"https:\/\/www.csj-emballages.com\/it\/\",\"logo\":{\"@type\":\"ImageObject\",\"inLanguage\":\"it-IT\",\"@id\":\"https:\/\/www.csj-emballages.com\/it\/#\/schema\/logo\/image\/\",\"url\":\"https:\/\/www.csj-emballages.com\/wp-content\/uploads\/2023\/10\/logo_csj.webp\",\"contentUrl\":\"https:\/\/www.csj-emballages.com\/wp-content\/uploads\/2023\/10\/logo_csj.webp\",\"width\":250,\"height\":95,\"caption\":\"CSJ Emballages\"},\"image\":{\"@id\":\"https:\/\/www.csj-emballages.com\/it\/#\/schema\/logo\/image\/\"},\"sameAs\":[\"https:\/\/www.facebook.com\/csjemballages\"],\"address\":{\"@type\":\"PostalAddress\",\"streetAddress\":\"ZI La Lechere\",\"addressLocality\":\"Patornay\",\"postalCode\":\"39130\",\"addressCountry\":\"FR\"},\"contactPoint\":[{\"@type\":\"ContactPoint\",\"contactType\":\"Service client\",\"telephone\":\"0384254272\",\"email\":\"contact@csj-emballages.com\"}]}]}<\/script>\n<!-- \/ Yoast SEO Premium plugin. -->","yoast_head_json":{"title":"Aroma Liquido Fiori d'arancio - 50 ml","description":"Aroma liquido fiori d'arancio 50 ml: un sapore naturale e versatile per esaltare le tue ricette dolci o salate. Formato pratico e facile da dosare","robots":{"index":"index","follow":"follow","max-snippet":"max-snippet:-1","max-image-preview":"max-image-preview:large","max-video-preview":"max-video-preview:-1"},"canonical":"https:\/\/www.csj-emballages.com\/it\/produit\/aroma-liquido-fiori-darancio-1-litro\/","og_locale":"it_IT","og_type":"article","og_title":"Aroma liquido fiori d'arancio 1 litro","og_description":"Aroma liquido fiori d'arancio 50 ml: un sapore naturale e versatile per esaltare le tue ricette dolci o salate. Formato pratico e facile da dosare","og_url":"https:\/\/www.csj-emballages.com\/it\/produit\/aroma-liquido-fiori-darancio-1-litro\/","og_site_name":"CSJ Emballages","article_publisher":"https:\/\/www.facebook.com\/csjemballages","article_modified_time":"2026-04-17T00:10:45+00:00","og_image":[{"width":800,"height":800,"url":"https:\/\/www.csj-emballages.com\/wp-content\/uploads\/2024\/12\/Arome-fleur-doranger.webp","type":"image\/webp"}],"twitter_card":"summary_large_image","twitter_misc":{"Dur\u00e9e de lecture estim\u00e9e":"2 minuti"},"schema":{"@context":"https:\/\/schema.org","@graph":[{"@type":"WebPage","@id":"https:\/\/www.csj-emballages.com\/it\/produit\/aroma-liquido-fiori-darancio-1-litro\/","url":"https:\/\/www.csj-emballages.com\/it\/produit\/aroma-liquido-fiori-darancio-1-litro\/","name":"Aroma Liquido Fiori d'arancio - 50 ml","isPartOf":{"@id":"https:\/\/www.csj-emballages.com\/it\/#website"},"primaryImageOfPage":{"@id":"https:\/\/www.csj-emballages.com\/it\/produit\/aroma-liquido-fiori-darancio-1-litro\/#primaryimage"},"image":{"@id":"https:\/\/www.csj-emballages.com\/it\/produit\/aroma-liquido-fiori-darancio-1-litro\/#primaryimage"},"thumbnailUrl":"https:\/\/www.csj-emballages.com\/wp-content\/uploads\/2024\/12\/Arome-fleur-doranger.webp","datePublished":"2024-12-19T01:18:46+00:00","dateModified":"2026-04-17T00:10:45+00:00","description":"Aroma liquido fiori d'arancio 50 ml: un sapore naturale e versatile per esaltare le tue ricette dolci o salate. Formato pratico e facile da dosare","breadcrumb":{"@id":"https:\/\/www.csj-emballages.com\/it\/produit\/aroma-liquido-fiori-darancio-1-litro\/#breadcrumb"},"inLanguage":"it-IT","potentialAction":[{"@type":"ReadAction","target":["https:\/\/www.csj-emballages.com\/it\/produit\/aroma-liquido-fiori-darancio-1-litro\/"]}]},{"@type":"ImageObject","inLanguage":"it-IT","@id":"https:\/\/www.csj-emballages.com\/it\/produit\/aroma-liquido-fiori-darancio-1-litro\/#primaryimage","url":"https:\/\/www.csj-emballages.com\/wp-content\/uploads\/2024\/12\/Arome-fleur-doranger.webp","contentUrl":"https:\/\/www.csj-emballages.com\/wp-content\/uploads\/2024\/12\/Arome-fleur-doranger.webp","width":800,"height":800,"caption":"Ar\u00f4me liquide fleur d'oranger"},{"@type":"BreadcrumbList","@id":"https:\/\/www.csj-emballages.com\/it\/produit\/aroma-liquido-fiori-darancio-1-litro\/#breadcrumb","itemListElement":[{"@type":"ListItem","position":1,"name":"Home","item":"https:\/\/www.csj-emballages.com\/it\/universo-imballaggi-alimentari\/"},{"@type":"ListItem","position":2,"name":"Negozio","item":"https:\/\/www.csj-emballages.com\/it\/negozio\/"},{"@type":"ListItem","position":3,"name":"Aroma liquido fiori d&rsquo;arancio 1 litro"}]},{"@type":"WebSite","@id":"https:\/\/www.csj-emballages.com\/it\/#website","url":"https:\/\/www.csj-emballages.com\/it\/","name":"CSJ Emballages","description":"","publisher":{"@id":"https:\/\/www.csj-emballages.com\/it\/#organization"},"potentialAction":[{"@type":"SearchAction","target":{"@type":"EntryPoint","urlTemplate":"https:\/\/www.csj-emballages.com\/it\/?s={search_term_string}"},"query-input":{"@type":"PropertyValueSpecification","valueRequired":true,"valueName":"search_term_string"}}],"inLanguage":"it-IT"},{"@type":"Organization","@id":"https:\/\/www.csj-emballages.com\/it\/#Organization\/","name":"CSJ Emballages","url":"https:\/\/www.csj-emballages.com\/it\/","logo":{"@type":"ImageObject","inLanguage":"it-IT","@id":"https:\/\/www.csj-emballages.com\/it\/#\/schema\/logo\/image\/","url":"https:\/\/www.csj-emballages.com\/wp-content\/uploads\/2023\/10\/logo_csj.webp","contentUrl":"https:\/\/www.csj-emballages.com\/wp-content\/uploads\/2023\/10\/logo_csj.webp","width":250,"height":95,"caption":"CSJ Emballages"},"image":{"@id":"https:\/\/www.csj-emballages.com\/it\/#\/schema\/logo\/image\/"},"sameAs":["https:\/\/www.facebook.com\/csjemballages"],"address":{"@type":"PostalAddress","streetAddress":"ZI La Lechere","addressLocality":"Patornay","postalCode":"39130","addressCountry":"FR"},"contactPoint":[{"@type":"ContactPoint","contactType":"Service client","telephone":"0384254272","email":"contact@csj-emballages.com"}]}]}},"df_price":3.27,"df_sale_price":3.27,"df_regular_price":4.67,"df_image_link":"https:\/\/www.csj-emballages.com\/wp-content\/uploads\/2024\/12\/Arome-fleur-doranger-300x300.webp","tiered_pricing_type":"fixed","tiered_pricing_fixed_rules":[],"tiered_pricing_percentage_rules":[],"tiered_pricing_minimum":1,"tiered_pricing_roles_data":[],"_links":{"self":[{"href":"https:\/\/www.csj-emballages.com\/it\/wp-json\/wp\/v2\/product\/271490","targetHints":{"allow":["GET"]}}],"collection":[{"href":"https:\/\/www.csj-emballages.com\/it\/wp-json\/wp\/v2\/product"}],"about":[{"href":"https:\/\/www.csj-emballages.com\/it\/wp-json\/wp\/v2\/types\/product"}],"wp:featuredmedia":[{"embeddable":true,"href":"https:\/\/www.csj-emballages.com\/it\/wp-json\/wp\/v2\/media\/271496"}],"wp:attachment":[{"href":"https:\/\/www.csj-emballages.com\/it\/wp-json\/wp\/v2\/media?parent=271490"}],"wp:term":[{"taxonomy":"product_brand","embeddable":true,"href":"https:\/\/www.csj-emballages.com\/it\/wp-json\/wp\/v2\/product_brand?post=271490"},{"taxonomy":"product_cat","embeddable":true,"href":"https:\/\/www.csj-emballages.com\/it\/wp-json\/wp\/v2\/product_cat?post=271490"},{"taxonomy":"product_tag","embeddable":true,"href":"https:\/\/www.csj-emballages.com\/it\/wp-json\/wp\/v2\/product_tag?post=271490"}],"curies":[{"name":"wp","href":"https:\/\/api.w.org\/{rel}","templated":true}]}}