{"id":271483,"date":"2024-12-19T02:18:49","date_gmt":"2024-12-19T01:18:49","guid":{"rendered":"https:\/\/www.csj-emballages.com\/produit\/aroma-liquido-rosa-500-ml\/"},"modified":"2026-03-12T16:05:35","modified_gmt":"2026-03-12T15:05:35","slug":"aroma-liquido-rosa-500-ml","status":"publish","type":"product","link":"https:\/\/www.csj-emballages.com\/it\/produit\/aroma-liquido-rosa-500-ml\/","title":{"rendered":"Aroma liquido rosa 500 ml"},"content":{"rendered":"<h2>Aroma liquido<\/h2>\n<hr>\n<h3>Descrizione del nostro aroma liquido rosa 500 ml<\/h3>\n<p><!--more--><\/p>\n<p>Scopri il nostro <strong>aroma liquido<\/strong> dalla fragranza sottile e raffinata di <strong>rosa<\/strong>. Questo prodotto \u00e8 stato ideato per aggiungere un tocco di florealit\u00e0 e dolcezza alle tue creazioni. Con il suo formato generoso da <strong>500 ml<\/strong>, \u00e8 perfetto per professionisti e amatori che desiderano arricchire il loro repertorio culinario. Che tu stia preparando dessert, bevande o prodotti da forno, questo <strong>aroma rosa<\/strong> si integra facilmente e dona a ogni preparazione una nota floreale unica. L&#8217;utilizzo di questo <strong>aroma liquido<\/strong> \u00e8 semplice e flessibile. Bastano poche gocce per profumare le tue ricette senza che la fragranza sia troppo dominante. Che sia in creme, gelati, torte o bevande, l&#8217;<strong>aroma rosa<\/strong> apporter\u00e0 un tocco delicato e raffinato alle tue creazioni.      <\/p>\n<p>&nbsp;<\/p>\n<p><!--more--><\/p>\n<div class=\"flex-1 overflow-hidden @container\/thread\">\n<div class=\"h-full\">\n<div class=\"react-scroll-to-bottom--css-xispg-79elbk h-full\">\n<div class=\"react-scroll-to-bottom--css-xispg-1n7m0yu\">\n<div class=\"flex flex-col text-sm md:pb-9\">\n<article class=\"w-full scroll-mb-[var(--thread-trailing-height,150px)] text-token-text-primary focus-visible:outline-2 focus-visible:outline-offset-[-4px]\" dir=\"auto\" data-testid=\"conversation-turn-17\" data-scroll-anchor=\"true\">\n<div class=\"m-auto text-base py-[18px] px-3 md:px-4 w-full md:px-5 lg:px-4 xl:px-5\">\n<div class=\"mx-auto flex flex-1 gap-4 text-base md:gap-5 lg:gap-6 md:max-w-3xl lg:max-w-[40rem] xl:max-w-[48rem]\">\n<div class=\"group\/conversation-turn relative flex w-full min-w-0 flex-col agent-turn\">\n<div class=\"flex-col gap-1 md:gap-3\">\n<div class=\"flex max-w-full flex-col flex-grow\">\n<div class=\"min-h-8 text-message flex w-full flex-col items-end gap-2 whitespace-normal break-words text-start [.text-message+&amp;]:mt-5\" dir=\"auto\" data-message-author-role=\"assistant\" data-message-id=\"6670c1de-c50a-4d49-a617-0777201e6770\" data-message-model-slug=\"gpt-4o-mini\">\n<div class=\"flex w-full flex-col gap-1 empty:hidden first:pt-[3px]\">\n<div class=\"markdown prose w-full break-words dark:prose-invert dark\">\n<h4>Un formato economico e pratico per un uso prolungato<\/h4>\n<\/div>\n<\/div>\n<\/div>\n<\/div>\n<\/div>\n<\/div>\n<\/div>\n<\/div>\n<\/article>\n<\/div>\n<\/div>\n<\/div>\n<\/div>\n<\/div>\n<p>Il formato da <strong>500 ml<\/strong> \u00e8 perfetto per grandi quantit\u00e0 di preparazione. Se sei un professionista o ami cucinare in grandi quantit\u00e0, questo flacone generoso ti permetter\u00e0 di beneficiare di un&#8217;offerta pi\u00f9 economica, riducendo al contempo la frequenza d&#8217;acquisto. Grazie al suo design pratico e compatto, \u00e8 facile da riporre e utilizzare, rendendolo adatto all&#8217;uso quotidiano sia in ambienti professionali che in cucine domestiche. Questo <strong>aroma liquido rosa<\/strong> \u00e8 inoltre progettato per offrire un uso di lunga durata. Infatti, una piccola quantit\u00e0 \u00e8 sufficiente per ottenere il gusto floreale desiderato, il che lo rende un prodotto economico. Il flacone ermetico garantisce una buona conservazione dell&#8217;aroma, preservandone la freschezza e il profumo per diversi mesi. Per una migliore durata, si raccomanda di richiudere bene il flacone dopo ogni utilizzo.      <\/p>\n<h3><\/h3>\n<p><!--more--><\/p>\n<h4>Un tocco floreale raffinato per le tue creazioni<\/h4>\n<p>L&#8217;<strong>aroma liquido<\/strong> <strong>rosa<\/strong> \u00e8 la soluzione perfetta per aggiungere un tocco di eleganza e raffinatezza ai tuoi piatti e bevande. La rosa \u00e8 un profumo delicato e leggero, spesso associato a momenti di lusso e delicatezza. Questo <strong>aroma rosa<\/strong> permette di introdurre questa fragranza sottile nelle tue ricette quotidiane, creando cos\u00ec un&#8217;esperienza sensoriale unica per i tuoi ospiti o clienti. Questo prodotto \u00e8 ideale per la pasticceria fine e i dessert sofisticati. Puoi aggiungerlo a panna montata, mousse al cioccolato o pasta choux per un delicato profumo floreale. Esalter\u00e0 anche sorbetti, gelati fatti in casa o persino cr\u00eapes e pancake. Bevande come t\u00e8 freddi o cocktail beneficeranno anch&#8217;esse del suo profumo fresco e leggero. Grazie alla sua sottile potenza, questo <strong>aroma liquido<\/strong> non sovraccaricher\u00e0 le tue ricette, ma apporter\u00e0 un tocco profumato molto gradevole.       <\/p>\n<p>In sintesi, l&#8217;<strong>aroma liquido<\/strong> <strong>rosa 500 ml<\/strong> \u00e8 un prodotto pratico, elegante ed economico. Grazie alla sua semplicit\u00e0 d&#8217;uso e al suo formato economico, diventer\u00e0 rapidamente un indispensabile nella tua cucina. Provalo oggi stesso per aggiungere un tocco floreale a tutte le tue creazioni culinarie.  <\/p>\n<p>&nbsp;<\/p>\n<p><!--more--><\/p>\n<h4>I suoi vantaggi:<\/h4>\n<ul>\n<li><strong>Uso prolungato<\/strong>: Una piccola quantit\u00e0 \u00e8 sufficiente per ottenere il sapore floreale desiderato, rendendo il prodotto molto economico.<\/li>\n<li><strong>Conservazione ottimale<\/strong>: Il flacone ermetico preserva la freschezza e l&#8217;aroma per diversi mesi.<\/li>\n<li><strong>Uso quotidiano<\/strong>: Perfetto per professionisti o appassionati che cucinano in grandi quantit\u00e0.<\/li>\n<li><strong>Pratico e semplice<\/strong>: Facile da usare, ideale per aggiungere un delicato tocco floreale a una variet\u00e0 di ricette.<\/li>\n<\/ul>\n<p>&nbsp;<\/p>\n<p><!--more--><\/p>\n<h4>Altre informazioni:<\/h4>\n<ul>\n<li><b>Altezza: <\/b>260 mm<\/li>\n<li><strong>Confezionamento<\/strong>: All&#8217;unit\u00e0<\/li>\n<li><strong>Volume<\/strong>: 500 ml<\/li>\n<li><b>Sapore: <\/b>Rosa<\/li>\n<\/ul>\n<p>&nbsp;<\/p>\n<p><!--more--><\/p>\n<h4>Composizione:<\/h4>\n<ul>\n<li><strong>Acqua<\/strong> \/ <strong>Aroma rosa \/ Aroma naturale rosa<\/strong><\/li>\n<\/ul>\n<p>&nbsp;<\/p>\n<p><!--more--><\/p>\n<p>Prodotto disponibile in diversi aromi: <span style=\"color: #d12727;\"><a style=\"color: #d12727;\" href=\"https:\/\/www.csj-emballages.com\/it\/produit\/aroma-liquido-ananas-50-ml\/\">Ananas<\/a><\/span> \/ <span style=\"color: #d12727;\"><a style=\"color: #d12727;\" href=\"https:\/\/www.csj-emballages.com\/it\/produit\/aroma-liquido-fragola-50-ml\/\">Fragola<\/a><\/span> \/ <span style=\"color: #d12727;\"><a style=\"color: #d12727;\" href=\"https:\/\/www.csj-emballages.com\/it\/produit\/aroma-liquido-cacao-50-ml\/\">Vaniglia<\/a><\/span> \/ <span style=\"color: #d12727;\"><a style=\"color: #d12727;\" href=\"https:\/\/www.csj-emballages.com\/it\/produit\/aroma-liquido-limone-50-ml\/\">Limone<\/a><\/span> \/ <span style=\"color: #d12727;\"><a style=\"color: #d12727;\" href=\"https:\/\/www.csj-emballages.com\/it\/produit\/aroma-liquido-fiori-darancio-1-litro\/\">Fiori d&#8217;arancio<\/a><\/span> \/ <span style=\"color: #d12727;\"><a style=\"color: #d12727;\" href=\"https:\/\/www.csj-emballages.com\/it\/produit\/aroma-liquido-caffe-50-ml\/\">Caff\u00e8<\/a><\/span><\/p>\n<p>&nbsp;<\/p>\n<p><!--more--><\/p>\n<p><a href=\"https:\/\/www.csj-emballages.com\/it\/categorie-produit\/alimentari\/pasticceria\/aromi\/\">Scopri il resto della nostra gamma di aromi<\/a><\/p>\n","protected":false},"excerpt":{"rendered":"<p>Aroma liquido Descrizione del nostro aroma liquido rosa 500 ml<\/p>\n","protected":false},"featured_media":271489,"template":"","meta":{"_acf_changed":false},"product_brand":[],"product_cat":[10445,11424,11425],"product_tag":[],"class_list":{"0":"post-271483","1":"product","2":"type-product","3":"status-publish","4":"has-post-thumbnail","6":"product_cat-alimentari","7":"product_cat-pasticceria","8":"product_cat-aromi","10":"first","11":"instock","12":"taxable","13":"shipping-taxable","14":"purchasable","15":"product-type-simple"},"acf":[],"yoast_head":"<!-- This site is optimized with the Yoast SEO Premium plugin v26.6 (Yoast SEO v26.6) - https:\/\/yoast.com\/wordpress\/plugins\/seo\/ -->\n<title>Aroma Liquido Rosa - 50 ml<\/title>\n<meta name=\"description\" content=\"Scopri l&#039;aroma liquido rosa 50 ml: un sapore naturale e versatile per esaltare le tue ricette dolci o salate. Formato pratico e facile da dosare\" \/>\n<meta name=\"robots\" content=\"index, follow, max-snippet:-1, max-image-preview:large, max-video-preview:-1\" \/>\n<link rel=\"canonical\" href=\"https:\/\/www.csj-emballages.com\/it\/produit\/aroma-liquido-rosa-500-ml\/\" \/>\n<meta property=\"og:locale\" content=\"it_IT\" \/>\n<meta property=\"og:type\" content=\"article\" \/>\n<meta property=\"og:title\" content=\"Aroma liquido rosa 500 ml\" \/>\n<meta property=\"og:description\" content=\"Scopri l&#039;aroma liquido rosa 50 ml: un sapore naturale e versatile per esaltare le tue ricette dolci o salate. Formato pratico e facile da dosare\" \/>\n<meta property=\"og:url\" content=\"https:\/\/www.csj-emballages.com\/it\/produit\/aroma-liquido-rosa-500-ml\/\" \/>\n<meta property=\"og:site_name\" content=\"CSJ Emballages\" \/>\n<meta property=\"article:publisher\" content=\"https:\/\/www.facebook.com\/csjemballages\" \/>\n<meta property=\"article:modified_time\" content=\"2026-03-12T15:05:35+00:00\" \/>\n<meta property=\"og:image\" content=\"https:\/\/www.csj-emballages.com\/wp-content\/uploads\/2024\/12\/Arome-rose.webp\" \/>\n\t<meta property=\"og:image:width\" content=\"800\" \/>\n\t<meta property=\"og:image:height\" content=\"800\" \/>\n\t<meta property=\"og:image:type\" content=\"image\/webp\" \/>\n<meta name=\"twitter:card\" content=\"summary_large_image\" \/>\n<meta name=\"twitter:label1\" content=\"Dur\u00e9e de lecture estim\u00e9e\" \/>\n\t<meta name=\"twitter:data1\" content=\"3 minuti\" \/>\n<script type=\"application\/ld+json\" class=\"yoast-schema-graph\">{\"@context\":\"https:\/\/schema.org\",\"@graph\":[{\"@type\":\"WebPage\",\"@id\":\"https:\/\/www.csj-emballages.com\/it\/produit\/aroma-liquido-rosa-500-ml\/\",\"url\":\"https:\/\/www.csj-emballages.com\/it\/produit\/aroma-liquido-rosa-500-ml\/\",\"name\":\"Aroma Liquido Rosa - 50 ml\",\"isPartOf\":{\"@id\":\"https:\/\/www.csj-emballages.com\/it\/#website\"},\"primaryImageOfPage\":{\"@id\":\"https:\/\/www.csj-emballages.com\/it\/produit\/aroma-liquido-rosa-500-ml\/#primaryimage\"},\"image\":{\"@id\":\"https:\/\/www.csj-emballages.com\/it\/produit\/aroma-liquido-rosa-500-ml\/#primaryimage\"},\"thumbnailUrl\":\"https:\/\/www.csj-emballages.com\/wp-content\/uploads\/2024\/12\/Arome-rose.webp\",\"datePublished\":\"2024-12-19T01:18:49+00:00\",\"dateModified\":\"2026-03-12T15:05:35+00:00\",\"description\":\"Scopri l'aroma liquido rosa 50 ml: un sapore naturale e versatile per esaltare le tue ricette dolci o salate. Formato pratico e facile da dosare\",\"breadcrumb\":{\"@id\":\"https:\/\/www.csj-emballages.com\/it\/produit\/aroma-liquido-rosa-500-ml\/#breadcrumb\"},\"inLanguage\":\"it-IT\",\"potentialAction\":[{\"@type\":\"ReadAction\",\"target\":[\"https:\/\/www.csj-emballages.com\/it\/produit\/aroma-liquido-rosa-500-ml\/\"]}]},{\"@type\":\"ImageObject\",\"inLanguage\":\"it-IT\",\"@id\":\"https:\/\/www.csj-emballages.com\/it\/produit\/aroma-liquido-rosa-500-ml\/#primaryimage\",\"url\":\"https:\/\/www.csj-emballages.com\/wp-content\/uploads\/2024\/12\/Arome-rose.webp\",\"contentUrl\":\"https:\/\/www.csj-emballages.com\/wp-content\/uploads\/2024\/12\/Arome-rose.webp\",\"width\":800,\"height\":800,\"caption\":\"Ar\u00f4me liquide rose\"},{\"@type\":\"BreadcrumbList\",\"@id\":\"https:\/\/www.csj-emballages.com\/it\/produit\/aroma-liquido-rosa-500-ml\/#breadcrumb\",\"itemListElement\":[{\"@type\":\"ListItem\",\"position\":1,\"name\":\"Home\",\"item\":\"https:\/\/www.csj-emballages.com\/it\/universo-imballaggi-alimentari\/\"},{\"@type\":\"ListItem\",\"position\":2,\"name\":\"Negozio\",\"item\":\"https:\/\/www.csj-emballages.com\/it\/negozio\/\"},{\"@type\":\"ListItem\",\"position\":3,\"name\":\"Aroma liquido rosa 500 ml\"}]},{\"@type\":\"WebSite\",\"@id\":\"https:\/\/www.csj-emballages.com\/it\/#website\",\"url\":\"https:\/\/www.csj-emballages.com\/it\/\",\"name\":\"CSJ Emballages\",\"description\":\"\",\"publisher\":{\"@id\":\"https:\/\/www.csj-emballages.com\/it\/#organization\"},\"potentialAction\":[{\"@type\":\"SearchAction\",\"target\":{\"@type\":\"EntryPoint\",\"urlTemplate\":\"https:\/\/www.csj-emballages.com\/it\/?s={search_term_string}\"},\"query-input\":{\"@type\":\"PropertyValueSpecification\",\"valueRequired\":true,\"valueName\":\"search_term_string\"}}],\"inLanguage\":\"it-IT\"},{\"@type\":\"Organization\",\"@id\":\"https:\/\/www.csj-emballages.com\/it\/#Organization\/\",\"name\":\"CSJ Emballages\",\"url\":\"https:\/\/www.csj-emballages.com\/it\/\",\"logo\":{\"@type\":\"ImageObject\",\"inLanguage\":\"it-IT\",\"@id\":\"https:\/\/www.csj-emballages.com\/it\/#\/schema\/logo\/image\/\",\"url\":\"https:\/\/www.csj-emballages.com\/wp-content\/uploads\/2023\/10\/logo_csj.webp\",\"contentUrl\":\"https:\/\/www.csj-emballages.com\/wp-content\/uploads\/2023\/10\/logo_csj.webp\",\"width\":250,\"height\":95,\"caption\":\"CSJ Emballages\"},\"image\":{\"@id\":\"https:\/\/www.csj-emballages.com\/it\/#\/schema\/logo\/image\/\"},\"sameAs\":[\"https:\/\/www.facebook.com\/csjemballages\"],\"address\":{\"@type\":\"PostalAddress\",\"streetAddress\":\"ZI La Lechere\",\"addressLocality\":\"Patornay\",\"postalCode\":\"39130\",\"addressCountry\":\"FR\"},\"contactPoint\":[{\"@type\":\"ContactPoint\",\"contactType\":\"Service client\",\"telephone\":\"0384254272\",\"email\":\"contact@csj-emballages.com\"}]}]}<\/script>\n<!-- \/ Yoast SEO Premium plugin. -->","yoast_head_json":{"title":"Aroma Liquido Rosa - 50 ml","description":"Scopri l'aroma liquido rosa 50 ml: un sapore naturale e versatile per esaltare le tue ricette dolci o salate. Formato pratico e facile da dosare","robots":{"index":"index","follow":"follow","max-snippet":"max-snippet:-1","max-image-preview":"max-image-preview:large","max-video-preview":"max-video-preview:-1"},"canonical":"https:\/\/www.csj-emballages.com\/it\/produit\/aroma-liquido-rosa-500-ml\/","og_locale":"it_IT","og_type":"article","og_title":"Aroma liquido rosa 500 ml","og_description":"Scopri l'aroma liquido rosa 50 ml: un sapore naturale e versatile per esaltare le tue ricette dolci o salate. Formato pratico e facile da dosare","og_url":"https:\/\/www.csj-emballages.com\/it\/produit\/aroma-liquido-rosa-500-ml\/","og_site_name":"CSJ Emballages","article_publisher":"https:\/\/www.facebook.com\/csjemballages","article_modified_time":"2026-03-12T15:05:35+00:00","og_image":[{"width":800,"height":800,"url":"https:\/\/www.csj-emballages.com\/wp-content\/uploads\/2024\/12\/Arome-rose.webp","type":"image\/webp"}],"twitter_card":"summary_large_image","twitter_misc":{"Dur\u00e9e de lecture estim\u00e9e":"3 minuti"},"schema":{"@context":"https:\/\/schema.org","@graph":[{"@type":"WebPage","@id":"https:\/\/www.csj-emballages.com\/it\/produit\/aroma-liquido-rosa-500-ml\/","url":"https:\/\/www.csj-emballages.com\/it\/produit\/aroma-liquido-rosa-500-ml\/","name":"Aroma Liquido Rosa - 50 ml","isPartOf":{"@id":"https:\/\/www.csj-emballages.com\/it\/#website"},"primaryImageOfPage":{"@id":"https:\/\/www.csj-emballages.com\/it\/produit\/aroma-liquido-rosa-500-ml\/#primaryimage"},"image":{"@id":"https:\/\/www.csj-emballages.com\/it\/produit\/aroma-liquido-rosa-500-ml\/#primaryimage"},"thumbnailUrl":"https:\/\/www.csj-emballages.com\/wp-content\/uploads\/2024\/12\/Arome-rose.webp","datePublished":"2024-12-19T01:18:49+00:00","dateModified":"2026-03-12T15:05:35+00:00","description":"Scopri l'aroma liquido rosa 50 ml: un sapore naturale e versatile per esaltare le tue ricette dolci o salate. Formato pratico e facile da dosare","breadcrumb":{"@id":"https:\/\/www.csj-emballages.com\/it\/produit\/aroma-liquido-rosa-500-ml\/#breadcrumb"},"inLanguage":"it-IT","potentialAction":[{"@type":"ReadAction","target":["https:\/\/www.csj-emballages.com\/it\/produit\/aroma-liquido-rosa-500-ml\/"]}]},{"@type":"ImageObject","inLanguage":"it-IT","@id":"https:\/\/www.csj-emballages.com\/it\/produit\/aroma-liquido-rosa-500-ml\/#primaryimage","url":"https:\/\/www.csj-emballages.com\/wp-content\/uploads\/2024\/12\/Arome-rose.webp","contentUrl":"https:\/\/www.csj-emballages.com\/wp-content\/uploads\/2024\/12\/Arome-rose.webp","width":800,"height":800,"caption":"Ar\u00f4me liquide rose"},{"@type":"BreadcrumbList","@id":"https:\/\/www.csj-emballages.com\/it\/produit\/aroma-liquido-rosa-500-ml\/#breadcrumb","itemListElement":[{"@type":"ListItem","position":1,"name":"Home","item":"https:\/\/www.csj-emballages.com\/it\/universo-imballaggi-alimentari\/"},{"@type":"ListItem","position":2,"name":"Negozio","item":"https:\/\/www.csj-emballages.com\/it\/negozio\/"},{"@type":"ListItem","position":3,"name":"Aroma liquido rosa 500 ml"}]},{"@type":"WebSite","@id":"https:\/\/www.csj-emballages.com\/it\/#website","url":"https:\/\/www.csj-emballages.com\/it\/","name":"CSJ Emballages","description":"","publisher":{"@id":"https:\/\/www.csj-emballages.com\/it\/#organization"},"potentialAction":[{"@type":"SearchAction","target":{"@type":"EntryPoint","urlTemplate":"https:\/\/www.csj-emballages.com\/it\/?s={search_term_string}"},"query-input":{"@type":"PropertyValueSpecification","valueRequired":true,"valueName":"search_term_string"}}],"inLanguage":"it-IT"},{"@type":"Organization","@id":"https:\/\/www.csj-emballages.com\/it\/#Organization\/","name":"CSJ Emballages","url":"https:\/\/www.csj-emballages.com\/it\/","logo":{"@type":"ImageObject","inLanguage":"it-IT","@id":"https:\/\/www.csj-emballages.com\/it\/#\/schema\/logo\/image\/","url":"https:\/\/www.csj-emballages.com\/wp-content\/uploads\/2023\/10\/logo_csj.webp","contentUrl":"https:\/\/www.csj-emballages.com\/wp-content\/uploads\/2023\/10\/logo_csj.webp","width":250,"height":95,"caption":"CSJ Emballages"},"image":{"@id":"https:\/\/www.csj-emballages.com\/it\/#\/schema\/logo\/image\/"},"sameAs":["https:\/\/www.facebook.com\/csjemballages"],"address":{"@type":"PostalAddress","streetAddress":"ZI La Lechere","addressLocality":"Patornay","postalCode":"39130","addressCountry":"FR"},"contactPoint":[{"@type":"ContactPoint","contactType":"Service client","telephone":"0384254272","email":"contact@csj-emballages.com"}]}]}},"df_price":3.95,"df_sale_price":"","df_regular_price":3.95,"df_image_link":"https:\/\/www.csj-emballages.com\/wp-content\/uploads\/2024\/12\/Arome-rose-300x300.webp","tiered_pricing_type":"fixed","tiered_pricing_fixed_rules":[],"tiered_pricing_percentage_rules":[],"tiered_pricing_minimum":1,"tiered_pricing_roles_data":[],"_links":{"self":[{"href":"https:\/\/www.csj-emballages.com\/it\/wp-json\/wp\/v2\/product\/271483","targetHints":{"allow":["GET"]}}],"collection":[{"href":"https:\/\/www.csj-emballages.com\/it\/wp-json\/wp\/v2\/product"}],"about":[{"href":"https:\/\/www.csj-emballages.com\/it\/wp-json\/wp\/v2\/types\/product"}],"wp:featuredmedia":[{"embeddable":true,"href":"https:\/\/www.csj-emballages.com\/it\/wp-json\/wp\/v2\/media\/271489"}],"wp:attachment":[{"href":"https:\/\/www.csj-emballages.com\/it\/wp-json\/wp\/v2\/media?parent=271483"}],"wp:term":[{"taxonomy":"product_brand","embeddable":true,"href":"https:\/\/www.csj-emballages.com\/it\/wp-json\/wp\/v2\/product_brand?post=271483"},{"taxonomy":"product_cat","embeddable":true,"href":"https:\/\/www.csj-emballages.com\/it\/wp-json\/wp\/v2\/product_cat?post=271483"},{"taxonomy":"product_tag","embeddable":true,"href":"https:\/\/www.csj-emballages.com\/it\/wp-json\/wp\/v2\/product_tag?post=271483"}],"curies":[{"name":"wp","href":"https:\/\/api.w.org\/{rel}","templated":true}]}}