{"id":271465,"date":"2025-03-01T02:18:13","date_gmt":"2025-03-01T01:18:13","guid":{"rendered":"https:\/\/www.csj-emballages.com\/produit\/sacchetto-burger-in-carta-antigrasso-14-65-x-25-cm-da-1000\/"},"modified":"2026-04-30T02:15:41","modified_gmt":"2026-04-30T00:15:41","slug":"sacchetto-burger-in-carta-antigrasso-14-65-x-25-cm-da-1000","status":"publish","type":"product","link":"https:\/\/www.csj-emballages.com\/it\/produit\/sacchetto-burger-in-carta-antigrasso-14-65-x-25-cm-da-1000\/","title":{"rendered":"Sacchetto burger in carta antigrasso 14 + 6,5 x 25 cm da 1000"},"content":{"rendered":"<h2>Sacchetto burger<\/h2>\n<hr>\n<h3>Descrizione del nostro sacchetto burger in carta antigrasso 14 + 6,5 x 25 cm da 1000<\/h3>\n<p><!--more--><\/p>\n<div class=\"flex-1 overflow-hidden\">\n<div class=\"h-full\">\n<div class=\"react-scroll-to-bottom--css-topht-79elbk h-full\">\n<div class=\"react-scroll-to-bottom--css-topht-1n7m0yu\">\n<div class=\"flex flex-col text-sm md:pb-9\">\n<article class=\"w-full text-token-text-primary focus-visible:outline-2 focus-visible:outline-offset-[-4px]\" dir=\"auto\" data-testid=\"conversation-turn-3\" data-scroll-anchor=\"true\">\n<div class=\"text-base py-[18px] px-3 md:px-4 m-auto w-full md:px-5 lg:px-1 xl:px-5\">\n<div class=\"mx-auto flex flex-1 gap-4 text-base md:gap-5 lg:gap-6 md:max-w-3xl lg:max-w-[40rem] xl:max-w-[48rem]\">\n<div class=\"group\/conversation-turn relative flex w-full min-w-0 flex-col agent-turn\">\n<div class=\"flex-col gap-1 md:gap-3\">\n<div class=\"flex max-w-full flex-col flex-grow\">\n<div class=\"min-h-[20px] text-message flex w-full flex-col items-end gap-2 whitespace-normal break-words [.text-message+&amp;]:mt-5\" dir=\"auto\" data-message-author-role=\"assistant\" data-message-id=\"9b3be93c-2125-4d4a-a54f-505a21bded71\">\n<div class=\"flex w-full flex-col gap-1 empty:hidden first:pt-[3px]\">\n<div class=\"markdown prose w-full break-words dark:prose-invert light\">\n<p data-start=\"335\" data-end=\"699\">Che tu sia ristoratore, catering, food truck o anche una collettivit\u00e0, il <strong>sacchetto burger<\/strong> in <strong>carta antigrasso<\/strong> \u00e8 un must del packaging alimentare. Con le sue dimensioni di <strong>14 + 6,5 x 25 cm<\/strong>, questo modello \u00e8 perfetto per burger generosi, bagel, panini o qualsiasi altro snack caldo. Il suo punto di forza? \u00c8 <strong>antigrasso<\/strong>, quindi resiste a grassi, salse e altri liquidi: addio imballi che colano o mani macchiate. I tuoi clienti possono gustare il pasto senza pensieri, anche in movimento.    <\/p>\n<p data-start=\"954\" data-end=\"1227\">Realizzato in carta di qualit\u00e0, questo <strong>sacchetto burger<\/strong> \u00e8 robusto e al tempo stesso flessibile. Si adatta bene alla forma del prodotto offrendo una buona resistenza a calore e umidit\u00e0. Il formato a soffietto permette di inserire facilmente prodotti pi\u00f9 larghi o pi\u00f9 ricchi.  <\/p>\n<p data-start=\"1229\" data-end=\"1385\">Oltre a essere pratico, valorizza il tuo servizio d\u2019asporto grazie al suo design. Il risultato \u00e8 pulito, igienico e trasmette fiducia. <\/p>\n<p data-start=\"1387\" data-end=\"1648\">Confezionato in lotto da <strong>1000<\/strong>, questo <strong>sacchetto burger<\/strong> \u00e8 pensato per un uso intensivo mantenendo un ottimo rapporto qualit\u00e0\/prezzo. \u00c8 una soluzione affidabile e veloce da usare, che facilita il servizio nei momenti di punta e garantisce una buona esperienza cliente. <\/p>\n<\/div>\n<\/div>\n<\/div>\n<\/div>\n<\/div>\n<\/div>\n<\/div>\n<\/div>\n<\/article>\n<\/div>\n<\/div>\n<\/div>\n<\/div>\n<\/div>\n<p>&nbsp;<\/p>\n<p><!--more--><\/p>\n<h4><strong>I loro vantaggi:<\/strong><\/h4>\n<ul>\n<li>Carta antigrasso: resiste a salse, grassi e umidit\u00e0.<\/li>\n<li>Dimensioni pratiche: ideale per burger, bagel, panini, ecc.<\/li>\n<li>Presentazione pulita e professionale.<\/li>\n<li>Adatto per asporto e ristorazione veloce.<\/li>\n<li>Lotto conveniente da 1000 sacchetti.<\/li>\n<\/ul>\n<p>&nbsp;<\/p>\n<p><!--more--><\/p>\n<p><strong>Altre informazioni: <\/strong><\/p>\n<ul>\n<li><strong>Confezione<\/strong>: Cartone da 1000<\/li>\n<li><strong>Dimensioni<\/strong>: 14 + 6,5 x 25 cm<\/li>\n<li><strong>Materiale<\/strong>: Carta antigrasso<\/li>\n<li><strong>Colore<\/strong>: Bianco \/ decorato<\/li>\n<\/ul>\n<p>&nbsp;<\/p>\n<p><!--more--><\/p>\n<p>Trova qui il nostro sacchetto burger con motivi verdi: <span style=\"color: #d12727;\"><a style=\"color: #d12727;\" href=\"https:\/\/www.csj-emballages.com\/it\/produit\/sacchetto-burger-carta-14-7-x-22-cm-per-500\/\">SCBUR22<\/a><\/span><\/p>\n<p>&nbsp;<\/p>\n<p><!--more--><\/p>\n<p><a href=\"https:\/\/www.csj-emballages.com\/it\/categorie-produit\/imballaggi-alimentari\/panetteria-pasticceria\/scatola-e-astuccio\/scatole-pasticceria\/scatole-pasticceria-bianche\/\">Consulta il resto della nostra gamma di scatole per pasticceria bianche<\/a><\/p>\n","protected":false},"excerpt":{"rendered":"<p>Sacchetto burger Descrizione del nostro sacchetto burger in carta antigrasso 14 + 6,5 x 25 cm da 1000<\/p>\n","protected":false},"featured_media":271468,"template":"","meta":{"_acf_changed":false},"product_brand":[],"product_cat":[10346,10344,10978,10867,11106,10375,10916,11176],"product_tag":[],"class_list":{"0":"post-271465","1":"product","2":"type-product","3":"status-publish","4":"has-post-thumbnail","6":"product_cat-imballaggi-alimentari","7":"product_cat-panetteria-pasticceria","8":"product_cat-sacchi-sacchetti-e-carte","9":"product_cat-sacchetti","10":"product_cat-sacchetti-sandwich","11":"product_cat-ristorazione","12":"product_cat-sacchetti-e-carte","13":"product_cat-sacchetti-hamburger","15":"first","16":"instock","17":"taxable","18":"shipping-taxable","19":"purchasable","20":"product-type-simple"},"acf":[],"yoast_head":"<!-- This site is optimized with the Yoast SEO Premium plugin v26.6 (Yoast SEO v26.6) - https:\/\/yoast.com\/wordpress\/plugins\/seo\/ -->\n<title>Sacchetto Burger in Carta Antigrasso 14 + 6,5 x 25 cm da 1000<\/title>\n<meta name=\"description\" content=\"Sacchetto burger in carta antigrasso 14 + 6,5 x 25 cm \u2013 Lotto da 1000. Ideale per burger, panini, bagel\u2026 Imballo pratico, pulito e professionale.\" \/>\n<meta name=\"robots\" content=\"index, follow, max-snippet:-1, max-image-preview:large, max-video-preview:-1\" \/>\n<link rel=\"canonical\" href=\"https:\/\/www.csj-emballages.com\/it\/produit\/sacchetto-burger-in-carta-antigrasso-14-65-x-25-cm-da-1000\/\" \/>\n<meta property=\"og:locale\" content=\"it_IT\" \/>\n<meta property=\"og:type\" content=\"article\" \/>\n<meta property=\"og:title\" content=\"Sacchetto burger in carta antigrasso 14 + 6,5 x 25 cm da 1000\" \/>\n<meta property=\"og:description\" content=\"Sacchetto burger in carta antigrasso 14 + 6,5 x 25 cm \u2013 Lotto da 1000. Ideale per burger, panini, bagel\u2026 Imballo pratico, pulito e professionale.\" \/>\n<meta property=\"og:url\" content=\"https:\/\/www.csj-emballages.com\/it\/produit\/sacchetto-burger-in-carta-antigrasso-14-65-x-25-cm-da-1000\/\" \/>\n<meta property=\"og:site_name\" content=\"CSJ Emballages\" \/>\n<meta property=\"article:publisher\" content=\"https:\/\/www.facebook.com\/csjemballages\" \/>\n<meta property=\"article:modified_time\" content=\"2026-04-30T00:15:41+00:00\" \/>\n<meta property=\"og:image\" content=\"https:\/\/www.csj-emballages.com\/wp-content\/uploads\/2025\/03\/Design-sans-titre-15.webp\" \/>\n\t<meta property=\"og:image:width\" content=\"800\" \/>\n\t<meta property=\"og:image:height\" content=\"800\" \/>\n\t<meta property=\"og:image:type\" content=\"image\/jpeg\" \/>\n<meta name=\"twitter:card\" content=\"summary_large_image\" \/>\n<meta name=\"twitter:label1\" content=\"Dur\u00e9e de lecture estim\u00e9e\" \/>\n\t<meta name=\"twitter:data1\" content=\"1 minuto\" \/>\n<script type=\"application\/ld+json\" class=\"yoast-schema-graph\">{\"@context\":\"https:\/\/schema.org\",\"@graph\":[{\"@type\":\"WebPage\",\"@id\":\"https:\/\/www.csj-emballages.com\/it\/produit\/sacchetto-burger-in-carta-antigrasso-14-65-x-25-cm-da-1000\/\",\"url\":\"https:\/\/www.csj-emballages.com\/it\/produit\/sacchetto-burger-in-carta-antigrasso-14-65-x-25-cm-da-1000\/\",\"name\":\"Sacchetto Burger in Carta Antigrasso 14 + 6,5 x 25 cm da 1000\",\"isPartOf\":{\"@id\":\"https:\/\/www.csj-emballages.com\/it\/#website\"},\"primaryImageOfPage\":{\"@id\":\"https:\/\/www.csj-emballages.com\/it\/produit\/sacchetto-burger-in-carta-antigrasso-14-65-x-25-cm-da-1000\/#primaryimage\"},\"image\":{\"@id\":\"https:\/\/www.csj-emballages.com\/it\/produit\/sacchetto-burger-in-carta-antigrasso-14-65-x-25-cm-da-1000\/#primaryimage\"},\"thumbnailUrl\":\"https:\/\/www.csj-emballages.com\/wp-content\/uploads\/2025\/03\/Design-sans-titre-15.webp\",\"datePublished\":\"2025-03-01T01:18:13+00:00\",\"dateModified\":\"2026-04-30T00:15:41+00:00\",\"description\":\"Sacchetto burger in carta antigrasso 14 + 6,5 x 25 cm \u2013 Lotto da 1000. Ideale per burger, panini, bagel\u2026 Imballo pratico, pulito e professionale.\",\"breadcrumb\":{\"@id\":\"https:\/\/www.csj-emballages.com\/it\/produit\/sacchetto-burger-in-carta-antigrasso-14-65-x-25-cm-da-1000\/#breadcrumb\"},\"inLanguage\":\"it-IT\",\"potentialAction\":[{\"@type\":\"ReadAction\",\"target\":[\"https:\/\/www.csj-emballages.com\/it\/produit\/sacchetto-burger-in-carta-antigrasso-14-65-x-25-cm-da-1000\/\"]}]},{\"@type\":\"ImageObject\",\"inLanguage\":\"it-IT\",\"@id\":\"https:\/\/www.csj-emballages.com\/it\/produit\/sacchetto-burger-in-carta-antigrasso-14-65-x-25-cm-da-1000\/#primaryimage\",\"url\":\"https:\/\/www.csj-emballages.com\/wp-content\/uploads\/2025\/03\/Design-sans-titre-15.webp\",\"contentUrl\":\"https:\/\/www.csj-emballages.com\/wp-content\/uploads\/2025\/03\/Design-sans-titre-15.webp\",\"width\":800,\"height\":800,\"caption\":\"Sachet burger\"},{\"@type\":\"BreadcrumbList\",\"@id\":\"https:\/\/www.csj-emballages.com\/it\/produit\/sacchetto-burger-in-carta-antigrasso-14-65-x-25-cm-da-1000\/#breadcrumb\",\"itemListElement\":[{\"@type\":\"ListItem\",\"position\":1,\"name\":\"Home\",\"item\":\"https:\/\/www.csj-emballages.com\/it\/universo-imballaggi-alimentari\/\"},{\"@type\":\"ListItem\",\"position\":2,\"name\":\"Negozio\",\"item\":\"https:\/\/www.csj-emballages.com\/it\/negozio\/\"},{\"@type\":\"ListItem\",\"position\":3,\"name\":\"Sacchetto burger in carta antigrasso 14 + 6,5 x 25 cm da 1000\"}]},{\"@type\":\"WebSite\",\"@id\":\"https:\/\/www.csj-emballages.com\/it\/#website\",\"url\":\"https:\/\/www.csj-emballages.com\/it\/\",\"name\":\"CSJ Emballages\",\"description\":\"\",\"publisher\":{\"@id\":\"https:\/\/www.csj-emballages.com\/it\/#organization\"},\"potentialAction\":[{\"@type\":\"SearchAction\",\"target\":{\"@type\":\"EntryPoint\",\"urlTemplate\":\"https:\/\/www.csj-emballages.com\/it\/?s={search_term_string}\"},\"query-input\":{\"@type\":\"PropertyValueSpecification\",\"valueRequired\":true,\"valueName\":\"search_term_string\"}}],\"inLanguage\":\"it-IT\"},{\"@type\":\"Organization\",\"@id\":\"https:\/\/www.csj-emballages.com\/it\/#Organization\/\",\"name\":\"CSJ Emballages\",\"url\":\"https:\/\/www.csj-emballages.com\/it\/\",\"logo\":{\"@type\":\"ImageObject\",\"inLanguage\":\"it-IT\",\"@id\":\"https:\/\/www.csj-emballages.com\/it\/#\/schema\/logo\/image\/\",\"url\":\"https:\/\/www.csj-emballages.com\/wp-content\/uploads\/2023\/10\/logo_csj.webp\",\"contentUrl\":\"https:\/\/www.csj-emballages.com\/wp-content\/uploads\/2023\/10\/logo_csj.webp\",\"width\":250,\"height\":95,\"caption\":\"CSJ Emballages\"},\"image\":{\"@id\":\"https:\/\/www.csj-emballages.com\/it\/#\/schema\/logo\/image\/\"},\"sameAs\":[\"https:\/\/www.facebook.com\/csjemballages\"],\"address\":{\"@type\":\"PostalAddress\",\"streetAddress\":\"ZI La Lechere\",\"addressLocality\":\"Patornay\",\"postalCode\":\"39130\",\"addressCountry\":\"FR\"},\"contactPoint\":[{\"@type\":\"ContactPoint\",\"contactType\":\"Service client\",\"telephone\":\"0384254272\",\"email\":\"contact@csj-emballages.com\"}]}]}<\/script>\n<!-- \/ Yoast SEO Premium plugin. -->","yoast_head_json":{"title":"Sacchetto Burger in Carta Antigrasso 14 + 6,5 x 25 cm da 1000","description":"Sacchetto burger in carta antigrasso 14 + 6,5 x 25 cm \u2013 Lotto da 1000. Ideale per burger, panini, bagel\u2026 Imballo pratico, pulito e professionale.","robots":{"index":"index","follow":"follow","max-snippet":"max-snippet:-1","max-image-preview":"max-image-preview:large","max-video-preview":"max-video-preview:-1"},"canonical":"https:\/\/www.csj-emballages.com\/it\/produit\/sacchetto-burger-in-carta-antigrasso-14-65-x-25-cm-da-1000\/","og_locale":"it_IT","og_type":"article","og_title":"Sacchetto burger in carta antigrasso 14 + 6,5 x 25 cm da 1000","og_description":"Sacchetto burger in carta antigrasso 14 + 6,5 x 25 cm \u2013 Lotto da 1000. Ideale per burger, panini, bagel\u2026 Imballo pratico, pulito e professionale.","og_url":"https:\/\/www.csj-emballages.com\/it\/produit\/sacchetto-burger-in-carta-antigrasso-14-65-x-25-cm-da-1000\/","og_site_name":"CSJ Emballages","article_publisher":"https:\/\/www.facebook.com\/csjemballages","article_modified_time":"2026-04-30T00:15:41+00:00","og_image":[{"width":800,"height":800,"url":"https:\/\/www.csj-emballages.com\/wp-content\/uploads\/2025\/03\/Design-sans-titre-15.webp","type":"image\/jpeg"}],"twitter_card":"summary_large_image","twitter_misc":{"Dur\u00e9e de lecture estim\u00e9e":"1 minuto"},"schema":{"@context":"https:\/\/schema.org","@graph":[{"@type":"WebPage","@id":"https:\/\/www.csj-emballages.com\/it\/produit\/sacchetto-burger-in-carta-antigrasso-14-65-x-25-cm-da-1000\/","url":"https:\/\/www.csj-emballages.com\/it\/produit\/sacchetto-burger-in-carta-antigrasso-14-65-x-25-cm-da-1000\/","name":"Sacchetto Burger in Carta Antigrasso 14 + 6,5 x 25 cm da 1000","isPartOf":{"@id":"https:\/\/www.csj-emballages.com\/it\/#website"},"primaryImageOfPage":{"@id":"https:\/\/www.csj-emballages.com\/it\/produit\/sacchetto-burger-in-carta-antigrasso-14-65-x-25-cm-da-1000\/#primaryimage"},"image":{"@id":"https:\/\/www.csj-emballages.com\/it\/produit\/sacchetto-burger-in-carta-antigrasso-14-65-x-25-cm-da-1000\/#primaryimage"},"thumbnailUrl":"https:\/\/www.csj-emballages.com\/wp-content\/uploads\/2025\/03\/Design-sans-titre-15.webp","datePublished":"2025-03-01T01:18:13+00:00","dateModified":"2026-04-30T00:15:41+00:00","description":"Sacchetto burger in carta antigrasso 14 + 6,5 x 25 cm \u2013 Lotto da 1000. Ideale per burger, panini, bagel\u2026 Imballo pratico, pulito e professionale.","breadcrumb":{"@id":"https:\/\/www.csj-emballages.com\/it\/produit\/sacchetto-burger-in-carta-antigrasso-14-65-x-25-cm-da-1000\/#breadcrumb"},"inLanguage":"it-IT","potentialAction":[{"@type":"ReadAction","target":["https:\/\/www.csj-emballages.com\/it\/produit\/sacchetto-burger-in-carta-antigrasso-14-65-x-25-cm-da-1000\/"]}]},{"@type":"ImageObject","inLanguage":"it-IT","@id":"https:\/\/www.csj-emballages.com\/it\/produit\/sacchetto-burger-in-carta-antigrasso-14-65-x-25-cm-da-1000\/#primaryimage","url":"https:\/\/www.csj-emballages.com\/wp-content\/uploads\/2025\/03\/Design-sans-titre-15.webp","contentUrl":"https:\/\/www.csj-emballages.com\/wp-content\/uploads\/2025\/03\/Design-sans-titre-15.webp","width":800,"height":800,"caption":"Sachet burger"},{"@type":"BreadcrumbList","@id":"https:\/\/www.csj-emballages.com\/it\/produit\/sacchetto-burger-in-carta-antigrasso-14-65-x-25-cm-da-1000\/#breadcrumb","itemListElement":[{"@type":"ListItem","position":1,"name":"Home","item":"https:\/\/www.csj-emballages.com\/it\/universo-imballaggi-alimentari\/"},{"@type":"ListItem","position":2,"name":"Negozio","item":"https:\/\/www.csj-emballages.com\/it\/negozio\/"},{"@type":"ListItem","position":3,"name":"Sacchetto burger in carta antigrasso 14 + 6,5 x 25 cm da 1000"}]},{"@type":"WebSite","@id":"https:\/\/www.csj-emballages.com\/it\/#website","url":"https:\/\/www.csj-emballages.com\/it\/","name":"CSJ Emballages","description":"","publisher":{"@id":"https:\/\/www.csj-emballages.com\/it\/#organization"},"potentialAction":[{"@type":"SearchAction","target":{"@type":"EntryPoint","urlTemplate":"https:\/\/www.csj-emballages.com\/it\/?s={search_term_string}"},"query-input":{"@type":"PropertyValueSpecification","valueRequired":true,"valueName":"search_term_string"}}],"inLanguage":"it-IT"},{"@type":"Organization","@id":"https:\/\/www.csj-emballages.com\/it\/#Organization\/","name":"CSJ Emballages","url":"https:\/\/www.csj-emballages.com\/it\/","logo":{"@type":"ImageObject","inLanguage":"it-IT","@id":"https:\/\/www.csj-emballages.com\/it\/#\/schema\/logo\/image\/","url":"https:\/\/www.csj-emballages.com\/wp-content\/uploads\/2023\/10\/logo_csj.webp","contentUrl":"https:\/\/www.csj-emballages.com\/wp-content\/uploads\/2023\/10\/logo_csj.webp","width":250,"height":95,"caption":"CSJ Emballages"},"image":{"@id":"https:\/\/www.csj-emballages.com\/it\/#\/schema\/logo\/image\/"},"sameAs":["https:\/\/www.facebook.com\/csjemballages"],"address":{"@type":"PostalAddress","streetAddress":"ZI La Lechere","addressLocality":"Patornay","postalCode":"39130","addressCountry":"FR"},"contactPoint":[{"@type":"ContactPoint","contactType":"Service client","telephone":"0384254272","email":"contact@csj-emballages.com"}]}]}},"df_price":24.78,"df_sale_price":"","df_regular_price":24.78,"df_image_link":"https:\/\/www.csj-emballages.com\/wp-content\/uploads\/2025\/03\/Design-sans-titre-15-300x300.webp","tiered_pricing_type":"fixed","tiered_pricing_fixed_rules":[],"tiered_pricing_percentage_rules":[],"tiered_pricing_minimum":1,"tiered_pricing_roles_data":[],"_links":{"self":[{"href":"https:\/\/www.csj-emballages.com\/it\/wp-json\/wp\/v2\/product\/271465","targetHints":{"allow":["GET"]}}],"collection":[{"href":"https:\/\/www.csj-emballages.com\/it\/wp-json\/wp\/v2\/product"}],"about":[{"href":"https:\/\/www.csj-emballages.com\/it\/wp-json\/wp\/v2\/types\/product"}],"wp:featuredmedia":[{"embeddable":true,"href":"https:\/\/www.csj-emballages.com\/it\/wp-json\/wp\/v2\/media\/271468"}],"wp:attachment":[{"href":"https:\/\/www.csj-emballages.com\/it\/wp-json\/wp\/v2\/media?parent=271465"}],"wp:term":[{"taxonomy":"product_brand","embeddable":true,"href":"https:\/\/www.csj-emballages.com\/it\/wp-json\/wp\/v2\/product_brand?post=271465"},{"taxonomy":"product_cat","embeddable":true,"href":"https:\/\/www.csj-emballages.com\/it\/wp-json\/wp\/v2\/product_cat?post=271465"},{"taxonomy":"product_tag","embeddable":true,"href":"https:\/\/www.csj-emballages.com\/it\/wp-json\/wp\/v2\/product_tag?post=271465"}],"curies":[{"name":"wp","href":"https:\/\/api.w.org\/{rel}","templated":true}]}}