{"id":271446,"date":"2025-03-07T02:18:28","date_gmt":"2025-03-07T01:18:28","guid":{"rendered":"https:\/\/www.csj-emballages.com\/produit\/sac-a-poche-uso-caldo-o-freddo-27-x-50-cm-da-100\/"},"modified":"2026-04-17T02:15:35","modified_gmt":"2026-04-17T00:15:35","slug":"sac-a-poche-uso-caldo-o-freddo-27-x-50-cm-da-100","status":"publish","type":"product","link":"https:\/\/www.csj-emballages.com\/it\/produit\/sac-a-poche-uso-caldo-o-freddo-27-x-50-cm-da-100\/","title":{"rendered":"Sac \u00e0 poche uso caldo o freddo 27 x 50 cm da 100"},"content":{"rendered":"<h2>Sac \u00e0 poche<\/h2>\n<hr>\n<h3>Descrizione del nostro sac \u00e0 poche uso caldo o freddo 27 x 50 cm da 100<\/h3>\n<p><!--more--><\/p>\n<p data-start=\"150\" data-end=\"473\">Il <strong data-start=\"153\" data-end=\"198\">sac \u00e0 poche per uso caldo o freddo 27 x 50 cm<\/strong> da <strong>100<\/strong> \u00e8 un indispensabile per tutti i professionisti della ristorazione e della pasticceria. Progettato per semplificare la tua quotidianit\u00e0, unisce praticit\u00e0, resistenza e igiene, il tutto in un formato generoso perfettamente adatto alle preparazioni pi\u00f9 golose. <\/p>\n<p data-start=\"475\" data-end=\"809\">Innanzitutto, la sua <strong data-start=\"492\" data-end=\"518\">superficie antiscivolo<\/strong> offre un&#8217;ottima presa, anche durante lunghe sessioni di decorazione. Mantenete cos\u00ec precisione e comfort, senza temere che il sacchetto scivoli tra le tue dita. Inoltre, grazie al suo <strong>interno liscio<\/strong>, le tue preparazioni scorrono facilmente, per un risultato netto e regolare.  <\/p>\n<p data-start=\"811\" data-end=\"1162\">Inoltre, la <strong>trasparenza del sacchetto<\/strong> \u00e8 un vantaggio non trascurabile: ti permette di controllare a colpo d&#8217;occhio la quantit\u00e0 rimanente e di anticipare le tue esigenze. Confezionati in <strong data-start=\"992\" data-end=\"1038\">rotolo direttamente nella scatola<\/strong>, i <strong>sacchetti<\/strong> si <strong>staccano facilmente uno per uno<\/strong>, evitando perdite di tempo e garantendo uno spazio di lavoro organizzato. <\/p>\n<p data-start=\"1164\" data-end=\"1538\">In termini di prestazioni, questo <strong>sac \u00e0 poche<\/strong> si adatta ai tuoi desideri: supporta un utilizzo <strong data-start=\"1258\" data-end=\"1283\">a caldo fino a 70 \u00b0C<\/strong> come a <strong>freddo<\/strong>. Puoi quindi farcire senza difficolt\u00e0 <strong data-start=\"1343\" data-end=\"1393\">creme pasticcere, panna montata, mousse leggere<\/strong> o anche <strong data-start=\"1408\" data-end=\"1436\">pur\u00e8 e salse calde<\/strong>. La sua robustezza assicura una buona resistenza alla pressione, anche con preparazioni pi\u00f9 dense.  <\/p>\n<p data-start=\"1540\" data-end=\"1848\">Infine, la confezione da <strong data-start=\"1570\" data-end=\"1584\">100 unit\u00e0<\/strong> lo rende una scelta economica ed efficace, particolarmente apprezzata negli ambienti professionali dove l&#8217;igiene e la rapidit\u00e0 di esecuzione sono primordiali.<\/p>\n<p data-start=\"1850\" data-end=\"2035\">In sintesi, questo <strong data-start=\"1867\" data-end=\"1909\">sac \u00e0 poche trasparente 27 x 50 cm<\/strong> \u00e8 la soluzione ideale per lavorare velocemente, bene e in tutta sicurezza, valorizzando al contempo le tue creazioni culinarie.<\/p>\n<p><!--more--><\/p>\n<h4><strong>Vantaggi:<\/strong><\/h4>\n<ul>\n<li><strong data-start=\"2263\" data-end=\"2289\">Superficie antiscivolo<\/strong> per una migliore presa.<\/li>\n<li><strong data-start=\"2327\" data-end=\"2343\">Trasparente<\/strong>: controllo facile della quantit\u00e0 rimanente.<\/li>\n<li><strong data-start=\"2390\" data-end=\"2417\">Confezionato in rotolo<\/strong> all&#8217;interno della scatola.<\/li>\n<li>Resistente all&#8217;uso <strong data-start=\"2474\" data-end=\"2498\">caldo fino a 70 \u00b0C<\/strong> o freddo.<\/li>\n<li>Interno liscio per uno <strong data-start=\"2537\" data-end=\"2558\">scorrimento fluido.<\/strong><\/li>\n<\/ul>\n<p>&nbsp;<\/p>\n<p><!--more--><\/p>\n<h4>Altre informazioni:<\/h4>\n<ul>\n<li><strong>Confezione<\/strong>: Pacco da 100<\/li>\n<li><strong>Dimensioni<\/strong>: 27 x 50 cm<\/li>\n<li><strong>Materiale<\/strong>: PEBD (Polietilene a Bassa Densit\u00e0)<\/li>\n<li><strong>Colore<\/strong>: Trasparente<\/li>\n<li><strong>Resistenza<\/strong>: 80 micron<\/li>\n<\/ul>\n<p>&nbsp;<\/p>\n<p><!--more--><\/p>\n<p>Trova qui il nostro sac \u00e0 poche di dimensioni 31 x 54 cm: <span style=\"color: #d12727;\"><a style=\"color: #d12727;\" href=\"https:\/\/www.csj-emballages.com\/it\/produit\/sac-a-poche-monouso-per-uso-caldo-o-freddo-in-rotolo-31-x-54-cm-da-100-pezzi\/\">POC54HOT<\/a><\/span><\/p>\n<p>&nbsp;<\/p>\n<p><!--more--><\/p>\n<p><a href=\"\/?product_cat=poches-a-douilles\">Consulta qui il resto della nostra gamma di sacchetti da pasticceria<\/a><\/p>\n","protected":false},"excerpt":{"rendered":"<p>Sac \u00e0 poche Descrizione del nostro sac \u00e0 poche uso caldo o freddo 27 x 50 cm da 100<\/p>\n","protected":false},"featured_media":271447,"template":"","meta":{"_acf_changed":false},"product_brand":[],"product_cat":[10346,10344,11421,11420],"product_tag":[],"class_list":{"0":"post-271446","1":"product","2":"type-product","3":"status-publish","4":"has-post-thumbnail","6":"product_cat-imballaggi-alimentari","7":"product_cat-panetteria-pasticceria","8":"product_cat-accessori-e-attrezzature","9":"product_cat-sac-a-poche","11":"first","12":"instock","13":"taxable","14":"shipping-taxable","15":"purchasable","16":"product-type-simple"},"acf":[],"yoast_head":"<!-- This site is optimized with the Yoast SEO Premium plugin v26.6 (Yoast SEO v26.6) - https:\/\/yoast.com\/wordpress\/plugins\/seo\/ -->\n<title>Sac \u00e0 Poche Utilizzo Caldo o Freddo 27 x 50 cm da 100<\/title>\n<meta name=\"description\" content=\"Sac \u00e0 poche 27 x 50 cm da 100, trasparente, antiscivolo, confezionato in rotolo. Utilizzo caldo fino a 70 \u00b0C o freddo.\" \/>\n<meta name=\"robots\" content=\"index, follow, max-snippet:-1, max-image-preview:large, max-video-preview:-1\" \/>\n<link rel=\"canonical\" href=\"https:\/\/www.csj-emballages.com\/it\/produit\/sac-a-poche-uso-caldo-o-freddo-27-x-50-cm-da-100\/\" \/>\n<meta property=\"og:locale\" content=\"it_IT\" \/>\n<meta property=\"og:type\" content=\"article\" \/>\n<meta property=\"og:title\" content=\"Sac \u00e0 poche uso caldo o freddo 27 x 50 cm da 100\" \/>\n<meta property=\"og:description\" content=\"Sac \u00e0 poche 27 x 50 cm da 100, trasparente, antiscivolo, confezionato in rotolo. Utilizzo caldo fino a 70 \u00b0C o freddo.\" \/>\n<meta property=\"og:url\" content=\"https:\/\/www.csj-emballages.com\/it\/produit\/sac-a-poche-uso-caldo-o-freddo-27-x-50-cm-da-100\/\" \/>\n<meta property=\"og:site_name\" content=\"CSJ Emballages\" \/>\n<meta property=\"article:publisher\" content=\"https:\/\/www.facebook.com\/csjemballages\" \/>\n<meta property=\"article:modified_time\" content=\"2026-04-17T00:15:35+00:00\" \/>\n<meta property=\"og:image\" content=\"https:\/\/www.csj-emballages.com\/wp-content\/uploads\/2025\/03\/POC50HOT.webp\" \/>\n\t<meta property=\"og:image:width\" content=\"800\" \/>\n\t<meta property=\"og:image:height\" content=\"800\" \/>\n\t<meta property=\"og:image:type\" content=\"image\/webp\" \/>\n<meta name=\"twitter:card\" content=\"summary_large_image\" \/>\n<meta name=\"twitter:label1\" content=\"Dur\u00e9e de lecture estim\u00e9e\" \/>\n\t<meta name=\"twitter:data1\" content=\"2 minuti\" \/>\n<script type=\"application\/ld+json\" class=\"yoast-schema-graph\">{\"@context\":\"https:\/\/schema.org\",\"@graph\":[{\"@type\":\"WebPage\",\"@id\":\"https:\/\/www.csj-emballages.com\/it\/produit\/sac-a-poche-uso-caldo-o-freddo-27-x-50-cm-da-100\/\",\"url\":\"https:\/\/www.csj-emballages.com\/it\/produit\/sac-a-poche-uso-caldo-o-freddo-27-x-50-cm-da-100\/\",\"name\":\"Sac \u00e0 Poche Utilizzo Caldo o Freddo 27 x 50 cm da 100\",\"isPartOf\":{\"@id\":\"https:\/\/www.csj-emballages.com\/it\/#website\"},\"primaryImageOfPage\":{\"@id\":\"https:\/\/www.csj-emballages.com\/it\/produit\/sac-a-poche-uso-caldo-o-freddo-27-x-50-cm-da-100\/#primaryimage\"},\"image\":{\"@id\":\"https:\/\/www.csj-emballages.com\/it\/produit\/sac-a-poche-uso-caldo-o-freddo-27-x-50-cm-da-100\/#primaryimage\"},\"thumbnailUrl\":\"https:\/\/www.csj-emballages.com\/wp-content\/uploads\/2025\/03\/POC50HOT.webp\",\"datePublished\":\"2025-03-07T01:18:28+00:00\",\"dateModified\":\"2026-04-17T00:15:35+00:00\",\"description\":\"Sac \u00e0 poche 27 x 50 cm da 100, trasparente, antiscivolo, confezionato in rotolo. Utilizzo caldo fino a 70 \u00b0C o freddo.\",\"breadcrumb\":{\"@id\":\"https:\/\/www.csj-emballages.com\/it\/produit\/sac-a-poche-uso-caldo-o-freddo-27-x-50-cm-da-100\/#breadcrumb\"},\"inLanguage\":\"it-IT\",\"potentialAction\":[{\"@type\":\"ReadAction\",\"target\":[\"https:\/\/www.csj-emballages.com\/it\/produit\/sac-a-poche-uso-caldo-o-freddo-27-x-50-cm-da-100\/\"]}]},{\"@type\":\"ImageObject\",\"inLanguage\":\"it-IT\",\"@id\":\"https:\/\/www.csj-emballages.com\/it\/produit\/sac-a-poche-uso-caldo-o-freddo-27-x-50-cm-da-100\/#primaryimage\",\"url\":\"https:\/\/www.csj-emballages.com\/wp-content\/uploads\/2025\/03\/POC50HOT.webp\",\"contentUrl\":\"https:\/\/www.csj-emballages.com\/wp-content\/uploads\/2025\/03\/POC50HOT.webp\",\"width\":800,\"height\":800,\"caption\":\"Poche \u00e0 douille\"},{\"@type\":\"BreadcrumbList\",\"@id\":\"https:\/\/www.csj-emballages.com\/it\/produit\/sac-a-poche-uso-caldo-o-freddo-27-x-50-cm-da-100\/#breadcrumb\",\"itemListElement\":[{\"@type\":\"ListItem\",\"position\":1,\"name\":\"Home\",\"item\":\"https:\/\/www.csj-emballages.com\/it\/universo-imballaggi-alimentari\/\"},{\"@type\":\"ListItem\",\"position\":2,\"name\":\"Negozio\",\"item\":\"https:\/\/www.csj-emballages.com\/it\/negozio\/\"},{\"@type\":\"ListItem\",\"position\":3,\"name\":\"Sac \u00e0 poche uso caldo o freddo 27 x 50 cm da 100\"}]},{\"@type\":\"WebSite\",\"@id\":\"https:\/\/www.csj-emballages.com\/it\/#website\",\"url\":\"https:\/\/www.csj-emballages.com\/it\/\",\"name\":\"CSJ Emballages\",\"description\":\"\",\"publisher\":{\"@id\":\"https:\/\/www.csj-emballages.com\/it\/#organization\"},\"potentialAction\":[{\"@type\":\"SearchAction\",\"target\":{\"@type\":\"EntryPoint\",\"urlTemplate\":\"https:\/\/www.csj-emballages.com\/it\/?s={search_term_string}\"},\"query-input\":{\"@type\":\"PropertyValueSpecification\",\"valueRequired\":true,\"valueName\":\"search_term_string\"}}],\"inLanguage\":\"it-IT\"},{\"@type\":\"Organization\",\"@id\":\"https:\/\/www.csj-emballages.com\/it\/#Organization\/\",\"name\":\"CSJ Emballages\",\"url\":\"https:\/\/www.csj-emballages.com\/it\/\",\"logo\":{\"@type\":\"ImageObject\",\"inLanguage\":\"it-IT\",\"@id\":\"https:\/\/www.csj-emballages.com\/it\/#\/schema\/logo\/image\/\",\"url\":\"https:\/\/www.csj-emballages.com\/wp-content\/uploads\/2023\/10\/logo_csj.webp\",\"contentUrl\":\"https:\/\/www.csj-emballages.com\/wp-content\/uploads\/2023\/10\/logo_csj.webp\",\"width\":250,\"height\":95,\"caption\":\"CSJ Emballages\"},\"image\":{\"@id\":\"https:\/\/www.csj-emballages.com\/it\/#\/schema\/logo\/image\/\"},\"sameAs\":[\"https:\/\/www.facebook.com\/csjemballages\"],\"address\":{\"@type\":\"PostalAddress\",\"streetAddress\":\"ZI La Lechere\",\"addressLocality\":\"Patornay\",\"postalCode\":\"39130\",\"addressCountry\":\"FR\"},\"contactPoint\":[{\"@type\":\"ContactPoint\",\"contactType\":\"Service client\",\"telephone\":\"0384254272\",\"email\":\"contact@csj-emballages.com\"}]}]}<\/script>\n<!-- \/ Yoast SEO Premium plugin. -->","yoast_head_json":{"title":"Sac \u00e0 Poche Utilizzo Caldo o Freddo 27 x 50 cm da 100","description":"Sac \u00e0 poche 27 x 50 cm da 100, trasparente, antiscivolo, confezionato in rotolo. Utilizzo caldo fino a 70 \u00b0C o freddo.","robots":{"index":"index","follow":"follow","max-snippet":"max-snippet:-1","max-image-preview":"max-image-preview:large","max-video-preview":"max-video-preview:-1"},"canonical":"https:\/\/www.csj-emballages.com\/it\/produit\/sac-a-poche-uso-caldo-o-freddo-27-x-50-cm-da-100\/","og_locale":"it_IT","og_type":"article","og_title":"Sac \u00e0 poche uso caldo o freddo 27 x 50 cm da 100","og_description":"Sac \u00e0 poche 27 x 50 cm da 100, trasparente, antiscivolo, confezionato in rotolo. Utilizzo caldo fino a 70 \u00b0C o freddo.","og_url":"https:\/\/www.csj-emballages.com\/it\/produit\/sac-a-poche-uso-caldo-o-freddo-27-x-50-cm-da-100\/","og_site_name":"CSJ Emballages","article_publisher":"https:\/\/www.facebook.com\/csjemballages","article_modified_time":"2026-04-17T00:15:35+00:00","og_image":[{"width":800,"height":800,"url":"https:\/\/www.csj-emballages.com\/wp-content\/uploads\/2025\/03\/POC50HOT.webp","type":"image\/webp"}],"twitter_card":"summary_large_image","twitter_misc":{"Dur\u00e9e de lecture estim\u00e9e":"2 minuti"},"schema":{"@context":"https:\/\/schema.org","@graph":[{"@type":"WebPage","@id":"https:\/\/www.csj-emballages.com\/it\/produit\/sac-a-poche-uso-caldo-o-freddo-27-x-50-cm-da-100\/","url":"https:\/\/www.csj-emballages.com\/it\/produit\/sac-a-poche-uso-caldo-o-freddo-27-x-50-cm-da-100\/","name":"Sac \u00e0 Poche Utilizzo Caldo o Freddo 27 x 50 cm da 100","isPartOf":{"@id":"https:\/\/www.csj-emballages.com\/it\/#website"},"primaryImageOfPage":{"@id":"https:\/\/www.csj-emballages.com\/it\/produit\/sac-a-poche-uso-caldo-o-freddo-27-x-50-cm-da-100\/#primaryimage"},"image":{"@id":"https:\/\/www.csj-emballages.com\/it\/produit\/sac-a-poche-uso-caldo-o-freddo-27-x-50-cm-da-100\/#primaryimage"},"thumbnailUrl":"https:\/\/www.csj-emballages.com\/wp-content\/uploads\/2025\/03\/POC50HOT.webp","datePublished":"2025-03-07T01:18:28+00:00","dateModified":"2026-04-17T00:15:35+00:00","description":"Sac \u00e0 poche 27 x 50 cm da 100, trasparente, antiscivolo, confezionato in rotolo. Utilizzo caldo fino a 70 \u00b0C o freddo.","breadcrumb":{"@id":"https:\/\/www.csj-emballages.com\/it\/produit\/sac-a-poche-uso-caldo-o-freddo-27-x-50-cm-da-100\/#breadcrumb"},"inLanguage":"it-IT","potentialAction":[{"@type":"ReadAction","target":["https:\/\/www.csj-emballages.com\/it\/produit\/sac-a-poche-uso-caldo-o-freddo-27-x-50-cm-da-100\/"]}]},{"@type":"ImageObject","inLanguage":"it-IT","@id":"https:\/\/www.csj-emballages.com\/it\/produit\/sac-a-poche-uso-caldo-o-freddo-27-x-50-cm-da-100\/#primaryimage","url":"https:\/\/www.csj-emballages.com\/wp-content\/uploads\/2025\/03\/POC50HOT.webp","contentUrl":"https:\/\/www.csj-emballages.com\/wp-content\/uploads\/2025\/03\/POC50HOT.webp","width":800,"height":800,"caption":"Poche \u00e0 douille"},{"@type":"BreadcrumbList","@id":"https:\/\/www.csj-emballages.com\/it\/produit\/sac-a-poche-uso-caldo-o-freddo-27-x-50-cm-da-100\/#breadcrumb","itemListElement":[{"@type":"ListItem","position":1,"name":"Home","item":"https:\/\/www.csj-emballages.com\/it\/universo-imballaggi-alimentari\/"},{"@type":"ListItem","position":2,"name":"Negozio","item":"https:\/\/www.csj-emballages.com\/it\/negozio\/"},{"@type":"ListItem","position":3,"name":"Sac \u00e0 poche uso caldo o freddo 27 x 50 cm da 100"}]},{"@type":"WebSite","@id":"https:\/\/www.csj-emballages.com\/it\/#website","url":"https:\/\/www.csj-emballages.com\/it\/","name":"CSJ Emballages","description":"","publisher":{"@id":"https:\/\/www.csj-emballages.com\/it\/#organization"},"potentialAction":[{"@type":"SearchAction","target":{"@type":"EntryPoint","urlTemplate":"https:\/\/www.csj-emballages.com\/it\/?s={search_term_string}"},"query-input":{"@type":"PropertyValueSpecification","valueRequired":true,"valueName":"search_term_string"}}],"inLanguage":"it-IT"},{"@type":"Organization","@id":"https:\/\/www.csj-emballages.com\/it\/#Organization\/","name":"CSJ Emballages","url":"https:\/\/www.csj-emballages.com\/it\/","logo":{"@type":"ImageObject","inLanguage":"it-IT","@id":"https:\/\/www.csj-emballages.com\/it\/#\/schema\/logo\/image\/","url":"https:\/\/www.csj-emballages.com\/wp-content\/uploads\/2023\/10\/logo_csj.webp","contentUrl":"https:\/\/www.csj-emballages.com\/wp-content\/uploads\/2023\/10\/logo_csj.webp","width":250,"height":95,"caption":"CSJ Emballages"},"image":{"@id":"https:\/\/www.csj-emballages.com\/it\/#\/schema\/logo\/image\/"},"sameAs":["https:\/\/www.facebook.com\/csjemballages"],"address":{"@type":"PostalAddress","streetAddress":"ZI La Lechere","addressLocality":"Patornay","postalCode":"39130","addressCountry":"FR"},"contactPoint":[{"@type":"ContactPoint","contactType":"Service client","telephone":"0384254272","email":"contact@csj-emballages.com"}]}]}},"df_price":8.06,"df_sale_price":"","df_regular_price":8.06,"df_image_link":"https:\/\/www.csj-emballages.com\/wp-content\/uploads\/2025\/03\/POC50HOT-300x300.webp","tiered_pricing_type":"fixed","tiered_pricing_fixed_rules":[],"tiered_pricing_percentage_rules":[],"tiered_pricing_minimum":1,"tiered_pricing_roles_data":[],"_links":{"self":[{"href":"https:\/\/www.csj-emballages.com\/it\/wp-json\/wp\/v2\/product\/271446","targetHints":{"allow":["GET"]}}],"collection":[{"href":"https:\/\/www.csj-emballages.com\/it\/wp-json\/wp\/v2\/product"}],"about":[{"href":"https:\/\/www.csj-emballages.com\/it\/wp-json\/wp\/v2\/types\/product"}],"wp:featuredmedia":[{"embeddable":true,"href":"https:\/\/www.csj-emballages.com\/it\/wp-json\/wp\/v2\/media\/271447"}],"wp:attachment":[{"href":"https:\/\/www.csj-emballages.com\/it\/wp-json\/wp\/v2\/media?parent=271446"}],"wp:term":[{"taxonomy":"product_brand","embeddable":true,"href":"https:\/\/www.csj-emballages.com\/it\/wp-json\/wp\/v2\/product_brand?post=271446"},{"taxonomy":"product_cat","embeddable":true,"href":"https:\/\/www.csj-emballages.com\/it\/wp-json\/wp\/v2\/product_cat?post=271446"},{"taxonomy":"product_tag","embeddable":true,"href":"https:\/\/www.csj-emballages.com\/it\/wp-json\/wp\/v2\/product_tag?post=271446"}],"curies":[{"name":"wp","href":"https:\/\/api.w.org\/{rel}","templated":true}]}}