{"id":271441,"date":"2025-03-07T02:18:46","date_gmt":"2025-03-07T01:18:46","guid":{"rendered":"https:\/\/www.csj-emballages.com\/produit\/bustina-per-formaggi-termo-bianca-25-x-25-cm-da-1000\/"},"modified":"2026-03-20T13:56:35","modified_gmt":"2026-03-20T12:56:35","slug":"bustina-per-formaggi-termo-bianca-25-x-25-cm-da-1000","status":"publish","type":"product","link":"https:\/\/www.csj-emballages.com\/it\/produit\/bustina-per-formaggi-termo-bianca-25-x-25-cm-da-1000\/","title":{"rendered":"Bustina per formaggi termo bianca 25 x 25 cm da 1000"},"content":{"rendered":"<h2 class=\"p1\">Bustina per formaggi<\/h2>\n<hr>\n<h3>Descrizione della nostra bustina per formaggi termo bianca 25 x 25 cm da 1000<\/h3>\n<p><!--more--><\/p>\n<div class=\"flex max-w-full flex-col grow\">\n<div class=\"min-h-8 text-message relative flex w-full flex-col items-end gap-2 text-start break-words whitespace-normal [.text-message+&amp;]:mt-5\" dir=\"auto\" data-message-author-role=\"assistant\" data-message-id=\"1cf90a76-2f90-4af9-82a6-726e1ff89d2d\" data-message-model-slug=\"gpt-4o\">\n<div class=\"flex w-full flex-col gap-1 empty:hidden first:pt-[3px]\">\n<div class=\"markdown prose dark:prose-invert w-full break-words dark\">\n<article class=\"text-token-text-primary w-full\" dir=\"auto\" data-testid=\"conversation-turn-10\" data-scroll-anchor=\"true\">\n<div class=\"text-base my-auto mx-auto py-5 px-6\">\n<div class=\"mx-auto flex flex-1 text-base gap-4 md:gap-5 lg:gap-6 md:max-w-3xl lg:max-w-[40rem] xl:max-w-[48rem] group\/turn-messages focus-visible:outline-hidden\" tabindex=\"-1\">\n<div class=\"group\/conversation-turn relative flex w-full min-w-0 flex-col agent-turn @xs\/thread:px-0 @sm\/thread:px-1.5 @md\/thread:px-4\">\n<div class=\"relative flex-col gap-1 md:gap-3\">\n<div class=\"flex max-w-full flex-col grow\">\n<div class=\"min-h-8 text-message relative flex w-full flex-col items-end gap-2 text-start break-words whitespace-normal [.text-message+&amp;]:mt-5\" dir=\"auto\" data-message-author-role=\"assistant\" data-message-id=\"501a8fbe-9cc6-4e38-8a4d-2da13b1b7753\" data-message-model-slug=\"gpt-4o\">\n<div class=\"flex w-full flex-col gap-1 empty:hidden first:pt-[3px]\">\n<div class=\"markdown prose dark:prose-invert w-full break-words dark\">\n<p data-start=\"0\" data-end=\"1877\">Questa <strong>bustina per formaggi termo bianca<\/strong> \u00e8 progettata per offrire a casari e commercianti una soluzione di imballaggio che unisce igiene, praticit\u00e0 ed estetica. Il suo sistema <strong>adesivo<\/strong> integrato consente una chiusura rapida ed ermetica, garantendo cos\u00ec una protezione ottimale dall\u2019aria. Realizzata con un materiale di qualit\u00e0, assicura una conservazione efficace dei formaggi e di altri prodotti freschi, facilitandone al contempo il trasporto. Il suo formato generoso di <strong>25 x 25 cm<\/strong> si adatta a porzioni diverse, rendendola ideale sia per pezzi piccoli sia per quelli grandi. Oltre alla funzionalit\u00e0, il suo design sobrio e professionale valorizza i prodotti e rafforza l\u2019immagine del marchio dei commercianti attenti a proporre un imballaggio curato ed efficace.    <\/p>\n<\/div>\n<div class=\"markdown prose dark:prose-invert w-full break-words dark\">\n<p data-start=\"0\" data-end=\"1877\"><!--more--><\/p>\n<p data-start=\"0\" data-end=\"1877\">Resistente e affidabile, questa <strong>bustina adesiva per formaggi<\/strong> \u00e8 perfetta per le esigenze dei professionisti pi\u00f9 esigenti, evitando perdite e garantendo una presentazione impeccabile. Inoltre, il suo utilizzo semplice e rapido ottimizza i tempi di preparazione in negozio, assicurando un\u2019esperienza cliente migliore. Adatta ai prodotti alimentari che richiedono conservazione, \u00e8 una scelta intelligente per unire qualit\u00e0, sicurezza ed estetica. In pi\u00f9, la sua struttura <strong>termo<\/strong> garantisce un\u2019ottima resistenza alle variazioni di temperatura, riducendo i rischi legati all\u2019umidit\u00e0. Ideale per l\u2019uso quotidiano, questa <strong>bustina per formaggi<\/strong> offre un\u2019alternativa moderna ed efficace agli imballaggi tradizionali. Il suo <strong>adesivo<\/strong> ad alte prestazioni assicura una tenuta duratura, permettendo un trasporto sicuro senza rischio di aperture accidentali. Un indispensabile per i professionisti che vogliono unire praticit\u00e0 ed elevati standard igienico-sanitari.      <\/p>\n<\/div>\n<\/div>\n<\/div>\n<\/div>\n<\/div>\n<\/div>\n<\/div>\n<\/div>\n<\/article>\n<\/div>\n<\/div>\n<\/div>\n<\/div>\n<div class=\"flex justify-start\"><\/div>\n<p data-start=\"108\" data-end=\"487\"><!--more--><\/p>\n<h4>I loro vantaggi:<\/h4>\n<ul>\n<li data-start=\"513\" data-end=\"610\"><strong data-start=\"515\" data-end=\"540\">Igienica &amp; sicura<\/strong> : protegge efficacemente i tuoi formaggi dalle contaminazioni esterne.<\/li>\n<li data-start=\"611\" data-end=\"701\"><strong data-start=\"613\" data-end=\"632\">Adesivo integrato<\/strong> : facilita la chiusura senza bisogno di accessori aggiuntivi.<\/li>\n<li data-start=\"790\" data-end=\"888\"><strong data-start=\"792\" data-end=\"814\">Uso rapido<\/strong> : risparmio di tempo per i professionisti grazie alla sua semplice gestione.<\/li>\n<li data-start=\"889\" data-end=\"981\"><strong data-start=\"891\" data-end=\"910\">Formato pratico<\/strong> : queste bustine per formaggi sono ideali per diverse variet\u00e0 di formaggi e altri prodotti freschi.<\/li>\n<li><strong>2 possibilit\u00e0 di chiusura<\/strong>: con banda adesiva integrata o tramite termosaldatura<\/li>\n<\/ul>\n<p>&nbsp;<\/p>\n<p><!--more--><\/p>\n<h4>Altre informazioni:<\/h4>\n<ul>\n<li><strong>Confezione<\/strong>: scatola da 1000<\/li>\n<li><strong>Dimensioni<\/strong> : 25 x 25 cm<\/li>\n<li><strong>Materiale<\/strong>: Carta<\/li>\n<li><strong>Colore<\/strong> : Bianco \/ Arancione<\/li>\n<\/ul>\n<p>&nbsp;<\/p>\n<p><!--more--><\/p>\n<p>Questo prodotto \u00e8 disponibile in diverse misure: <span style=\"color: #d12727;\"><a style=\"color: #d12727;\" href=\"https:\/\/www.csj-emballages.com\/es\/produit\/bolsa-termica-blanca-impresa-con-queso-25-x-166-cm-por-1000\/\">25 x 16,6 cm<\/a><\/span> \/ <span style=\"color: #d12727;\"><a style=\"color: #d12727;\" href=\"https:\/\/www.csj-emballages.com\/es\/produit\/bolsa-termica-blanca-con-impresion-de-queso-25-x-33-cm-por-500\/\">25 x 33 cm<\/a><\/span><\/p>\n<p>&nbsp;<\/p>\n<p><!--more--><\/p>\n<p><a href=\"https:\/\/www.csj-emballages.com\/it\/categorie-produit\/imballaggi-alimentari\/macelleria-gastronomia-ortofrutta\/carte-alimentari\/buste-adesive\/\">Scopri il resto della nostra gamma di buste adesive<\/a><\/p>\n","protected":false},"excerpt":{"rendered":"<p>Bustina per formaggi Descrizione della nostra bustina per formaggi termo bianca 25 x 25 cm da 1000<\/p>\n","protected":false},"featured_media":271439,"template":"","meta":{"_acf_changed":false},"product_brand":[],"product_cat":[10346,10381,10395,11407],"product_tag":[],"class_list":{"0":"post-271441","1":"product","2":"type-product","3":"status-publish","4":"has-post-thumbnail","6":"product_cat-imballaggi-alimentari","7":"product_cat-macelleria-gastronomia-ortofrutta","8":"product_cat-carte-alimentari","9":"product_cat-buste-adesive","11":"first","12":"instock","13":"taxable","14":"shipping-taxable","15":"purchasable","16":"product-type-simple"},"acf":[],"yoast_head":"<!-- This site is optimized with the Yoast SEO Premium plugin v26.6 (Yoast SEO v26.6) - https:\/\/yoast.com\/wordpress\/plugins\/seo\/ -->\n<title>Bustina per formaggi Termo Bianca 25 x 25 cm da 1000<\/title>\n<meta name=\"description\" content=\"Scopri la nostra bustina per formaggi adesiva termo bianca 25 x 25 cm (x1000). Perfetta per casari e catering, offre una chiusura rapida.\" \/>\n<meta name=\"robots\" content=\"index, follow, max-snippet:-1, max-image-preview:large, max-video-preview:-1\" \/>\n<link rel=\"canonical\" href=\"https:\/\/www.csj-emballages.com\/it\/produit\/bustina-per-formaggi-termo-bianca-25-x-25-cm-da-1000\/\" \/>\n<meta property=\"og:locale\" content=\"it_IT\" \/>\n<meta property=\"og:type\" content=\"article\" \/>\n<meta property=\"og:title\" content=\"Bustina per formaggi termo bianca 25 x 25 cm da 1000\" \/>\n<meta property=\"og:description\" content=\"Scopri la nostra bustina per formaggi adesiva termo bianca 25 x 25 cm (x1000). Perfetta per casari e catering, offre una chiusura rapida.\" \/>\n<meta property=\"og:url\" content=\"https:\/\/www.csj-emballages.com\/it\/produit\/bustina-per-formaggi-termo-bianca-25-x-25-cm-da-1000\/\" \/>\n<meta property=\"og:site_name\" content=\"CSJ Emballages\" \/>\n<meta property=\"article:publisher\" content=\"https:\/\/www.facebook.com\/csjemballages\" \/>\n<meta property=\"article:modified_time\" content=\"2026-03-20T12:56:35+00:00\" \/>\n<meta property=\"og:image\" content=\"https:\/\/www.csj-emballages.com\/wp-content\/uploads\/2025\/03\/pochette-fromagerie.webp\" \/>\n\t<meta property=\"og:image:width\" content=\"800\" \/>\n\t<meta property=\"og:image:height\" content=\"800\" \/>\n\t<meta property=\"og:image:type\" content=\"image\/webp\" \/>\n<meta name=\"twitter:card\" content=\"summary_large_image\" \/>\n<meta name=\"twitter:label1\" content=\"Dur\u00e9e de lecture estim\u00e9e\" \/>\n\t<meta name=\"twitter:data1\" content=\"2 minuti\" \/>\n<script type=\"application\/ld+json\" class=\"yoast-schema-graph\">{\"@context\":\"https:\/\/schema.org\",\"@graph\":[{\"@type\":\"WebPage\",\"@id\":\"https:\/\/www.csj-emballages.com\/it\/produit\/bustina-per-formaggi-termo-bianca-25-x-25-cm-da-1000\/\",\"url\":\"https:\/\/www.csj-emballages.com\/it\/produit\/bustina-per-formaggi-termo-bianca-25-x-25-cm-da-1000\/\",\"name\":\"Bustina per formaggi Termo Bianca 25 x 25 cm da 1000\",\"isPartOf\":{\"@id\":\"https:\/\/www.csj-emballages.com\/it\/#website\"},\"primaryImageOfPage\":{\"@id\":\"https:\/\/www.csj-emballages.com\/it\/produit\/bustina-per-formaggi-termo-bianca-25-x-25-cm-da-1000\/#primaryimage\"},\"image\":{\"@id\":\"https:\/\/www.csj-emballages.com\/it\/produit\/bustina-per-formaggi-termo-bianca-25-x-25-cm-da-1000\/#primaryimage\"},\"thumbnailUrl\":\"https:\/\/www.csj-emballages.com\/wp-content\/uploads\/2025\/03\/pochette-fromagerie.webp\",\"datePublished\":\"2025-03-07T01:18:46+00:00\",\"dateModified\":\"2026-03-20T12:56:35+00:00\",\"description\":\"Scopri la nostra bustina per formaggi adesiva termo bianca 25 x 25 cm (x1000). Perfetta per casari e catering, offre una chiusura rapida.\",\"breadcrumb\":{\"@id\":\"https:\/\/www.csj-emballages.com\/it\/produit\/bustina-per-formaggi-termo-bianca-25-x-25-cm-da-1000\/#breadcrumb\"},\"inLanguage\":\"it-IT\",\"potentialAction\":[{\"@type\":\"ReadAction\",\"target\":[\"https:\/\/www.csj-emballages.com\/it\/produit\/bustina-per-formaggi-termo-bianca-25-x-25-cm-da-1000\/\"]}]},{\"@type\":\"ImageObject\",\"inLanguage\":\"it-IT\",\"@id\":\"https:\/\/www.csj-emballages.com\/it\/produit\/bustina-per-formaggi-termo-bianca-25-x-25-cm-da-1000\/#primaryimage\",\"url\":\"https:\/\/www.csj-emballages.com\/wp-content\/uploads\/2025\/03\/pochette-fromagerie.webp\",\"contentUrl\":\"https:\/\/www.csj-emballages.com\/wp-content\/uploads\/2025\/03\/pochette-fromagerie.webp\",\"width\":800,\"height\":800,\"caption\":\"pochette fromagerie\"},{\"@type\":\"BreadcrumbList\",\"@id\":\"https:\/\/www.csj-emballages.com\/it\/produit\/bustina-per-formaggi-termo-bianca-25-x-25-cm-da-1000\/#breadcrumb\",\"itemListElement\":[{\"@type\":\"ListItem\",\"position\":1,\"name\":\"Home\",\"item\":\"https:\/\/www.csj-emballages.com\/it\/universo-imballaggi-alimentari\/\"},{\"@type\":\"ListItem\",\"position\":2,\"name\":\"Negozio\",\"item\":\"https:\/\/www.csj-emballages.com\/it\/negozio\/\"},{\"@type\":\"ListItem\",\"position\":3,\"name\":\"Bustina per formaggi termo bianca 25 x 25 cm da 1000\"}]},{\"@type\":\"WebSite\",\"@id\":\"https:\/\/www.csj-emballages.com\/it\/#website\",\"url\":\"https:\/\/www.csj-emballages.com\/it\/\",\"name\":\"CSJ Emballages\",\"description\":\"\",\"publisher\":{\"@id\":\"https:\/\/www.csj-emballages.com\/it\/#organization\"},\"potentialAction\":[{\"@type\":\"SearchAction\",\"target\":{\"@type\":\"EntryPoint\",\"urlTemplate\":\"https:\/\/www.csj-emballages.com\/it\/?s={search_term_string}\"},\"query-input\":{\"@type\":\"PropertyValueSpecification\",\"valueRequired\":true,\"valueName\":\"search_term_string\"}}],\"inLanguage\":\"it-IT\"},{\"@type\":\"Organization\",\"@id\":\"https:\/\/www.csj-emballages.com\/it\/#Organization\/\",\"name\":\"CSJ Emballages\",\"url\":\"https:\/\/www.csj-emballages.com\/it\/\",\"logo\":{\"@type\":\"ImageObject\",\"inLanguage\":\"it-IT\",\"@id\":\"https:\/\/www.csj-emballages.com\/it\/#\/schema\/logo\/image\/\",\"url\":\"https:\/\/www.csj-emballages.com\/wp-content\/uploads\/2023\/10\/logo_csj.webp\",\"contentUrl\":\"https:\/\/www.csj-emballages.com\/wp-content\/uploads\/2023\/10\/logo_csj.webp\",\"width\":250,\"height\":95,\"caption\":\"CSJ Emballages\"},\"image\":{\"@id\":\"https:\/\/www.csj-emballages.com\/it\/#\/schema\/logo\/image\/\"},\"sameAs\":[\"https:\/\/www.facebook.com\/csjemballages\"],\"address\":{\"@type\":\"PostalAddress\",\"streetAddress\":\"ZI La Lechere\",\"addressLocality\":\"Patornay\",\"postalCode\":\"39130\",\"addressCountry\":\"FR\"},\"contactPoint\":[{\"@type\":\"ContactPoint\",\"contactType\":\"Service client\",\"telephone\":\"0384254272\",\"email\":\"contact@csj-emballages.com\"}]}]}<\/script>\n<!-- \/ Yoast SEO Premium plugin. -->","yoast_head_json":{"title":"Bustina per formaggi Termo Bianca 25 x 25 cm da 1000","description":"Scopri la nostra bustina per formaggi adesiva termo bianca 25 x 25 cm (x1000). Perfetta per casari e catering, offre una chiusura rapida.","robots":{"index":"index","follow":"follow","max-snippet":"max-snippet:-1","max-image-preview":"max-image-preview:large","max-video-preview":"max-video-preview:-1"},"canonical":"https:\/\/www.csj-emballages.com\/it\/produit\/bustina-per-formaggi-termo-bianca-25-x-25-cm-da-1000\/","og_locale":"it_IT","og_type":"article","og_title":"Bustina per formaggi termo bianca 25 x 25 cm da 1000","og_description":"Scopri la nostra bustina per formaggi adesiva termo bianca 25 x 25 cm (x1000). Perfetta per casari e catering, offre una chiusura rapida.","og_url":"https:\/\/www.csj-emballages.com\/it\/produit\/bustina-per-formaggi-termo-bianca-25-x-25-cm-da-1000\/","og_site_name":"CSJ Emballages","article_publisher":"https:\/\/www.facebook.com\/csjemballages","article_modified_time":"2026-03-20T12:56:35+00:00","og_image":[{"width":800,"height":800,"url":"https:\/\/www.csj-emballages.com\/wp-content\/uploads\/2025\/03\/pochette-fromagerie.webp","type":"image\/webp"}],"twitter_card":"summary_large_image","twitter_misc":{"Dur\u00e9e de lecture estim\u00e9e":"2 minuti"},"schema":{"@context":"https:\/\/schema.org","@graph":[{"@type":"WebPage","@id":"https:\/\/www.csj-emballages.com\/it\/produit\/bustina-per-formaggi-termo-bianca-25-x-25-cm-da-1000\/","url":"https:\/\/www.csj-emballages.com\/it\/produit\/bustina-per-formaggi-termo-bianca-25-x-25-cm-da-1000\/","name":"Bustina per formaggi Termo Bianca 25 x 25 cm da 1000","isPartOf":{"@id":"https:\/\/www.csj-emballages.com\/it\/#website"},"primaryImageOfPage":{"@id":"https:\/\/www.csj-emballages.com\/it\/produit\/bustina-per-formaggi-termo-bianca-25-x-25-cm-da-1000\/#primaryimage"},"image":{"@id":"https:\/\/www.csj-emballages.com\/it\/produit\/bustina-per-formaggi-termo-bianca-25-x-25-cm-da-1000\/#primaryimage"},"thumbnailUrl":"https:\/\/www.csj-emballages.com\/wp-content\/uploads\/2025\/03\/pochette-fromagerie.webp","datePublished":"2025-03-07T01:18:46+00:00","dateModified":"2026-03-20T12:56:35+00:00","description":"Scopri la nostra bustina per formaggi adesiva termo bianca 25 x 25 cm (x1000). Perfetta per casari e catering, offre una chiusura rapida.","breadcrumb":{"@id":"https:\/\/www.csj-emballages.com\/it\/produit\/bustina-per-formaggi-termo-bianca-25-x-25-cm-da-1000\/#breadcrumb"},"inLanguage":"it-IT","potentialAction":[{"@type":"ReadAction","target":["https:\/\/www.csj-emballages.com\/it\/produit\/bustina-per-formaggi-termo-bianca-25-x-25-cm-da-1000\/"]}]},{"@type":"ImageObject","inLanguage":"it-IT","@id":"https:\/\/www.csj-emballages.com\/it\/produit\/bustina-per-formaggi-termo-bianca-25-x-25-cm-da-1000\/#primaryimage","url":"https:\/\/www.csj-emballages.com\/wp-content\/uploads\/2025\/03\/pochette-fromagerie.webp","contentUrl":"https:\/\/www.csj-emballages.com\/wp-content\/uploads\/2025\/03\/pochette-fromagerie.webp","width":800,"height":800,"caption":"pochette fromagerie"},{"@type":"BreadcrumbList","@id":"https:\/\/www.csj-emballages.com\/it\/produit\/bustina-per-formaggi-termo-bianca-25-x-25-cm-da-1000\/#breadcrumb","itemListElement":[{"@type":"ListItem","position":1,"name":"Home","item":"https:\/\/www.csj-emballages.com\/it\/universo-imballaggi-alimentari\/"},{"@type":"ListItem","position":2,"name":"Negozio","item":"https:\/\/www.csj-emballages.com\/it\/negozio\/"},{"@type":"ListItem","position":3,"name":"Bustina per formaggi termo bianca 25 x 25 cm da 1000"}]},{"@type":"WebSite","@id":"https:\/\/www.csj-emballages.com\/it\/#website","url":"https:\/\/www.csj-emballages.com\/it\/","name":"CSJ Emballages","description":"","publisher":{"@id":"https:\/\/www.csj-emballages.com\/it\/#organization"},"potentialAction":[{"@type":"SearchAction","target":{"@type":"EntryPoint","urlTemplate":"https:\/\/www.csj-emballages.com\/it\/?s={search_term_string}"},"query-input":{"@type":"PropertyValueSpecification","valueRequired":true,"valueName":"search_term_string"}}],"inLanguage":"it-IT"},{"@type":"Organization","@id":"https:\/\/www.csj-emballages.com\/it\/#Organization\/","name":"CSJ Emballages","url":"https:\/\/www.csj-emballages.com\/it\/","logo":{"@type":"ImageObject","inLanguage":"it-IT","@id":"https:\/\/www.csj-emballages.com\/it\/#\/schema\/logo\/image\/","url":"https:\/\/www.csj-emballages.com\/wp-content\/uploads\/2023\/10\/logo_csj.webp","contentUrl":"https:\/\/www.csj-emballages.com\/wp-content\/uploads\/2023\/10\/logo_csj.webp","width":250,"height":95,"caption":"CSJ Emballages"},"image":{"@id":"https:\/\/www.csj-emballages.com\/it\/#\/schema\/logo\/image\/"},"sameAs":["https:\/\/www.facebook.com\/csjemballages"],"address":{"@type":"PostalAddress","streetAddress":"ZI La Lechere","addressLocality":"Patornay","postalCode":"39130","addressCountry":"FR"},"contactPoint":[{"@type":"ContactPoint","contactType":"Service client","telephone":"0384254272","email":"contact@csj-emballages.com"}]}]}},"df_price":75.32,"df_sale_price":"","df_regular_price":75.32,"df_image_link":"https:\/\/www.csj-emballages.com\/wp-content\/uploads\/2025\/03\/pochette-fromagerie-300x300.webp","tiered_pricing_type":"fixed","tiered_pricing_fixed_rules":[],"tiered_pricing_percentage_rules":[],"tiered_pricing_minimum":1,"tiered_pricing_roles_data":[],"_links":{"self":[{"href":"https:\/\/www.csj-emballages.com\/it\/wp-json\/wp\/v2\/product\/271441","targetHints":{"allow":["GET"]}}],"collection":[{"href":"https:\/\/www.csj-emballages.com\/it\/wp-json\/wp\/v2\/product"}],"about":[{"href":"https:\/\/www.csj-emballages.com\/it\/wp-json\/wp\/v2\/types\/product"}],"wp:featuredmedia":[{"embeddable":true,"href":"https:\/\/www.csj-emballages.com\/it\/wp-json\/wp\/v2\/media\/271439"}],"wp:attachment":[{"href":"https:\/\/www.csj-emballages.com\/it\/wp-json\/wp\/v2\/media?parent=271441"}],"wp:term":[{"taxonomy":"product_brand","embeddable":true,"href":"https:\/\/www.csj-emballages.com\/it\/wp-json\/wp\/v2\/product_brand?post=271441"},{"taxonomy":"product_cat","embeddable":true,"href":"https:\/\/www.csj-emballages.com\/it\/wp-json\/wp\/v2\/product_cat?post=271441"},{"taxonomy":"product_tag","embeddable":true,"href":"https:\/\/www.csj-emballages.com\/it\/wp-json\/wp\/v2\/product_tag?post=271441"}],"curies":[{"name":"wp","href":"https:\/\/api.w.org\/{rel}","templated":true}]}}