{"id":271429,"date":"2025-07-31T16:04:04","date_gmt":"2025-07-31T14:04:04","guid":{"rendered":"https:\/\/www.csj-emballages.com\/produit\/paglia-di-legno-naturale-5-kg\/"},"modified":"2026-03-12T16:09:21","modified_gmt":"2026-03-12T15:09:21","slug":"paglia-di-legno-naturale-5-kg","status":"publish","type":"product","link":"https:\/\/www.csj-emballages.com\/it\/produit\/paglia-di-legno-naturale-5-kg\/","title":{"rendered":"Paglia di legno naturale 5 kg"},"content":{"rendered":"<h2 id=\"prod-h1\" class=\"prod-details__name prod__name\">Paglia di legno<\/h2>\n<div style=\"font-family: Roboto, sans-serif;\">\n<div style=\"font-family: Roboto, sans-serif;\">\n<div style=\"font-family: Roboto, sans-serif;\">\n<div style=\"font-family: Roboto, sans-serif;\">\n<div style=\"font-family: Roboto, sans-serif;\">\n<div style=\"font-family: Roboto, sans-serif;\">\n<hr>\n<h3>Descrizione della nostra paglia di legno naturale 5 kg<\/h3>\n<p><!--more--><\/p>\n<\/div>\n<\/div>\n<\/div>\n<\/div>\n<\/div>\n<\/div>\n<p data-start=\"232\" data-end=\"548\">La <strong>paglia di legno naturale<\/strong> \u00e8 un must per chi cerca una soluzione estetica, pratica ed ecologica per bloccare, proteggere o presentare i prodotti. Questo <strong>cartone da 5 kg<\/strong> contiene trucioli leggeri ma resistenti, realizzati in <strong>legno 100% naturale<\/strong>, non trattato e <strong>biodegradabile<\/strong>. <\/p>\n<p data-start=\"550\" data-end=\"953\">Ideale per i professionisti dell&#8217;imballaggio, gli artigiani, le enoteche o i privati attenti ai dettagli, questa <strong>paglia di legno<\/strong> \u00e8 perfetta per proteggere i tuoi articoli fragili durante le spedizioni o le presentazioni regalo. Si inserisce facilmente in confezioni, cesti o scatole e permette di bloccare efficacemente bottiglie, vasetti, barattoli, oggetti decorativi o prodotti artigianali. <\/p>\n<p data-start=\"955\" data-end=\"1286\">Grazie alla sua consistenza flessibile e alla sua <strong>resa naturale<\/strong>, aggiunge un tocco di autenticit\u00e0 ai tuoi pacchi. Rafforza l&#8217;immagine artigianale o di alta gamma dei tuoi prodotti. Utilizzata anche nelle composizioni natalizie, nei cesti gourmet o negli allestimenti in negozio, conquista sia per l&#8217;aspetto che per la funzionalit\u00e0.  <\/p>\n<p data-start=\"1288\" data-end=\"1543\">Venduta in <strong>cartoni da 5 kg<\/strong>, questa confezione generosa \u00e8 adatta sia ai professionisti con grandi necessit\u00e0 che agli utenti regolari. In sintesi, \u00e8 una scelta responsabile, estetica ed economica per valorizzare i tuoi imballaggi proteggendo efficacemente i prodotti. <\/p>\n<p><!--more--><\/p>\n<div style=\"font-family: Roboto, sans-serif;\">\n<div style=\"font-family: Roboto, sans-serif;\">\n<div style=\"font-family: Roboto, sans-serif;\">\n<div style=\"font-family: Roboto, sans-serif;\">\n<div style=\"font-family: Roboto, sans-serif;\">\n<div style=\"font-family: Roboto, sans-serif;\">\n<p><strong>Vantaggi:<\/strong><\/p>\n<ul>\n<li>Legno 100% naturale, non trattato e biodegradabile.<\/li>\n<li>Protegge efficacemente dagli urti durante il trasporto.<\/li>\n<li>Dona una splendida finitura naturale e calda.<\/li>\n<li><strong>Versatile<\/strong>: ideale per confezioni, cesti regalo, pacchi, decorazioni.<\/li>\n<li><strong>Cartone da 5 kg<\/strong>: ottimo rapporto volume\/peso per un uso frequente.<\/li>\n<\/ul>\n<p>&nbsp;<\/p>\n<\/div>\n<\/div>\n<\/div>\n<\/div>\n<\/div>\n<\/div>\n<p><!--more--><\/p>\n<h4>Altre informazioni:<\/h4>\n<ul>\n<li><strong>Confezione<\/strong>: cartone da 5 kg<\/li>\n<li><strong>Materiale<\/strong>: legno<\/li>\n<\/ul>\n<p>&nbsp;<\/p>\n<p><!--more--><\/p>\n<p>Trovi qui il nostro riempimento in carta avana: <span style=\"color: #d12727;\"><a style=\"color: #d12727;\" href=\"https:\/\/www.csj-emballages.com\/it\/produit\/carta-da-riempimento-interkraft-1-m-x-400-ml\/\"><span style=\"color: #d12727;\">PB1X400<\/span><\/a><\/span><\/p>\n<p>&nbsp;<\/p>\n<p><!--more--><\/p>\n<p><a href=\"https:\/\/www.csj-emballages.com\/it\/categorie-produit\/imballaggi-alimentari\/macelleria-gastronomia-ortofrutta\/coppe-vasetti-verrine\/verrine\/cucchiai-forchette\/\">Scopri il resto della nostra gamma di paglia di legno<\/a><\/p>\n","protected":false},"excerpt":{"rendered":"<p>Paglia di legno Descrizione della nostra paglia di legno naturale 5 kg<\/p>\n","protected":false},"featured_media":271430,"template":"","meta":{"_acf_changed":false},"product_brand":[],"product_cat":[10346,10345,10871,11422],"product_tag":[],"class_list":{"0":"post-271429","1":"product","2":"type-product","3":"status-publish","4":"has-post-thumbnail","6":"product_cat-imballaggi-alimentari","7":"product_cat-boutique-e-negozio","8":"product_cat-accessori-e-attrezzature","9":"product_cat-paglia-di-legno","11":"first","12":"outofstock","13":"taxable","14":"shipping-taxable","15":"purchasable","16":"product-type-simple"},"acf":[],"yoast_head":"<!-- This site is optimized with the Yoast SEO Premium plugin v26.6 (Yoast SEO v26.6) - https:\/\/yoast.com\/wordpress\/plugins\/seo\/ -->\n<title>Paglia di Legno Naturale 5 kg<\/title>\n<meta name=\"description\" content=\"Paglia di legno naturale 5 kg ideale per proteggere e valorizzare i tuoi prodotti in confezioni, pacchi o cesti regalo. Soluzione ecologica ed elegante.\" \/>\n<meta name=\"robots\" content=\"index, follow, max-snippet:-1, max-image-preview:large, max-video-preview:-1\" \/>\n<link rel=\"canonical\" href=\"https:\/\/www.csj-emballages.com\/it\/produit\/paglia-di-legno-naturale-5-kg\/\" \/>\n<meta property=\"og:locale\" content=\"it_IT\" \/>\n<meta property=\"og:type\" content=\"article\" \/>\n<meta property=\"og:title\" content=\"Paglia di legno naturale 5 kg\" \/>\n<meta property=\"og:description\" content=\"Paglia di legno naturale 5 kg ideale per proteggere e valorizzare i tuoi prodotti in confezioni, pacchi o cesti regalo. Soluzione ecologica ed elegante.\" \/>\n<meta property=\"og:url\" content=\"https:\/\/www.csj-emballages.com\/it\/produit\/paglia-di-legno-naturale-5-kg\/\" \/>\n<meta property=\"og:site_name\" content=\"CSJ Emballages\" \/>\n<meta property=\"article:publisher\" content=\"https:\/\/www.facebook.com\/csjemballages\" \/>\n<meta property=\"article:modified_time\" content=\"2026-03-12T15:09:21+00:00\" \/>\n<meta property=\"og:image\" content=\"https:\/\/www.csj-emballages.com\/wp-content\/uploads\/2025\/07\/80370.webp\" \/>\n\t<meta property=\"og:image:width\" content=\"800\" \/>\n\t<meta property=\"og:image:height\" content=\"800\" \/>\n\t<meta property=\"og:image:type\" content=\"image\/webp\" \/>\n<meta name=\"twitter:card\" content=\"summary_large_image\" \/>\n<meta name=\"twitter:label1\" content=\"Dur\u00e9e de lecture estim\u00e9e\" \/>\n\t<meta name=\"twitter:data1\" content=\"1 minuto\" \/>\n<script type=\"application\/ld+json\" class=\"yoast-schema-graph\">{\"@context\":\"https:\/\/schema.org\",\"@graph\":[{\"@type\":\"WebPage\",\"@id\":\"https:\/\/www.csj-emballages.com\/it\/produit\/paglia-di-legno-naturale-5-kg\/\",\"url\":\"https:\/\/www.csj-emballages.com\/it\/produit\/paglia-di-legno-naturale-5-kg\/\",\"name\":\"Paglia di Legno Naturale 5 kg\",\"isPartOf\":{\"@id\":\"https:\/\/www.csj-emballages.com\/it\/#website\"},\"primaryImageOfPage\":{\"@id\":\"https:\/\/www.csj-emballages.com\/it\/produit\/paglia-di-legno-naturale-5-kg\/#primaryimage\"},\"image\":{\"@id\":\"https:\/\/www.csj-emballages.com\/it\/produit\/paglia-di-legno-naturale-5-kg\/#primaryimage\"},\"thumbnailUrl\":\"https:\/\/www.csj-emballages.com\/wp-content\/uploads\/2025\/07\/80370.webp\",\"datePublished\":\"2025-07-31T14:04:04+00:00\",\"dateModified\":\"2026-03-12T15:09:21+00:00\",\"description\":\"Paglia di legno naturale 5 kg ideale per proteggere e valorizzare i tuoi prodotti in confezioni, pacchi o cesti regalo. Soluzione ecologica ed elegante.\",\"breadcrumb\":{\"@id\":\"https:\/\/www.csj-emballages.com\/it\/produit\/paglia-di-legno-naturale-5-kg\/#breadcrumb\"},\"inLanguage\":\"it-IT\",\"potentialAction\":[{\"@type\":\"ReadAction\",\"target\":[\"https:\/\/www.csj-emballages.com\/it\/produit\/paglia-di-legno-naturale-5-kg\/\"]}]},{\"@type\":\"ImageObject\",\"inLanguage\":\"it-IT\",\"@id\":\"https:\/\/www.csj-emballages.com\/it\/produit\/paglia-di-legno-naturale-5-kg\/#primaryimage\",\"url\":\"https:\/\/www.csj-emballages.com\/wp-content\/uploads\/2025\/07\/80370.webp\",\"contentUrl\":\"https:\/\/www.csj-emballages.com\/wp-content\/uploads\/2025\/07\/80370.webp\",\"width\":800,\"height\":800,\"caption\":\"Frisure de bois\"},{\"@type\":\"BreadcrumbList\",\"@id\":\"https:\/\/www.csj-emballages.com\/it\/produit\/paglia-di-legno-naturale-5-kg\/#breadcrumb\",\"itemListElement\":[{\"@type\":\"ListItem\",\"position\":1,\"name\":\"Home\",\"item\":\"https:\/\/www.csj-emballages.com\/it\/universo-imballaggi-alimentari\/\"},{\"@type\":\"ListItem\",\"position\":2,\"name\":\"Negozio\",\"item\":\"https:\/\/www.csj-emballages.com\/it\/negozio\/\"},{\"@type\":\"ListItem\",\"position\":3,\"name\":\"Paglia di legno naturale 5 kg\"}]},{\"@type\":\"WebSite\",\"@id\":\"https:\/\/www.csj-emballages.com\/it\/#website\",\"url\":\"https:\/\/www.csj-emballages.com\/it\/\",\"name\":\"CSJ Emballages\",\"description\":\"\",\"publisher\":{\"@id\":\"https:\/\/www.csj-emballages.com\/it\/#organization\"},\"potentialAction\":[{\"@type\":\"SearchAction\",\"target\":{\"@type\":\"EntryPoint\",\"urlTemplate\":\"https:\/\/www.csj-emballages.com\/it\/?s={search_term_string}\"},\"query-input\":{\"@type\":\"PropertyValueSpecification\",\"valueRequired\":true,\"valueName\":\"search_term_string\"}}],\"inLanguage\":\"it-IT\"},{\"@type\":\"Organization\",\"@id\":\"https:\/\/www.csj-emballages.com\/it\/#Organization\/\",\"name\":\"CSJ Emballages\",\"url\":\"https:\/\/www.csj-emballages.com\/it\/\",\"logo\":{\"@type\":\"ImageObject\",\"inLanguage\":\"it-IT\",\"@id\":\"https:\/\/www.csj-emballages.com\/it\/#\/schema\/logo\/image\/\",\"url\":\"https:\/\/www.csj-emballages.com\/wp-content\/uploads\/2023\/10\/logo_csj.webp\",\"contentUrl\":\"https:\/\/www.csj-emballages.com\/wp-content\/uploads\/2023\/10\/logo_csj.webp\",\"width\":250,\"height\":95,\"caption\":\"CSJ Emballages\"},\"image\":{\"@id\":\"https:\/\/www.csj-emballages.com\/it\/#\/schema\/logo\/image\/\"},\"sameAs\":[\"https:\/\/www.facebook.com\/csjemballages\"],\"address\":{\"@type\":\"PostalAddress\",\"streetAddress\":\"ZI La Lechere\",\"addressLocality\":\"Patornay\",\"postalCode\":\"39130\",\"addressCountry\":\"FR\"},\"contactPoint\":[{\"@type\":\"ContactPoint\",\"contactType\":\"Service client\",\"telephone\":\"0384254272\",\"email\":\"contact@csj-emballages.com\"}]}]}<\/script>\n<!-- \/ Yoast SEO Premium plugin. -->","yoast_head_json":{"title":"Paglia di Legno Naturale 5 kg","description":"Paglia di legno naturale 5 kg ideale per proteggere e valorizzare i tuoi prodotti in confezioni, pacchi o cesti regalo. Soluzione ecologica ed elegante.","robots":{"index":"index","follow":"follow","max-snippet":"max-snippet:-1","max-image-preview":"max-image-preview:large","max-video-preview":"max-video-preview:-1"},"canonical":"https:\/\/www.csj-emballages.com\/it\/produit\/paglia-di-legno-naturale-5-kg\/","og_locale":"it_IT","og_type":"article","og_title":"Paglia di legno naturale 5 kg","og_description":"Paglia di legno naturale 5 kg ideale per proteggere e valorizzare i tuoi prodotti in confezioni, pacchi o cesti regalo. Soluzione ecologica ed elegante.","og_url":"https:\/\/www.csj-emballages.com\/it\/produit\/paglia-di-legno-naturale-5-kg\/","og_site_name":"CSJ Emballages","article_publisher":"https:\/\/www.facebook.com\/csjemballages","article_modified_time":"2026-03-12T15:09:21+00:00","og_image":[{"width":800,"height":800,"url":"https:\/\/www.csj-emballages.com\/wp-content\/uploads\/2025\/07\/80370.webp","type":"image\/webp"}],"twitter_card":"summary_large_image","twitter_misc":{"Dur\u00e9e de lecture estim\u00e9e":"1 minuto"},"schema":{"@context":"https:\/\/schema.org","@graph":[{"@type":"WebPage","@id":"https:\/\/www.csj-emballages.com\/it\/produit\/paglia-di-legno-naturale-5-kg\/","url":"https:\/\/www.csj-emballages.com\/it\/produit\/paglia-di-legno-naturale-5-kg\/","name":"Paglia di Legno Naturale 5 kg","isPartOf":{"@id":"https:\/\/www.csj-emballages.com\/it\/#website"},"primaryImageOfPage":{"@id":"https:\/\/www.csj-emballages.com\/it\/produit\/paglia-di-legno-naturale-5-kg\/#primaryimage"},"image":{"@id":"https:\/\/www.csj-emballages.com\/it\/produit\/paglia-di-legno-naturale-5-kg\/#primaryimage"},"thumbnailUrl":"https:\/\/www.csj-emballages.com\/wp-content\/uploads\/2025\/07\/80370.webp","datePublished":"2025-07-31T14:04:04+00:00","dateModified":"2026-03-12T15:09:21+00:00","description":"Paglia di legno naturale 5 kg ideale per proteggere e valorizzare i tuoi prodotti in confezioni, pacchi o cesti regalo. Soluzione ecologica ed elegante.","breadcrumb":{"@id":"https:\/\/www.csj-emballages.com\/it\/produit\/paglia-di-legno-naturale-5-kg\/#breadcrumb"},"inLanguage":"it-IT","potentialAction":[{"@type":"ReadAction","target":["https:\/\/www.csj-emballages.com\/it\/produit\/paglia-di-legno-naturale-5-kg\/"]}]},{"@type":"ImageObject","inLanguage":"it-IT","@id":"https:\/\/www.csj-emballages.com\/it\/produit\/paglia-di-legno-naturale-5-kg\/#primaryimage","url":"https:\/\/www.csj-emballages.com\/wp-content\/uploads\/2025\/07\/80370.webp","contentUrl":"https:\/\/www.csj-emballages.com\/wp-content\/uploads\/2025\/07\/80370.webp","width":800,"height":800,"caption":"Frisure de bois"},{"@type":"BreadcrumbList","@id":"https:\/\/www.csj-emballages.com\/it\/produit\/paglia-di-legno-naturale-5-kg\/#breadcrumb","itemListElement":[{"@type":"ListItem","position":1,"name":"Home","item":"https:\/\/www.csj-emballages.com\/it\/universo-imballaggi-alimentari\/"},{"@type":"ListItem","position":2,"name":"Negozio","item":"https:\/\/www.csj-emballages.com\/it\/negozio\/"},{"@type":"ListItem","position":3,"name":"Paglia di legno naturale 5 kg"}]},{"@type":"WebSite","@id":"https:\/\/www.csj-emballages.com\/it\/#website","url":"https:\/\/www.csj-emballages.com\/it\/","name":"CSJ Emballages","description":"","publisher":{"@id":"https:\/\/www.csj-emballages.com\/it\/#organization"},"potentialAction":[{"@type":"SearchAction","target":{"@type":"EntryPoint","urlTemplate":"https:\/\/www.csj-emballages.com\/it\/?s={search_term_string}"},"query-input":{"@type":"PropertyValueSpecification","valueRequired":true,"valueName":"search_term_string"}}],"inLanguage":"it-IT"},{"@type":"Organization","@id":"https:\/\/www.csj-emballages.com\/it\/#Organization\/","name":"CSJ Emballages","url":"https:\/\/www.csj-emballages.com\/it\/","logo":{"@type":"ImageObject","inLanguage":"it-IT","@id":"https:\/\/www.csj-emballages.com\/it\/#\/schema\/logo\/image\/","url":"https:\/\/www.csj-emballages.com\/wp-content\/uploads\/2023\/10\/logo_csj.webp","contentUrl":"https:\/\/www.csj-emballages.com\/wp-content\/uploads\/2023\/10\/logo_csj.webp","width":250,"height":95,"caption":"CSJ Emballages"},"image":{"@id":"https:\/\/www.csj-emballages.com\/it\/#\/schema\/logo\/image\/"},"sameAs":["https:\/\/www.facebook.com\/csjemballages"],"address":{"@type":"PostalAddress","streetAddress":"ZI La Lechere","addressLocality":"Patornay","postalCode":"39130","addressCountry":"FR"},"contactPoint":[{"@type":"ContactPoint","contactType":"Service client","telephone":"0384254272","email":"contact@csj-emballages.com"}]}]}},"df_price":34.14,"df_sale_price":"","df_regular_price":34.14,"df_image_link":"https:\/\/www.csj-emballages.com\/wp-content\/uploads\/2025\/07\/80370-300x300.webp","tiered_pricing_type":"fixed","tiered_pricing_fixed_rules":[],"tiered_pricing_percentage_rules":[],"tiered_pricing_minimum":1,"tiered_pricing_roles_data":[],"_links":{"self":[{"href":"https:\/\/www.csj-emballages.com\/it\/wp-json\/wp\/v2\/product\/271429","targetHints":{"allow":["GET"]}}],"collection":[{"href":"https:\/\/www.csj-emballages.com\/it\/wp-json\/wp\/v2\/product"}],"about":[{"href":"https:\/\/www.csj-emballages.com\/it\/wp-json\/wp\/v2\/types\/product"}],"wp:featuredmedia":[{"embeddable":true,"href":"https:\/\/www.csj-emballages.com\/it\/wp-json\/wp\/v2\/media\/271430"}],"wp:attachment":[{"href":"https:\/\/www.csj-emballages.com\/it\/wp-json\/wp\/v2\/media?parent=271429"}],"wp:term":[{"taxonomy":"product_brand","embeddable":true,"href":"https:\/\/www.csj-emballages.com\/it\/wp-json\/wp\/v2\/product_brand?post=271429"},{"taxonomy":"product_cat","embeddable":true,"href":"https:\/\/www.csj-emballages.com\/it\/wp-json\/wp\/v2\/product_cat?post=271429"},{"taxonomy":"product_tag","embeddable":true,"href":"https:\/\/www.csj-emballages.com\/it\/wp-json\/wp\/v2\/product_tag?post=271429"}],"curies":[{"name":"wp","href":"https:\/\/api.w.org\/{rel}","templated":true}]}}