{"id":271369,"date":"2025-09-15T09:48:49","date_gmt":"2025-09-15T07:48:49","guid":{"rendered":"https:\/\/www.csj-emballages.com\/produit\/funghi-porcini-secchi-b-500-g-in-barattolo-pet\/"},"modified":"2026-03-28T02:10:32","modified_gmt":"2026-03-28T01:10:32","slug":"funghi-porcini-secchi-b-500-g-in-barattolo-pet","status":"publish","type":"product","link":"https:\/\/www.csj-emballages.com\/it\/produit\/funghi-porcini-secchi-b-500-g-in-barattolo-pet\/","title":{"rendered":"Funghi porcini secchi B 500 g in barattolo PET"},"content":{"rendered":"<h2 class=\"p1\">Funghi porcini secchi<\/h2>\n<hr>\n<h3>Descrizione dei nostri funghi porcini secchi B 500 g in barattolo PET<\/h3>\n<p><!--more--><\/p>\n<p data-start=\"0\" data-end=\"441\">Scopri l&#8217;autenticit\u00e0 dei <strong data-start=\"59\" data-end=\"94\">funghi porcini secchi B 500 g in barattolo PET<\/strong>, un must per gli appassionati di cucina gourmet. Questi <strong data-start=\"159\" data-end=\"186\">funghi d&#8217;eccezione<\/strong> sono selezionati con cura e poi essiccati per conservare tutto il loro <strong data-start=\"257\" data-end=\"274\">sapore boschivo<\/strong> e il loro profumo delicato. Grazie a questo formato generoso, avrai a disposizione la quantit\u00e0 ideale per le tue ricette di famiglia, salse o guarnizioni raffinate.  <\/p>\n<p data-start=\"443\" data-end=\"950\">Per sprigionare tutta la loro ricchezza aromatica, \u00e8 semplicissimo: basta <strong data-start=\"523\" data-end=\"537\">reidratare<\/strong> i porcini in <strong data-start=\"558\" data-end=\"576\">acqua bollente<\/strong> per circa <strong data-start=\"593\" data-end=\"607\">20 minuti<\/strong>, poi sciacquarli abbondantemente prima di <strong data-start=\"653\" data-end=\"665\">scolarli<\/strong>. Una volta terminato questo passaggio, sono pronti per essere cucinati <strong data-start=\"729\" data-end=\"760\">come funghi freschi<\/strong>, donando una nota intensa ai tuoi risotti, stufati, omelette o pasta. Questo metodo ne preserva la consistenza carnosa e il gusto unico, un vero tocco in pi\u00f9 per valorizzare i tuoi piatti.  <\/p>\n<p data-start=\"952\" data-end=\"1438\">Confezionati in un <strong data-start=\"973\" data-end=\"1007\">pratico barattolo PET ermetico<\/strong>, questi <strong>funghi porcini secchi<\/strong> sono protetti da umidit\u00e0 e luce, garantendo una conservazione ottimale. Per preservarne la qualit\u00e0, si consiglia di conservarli in un luogo <strong data-start=\"1183\" data-end=\"1192\">fresco<\/strong>, <strong data-start=\"1194\" data-end=\"1201\">asciutto<\/strong> e al <strong data-start=\"1209\" data-end=\"1231\">riparo dalla luce<\/strong>, sempre nella confezione originale. Cos\u00ec potrai goderti un prodotto pronto all&#8217;uso, <strong data-start=\"1334\" data-end=\"1345\">naturale<\/strong> e saporito.  <\/p>\n<p data-start=\"1440\" data-end=\"1840\">In breve, questi <strong data-start=\"1509\" data-end=\"1533\">funghi porcini secchi<\/strong> sono l&#8217;ingrediente perfetto per arricchire le tue creazioni culinarie. Il loro gusto raffinato e il profumo di bosco li rendono un vero tesoro per tutte le tue preparazioni. Offri ai tuoi clienti o ospiti un&#8217;esperienza gustativa indimenticabile integrando questi <strong>funghi porcini secchi<\/strong> nelle tue ricette!  <\/p>\n<p><!--more--><\/p>\n<h4><strong>Vantaggi:<\/strong><\/h4>\n<ul>\n<li><strong data-start=\"2063\" data-end=\"2085\">Sapore autentico<\/strong> e profumo di bosco preservati.<\/li>\n<li>Formato da <strong data-start=\"2128\" data-end=\"2137\">500 g<\/strong> ideale per la ristorazione e la cucina casalinga.<\/li>\n<li><strong data-start=\"2191\" data-end=\"2213\">Barattolo PET ermetico<\/strong> per una conservazione a lungo termine.<\/li>\n<li>Facile da preparare: <strong data-start=\"2274\" data-end=\"2306\">reidratare, sciacquare, scolare<\/strong> e poi cucinare.<\/li>\n<li>Prodotto <strong data-start=\"2334\" data-end=\"2345\">naturale<\/strong>, pratico ed economico per ricette raffinate.<\/li>\n<\/ul>\n<p>&nbsp;<\/p>\n<p><!--more--><\/p>\n<h4>Altre informazioni:<\/h4>\n<ul>\n<li><strong>Confezione<\/strong>: Barattolo da 500 g<\/li>\n<\/ul>\n<p>&nbsp;<\/p>\n<p><!--more--><\/p>\n<p><a href=\"https:\/\/www.csj-emballages.com\/it\/categorie-produit\/alimentari\/funghi-secchi\/\">Scopri il resto della nostra gamma di funghi secchi<\/a><\/p>\n","protected":false},"excerpt":{"rendered":"<p>Funghi porcini secchi Descrizione dei nostri funghi porcini secchi B 500 g in barattolo PET<\/p>\n","protected":false},"featured_media":271373,"template":"","meta":{"_acf_changed":false},"product_brand":[],"product_cat":[10346,10445,11414],"product_tag":[],"class_list":{"0":"post-271369","1":"product","2":"type-product","3":"status-publish","4":"has-post-thumbnail","6":"product_cat-imballaggi-alimentari","7":"product_cat-alimentari","8":"product_cat-funghi-secchi","10":"first","11":"instock","12":"taxable","13":"shipping-taxable","14":"purchasable","15":"product-type-simple"},"acf":[],"yoast_head":"<!-- This site is optimized with the Yoast SEO Premium plugin v26.6 (Yoast SEO v26.6) - https:\/\/yoast.com\/wordpress\/plugins\/seo\/ -->\n<title>Funghi Porcini Secchi B 500 g in Barattolo PET<\/title>\n<meta name=\"description\" content=\"Gusta l&#039;aroma intenso dei funghi porcini secchi B 500 g in barattolo PET. Reidrata, cucina e valorizza i tuoi piatti con il loro sapore boschivo unico.\" \/>\n<meta name=\"robots\" content=\"index, follow, max-snippet:-1, max-image-preview:large, max-video-preview:-1\" \/>\n<link rel=\"canonical\" href=\"https:\/\/www.csj-emballages.com\/it\/produit\/funghi-porcini-secchi-b-500-g-in-barattolo-pet\/\" \/>\n<meta property=\"og:locale\" content=\"it_IT\" \/>\n<meta property=\"og:type\" content=\"article\" \/>\n<meta property=\"og:title\" content=\"Funghi porcini secchi B 500 g in barattolo PET\" \/>\n<meta property=\"og:description\" content=\"Gusta l&#039;aroma intenso dei funghi porcini secchi B 500 g in barattolo PET. Reidrata, cucina e valorizza i tuoi piatti con il loro sapore boschivo unico.\" \/>\n<meta property=\"og:url\" content=\"https:\/\/www.csj-emballages.com\/it\/produit\/funghi-porcini-secchi-b-500-g-in-barattolo-pet\/\" \/>\n<meta property=\"og:site_name\" content=\"CSJ Emballages\" \/>\n<meta property=\"article:publisher\" content=\"https:\/\/www.facebook.com\/csjemballages\" \/>\n<meta property=\"article:modified_time\" content=\"2026-03-28T01:10:32+00:00\" \/>\n<meta property=\"og:image\" content=\"https:\/\/www.csj-emballages.com\/wp-content\/uploads\/2025\/09\/11502.webp\" \/>\n\t<meta property=\"og:image:width\" content=\"800\" \/>\n\t<meta property=\"og:image:height\" content=\"800\" \/>\n\t<meta property=\"og:image:type\" content=\"image\/webp\" \/>\n<meta name=\"twitter:card\" content=\"summary_large_image\" \/>\n<meta name=\"twitter:label1\" content=\"Dur\u00e9e de lecture estim\u00e9e\" \/>\n\t<meta name=\"twitter:data1\" content=\"2 minuti\" \/>\n<script type=\"application\/ld+json\" class=\"yoast-schema-graph\">{\"@context\":\"https:\/\/schema.org\",\"@graph\":[{\"@type\":\"WebPage\",\"@id\":\"https:\/\/www.csj-emballages.com\/it\/produit\/funghi-porcini-secchi-b-500-g-in-barattolo-pet\/\",\"url\":\"https:\/\/www.csj-emballages.com\/it\/produit\/funghi-porcini-secchi-b-500-g-in-barattolo-pet\/\",\"name\":\"Funghi Porcini Secchi B 500 g in Barattolo PET\",\"isPartOf\":{\"@id\":\"https:\/\/www.csj-emballages.com\/it\/#website\"},\"primaryImageOfPage\":{\"@id\":\"https:\/\/www.csj-emballages.com\/it\/produit\/funghi-porcini-secchi-b-500-g-in-barattolo-pet\/#primaryimage\"},\"image\":{\"@id\":\"https:\/\/www.csj-emballages.com\/it\/produit\/funghi-porcini-secchi-b-500-g-in-barattolo-pet\/#primaryimage\"},\"thumbnailUrl\":\"https:\/\/www.csj-emballages.com\/wp-content\/uploads\/2025\/09\/11502.webp\",\"datePublished\":\"2025-09-15T07:48:49+00:00\",\"dateModified\":\"2026-03-28T01:10:32+00:00\",\"description\":\"Gusta l'aroma intenso dei funghi porcini secchi B 500 g in barattolo PET. Reidrata, cucina e valorizza i tuoi piatti con il loro sapore boschivo unico.\",\"breadcrumb\":{\"@id\":\"https:\/\/www.csj-emballages.com\/it\/produit\/funghi-porcini-secchi-b-500-g-in-barattolo-pet\/#breadcrumb\"},\"inLanguage\":\"it-IT\",\"potentialAction\":[{\"@type\":\"ReadAction\",\"target\":[\"https:\/\/www.csj-emballages.com\/it\/produit\/funghi-porcini-secchi-b-500-g-in-barattolo-pet\/\"]}]},{\"@type\":\"ImageObject\",\"inLanguage\":\"it-IT\",\"@id\":\"https:\/\/www.csj-emballages.com\/it\/produit\/funghi-porcini-secchi-b-500-g-in-barattolo-pet\/#primaryimage\",\"url\":\"https:\/\/www.csj-emballages.com\/wp-content\/uploads\/2025\/09\/11502.webp\",\"contentUrl\":\"https:\/\/www.csj-emballages.com\/wp-content\/uploads\/2025\/09\/11502.webp\",\"width\":800,\"height\":800,\"caption\":\"C\u00e8pes s\u00e9ch\u00e9s\"},{\"@type\":\"BreadcrumbList\",\"@id\":\"https:\/\/www.csj-emballages.com\/it\/produit\/funghi-porcini-secchi-b-500-g-in-barattolo-pet\/#breadcrumb\",\"itemListElement\":[{\"@type\":\"ListItem\",\"position\":1,\"name\":\"Home\",\"item\":\"https:\/\/www.csj-emballages.com\/it\/universo-imballaggi-alimentari\/\"},{\"@type\":\"ListItem\",\"position\":2,\"name\":\"Negozio\",\"item\":\"https:\/\/www.csj-emballages.com\/it\/negozio\/\"},{\"@type\":\"ListItem\",\"position\":3,\"name\":\"Funghi porcini secchi B 500 g in barattolo PET\"}]},{\"@type\":\"WebSite\",\"@id\":\"https:\/\/www.csj-emballages.com\/it\/#website\",\"url\":\"https:\/\/www.csj-emballages.com\/it\/\",\"name\":\"CSJ Emballages\",\"description\":\"\",\"publisher\":{\"@id\":\"https:\/\/www.csj-emballages.com\/it\/#organization\"},\"potentialAction\":[{\"@type\":\"SearchAction\",\"target\":{\"@type\":\"EntryPoint\",\"urlTemplate\":\"https:\/\/www.csj-emballages.com\/it\/?s={search_term_string}\"},\"query-input\":{\"@type\":\"PropertyValueSpecification\",\"valueRequired\":true,\"valueName\":\"search_term_string\"}}],\"inLanguage\":\"it-IT\"},{\"@type\":\"Organization\",\"@id\":\"https:\/\/www.csj-emballages.com\/it\/#Organization\/\",\"name\":\"CSJ Emballages\",\"url\":\"https:\/\/www.csj-emballages.com\/it\/\",\"logo\":{\"@type\":\"ImageObject\",\"inLanguage\":\"it-IT\",\"@id\":\"https:\/\/www.csj-emballages.com\/it\/#\/schema\/logo\/image\/\",\"url\":\"https:\/\/www.csj-emballages.com\/wp-content\/uploads\/2023\/10\/logo_csj.webp\",\"contentUrl\":\"https:\/\/www.csj-emballages.com\/wp-content\/uploads\/2023\/10\/logo_csj.webp\",\"width\":250,\"height\":95,\"caption\":\"CSJ Emballages\"},\"image\":{\"@id\":\"https:\/\/www.csj-emballages.com\/it\/#\/schema\/logo\/image\/\"},\"sameAs\":[\"https:\/\/www.facebook.com\/csjemballages\"],\"address\":{\"@type\":\"PostalAddress\",\"streetAddress\":\"ZI La Lechere\",\"addressLocality\":\"Patornay\",\"postalCode\":\"39130\",\"addressCountry\":\"FR\"},\"contactPoint\":[{\"@type\":\"ContactPoint\",\"contactType\":\"Service client\",\"telephone\":\"0384254272\",\"email\":\"contact@csj-emballages.com\"}]}]}<\/script>\n<!-- \/ Yoast SEO Premium plugin. -->","yoast_head_json":{"title":"Funghi Porcini Secchi B 500 g in Barattolo PET","description":"Gusta l'aroma intenso dei funghi porcini secchi B 500 g in barattolo PET. Reidrata, cucina e valorizza i tuoi piatti con il loro sapore boschivo unico.","robots":{"index":"index","follow":"follow","max-snippet":"max-snippet:-1","max-image-preview":"max-image-preview:large","max-video-preview":"max-video-preview:-1"},"canonical":"https:\/\/www.csj-emballages.com\/it\/produit\/funghi-porcini-secchi-b-500-g-in-barattolo-pet\/","og_locale":"it_IT","og_type":"article","og_title":"Funghi porcini secchi B 500 g in barattolo PET","og_description":"Gusta l'aroma intenso dei funghi porcini secchi B 500 g in barattolo PET. Reidrata, cucina e valorizza i tuoi piatti con il loro sapore boschivo unico.","og_url":"https:\/\/www.csj-emballages.com\/it\/produit\/funghi-porcini-secchi-b-500-g-in-barattolo-pet\/","og_site_name":"CSJ Emballages","article_publisher":"https:\/\/www.facebook.com\/csjemballages","article_modified_time":"2026-03-28T01:10:32+00:00","og_image":[{"width":800,"height":800,"url":"https:\/\/www.csj-emballages.com\/wp-content\/uploads\/2025\/09\/11502.webp","type":"image\/webp"}],"twitter_card":"summary_large_image","twitter_misc":{"Dur\u00e9e de lecture estim\u00e9e":"2 minuti"},"schema":{"@context":"https:\/\/schema.org","@graph":[{"@type":"WebPage","@id":"https:\/\/www.csj-emballages.com\/it\/produit\/funghi-porcini-secchi-b-500-g-in-barattolo-pet\/","url":"https:\/\/www.csj-emballages.com\/it\/produit\/funghi-porcini-secchi-b-500-g-in-barattolo-pet\/","name":"Funghi Porcini Secchi B 500 g in Barattolo PET","isPartOf":{"@id":"https:\/\/www.csj-emballages.com\/it\/#website"},"primaryImageOfPage":{"@id":"https:\/\/www.csj-emballages.com\/it\/produit\/funghi-porcini-secchi-b-500-g-in-barattolo-pet\/#primaryimage"},"image":{"@id":"https:\/\/www.csj-emballages.com\/it\/produit\/funghi-porcini-secchi-b-500-g-in-barattolo-pet\/#primaryimage"},"thumbnailUrl":"https:\/\/www.csj-emballages.com\/wp-content\/uploads\/2025\/09\/11502.webp","datePublished":"2025-09-15T07:48:49+00:00","dateModified":"2026-03-28T01:10:32+00:00","description":"Gusta l'aroma intenso dei funghi porcini secchi B 500 g in barattolo PET. Reidrata, cucina e valorizza i tuoi piatti con il loro sapore boschivo unico.","breadcrumb":{"@id":"https:\/\/www.csj-emballages.com\/it\/produit\/funghi-porcini-secchi-b-500-g-in-barattolo-pet\/#breadcrumb"},"inLanguage":"it-IT","potentialAction":[{"@type":"ReadAction","target":["https:\/\/www.csj-emballages.com\/it\/produit\/funghi-porcini-secchi-b-500-g-in-barattolo-pet\/"]}]},{"@type":"ImageObject","inLanguage":"it-IT","@id":"https:\/\/www.csj-emballages.com\/it\/produit\/funghi-porcini-secchi-b-500-g-in-barattolo-pet\/#primaryimage","url":"https:\/\/www.csj-emballages.com\/wp-content\/uploads\/2025\/09\/11502.webp","contentUrl":"https:\/\/www.csj-emballages.com\/wp-content\/uploads\/2025\/09\/11502.webp","width":800,"height":800,"caption":"C\u00e8pes s\u00e9ch\u00e9s"},{"@type":"BreadcrumbList","@id":"https:\/\/www.csj-emballages.com\/it\/produit\/funghi-porcini-secchi-b-500-g-in-barattolo-pet\/#breadcrumb","itemListElement":[{"@type":"ListItem","position":1,"name":"Home","item":"https:\/\/www.csj-emballages.com\/it\/universo-imballaggi-alimentari\/"},{"@type":"ListItem","position":2,"name":"Negozio","item":"https:\/\/www.csj-emballages.com\/it\/negozio\/"},{"@type":"ListItem","position":3,"name":"Funghi porcini secchi B 500 g in barattolo PET"}]},{"@type":"WebSite","@id":"https:\/\/www.csj-emballages.com\/it\/#website","url":"https:\/\/www.csj-emballages.com\/it\/","name":"CSJ Emballages","description":"","publisher":{"@id":"https:\/\/www.csj-emballages.com\/it\/#organization"},"potentialAction":[{"@type":"SearchAction","target":{"@type":"EntryPoint","urlTemplate":"https:\/\/www.csj-emballages.com\/it\/?s={search_term_string}"},"query-input":{"@type":"PropertyValueSpecification","valueRequired":true,"valueName":"search_term_string"}}],"inLanguage":"it-IT"},{"@type":"Organization","@id":"https:\/\/www.csj-emballages.com\/it\/#Organization\/","name":"CSJ Emballages","url":"https:\/\/www.csj-emballages.com\/it\/","logo":{"@type":"ImageObject","inLanguage":"it-IT","@id":"https:\/\/www.csj-emballages.com\/it\/#\/schema\/logo\/image\/","url":"https:\/\/www.csj-emballages.com\/wp-content\/uploads\/2023\/10\/logo_csj.webp","contentUrl":"https:\/\/www.csj-emballages.com\/wp-content\/uploads\/2023\/10\/logo_csj.webp","width":250,"height":95,"caption":"CSJ Emballages"},"image":{"@id":"https:\/\/www.csj-emballages.com\/it\/#\/schema\/logo\/image\/"},"sameAs":["https:\/\/www.facebook.com\/csjemballages"],"address":{"@type":"PostalAddress","streetAddress":"ZI La Lechere","addressLocality":"Patornay","postalCode":"39130","addressCountry":"FR"},"contactPoint":[{"@type":"ContactPoint","contactType":"Service client","telephone":"0384254272","email":"contact@csj-emballages.com"}]}]}},"df_price":57.42,"df_sale_price":"","df_regular_price":57.42,"df_image_link":"https:\/\/www.csj-emballages.com\/wp-content\/uploads\/2025\/09\/11502-300x300.webp","tiered_pricing_type":"fixed","tiered_pricing_fixed_rules":[],"tiered_pricing_percentage_rules":[],"tiered_pricing_minimum":1,"tiered_pricing_roles_data":[],"_links":{"self":[{"href":"https:\/\/www.csj-emballages.com\/it\/wp-json\/wp\/v2\/product\/271369","targetHints":{"allow":["GET"]}}],"collection":[{"href":"https:\/\/www.csj-emballages.com\/it\/wp-json\/wp\/v2\/product"}],"about":[{"href":"https:\/\/www.csj-emballages.com\/it\/wp-json\/wp\/v2\/types\/product"}],"wp:featuredmedia":[{"embeddable":true,"href":"https:\/\/www.csj-emballages.com\/it\/wp-json\/wp\/v2\/media\/271373"}],"wp:attachment":[{"href":"https:\/\/www.csj-emballages.com\/it\/wp-json\/wp\/v2\/media?parent=271369"}],"wp:term":[{"taxonomy":"product_brand","embeddable":true,"href":"https:\/\/www.csj-emballages.com\/it\/wp-json\/wp\/v2\/product_brand?post=271369"},{"taxonomy":"product_cat","embeddable":true,"href":"https:\/\/www.csj-emballages.com\/it\/wp-json\/wp\/v2\/product_cat?post=271369"},{"taxonomy":"product_tag","embeddable":true,"href":"https:\/\/www.csj-emballages.com\/it\/wp-json\/wp\/v2\/product_tag?post=271369"}],"curies":[{"name":"wp","href":"https:\/\/api.w.org\/{rel}","templated":true}]}}