{"id":271365,"date":"2025-09-15T09:48:56","date_gmt":"2025-09-15T07:48:56","guid":{"rendered":"https:\/\/www.csj-emballages.com\/produit\/misto-funghi-porcini-e-boleti-essiccati-500-gr-in-vaso-pet\/"},"modified":"2026-04-01T02:10:52","modified_gmt":"2026-04-01T00:10:52","slug":"misto-funghi-porcini-e-boleti-essiccati-500-gr-in-vaso-pet","status":"publish","type":"product","link":"https:\/\/www.csj-emballages.com\/it\/produit\/misto-funghi-porcini-e-boleti-essiccati-500-gr-in-vaso-pet\/","title":{"rendered":"Misto funghi porcini e boleti essiccati 500 gr in vaso PET"},"content":{"rendered":"<h2 class=\"p1\">Misto funghi porcini e boleti essiccati<\/h2>\n<hr>\n<h3>Descrizione del nostro misto funghi porcini e boleti essiccati 500 gr in vaso PET<\/h3>\n<p><!--more--><\/p>\n<p data-start=\"37\" data-end=\"385\">Scopri il nostro <strong data-start=\"53\" data-end=\"97\">misto funghi porcini e boleti 500 g in vaso PET<\/strong>, l&#8217;alleato perfetto per aggiungere un tocco goloso e boschivo alle tue ricette. Composto da <strong>funghi<\/strong> accuratamente selezionati, questo <strong>misto<\/strong> unisce il sapore intenso dei <strong data-start=\"270\" data-end=\"279\">porcini<\/strong> alla consistenza delicata dei <strong data-start=\"306\" data-end=\"316\">boleti<\/strong>, per un profumo autentico che esalta i tuoi piatti in ogni stagione. <\/p>\n<p data-start=\"387\" data-end=\"895\">Pratico e semplice da usare, questo prodotto si prepara in pochi passaggi. Ti baster\u00e0 <strong data-start=\"473\" data-end=\"503\">reidratare i funghi<\/strong> in <strong data-start=\"514\" data-end=\"551\">acqua bollente per 20 minuti<\/strong>, poi <strong data-start=\"565\" data-end=\"587\">sciacquarli abbondantemente<\/strong> e <strong data-start=\"598\" data-end=\"610\">scolarli<\/strong>. Potrai quindi cucinarli come <strong data-start=\"655\" data-end=\"676\">funghi freschi<\/strong>, sia in un soffritto di verdure, una salsa cremosa, un risotto o come contorno per carni e pesci. Grazie a questo formato, potrai godere del sapore del bosco tutto l&#8217;anno, senza dipendere dalle stagioni.   <\/p>\n<p data-start=\"897\" data-end=\"1209\">Inoltre, questo <strong>vaso<\/strong> in <strong data-start=\"916\" data-end=\"923\">PET<\/strong> garantisce una buona conservazione. Preserva la qualit\u00e0 dei <strong>funghi<\/strong> assicurando un&#8217;ottima protezione contro umidit\u00e0 e luce. Per mantenere il loro sapore, conserva il vaso in un luogo fresco, asciutto e al riparo dalla luce, <strong data-start=\"1174\" data-end=\"1206\">nella sua confezione originale<\/strong>.  <\/p>\n<p data-start=\"1211\" data-end=\"1583\">Questo <strong data-start=\"1214\" data-end=\"1241\">misto pronto all&#8217;uso<\/strong> \u00e8 ideale per i professionisti della ristorazione, i catering o gli appassionati di cucina che desiderano risparmiare tempo pur mantenendo la qualit\u00e0 delle loro preparazioni. Con la sua <strong data-start=\"1427\" data-end=\"1459\">lunga durata di conservazione<\/strong>, avrai sempre a portata di mano un ingrediente nobile e raffinato che trasforma i tuoi pasti in un vero viaggio gustativo. <\/p>\n<p data-start=\"1585\" data-end=\"1738\">Assapora la differenza: adotta il nostro <strong data-start=\"1624\" data-end=\"1651\">misto funghi porcini e boleti<\/strong> e offri ai tuoi ospiti un&#8217;esperienza culinaria autentica e pratica.<\/p>\n<p><!--more--><\/p>\n<h4><strong>Vantaggi:<\/strong><\/h4>\n<ul>\n<li><strong data-start=\"1966\" data-end=\"1986\">Gusto autentico<\/strong> di porcini e boleti per piatti ricchi di sapore.<\/li>\n<li><strong data-start=\"2045\" data-end=\"2064\">Pronto all&#8217;uso<\/strong>: reidratazione rapida in 20 minuti.<\/li>\n<li><strong data-start=\"2107\" data-end=\"2136\">Lunga conservazione<\/strong> in un vaso PET resistente e protettivo.<\/li>\n<li>Ideale per <strong data-start=\"2197\" data-end=\"2215\">professionisti<\/strong> e cuochi appassionati.<\/li>\n<li>Disponibile tutto l&#8217;anno, indipendentemente dalle stagioni.<\/li>\n<\/ul>\n<p>&nbsp;<\/p>\n<p><!--more--><\/p>\n<h4>Altre informazioni:<\/h4>\n<ul>\n<li><strong>Confezione<\/strong>: Vaso da 500g<\/li>\n<\/ul>\n<p>&nbsp;<\/p>\n<p><!--more--><\/p>\n<p><a href=\"https:\/\/www.csj-emballages.com\/it\/categorie-produit\/alimentari\/funghi-secchi\/\">Consulta il resto della nostra gamma di funghi secchi<\/a><\/p>\n","protected":false},"excerpt":{"rendered":"<p>Misto funghi porcini e boleti essiccati Descrizione del nostro misto funghi porcini e boleti essiccati 500 gr in vaso PET<\/p>\n","protected":false},"featured_media":271366,"template":"","meta":{"_acf_changed":false},"product_brand":[],"product_cat":[10346,10445,11414],"product_tag":[],"class_list":{"0":"post-271365","1":"product","2":"type-product","3":"status-publish","4":"has-post-thumbnail","6":"product_cat-imballaggi-alimentari","7":"product_cat-alimentari","8":"product_cat-funghi-secchi","10":"first","11":"instock","12":"taxable","13":"shipping-taxable","14":"purchasable","15":"product-type-simple"},"acf":[],"yoast_head":"<!-- This site is optimized with the Yoast SEO Premium plugin v26.6 (Yoast SEO v26.6) - https:\/\/yoast.com\/wordpress\/plugins\/seo\/ -->\n<title>Misto Funghi Porcini e Boleti 500 gr in vaso PET<\/title>\n<meta name=\"description\" content=\"Misto funghi porcini e boleti essiccati 500 gr in vaso PET \u2013 Funghi secchi da reidratare per 20 min, poi cucinare come freschi.\" \/>\n<meta name=\"robots\" content=\"index, follow, max-snippet:-1, max-image-preview:large, max-video-preview:-1\" \/>\n<link rel=\"canonical\" href=\"https:\/\/www.csj-emballages.com\/it\/produit\/misto-funghi-porcini-e-boleti-essiccati-500-gr-in-vaso-pet\/\" \/>\n<meta property=\"og:locale\" content=\"it_IT\" \/>\n<meta property=\"og:type\" content=\"article\" \/>\n<meta property=\"og:title\" content=\"Misto funghi porcini e boleti essiccati 500 gr in vaso PET\" \/>\n<meta property=\"og:description\" content=\"Misto funghi porcini e boleti essiccati 500 gr in vaso PET \u2013 Funghi secchi da reidratare per 20 min, poi cucinare come freschi.\" \/>\n<meta property=\"og:url\" content=\"https:\/\/www.csj-emballages.com\/it\/produit\/misto-funghi-porcini-e-boleti-essiccati-500-gr-in-vaso-pet\/\" \/>\n<meta property=\"og:site_name\" content=\"CSJ Emballages\" \/>\n<meta property=\"article:publisher\" content=\"https:\/\/www.facebook.com\/csjemballages\" \/>\n<meta property=\"article:modified_time\" content=\"2026-04-01T00:10:52+00:00\" \/>\n<meta property=\"og:image\" content=\"https:\/\/www.csj-emballages.com\/wp-content\/uploads\/2025\/09\/11503.webp\" \/>\n\t<meta property=\"og:image:width\" content=\"800\" \/>\n\t<meta property=\"og:image:height\" content=\"800\" \/>\n\t<meta property=\"og:image:type\" content=\"image\/webp\" \/>\n<meta name=\"twitter:card\" content=\"summary_large_image\" \/>\n<meta name=\"twitter:label1\" content=\"Dur\u00e9e de lecture estim\u00e9e\" \/>\n\t<meta name=\"twitter:data1\" content=\"2 minuti\" \/>\n<script type=\"application\/ld+json\" class=\"yoast-schema-graph\">{\"@context\":\"https:\/\/schema.org\",\"@graph\":[{\"@type\":\"WebPage\",\"@id\":\"https:\/\/www.csj-emballages.com\/it\/produit\/misto-funghi-porcini-e-boleti-essiccati-500-gr-in-vaso-pet\/\",\"url\":\"https:\/\/www.csj-emballages.com\/it\/produit\/misto-funghi-porcini-e-boleti-essiccati-500-gr-in-vaso-pet\/\",\"name\":\"Misto Funghi Porcini e Boleti 500 gr in vaso PET\",\"isPartOf\":{\"@id\":\"https:\/\/www.csj-emballages.com\/it\/#website\"},\"primaryImageOfPage\":{\"@id\":\"https:\/\/www.csj-emballages.com\/it\/produit\/misto-funghi-porcini-e-boleti-essiccati-500-gr-in-vaso-pet\/#primaryimage\"},\"image\":{\"@id\":\"https:\/\/www.csj-emballages.com\/it\/produit\/misto-funghi-porcini-e-boleti-essiccati-500-gr-in-vaso-pet\/#primaryimage\"},\"thumbnailUrl\":\"https:\/\/www.csj-emballages.com\/wp-content\/uploads\/2025\/09\/11503.webp\",\"datePublished\":\"2025-09-15T07:48:56+00:00\",\"dateModified\":\"2026-04-01T00:10:52+00:00\",\"description\":\"Misto funghi porcini e boleti essiccati 500 gr in vaso PET \u2013 Funghi secchi da reidratare per 20 min, poi cucinare come freschi.\",\"breadcrumb\":{\"@id\":\"https:\/\/www.csj-emballages.com\/it\/produit\/misto-funghi-porcini-e-boleti-essiccati-500-gr-in-vaso-pet\/#breadcrumb\"},\"inLanguage\":\"it-IT\",\"potentialAction\":[{\"@type\":\"ReadAction\",\"target\":[\"https:\/\/www.csj-emballages.com\/it\/produit\/misto-funghi-porcini-e-boleti-essiccati-500-gr-in-vaso-pet\/\"]}]},{\"@type\":\"ImageObject\",\"inLanguage\":\"it-IT\",\"@id\":\"https:\/\/www.csj-emballages.com\/it\/produit\/misto-funghi-porcini-e-boleti-essiccati-500-gr-in-vaso-pet\/#primaryimage\",\"url\":\"https:\/\/www.csj-emballages.com\/wp-content\/uploads\/2025\/09\/11503.webp\",\"contentUrl\":\"https:\/\/www.csj-emballages.com\/wp-content\/uploads\/2025\/09\/11503.webp\",\"width\":800,\"height\":800,\"caption\":\"M\u00e9lange bolets et c\u00e8pes s\u00e9ch\u00e9s\"},{\"@type\":\"BreadcrumbList\",\"@id\":\"https:\/\/www.csj-emballages.com\/it\/produit\/misto-funghi-porcini-e-boleti-essiccati-500-gr-in-vaso-pet\/#breadcrumb\",\"itemListElement\":[{\"@type\":\"ListItem\",\"position\":1,\"name\":\"Home\",\"item\":\"https:\/\/www.csj-emballages.com\/it\/universo-imballaggi-alimentari\/\"},{\"@type\":\"ListItem\",\"position\":2,\"name\":\"Negozio\",\"item\":\"https:\/\/www.csj-emballages.com\/it\/negozio\/\"},{\"@type\":\"ListItem\",\"position\":3,\"name\":\"Misto funghi porcini e boleti essiccati 500 gr in vaso PET\"}]},{\"@type\":\"WebSite\",\"@id\":\"https:\/\/www.csj-emballages.com\/it\/#website\",\"url\":\"https:\/\/www.csj-emballages.com\/it\/\",\"name\":\"CSJ Emballages\",\"description\":\"\",\"publisher\":{\"@id\":\"https:\/\/www.csj-emballages.com\/it\/#organization\"},\"potentialAction\":[{\"@type\":\"SearchAction\",\"target\":{\"@type\":\"EntryPoint\",\"urlTemplate\":\"https:\/\/www.csj-emballages.com\/it\/?s={search_term_string}\"},\"query-input\":{\"@type\":\"PropertyValueSpecification\",\"valueRequired\":true,\"valueName\":\"search_term_string\"}}],\"inLanguage\":\"it-IT\"},{\"@type\":\"Organization\",\"@id\":\"https:\/\/www.csj-emballages.com\/it\/#Organization\/\",\"name\":\"CSJ Emballages\",\"url\":\"https:\/\/www.csj-emballages.com\/it\/\",\"logo\":{\"@type\":\"ImageObject\",\"inLanguage\":\"it-IT\",\"@id\":\"https:\/\/www.csj-emballages.com\/it\/#\/schema\/logo\/image\/\",\"url\":\"https:\/\/www.csj-emballages.com\/wp-content\/uploads\/2023\/10\/logo_csj.webp\",\"contentUrl\":\"https:\/\/www.csj-emballages.com\/wp-content\/uploads\/2023\/10\/logo_csj.webp\",\"width\":250,\"height\":95,\"caption\":\"CSJ Emballages\"},\"image\":{\"@id\":\"https:\/\/www.csj-emballages.com\/it\/#\/schema\/logo\/image\/\"},\"sameAs\":[\"https:\/\/www.facebook.com\/csjemballages\"],\"address\":{\"@type\":\"PostalAddress\",\"streetAddress\":\"ZI La Lechere\",\"addressLocality\":\"Patornay\",\"postalCode\":\"39130\",\"addressCountry\":\"FR\"},\"contactPoint\":[{\"@type\":\"ContactPoint\",\"contactType\":\"Service client\",\"telephone\":\"0384254272\",\"email\":\"contact@csj-emballages.com\"}]}]}<\/script>\n<!-- \/ Yoast SEO Premium plugin. -->","yoast_head_json":{"title":"Misto Funghi Porcini e Boleti 500 gr in vaso PET","description":"Misto funghi porcini e boleti essiccati 500 gr in vaso PET \u2013 Funghi secchi da reidratare per 20 min, poi cucinare come freschi.","robots":{"index":"index","follow":"follow","max-snippet":"max-snippet:-1","max-image-preview":"max-image-preview:large","max-video-preview":"max-video-preview:-1"},"canonical":"https:\/\/www.csj-emballages.com\/it\/produit\/misto-funghi-porcini-e-boleti-essiccati-500-gr-in-vaso-pet\/","og_locale":"it_IT","og_type":"article","og_title":"Misto funghi porcini e boleti essiccati 500 gr in vaso PET","og_description":"Misto funghi porcini e boleti essiccati 500 gr in vaso PET \u2013 Funghi secchi da reidratare per 20 min, poi cucinare come freschi.","og_url":"https:\/\/www.csj-emballages.com\/it\/produit\/misto-funghi-porcini-e-boleti-essiccati-500-gr-in-vaso-pet\/","og_site_name":"CSJ Emballages","article_publisher":"https:\/\/www.facebook.com\/csjemballages","article_modified_time":"2026-04-01T00:10:52+00:00","og_image":[{"width":800,"height":800,"url":"https:\/\/www.csj-emballages.com\/wp-content\/uploads\/2025\/09\/11503.webp","type":"image\/webp"}],"twitter_card":"summary_large_image","twitter_misc":{"Dur\u00e9e de lecture estim\u00e9e":"2 minuti"},"schema":{"@context":"https:\/\/schema.org","@graph":[{"@type":"WebPage","@id":"https:\/\/www.csj-emballages.com\/it\/produit\/misto-funghi-porcini-e-boleti-essiccati-500-gr-in-vaso-pet\/","url":"https:\/\/www.csj-emballages.com\/it\/produit\/misto-funghi-porcini-e-boleti-essiccati-500-gr-in-vaso-pet\/","name":"Misto Funghi Porcini e Boleti 500 gr in vaso PET","isPartOf":{"@id":"https:\/\/www.csj-emballages.com\/it\/#website"},"primaryImageOfPage":{"@id":"https:\/\/www.csj-emballages.com\/it\/produit\/misto-funghi-porcini-e-boleti-essiccati-500-gr-in-vaso-pet\/#primaryimage"},"image":{"@id":"https:\/\/www.csj-emballages.com\/it\/produit\/misto-funghi-porcini-e-boleti-essiccati-500-gr-in-vaso-pet\/#primaryimage"},"thumbnailUrl":"https:\/\/www.csj-emballages.com\/wp-content\/uploads\/2025\/09\/11503.webp","datePublished":"2025-09-15T07:48:56+00:00","dateModified":"2026-04-01T00:10:52+00:00","description":"Misto funghi porcini e boleti essiccati 500 gr in vaso PET \u2013 Funghi secchi da reidratare per 20 min, poi cucinare come freschi.","breadcrumb":{"@id":"https:\/\/www.csj-emballages.com\/it\/produit\/misto-funghi-porcini-e-boleti-essiccati-500-gr-in-vaso-pet\/#breadcrumb"},"inLanguage":"it-IT","potentialAction":[{"@type":"ReadAction","target":["https:\/\/www.csj-emballages.com\/it\/produit\/misto-funghi-porcini-e-boleti-essiccati-500-gr-in-vaso-pet\/"]}]},{"@type":"ImageObject","inLanguage":"it-IT","@id":"https:\/\/www.csj-emballages.com\/it\/produit\/misto-funghi-porcini-e-boleti-essiccati-500-gr-in-vaso-pet\/#primaryimage","url":"https:\/\/www.csj-emballages.com\/wp-content\/uploads\/2025\/09\/11503.webp","contentUrl":"https:\/\/www.csj-emballages.com\/wp-content\/uploads\/2025\/09\/11503.webp","width":800,"height":800,"caption":"M\u00e9lange bolets et c\u00e8pes s\u00e9ch\u00e9s"},{"@type":"BreadcrumbList","@id":"https:\/\/www.csj-emballages.com\/it\/produit\/misto-funghi-porcini-e-boleti-essiccati-500-gr-in-vaso-pet\/#breadcrumb","itemListElement":[{"@type":"ListItem","position":1,"name":"Home","item":"https:\/\/www.csj-emballages.com\/it\/universo-imballaggi-alimentari\/"},{"@type":"ListItem","position":2,"name":"Negozio","item":"https:\/\/www.csj-emballages.com\/it\/negozio\/"},{"@type":"ListItem","position":3,"name":"Misto funghi porcini e boleti essiccati 500 gr in vaso PET"}]},{"@type":"WebSite","@id":"https:\/\/www.csj-emballages.com\/it\/#website","url":"https:\/\/www.csj-emballages.com\/it\/","name":"CSJ Emballages","description":"","publisher":{"@id":"https:\/\/www.csj-emballages.com\/it\/#organization"},"potentialAction":[{"@type":"SearchAction","target":{"@type":"EntryPoint","urlTemplate":"https:\/\/www.csj-emballages.com\/it\/?s={search_term_string}"},"query-input":{"@type":"PropertyValueSpecification","valueRequired":true,"valueName":"search_term_string"}}],"inLanguage":"it-IT"},{"@type":"Organization","@id":"https:\/\/www.csj-emballages.com\/it\/#Organization\/","name":"CSJ Emballages","url":"https:\/\/www.csj-emballages.com\/it\/","logo":{"@type":"ImageObject","inLanguage":"it-IT","@id":"https:\/\/www.csj-emballages.com\/it\/#\/schema\/logo\/image\/","url":"https:\/\/www.csj-emballages.com\/wp-content\/uploads\/2023\/10\/logo_csj.webp","contentUrl":"https:\/\/www.csj-emballages.com\/wp-content\/uploads\/2023\/10\/logo_csj.webp","width":250,"height":95,"caption":"CSJ Emballages"},"image":{"@id":"https:\/\/www.csj-emballages.com\/it\/#\/schema\/logo\/image\/"},"sameAs":["https:\/\/www.facebook.com\/csjemballages"],"address":{"@type":"PostalAddress","streetAddress":"ZI La Lechere","addressLocality":"Patornay","postalCode":"39130","addressCountry":"FR"},"contactPoint":[{"@type":"ContactPoint","contactType":"Service client","telephone":"0384254272","email":"contact@csj-emballages.com"}]}]}},"df_price":21.56,"df_sale_price":"","df_regular_price":21.56,"df_image_link":"https:\/\/www.csj-emballages.com\/wp-content\/uploads\/2025\/09\/11503-300x300.webp","tiered_pricing_type":"fixed","tiered_pricing_fixed_rules":[],"tiered_pricing_percentage_rules":[],"tiered_pricing_minimum":1,"tiered_pricing_roles_data":[],"_links":{"self":[{"href":"https:\/\/www.csj-emballages.com\/it\/wp-json\/wp\/v2\/product\/271365","targetHints":{"allow":["GET"]}}],"collection":[{"href":"https:\/\/www.csj-emballages.com\/it\/wp-json\/wp\/v2\/product"}],"about":[{"href":"https:\/\/www.csj-emballages.com\/it\/wp-json\/wp\/v2\/types\/product"}],"wp:featuredmedia":[{"embeddable":true,"href":"https:\/\/www.csj-emballages.com\/it\/wp-json\/wp\/v2\/media\/271366"}],"wp:attachment":[{"href":"https:\/\/www.csj-emballages.com\/it\/wp-json\/wp\/v2\/media?parent=271365"}],"wp:term":[{"taxonomy":"product_brand","embeddable":true,"href":"https:\/\/www.csj-emballages.com\/it\/wp-json\/wp\/v2\/product_brand?post=271365"},{"taxonomy":"product_cat","embeddable":true,"href":"https:\/\/www.csj-emballages.com\/it\/wp-json\/wp\/v2\/product_cat?post=271365"},{"taxonomy":"product_tag","embeddable":true,"href":"https:\/\/www.csj-emballages.com\/it\/wp-json\/wp\/v2\/product_tag?post=271365"}],"curies":[{"name":"wp","href":"https:\/\/api.w.org\/{rel}","templated":true}]}}