{"id":271348,"date":"2025-09-15T09:49:19","date_gmt":"2025-09-15T07:49:19","guid":{"rendered":"https:\/\/www.csj-emballages.com\/produit\/trombe-dei-morti-essiccate-extra-500-gr-in-vaso-pet\/"},"modified":"2026-04-09T02:11:07","modified_gmt":"2026-04-09T00:11:07","slug":"trombe-dei-morti-essiccate-extra-500-gr-in-vaso-pet","status":"publish","type":"product","link":"https:\/\/www.csj-emballages.com\/it\/produit\/trombe-dei-morti-essiccate-extra-500-gr-in-vaso-pet\/","title":{"rendered":"Trombe dei morti essiccate extra 500 gr in vaso PET"},"content":{"rendered":"<h2 class=\"p1\">Trombe dei Morti Essiccate<\/h2>\n<hr>\n<h3>Descrizione delle nostre trombe dei morti essiccate extra 500 gr in vaso PET<\/h3>\n<p><!--more--><\/p>\n<p data-start=\"0\" data-end=\"415\">Scopri le nostre <strong data-start=\"44\" data-end=\"89\">trombe dei morti essiccate extra 500 g in vaso PET<\/strong>, un vero invito alla golosit\u00e0 per chef, <strong data-start=\"149\" data-end=\"162\">catering<\/strong> e appassionati di cucina. Raccolte con cura e poi <strong>essiccate<\/strong> per preservarne il profumo boschivo, questi <strong data-start=\"260\" data-end=\"287\">funghi d&#8217;eccezione<\/strong> si distinguono per la loro qualit\u00e0 <strong data-start=\"320\" data-end=\"338\">extra<\/strong>, garanzia di una consistenza perfetta e un gusto intenso. <\/p>\n<p data-start=\"417\" data-end=\"936\">Per rivelare tutto il loro sapore, ti basta <strong data-start=\"466\" data-end=\"480\">reidratarli<\/strong>: immergili in <strong data-start=\"505\" data-end=\"523\">acqua bollente<\/strong> per 20 minuti. Successivamente, sciacquali abbondantemente, scolali e poi cucinali come <strong data-start=\"615\" data-end=\"636\">funghi freschi<\/strong>. Grazie a questo semplice passaggio, potrai godere di un prodotto pratico che conserva l&#8217;autenticit\u00e0 della raccolta. Che sia in una salsa cremosa, un risotto profumato, un contorno di verdure o un ripieno goloso, queste <strong>trombe dei morti<\/strong> sublimano le tue ricette e aggiungono un tocco forestale inimitabile.   <\/p>\n<p data-start=\"938\" data-end=\"1367\">Il confezionamento in <strong data-start=\"960\" data-end=\"971\">vaso PET<\/strong> offre molteplici vantaggi: protegge i funghi dalla luce, dall&#8217;umidit\u00e0 e ne preserva l&#8217;aroma unico. Inoltre, \u00e8 facile da conservare e richiudere, ideale per un utilizzo progressivo senza perdita di qualit\u00e0. Ti basta conservare il vaso in un luogo <strong data-start=\"1251\" data-end=\"1260\">fresco<\/strong>, asciutto e al riparo dalla luce, nella sua <strong data-start=\"1302\" data-end=\"1325\">confezione originale<\/strong>, per garantirne una lunga durata.  <\/p>\n<p data-start=\"1369\" data-end=\"1717\">Adottando le nostre <strong>trombe dei morti essiccate extra<\/strong>, scegli un ingrediente naturale, ricco di gusto e tradizione culinaria. Ti permettono di risparmiare tempo in cucina pur rispettando il sapore autentico del prodotto fresco. In sintesi, queste <strong data-start=\"1605\" data-end=\"1633\">trombe dei morti essiccate<\/strong> sono il segreto per piatti raffinati e saporiti, pronti a stupire i tuoi ospiti.  <\/p>\n<p><!--more--><\/p>\n<h4><strong>Vantaggi:<\/strong><\/h4>\n<ul>\n<li><strong data-start=\"2019\" data-end=\"2032\">Praticit\u00e0<\/strong>: vaso PET richiudibile e protettivo.<\/li>\n<li><strong data-start=\"2073\" data-end=\"2093\">Sapore preservato<\/strong>: aroma boschivo intatto dopo la reidratazione.<\/li>\n<li><strong data-start=\"2140\" data-end=\"2155\">Versatilit\u00e0<\/strong>: si integra in numerose ricette golose.<\/li>\n<\/ul>\n<p>&nbsp;<\/p>\n<p><!--more--><\/p>\n<h4>Altre informazioni:<\/h4>\n<ul>\n<li><strong>Confezione<\/strong>: Vaso da 500g<\/li>\n<li><b>Tipo<\/b>: Extra<\/li>\n<\/ul>\n<p>&nbsp;<\/p>\n<p><!--more--><\/p>\n<p><a href=\"https:\/\/www.csj-emballages.com\/it\/categorie-produit\/alimentari\/funghi-secchi\/\">Consulta il resto della nostra gamma di funghi secchi<\/a><\/p>\n","protected":false},"excerpt":{"rendered":"<p>Trombe dei Morti Essiccate Descrizione delle nostre trombe dei morti essiccate extra 500 gr in vaso PET<\/p>\n","protected":false},"featured_media":271350,"template":"","meta":{"_acf_changed":false},"product_brand":[],"product_cat":[10346,10445,11414],"product_tag":[],"class_list":{"0":"post-271348","1":"product","2":"type-product","3":"status-publish","4":"has-post-thumbnail","6":"product_cat-imballaggi-alimentari","7":"product_cat-alimentari","8":"product_cat-funghi-secchi","10":"first","11":"instock","12":"taxable","13":"shipping-taxable","14":"purchasable","15":"product-type-simple"},"acf":[],"yoast_head":"<!-- This site is optimized with the Yoast SEO Premium plugin v26.6 (Yoast SEO v26.6) - https:\/\/yoast.com\/wordpress\/plugins\/seo\/ -->\n<title>Trombe dei Morti Essiccate Extra 500 gr in Vaso PET<\/title>\n<meta name=\"description\" content=\"Trombe dei morti essiccate extra 500 g in vaso PET, qualit\u00e0 Catering, facili da reidratare per piatti dal profumo boschivo e un sapore intenso.\" \/>\n<meta name=\"robots\" content=\"index, follow, max-snippet:-1, max-image-preview:large, max-video-preview:-1\" \/>\n<link rel=\"canonical\" href=\"https:\/\/www.csj-emballages.com\/it\/produit\/trombe-dei-morti-essiccate-extra-500-gr-in-vaso-pet\/\" \/>\n<meta property=\"og:locale\" content=\"it_IT\" \/>\n<meta property=\"og:type\" content=\"article\" \/>\n<meta property=\"og:title\" content=\"Trombe dei morti essiccate extra 500 gr in vaso PET\" \/>\n<meta property=\"og:description\" content=\"Trombe dei morti essiccate extra 500 g in vaso PET, qualit\u00e0 Catering, facili da reidratare per piatti dal profumo boschivo e un sapore intenso.\" \/>\n<meta property=\"og:url\" content=\"https:\/\/www.csj-emballages.com\/it\/produit\/trombe-dei-morti-essiccate-extra-500-gr-in-vaso-pet\/\" \/>\n<meta property=\"og:site_name\" content=\"CSJ Emballages\" \/>\n<meta property=\"article:publisher\" content=\"https:\/\/www.facebook.com\/csjemballages\" \/>\n<meta property=\"article:modified_time\" content=\"2026-04-09T00:11:07+00:00\" \/>\n<meta property=\"og:image\" content=\"https:\/\/www.csj-emballages.com\/wp-content\/uploads\/2025\/09\/11508-.webp\" \/>\n\t<meta property=\"og:image:width\" content=\"800\" \/>\n\t<meta property=\"og:image:height\" content=\"800\" \/>\n\t<meta property=\"og:image:type\" content=\"image\/webp\" \/>\n<meta name=\"twitter:card\" content=\"summary_large_image\" \/>\n<meta name=\"twitter:label1\" content=\"Dur\u00e9e de lecture estim\u00e9e\" \/>\n\t<meta name=\"twitter:data1\" content=\"1 minuto\" \/>\n<script type=\"application\/ld+json\" class=\"yoast-schema-graph\">{\"@context\":\"https:\/\/schema.org\",\"@graph\":[{\"@type\":\"WebPage\",\"@id\":\"https:\/\/www.csj-emballages.com\/it\/produit\/trombe-dei-morti-essiccate-extra-500-gr-in-vaso-pet\/\",\"url\":\"https:\/\/www.csj-emballages.com\/it\/produit\/trombe-dei-morti-essiccate-extra-500-gr-in-vaso-pet\/\",\"name\":\"Trombe dei Morti Essiccate Extra 500 gr in Vaso PET\",\"isPartOf\":{\"@id\":\"https:\/\/www.csj-emballages.com\/it\/#website\"},\"primaryImageOfPage\":{\"@id\":\"https:\/\/www.csj-emballages.com\/it\/produit\/trombe-dei-morti-essiccate-extra-500-gr-in-vaso-pet\/#primaryimage\"},\"image\":{\"@id\":\"https:\/\/www.csj-emballages.com\/it\/produit\/trombe-dei-morti-essiccate-extra-500-gr-in-vaso-pet\/#primaryimage\"},\"thumbnailUrl\":\"https:\/\/www.csj-emballages.com\/wp-content\/uploads\/2025\/09\/11508-.webp\",\"datePublished\":\"2025-09-15T07:49:19+00:00\",\"dateModified\":\"2026-04-09T00:11:07+00:00\",\"description\":\"Trombe dei morti essiccate extra 500 g in vaso PET, qualit\u00e0 Catering, facili da reidratare per piatti dal profumo boschivo e un sapore intenso.\",\"breadcrumb\":{\"@id\":\"https:\/\/www.csj-emballages.com\/it\/produit\/trombe-dei-morti-essiccate-extra-500-gr-in-vaso-pet\/#breadcrumb\"},\"inLanguage\":\"it-IT\",\"potentialAction\":[{\"@type\":\"ReadAction\",\"target\":[\"https:\/\/www.csj-emballages.com\/it\/produit\/trombe-dei-morti-essiccate-extra-500-gr-in-vaso-pet\/\"]}]},{\"@type\":\"ImageObject\",\"inLanguage\":\"it-IT\",\"@id\":\"https:\/\/www.csj-emballages.com\/it\/produit\/trombe-dei-morti-essiccate-extra-500-gr-in-vaso-pet\/#primaryimage\",\"url\":\"https:\/\/www.csj-emballages.com\/wp-content\/uploads\/2025\/09\/11508-.webp\",\"contentUrl\":\"https:\/\/www.csj-emballages.com\/wp-content\/uploads\/2025\/09\/11508-.webp\",\"width\":800,\"height\":800,\"caption\":\"Trompettes s\u00e9ch\u00e9es\"},{\"@type\":\"BreadcrumbList\",\"@id\":\"https:\/\/www.csj-emballages.com\/it\/produit\/trombe-dei-morti-essiccate-extra-500-gr-in-vaso-pet\/#breadcrumb\",\"itemListElement\":[{\"@type\":\"ListItem\",\"position\":1,\"name\":\"Home\",\"item\":\"https:\/\/www.csj-emballages.com\/it\/universo-imballaggi-alimentari\/\"},{\"@type\":\"ListItem\",\"position\":2,\"name\":\"Negozio\",\"item\":\"https:\/\/www.csj-emballages.com\/it\/negozio\/\"},{\"@type\":\"ListItem\",\"position\":3,\"name\":\"Trombe dei morti essiccate extra 500 gr in vaso PET\"}]},{\"@type\":\"WebSite\",\"@id\":\"https:\/\/www.csj-emballages.com\/it\/#website\",\"url\":\"https:\/\/www.csj-emballages.com\/it\/\",\"name\":\"CSJ Emballages\",\"description\":\"\",\"publisher\":{\"@id\":\"https:\/\/www.csj-emballages.com\/it\/#organization\"},\"potentialAction\":[{\"@type\":\"SearchAction\",\"target\":{\"@type\":\"EntryPoint\",\"urlTemplate\":\"https:\/\/www.csj-emballages.com\/it\/?s={search_term_string}\"},\"query-input\":{\"@type\":\"PropertyValueSpecification\",\"valueRequired\":true,\"valueName\":\"search_term_string\"}}],\"inLanguage\":\"it-IT\"},{\"@type\":\"Organization\",\"@id\":\"https:\/\/www.csj-emballages.com\/it\/#Organization\/\",\"name\":\"CSJ Emballages\",\"url\":\"https:\/\/www.csj-emballages.com\/it\/\",\"logo\":{\"@type\":\"ImageObject\",\"inLanguage\":\"it-IT\",\"@id\":\"https:\/\/www.csj-emballages.com\/it\/#\/schema\/logo\/image\/\",\"url\":\"https:\/\/www.csj-emballages.com\/wp-content\/uploads\/2023\/10\/logo_csj.webp\",\"contentUrl\":\"https:\/\/www.csj-emballages.com\/wp-content\/uploads\/2023\/10\/logo_csj.webp\",\"width\":250,\"height\":95,\"caption\":\"CSJ Emballages\"},\"image\":{\"@id\":\"https:\/\/www.csj-emballages.com\/it\/#\/schema\/logo\/image\/\"},\"sameAs\":[\"https:\/\/www.facebook.com\/csjemballages\"],\"address\":{\"@type\":\"PostalAddress\",\"streetAddress\":\"ZI La Lechere\",\"addressLocality\":\"Patornay\",\"postalCode\":\"39130\",\"addressCountry\":\"FR\"},\"contactPoint\":[{\"@type\":\"ContactPoint\",\"contactType\":\"Service client\",\"telephone\":\"0384254272\",\"email\":\"contact@csj-emballages.com\"}]}]}<\/script>\n<!-- \/ Yoast SEO Premium plugin. -->","yoast_head_json":{"title":"Trombe dei Morti Essiccate Extra 500 gr in Vaso PET","description":"Trombe dei morti essiccate extra 500 g in vaso PET, qualit\u00e0 Catering, facili da reidratare per piatti dal profumo boschivo e un sapore intenso.","robots":{"index":"index","follow":"follow","max-snippet":"max-snippet:-1","max-image-preview":"max-image-preview:large","max-video-preview":"max-video-preview:-1"},"canonical":"https:\/\/www.csj-emballages.com\/it\/produit\/trombe-dei-morti-essiccate-extra-500-gr-in-vaso-pet\/","og_locale":"it_IT","og_type":"article","og_title":"Trombe dei morti essiccate extra 500 gr in vaso PET","og_description":"Trombe dei morti essiccate extra 500 g in vaso PET, qualit\u00e0 Catering, facili da reidratare per piatti dal profumo boschivo e un sapore intenso.","og_url":"https:\/\/www.csj-emballages.com\/it\/produit\/trombe-dei-morti-essiccate-extra-500-gr-in-vaso-pet\/","og_site_name":"CSJ Emballages","article_publisher":"https:\/\/www.facebook.com\/csjemballages","article_modified_time":"2026-04-09T00:11:07+00:00","og_image":[{"width":800,"height":800,"url":"https:\/\/www.csj-emballages.com\/wp-content\/uploads\/2025\/09\/11508-.webp","type":"image\/webp"}],"twitter_card":"summary_large_image","twitter_misc":{"Dur\u00e9e de lecture estim\u00e9e":"1 minuto"},"schema":{"@context":"https:\/\/schema.org","@graph":[{"@type":"WebPage","@id":"https:\/\/www.csj-emballages.com\/it\/produit\/trombe-dei-morti-essiccate-extra-500-gr-in-vaso-pet\/","url":"https:\/\/www.csj-emballages.com\/it\/produit\/trombe-dei-morti-essiccate-extra-500-gr-in-vaso-pet\/","name":"Trombe dei Morti Essiccate Extra 500 gr in Vaso PET","isPartOf":{"@id":"https:\/\/www.csj-emballages.com\/it\/#website"},"primaryImageOfPage":{"@id":"https:\/\/www.csj-emballages.com\/it\/produit\/trombe-dei-morti-essiccate-extra-500-gr-in-vaso-pet\/#primaryimage"},"image":{"@id":"https:\/\/www.csj-emballages.com\/it\/produit\/trombe-dei-morti-essiccate-extra-500-gr-in-vaso-pet\/#primaryimage"},"thumbnailUrl":"https:\/\/www.csj-emballages.com\/wp-content\/uploads\/2025\/09\/11508-.webp","datePublished":"2025-09-15T07:49:19+00:00","dateModified":"2026-04-09T00:11:07+00:00","description":"Trombe dei morti essiccate extra 500 g in vaso PET, qualit\u00e0 Catering, facili da reidratare per piatti dal profumo boschivo e un sapore intenso.","breadcrumb":{"@id":"https:\/\/www.csj-emballages.com\/it\/produit\/trombe-dei-morti-essiccate-extra-500-gr-in-vaso-pet\/#breadcrumb"},"inLanguage":"it-IT","potentialAction":[{"@type":"ReadAction","target":["https:\/\/www.csj-emballages.com\/it\/produit\/trombe-dei-morti-essiccate-extra-500-gr-in-vaso-pet\/"]}]},{"@type":"ImageObject","inLanguage":"it-IT","@id":"https:\/\/www.csj-emballages.com\/it\/produit\/trombe-dei-morti-essiccate-extra-500-gr-in-vaso-pet\/#primaryimage","url":"https:\/\/www.csj-emballages.com\/wp-content\/uploads\/2025\/09\/11508-.webp","contentUrl":"https:\/\/www.csj-emballages.com\/wp-content\/uploads\/2025\/09\/11508-.webp","width":800,"height":800,"caption":"Trompettes s\u00e9ch\u00e9es"},{"@type":"BreadcrumbList","@id":"https:\/\/www.csj-emballages.com\/it\/produit\/trombe-dei-morti-essiccate-extra-500-gr-in-vaso-pet\/#breadcrumb","itemListElement":[{"@type":"ListItem","position":1,"name":"Home","item":"https:\/\/www.csj-emballages.com\/it\/universo-imballaggi-alimentari\/"},{"@type":"ListItem","position":2,"name":"Negozio","item":"https:\/\/www.csj-emballages.com\/it\/negozio\/"},{"@type":"ListItem","position":3,"name":"Trombe dei morti essiccate extra 500 gr in vaso PET"}]},{"@type":"WebSite","@id":"https:\/\/www.csj-emballages.com\/it\/#website","url":"https:\/\/www.csj-emballages.com\/it\/","name":"CSJ Emballages","description":"","publisher":{"@id":"https:\/\/www.csj-emballages.com\/it\/#organization"},"potentialAction":[{"@type":"SearchAction","target":{"@type":"EntryPoint","urlTemplate":"https:\/\/www.csj-emballages.com\/it\/?s={search_term_string}"},"query-input":{"@type":"PropertyValueSpecification","valueRequired":true,"valueName":"search_term_string"}}],"inLanguage":"it-IT"},{"@type":"Organization","@id":"https:\/\/www.csj-emballages.com\/it\/#Organization\/","name":"CSJ Emballages","url":"https:\/\/www.csj-emballages.com\/it\/","logo":{"@type":"ImageObject","inLanguage":"it-IT","@id":"https:\/\/www.csj-emballages.com\/it\/#\/schema\/logo\/image\/","url":"https:\/\/www.csj-emballages.com\/wp-content\/uploads\/2023\/10\/logo_csj.webp","contentUrl":"https:\/\/www.csj-emballages.com\/wp-content\/uploads\/2023\/10\/logo_csj.webp","width":250,"height":95,"caption":"CSJ Emballages"},"image":{"@id":"https:\/\/www.csj-emballages.com\/it\/#\/schema\/logo\/image\/"},"sameAs":["https:\/\/www.facebook.com\/csjemballages"],"address":{"@type":"PostalAddress","streetAddress":"ZI La Lechere","addressLocality":"Patornay","postalCode":"39130","addressCountry":"FR"},"contactPoint":[{"@type":"ContactPoint","contactType":"Service client","telephone":"0384254272","email":"contact@csj-emballages.com"}]}]}},"df_price":57.17,"df_sale_price":"","df_regular_price":57.17,"df_image_link":"https:\/\/www.csj-emballages.com\/wp-content\/uploads\/2025\/09\/11508--300x300.webp","tiered_pricing_type":"fixed","tiered_pricing_fixed_rules":[],"tiered_pricing_percentage_rules":[],"tiered_pricing_minimum":1,"tiered_pricing_roles_data":[],"_links":{"self":[{"href":"https:\/\/www.csj-emballages.com\/it\/wp-json\/wp\/v2\/product\/271348","targetHints":{"allow":["GET"]}}],"collection":[{"href":"https:\/\/www.csj-emballages.com\/it\/wp-json\/wp\/v2\/product"}],"about":[{"href":"https:\/\/www.csj-emballages.com\/it\/wp-json\/wp\/v2\/types\/product"}],"wp:featuredmedia":[{"embeddable":true,"href":"https:\/\/www.csj-emballages.com\/it\/wp-json\/wp\/v2\/media\/271350"}],"wp:attachment":[{"href":"https:\/\/www.csj-emballages.com\/it\/wp-json\/wp\/v2\/media?parent=271348"}],"wp:term":[{"taxonomy":"product_brand","embeddable":true,"href":"https:\/\/www.csj-emballages.com\/it\/wp-json\/wp\/v2\/product_brand?post=271348"},{"taxonomy":"product_cat","embeddable":true,"href":"https:\/\/www.csj-emballages.com\/it\/wp-json\/wp\/v2\/product_cat?post=271348"},{"taxonomy":"product_tag","embeddable":true,"href":"https:\/\/www.csj-emballages.com\/it\/wp-json\/wp\/v2\/product_tag?post=271348"}],"curies":[{"name":"wp","href":"https:\/\/api.w.org\/{rel}","templated":true}]}}