{"id":271341,"date":"2025-04-30T08:25:03","date_gmt":"2025-04-30T06:25:03","guid":{"rendered":"https:\/\/www.csj-emballages.com\/produit\/spray-deodorante-profumo-dambiente-750ml\/"},"modified":"2026-04-17T02:10:22","modified_gmt":"2026-04-17T00:10:22","slug":"spray-deodorante-profumo-dambiente-750ml","status":"publish","type":"product","link":"https:\/\/www.csj-emballages.com\/it\/produit\/spray-deodorante-profumo-dambiente-750ml\/","title":{"rendered":"Spray deodorante profumo d&#8217;ambiente 750ml"},"content":{"rendered":"<h2 class=\"p1\">Spray deodorante<\/h2>\n<hr>\n<h3>Descrizione del nostro spray deodorante profumo d&#8217;ambiente 750ml<\/h3>\n<p><!--more--><\/p>\n<p class=\"\" data-start=\"286\" data-end=\"670\">Regala una vera firma olfattiva ai tuoi spazi con questo <strong data-start=\"349\" data-end=\"383\">spray deodorante profumo d&#8217;ambiente 750 ml<\/strong>, pensato per chi desidera creare un&#8217;atmosfera accogliente, elegante o semplicemente piacevole. Che sia in un <strong data-start=\"509\" data-end=\"589\">ristorante, un ufficio, una sala d&#8217;attesa, un negozio o anche a casa<\/strong>, questo <strong>spray<\/strong> rid\u00e0 vita istantaneamente ai tuoi interni con una semplice pressione. Formulato per una diffusione rapida e omogenea, neutralizza i cattivi odori depositando un profumo raffinato che dura nel tempo. Non si tratta solo di mascherare gli odori, ma di <strong data-start=\"876\" data-end=\"902\">trasformare l&#8217;atmosfera<\/strong> di un luogo in pochi secondi. La sua generosa capacit\u00e0 di <strong>750 ml<\/strong> lo rende ideale per un uso professionale come domestico.    <\/p>\n<p class=\"\" data-start=\"1030\" data-end=\"1333\">Semplice da usare, basta vaporizzare alcune pressioni verso l&#8217;alto della stanza per sentirne immediatamente gli effetti. Niente aerosol sotto pressione: la nebulizzazione \u00e8 manuale e controllata, il che permette una migliore gestione del dosaggio e un utilizzo pi\u00f9 ecosostenibile. <\/p>\n<p class=\"\" data-start=\"1335\" data-end=\"1595\">Questo <strong data-start=\"349\" data-end=\"383\">spray deodorante<\/strong> sapr\u00e0 conquistare i tuoi clienti, i tuoi collaboratori o i tuoi ospiti. Poich\u00e9 l&#8217;olfatto \u00e8 spesso il primo senso sollecitato, \u00e8 essenziale curare l&#8217;identit\u00e0 olfattiva del tuo ambiente. <\/p>\n<p data-start=\"1335\" data-end=\"1595\">\n<p class=\"\" data-start=\"1302\" data-end=\"1517\"><!--more--><\/p>\n<p><strong>I loro vantaggi:<\/strong><\/p>\n<ul>\n<li>Capacit\u00e0 generosa (750 ml) per una lunga durata d&#8217;uso.<\/li>\n<li>Neutralizza efficacemente i cattivi odori.<\/li>\n<li>Diffusione immediata e omogenea del profumo.<\/li>\n<li>Perfetto per professionisti e privati.<\/li>\n<li>Spray manuale: niente gas propellente, pi\u00f9 ecologico.<\/li>\n<\/ul>\n<p>&nbsp;<\/p>\n<p><!--more--><\/p>\n<p><strong>Altre informazioni: <\/strong><\/p>\n<ul>\n<li><strong>Confezionamento<\/strong>: All&#8217;unit\u00e0<\/li>\n<li><strong>Volume<\/strong>: 750 ml<\/li>\n<li>pH NA<\/li>\n<\/ul>\n<p>&nbsp;<\/p>\n<p><!--more--><\/p>\n<p>Scopri anche il nostro igienizzante d&#8217;aria profumo limone aerosol: <span style=\"color: #d12727\"><a style=\"color: #d12727\" href=\"https:\/\/www.csj-emballages.com\/it\/produit\/deodorante-profumo-limone-750-ml\/\">2249750<\/a><\/span><\/p>\n<p>&nbsp;<\/p>\n<p><!--more--><\/p>\n<p><a href=\"https:\/\/www.csj-emballages.com\/it\/categorie-produit\/igiene-e-manutenzione\/prodotti-per-la-pulizia\/sanitari\/\">Consulta il resto della nostra gamma di prodotti per la pulizia dei sanitari<\/a><\/p>\n","protected":false},"excerpt":{"rendered":"<p>Spray deodorante Descrizione del nostro spray deodorante profumo d&#8217;ambiente 750ml<\/p>\n","protected":false},"featured_media":271344,"template":"","meta":{"_acf_changed":false},"product_brand":[],"product_cat":[10346,10356,10360,10733,10361,10459],"product_tag":[],"class_list":{"0":"post-271341","1":"product","2":"type-product","3":"status-publish","4":"has-post-thumbnail","6":"product_cat-imballaggi-alimentari","7":"product_cat-igiene-e-manutenzione","8":"product_cat-prodotti-per-la-pulizia","9":"product_cat-deodoranti-profumi","10":"product_cat-cucina","11":"product_cat-sanitari","13":"first","14":"instock","15":"taxable","16":"shipping-taxable","17":"purchasable","18":"product-type-simple"},"acf":[],"yoast_head":"<!-- This site is optimized with the Yoast SEO Premium plugin v26.6 (Yoast SEO v26.6) - https:\/\/yoast.com\/wordpress\/plugins\/seo\/ -->\n<title>Spray Deodorante Profumo d&#039;Ambiente 750ml<\/title>\n<meta name=\"description\" content=\"Spray deodorante profumo d&#039;ambiente da 750 ml: Profuma a lungo i tuoi spazi neutralizzando i cattivi odori.\" \/>\n<meta name=\"robots\" content=\"index, follow, max-snippet:-1, max-image-preview:large, max-video-preview:-1\" \/>\n<link rel=\"canonical\" href=\"https:\/\/www.csj-emballages.com\/it\/produit\/spray-deodorante-profumo-dambiente-750ml\/\" \/>\n<meta property=\"og:locale\" content=\"it_IT\" \/>\n<meta property=\"og:type\" content=\"article\" \/>\n<meta property=\"og:title\" content=\"Spray deodorante profumo d&#039;ambiente 750ml\" \/>\n<meta property=\"og:description\" content=\"Spray deodorante profumo d&#039;ambiente da 750 ml: Profuma a lungo i tuoi spazi neutralizzando i cattivi odori.\" \/>\n<meta property=\"og:url\" content=\"https:\/\/www.csj-emballages.com\/it\/produit\/spray-deodorante-profumo-dambiente-750ml\/\" \/>\n<meta property=\"og:site_name\" content=\"CSJ Emballages\" \/>\n<meta property=\"article:publisher\" content=\"https:\/\/www.facebook.com\/csjemballages\" \/>\n<meta property=\"article:modified_time\" content=\"2026-04-17T00:10:22+00:00\" \/>\n<meta property=\"og:image\" content=\"https:\/\/www.csj-emballages.com\/wp-content\/uploads\/2025\/04\/spray-parfum-ambiance.webp\" \/>\n\t<meta property=\"og:image:width\" content=\"800\" \/>\n\t<meta property=\"og:image:height\" content=\"800\" \/>\n\t<meta property=\"og:image:type\" content=\"image\/webp\" \/>\n<meta name=\"twitter:card\" content=\"summary_large_image\" \/>\n<meta name=\"twitter:label1\" content=\"Dur\u00e9e de lecture estim\u00e9e\" \/>\n\t<meta name=\"twitter:data1\" content=\"1 minuto\" \/>\n<script type=\"application\/ld+json\" class=\"yoast-schema-graph\">{\"@context\":\"https:\/\/schema.org\",\"@graph\":[{\"@type\":\"WebPage\",\"@id\":\"https:\/\/www.csj-emballages.com\/it\/produit\/spray-deodorante-profumo-dambiente-750ml\/\",\"url\":\"https:\/\/www.csj-emballages.com\/it\/produit\/spray-deodorante-profumo-dambiente-750ml\/\",\"name\":\"Spray Deodorante Profumo d'Ambiente 750ml\",\"isPartOf\":{\"@id\":\"https:\/\/www.csj-emballages.com\/it\/#website\"},\"primaryImageOfPage\":{\"@id\":\"https:\/\/www.csj-emballages.com\/it\/produit\/spray-deodorante-profumo-dambiente-750ml\/#primaryimage\"},\"image\":{\"@id\":\"https:\/\/www.csj-emballages.com\/it\/produit\/spray-deodorante-profumo-dambiente-750ml\/#primaryimage\"},\"thumbnailUrl\":\"https:\/\/www.csj-emballages.com\/wp-content\/uploads\/2025\/04\/spray-parfum-ambiance.webp\",\"datePublished\":\"2025-04-30T06:25:03+00:00\",\"dateModified\":\"2026-04-17T00:10:22+00:00\",\"description\":\"Spray deodorante profumo d'ambiente da 750 ml: Profuma a lungo i tuoi spazi neutralizzando i cattivi odori.\",\"breadcrumb\":{\"@id\":\"https:\/\/www.csj-emballages.com\/it\/produit\/spray-deodorante-profumo-dambiente-750ml\/#breadcrumb\"},\"inLanguage\":\"it-IT\",\"potentialAction\":[{\"@type\":\"ReadAction\",\"target\":[\"https:\/\/www.csj-emballages.com\/it\/produit\/spray-deodorante-profumo-dambiente-750ml\/\"]}]},{\"@type\":\"ImageObject\",\"inLanguage\":\"it-IT\",\"@id\":\"https:\/\/www.csj-emballages.com\/it\/produit\/spray-deodorante-profumo-dambiente-750ml\/#primaryimage\",\"url\":\"https:\/\/www.csj-emballages.com\/wp-content\/uploads\/2025\/04\/spray-parfum-ambiance.webp\",\"contentUrl\":\"https:\/\/www.csj-emballages.com\/wp-content\/uploads\/2025\/04\/spray-parfum-ambiance.webp\",\"width\":800,\"height\":800,\"caption\":\"spray d\u00e9sodorisant\"},{\"@type\":\"BreadcrumbList\",\"@id\":\"https:\/\/www.csj-emballages.com\/it\/produit\/spray-deodorante-profumo-dambiente-750ml\/#breadcrumb\",\"itemListElement\":[{\"@type\":\"ListItem\",\"position\":1,\"name\":\"Home\",\"item\":\"https:\/\/www.csj-emballages.com\/it\/universo-imballaggi-alimentari\/\"},{\"@type\":\"ListItem\",\"position\":2,\"name\":\"Negozio\",\"item\":\"https:\/\/www.csj-emballages.com\/it\/negozio\/\"},{\"@type\":\"ListItem\",\"position\":3,\"name\":\"Spray deodorante profumo d&rsquo;ambiente 750ml\"}]},{\"@type\":\"WebSite\",\"@id\":\"https:\/\/www.csj-emballages.com\/it\/#website\",\"url\":\"https:\/\/www.csj-emballages.com\/it\/\",\"name\":\"CSJ Emballages\",\"description\":\"\",\"publisher\":{\"@id\":\"https:\/\/www.csj-emballages.com\/it\/#organization\"},\"potentialAction\":[{\"@type\":\"SearchAction\",\"target\":{\"@type\":\"EntryPoint\",\"urlTemplate\":\"https:\/\/www.csj-emballages.com\/it\/?s={search_term_string}\"},\"query-input\":{\"@type\":\"PropertyValueSpecification\",\"valueRequired\":true,\"valueName\":\"search_term_string\"}}],\"inLanguage\":\"it-IT\"},{\"@type\":\"Organization\",\"@id\":\"https:\/\/www.csj-emballages.com\/it\/#Organization\/\",\"name\":\"CSJ Emballages\",\"url\":\"https:\/\/www.csj-emballages.com\/it\/\",\"logo\":{\"@type\":\"ImageObject\",\"inLanguage\":\"it-IT\",\"@id\":\"https:\/\/www.csj-emballages.com\/it\/#\/schema\/logo\/image\/\",\"url\":\"https:\/\/www.csj-emballages.com\/wp-content\/uploads\/2023\/10\/logo_csj.webp\",\"contentUrl\":\"https:\/\/www.csj-emballages.com\/wp-content\/uploads\/2023\/10\/logo_csj.webp\",\"width\":250,\"height\":95,\"caption\":\"CSJ Emballages\"},\"image\":{\"@id\":\"https:\/\/www.csj-emballages.com\/it\/#\/schema\/logo\/image\/\"},\"sameAs\":[\"https:\/\/www.facebook.com\/csjemballages\"],\"address\":{\"@type\":\"PostalAddress\",\"streetAddress\":\"ZI La Lechere\",\"addressLocality\":\"Patornay\",\"postalCode\":\"39130\",\"addressCountry\":\"FR\"},\"contactPoint\":[{\"@type\":\"ContactPoint\",\"contactType\":\"Service client\",\"telephone\":\"0384254272\",\"email\":\"contact@csj-emballages.com\"}]}]}<\/script>\n<!-- \/ Yoast SEO Premium plugin. -->","yoast_head_json":{"title":"Spray Deodorante Profumo d'Ambiente 750ml","description":"Spray deodorante profumo d'ambiente da 750 ml: Profuma a lungo i tuoi spazi neutralizzando i cattivi odori.","robots":{"index":"index","follow":"follow","max-snippet":"max-snippet:-1","max-image-preview":"max-image-preview:large","max-video-preview":"max-video-preview:-1"},"canonical":"https:\/\/www.csj-emballages.com\/it\/produit\/spray-deodorante-profumo-dambiente-750ml\/","og_locale":"it_IT","og_type":"article","og_title":"Spray deodorante profumo d'ambiente 750ml","og_description":"Spray deodorante profumo d'ambiente da 750 ml: Profuma a lungo i tuoi spazi neutralizzando i cattivi odori.","og_url":"https:\/\/www.csj-emballages.com\/it\/produit\/spray-deodorante-profumo-dambiente-750ml\/","og_site_name":"CSJ Emballages","article_publisher":"https:\/\/www.facebook.com\/csjemballages","article_modified_time":"2026-04-17T00:10:22+00:00","og_image":[{"width":800,"height":800,"url":"https:\/\/www.csj-emballages.com\/wp-content\/uploads\/2025\/04\/spray-parfum-ambiance.webp","type":"image\/webp"}],"twitter_card":"summary_large_image","twitter_misc":{"Dur\u00e9e de lecture estim\u00e9e":"1 minuto"},"schema":{"@context":"https:\/\/schema.org","@graph":[{"@type":"WebPage","@id":"https:\/\/www.csj-emballages.com\/it\/produit\/spray-deodorante-profumo-dambiente-750ml\/","url":"https:\/\/www.csj-emballages.com\/it\/produit\/spray-deodorante-profumo-dambiente-750ml\/","name":"Spray Deodorante Profumo d'Ambiente 750ml","isPartOf":{"@id":"https:\/\/www.csj-emballages.com\/it\/#website"},"primaryImageOfPage":{"@id":"https:\/\/www.csj-emballages.com\/it\/produit\/spray-deodorante-profumo-dambiente-750ml\/#primaryimage"},"image":{"@id":"https:\/\/www.csj-emballages.com\/it\/produit\/spray-deodorante-profumo-dambiente-750ml\/#primaryimage"},"thumbnailUrl":"https:\/\/www.csj-emballages.com\/wp-content\/uploads\/2025\/04\/spray-parfum-ambiance.webp","datePublished":"2025-04-30T06:25:03+00:00","dateModified":"2026-04-17T00:10:22+00:00","description":"Spray deodorante profumo d'ambiente da 750 ml: Profuma a lungo i tuoi spazi neutralizzando i cattivi odori.","breadcrumb":{"@id":"https:\/\/www.csj-emballages.com\/it\/produit\/spray-deodorante-profumo-dambiente-750ml\/#breadcrumb"},"inLanguage":"it-IT","potentialAction":[{"@type":"ReadAction","target":["https:\/\/www.csj-emballages.com\/it\/produit\/spray-deodorante-profumo-dambiente-750ml\/"]}]},{"@type":"ImageObject","inLanguage":"it-IT","@id":"https:\/\/www.csj-emballages.com\/it\/produit\/spray-deodorante-profumo-dambiente-750ml\/#primaryimage","url":"https:\/\/www.csj-emballages.com\/wp-content\/uploads\/2025\/04\/spray-parfum-ambiance.webp","contentUrl":"https:\/\/www.csj-emballages.com\/wp-content\/uploads\/2025\/04\/spray-parfum-ambiance.webp","width":800,"height":800,"caption":"spray d\u00e9sodorisant"},{"@type":"BreadcrumbList","@id":"https:\/\/www.csj-emballages.com\/it\/produit\/spray-deodorante-profumo-dambiente-750ml\/#breadcrumb","itemListElement":[{"@type":"ListItem","position":1,"name":"Home","item":"https:\/\/www.csj-emballages.com\/it\/universo-imballaggi-alimentari\/"},{"@type":"ListItem","position":2,"name":"Negozio","item":"https:\/\/www.csj-emballages.com\/it\/negozio\/"},{"@type":"ListItem","position":3,"name":"Spray deodorante profumo d&rsquo;ambiente 750ml"}]},{"@type":"WebSite","@id":"https:\/\/www.csj-emballages.com\/it\/#website","url":"https:\/\/www.csj-emballages.com\/it\/","name":"CSJ Emballages","description":"","publisher":{"@id":"https:\/\/www.csj-emballages.com\/it\/#organization"},"potentialAction":[{"@type":"SearchAction","target":{"@type":"EntryPoint","urlTemplate":"https:\/\/www.csj-emballages.com\/it\/?s={search_term_string}"},"query-input":{"@type":"PropertyValueSpecification","valueRequired":true,"valueName":"search_term_string"}}],"inLanguage":"it-IT"},{"@type":"Organization","@id":"https:\/\/www.csj-emballages.com\/it\/#Organization\/","name":"CSJ Emballages","url":"https:\/\/www.csj-emballages.com\/it\/","logo":{"@type":"ImageObject","inLanguage":"it-IT","@id":"https:\/\/www.csj-emballages.com\/it\/#\/schema\/logo\/image\/","url":"https:\/\/www.csj-emballages.com\/wp-content\/uploads\/2023\/10\/logo_csj.webp","contentUrl":"https:\/\/www.csj-emballages.com\/wp-content\/uploads\/2023\/10\/logo_csj.webp","width":250,"height":95,"caption":"CSJ Emballages"},"image":{"@id":"https:\/\/www.csj-emballages.com\/it\/#\/schema\/logo\/image\/"},"sameAs":["https:\/\/www.facebook.com\/csjemballages"],"address":{"@type":"PostalAddress","streetAddress":"ZI La Lechere","addressLocality":"Patornay","postalCode":"39130","addressCountry":"FR"},"contactPoint":[{"@type":"ContactPoint","contactType":"Service client","telephone":"0384254272","email":"contact@csj-emballages.com"}]}]}},"df_price":3.18,"df_sale_price":"","df_regular_price":3.18,"df_image_link":"https:\/\/www.csj-emballages.com\/wp-content\/uploads\/2025\/04\/spray-parfum-ambiance-300x300.webp","tiered_pricing_type":"fixed","tiered_pricing_fixed_rules":[],"tiered_pricing_percentage_rules":[],"tiered_pricing_minimum":1,"tiered_pricing_roles_data":[],"_links":{"self":[{"href":"https:\/\/www.csj-emballages.com\/it\/wp-json\/wp\/v2\/product\/271341","targetHints":{"allow":["GET"]}}],"collection":[{"href":"https:\/\/www.csj-emballages.com\/it\/wp-json\/wp\/v2\/product"}],"about":[{"href":"https:\/\/www.csj-emballages.com\/it\/wp-json\/wp\/v2\/types\/product"}],"wp:featuredmedia":[{"embeddable":true,"href":"https:\/\/www.csj-emballages.com\/it\/wp-json\/wp\/v2\/media\/271344"}],"wp:attachment":[{"href":"https:\/\/www.csj-emballages.com\/it\/wp-json\/wp\/v2\/media?parent=271341"}],"wp:term":[{"taxonomy":"product_brand","embeddable":true,"href":"https:\/\/www.csj-emballages.com\/it\/wp-json\/wp\/v2\/product_brand?post=271341"},{"taxonomy":"product_cat","embeddable":true,"href":"https:\/\/www.csj-emballages.com\/it\/wp-json\/wp\/v2\/product_cat?post=271341"},{"taxonomy":"product_tag","embeddable":true,"href":"https:\/\/www.csj-emballages.com\/it\/wp-json\/wp\/v2\/product_tag?post=271341"}],"curies":[{"name":"wp","href":"https:\/\/api.w.org\/{rel}","templated":true}]}}