{"id":271313,"date":"2024-05-24T11:22:19","date_gmt":"2024-05-24T09:22:19","guid":{"rendered":"https:\/\/www.csj-emballages.com\/produit\/busta-sottovuoto-per-conservazione-liscia-rinforzata-40-x-90-cm-150-%c2%b5-confezione-da-100\/"},"modified":"2026-04-01T17:52:23","modified_gmt":"2026-04-01T15:52:23","slug":"busta-sottovuoto-per-conservazione-liscia-rinforzata-40-x-90-cm-150-%c2%b5-confezione-da-100","status":"publish","type":"product","link":"https:\/\/www.csj-emballages.com\/it\/produit\/busta-sottovuoto-per-conservazione-liscia-rinforzata-40-x-90-cm-150-%c2%b5-confezione-da-100\/","title":{"rendered":"Busta sottovuoto per conservazione liscia rinforzata 40 x 90 cm 150 \u00b5, confezione da 100"},"content":{"rendered":"<h2>Busta sottovuoto<\/h2>\n<hr>\n<h3>Descrizione della nostra busta sottovuoto per conservazione liscia rinforzata 40 x 90 cm 150 \u00b5, confezione da 100<\/h3>\n<p><!--more--><\/p>\n<p data-start=\"110\" data-end=\"366\">Le <strong>buste sottovuoto per conservazione lisce 40 x 90 cm<\/strong> &#8211; <strong>150 \u00b5<\/strong> sono la soluzione ideale per i professionisti della ristorazione, catering, macellai e privati che desiderano preservare la freschezza e la qualit\u00e0 dei loro alimenti pi\u00f9 a lungo. Grazie al loro <strong data-start=\"381\" data-end=\"419\">spessore rinforzato di 150 micron<\/strong>, queste <strong>buste<\/strong> offrono una barriera ottimale contro l&#8217;aria, l&#8217;umidit\u00e0 e i batteri, riducendo cos\u00ec i rischi di ossidazione e contaminazione. I tuoi alimenti conservano cos\u00ec il loro gusto, la loro consistenza e i loro valori nutritivi molto pi\u00f9 a lungo, sia per la conservazione in frigorifero che in congelatore.  <\/p>\n<p data-start=\"368\" data-end=\"773\">Compatibili con <strong data-start=\"792\" data-end=\"841\">le macchine ad aspirazione esterna e a campana<\/strong>, si adattano alle esigenze dei professionisti e dei privati esigenti. Il loro formato <strong>40 x 90 cm<\/strong> \u00e8 ideale per il <strong>confezionamento sottovuoto<\/strong> di carne, pesce, formaggi, verdure e piatti pronti. <\/p>\n<p data-start=\"1057\" data-end=\"1238\">Queste <strong>buste<\/strong> sono realizzate in un materiale robusto e <strong data-start=\"1089\" data-end=\"1121\">senza BPA<\/strong>, conforme alle norme alimentari, garantendo cos\u00ec una conservazione sana e sicura dei tuoi prodotti.<\/p>\n<p>&nbsp;<\/p>\n<p><!--more--><\/p>\n<p><span style=\"color: #ff0000;\"><strong>*Apertura sul lato largo<\/strong><\/span><\/p>\n<p><span style=\"color: #ff0000;\"><strong>*Sacchetti sottovuoto senza BPA (Bisfenolo A)<\/strong><\/span><\/p>\n<p>&nbsp;<\/p>\n<p><!--more--><\/p>\n<div style=\"font-family: Roboto, sans-serif;\">\n<div style=\"font-family: Roboto, sans-serif;\">\n<div style=\"font-family: Roboto, sans-serif;\">\n<div style=\"font-family: Roboto, sans-serif;\">\n<div style=\"font-family: Roboto, sans-serif;\">\n<div style=\"font-family: Roboto, sans-serif;\">\n<p style=\"text-align: left;\"><strong>I loro vantaggi:<\/strong><\/p>\n<ul style=\"text-align: left;\">\n<li><strong data-start=\"1260\" data-end=\"1286\">Conservazione prolungata<\/strong>: Riduce l&#8217;ossidazione e limita la proliferazione batterica per una freschezza duratura.<\/li>\n<li><strong data-start=\"1379\" data-end=\"1399\">Alta resistenza<\/strong>: Grazie al loro spessore rinforzato di 150 micron, garantiscono una protezione ottimale contro perforazioni e strappi.<\/li>\n<li><strong data-start=\"1506\" data-end=\"1527\">Barriera efficace<\/strong>: Queste buste sottovuoto proteggono dall&#8217;umidit\u00e0, dai contaminanti esterni e dai cattivi odori.<\/li>\n<li><strong data-start=\"1614\" data-end=\"1637\" data-is-only-node=\"\">Versatilit\u00e0 d&#8217;uso<\/strong>: Ideale per prodotti freschi, surgelati, cotti o per la cottura sottovuoto.<\/li>\n<li><strong data-start=\"1721\" data-end=\"1775\">Compatibili con le macchine ad aspirazione esterna<\/strong>: Facili da usare, perfette per uso professionale e domestico.<\/li>\n<li><strong data-start=\"1854\" data-end=\"1878\">Sicurezza alimentare<\/strong>: Senza BPA e conformi alle norme vigenti.<\/li>\n<\/ul>\n<\/div>\n<div style=\"font-family: Roboto, sans-serif;\"><\/div>\n<\/div>\n<\/div>\n<\/div>\n<\/div>\n<\/div>\n<p><!--more--><\/p>\n<div style=\"font-family: Roboto, sans-serif;\">\n<div style=\"font-family: Roboto, sans-serif;\">\n<div style=\"font-family: Roboto, sans-serif;\">\n<h4>Altre informazioni:<\/h4>\n<ul>\n<li><strong>Confezionamento<\/strong>: Pacchetto da 100<\/li>\n<li><strong>Dimensioni<\/strong>: 40 x 90 cm<\/li>\n<li><strong>Termosaldabile<\/strong>: S\u00ec<\/li>\n<li><strong>Retraibili<\/strong>: No<\/li>\n<li><strong>Tipo<\/strong>: Liscio<\/li>\n<li><strong>Resistenza<\/strong>: 150 micron<\/li>\n<li><strong>Saldatura<\/strong>: 3 lati<\/li>\n<li><strong>Temperatura d&#8217;utilizzo<\/strong>: -50 \u00b0C \/ +90 \u00b0C<\/li>\n<\/ul>\n<\/div>\n<\/div>\n<\/div>\n<div style=\"font-family: Roboto, sans-serif;\">\n<p>&nbsp;<\/p>\n<div style=\"font-family: Roboto, sans-serif;\">\n<div style=\"font-family: Roboto, sans-serif;\">\n<p><!--more--><\/p>\n<p><a href=\"\/?product_cat=sacs-sous-vide-lisses-90-\u03bcm\">Consulta il resto della nostra gamma di buste sottovuoto lisce<\/a><\/p>\n<\/div>\n<\/div>\n<\/div>\n<div style=\"font-family: Roboto, sans-serif;\">\n<div style=\"font-family: Roboto, sans-serif;\">\n<div style=\"font-family: Roboto, sans-serif;\">\n<div style=\"text-align: center;\">\n<div style=\"font-family: Roboto, sans-serif;\">\n<div style=\"font-family: Roboto, sans-serif;\">\n<div style=\"font-family: Roboto, sans-serif;\">\n<div style=\"font-family: Roboto, sans-serif;\">\n<div style=\"font-family: Roboto, sans-serif;\">\n<div style=\"font-family: Roboto, sans-serif; text-align: left;\"><\/div>\n<\/div>\n<\/div>\n<\/div>\n<\/div>\n<\/div>\n<\/div>\n<\/div>\n<\/div>\n<\/div>\n<div style=\"font-family: Roboto, sans-serif;\">\n<div style=\"font-family: Roboto, sans-serif;\">\n<div style=\"font-family: Roboto, sans-serif;\">\n<div style=\"text-align: center;\">\n<div style=\"font-family: Roboto, sans-serif;\">\n<div style=\"font-family: Roboto, sans-serif;\">\n<div style=\"font-family: Roboto, sans-serif;\">\n<div style=\"font-family: Roboto, sans-serif;\">\n<div style=\"font-family: Roboto, sans-serif;\">\n<div style=\"font-family: Roboto, sans-serif; text-align: left;\"><\/div>\n<\/div>\n<\/div>\n<\/div>\n<\/div>\n<\/div>\n<\/div>\n<\/div>\n<\/div>\n<\/div>\n","protected":false},"excerpt":{"rendered":"<p>Busta sottovuoto Descrizione della nostra busta sottovuoto per conservazione liscia rinforzata 40 x 90 cm 150 \u00b5, confezione da 100<\/p>\n","protected":false},"featured_media":269979,"template":"","meta":{"_acf_changed":false},"product_brand":[],"product_cat":[10346,10381,11412,11074,11076,11147],"product_tag":[],"class_list":{"0":"post-271313","1":"product","2":"type-product","3":"status-publish","4":"has-post-thumbnail","6":"product_cat-imballaggi-alimentari","7":"product_cat-macelleria-gastronomia-ortofrutta","8":"product_cat-sacchetti-e-buste","9":"product_cat-sacchetti-sottovuoto","10":"product_cat-sacchetti-sottovuoto-lisci","11":"product_cat-sacchetti-sottovuoto-lisci-150-m","13":"first","14":"instock","15":"taxable","16":"shipping-taxable","17":"purchasable","18":"product-type-simple"},"acf":[],"yoast_head":"<!-- This site is optimized with the Yoast SEO Premium plugin v26.6 (Yoast SEO v26.6) - https:\/\/yoast.com\/wordpress\/plugins\/seo\/ -->\n<title>Busta Sottovuoto per Conservazione Liscia Rinforzata 40 x 90 cm 150 \u00b5<\/title>\n<meta name=\"description\" content=\"Acquista sacchetti sottovuoto per conservazione rinforzati 40 x 90 cm 150 \u00b5 lisci! Ti offriamo una confezione da 100 sacchetti sottovuoto economici e a prezzo scontato.\" \/>\n<meta name=\"robots\" content=\"index, follow, max-snippet:-1, max-image-preview:large, max-video-preview:-1\" \/>\n<link rel=\"canonical\" href=\"https:\/\/www.csj-emballages.com\/it\/produit\/busta-sottovuoto-per-conservazione-liscia-rinforzata-40-x-90-cm-150-%c2%b5-confezione-da-100\/\" \/>\n<meta property=\"og:locale\" content=\"it_IT\" \/>\n<meta property=\"og:type\" content=\"article\" \/>\n<meta property=\"og:title\" content=\"Busta sottovuoto per conservazione liscia rinforzata 40 x 90 cm 150 \u00b5, confezione da 100\" \/>\n<meta property=\"og:description\" content=\"Acquista sacchetti sottovuoto per conservazione rinforzati 40 x 90 cm 150 \u00b5 lisci! Ti offriamo una confezione da 100 sacchetti sottovuoto economici e a prezzo scontato.\" \/>\n<meta property=\"og:url\" content=\"https:\/\/www.csj-emballages.com\/it\/produit\/busta-sottovuoto-per-conservazione-liscia-rinforzata-40-x-90-cm-150-%c2%b5-confezione-da-100\/\" \/>\n<meta property=\"og:site_name\" content=\"CSJ Emballages\" \/>\n<meta property=\"article:publisher\" content=\"https:\/\/www.facebook.com\/csjemballages\" \/>\n<meta property=\"article:modified_time\" content=\"2026-04-01T15:52:23+00:00\" \/>\n<meta property=\"og:image\" content=\"https:\/\/www.csj-emballages.com\/wp-content\/uploads\/2025\/02\/Sac-sous-vide-lisse.webp\" \/>\n\t<meta property=\"og:image:width\" content=\"800\" \/>\n\t<meta property=\"og:image:height\" content=\"800\" \/>\n\t<meta property=\"og:image:type\" content=\"image\/webp\" \/>\n<meta name=\"twitter:card\" content=\"summary_large_image\" \/>\n<meta name=\"twitter:label1\" content=\"Dur\u00e9e de lecture estim\u00e9e\" \/>\n\t<meta name=\"twitter:data1\" content=\"2 minuti\" \/>\n<script type=\"application\/ld+json\" class=\"yoast-schema-graph\">{\"@context\":\"https:\/\/schema.org\",\"@graph\":[{\"@type\":\"WebPage\",\"@id\":\"https:\/\/www.csj-emballages.com\/it\/produit\/busta-sottovuoto-per-conservazione-liscia-rinforzata-40-x-90-cm-150-%c2%b5-confezione-da-100\/\",\"url\":\"https:\/\/www.csj-emballages.com\/it\/produit\/busta-sottovuoto-per-conservazione-liscia-rinforzata-40-x-90-cm-150-%c2%b5-confezione-da-100\/\",\"name\":\"Busta Sottovuoto per Conservazione Liscia Rinforzata 40 x 90 cm 150 \u00b5\",\"isPartOf\":{\"@id\":\"https:\/\/www.csj-emballages.com\/it\/#website\"},\"primaryImageOfPage\":{\"@id\":\"https:\/\/www.csj-emballages.com\/it\/produit\/busta-sottovuoto-per-conservazione-liscia-rinforzata-40-x-90-cm-150-%c2%b5-confezione-da-100\/#primaryimage\"},\"image\":{\"@id\":\"https:\/\/www.csj-emballages.com\/it\/produit\/busta-sottovuoto-per-conservazione-liscia-rinforzata-40-x-90-cm-150-%c2%b5-confezione-da-100\/#primaryimage\"},\"thumbnailUrl\":\"https:\/\/www.csj-emballages.com\/wp-content\/uploads\/2025\/02\/Sac-sous-vide-lisse.webp\",\"datePublished\":\"2024-05-24T09:22:19+00:00\",\"dateModified\":\"2026-04-01T15:52:23+00:00\",\"description\":\"Acquista sacchetti sottovuoto per conservazione rinforzati 40 x 90 cm 150 \u00b5 lisci! Ti offriamo una confezione da 100 sacchetti sottovuoto economici e a prezzo scontato.\",\"breadcrumb\":{\"@id\":\"https:\/\/www.csj-emballages.com\/it\/produit\/busta-sottovuoto-per-conservazione-liscia-rinforzata-40-x-90-cm-150-%c2%b5-confezione-da-100\/#breadcrumb\"},\"inLanguage\":\"it-IT\",\"potentialAction\":[{\"@type\":\"ReadAction\",\"target\":[\"https:\/\/www.csj-emballages.com\/it\/produit\/busta-sottovuoto-per-conservazione-liscia-rinforzata-40-x-90-cm-150-%c2%b5-confezione-da-100\/\"]}]},{\"@type\":\"ImageObject\",\"inLanguage\":\"it-IT\",\"@id\":\"https:\/\/www.csj-emballages.com\/it\/produit\/busta-sottovuoto-per-conservazione-liscia-rinforzata-40-x-90-cm-150-%c2%b5-confezione-da-100\/#primaryimage\",\"url\":\"https:\/\/www.csj-emballages.com\/wp-content\/uploads\/2025\/02\/Sac-sous-vide-lisse.webp\",\"contentUrl\":\"https:\/\/www.csj-emballages.com\/wp-content\/uploads\/2025\/02\/Sac-sous-vide-lisse.webp\",\"width\":800,\"height\":800,\"caption\":\"Sac sous vide\"},{\"@type\":\"BreadcrumbList\",\"@id\":\"https:\/\/www.csj-emballages.com\/it\/produit\/busta-sottovuoto-per-conservazione-liscia-rinforzata-40-x-90-cm-150-%c2%b5-confezione-da-100\/#breadcrumb\",\"itemListElement\":[{\"@type\":\"ListItem\",\"position\":1,\"name\":\"Home\",\"item\":\"https:\/\/www.csj-emballages.com\/it\/universo-imballaggi-alimentari\/\"},{\"@type\":\"ListItem\",\"position\":2,\"name\":\"Negozio\",\"item\":\"https:\/\/www.csj-emballages.com\/it\/negozio\/\"},{\"@type\":\"ListItem\",\"position\":3,\"name\":\"Busta sottovuoto per conservazione liscia rinforzata 40 x 90 cm 150 \u00b5, confezione da 100\"}]},{\"@type\":\"WebSite\",\"@id\":\"https:\/\/www.csj-emballages.com\/it\/#website\",\"url\":\"https:\/\/www.csj-emballages.com\/it\/\",\"name\":\"CSJ Emballages\",\"description\":\"\",\"publisher\":{\"@id\":\"https:\/\/www.csj-emballages.com\/it\/#organization\"},\"potentialAction\":[{\"@type\":\"SearchAction\",\"target\":{\"@type\":\"EntryPoint\",\"urlTemplate\":\"https:\/\/www.csj-emballages.com\/it\/?s={search_term_string}\"},\"query-input\":{\"@type\":\"PropertyValueSpecification\",\"valueRequired\":true,\"valueName\":\"search_term_string\"}}],\"inLanguage\":\"it-IT\"},{\"@type\":\"Organization\",\"@id\":\"https:\/\/www.csj-emballages.com\/it\/#Organization\/\",\"name\":\"CSJ Emballages\",\"url\":\"https:\/\/www.csj-emballages.com\/it\/\",\"logo\":{\"@type\":\"ImageObject\",\"inLanguage\":\"it-IT\",\"@id\":\"https:\/\/www.csj-emballages.com\/it\/#\/schema\/logo\/image\/\",\"url\":\"https:\/\/www.csj-emballages.com\/wp-content\/uploads\/2023\/10\/logo_csj.webp\",\"contentUrl\":\"https:\/\/www.csj-emballages.com\/wp-content\/uploads\/2023\/10\/logo_csj.webp\",\"width\":250,\"height\":95,\"caption\":\"CSJ Emballages\"},\"image\":{\"@id\":\"https:\/\/www.csj-emballages.com\/it\/#\/schema\/logo\/image\/\"},\"sameAs\":[\"https:\/\/www.facebook.com\/csjemballages\"],\"address\":{\"@type\":\"PostalAddress\",\"streetAddress\":\"ZI La Lechere\",\"addressLocality\":\"Patornay\",\"postalCode\":\"39130\",\"addressCountry\":\"FR\"},\"contactPoint\":[{\"@type\":\"ContactPoint\",\"contactType\":\"Service client\",\"telephone\":\"0384254272\",\"email\":\"contact@csj-emballages.com\"}]}]}<\/script>\n<!-- \/ Yoast SEO Premium plugin. -->","yoast_head_json":{"title":"Busta Sottovuoto per Conservazione Liscia Rinforzata 40 x 90 cm 150 \u00b5","description":"Acquista sacchetti sottovuoto per conservazione rinforzati 40 x 90 cm 150 \u00b5 lisci! Ti offriamo una confezione da 100 sacchetti sottovuoto economici e a prezzo scontato.","robots":{"index":"index","follow":"follow","max-snippet":"max-snippet:-1","max-image-preview":"max-image-preview:large","max-video-preview":"max-video-preview:-1"},"canonical":"https:\/\/www.csj-emballages.com\/it\/produit\/busta-sottovuoto-per-conservazione-liscia-rinforzata-40-x-90-cm-150-%c2%b5-confezione-da-100\/","og_locale":"it_IT","og_type":"article","og_title":"Busta sottovuoto per conservazione liscia rinforzata 40 x 90 cm 150 \u00b5, confezione da 100","og_description":"Acquista sacchetti sottovuoto per conservazione rinforzati 40 x 90 cm 150 \u00b5 lisci! Ti offriamo una confezione da 100 sacchetti sottovuoto economici e a prezzo scontato.","og_url":"https:\/\/www.csj-emballages.com\/it\/produit\/busta-sottovuoto-per-conservazione-liscia-rinforzata-40-x-90-cm-150-%c2%b5-confezione-da-100\/","og_site_name":"CSJ Emballages","article_publisher":"https:\/\/www.facebook.com\/csjemballages","article_modified_time":"2026-04-01T15:52:23+00:00","og_image":[{"width":800,"height":800,"url":"https:\/\/www.csj-emballages.com\/wp-content\/uploads\/2025\/02\/Sac-sous-vide-lisse.webp","type":"image\/webp"}],"twitter_card":"summary_large_image","twitter_misc":{"Dur\u00e9e de lecture estim\u00e9e":"2 minuti"},"schema":{"@context":"https:\/\/schema.org","@graph":[{"@type":"WebPage","@id":"https:\/\/www.csj-emballages.com\/it\/produit\/busta-sottovuoto-per-conservazione-liscia-rinforzata-40-x-90-cm-150-%c2%b5-confezione-da-100\/","url":"https:\/\/www.csj-emballages.com\/it\/produit\/busta-sottovuoto-per-conservazione-liscia-rinforzata-40-x-90-cm-150-%c2%b5-confezione-da-100\/","name":"Busta Sottovuoto per Conservazione Liscia Rinforzata 40 x 90 cm 150 \u00b5","isPartOf":{"@id":"https:\/\/www.csj-emballages.com\/it\/#website"},"primaryImageOfPage":{"@id":"https:\/\/www.csj-emballages.com\/it\/produit\/busta-sottovuoto-per-conservazione-liscia-rinforzata-40-x-90-cm-150-%c2%b5-confezione-da-100\/#primaryimage"},"image":{"@id":"https:\/\/www.csj-emballages.com\/it\/produit\/busta-sottovuoto-per-conservazione-liscia-rinforzata-40-x-90-cm-150-%c2%b5-confezione-da-100\/#primaryimage"},"thumbnailUrl":"https:\/\/www.csj-emballages.com\/wp-content\/uploads\/2025\/02\/Sac-sous-vide-lisse.webp","datePublished":"2024-05-24T09:22:19+00:00","dateModified":"2026-04-01T15:52:23+00:00","description":"Acquista sacchetti sottovuoto per conservazione rinforzati 40 x 90 cm 150 \u00b5 lisci! Ti offriamo una confezione da 100 sacchetti sottovuoto economici e a prezzo scontato.","breadcrumb":{"@id":"https:\/\/www.csj-emballages.com\/it\/produit\/busta-sottovuoto-per-conservazione-liscia-rinforzata-40-x-90-cm-150-%c2%b5-confezione-da-100\/#breadcrumb"},"inLanguage":"it-IT","potentialAction":[{"@type":"ReadAction","target":["https:\/\/www.csj-emballages.com\/it\/produit\/busta-sottovuoto-per-conservazione-liscia-rinforzata-40-x-90-cm-150-%c2%b5-confezione-da-100\/"]}]},{"@type":"ImageObject","inLanguage":"it-IT","@id":"https:\/\/www.csj-emballages.com\/it\/produit\/busta-sottovuoto-per-conservazione-liscia-rinforzata-40-x-90-cm-150-%c2%b5-confezione-da-100\/#primaryimage","url":"https:\/\/www.csj-emballages.com\/wp-content\/uploads\/2025\/02\/Sac-sous-vide-lisse.webp","contentUrl":"https:\/\/www.csj-emballages.com\/wp-content\/uploads\/2025\/02\/Sac-sous-vide-lisse.webp","width":800,"height":800,"caption":"Sac sous vide"},{"@type":"BreadcrumbList","@id":"https:\/\/www.csj-emballages.com\/it\/produit\/busta-sottovuoto-per-conservazione-liscia-rinforzata-40-x-90-cm-150-%c2%b5-confezione-da-100\/#breadcrumb","itemListElement":[{"@type":"ListItem","position":1,"name":"Home","item":"https:\/\/www.csj-emballages.com\/it\/universo-imballaggi-alimentari\/"},{"@type":"ListItem","position":2,"name":"Negozio","item":"https:\/\/www.csj-emballages.com\/it\/negozio\/"},{"@type":"ListItem","position":3,"name":"Busta sottovuoto per conservazione liscia rinforzata 40 x 90 cm 150 \u00b5, confezione da 100"}]},{"@type":"WebSite","@id":"https:\/\/www.csj-emballages.com\/it\/#website","url":"https:\/\/www.csj-emballages.com\/it\/","name":"CSJ Emballages","description":"","publisher":{"@id":"https:\/\/www.csj-emballages.com\/it\/#organization"},"potentialAction":[{"@type":"SearchAction","target":{"@type":"EntryPoint","urlTemplate":"https:\/\/www.csj-emballages.com\/it\/?s={search_term_string}"},"query-input":{"@type":"PropertyValueSpecification","valueRequired":true,"valueName":"search_term_string"}}],"inLanguage":"it-IT"},{"@type":"Organization","@id":"https:\/\/www.csj-emballages.com\/it\/#Organization\/","name":"CSJ Emballages","url":"https:\/\/www.csj-emballages.com\/it\/","logo":{"@type":"ImageObject","inLanguage":"it-IT","@id":"https:\/\/www.csj-emballages.com\/it\/#\/schema\/logo\/image\/","url":"https:\/\/www.csj-emballages.com\/wp-content\/uploads\/2023\/10\/logo_csj.webp","contentUrl":"https:\/\/www.csj-emballages.com\/wp-content\/uploads\/2023\/10\/logo_csj.webp","width":250,"height":95,"caption":"CSJ Emballages"},"image":{"@id":"https:\/\/www.csj-emballages.com\/it\/#\/schema\/logo\/image\/"},"sameAs":["https:\/\/www.facebook.com\/csjemballages"],"address":{"@type":"PostalAddress","streetAddress":"ZI La Lechere","addressLocality":"Patornay","postalCode":"39130","addressCountry":"FR"},"contactPoint":[{"@type":"ContactPoint","contactType":"Service client","telephone":"0384254272","email":"contact@csj-emballages.com"}]}]}},"df_price":89.21,"df_sale_price":"","df_regular_price":89.21,"df_image_link":"https:\/\/www.csj-emballages.com\/wp-content\/uploads\/2025\/02\/Sac-sous-vide-lisse-300x300.webp","tiered_pricing_type":"fixed","tiered_pricing_fixed_rules":[],"tiered_pricing_percentage_rules":[],"tiered_pricing_minimum":1,"tiered_pricing_roles_data":[],"_links":{"self":[{"href":"https:\/\/www.csj-emballages.com\/it\/wp-json\/wp\/v2\/product\/271313","targetHints":{"allow":["GET"]}}],"collection":[{"href":"https:\/\/www.csj-emballages.com\/it\/wp-json\/wp\/v2\/product"}],"about":[{"href":"https:\/\/www.csj-emballages.com\/it\/wp-json\/wp\/v2\/types\/product"}],"wp:featuredmedia":[{"embeddable":true,"href":"https:\/\/www.csj-emballages.com\/it\/wp-json\/wp\/v2\/media\/269979"}],"wp:attachment":[{"href":"https:\/\/www.csj-emballages.com\/it\/wp-json\/wp\/v2\/media?parent=271313"}],"wp:term":[{"taxonomy":"product_brand","embeddable":true,"href":"https:\/\/www.csj-emballages.com\/it\/wp-json\/wp\/v2\/product_brand?post=271313"},{"taxonomy":"product_cat","embeddable":true,"href":"https:\/\/www.csj-emballages.com\/it\/wp-json\/wp\/v2\/product_cat?post=271313"},{"taxonomy":"product_tag","embeddable":true,"href":"https:\/\/www.csj-emballages.com\/it\/wp-json\/wp\/v2\/product_tag?post=271313"}],"curies":[{"name":"wp","href":"https:\/\/api.w.org\/{rel}","templated":true}]}}