{"id":271261,"date":"2025-06-18T09:52:52","date_gmt":"2025-06-18T07:52:52","guid":{"rendered":"https:\/\/www.csj-emballages.com\/produit\/etichetta-per-campione-testimone-da-250\/"},"modified":"2026-03-12T16:05:52","modified_gmt":"2026-03-12T15:05:52","slug":"etichetta-per-campione-testimone-da-250","status":"publish","type":"product","link":"https:\/\/www.csj-emballages.com\/it\/produit\/etichetta-per-campione-testimone-da-250\/","title":{"rendered":"Etichetta per campione testimone da 250"},"content":{"rendered":"<h2 class=\"p1 ai-optimize-35 ai-optimize-introduction\">Etichetta campione testimone<\/h2>\n<hr>\n<h3 class=\"ai-optimize-34\">Descrizione della nostra etichetta campione testimone da 250<\/h3>\n<p><!--more--><\/p>\n<p class=\"ai-optimize-32 ai-optimize-introduction\" data-start=\"245\" data-end=\"561\">In una cucina professionale, la <strong>tracciabilit\u00e0<\/strong> e la sicurezza alimentare non sono negoziabili. Ecco perch\u00e9 le <strong data-start=\"365\" data-end=\"405\">etichette campione testimone<\/strong> sono diventate un elemento indispensabile per tutti i professionisti del settore alimentare: ristoratori, catering, collettivit\u00e0 o cucine centralizzate. <\/p>\n<p class=\"ai-optimize-33\" data-start=\"563\" data-end=\"859\">Questo lotto di <strong>250 etichette<\/strong> \u00e8 stato progettato per facilitare il <strong data-start=\"618\" data-end=\"656\">rigoroso monitoraggio dei piatti preparati<\/strong>, nell&#8217;ambito degli obblighi sanitari. Ogni <strong>etichetta<\/strong> si incolla facilmente sul coperchio del campione testimone (vaschetta, vasetto o sacchetto), e permette di <strong data-start=\"810\" data-end=\"855\">registrare le informazioni essenziali<\/strong>: <\/p>\n<ul data-start=\"860\" data-end=\"994\">\n<li class=\"ai-optimize-34\" data-start=\"860\" data-end=\"902\">\n<p class=\"ai-optimize-35\" data-start=\"862\" data-end=\"902\">la <strong data-start=\"865\" data-end=\"899\">data e l&#8217;ora del prelievo<\/strong>,<\/p>\n<\/li>\n<li class=\"ai-optimize-36\" data-start=\"903\" data-end=\"926\">\n<p class=\"ai-optimize-37\" data-start=\"905\" data-end=\"926\">il <strong data-start=\"908\" data-end=\"923\">nome del piatto<\/strong>,<\/p>\n<\/li>\n<li class=\"ai-optimize-38\" data-start=\"927\" data-end=\"957\">\n<p class=\"ai-optimize-39\" data-start=\"929\" data-end=\"957\">il <strong data-start=\"932\" data-end=\"954\">nome dell&#8217;operatore<\/strong>,<\/p>\n<\/li>\n<li class=\"ai-optimize-40\" data-start=\"958\" data-end=\"994\">\n<p class=\"ai-optimize-41\" data-start=\"960\" data-end=\"994\">e la <strong data-start=\"966\" data-end=\"993\">temperatura di conservazione<\/strong>.<\/p>\n<\/li>\n<\/ul>\n<p class=\"ai-optimize-42\" data-start=\"996\" data-end=\"1272\">Grazie a questo sistema semplice e rapido da implementare, garantite una <strong>tracciabilit\u00e0 completa<\/strong> in caso di controllo sanitario o di sospetta intossicazione alimentare. Questo gesto quotidiano, spesso sottovalutato, \u00e8 tuttavia una <strong data-start=\"1224\" data-end=\"1269\">prova di professionalit\u00e0 e rigore<\/strong>. <\/p>\n<p class=\"ai-optimize-43\" data-start=\"1274\" data-end=\"1430\">Le <strong>etichette<\/strong> sono fornite in una <strong>pratica scatola distributrice<\/strong>, pronte all&#8217;uso. Il formato \u00e8 chiaro, leggibile e perfettamente adatto alle esigenze della cucina. <\/p>\n<p class=\"ai-optimize-44\" data-start=\"1432\" data-end=\"1592\">Professionisti esigenti? Qui avete lo strumento che fa per voi per gestire i vostri campioni testimone senza perdite di tempo, rispettando le norme HACCP. <\/p>\n<p data-start=\"1432\" data-end=\"1592\">\n<p><!--more--><\/p>\n<h4 class=\"ai-optimize-37\"><strong>I suoi vantaggi:<\/strong><\/h4>\n<ul>\n<li class=\"ai-optimize-38\">Permette la tracciabilit\u00e0 completa dei piatti preparati.<\/li>\n<li class=\"ai-optimize-39\">Formato chiaro: data, ora, piatto, operatore, temperatura.<\/li>\n<li class=\"ai-optimize-42\">Ideale per i controlli sanitari.<\/li>\n<li class=\"ai-optimize-39\">Pratica scatola distributrice.<\/li>\n<\/ul>\n<p>&nbsp;<\/p>\n<p><!--more--><\/p>\n<h4 class=\"ai-optimize-44\">Altre informazioni:<\/h4>\n<ul>\n<li class=\"ai-optimize-45\"><strong>Confezione<\/strong>: Pacco da 250<\/li>\n<li class=\"ai-optimize-47\"><b>Dimensioni etichetta: <\/b>50 x 35 (L x l in mm)<\/li>\n<li class=\"ai-optimize-45\"><strong>Dimensioni scatola<\/strong>: 80 x 80 x 40 (L x l x h in mm)<\/li>\n<li class=\"ai-optimize-35\"><b>Utilizzo <\/b>: etichetta autoadesiva<\/li>\n<\/ul>\n<p>&nbsp;<\/p>\n<p><!--more--><\/p>\n<p class=\"ai-optimize-41\"><a href=\"https:\/\/www.csj-emballages.com\/it\/categorie-produit\/imballaggi-alimentari\/boutique-e-negozio\/accessori-e-attrezzature\/etichette-2\/\">Consultate il resto della nostra gamma di etichette<\/a><\/p>\n","protected":false},"excerpt":{"rendered":"<p>Etichetta campione testimone Descrizione della nostra etichetta campione testimone da 250<\/p>\n","protected":false},"featured_media":271262,"template":"","meta":{"_acf_changed":false},"product_brand":[],"product_cat":[10346,10345,11140,10871,10755],"product_tag":[],"class_list":{"0":"post-271261","1":"product","2":"type-product","3":"status-publish","4":"has-post-thumbnail","6":"product_cat-imballaggi-alimentari","7":"product_cat-boutique-e-negozio","8":"product_cat-sacchetti-buste","9":"product_cat-accessori-e-attrezzature","10":"product_cat-etichette-2","12":"first","13":"instock","14":"taxable","15":"shipping-taxable","16":"purchasable","17":"product-type-simple"},"acf":[],"yoast_head":"<!-- This site is optimized with the Yoast SEO Premium plugin v26.6 (Yoast SEO v26.6) - https:\/\/yoast.com\/wordpress\/plugins\/seo\/ -->\n<title>Etichetta Campione Testimone da 250<\/title>\n<meta name=\"description\" content=\"Etichetta campione testimone da 250 da incollare su vaschette, vasetti o sacchetti: tracciabilit\u00e0, sicurezza alimentare, conformit\u00e0 HACCP in cucina professionale.\" \/>\n<meta name=\"robots\" content=\"index, follow, max-snippet:-1, max-image-preview:large, max-video-preview:-1\" \/>\n<link rel=\"canonical\" href=\"https:\/\/www.csj-emballages.com\/it\/produit\/etichetta-per-campione-testimone-da-250\/\" \/>\n<meta property=\"og:locale\" content=\"it_IT\" \/>\n<meta property=\"og:type\" content=\"article\" \/>\n<meta property=\"og:title\" content=\"Etichetta per campione testimone da 250\" \/>\n<meta property=\"og:description\" content=\"Etichetta campione testimone da 250 da incollare su vaschette, vasetti o sacchetti: tracciabilit\u00e0, sicurezza alimentare, conformit\u00e0 HACCP in cucina professionale.\" \/>\n<meta property=\"og:url\" content=\"https:\/\/www.csj-emballages.com\/it\/produit\/etichetta-per-campione-testimone-da-250\/\" \/>\n<meta property=\"og:site_name\" content=\"CSJ Emballages\" \/>\n<meta property=\"article:publisher\" content=\"https:\/\/www.facebook.com\/csjemballages\" \/>\n<meta property=\"article:modified_time\" content=\"2026-03-12T15:05:52+00:00\" \/>\n<meta property=\"og:image\" content=\"https:\/\/www.csj-emballages.com\/wp-content\/uploads\/2025\/06\/129602.webp\" \/>\n\t<meta property=\"og:image:width\" content=\"800\" \/>\n\t<meta property=\"og:image:height\" content=\"800\" \/>\n\t<meta property=\"og:image:type\" content=\"image\/webp\" \/>\n<meta name=\"twitter:card\" content=\"summary_large_image\" \/>\n<meta name=\"twitter:label1\" content=\"Dur\u00e9e de lecture estim\u00e9e\" \/>\n\t<meta name=\"twitter:data1\" content=\"1 minuto\" \/>\n<script type=\"application\/ld+json\" class=\"yoast-schema-graph\">{\"@context\":\"https:\/\/schema.org\",\"@graph\":[{\"@type\":\"WebPage\",\"@id\":\"https:\/\/www.csj-emballages.com\/it\/produit\/etichetta-per-campione-testimone-da-250\/\",\"url\":\"https:\/\/www.csj-emballages.com\/it\/produit\/etichetta-per-campione-testimone-da-250\/\",\"name\":\"Etichetta Campione Testimone da 250\",\"isPartOf\":{\"@id\":\"https:\/\/www.csj-emballages.com\/it\/#website\"},\"primaryImageOfPage\":{\"@id\":\"https:\/\/www.csj-emballages.com\/it\/produit\/etichetta-per-campione-testimone-da-250\/#primaryimage\"},\"image\":{\"@id\":\"https:\/\/www.csj-emballages.com\/it\/produit\/etichetta-per-campione-testimone-da-250\/#primaryimage\"},\"thumbnailUrl\":\"https:\/\/www.csj-emballages.com\/wp-content\/uploads\/2025\/06\/129602.webp\",\"datePublished\":\"2025-06-18T07:52:52+00:00\",\"dateModified\":\"2026-03-12T15:05:52+00:00\",\"description\":\"Etichetta campione testimone da 250 da incollare su vaschette, vasetti o sacchetti: tracciabilit\u00e0, sicurezza alimentare, conformit\u00e0 HACCP in cucina professionale.\",\"breadcrumb\":{\"@id\":\"https:\/\/www.csj-emballages.com\/it\/produit\/etichetta-per-campione-testimone-da-250\/#breadcrumb\"},\"inLanguage\":\"it-IT\",\"potentialAction\":[{\"@type\":\"ReadAction\",\"target\":[\"https:\/\/www.csj-emballages.com\/it\/produit\/etichetta-per-campione-testimone-da-250\/\"]}]},{\"@type\":\"ImageObject\",\"inLanguage\":\"it-IT\",\"@id\":\"https:\/\/www.csj-emballages.com\/it\/produit\/etichetta-per-campione-testimone-da-250\/#primaryimage\",\"url\":\"https:\/\/www.csj-emballages.com\/wp-content\/uploads\/2025\/06\/129602.webp\",\"contentUrl\":\"https:\/\/www.csj-emballages.com\/wp-content\/uploads\/2025\/06\/129602.webp\",\"width\":800,\"height\":800,\"caption\":\"\u00c9tiquette \u00e9chantillon t\u00e9moin\"},{\"@type\":\"BreadcrumbList\",\"@id\":\"https:\/\/www.csj-emballages.com\/it\/produit\/etichetta-per-campione-testimone-da-250\/#breadcrumb\",\"itemListElement\":[{\"@type\":\"ListItem\",\"position\":1,\"name\":\"Home\",\"item\":\"https:\/\/www.csj-emballages.com\/it\/universo-imballaggi-alimentari\/\"},{\"@type\":\"ListItem\",\"position\":2,\"name\":\"Negozio\",\"item\":\"https:\/\/www.csj-emballages.com\/it\/negozio\/\"},{\"@type\":\"ListItem\",\"position\":3,\"name\":\"Etichetta per campione testimone da 250\"}]},{\"@type\":\"WebSite\",\"@id\":\"https:\/\/www.csj-emballages.com\/it\/#website\",\"url\":\"https:\/\/www.csj-emballages.com\/it\/\",\"name\":\"CSJ Emballages\",\"description\":\"\",\"publisher\":{\"@id\":\"https:\/\/www.csj-emballages.com\/it\/#organization\"},\"potentialAction\":[{\"@type\":\"SearchAction\",\"target\":{\"@type\":\"EntryPoint\",\"urlTemplate\":\"https:\/\/www.csj-emballages.com\/it\/?s={search_term_string}\"},\"query-input\":{\"@type\":\"PropertyValueSpecification\",\"valueRequired\":true,\"valueName\":\"search_term_string\"}}],\"inLanguage\":\"it-IT\"},{\"@type\":\"Organization\",\"@id\":\"https:\/\/www.csj-emballages.com\/it\/#Organization\/\",\"name\":\"CSJ Emballages\",\"url\":\"https:\/\/www.csj-emballages.com\/it\/\",\"logo\":{\"@type\":\"ImageObject\",\"inLanguage\":\"it-IT\",\"@id\":\"https:\/\/www.csj-emballages.com\/it\/#\/schema\/logo\/image\/\",\"url\":\"https:\/\/www.csj-emballages.com\/wp-content\/uploads\/2023\/10\/logo_csj.webp\",\"contentUrl\":\"https:\/\/www.csj-emballages.com\/wp-content\/uploads\/2023\/10\/logo_csj.webp\",\"width\":250,\"height\":95,\"caption\":\"CSJ Emballages\"},\"image\":{\"@id\":\"https:\/\/www.csj-emballages.com\/it\/#\/schema\/logo\/image\/\"},\"sameAs\":[\"https:\/\/www.facebook.com\/csjemballages\"],\"address\":{\"@type\":\"PostalAddress\",\"streetAddress\":\"ZI La Lechere\",\"addressLocality\":\"Patornay\",\"postalCode\":\"39130\",\"addressCountry\":\"FR\"},\"contactPoint\":[{\"@type\":\"ContactPoint\",\"contactType\":\"Service client\",\"telephone\":\"0384254272\",\"email\":\"contact@csj-emballages.com\"}]}]}<\/script>\n<!-- \/ Yoast SEO Premium plugin. -->","yoast_head_json":{"title":"Etichetta Campione Testimone da 250","description":"Etichetta campione testimone da 250 da incollare su vaschette, vasetti o sacchetti: tracciabilit\u00e0, sicurezza alimentare, conformit\u00e0 HACCP in cucina professionale.","robots":{"index":"index","follow":"follow","max-snippet":"max-snippet:-1","max-image-preview":"max-image-preview:large","max-video-preview":"max-video-preview:-1"},"canonical":"https:\/\/www.csj-emballages.com\/it\/produit\/etichetta-per-campione-testimone-da-250\/","og_locale":"it_IT","og_type":"article","og_title":"Etichetta per campione testimone da 250","og_description":"Etichetta campione testimone da 250 da incollare su vaschette, vasetti o sacchetti: tracciabilit\u00e0, sicurezza alimentare, conformit\u00e0 HACCP in cucina professionale.","og_url":"https:\/\/www.csj-emballages.com\/it\/produit\/etichetta-per-campione-testimone-da-250\/","og_site_name":"CSJ Emballages","article_publisher":"https:\/\/www.facebook.com\/csjemballages","article_modified_time":"2026-03-12T15:05:52+00:00","og_image":[{"width":800,"height":800,"url":"https:\/\/www.csj-emballages.com\/wp-content\/uploads\/2025\/06\/129602.webp","type":"image\/webp"}],"twitter_card":"summary_large_image","twitter_misc":{"Dur\u00e9e de lecture estim\u00e9e":"1 minuto"},"schema":{"@context":"https:\/\/schema.org","@graph":[{"@type":"WebPage","@id":"https:\/\/www.csj-emballages.com\/it\/produit\/etichetta-per-campione-testimone-da-250\/","url":"https:\/\/www.csj-emballages.com\/it\/produit\/etichetta-per-campione-testimone-da-250\/","name":"Etichetta Campione Testimone da 250","isPartOf":{"@id":"https:\/\/www.csj-emballages.com\/it\/#website"},"primaryImageOfPage":{"@id":"https:\/\/www.csj-emballages.com\/it\/produit\/etichetta-per-campione-testimone-da-250\/#primaryimage"},"image":{"@id":"https:\/\/www.csj-emballages.com\/it\/produit\/etichetta-per-campione-testimone-da-250\/#primaryimage"},"thumbnailUrl":"https:\/\/www.csj-emballages.com\/wp-content\/uploads\/2025\/06\/129602.webp","datePublished":"2025-06-18T07:52:52+00:00","dateModified":"2026-03-12T15:05:52+00:00","description":"Etichetta campione testimone da 250 da incollare su vaschette, vasetti o sacchetti: tracciabilit\u00e0, sicurezza alimentare, conformit\u00e0 HACCP in cucina professionale.","breadcrumb":{"@id":"https:\/\/www.csj-emballages.com\/it\/produit\/etichetta-per-campione-testimone-da-250\/#breadcrumb"},"inLanguage":"it-IT","potentialAction":[{"@type":"ReadAction","target":["https:\/\/www.csj-emballages.com\/it\/produit\/etichetta-per-campione-testimone-da-250\/"]}]},{"@type":"ImageObject","inLanguage":"it-IT","@id":"https:\/\/www.csj-emballages.com\/it\/produit\/etichetta-per-campione-testimone-da-250\/#primaryimage","url":"https:\/\/www.csj-emballages.com\/wp-content\/uploads\/2025\/06\/129602.webp","contentUrl":"https:\/\/www.csj-emballages.com\/wp-content\/uploads\/2025\/06\/129602.webp","width":800,"height":800,"caption":"\u00c9tiquette \u00e9chantillon t\u00e9moin"},{"@type":"BreadcrumbList","@id":"https:\/\/www.csj-emballages.com\/it\/produit\/etichetta-per-campione-testimone-da-250\/#breadcrumb","itemListElement":[{"@type":"ListItem","position":1,"name":"Home","item":"https:\/\/www.csj-emballages.com\/it\/universo-imballaggi-alimentari\/"},{"@type":"ListItem","position":2,"name":"Negozio","item":"https:\/\/www.csj-emballages.com\/it\/negozio\/"},{"@type":"ListItem","position":3,"name":"Etichetta per campione testimone da 250"}]},{"@type":"WebSite","@id":"https:\/\/www.csj-emballages.com\/it\/#website","url":"https:\/\/www.csj-emballages.com\/it\/","name":"CSJ Emballages","description":"","publisher":{"@id":"https:\/\/www.csj-emballages.com\/it\/#organization"},"potentialAction":[{"@type":"SearchAction","target":{"@type":"EntryPoint","urlTemplate":"https:\/\/www.csj-emballages.com\/it\/?s={search_term_string}"},"query-input":{"@type":"PropertyValueSpecification","valueRequired":true,"valueName":"search_term_string"}}],"inLanguage":"it-IT"},{"@type":"Organization","@id":"https:\/\/www.csj-emballages.com\/it\/#Organization\/","name":"CSJ Emballages","url":"https:\/\/www.csj-emballages.com\/it\/","logo":{"@type":"ImageObject","inLanguage":"it-IT","@id":"https:\/\/www.csj-emballages.com\/it\/#\/schema\/logo\/image\/","url":"https:\/\/www.csj-emballages.com\/wp-content\/uploads\/2023\/10\/logo_csj.webp","contentUrl":"https:\/\/www.csj-emballages.com\/wp-content\/uploads\/2023\/10\/logo_csj.webp","width":250,"height":95,"caption":"CSJ Emballages"},"image":{"@id":"https:\/\/www.csj-emballages.com\/it\/#\/schema\/logo\/image\/"},"sameAs":["https:\/\/www.facebook.com\/csjemballages"],"address":{"@type":"PostalAddress","streetAddress":"ZI La Lechere","addressLocality":"Patornay","postalCode":"39130","addressCountry":"FR"},"contactPoint":[{"@type":"ContactPoint","contactType":"Service client","telephone":"0384254272","email":"contact@csj-emballages.com"}]}]}},"df_price":26.66,"df_sale_price":"","df_regular_price":26.66,"df_image_link":"https:\/\/www.csj-emballages.com\/wp-content\/uploads\/2025\/06\/129602-300x300.webp","tiered_pricing_type":"fixed","tiered_pricing_fixed_rules":[],"tiered_pricing_percentage_rules":[],"tiered_pricing_minimum":1,"tiered_pricing_roles_data":[],"_links":{"self":[{"href":"https:\/\/www.csj-emballages.com\/it\/wp-json\/wp\/v2\/product\/271261","targetHints":{"allow":["GET"]}}],"collection":[{"href":"https:\/\/www.csj-emballages.com\/it\/wp-json\/wp\/v2\/product"}],"about":[{"href":"https:\/\/www.csj-emballages.com\/it\/wp-json\/wp\/v2\/types\/product"}],"wp:featuredmedia":[{"embeddable":true,"href":"https:\/\/www.csj-emballages.com\/it\/wp-json\/wp\/v2\/media\/271262"}],"wp:attachment":[{"href":"https:\/\/www.csj-emballages.com\/it\/wp-json\/wp\/v2\/media?parent=271261"}],"wp:term":[{"taxonomy":"product_brand","embeddable":true,"href":"https:\/\/www.csj-emballages.com\/it\/wp-json\/wp\/v2\/product_brand?post=271261"},{"taxonomy":"product_cat","embeddable":true,"href":"https:\/\/www.csj-emballages.com\/it\/wp-json\/wp\/v2\/product_cat?post=271261"},{"taxonomy":"product_tag","embeddable":true,"href":"https:\/\/www.csj-emballages.com\/it\/wp-json\/wp\/v2\/product_tag?post=271261"}],"curies":[{"name":"wp","href":"https:\/\/api.w.org\/{rel}","templated":true}]}}