{"id":271229,"date":"2024-05-24T10:49:28","date_gmt":"2024-05-24T08:49:28","guid":{"rendered":"https:\/\/www.csj-emballages.com\/produit\/doppio-concentrato-di-pomodoro-28-brix-in-scatola-4-4\/"},"modified":"2026-03-12T16:08:02","modified_gmt":"2026-03-12T15:08:02","slug":"doppio-concentrato-di-pomodoro-28-brix-in-scatola-4-4","status":"publish","type":"product","link":"https:\/\/www.csj-emballages.com\/it\/produit\/doppio-concentrato-di-pomodoro-28-brix-in-scatola-4-4\/","title":{"rendered":"Doppio concentrato di pomodoro 28 brix in scatola 4\/4"},"content":{"rendered":"<h2>Doppio concentrato di pomodoro<\/h2>\n<hr>\n<h3>Scopri il nostro doppio concentrato di pomodoro 28 brix in scatola 4\/4<\/h3>\n<p><!--more--><\/p>\n<div class=\"flex flex-grow flex-col max-w-full\">\n<div class=\"min-h-[20px] text-message flex flex-col items-start whitespace-pre-wrap break-words [.text-message+&amp;]:mt-5 juice:w-full juice:items-end overflow-x-auto gap-2\" dir=\"auto\" data-message-author-role=\"assistant\" data-message-id=\"579bfb50-fb6c-479d-a152-27ab4b509f37\">\n<div class=\"flex w-full flex-col gap-1 juice:empty:hidden juice:first:pt-[3px]\">\n<div class=\"markdown prose w-full break-words dark:prose-invert light\">\n<p data-start=\"301\" data-end=\"673\">Quando si cerca una <strong>base di pomodoro<\/strong> efficace, potente e affidabile, questo <strong data-start=\"368\" data-end=\"407\">doppio concentrato di pomodoro 28 Brix<\/strong> soddisfa chiaramente tutti i requisiti. La sua consistenza densa e il suo colore rosso intenso lo dimostrano subito: qui il <strong>pomodoro<\/strong> \u00e8 ben presente, con gusto e carattere. Una piccola quantit\u00e0 \u00e8 sufficiente per dare profondit\u00e0 e intensit\u00e0 alle tue preparazioni.  <\/p>\n<p data-start=\"675\" data-end=\"1092\">Grazie al suo <strong>elevato tasso di concentrazione<\/strong>, questo concentrato permette di rinforzare facilmente salse, fondi, coulis o piatti in umido. Si diluisce rapidamente, si lavora senza sforzo e si integra perfettamente in numerose ricette, che si tratti di cucina tradizionale, piatti in grandi quantit\u00e0 o preparazioni professionali. Risparmi tempo mantenendo una regolarit\u00e0 di gusto a ogni servizio.  <\/p>\n<p data-start=\"1094\" data-end=\"1387\">Confezionato in <strong data-start=\"1109\" data-end=\"1122\">scatola 4\/4<\/strong>, questo formato \u00e8 ideale per ristoranti, catering, collettivit\u00e0 o cucine centrali. Limita le manipolazioni ripetute e permette di gestire i volumi senza sprechi. Inoltre, la sua lunga conservazione facilita lo stoccaggio e l&#8217;organizzazione in cucina.  <\/p>\n<p data-start=\"1389\" data-end=\"1707\">Che sia per arricchire una <strong>salsa di pomodoro<\/strong>, migliorare una <strong>base per pizza, dare corpo a un piatto in umido o aggiustare una ricetta all&#8217;ultimo minuto<\/strong>, questo <strong>doppio concentrato di pomodoro<\/strong> diventa rapidamente un indispensabile. Offre una soluzione semplice, efficace e costante per tutte le cucine che lavorano al ritmo del servizio. <\/p>\n<p data-start=\"1709\" data-end=\"1861\">In sintesi, \u00e8 un prodotto pratico, concentrato e versatile, pensato per chi vuole gusto, regolarit\u00e0 e vera efficacia in cucina.<\/p>\n<\/div>\n<\/div>\n<p data-start=\"1709\" data-end=\"1861\">\n<div class=\"flex w-full flex-col gap-1 juice:empty:hidden juice:first:pt-[3px]\">\n<div class=\"markdown prose w-full break-words dark:prose-invert light\">\n<p><!--more--><\/p>\n<h4><strong>Vantaggi: <\/strong><\/h4>\n<ul>\n<li data-start=\"121\" data-end=\"175\"><strong>Concentrazione elevata a 28 Brix<\/strong> per un gusto intenso.<\/li>\n<li data-start=\"178\" data-end=\"227\">Consistenza densa facile da dosare e lavorare.<\/li>\n<li data-start=\"230\" data-end=\"293\">Ideale per <strong>salse, pizze, piatti in umido e basi culinarie<\/strong>.<\/li>\n<li data-start=\"296\" data-end=\"342\"><strong>Formato 4\/4<\/strong> adatto agli usi professionali.<\/li>\n<li data-start=\"345\" data-end=\"400\">Lunga conservazione, pratico per lo stoccaggio.<\/li>\n<li data-start=\"403\" data-end=\"478\">Permette di risparmiare tempo in cucina mantenendo una qualit\u00e0 costante.<\/li>\n<\/ul>\n<\/div>\n<\/div>\n<\/div>\n<p>&nbsp;<\/p>\n<div class=\"min-h-[20px] text-message flex flex-col items-start whitespace-pre-wrap break-words [.text-message+&amp;]:mt-5 juice:w-full juice:items-end overflow-x-auto gap-2\" dir=\"auto\" data-message-author-role=\"assistant\" data-message-id=\"579bfb50-fb6c-479d-a152-27ab4b509f37\">\n<div class=\"flex w-full flex-col gap-1 juice:empty:hidden juice:first:pt-[3px]\">\n<div class=\"markdown prose w-full break-words dark:prose-invert light\">\n<p><!--more--><\/p>\n<h4><strong>Altre informazioni:<\/strong><\/h4>\n<ul>\n<li><strong>Confezionamento<\/strong>: Scatola 4\/4<\/li>\n<li><b>Tasso di concentrazione<\/b>: 28 brix<\/li>\n<li><strong>Capacit\u00e0<\/strong>: 850 ml<\/li>\n<\/ul>\n<p>&nbsp;<\/p>\n<\/div>\n<\/div>\n<\/div>\n<\/div>\n<p><!--more--><\/p>\n<p>Scopri qui la nostra <span style=\"color: #d12727;\"><a style=\"color: #d12727;\" href=\"https:\/\/www.csj-emballages.com\/produit\/boite-5-1-de-sauce-pizza\/\">salsa per pizza<\/a><\/span><\/p>\n<p>&nbsp;<\/p>\n<p><!--more--><\/p>\n<p><a href=\"https:\/\/u15jnbdpoq.preview.infomaniak.website\/categorie-produit\/alimentation\/aliments\/sauce-tomate\/\">Consulta il resto della nostra gamma di salse di pomodoro<\/a><\/p>\n","protected":false},"excerpt":{"rendered":"<p>Doppio concentrato di pomodoro Scopri il nostro doppio concentrato di pomodoro 28 brix in scatola 4\/4<\/p>\n","protected":false},"featured_media":271232,"template":"","meta":{"_acf_changed":false},"product_brand":[],"product_cat":[10445,11245,11405],"product_tag":[],"class_list":{"0":"post-271229","1":"product","2":"type-product","3":"status-publish","4":"has-post-thumbnail","6":"product_cat-alimentari","7":"product_cat-conserve","8":"product_cat-salse-di-pomodoro","10":"first","11":"instock","12":"taxable","13":"shipping-taxable","14":"purchasable","15":"product-type-simple"},"acf":[],"yoast_head":"<!-- This site is optimized with the Yoast SEO Premium plugin v26.6 (Yoast SEO v26.6) - https:\/\/yoast.com\/wordpress\/plugins\/seo\/ -->\n<title>Doppio Concentrato di Pomodoro 28 Brix in Scatola 4\/4<\/title>\n<meta name=\"description\" content=\"Doppio concentrato di pomodoro 28 Brix in scatola 4\/4. Gusto intenso, consistenza densa e formato professionale, ideale per salse, pizze e piatti in umido.\" \/>\n<meta name=\"robots\" content=\"index, follow, max-snippet:-1, max-image-preview:large, max-video-preview:-1\" \/>\n<link rel=\"canonical\" href=\"https:\/\/www.csj-emballages.com\/it\/produit\/doppio-concentrato-di-pomodoro-28-brix-in-scatola-4-4\/\" \/>\n<meta property=\"og:locale\" content=\"it_IT\" \/>\n<meta property=\"og:type\" content=\"article\" \/>\n<meta property=\"og:title\" content=\"Doppio concentrato di pomodoro 28 brix in scatola 4\/4\" \/>\n<meta property=\"og:description\" content=\"Doppio concentrato di pomodoro 28 Brix in scatola 4\/4. Gusto intenso, consistenza densa e formato professionale, ideale per salse, pizze e piatti in umido.\" \/>\n<meta property=\"og:url\" content=\"https:\/\/www.csj-emballages.com\/it\/produit\/doppio-concentrato-di-pomodoro-28-brix-in-scatola-4-4\/\" \/>\n<meta property=\"og:site_name\" content=\"CSJ Emballages\" \/>\n<meta property=\"article:publisher\" content=\"https:\/\/www.facebook.com\/csjemballages\" \/>\n<meta property=\"article:modified_time\" content=\"2026-03-12T15:08:02+00:00\" \/>\n<meta property=\"og:image\" content=\"https:\/\/www.csj-emballages.com\/wp-content\/uploads\/2024\/05\/270008.webp\" \/>\n\t<meta property=\"og:image:width\" content=\"800\" \/>\n\t<meta property=\"og:image:height\" content=\"800\" \/>\n\t<meta property=\"og:image:type\" content=\"image\/webp\" \/>\n<meta name=\"twitter:card\" content=\"summary_large_image\" \/>\n<meta name=\"twitter:label1\" content=\"Dur\u00e9e de lecture estim\u00e9e\" \/>\n\t<meta name=\"twitter:data1\" content=\"2 minuti\" \/>\n<script type=\"application\/ld+json\" class=\"yoast-schema-graph\">{\"@context\":\"https:\/\/schema.org\",\"@graph\":[{\"@type\":\"WebPage\",\"@id\":\"https:\/\/www.csj-emballages.com\/it\/produit\/doppio-concentrato-di-pomodoro-28-brix-in-scatola-4-4\/\",\"url\":\"https:\/\/www.csj-emballages.com\/it\/produit\/doppio-concentrato-di-pomodoro-28-brix-in-scatola-4-4\/\",\"name\":\"Doppio Concentrato di Pomodoro 28 Brix in Scatola 4\/4\",\"isPartOf\":{\"@id\":\"https:\/\/www.csj-emballages.com\/it\/#website\"},\"primaryImageOfPage\":{\"@id\":\"https:\/\/www.csj-emballages.com\/it\/produit\/doppio-concentrato-di-pomodoro-28-brix-in-scatola-4-4\/#primaryimage\"},\"image\":{\"@id\":\"https:\/\/www.csj-emballages.com\/it\/produit\/doppio-concentrato-di-pomodoro-28-brix-in-scatola-4-4\/#primaryimage\"},\"thumbnailUrl\":\"https:\/\/www.csj-emballages.com\/wp-content\/uploads\/2024\/05\/270008.webp\",\"datePublished\":\"2024-05-24T08:49:28+00:00\",\"dateModified\":\"2026-03-12T15:08:02+00:00\",\"description\":\"Doppio concentrato di pomodoro 28 Brix in scatola 4\/4. Gusto intenso, consistenza densa e formato professionale, ideale per salse, pizze e piatti in umido.\",\"breadcrumb\":{\"@id\":\"https:\/\/www.csj-emballages.com\/it\/produit\/doppio-concentrato-di-pomodoro-28-brix-in-scatola-4-4\/#breadcrumb\"},\"inLanguage\":\"it-IT\",\"potentialAction\":[{\"@type\":\"ReadAction\",\"target\":[\"https:\/\/www.csj-emballages.com\/it\/produit\/doppio-concentrato-di-pomodoro-28-brix-in-scatola-4-4\/\"]}]},{\"@type\":\"ImageObject\",\"inLanguage\":\"it-IT\",\"@id\":\"https:\/\/www.csj-emballages.com\/it\/produit\/doppio-concentrato-di-pomodoro-28-brix-in-scatola-4-4\/#primaryimage\",\"url\":\"https:\/\/www.csj-emballages.com\/wp-content\/uploads\/2024\/05\/270008.webp\",\"contentUrl\":\"https:\/\/www.csj-emballages.com\/wp-content\/uploads\/2024\/05\/270008.webp\",\"width\":800,\"height\":800,\"caption\":\"Double concentr\u00e9 de tomates\"},{\"@type\":\"BreadcrumbList\",\"@id\":\"https:\/\/www.csj-emballages.com\/it\/produit\/doppio-concentrato-di-pomodoro-28-brix-in-scatola-4-4\/#breadcrumb\",\"itemListElement\":[{\"@type\":\"ListItem\",\"position\":1,\"name\":\"Home\",\"item\":\"https:\/\/www.csj-emballages.com\/it\/universo-imballaggi-alimentari\/\"},{\"@type\":\"ListItem\",\"position\":2,\"name\":\"Negozio\",\"item\":\"https:\/\/www.csj-emballages.com\/it\/negozio\/\"},{\"@type\":\"ListItem\",\"position\":3,\"name\":\"Doppio concentrato di pomodoro 28 brix in scatola 4\/4\"}]},{\"@type\":\"WebSite\",\"@id\":\"https:\/\/www.csj-emballages.com\/it\/#website\",\"url\":\"https:\/\/www.csj-emballages.com\/it\/\",\"name\":\"CSJ Emballages\",\"description\":\"\",\"publisher\":{\"@id\":\"https:\/\/www.csj-emballages.com\/it\/#organization\"},\"potentialAction\":[{\"@type\":\"SearchAction\",\"target\":{\"@type\":\"EntryPoint\",\"urlTemplate\":\"https:\/\/www.csj-emballages.com\/it\/?s={search_term_string}\"},\"query-input\":{\"@type\":\"PropertyValueSpecification\",\"valueRequired\":true,\"valueName\":\"search_term_string\"}}],\"inLanguage\":\"it-IT\"},{\"@type\":\"Organization\",\"@id\":\"https:\/\/www.csj-emballages.com\/it\/#Organization\/\",\"name\":\"CSJ Emballages\",\"url\":\"https:\/\/www.csj-emballages.com\/it\/\",\"logo\":{\"@type\":\"ImageObject\",\"inLanguage\":\"it-IT\",\"@id\":\"https:\/\/www.csj-emballages.com\/it\/#\/schema\/logo\/image\/\",\"url\":\"https:\/\/www.csj-emballages.com\/wp-content\/uploads\/2023\/10\/logo_csj.webp\",\"contentUrl\":\"https:\/\/www.csj-emballages.com\/wp-content\/uploads\/2023\/10\/logo_csj.webp\",\"width\":250,\"height\":95,\"caption\":\"CSJ Emballages\"},\"image\":{\"@id\":\"https:\/\/www.csj-emballages.com\/it\/#\/schema\/logo\/image\/\"},\"sameAs\":[\"https:\/\/www.facebook.com\/csjemballages\"],\"address\":{\"@type\":\"PostalAddress\",\"streetAddress\":\"ZI La Lechere\",\"addressLocality\":\"Patornay\",\"postalCode\":\"39130\",\"addressCountry\":\"FR\"},\"contactPoint\":[{\"@type\":\"ContactPoint\",\"contactType\":\"Service client\",\"telephone\":\"0384254272\",\"email\":\"contact@csj-emballages.com\"}]}]}<\/script>\n<!-- \/ Yoast SEO Premium plugin. -->","yoast_head_json":{"title":"Doppio Concentrato di Pomodoro 28 Brix in Scatola 4\/4","description":"Doppio concentrato di pomodoro 28 Brix in scatola 4\/4. Gusto intenso, consistenza densa e formato professionale, ideale per salse, pizze e piatti in umido.","robots":{"index":"index","follow":"follow","max-snippet":"max-snippet:-1","max-image-preview":"max-image-preview:large","max-video-preview":"max-video-preview:-1"},"canonical":"https:\/\/www.csj-emballages.com\/it\/produit\/doppio-concentrato-di-pomodoro-28-brix-in-scatola-4-4\/","og_locale":"it_IT","og_type":"article","og_title":"Doppio concentrato di pomodoro 28 brix in scatola 4\/4","og_description":"Doppio concentrato di pomodoro 28 Brix in scatola 4\/4. Gusto intenso, consistenza densa e formato professionale, ideale per salse, pizze e piatti in umido.","og_url":"https:\/\/www.csj-emballages.com\/it\/produit\/doppio-concentrato-di-pomodoro-28-brix-in-scatola-4-4\/","og_site_name":"CSJ Emballages","article_publisher":"https:\/\/www.facebook.com\/csjemballages","article_modified_time":"2026-03-12T15:08:02+00:00","og_image":[{"width":800,"height":800,"url":"https:\/\/www.csj-emballages.com\/wp-content\/uploads\/2024\/05\/270008.webp","type":"image\/webp"}],"twitter_card":"summary_large_image","twitter_misc":{"Dur\u00e9e de lecture estim\u00e9e":"2 minuti"},"schema":{"@context":"https:\/\/schema.org","@graph":[{"@type":"WebPage","@id":"https:\/\/www.csj-emballages.com\/it\/produit\/doppio-concentrato-di-pomodoro-28-brix-in-scatola-4-4\/","url":"https:\/\/www.csj-emballages.com\/it\/produit\/doppio-concentrato-di-pomodoro-28-brix-in-scatola-4-4\/","name":"Doppio Concentrato di Pomodoro 28 Brix in Scatola 4\/4","isPartOf":{"@id":"https:\/\/www.csj-emballages.com\/it\/#website"},"primaryImageOfPage":{"@id":"https:\/\/www.csj-emballages.com\/it\/produit\/doppio-concentrato-di-pomodoro-28-brix-in-scatola-4-4\/#primaryimage"},"image":{"@id":"https:\/\/www.csj-emballages.com\/it\/produit\/doppio-concentrato-di-pomodoro-28-brix-in-scatola-4-4\/#primaryimage"},"thumbnailUrl":"https:\/\/www.csj-emballages.com\/wp-content\/uploads\/2024\/05\/270008.webp","datePublished":"2024-05-24T08:49:28+00:00","dateModified":"2026-03-12T15:08:02+00:00","description":"Doppio concentrato di pomodoro 28 Brix in scatola 4\/4. Gusto intenso, consistenza densa e formato professionale, ideale per salse, pizze e piatti in umido.","breadcrumb":{"@id":"https:\/\/www.csj-emballages.com\/it\/produit\/doppio-concentrato-di-pomodoro-28-brix-in-scatola-4-4\/#breadcrumb"},"inLanguage":"it-IT","potentialAction":[{"@type":"ReadAction","target":["https:\/\/www.csj-emballages.com\/it\/produit\/doppio-concentrato-di-pomodoro-28-brix-in-scatola-4-4\/"]}]},{"@type":"ImageObject","inLanguage":"it-IT","@id":"https:\/\/www.csj-emballages.com\/it\/produit\/doppio-concentrato-di-pomodoro-28-brix-in-scatola-4-4\/#primaryimage","url":"https:\/\/www.csj-emballages.com\/wp-content\/uploads\/2024\/05\/270008.webp","contentUrl":"https:\/\/www.csj-emballages.com\/wp-content\/uploads\/2024\/05\/270008.webp","width":800,"height":800,"caption":"Double concentr\u00e9 de tomates"},{"@type":"BreadcrumbList","@id":"https:\/\/www.csj-emballages.com\/it\/produit\/doppio-concentrato-di-pomodoro-28-brix-in-scatola-4-4\/#breadcrumb","itemListElement":[{"@type":"ListItem","position":1,"name":"Home","item":"https:\/\/www.csj-emballages.com\/it\/universo-imballaggi-alimentari\/"},{"@type":"ListItem","position":2,"name":"Negozio","item":"https:\/\/www.csj-emballages.com\/it\/negozio\/"},{"@type":"ListItem","position":3,"name":"Doppio concentrato di pomodoro 28 brix in scatola 4\/4"}]},{"@type":"WebSite","@id":"https:\/\/www.csj-emballages.com\/it\/#website","url":"https:\/\/www.csj-emballages.com\/it\/","name":"CSJ Emballages","description":"","publisher":{"@id":"https:\/\/www.csj-emballages.com\/it\/#organization"},"potentialAction":[{"@type":"SearchAction","target":{"@type":"EntryPoint","urlTemplate":"https:\/\/www.csj-emballages.com\/it\/?s={search_term_string}"},"query-input":{"@type":"PropertyValueSpecification","valueRequired":true,"valueName":"search_term_string"}}],"inLanguage":"it-IT"},{"@type":"Organization","@id":"https:\/\/www.csj-emballages.com\/it\/#Organization\/","name":"CSJ Emballages","url":"https:\/\/www.csj-emballages.com\/it\/","logo":{"@type":"ImageObject","inLanguage":"it-IT","@id":"https:\/\/www.csj-emballages.com\/it\/#\/schema\/logo\/image\/","url":"https:\/\/www.csj-emballages.com\/wp-content\/uploads\/2023\/10\/logo_csj.webp","contentUrl":"https:\/\/www.csj-emballages.com\/wp-content\/uploads\/2023\/10\/logo_csj.webp","width":250,"height":95,"caption":"CSJ Emballages"},"image":{"@id":"https:\/\/www.csj-emballages.com\/it\/#\/schema\/logo\/image\/"},"sameAs":["https:\/\/www.facebook.com\/csjemballages"],"address":{"@type":"PostalAddress","streetAddress":"ZI La Lechere","addressLocality":"Patornay","postalCode":"39130","addressCountry":"FR"},"contactPoint":[{"@type":"ContactPoint","contactType":"Service client","telephone":"0384254272","email":"contact@csj-emballages.com"}]}]}},"df_price":3.22,"df_sale_price":"","df_regular_price":3.22,"df_image_link":"https:\/\/www.csj-emballages.com\/wp-content\/uploads\/2024\/05\/270008-300x300.webp","tiered_pricing_type":"fixed","tiered_pricing_fixed_rules":[],"tiered_pricing_percentage_rules":[],"tiered_pricing_minimum":1,"tiered_pricing_roles_data":[],"_links":{"self":[{"href":"https:\/\/www.csj-emballages.com\/it\/wp-json\/wp\/v2\/product\/271229","targetHints":{"allow":["GET"]}}],"collection":[{"href":"https:\/\/www.csj-emballages.com\/it\/wp-json\/wp\/v2\/product"}],"about":[{"href":"https:\/\/www.csj-emballages.com\/it\/wp-json\/wp\/v2\/types\/product"}],"wp:featuredmedia":[{"embeddable":true,"href":"https:\/\/www.csj-emballages.com\/it\/wp-json\/wp\/v2\/media\/271232"}],"wp:attachment":[{"href":"https:\/\/www.csj-emballages.com\/it\/wp-json\/wp\/v2\/media?parent=271229"}],"wp:term":[{"taxonomy":"product_brand","embeddable":true,"href":"https:\/\/www.csj-emballages.com\/it\/wp-json\/wp\/v2\/product_brand?post=271229"},{"taxonomy":"product_cat","embeddable":true,"href":"https:\/\/www.csj-emballages.com\/it\/wp-json\/wp\/v2\/product_cat?post=271229"},{"taxonomy":"product_tag","embeddable":true,"href":"https:\/\/www.csj-emballages.com\/it\/wp-json\/wp\/v2\/product_tag?post=271229"}],"curies":[{"name":"wp","href":"https:\/\/api.w.org\/{rel}","templated":true}]}}