{"id":271223,"date":"2025-04-11T08:24:41","date_gmt":"2025-04-11T06:24:41","guid":{"rendered":"https:\/\/www.csj-emballages.com\/produit\/albicocche-secche-intere-da-1kg\/"},"modified":"2026-03-12T16:06:49","modified_gmt":"2026-03-12T15:06:49","slug":"albicocche-secche-intere-da-1kg","status":"publish","type":"product","link":"https:\/\/www.csj-emballages.com\/it\/produit\/albicocche-secche-intere-da-1kg\/","title":{"rendered":"Albicocche secche intere da 1kg"},"content":{"rendered":"<h2 class=\"p1\">Albicocche secche<\/h2>\n<hr>\n<h3>Descrizione delle nostre albicocche secche intere da 1kg<\/h3>\n<h3><!--more--><\/h3>\n<div class=\"flex flex-grow flex-col max-w-full\">\n<div class=\"min-h-[20px] text-message flex flex-col items-start whitespace-pre-wrap break-words [.text-message+&amp;]:mt-5 juice:w-full juice:items-end overflow-x-auto gap-2\" dir=\"auto\" data-message-author-role=\"assistant\" data-message-id=\"579bfb50-fb6c-479d-a152-27ab4b509f37\">\n<div class=\"flex w-full flex-col gap-1 juice:empty:hidden juice:first:pt-[3px]\">\n<div class=\"markdown prose w-full break-words dark:prose-invert light\">\n<p class=\"\" data-start=\"264\" data-end=\"614\">Lasciati tentare dalle nostre <strong data-start=\"281\" data-end=\"306\">albicocche secche intere<\/strong> nel generoso formato da <strong>1 kg<\/strong>: una vera delizia naturale da gustare ogni giorno. Questi frutti accuratamente selezionati vengono raccolti a maturazione, poi essiccati delicatamente per preservarne la morbidezza, il bel colore arancione e il loro sapore naturalmente dolce, senza aggiunta di zucchero n\u00e9 conservanti. Perfette per una pausa sana o uno spuntino durante la giornata, sono anche molto apprezzate in cucina: esaltano i tuoi tajine, i tuoi piatti agrodolci, i tuoi dolci, granole o composte fatte in casa. La loro consistenza fondente e il loro profumo delicato le rendono un ingrediente di scelta sia per i professionisti della ristorazione che per gli amanti dei prodotti autentici.   <\/p>\n<p class=\"\" data-start=\"1009\" data-end=\"1239\">Ricca di fibre, ferro, potassio e antiossidanti, <strong>l&#8217;albicocca secca<\/strong> \u00e8 un alleato per la salute nella tua dispensa. La <strong>confezione da 1 kg<\/strong> permette una conservazione ottimale nel tempo garantendo un eccellente rapporto qualit\u00e0-prezzo. <\/p>\n<p class=\"\" data-start=\"1241\" data-end=\"1452\">Che tu sia un catering, un ristoratore, o semplicemente un privato amante dei prodotti sani e gustosi, questo prodotto soddisfer\u00e0 le tue aspettative in termini di qualit\u00e0, sapore e versatilit\u00e0.<\/p>\n<p class=\"\" data-start=\"1454\" data-end=\"1554\">Aggiungi un tocco di sole alle tue ricette con queste <strong>albicocche secche<\/strong> saporite e naturalmente buone!<\/p>\n<p data-start=\"1454\" data-end=\"1554\">\n<\/div>\n<\/div>\n<\/div>\n<\/div>\n<p><!--more--><\/p>\n<div class=\"flex flex-grow flex-col max-w-full\">\n<div class=\"min-h-[20px] text-message flex flex-col items-start whitespace-pre-wrap break-words [.text-message+&amp;]:mt-5 juice:w-full juice:items-end overflow-x-auto gap-2\" dir=\"auto\" data-message-author-role=\"assistant\" data-message-id=\"579bfb50-fb6c-479d-a152-27ab4b509f37\">\n<div class=\"flex w-full flex-col gap-1 juice:empty:hidden juice:first:pt-[3px]\">\n<div class=\"markdown prose w-full break-words dark:prose-invert light\">\n<h4><strong>I loro vantaggi:<\/strong><\/h4>\n<ul>\n<li>Consistenza morbida e sapore naturalmente dolce.<\/li>\n<li>Ricche di fibre, ferro e antiossidanti.<\/li>\n<li>Ideali come spuntino o in cucina (piatti, dessert, prodotti da forno).<\/li>\n<li>Formato da 1 kg economico e pratico.<\/li>\n<li>Prodotto apprezzato sia dai professionisti che dai privati.<\/li>\n<\/ul>\n<\/div>\n<div class=\"markdown prose w-full break-words dark:prose-invert light\">\n<p>&nbsp;<\/p>\n<\/div>\n<\/div>\n<\/div>\n<\/div>\n<p><!--more--><\/p>\n<h4>Altre informazioni:<\/h4>\n<ul>\n<li><strong>Confezione<\/strong>: Pacchetto da 1kg<\/li>\n<li><strong>Tipo<\/strong>: Albicocca secca intera<\/li>\n<\/ul>\n<p>&nbsp;<\/p>\n<p><!--more--><\/p>\n<p>Trova qui le nostre prugne secche e la nostra uva passa: <span style=\"color: #d12727\"><a style=\"color: #d12727\" href=\"https:\/\/www.csj-emballages.com\/it\/produit\/prugne-secche-denocciolate-da-1-kg\/\">160011<\/a><\/span> \/ <span style=\"color: #d12727\"><a style=\"color: #d12727\" href=\"https:\/\/www.csj-emballages.com\/it\/produit\/uvetta-sultanina-da-1-kg\/\">160010<\/a><\/span><\/p>\n<p>&nbsp;<\/p>\n<p><!--more--><\/p>\n<p><a href=\"https:\/\/u15jnbdpoq.preview.infomaniak.website\/categorie-produit\/alimentation\/aliments\/fruits-secs-au-sirop\/fruits-secs\/\">Consulta il resto della nostra gamma di frutta secca<\/a><\/p>\n","protected":false},"excerpt":{"rendered":"<p>Albicocche secche Descrizione delle nostre albicocche secche intere da 1kg<\/p>\n","protected":false},"featured_media":271224,"template":"","meta":{"_acf_changed":false},"product_brand":[],"product_cat":[10445,11244],"product_tag":[],"class_list":{"0":"post-271223","1":"product","2":"type-product","3":"status-publish","4":"has-post-thumbnail","6":"product_cat-alimentari","7":"product_cat-frutta-secca","9":"first","10":"instock","11":"featured","12":"taxable","13":"shipping-taxable","14":"purchasable","15":"product-type-simple"},"acf":[],"yoast_head":"<!-- This site is optimized with the Yoast SEO Premium plugin v26.6 (Yoast SEO v26.6) - https:\/\/yoast.com\/wordpress\/plugins\/seo\/ -->\n<title>Albicocche Secche Intere da 1kg<\/title>\n<meta name=\"description\" content=\"Albicocche secche intere 1 kg, morbide e gustose, perfette per una pausa sana o per la cucina. Ricche di fibre e sapore. Formato economico.\" \/>\n<meta name=\"robots\" content=\"index, follow, max-snippet:-1, max-image-preview:large, max-video-preview:-1\" \/>\n<link rel=\"canonical\" href=\"https:\/\/www.csj-emballages.com\/it\/produit\/albicocche-secche-intere-da-1kg\/\" \/>\n<meta property=\"og:locale\" content=\"it_IT\" \/>\n<meta property=\"og:type\" content=\"article\" \/>\n<meta property=\"og:title\" content=\"Albicocche secche intere da 1kg\" \/>\n<meta property=\"og:description\" content=\"Albicocche secche intere 1 kg, morbide e gustose, perfette per una pausa sana o per la cucina. Ricche di fibre e sapore. Formato economico.\" \/>\n<meta property=\"og:url\" content=\"https:\/\/www.csj-emballages.com\/it\/produit\/albicocche-secche-intere-da-1kg\/\" \/>\n<meta property=\"og:site_name\" content=\"CSJ Emballages\" \/>\n<meta property=\"article:publisher\" content=\"https:\/\/www.facebook.com\/csjemballages\" \/>\n<meta property=\"article:modified_time\" content=\"2026-03-12T15:06:49+00:00\" \/>\n<meta property=\"og:image\" content=\"https:\/\/www.csj-emballages.com\/wp-content\/uploads\/2025\/04\/Abricot-sec-entier.webp\" \/>\n\t<meta property=\"og:image:width\" content=\"800\" \/>\n\t<meta property=\"og:image:height\" content=\"800\" \/>\n\t<meta property=\"og:image:type\" content=\"image\/webp\" \/>\n<meta name=\"twitter:card\" content=\"summary_large_image\" \/>\n<meta name=\"twitter:label1\" content=\"Dur\u00e9e de lecture estim\u00e9e\" \/>\n\t<meta name=\"twitter:data1\" content=\"1 minuto\" \/>\n<script type=\"application\/ld+json\" class=\"yoast-schema-graph\">{\"@context\":\"https:\/\/schema.org\",\"@graph\":[{\"@type\":\"WebPage\",\"@id\":\"https:\/\/www.csj-emballages.com\/it\/produit\/albicocche-secche-intere-da-1kg\/\",\"url\":\"https:\/\/www.csj-emballages.com\/it\/produit\/albicocche-secche-intere-da-1kg\/\",\"name\":\"Albicocche Secche Intere da 1kg\",\"isPartOf\":{\"@id\":\"https:\/\/www.csj-emballages.com\/it\/#website\"},\"primaryImageOfPage\":{\"@id\":\"https:\/\/www.csj-emballages.com\/it\/produit\/albicocche-secche-intere-da-1kg\/#primaryimage\"},\"image\":{\"@id\":\"https:\/\/www.csj-emballages.com\/it\/produit\/albicocche-secche-intere-da-1kg\/#primaryimage\"},\"thumbnailUrl\":\"https:\/\/www.csj-emballages.com\/wp-content\/uploads\/2025\/04\/Abricot-sec-entier.webp\",\"datePublished\":\"2025-04-11T06:24:41+00:00\",\"dateModified\":\"2026-03-12T15:06:49+00:00\",\"description\":\"Albicocche secche intere 1 kg, morbide e gustose, perfette per una pausa sana o per la cucina. Ricche di fibre e sapore. Formato economico.\",\"breadcrumb\":{\"@id\":\"https:\/\/www.csj-emballages.com\/it\/produit\/albicocche-secche-intere-da-1kg\/#breadcrumb\"},\"inLanguage\":\"it-IT\",\"potentialAction\":[{\"@type\":\"ReadAction\",\"target\":[\"https:\/\/www.csj-emballages.com\/it\/produit\/albicocche-secche-intere-da-1kg\/\"]}]},{\"@type\":\"ImageObject\",\"inLanguage\":\"it-IT\",\"@id\":\"https:\/\/www.csj-emballages.com\/it\/produit\/albicocche-secche-intere-da-1kg\/#primaryimage\",\"url\":\"https:\/\/www.csj-emballages.com\/wp-content\/uploads\/2025\/04\/Abricot-sec-entier.webp\",\"contentUrl\":\"https:\/\/www.csj-emballages.com\/wp-content\/uploads\/2025\/04\/Abricot-sec-entier.webp\",\"width\":800,\"height\":800,\"caption\":\"abricots secs\"},{\"@type\":\"BreadcrumbList\",\"@id\":\"https:\/\/www.csj-emballages.com\/it\/produit\/albicocche-secche-intere-da-1kg\/#breadcrumb\",\"itemListElement\":[{\"@type\":\"ListItem\",\"position\":1,\"name\":\"Home\",\"item\":\"https:\/\/www.csj-emballages.com\/it\/universo-imballaggi-alimentari\/\"},{\"@type\":\"ListItem\",\"position\":2,\"name\":\"Negozio\",\"item\":\"https:\/\/www.csj-emballages.com\/it\/negozio\/\"},{\"@type\":\"ListItem\",\"position\":3,\"name\":\"Albicocche secche intere da 1kg\"}]},{\"@type\":\"WebSite\",\"@id\":\"https:\/\/www.csj-emballages.com\/it\/#website\",\"url\":\"https:\/\/www.csj-emballages.com\/it\/\",\"name\":\"CSJ Emballages\",\"description\":\"\",\"publisher\":{\"@id\":\"https:\/\/www.csj-emballages.com\/it\/#organization\"},\"potentialAction\":[{\"@type\":\"SearchAction\",\"target\":{\"@type\":\"EntryPoint\",\"urlTemplate\":\"https:\/\/www.csj-emballages.com\/it\/?s={search_term_string}\"},\"query-input\":{\"@type\":\"PropertyValueSpecification\",\"valueRequired\":true,\"valueName\":\"search_term_string\"}}],\"inLanguage\":\"it-IT\"},{\"@type\":\"Organization\",\"@id\":\"https:\/\/www.csj-emballages.com\/it\/#Organization\/\",\"name\":\"CSJ Emballages\",\"url\":\"https:\/\/www.csj-emballages.com\/it\/\",\"logo\":{\"@type\":\"ImageObject\",\"inLanguage\":\"it-IT\",\"@id\":\"https:\/\/www.csj-emballages.com\/it\/#\/schema\/logo\/image\/\",\"url\":\"https:\/\/www.csj-emballages.com\/wp-content\/uploads\/2023\/10\/logo_csj.webp\",\"contentUrl\":\"https:\/\/www.csj-emballages.com\/wp-content\/uploads\/2023\/10\/logo_csj.webp\",\"width\":250,\"height\":95,\"caption\":\"CSJ Emballages\"},\"image\":{\"@id\":\"https:\/\/www.csj-emballages.com\/it\/#\/schema\/logo\/image\/\"},\"sameAs\":[\"https:\/\/www.facebook.com\/csjemballages\"],\"address\":{\"@type\":\"PostalAddress\",\"streetAddress\":\"ZI La Lechere\",\"addressLocality\":\"Patornay\",\"postalCode\":\"39130\",\"addressCountry\":\"FR\"},\"contactPoint\":[{\"@type\":\"ContactPoint\",\"contactType\":\"Service client\",\"telephone\":\"0384254272\",\"email\":\"contact@csj-emballages.com\"}]}]}<\/script>\n<!-- \/ Yoast SEO Premium plugin. -->","yoast_head_json":{"title":"Albicocche Secche Intere da 1kg","description":"Albicocche secche intere 1 kg, morbide e gustose, perfette per una pausa sana o per la cucina. Ricche di fibre e sapore. Formato economico.","robots":{"index":"index","follow":"follow","max-snippet":"max-snippet:-1","max-image-preview":"max-image-preview:large","max-video-preview":"max-video-preview:-1"},"canonical":"https:\/\/www.csj-emballages.com\/it\/produit\/albicocche-secche-intere-da-1kg\/","og_locale":"it_IT","og_type":"article","og_title":"Albicocche secche intere da 1kg","og_description":"Albicocche secche intere 1 kg, morbide e gustose, perfette per una pausa sana o per la cucina. Ricche di fibre e sapore. Formato economico.","og_url":"https:\/\/www.csj-emballages.com\/it\/produit\/albicocche-secche-intere-da-1kg\/","og_site_name":"CSJ Emballages","article_publisher":"https:\/\/www.facebook.com\/csjemballages","article_modified_time":"2026-03-12T15:06:49+00:00","og_image":[{"width":800,"height":800,"url":"https:\/\/www.csj-emballages.com\/wp-content\/uploads\/2025\/04\/Abricot-sec-entier.webp","type":"image\/webp"}],"twitter_card":"summary_large_image","twitter_misc":{"Dur\u00e9e de lecture estim\u00e9e":"1 minuto"},"schema":{"@context":"https:\/\/schema.org","@graph":[{"@type":"WebPage","@id":"https:\/\/www.csj-emballages.com\/it\/produit\/albicocche-secche-intere-da-1kg\/","url":"https:\/\/www.csj-emballages.com\/it\/produit\/albicocche-secche-intere-da-1kg\/","name":"Albicocche Secche Intere da 1kg","isPartOf":{"@id":"https:\/\/www.csj-emballages.com\/it\/#website"},"primaryImageOfPage":{"@id":"https:\/\/www.csj-emballages.com\/it\/produit\/albicocche-secche-intere-da-1kg\/#primaryimage"},"image":{"@id":"https:\/\/www.csj-emballages.com\/it\/produit\/albicocche-secche-intere-da-1kg\/#primaryimage"},"thumbnailUrl":"https:\/\/www.csj-emballages.com\/wp-content\/uploads\/2025\/04\/Abricot-sec-entier.webp","datePublished":"2025-04-11T06:24:41+00:00","dateModified":"2026-03-12T15:06:49+00:00","description":"Albicocche secche intere 1 kg, morbide e gustose, perfette per una pausa sana o per la cucina. Ricche di fibre e sapore. Formato economico.","breadcrumb":{"@id":"https:\/\/www.csj-emballages.com\/it\/produit\/albicocche-secche-intere-da-1kg\/#breadcrumb"},"inLanguage":"it-IT","potentialAction":[{"@type":"ReadAction","target":["https:\/\/www.csj-emballages.com\/it\/produit\/albicocche-secche-intere-da-1kg\/"]}]},{"@type":"ImageObject","inLanguage":"it-IT","@id":"https:\/\/www.csj-emballages.com\/it\/produit\/albicocche-secche-intere-da-1kg\/#primaryimage","url":"https:\/\/www.csj-emballages.com\/wp-content\/uploads\/2025\/04\/Abricot-sec-entier.webp","contentUrl":"https:\/\/www.csj-emballages.com\/wp-content\/uploads\/2025\/04\/Abricot-sec-entier.webp","width":800,"height":800,"caption":"abricots secs"},{"@type":"BreadcrumbList","@id":"https:\/\/www.csj-emballages.com\/it\/produit\/albicocche-secche-intere-da-1kg\/#breadcrumb","itemListElement":[{"@type":"ListItem","position":1,"name":"Home","item":"https:\/\/www.csj-emballages.com\/it\/universo-imballaggi-alimentari\/"},{"@type":"ListItem","position":2,"name":"Negozio","item":"https:\/\/www.csj-emballages.com\/it\/negozio\/"},{"@type":"ListItem","position":3,"name":"Albicocche secche intere da 1kg"}]},{"@type":"WebSite","@id":"https:\/\/www.csj-emballages.com\/it\/#website","url":"https:\/\/www.csj-emballages.com\/it\/","name":"CSJ Emballages","description":"","publisher":{"@id":"https:\/\/www.csj-emballages.com\/it\/#organization"},"potentialAction":[{"@type":"SearchAction","target":{"@type":"EntryPoint","urlTemplate":"https:\/\/www.csj-emballages.com\/it\/?s={search_term_string}"},"query-input":{"@type":"PropertyValueSpecification","valueRequired":true,"valueName":"search_term_string"}}],"inLanguage":"it-IT"},{"@type":"Organization","@id":"https:\/\/www.csj-emballages.com\/it\/#Organization\/","name":"CSJ Emballages","url":"https:\/\/www.csj-emballages.com\/it\/","logo":{"@type":"ImageObject","inLanguage":"it-IT","@id":"https:\/\/www.csj-emballages.com\/it\/#\/schema\/logo\/image\/","url":"https:\/\/www.csj-emballages.com\/wp-content\/uploads\/2023\/10\/logo_csj.webp","contentUrl":"https:\/\/www.csj-emballages.com\/wp-content\/uploads\/2023\/10\/logo_csj.webp","width":250,"height":95,"caption":"CSJ Emballages"},"image":{"@id":"https:\/\/www.csj-emballages.com\/it\/#\/schema\/logo\/image\/"},"sameAs":["https:\/\/www.facebook.com\/csjemballages"],"address":{"@type":"PostalAddress","streetAddress":"ZI La Lechere","addressLocality":"Patornay","postalCode":"39130","addressCountry":"FR"},"contactPoint":[{"@type":"ContactPoint","contactType":"Service client","telephone":"0384254272","email":"contact@csj-emballages.com"}]}]}},"df_price":12.13,"df_sale_price":"","df_regular_price":12.13,"df_image_link":"https:\/\/www.csj-emballages.com\/wp-content\/uploads\/2025\/04\/Abricot-sec-entier-300x300.webp","tiered_pricing_type":"fixed","tiered_pricing_fixed_rules":[],"tiered_pricing_percentage_rules":[],"tiered_pricing_minimum":1,"tiered_pricing_roles_data":[],"_links":{"self":[{"href":"https:\/\/www.csj-emballages.com\/it\/wp-json\/wp\/v2\/product\/271223","targetHints":{"allow":["GET"]}}],"collection":[{"href":"https:\/\/www.csj-emballages.com\/it\/wp-json\/wp\/v2\/product"}],"about":[{"href":"https:\/\/www.csj-emballages.com\/it\/wp-json\/wp\/v2\/types\/product"}],"wp:featuredmedia":[{"embeddable":true,"href":"https:\/\/www.csj-emballages.com\/it\/wp-json\/wp\/v2\/media\/271224"}],"wp:attachment":[{"href":"https:\/\/www.csj-emballages.com\/it\/wp-json\/wp\/v2\/media?parent=271223"}],"wp:term":[{"taxonomy":"product_brand","embeddable":true,"href":"https:\/\/www.csj-emballages.com\/it\/wp-json\/wp\/v2\/product_brand?post=271223"},{"taxonomy":"product_cat","embeddable":true,"href":"https:\/\/www.csj-emballages.com\/it\/wp-json\/wp\/v2\/product_cat?post=271223"},{"taxonomy":"product_tag","embeddable":true,"href":"https:\/\/www.csj-emballages.com\/it\/wp-json\/wp\/v2\/product_tag?post=271223"}],"curies":[{"name":"wp","href":"https:\/\/api.w.org\/{rel}","templated":true}]}}