{"id":271199,"date":"2025-04-09T09:24:09","date_gmt":"2025-04-09T07:24:09","guid":{"rendered":"https:\/\/www.csj-emballages.com\/produit\/ananas-a-fette-intere-in-scatola-3-4\/"},"modified":"2026-03-12T16:01:53","modified_gmt":"2026-03-12T15:01:53","slug":"ananas-a-fette-intere-in-scatola-3-4","status":"publish","type":"product","link":"https:\/\/www.csj-emballages.com\/it\/produit\/ananas-a-fette-intere-in-scatola-3-4\/","title":{"rendered":"Ananas a fette intere in scatola 3\/4"},"content":{"rendered":"<h2>Ananas a fette<\/h2>\n<hr>\n<h3>Scopri il nostro ananas a fette intere in scatola 3\/4<\/h3>\n<p><!--more--><\/p>\n<p data-start=\"241\" data-end=\"693\">Pratiche, gustose e sempre pronte all&#8217;uso, questa <strong>scatola<\/strong> <strong>di ananas a<\/strong> <strong data-start=\"299\" data-end=\"353\">fette intere in scatola 3\/4<\/strong> \u00e8 ideale per risparmiare tempo senza compromettere il gusto. Infatti, fin dall&#8217;apertura, trovi <strong>rondelle regolari<\/strong>, ben formate e immerse in un succo leggero che conserva tutta la freschezza del frutto. La loro consistenza rimane piacevole, n\u00e9 troppo soda n\u00e9 troppo morbida, il che le rende facili da utilizzare in numerose preparazioni.  <\/p>\n<p data-start=\"695\" data-end=\"1042\">Grazie al loro formato a <strong>fette intere<\/strong>, si lavorano molto semplicemente. Puoi disporle direttamente su una pizza hawaiana, integrarle in un dessert, caramellarle o servirle cos\u00ec come sono in accompagnamento. Inoltre, il loro sapore dolce e leggermente acidulo apporta un vero tocco esotico, senza essere troppo zuccherato.  <\/p>\n<p data-start=\"1044\" data-end=\"1456\">La <strong data-start=\"1047\" data-end=\"1060\">scatola 3\/4<\/strong> \u00e8 particolarmente adatta all&#8217;uso professionale. Permette di servire pi\u00f9 porzioni limitando gli sprechi. \u00c8 quindi una scelta intelligente per ristoranti, snack bar, catering o cucine collettive che cercano un prodotto affidabile e costante tutto l&#8217;anno. Infatti, il confezionamento in conserva assicura una lunga durata di conservazione, facilitando la gestione delle scorte.   <\/p>\n<p data-start=\"1458\" data-end=\"1719\">In sintesi, queste <strong>fette di ananas<\/strong> sono una soluzione semplice ed efficace per aggiungere frutta alle tue ricette, senza preparazioni laboriose. Offrono un buon equilibrio tra praticit\u00e0, regolarit\u00e0 e piacere gustativo, sia per piatti dolci che salati. <\/p>\n<p><!--more--><\/p>\n<div style=\"font-family: Roboto, sans-serif;\">\n<div style=\"font-family: Roboto, sans-serif;\">\n<div style=\"font-family: Roboto, sans-serif;\">\n<div style=\"font-family: Roboto, sans-serif;\">\n<div style=\"font-family: Roboto, sans-serif;\">\n<div style=\"font-family: Roboto, sans-serif;\">\n<p style=\"text-align: left;\"><strong>Vantaggi:<\/strong><\/p>\n<ul>\n<li data-start=\"1748\" data-end=\"1799\"><strong>Fette intere<\/strong> regolari e pronte all&#8217;uso.<\/li>\n<li data-start=\"1802\" data-end=\"1826\">Gusto dolce ed equilibrato.<\/li>\n<li data-start=\"1829\" data-end=\"1868\">Consistenza piacevole, facile da lavorare.<\/li>\n<li data-start=\"1871\" data-end=\"1909\"><strong>Formato 3\/4<\/strong> adatto ai professionisti.<\/li>\n<li data-start=\"1912\" data-end=\"1945\">Lunga conservazione in scatola.<\/li>\n<\/ul>\n<\/div>\n<div style=\"font-family: Roboto, sans-serif;\"><\/div>\n<\/div>\n<\/div>\n<\/div>\n<\/div>\n<\/div>\n<p><!--more--><\/p>\n<div style=\"font-family: Roboto, sans-serif;\">\n<div style=\"font-family: Roboto, sans-serif;\">\n<div style=\"font-family: Roboto, sans-serif;\">\n<h4>Altre informazioni:<\/h4>\n<ul>\n<li><strong>Confezionamento<\/strong>: Scatola 3\/4<\/li>\n<li><strong>Dimensioni<\/strong>: 85 x 115 (\u00d8 x h in mm)<\/li>\n<li><strong>Capacit\u00e0<\/strong>: 580 ml<\/li>\n<li><strong>Peso netto sgocciolato<\/strong>: 340 g<\/li>\n<li><strong>Tipo<\/strong>: Fetta intera in conserva<\/li>\n<\/ul>\n<\/div>\n<\/div>\n<\/div>\n<p>&nbsp;<\/p>\n<p><!--more--><\/p>\n<p>Trova qui la taglia superiore proposta per questo prodotto: <span style=\"color: #d12727;\"><a style=\"color: #d12727;\" href=\"https:\/\/www.csj-emballages.com\/produit\/12-boites-4-4-de-12-tranches-entieres-dananas-preservees\/\">Scatola 4\/4<\/a><\/span><\/p>\n<p>&nbsp;<\/p>\n<div style=\"font-family: Roboto, sans-serif;\">\n<div style=\"font-family: Roboto, sans-serif;\">\n<div style=\"font-family: Roboto, sans-serif;\">\n<p><!--more--><\/p>\n<p><a href=\"https:\/\/www.csj-emballages.com\/it\/categorie-produit\/alimentari\/conserve\/frutta-sciroppata-2\/ananas\/\">Consulta il resto della nostra gamma di ananas sciroppato<\/a><\/p>\n<\/div>\n<\/div>\n<\/div>\n","protected":false},"excerpt":{"rendered":"<p>Ananas a fette Scopri il nostro ananas a fette intere in scatola 3\/4<\/p>\n","protected":false},"featured_media":271205,"template":"","meta":{"_acf_changed":false},"product_brand":[],"product_cat":[10346,10445,11245,11302,11335],"product_tag":[],"class_list":{"0":"post-271199","1":"product","2":"type-product","3":"status-publish","4":"has-post-thumbnail","6":"product_cat-imballaggi-alimentari","7":"product_cat-alimentari","8":"product_cat-conserve","9":"product_cat-frutta-sciroppata-2","10":"product_cat-ananas","12":"first","13":"instock","14":"taxable","15":"shipping-taxable","16":"purchasable","17":"product-type-simple"},"acf":[],"yoast_head":"<!-- This site is optimized with the Yoast SEO Premium plugin v26.6 (Yoast SEO v26.6) - https:\/\/yoast.com\/wordpress\/plugins\/seo\/ -->\n<title>Ananas a Fette Intere in Scatola 3\/4<\/title>\n<meta name=\"description\" content=\"Ananas a fette intere in scatola 3\/4. Pronte all&#039;uso, regolari e gustose, ideali per dessert, pizze e ricette professionali.\" \/>\n<meta name=\"robots\" content=\"index, follow, max-snippet:-1, max-image-preview:large, max-video-preview:-1\" \/>\n<link rel=\"canonical\" href=\"https:\/\/www.csj-emballages.com\/it\/produit\/ananas-a-fette-intere-in-scatola-3-4\/\" \/>\n<meta property=\"og:locale\" content=\"it_IT\" \/>\n<meta property=\"og:type\" content=\"article\" \/>\n<meta property=\"og:title\" content=\"Ananas a fette intere in scatola 3\/4\" \/>\n<meta property=\"og:description\" content=\"Ananas a fette intere in scatola 3\/4. Pronte all&#039;uso, regolari e gustose, ideali per dessert, pizze e ricette professionali.\" \/>\n<meta property=\"og:url\" content=\"https:\/\/www.csj-emballages.com\/it\/produit\/ananas-a-fette-intere-in-scatola-3-4\/\" \/>\n<meta property=\"og:site_name\" content=\"CSJ Emballages\" \/>\n<meta property=\"article:publisher\" content=\"https:\/\/www.facebook.com\/csjemballages\" \/>\n<meta property=\"article:modified_time\" content=\"2026-03-12T15:01:53+00:00\" \/>\n<meta property=\"og:image\" content=\"https:\/\/www.csj-emballages.com\/wp-content\/uploads\/2025\/04\/100095-2.webp\" \/>\n\t<meta property=\"og:image:width\" content=\"800\" \/>\n\t<meta property=\"og:image:height\" content=\"800\" \/>\n\t<meta property=\"og:image:type\" content=\"image\/webp\" \/>\n<meta name=\"twitter:card\" content=\"summary_large_image\" \/>\n<meta name=\"twitter:label1\" content=\"Dur\u00e9e de lecture estim\u00e9e\" \/>\n\t<meta name=\"twitter:data1\" content=\"1 minuto\" \/>\n<script type=\"application\/ld+json\" class=\"yoast-schema-graph\">{\"@context\":\"https:\/\/schema.org\",\"@graph\":[{\"@type\":\"WebPage\",\"@id\":\"https:\/\/www.csj-emballages.com\/it\/produit\/ananas-a-fette-intere-in-scatola-3-4\/\",\"url\":\"https:\/\/www.csj-emballages.com\/it\/produit\/ananas-a-fette-intere-in-scatola-3-4\/\",\"name\":\"Ananas a Fette Intere in Scatola 3\/4\",\"isPartOf\":{\"@id\":\"https:\/\/www.csj-emballages.com\/it\/#website\"},\"primaryImageOfPage\":{\"@id\":\"https:\/\/www.csj-emballages.com\/it\/produit\/ananas-a-fette-intere-in-scatola-3-4\/#primaryimage\"},\"image\":{\"@id\":\"https:\/\/www.csj-emballages.com\/it\/produit\/ananas-a-fette-intere-in-scatola-3-4\/#primaryimage\"},\"thumbnailUrl\":\"https:\/\/www.csj-emballages.com\/wp-content\/uploads\/2025\/04\/100095-2.webp\",\"datePublished\":\"2025-04-09T07:24:09+00:00\",\"dateModified\":\"2026-03-12T15:01:53+00:00\",\"description\":\"Ananas a fette intere in scatola 3\/4. Pronte all'uso, regolari e gustose, ideali per dessert, pizze e ricette professionali.\",\"breadcrumb\":{\"@id\":\"https:\/\/www.csj-emballages.com\/it\/produit\/ananas-a-fette-intere-in-scatola-3-4\/#breadcrumb\"},\"inLanguage\":\"it-IT\",\"potentialAction\":[{\"@type\":\"ReadAction\",\"target\":[\"https:\/\/www.csj-emballages.com\/it\/produit\/ananas-a-fette-intere-in-scatola-3-4\/\"]}]},{\"@type\":\"ImageObject\",\"inLanguage\":\"it-IT\",\"@id\":\"https:\/\/www.csj-emballages.com\/it\/produit\/ananas-a-fette-intere-in-scatola-3-4\/#primaryimage\",\"url\":\"https:\/\/www.csj-emballages.com\/wp-content\/uploads\/2025\/04\/100095-2.webp\",\"contentUrl\":\"https:\/\/www.csj-emballages.com\/wp-content\/uploads\/2025\/04\/100095-2.webp\",\"width\":800,\"height\":800,\"caption\":\"Ananas en tranches\"},{\"@type\":\"BreadcrumbList\",\"@id\":\"https:\/\/www.csj-emballages.com\/it\/produit\/ananas-a-fette-intere-in-scatola-3-4\/#breadcrumb\",\"itemListElement\":[{\"@type\":\"ListItem\",\"position\":1,\"name\":\"Home\",\"item\":\"https:\/\/www.csj-emballages.com\/it\/universo-imballaggi-alimentari\/\"},{\"@type\":\"ListItem\",\"position\":2,\"name\":\"Negozio\",\"item\":\"https:\/\/www.csj-emballages.com\/it\/negozio\/\"},{\"@type\":\"ListItem\",\"position\":3,\"name\":\"Ananas a fette intere in scatola 3\/4\"}]},{\"@type\":\"WebSite\",\"@id\":\"https:\/\/www.csj-emballages.com\/it\/#website\",\"url\":\"https:\/\/www.csj-emballages.com\/it\/\",\"name\":\"CSJ Emballages\",\"description\":\"\",\"publisher\":{\"@id\":\"https:\/\/www.csj-emballages.com\/it\/#organization\"},\"potentialAction\":[{\"@type\":\"SearchAction\",\"target\":{\"@type\":\"EntryPoint\",\"urlTemplate\":\"https:\/\/www.csj-emballages.com\/it\/?s={search_term_string}\"},\"query-input\":{\"@type\":\"PropertyValueSpecification\",\"valueRequired\":true,\"valueName\":\"search_term_string\"}}],\"inLanguage\":\"it-IT\"},{\"@type\":\"Organization\",\"@id\":\"https:\/\/www.csj-emballages.com\/it\/#Organization\/\",\"name\":\"CSJ Emballages\",\"url\":\"https:\/\/www.csj-emballages.com\/it\/\",\"logo\":{\"@type\":\"ImageObject\",\"inLanguage\":\"it-IT\",\"@id\":\"https:\/\/www.csj-emballages.com\/it\/#\/schema\/logo\/image\/\",\"url\":\"https:\/\/www.csj-emballages.com\/wp-content\/uploads\/2023\/10\/logo_csj.webp\",\"contentUrl\":\"https:\/\/www.csj-emballages.com\/wp-content\/uploads\/2023\/10\/logo_csj.webp\",\"width\":250,\"height\":95,\"caption\":\"CSJ Emballages\"},\"image\":{\"@id\":\"https:\/\/www.csj-emballages.com\/it\/#\/schema\/logo\/image\/\"},\"sameAs\":[\"https:\/\/www.facebook.com\/csjemballages\"],\"address\":{\"@type\":\"PostalAddress\",\"streetAddress\":\"ZI La Lechere\",\"addressLocality\":\"Patornay\",\"postalCode\":\"39130\",\"addressCountry\":\"FR\"},\"contactPoint\":[{\"@type\":\"ContactPoint\",\"contactType\":\"Service client\",\"telephone\":\"0384254272\",\"email\":\"contact@csj-emballages.com\"}]}]}<\/script>\n<!-- \/ Yoast SEO Premium plugin. -->","yoast_head_json":{"title":"Ananas a Fette Intere in Scatola 3\/4","description":"Ananas a fette intere in scatola 3\/4. Pronte all'uso, regolari e gustose, ideali per dessert, pizze e ricette professionali.","robots":{"index":"index","follow":"follow","max-snippet":"max-snippet:-1","max-image-preview":"max-image-preview:large","max-video-preview":"max-video-preview:-1"},"canonical":"https:\/\/www.csj-emballages.com\/it\/produit\/ananas-a-fette-intere-in-scatola-3-4\/","og_locale":"it_IT","og_type":"article","og_title":"Ananas a fette intere in scatola 3\/4","og_description":"Ananas a fette intere in scatola 3\/4. Pronte all'uso, regolari e gustose, ideali per dessert, pizze e ricette professionali.","og_url":"https:\/\/www.csj-emballages.com\/it\/produit\/ananas-a-fette-intere-in-scatola-3-4\/","og_site_name":"CSJ Emballages","article_publisher":"https:\/\/www.facebook.com\/csjemballages","article_modified_time":"2026-03-12T15:01:53+00:00","og_image":[{"width":800,"height":800,"url":"https:\/\/www.csj-emballages.com\/wp-content\/uploads\/2025\/04\/100095-2.webp","type":"image\/webp"}],"twitter_card":"summary_large_image","twitter_misc":{"Dur\u00e9e de lecture estim\u00e9e":"1 minuto"},"schema":{"@context":"https:\/\/schema.org","@graph":[{"@type":"WebPage","@id":"https:\/\/www.csj-emballages.com\/it\/produit\/ananas-a-fette-intere-in-scatola-3-4\/","url":"https:\/\/www.csj-emballages.com\/it\/produit\/ananas-a-fette-intere-in-scatola-3-4\/","name":"Ananas a Fette Intere in Scatola 3\/4","isPartOf":{"@id":"https:\/\/www.csj-emballages.com\/it\/#website"},"primaryImageOfPage":{"@id":"https:\/\/www.csj-emballages.com\/it\/produit\/ananas-a-fette-intere-in-scatola-3-4\/#primaryimage"},"image":{"@id":"https:\/\/www.csj-emballages.com\/it\/produit\/ananas-a-fette-intere-in-scatola-3-4\/#primaryimage"},"thumbnailUrl":"https:\/\/www.csj-emballages.com\/wp-content\/uploads\/2025\/04\/100095-2.webp","datePublished":"2025-04-09T07:24:09+00:00","dateModified":"2026-03-12T15:01:53+00:00","description":"Ananas a fette intere in scatola 3\/4. Pronte all'uso, regolari e gustose, ideali per dessert, pizze e ricette professionali.","breadcrumb":{"@id":"https:\/\/www.csj-emballages.com\/it\/produit\/ananas-a-fette-intere-in-scatola-3-4\/#breadcrumb"},"inLanguage":"it-IT","potentialAction":[{"@type":"ReadAction","target":["https:\/\/www.csj-emballages.com\/it\/produit\/ananas-a-fette-intere-in-scatola-3-4\/"]}]},{"@type":"ImageObject","inLanguage":"it-IT","@id":"https:\/\/www.csj-emballages.com\/it\/produit\/ananas-a-fette-intere-in-scatola-3-4\/#primaryimage","url":"https:\/\/www.csj-emballages.com\/wp-content\/uploads\/2025\/04\/100095-2.webp","contentUrl":"https:\/\/www.csj-emballages.com\/wp-content\/uploads\/2025\/04\/100095-2.webp","width":800,"height":800,"caption":"Ananas en tranches"},{"@type":"BreadcrumbList","@id":"https:\/\/www.csj-emballages.com\/it\/produit\/ananas-a-fette-intere-in-scatola-3-4\/#breadcrumb","itemListElement":[{"@type":"ListItem","position":1,"name":"Home","item":"https:\/\/www.csj-emballages.com\/it\/universo-imballaggi-alimentari\/"},{"@type":"ListItem","position":2,"name":"Negozio","item":"https:\/\/www.csj-emballages.com\/it\/negozio\/"},{"@type":"ListItem","position":3,"name":"Ananas a fette intere in scatola 3\/4"}]},{"@type":"WebSite","@id":"https:\/\/www.csj-emballages.com\/it\/#website","url":"https:\/\/www.csj-emballages.com\/it\/","name":"CSJ Emballages","description":"","publisher":{"@id":"https:\/\/www.csj-emballages.com\/it\/#organization"},"potentialAction":[{"@type":"SearchAction","target":{"@type":"EntryPoint","urlTemplate":"https:\/\/www.csj-emballages.com\/it\/?s={search_term_string}"},"query-input":{"@type":"PropertyValueSpecification","valueRequired":true,"valueName":"search_term_string"}}],"inLanguage":"it-IT"},{"@type":"Organization","@id":"https:\/\/www.csj-emballages.com\/it\/#Organization\/","name":"CSJ Emballages","url":"https:\/\/www.csj-emballages.com\/it\/","logo":{"@type":"ImageObject","inLanguage":"it-IT","@id":"https:\/\/www.csj-emballages.com\/it\/#\/schema\/logo\/image\/","url":"https:\/\/www.csj-emballages.com\/wp-content\/uploads\/2023\/10\/logo_csj.webp","contentUrl":"https:\/\/www.csj-emballages.com\/wp-content\/uploads\/2023\/10\/logo_csj.webp","width":250,"height":95,"caption":"CSJ Emballages"},"image":{"@id":"https:\/\/www.csj-emballages.com\/it\/#\/schema\/logo\/image\/"},"sameAs":["https:\/\/www.facebook.com\/csjemballages"],"address":{"@type":"PostalAddress","streetAddress":"ZI La Lechere","addressLocality":"Patornay","postalCode":"39130","addressCountry":"FR"},"contactPoint":[{"@type":"ContactPoint","contactType":"Service client","telephone":"0384254272","email":"contact@csj-emballages.com"}]}]}},"df_price":2.82,"df_sale_price":"","df_regular_price":2.82,"df_image_link":"https:\/\/www.csj-emballages.com\/wp-content\/uploads\/2025\/04\/100095-2-300x300.webp","tiered_pricing_type":"fixed","tiered_pricing_fixed_rules":[],"tiered_pricing_percentage_rules":[],"tiered_pricing_minimum":1,"tiered_pricing_roles_data":[],"_links":{"self":[{"href":"https:\/\/www.csj-emballages.com\/it\/wp-json\/wp\/v2\/product\/271199","targetHints":{"allow":["GET"]}}],"collection":[{"href":"https:\/\/www.csj-emballages.com\/it\/wp-json\/wp\/v2\/product"}],"about":[{"href":"https:\/\/www.csj-emballages.com\/it\/wp-json\/wp\/v2\/types\/product"}],"wp:featuredmedia":[{"embeddable":true,"href":"https:\/\/www.csj-emballages.com\/it\/wp-json\/wp\/v2\/media\/271205"}],"wp:attachment":[{"href":"https:\/\/www.csj-emballages.com\/it\/wp-json\/wp\/v2\/media?parent=271199"}],"wp:term":[{"taxonomy":"product_brand","embeddable":true,"href":"https:\/\/www.csj-emballages.com\/it\/wp-json\/wp\/v2\/product_brand?post=271199"},{"taxonomy":"product_cat","embeddable":true,"href":"https:\/\/www.csj-emballages.com\/it\/wp-json\/wp\/v2\/product_cat?post=271199"},{"taxonomy":"product_tag","embeddable":true,"href":"https:\/\/www.csj-emballages.com\/it\/wp-json\/wp\/v2\/product_tag?post=271199"}],"curies":[{"name":"wp","href":"https:\/\/api.w.org\/{rel}","templated":true}]}}