{"id":271196,"date":"2024-06-06T14:59:45","date_gmt":"2024-06-06T12:59:45","guid":{"rendered":"https:\/\/www.csj-emballages.com\/produit\/sacchetto-in-carta-bianca-sos-18-x-11-x-35-cm-da-500\/"},"modified":"2026-03-12T16:27:45","modified_gmt":"2026-03-12T15:27:45","slug":"sacchetto-in-carta-bianca-sos-18-x-11-x-35-cm-da-500","status":"publish","type":"product","link":"https:\/\/www.csj-emballages.com\/it\/produit\/sacchetto-in-carta-bianca-sos-18-x-11-x-35-cm-da-500\/","title":{"rendered":"Sacchetto in carta bianca SOS 18 x 11 x 35 cm da 500"},"content":{"rendered":"<h2>Sacchetto in carta bianca<\/h2>\n<hr>\n<h3>Descrizione del nostro sacchetto in carta bianca SOS 18 x 11 x 35 cm da 500<\/h3>\n<p><!--more--><\/p>\n<p data-start=\"257\" data-end=\"607\">Semplice, pulito ed efficace: questo <strong data-start=\"289\" data-end=\"316\">sacchetto in carta bianca SOS<\/strong> va dritto al punto. Con le sue dimensioni <strong data-start=\"361\" data-end=\"380\">18 x 11 x 35 cm<\/strong>, si adatta facilmente a molti usi quotidiani. Che sia per portare via piatti, trasportare prodotti alimentari, articoli da forno o ordini da asporto, fa il suo lavoro senza esagerare.  <\/p>\n<p data-start=\"609\" data-end=\"1007\">Il suo grande punto di forza \u00e8 la <strong data-start=\"635\" data-end=\"663\">forma SOS con fondo piatto<\/strong>. In pratica, significa che il sacchetto resta in piedi da solo, rendendo il riempimento molto pi\u00f9 semplice. Risparmi tempo, lavori in modo pi\u00f9 pulito e i prodotti restano ben fermi. Inoltre, la carta bianca d\u00e0 un\u2019immagine pulita e curata, ideale per i negozi che vogliono una presentazione sobria e professionale.   <\/p>\n<p data-start=\"1009\" data-end=\"1331\">Altro punto a favore: questo <strong>sacchetto in carta bianca<\/strong> resta leggero ma \u00e8 abbastanza resistente per l\u2019uso quotidiano. Regge facilmente il peso dei prodotti pi\u00f9 comuni senza strapparsi al primo spostamento. E dato che \u00e8 venduto <strong data-start=\"1232\" data-end=\"1250\">in lotto da 500<\/strong>, metti al sicuro la scorta nel tempo, senza dover riordinare troppo spesso.  <\/p>\n<p data-start=\"1333\" data-end=\"1577\">Questo <strong>sacchetto bianco<\/strong> \u00e8 perfetto per ristoranti, snack bar, panetterie, catering e negozi al dettaglio. Il design neutro permette anche di aggiungere facilmente un logo, un timbro o un adesivo se vuoi personalizzare i tuoi imballaggi. <\/p>\n<p data-start=\"1579\" data-end=\"1713\">In sintesi, \u00e8 una soluzione pratica, discreta e affidabile, pensata per accompagnare la tua attivit\u00e0 senza complicarti l\u2019organizzazione.<\/p>\n<p data-start=\"1579\" data-end=\"1713\">\n<p><!--more--><\/p>\n<p><strong>Vantaggi:<\/strong><\/p>\n<ul>\n<li data-start=\"1741\" data-end=\"1786\">Fondo piatto stabile per un riempimento facile.<\/li>\n<li data-start=\"1789\" data-end=\"1824\">Formato versatile <strong>18 x 11 x 35 cm<\/strong>.<\/li>\n<li data-start=\"1827\" data-end=\"1865\"><strong>Aspetto bianco<\/strong> pulito e professionale.<\/li>\n<li data-start=\"1868\" data-end=\"1897\">Carta leggera ma resistente.<\/li>\n<li data-start=\"1900\" data-end=\"1928\">Lotto conveniente da <strong>500 sacchetti<\/strong>.<\/li>\n<li data-start=\"1931\" data-end=\"1953\">Facile da personalizzare.<\/li>\n<\/ul>\n<p>&nbsp;<\/p>\n<p><!--more--><\/p>\n<div style=\"box-sizing: inherit; font-family: Roboto, sans-serif;\">\n<div style=\"box-sizing: inherit; font-family: Roboto, sans-serif;\">\n<h4>Altre informazioni:<\/h4>\n<div style=\"box-sizing: inherit; font-family: Roboto, sans-serif;\">\n<div style=\"box-sizing: inherit; font-family: Roboto, sans-serif;\">\n<ul style=\"box-sizing: inherit; font-family: Roboto, sans-serif;\">\n<li><strong>Confezionamento<\/strong><span style=\"box-sizing: inherit;\">: Pacco da 500<\/span><\/li>\n<li style=\"box-sizing: inherit;\"><strong>Dimensioni<\/strong><span style=\"box-sizing: inherit;\">: 18 x 11 x 35 (L x l x H in cm)<\/span><\/li>\n<li style=\"box-sizing: inherit;\"><strong>Materiale<\/strong><span style=\"box-sizing: inherit;\">: Carta kraft<\/span><\/li>\n<li style=\"box-sizing: inherit;\"><strong>Colore<\/strong><span style=\"box-sizing: inherit;\">: Bianco<\/span><\/li>\n<\/ul>\n<\/div>\n<\/div>\n<\/div>\n<\/div>\n<div style=\"box-sizing: inherit; font-family: Roboto, sans-serif;\">\n<div style=\"box-sizing: inherit; font-family: Roboto, sans-serif;\">\n<p>&nbsp;<\/p>\n<\/div>\n<\/div>\n<p><!--more--><\/p>\n<p>Questo prodotto \u00e8 disponibile anche in colore kraft <span style=\"color: #d12727;\"><a style=\"color: #d12727;\" href=\"https:\/\/www.csj-emballages.com\/produit\/500-sacs-sos-krafts-bruns-20-x-15-x-40-cm\/\">KF2040SOS<\/a><\/span><\/p>\n<p>&nbsp;<\/p>\n<p><!--more--><\/p>\n<p><a href=\"\/?product_cat=sacs-cabas-krafts\">Consulta il resto della nostra gamma di sacchetti shopper kraft<\/a><\/p>\n","protected":false},"excerpt":{"rendered":"<p>Sacchetto in carta bianca Descrizione del nostro sacchetto in carta bianca SOS 18 x 11 x 35 cm da 500<\/p>\n","protected":false},"featured_media":271208,"template":"","meta":{"_acf_changed":false},"product_brand":[],"product_cat":[10346,10375,10916,11004,11005,10345,11140,11002,11006],"product_tag":[],"class_list":{"0":"post-271196","1":"product","2":"type-product","3":"status-publish","4":"has-post-thumbnail","6":"product_cat-imballaggi-alimentari","7":"product_cat-ristorazione","8":"product_cat-sacchetti-e-carte","9":"product_cat-sacchetti-plastica-kraft","10":"product_cat-sacchetti-kraft","11":"product_cat-boutique-e-negozio","12":"product_cat-sacchetti-buste","13":"product_cat-sacchetti-a-canottiera-kraft","14":"product_cat-borse-shopper-kraft","16":"first","17":"instock","18":"taxable","19":"shipping-taxable","20":"purchasable","21":"product-type-simple"},"acf":[],"yoast_head":"<!-- This site is optimized with the Yoast SEO Premium plugin v26.6 (Yoast SEO v26.6) - https:\/\/yoast.com\/wordpress\/plugins\/seo\/ -->\n<title>Sacchetto in Carta Bianca SOS 18 x 11 x 35 cm da 500<\/title>\n<meta name=\"description\" content=\"Sacchetto in carta bianca SOS 18x11x35 cm venduto in confezione da 500. Fondo piatto stabile, formato pratico e ideale per l\u2019asporto e i negozi.\" \/>\n<meta name=\"robots\" content=\"index, follow, max-snippet:-1, max-image-preview:large, max-video-preview:-1\" \/>\n<link rel=\"canonical\" href=\"https:\/\/www.csj-emballages.com\/it\/produit\/sacchetto-in-carta-bianca-sos-18-x-11-x-35-cm-da-500\/\" \/>\n<meta property=\"og:locale\" content=\"it_IT\" \/>\n<meta property=\"og:type\" content=\"article\" \/>\n<meta property=\"og:title\" content=\"Sacchetto in carta bianca SOS 18 x 11 x 35 cm da 500\" \/>\n<meta property=\"og:description\" content=\"Sacchetto in carta bianca SOS 18x11x35 cm venduto in confezione da 500. Fondo piatto stabile, formato pratico e ideale per l\u2019asporto e i negozi.\" \/>\n<meta property=\"og:url\" content=\"https:\/\/www.csj-emballages.com\/it\/produit\/sacchetto-in-carta-bianca-sos-18-x-11-x-35-cm-da-500\/\" \/>\n<meta property=\"og:site_name\" content=\"CSJ Emballages\" \/>\n<meta property=\"article:publisher\" content=\"https:\/\/www.facebook.com\/csjemballages\" \/>\n<meta property=\"article:modified_time\" content=\"2026-03-12T15:27:45+00:00\" \/>\n<meta property=\"og:image\" content=\"https:\/\/www.csj-emballages.com\/wp-content\/uploads\/2024\/06\/KF1835SOSBL.webp\" \/>\n\t<meta property=\"og:image:width\" content=\"800\" \/>\n\t<meta property=\"og:image:height\" content=\"800\" \/>\n\t<meta property=\"og:image:type\" content=\"image\/webp\" \/>\n<meta name=\"twitter:card\" content=\"summary_large_image\" \/>\n<meta name=\"twitter:label1\" content=\"Dur\u00e9e de lecture estim\u00e9e\" \/>\n\t<meta name=\"twitter:data1\" content=\"2 minuti\" \/>\n<script type=\"application\/ld+json\" class=\"yoast-schema-graph\">{\"@context\":\"https:\/\/schema.org\",\"@graph\":[{\"@type\":\"WebPage\",\"@id\":\"https:\/\/www.csj-emballages.com\/it\/produit\/sacchetto-in-carta-bianca-sos-18-x-11-x-35-cm-da-500\/\",\"url\":\"https:\/\/www.csj-emballages.com\/it\/produit\/sacchetto-in-carta-bianca-sos-18-x-11-x-35-cm-da-500\/\",\"name\":\"Sacchetto in Carta Bianca SOS 18 x 11 x 35 cm da 500\",\"isPartOf\":{\"@id\":\"https:\/\/www.csj-emballages.com\/it\/#website\"},\"primaryImageOfPage\":{\"@id\":\"https:\/\/www.csj-emballages.com\/it\/produit\/sacchetto-in-carta-bianca-sos-18-x-11-x-35-cm-da-500\/#primaryimage\"},\"image\":{\"@id\":\"https:\/\/www.csj-emballages.com\/it\/produit\/sacchetto-in-carta-bianca-sos-18-x-11-x-35-cm-da-500\/#primaryimage\"},\"thumbnailUrl\":\"https:\/\/www.csj-emballages.com\/wp-content\/uploads\/2024\/06\/KF1835SOSBL.webp\",\"datePublished\":\"2024-06-06T12:59:45+00:00\",\"dateModified\":\"2026-03-12T15:27:45+00:00\",\"description\":\"Sacchetto in carta bianca SOS 18x11x35 cm venduto in confezione da 500. Fondo piatto stabile, formato pratico e ideale per l\u2019asporto e i negozi.\",\"breadcrumb\":{\"@id\":\"https:\/\/www.csj-emballages.com\/it\/produit\/sacchetto-in-carta-bianca-sos-18-x-11-x-35-cm-da-500\/#breadcrumb\"},\"inLanguage\":\"it-IT\",\"potentialAction\":[{\"@type\":\"ReadAction\",\"target\":[\"https:\/\/www.csj-emballages.com\/it\/produit\/sacchetto-in-carta-bianca-sos-18-x-11-x-35-cm-da-500\/\"]}]},{\"@type\":\"ImageObject\",\"inLanguage\":\"it-IT\",\"@id\":\"https:\/\/www.csj-emballages.com\/it\/produit\/sacchetto-in-carta-bianca-sos-18-x-11-x-35-cm-da-500\/#primaryimage\",\"url\":\"https:\/\/www.csj-emballages.com\/wp-content\/uploads\/2024\/06\/KF1835SOSBL.webp\",\"contentUrl\":\"https:\/\/www.csj-emballages.com\/wp-content\/uploads\/2024\/06\/KF1835SOSBL.webp\",\"width\":800,\"height\":800,\"caption\":\"Sac en papier blanc\"},{\"@type\":\"BreadcrumbList\",\"@id\":\"https:\/\/www.csj-emballages.com\/it\/produit\/sacchetto-in-carta-bianca-sos-18-x-11-x-35-cm-da-500\/#breadcrumb\",\"itemListElement\":[{\"@type\":\"ListItem\",\"position\":1,\"name\":\"Home\",\"item\":\"https:\/\/www.csj-emballages.com\/it\/universo-imballaggi-alimentari\/\"},{\"@type\":\"ListItem\",\"position\":2,\"name\":\"Negozio\",\"item\":\"https:\/\/www.csj-emballages.com\/it\/negozio\/\"},{\"@type\":\"ListItem\",\"position\":3,\"name\":\"Sacchetto in carta bianca SOS 18 x 11 x 35 cm da 500\"}]},{\"@type\":\"WebSite\",\"@id\":\"https:\/\/www.csj-emballages.com\/it\/#website\",\"url\":\"https:\/\/www.csj-emballages.com\/it\/\",\"name\":\"CSJ Emballages\",\"description\":\"\",\"publisher\":{\"@id\":\"https:\/\/www.csj-emballages.com\/it\/#organization\"},\"potentialAction\":[{\"@type\":\"SearchAction\",\"target\":{\"@type\":\"EntryPoint\",\"urlTemplate\":\"https:\/\/www.csj-emballages.com\/it\/?s={search_term_string}\"},\"query-input\":{\"@type\":\"PropertyValueSpecification\",\"valueRequired\":true,\"valueName\":\"search_term_string\"}}],\"inLanguage\":\"it-IT\"},{\"@type\":\"Organization\",\"@id\":\"https:\/\/www.csj-emballages.com\/it\/#Organization\/\",\"name\":\"CSJ Emballages\",\"url\":\"https:\/\/www.csj-emballages.com\/it\/\",\"logo\":{\"@type\":\"ImageObject\",\"inLanguage\":\"it-IT\",\"@id\":\"https:\/\/www.csj-emballages.com\/it\/#\/schema\/logo\/image\/\",\"url\":\"https:\/\/www.csj-emballages.com\/wp-content\/uploads\/2023\/10\/logo_csj.webp\",\"contentUrl\":\"https:\/\/www.csj-emballages.com\/wp-content\/uploads\/2023\/10\/logo_csj.webp\",\"width\":250,\"height\":95,\"caption\":\"CSJ Emballages\"},\"image\":{\"@id\":\"https:\/\/www.csj-emballages.com\/it\/#\/schema\/logo\/image\/\"},\"sameAs\":[\"https:\/\/www.facebook.com\/csjemballages\"],\"address\":{\"@type\":\"PostalAddress\",\"streetAddress\":\"ZI La Lechere\",\"addressLocality\":\"Patornay\",\"postalCode\":\"39130\",\"addressCountry\":\"FR\"},\"contactPoint\":[{\"@type\":\"ContactPoint\",\"contactType\":\"Service client\",\"telephone\":\"0384254272\",\"email\":\"contact@csj-emballages.com\"}]}]}<\/script>\n<!-- \/ Yoast SEO Premium plugin. -->","yoast_head_json":{"title":"Sacchetto in Carta Bianca SOS 18 x 11 x 35 cm da 500","description":"Sacchetto in carta bianca SOS 18x11x35 cm venduto in confezione da 500. Fondo piatto stabile, formato pratico e ideale per l\u2019asporto e i negozi.","robots":{"index":"index","follow":"follow","max-snippet":"max-snippet:-1","max-image-preview":"max-image-preview:large","max-video-preview":"max-video-preview:-1"},"canonical":"https:\/\/www.csj-emballages.com\/it\/produit\/sacchetto-in-carta-bianca-sos-18-x-11-x-35-cm-da-500\/","og_locale":"it_IT","og_type":"article","og_title":"Sacchetto in carta bianca SOS 18 x 11 x 35 cm da 500","og_description":"Sacchetto in carta bianca SOS 18x11x35 cm venduto in confezione da 500. Fondo piatto stabile, formato pratico e ideale per l\u2019asporto e i negozi.","og_url":"https:\/\/www.csj-emballages.com\/it\/produit\/sacchetto-in-carta-bianca-sos-18-x-11-x-35-cm-da-500\/","og_site_name":"CSJ Emballages","article_publisher":"https:\/\/www.facebook.com\/csjemballages","article_modified_time":"2026-03-12T15:27:45+00:00","og_image":[{"width":800,"height":800,"url":"https:\/\/www.csj-emballages.com\/wp-content\/uploads\/2024\/06\/KF1835SOSBL.webp","type":"image\/webp"}],"twitter_card":"summary_large_image","twitter_misc":{"Dur\u00e9e de lecture estim\u00e9e":"2 minuti"},"schema":{"@context":"https:\/\/schema.org","@graph":[{"@type":"WebPage","@id":"https:\/\/www.csj-emballages.com\/it\/produit\/sacchetto-in-carta-bianca-sos-18-x-11-x-35-cm-da-500\/","url":"https:\/\/www.csj-emballages.com\/it\/produit\/sacchetto-in-carta-bianca-sos-18-x-11-x-35-cm-da-500\/","name":"Sacchetto in Carta Bianca SOS 18 x 11 x 35 cm da 500","isPartOf":{"@id":"https:\/\/www.csj-emballages.com\/it\/#website"},"primaryImageOfPage":{"@id":"https:\/\/www.csj-emballages.com\/it\/produit\/sacchetto-in-carta-bianca-sos-18-x-11-x-35-cm-da-500\/#primaryimage"},"image":{"@id":"https:\/\/www.csj-emballages.com\/it\/produit\/sacchetto-in-carta-bianca-sos-18-x-11-x-35-cm-da-500\/#primaryimage"},"thumbnailUrl":"https:\/\/www.csj-emballages.com\/wp-content\/uploads\/2024\/06\/KF1835SOSBL.webp","datePublished":"2024-06-06T12:59:45+00:00","dateModified":"2026-03-12T15:27:45+00:00","description":"Sacchetto in carta bianca SOS 18x11x35 cm venduto in confezione da 500. Fondo piatto stabile, formato pratico e ideale per l\u2019asporto e i negozi.","breadcrumb":{"@id":"https:\/\/www.csj-emballages.com\/it\/produit\/sacchetto-in-carta-bianca-sos-18-x-11-x-35-cm-da-500\/#breadcrumb"},"inLanguage":"it-IT","potentialAction":[{"@type":"ReadAction","target":["https:\/\/www.csj-emballages.com\/it\/produit\/sacchetto-in-carta-bianca-sos-18-x-11-x-35-cm-da-500\/"]}]},{"@type":"ImageObject","inLanguage":"it-IT","@id":"https:\/\/www.csj-emballages.com\/it\/produit\/sacchetto-in-carta-bianca-sos-18-x-11-x-35-cm-da-500\/#primaryimage","url":"https:\/\/www.csj-emballages.com\/wp-content\/uploads\/2024\/06\/KF1835SOSBL.webp","contentUrl":"https:\/\/www.csj-emballages.com\/wp-content\/uploads\/2024\/06\/KF1835SOSBL.webp","width":800,"height":800,"caption":"Sac en papier blanc"},{"@type":"BreadcrumbList","@id":"https:\/\/www.csj-emballages.com\/it\/produit\/sacchetto-in-carta-bianca-sos-18-x-11-x-35-cm-da-500\/#breadcrumb","itemListElement":[{"@type":"ListItem","position":1,"name":"Home","item":"https:\/\/www.csj-emballages.com\/it\/universo-imballaggi-alimentari\/"},{"@type":"ListItem","position":2,"name":"Negozio","item":"https:\/\/www.csj-emballages.com\/it\/negozio\/"},{"@type":"ListItem","position":3,"name":"Sacchetto in carta bianca SOS 18 x 11 x 35 cm da 500"}]},{"@type":"WebSite","@id":"https:\/\/www.csj-emballages.com\/it\/#website","url":"https:\/\/www.csj-emballages.com\/it\/","name":"CSJ Emballages","description":"","publisher":{"@id":"https:\/\/www.csj-emballages.com\/it\/#organization"},"potentialAction":[{"@type":"SearchAction","target":{"@type":"EntryPoint","urlTemplate":"https:\/\/www.csj-emballages.com\/it\/?s={search_term_string}"},"query-input":{"@type":"PropertyValueSpecification","valueRequired":true,"valueName":"search_term_string"}}],"inLanguage":"it-IT"},{"@type":"Organization","@id":"https:\/\/www.csj-emballages.com\/it\/#Organization\/","name":"CSJ Emballages","url":"https:\/\/www.csj-emballages.com\/it\/","logo":{"@type":"ImageObject","inLanguage":"it-IT","@id":"https:\/\/www.csj-emballages.com\/it\/#\/schema\/logo\/image\/","url":"https:\/\/www.csj-emballages.com\/wp-content\/uploads\/2023\/10\/logo_csj.webp","contentUrl":"https:\/\/www.csj-emballages.com\/wp-content\/uploads\/2023\/10\/logo_csj.webp","width":250,"height":95,"caption":"CSJ Emballages"},"image":{"@id":"https:\/\/www.csj-emballages.com\/it\/#\/schema\/logo\/image\/"},"sameAs":["https:\/\/www.facebook.com\/csjemballages"],"address":{"@type":"PostalAddress","streetAddress":"ZI La Lechere","addressLocality":"Patornay","postalCode":"39130","addressCountry":"FR"},"contactPoint":[{"@type":"ContactPoint","contactType":"Service client","telephone":"0384254272","email":"contact@csj-emballages.com"}]}]}},"df_price":40.39,"df_sale_price":"","df_regular_price":40.39,"df_image_link":"https:\/\/www.csj-emballages.com\/wp-content\/uploads\/2024\/06\/KF1835SOSBL-300x300.webp","tiered_pricing_type":"fixed","tiered_pricing_fixed_rules":[],"tiered_pricing_percentage_rules":[],"tiered_pricing_minimum":1,"tiered_pricing_roles_data":[],"_links":{"self":[{"href":"https:\/\/www.csj-emballages.com\/it\/wp-json\/wp\/v2\/product\/271196","targetHints":{"allow":["GET"]}}],"collection":[{"href":"https:\/\/www.csj-emballages.com\/it\/wp-json\/wp\/v2\/product"}],"about":[{"href":"https:\/\/www.csj-emballages.com\/it\/wp-json\/wp\/v2\/types\/product"}],"wp:featuredmedia":[{"embeddable":true,"href":"https:\/\/www.csj-emballages.com\/it\/wp-json\/wp\/v2\/media\/271208"}],"wp:attachment":[{"href":"https:\/\/www.csj-emballages.com\/it\/wp-json\/wp\/v2\/media?parent=271196"}],"wp:term":[{"taxonomy":"product_brand","embeddable":true,"href":"https:\/\/www.csj-emballages.com\/it\/wp-json\/wp\/v2\/product_brand?post=271196"},{"taxonomy":"product_cat","embeddable":true,"href":"https:\/\/www.csj-emballages.com\/it\/wp-json\/wp\/v2\/product_cat?post=271196"},{"taxonomy":"product_tag","embeddable":true,"href":"https:\/\/www.csj-emballages.com\/it\/wp-json\/wp\/v2\/product_tag?post=271196"}],"curies":[{"name":"wp","href":"https:\/\/api.w.org\/{rel}","templated":true}]}}