{"id":271165,"date":"2024-03-01T16:47:24","date_gmt":"2024-03-01T15:47:24","guid":{"rendered":"https:\/\/www.csj-emballages.com\/produit\/bicchierini-in-plastica-quadrati-68-mm-confezione-da-50\/"},"modified":"2026-04-21T02:18:25","modified_gmt":"2026-04-21T00:18:25","slug":"bicchierini-in-plastica-quadrati-68-mm-confezione-da-50","status":"publish","type":"product","link":"https:\/\/www.csj-emballages.com\/it\/produit\/bicchierini-in-plastica-quadrati-68-mm-confezione-da-50\/","title":{"rendered":"Bicchierini in plastica quadrati 68 mm, confezione da 50"},"content":{"rendered":"<div style=\"box-sizing: inherit; font-family: Roboto, sans-serif;\">\n<div style=\"box-sizing: inherit; font-family: Roboto, sans-serif;\">\n<div style=\"box-sizing: inherit; font-family: Roboto, sans-serif;\">\n<div style=\"box-sizing: inherit; font-family: Roboto, sans-serif;\">\n<div style=\"box-sizing: inherit; font-family: Roboto, sans-serif;\">\n<div style=\"box-sizing: inherit; font-family: Roboto, sans-serif;\">\n<div style=\"box-sizing: inherit; font-family: Roboto, sans-serif;\">\n<div style=\"box-sizing: inherit; font-family: Roboto, sans-serif;\">\n<div style=\"box-sizing: inherit; font-family: Roboto, sans-serif;\">\n<div style=\"box-sizing: inherit; font-family: Roboto, sans-serif;\">\n<div style=\"box-sizing: inherit; font-family: Roboto, sans-serif;\">\n<div style=\"box-sizing: inherit; font-family: Roboto, sans-serif;\">\n<div style=\"box-sizing: inherit; font-family: Roboto, sans-serif;\">\n<div class=\"flex flex-grow flex-col max-w-full\">\n<div class=\"min-h-[20px] text-message flex flex-col items-start whitespace-pre-wrap break-words [.text-message+&amp;]:mt-5 juice:w-full juice:items-end overflow-x-auto gap-2\" dir=\"auto\" data-message-author-role=\"assistant\" data-message-id=\"2034782e-88f9-44ef-b4dc-07dd7bf0115f\">\n<div class=\"flex w-full flex-col gap-1 juice:empty:hidden juice:first:pt-[3px]\">\n<div class=\"markdown prose w-full break-words dark:prose-invert light\">\n<div style=\"box-sizing: inherit; font-family: Roboto, sans-serif;\">\n<div style=\"box-sizing: inherit; font-family: Roboto, sans-serif;\">\n<div style=\"box-sizing: inherit; font-family: Roboto, sans-serif;\">\n<div style=\"box-sizing: inherit; font-family: Roboto, sans-serif;\">\n<div style=\"box-sizing: inherit; font-family: Roboto, sans-serif;\">\n<div style=\"box-sizing: inherit; font-family: Roboto, sans-serif;\">\n<h2>Bicchierini in plastica<\/h2>\n<div style=\"box-sizing: inherit; font-family: Roboto, sans-serif;\">\n<div style=\"box-sizing: inherit; font-family: Roboto, sans-serif;\">\n<div style=\"box-sizing: inherit; font-family: Roboto, sans-serif;\">\n<div style=\"text-align: center;\">\n<div style=\"box-sizing: inherit; font-family: Roboto, sans-serif;\">\n<div style=\"box-sizing: inherit; font-family: Roboto, sans-serif;\">\n<div style=\"box-sizing: inherit; font-family: Roboto, sans-serif;\">\n<div style=\"box-sizing: inherit; font-family: Roboto, sans-serif;\">\n<div style=\"box-sizing: inherit; font-family: Roboto, sans-serif;\">\n<div style=\"box-sizing: inherit; font-family: Roboto, sans-serif; text-align: left;\">\n<hr>\n<h3 style=\"text-align: left;\">Descrizione dei nostri bicchierini in plastica Quadrati<!--more--><\/h3>\n<\/div>\n<\/div>\n<\/div>\n<\/div>\n<\/div>\n<\/div>\n<\/div>\n<\/div>\n<\/div>\n<\/div>\n<\/div>\n<\/div>\n<\/div>\n<\/div>\n<\/div>\n<\/div>\n<\/div>\n<\/div>\n<\/div>\n<\/div>\n<div class=\"flex flex-grow flex-col max-w-full\">\n<div class=\"min-h-[20px] text-message flex flex-col items-start whitespace-pre-wrap break-words [.text-message+&amp;]:mt-5 juice:w-full juice:items-end overflow-x-auto gap-2\" dir=\"auto\" data-message-author-role=\"assistant\" data-message-id=\"2034782e-88f9-44ef-b4dc-07dd7bf0115f\">\n<div class=\"flex w-full flex-col gap-1 juice:empty:hidden juice:first:pt-[3px]\">\n<div class=\"markdown prose w-full break-words dark:prose-invert light\">\n<div style=\"box-sizing: inherit; font-family: Roboto, sans-serif;\">\n<div style=\"box-sizing: inherit; font-family: Roboto, sans-serif;\">\n<div style=\"box-sizing: inherit; font-family: Roboto, sans-serif;\">\n<div style=\"box-sizing: inherit; font-family: Roboto, sans-serif;\">\n<div style=\"box-sizing: inherit; font-family: Roboto, sans-serif;\">\n<div style=\"box-sizing: inherit; font-family: Roboto, sans-serif;\">\n<p>I <strong>bicchierini in plastica Quadrati da 68 mm<\/strong> in <strong>confezione da 50<\/strong> sono l&#8217;elemento essenziale per ogni vostro ricevimento di successo. Combinando eleganza e praticit\u00e0, questi <strong>bicchierini da aperitivo<\/strong> sono progettati per esaltare le vostre presentazioni gastronomiche e facilitarne l&#8217;uso. Con una dimensione ideale di <strong>68 mm<\/strong>, sono perfettamente adatti per contenere porzioni individuali dei vostri piatti preferiti, siano essi dolci o salati.  <\/p>\n<p>Il loro design <strong>Quadrato<\/strong> aggiunge un tocco di originalit\u00e0 e modernit\u00e0 ai vostri buffet. Innanzitutto<em>, <\/em>grazie alla loro finitura a cristallo, questi <strong>bicchierini per catering<\/strong> riflettono la luce e valorizzano la presentazione dei piatti, mettendo in risalto ogni strato delle vostre creazioni culinarie. Che si tratti di un evento professionale, un cocktail party o un ricevimento in famiglia, questi <strong>bicchierini<\/strong> sono la scelta perfetta per impressionare i vostri ospiti garantendo un&#8217;esperienza pratica e raffinata.  <\/p>\n<p><span style=\"color: #ff0000;\"><strong>Attenzione, 2 bordi su 4 del bicchierino sono arrotondati*<\/strong><\/span><\/p>\n<p><strong><span style=\"color: #ff0000;\">Foto non contrattuale*<\/span><\/strong><\/p>\n<\/div>\n<\/div>\n<\/div>\n<\/div>\n<\/div>\n<\/div>\n<\/div>\n<\/div>\n<\/div>\n<\/div>\n<\/div>\n<\/div>\n<\/div>\n<\/div>\n<\/div>\n<\/div>\n<\/div>\n<\/div>\n<\/div>\n<\/div>\n<\/div>\n<\/div>\n<\/div>\n<p><!--more--><\/p>\n<h4>Perch\u00e9 usare i nostri <strong>bicchierini in plastica<\/strong>?<\/h4>\n<p>Uno dei principali vantaggi di questi bicchierini da aperitivo \u00e8 il loro materiale in PS. Non solo sono riutilizzabili, ma sono anche leggeri e resistenti, offrendo una soluzione duratura e rispettosa dell&#8217;ambiente. A differenza di quelli in vetro, questi non presentano alcun rischio di rottura, il che li rende perfetti per l&#8217;uso all&#8217;aperto.  <\/p>\n<div style=\"box-sizing: inherit; font-family: Roboto, sans-serif;\">\n<div style=\"box-sizing: inherit; font-family: Roboto, sans-serif;\">\n<div style=\"box-sizing: inherit; font-family: Roboto, sans-serif;\">\n<div style=\"box-sizing: inherit; font-family: Roboto, sans-serif;\">\n<div style=\"box-sizing: inherit; font-family: Roboto, sans-serif;\">\n<div style=\"box-sizing: inherit; font-family: Roboto, sans-serif;\">\n<div style=\"box-sizing: inherit; font-family: Roboto, sans-serif;\">\n<div style=\"box-sizing: inherit; font-family: Roboto, sans-serif;\">\n<div style=\"box-sizing: inherit; font-family: Roboto, sans-serif;\">\n<div style=\"box-sizing: inherit; font-family: Roboto, sans-serif;\">\n<div style=\"box-sizing: inherit; font-family: Roboto, sans-serif;\">\n<div style=\"box-sizing: inherit; font-family: Roboto, sans-serif;\">\n<div style=\"box-sizing: inherit; font-family: Roboto, sans-serif;\">\n<div class=\"flex flex-grow flex-col max-w-full\">\n<div class=\"min-h-[20px] text-message flex flex-col items-start whitespace-pre-wrap break-words [.text-message+&amp;]:mt-5 juice:w-full juice:items-end overflow-x-auto gap-2\" dir=\"auto\" data-message-author-role=\"assistant\" data-message-id=\"2034782e-88f9-44ef-b4dc-07dd7bf0115f\">\n<div class=\"flex w-full flex-col gap-1 juice:empty:hidden juice:first:pt-[3px]\">\n<div class=\"markdown prose w-full break-words dark:prose-invert light\">\n<div style=\"box-sizing: inherit; font-family: Roboto, sans-serif;\">\n<div style=\"box-sizing: inherit; font-family: Roboto, sans-serif;\">\n<div style=\"box-sizing: inherit; font-family: Roboto, sans-serif;\">\n<div style=\"box-sizing: inherit; font-family: Roboto, sans-serif;\">\n<div style=\"box-sizing: inherit; font-family: Roboto, sans-serif;\">\n<div style=\"box-sizing: inherit; font-family: Roboto, sans-serif;\">I <strong>bicchierini Quadrati in plastica<\/strong> da <strong>68 mm<\/strong> sono anche impilabili, permettendovi di risparmiare spazio di archiviazione. Una volta terminati i vostri eventi, si puliscono facilmente, liberandovi dalla fatica di un lavaggio lungo e noioso. Potrete cos\u00ec riutilizzarli pi\u00f9 volte per diversi tipi di eventi. La loro dimensione di <strong>68 mm<\/strong> \u00e8 perfettamente calibrata per porzioni di stuzzichini, tapas, <strong>bicchierini da dessert<\/strong> o anche mini-insalate, offrendo una grande variet\u00e0 di utilizzi.   <\/div>\n<\/div>\n<div style=\"box-sizing: inherit; font-family: Roboto, sans-serif;\">\n<div style=\"box-sizing: inherit; font-family: Roboto, sans-serif;\">\n<p>&nbsp;<\/p>\n<\/div>\n<\/div>\n<\/div>\n<\/div>\n<\/div>\n<\/div>\n<\/div>\n<\/div>\n<\/div>\n<\/div>\n<\/div>\n<\/div>\n<\/div>\n<\/div>\n<\/div>\n<\/div>\n<\/div>\n<\/div>\n<\/div>\n<\/div>\n<\/div>\n<\/div>\n<\/div>\n<p><!--more--><\/p>\n<div style=\"box-sizing: inherit; font-family: Roboto, sans-serif;\">\n<div style=\"box-sizing: inherit; font-family: Roboto, sans-serif;\">\n<div style=\"box-sizing: inherit; font-family: Roboto, sans-serif;\">\n<div style=\"box-sizing: inherit; font-family: Roboto, sans-serif;\">\n<div style=\"box-sizing: inherit; font-family: Roboto, sans-serif;\">\n<div style=\"box-sizing: inherit; font-family: Roboto, sans-serif;\">\n<div style=\"box-sizing: inherit; font-family: Roboto, sans-serif;\">\n<div style=\"box-sizing: inherit; font-family: Roboto, sans-serif;\">\n<div style=\"box-sizing: inherit; font-family: Roboto, sans-serif;\">\n<div style=\"box-sizing: inherit; font-family: Roboto, sans-serif;\">\n<div style=\"box-sizing: inherit; font-family: Roboto, sans-serif;\">\n<div style=\"box-sizing: inherit; font-family: Roboto, sans-serif;\">\n<div style=\"box-sizing: inherit; font-family: Roboto, sans-serif;\">\n<div class=\"flex flex-grow flex-col max-w-full\">\n<div class=\"min-h-[20px] text-message flex flex-col items-start whitespace-pre-wrap break-words [.text-message+&amp;]:mt-5 juice:w-full juice:items-end overflow-x-auto gap-2\" dir=\"auto\" data-message-author-role=\"assistant\" data-message-id=\"2034782e-88f9-44ef-b4dc-07dd7bf0115f\">\n<div class=\"flex w-full flex-col gap-1 juice:empty:hidden juice:first:pt-[3px]\">\n<div class=\"markdown prose w-full break-words dark:prose-invert light\">\n<div style=\"box-sizing: inherit; font-family: Roboto, sans-serif;\">\n<div style=\"box-sizing: inherit; font-family: Roboto, sans-serif;\">\n<div style=\"box-sizing: inherit; font-family: Roboto, sans-serif;\">\n<div style=\"box-sizing: inherit; font-family: Roboto, sans-serif;\">\n<div style=\"box-sizing: inherit; font-family: Roboto, sans-serif;\">\n<div style=\"box-sizing: inherit; font-family: Roboto, sans-serif;\">\n<p>Allo stesso modo, il loro formato compatto e pratico \u00e8 adatto sia ai professionisti della ristorazione che ai privati. I catering, in particolare, apprezzeranno la versatilit\u00e0 di questi <strong>bicchierini per catering<\/strong> che permettono di realizzare presentazioni estetiche, facilitando al contempo il servizio e il trasporto dei piatti. <\/p>\n<p>In sintesi, se cercate contenitori originali e pratici per i vostri aperitivi, buffet o dessert, optate per questi <strong>bicchierini da aperitivo Quadrati<\/strong><strong> in plastica da 68 mm<\/strong>. Combinano design, durabilit\u00e0 e funzionalit\u00e0, offrendovi la possibilit\u00e0 di riutilizzare i vostri contenitori per diverse occasioni. <\/p>\n<p>&nbsp;<\/p>\n<p><!--more--><\/p>\n<h4 style=\"text-align: left;\"><strong>I vantaggi dei bicchierini in plastica Quadrati 68 mm:<\/strong><\/h4>\n<ul style=\"text-align: left;\">\n<li><strong>Design elegante e originale<\/strong>: La loro forma<b> Quadrata<\/b> aggiunge un tocco moderno e raffinato alle vostre presentazioni culinarie. Apportano una dimensione visiva elegante che cattura l&#8217;attenzione dei vostri ospiti e valorizza le vostre creazioni. <\/li>\n<li><strong>Versatilit\u00e0<\/strong>: Sono adatti a una grande variet\u00e0 di preparazioni, siano esse dolci o salate.<\/li>\n<li><strong>Praticit\u00e0<\/strong>: Leggeri e facili da maneggiare, questi <strong>bicchierini per catering<\/strong> sono progettati per essere pratici da usare.<\/li>\n<li><strong>Qualit\u00e0 e durabilit\u00e0<\/strong>: Realizzati in PS, combinano robustezza, eleganza e sono riutilizzabili.<\/li>\n<\/ul>\n<\/div>\n<\/div>\n<\/div>\n<\/div>\n<\/div>\n<\/div>\n<\/div>\n<\/div>\n<\/div>\n<\/div>\n<\/div>\n<\/div>\n<p>&nbsp;<\/p>\n<\/div>\n<\/div>\n<\/div>\n<\/div>\n<\/div>\n<\/div>\n<\/div>\n<\/div>\n<\/div>\n<\/div>\n<\/div>\n<p><!--more--><\/p>\n<h4>Altre informazioni su questo prodotto:<\/h4>\n<ul style=\"box-sizing: inherit; font-family: Roboto, sans-serif;\">\n<li><strong>Confezionamento<\/strong>: Pacchetto da 50<\/li>\n<li><strong>Economici: <\/strong>Questi <strong>bicchierini<\/strong> sono riutilizzabili<\/li>\n<li><span style=\"font-weight: bold;\">Dimensioni<\/span>: 68 x 68 x 15 (L x l x H in mm)<\/li>\n<\/ul>\n<p>&nbsp;<\/p>\n<p style=\"text-align: left;\"><!--more--><\/p>\n<p><a href=\"https:\/\/www.csj-emballages.com\/it\/categorie-produit\/imballaggi-alimentari\/macelleria-gastronomia-ortofrutta\/coppe-vasetti-verrine\/verrine\/verrine\/\">Consultate il resto della nostra gamma di bicchierini<\/a><\/p>\n<p>&nbsp;<\/p>\n","protected":false},"excerpt":{"rendered":"<p>Bicchierini in plastica Descrizione dei nostri bicchierini in plastica Quadrati<\/p>\n","protected":false},"featured_media":271168,"template":"","meta":{"_acf_changed":false},"product_brand":[],"product_cat":[10381,10436,10807,11193],"product_tag":[],"class_list":{"0":"post-271165","1":"product","2":"type-product","3":"status-publish","4":"has-post-thumbnail","6":"product_cat-macelleria-gastronomia-ortofrutta","7":"product_cat-coppe-vasetti-verrine","8":"product_cat-verrine","11":"first","12":"instock","13":"taxable","14":"shipping-taxable","15":"purchasable","16":"product-type-simple"},"acf":[],"yoast_head":"<!-- This site is optimized with the Yoast SEO Premium plugin v26.6 (Yoast SEO v26.6) - https:\/\/yoast.com\/wordpress\/plugins\/seo\/ -->\n<title>Bicchierini in plastica &quot;Quadrati&quot; 68 mm<\/title>\n<meta name=\"description\" content=\"Scoprite i bicchierini in plastica Quadrati da 68 mm, eleganti e pratici per i vostri buffet. Venduti in confezione da 50, questi bicchierini sono riutilizzabili.\" \/>\n<meta name=\"robots\" content=\"index, follow, max-snippet:-1, max-image-preview:large, max-video-preview:-1\" \/>\n<link rel=\"canonical\" href=\"https:\/\/www.csj-emballages.com\/it\/produit\/bicchierini-in-plastica-quadrati-68-mm-confezione-da-50\/\" \/>\n<meta property=\"og:locale\" content=\"it_IT\" \/>\n<meta property=\"og:type\" content=\"article\" \/>\n<meta property=\"og:title\" content=\"Bicchierini in plastica &quot;Quadrati&quot; 68 mm\" \/>\n<meta property=\"og:description\" content=\"Scoprite i bicchierini in plastica Quadrati da 68 mm, eleganti e pratici per i vostri buffet. Venduti in confezione da 50, questi bicchierini sono riutilizzabili.\" \/>\n<meta property=\"og:url\" content=\"https:\/\/www.csj-emballages.com\/it\/produit\/bicchierini-in-plastica-quadrati-68-mm-confezione-da-50\/\" \/>\n<meta property=\"og:site_name\" content=\"CSJ Emballages\" \/>\n<meta property=\"article:publisher\" content=\"https:\/\/www.facebook.com\/csjemballages\" \/>\n<meta property=\"article:modified_time\" content=\"2026-04-21T00:18:25+00:00\" \/>\n<meta property=\"og:image\" content=\"https:\/\/www.csj-emballages.com\/wp-content\/uploads\/2024\/03\/MBK.webp\" \/>\n\t<meta property=\"og:image:width\" content=\"800\" \/>\n\t<meta property=\"og:image:height\" content=\"800\" \/>\n\t<meta property=\"og:image:type\" content=\"image\/webp\" \/>\n<meta name=\"twitter:card\" content=\"summary_large_image\" \/>\n<meta name=\"twitter:title\" content=\"Bicchierini in plastica &quot;Quadrati&quot; 68 mm\" \/>\n<meta name=\"twitter:description\" content=\"Scoprite i bicchierini in plastica Quadrati da 68 mm, eleganti e pratici per i vostri buffet. Venduti in confezione da 50, questi bicchierini sono riutilizzabili.\" \/>\n<meta name=\"twitter:label1\" content=\"Dur\u00e9e de lecture estim\u00e9e\" \/>\n\t<meta name=\"twitter:data1\" content=\"2 minuti\" \/>\n<script type=\"application\/ld+json\" class=\"yoast-schema-graph\">{\"@context\":\"https:\/\/schema.org\",\"@graph\":[{\"@type\":\"WebPage\",\"@id\":\"https:\/\/www.csj-emballages.com\/it\/produit\/bicchierini-in-plastica-quadrati-68-mm-confezione-da-50\/\",\"url\":\"https:\/\/www.csj-emballages.com\/it\/produit\/bicchierini-in-plastica-quadrati-68-mm-confezione-da-50\/\",\"name\":\"Bicchierini in plastica \\\"Quadrati\\\" 68 mm\",\"isPartOf\":{\"@id\":\"https:\/\/www.csj-emballages.com\/it\/#website\"},\"primaryImageOfPage\":{\"@id\":\"https:\/\/www.csj-emballages.com\/it\/produit\/bicchierini-in-plastica-quadrati-68-mm-confezione-da-50\/#primaryimage\"},\"image\":{\"@id\":\"https:\/\/www.csj-emballages.com\/it\/produit\/bicchierini-in-plastica-quadrati-68-mm-confezione-da-50\/#primaryimage\"},\"thumbnailUrl\":\"https:\/\/www.csj-emballages.com\/wp-content\/uploads\/2024\/03\/MBK.webp\",\"datePublished\":\"2024-03-01T15:47:24+00:00\",\"dateModified\":\"2026-04-21T00:18:25+00:00\",\"description\":\"Scoprite i bicchierini in plastica Quadrati da 68 mm, eleganti e pratici per i vostri buffet. Venduti in confezione da 50, questi bicchierini sono riutilizzabili.\",\"breadcrumb\":{\"@id\":\"https:\/\/www.csj-emballages.com\/it\/produit\/bicchierini-in-plastica-quadrati-68-mm-confezione-da-50\/#breadcrumb\"},\"inLanguage\":\"it-IT\",\"potentialAction\":[{\"@type\":\"ReadAction\",\"target\":[\"https:\/\/www.csj-emballages.com\/it\/produit\/bicchierini-in-plastica-quadrati-68-mm-confezione-da-50\/\"]}]},{\"@type\":\"ImageObject\",\"inLanguage\":\"it-IT\",\"@id\":\"https:\/\/www.csj-emballages.com\/it\/produit\/bicchierini-in-plastica-quadrati-68-mm-confezione-da-50\/#primaryimage\",\"url\":\"https:\/\/www.csj-emballages.com\/wp-content\/uploads\/2024\/03\/MBK.webp\",\"contentUrl\":\"https:\/\/www.csj-emballages.com\/wp-content\/uploads\/2024\/03\/MBK.webp\",\"width\":800,\"height\":800,\"caption\":\"Verrines plastique\"},{\"@type\":\"BreadcrumbList\",\"@id\":\"https:\/\/www.csj-emballages.com\/it\/produit\/bicchierini-in-plastica-quadrati-68-mm-confezione-da-50\/#breadcrumb\",\"itemListElement\":[{\"@type\":\"ListItem\",\"position\":1,\"name\":\"Home\",\"item\":\"https:\/\/www.csj-emballages.com\/it\/universo-imballaggi-alimentari\/\"},{\"@type\":\"ListItem\",\"position\":2,\"name\":\"Negozio\",\"item\":\"https:\/\/www.csj-emballages.com\/it\/negozio\/\"},{\"@type\":\"ListItem\",\"position\":3,\"name\":\"Bicchierini in plastica quadrati 68 mm, confezione da 50\"}]},{\"@type\":\"WebSite\",\"@id\":\"https:\/\/www.csj-emballages.com\/it\/#website\",\"url\":\"https:\/\/www.csj-emballages.com\/it\/\",\"name\":\"CSJ Emballages\",\"description\":\"\",\"publisher\":{\"@id\":\"https:\/\/www.csj-emballages.com\/it\/#organization\"},\"potentialAction\":[{\"@type\":\"SearchAction\",\"target\":{\"@type\":\"EntryPoint\",\"urlTemplate\":\"https:\/\/www.csj-emballages.com\/it\/?s={search_term_string}\"},\"query-input\":{\"@type\":\"PropertyValueSpecification\",\"valueRequired\":true,\"valueName\":\"search_term_string\"}}],\"inLanguage\":\"it-IT\"},{\"@type\":\"Organization\",\"@id\":\"https:\/\/www.csj-emballages.com\/it\/#Organization\/\",\"name\":\"CSJ Emballages\",\"url\":\"https:\/\/www.csj-emballages.com\/it\/\",\"logo\":{\"@type\":\"ImageObject\",\"inLanguage\":\"it-IT\",\"@id\":\"https:\/\/www.csj-emballages.com\/it\/#\/schema\/logo\/image\/\",\"url\":\"https:\/\/www.csj-emballages.com\/wp-content\/uploads\/2023\/10\/logo_csj.webp\",\"contentUrl\":\"https:\/\/www.csj-emballages.com\/wp-content\/uploads\/2023\/10\/logo_csj.webp\",\"width\":250,\"height\":95,\"caption\":\"CSJ Emballages\"},\"image\":{\"@id\":\"https:\/\/www.csj-emballages.com\/it\/#\/schema\/logo\/image\/\"},\"sameAs\":[\"https:\/\/www.facebook.com\/csjemballages\"],\"address\":{\"@type\":\"PostalAddress\",\"streetAddress\":\"ZI La Lechere\",\"addressLocality\":\"Patornay\",\"postalCode\":\"39130\",\"addressCountry\":\"FR\"},\"contactPoint\":[{\"@type\":\"ContactPoint\",\"contactType\":\"Service client\",\"telephone\":\"0384254272\",\"email\":\"contact@csj-emballages.com\"}]}]}<\/script>\n<!-- \/ Yoast SEO Premium plugin. -->","yoast_head_json":{"title":"Bicchierini in plastica \"Quadrati\" 68 mm","description":"Scoprite i bicchierini in plastica Quadrati da 68 mm, eleganti e pratici per i vostri buffet. Venduti in confezione da 50, questi bicchierini sono riutilizzabili.","robots":{"index":"index","follow":"follow","max-snippet":"max-snippet:-1","max-image-preview":"max-image-preview:large","max-video-preview":"max-video-preview:-1"},"canonical":"https:\/\/www.csj-emballages.com\/it\/produit\/bicchierini-in-plastica-quadrati-68-mm-confezione-da-50\/","og_locale":"it_IT","og_type":"article","og_title":"Bicchierini in plastica \"Quadrati\" 68 mm","og_description":"Scoprite i bicchierini in plastica Quadrati da 68 mm, eleganti e pratici per i vostri buffet. Venduti in confezione da 50, questi bicchierini sono riutilizzabili.","og_url":"https:\/\/www.csj-emballages.com\/it\/produit\/bicchierini-in-plastica-quadrati-68-mm-confezione-da-50\/","og_site_name":"CSJ Emballages","article_publisher":"https:\/\/www.facebook.com\/csjemballages","article_modified_time":"2026-04-21T00:18:25+00:00","og_image":[{"width":800,"height":800,"url":"https:\/\/www.csj-emballages.com\/wp-content\/uploads\/2024\/03\/MBK.webp","type":"image\/webp"}],"twitter_card":"summary_large_image","twitter_title":"Bicchierini in plastica \"Quadrati\" 68 mm","twitter_description":"Scoprite i bicchierini in plastica Quadrati da 68 mm, eleganti e pratici per i vostri buffet. Venduti in confezione da 50, questi bicchierini sono riutilizzabili.","twitter_misc":{"Dur\u00e9e de lecture estim\u00e9e":"2 minuti"},"schema":{"@context":"https:\/\/schema.org","@graph":[{"@type":"WebPage","@id":"https:\/\/www.csj-emballages.com\/it\/produit\/bicchierini-in-plastica-quadrati-68-mm-confezione-da-50\/","url":"https:\/\/www.csj-emballages.com\/it\/produit\/bicchierini-in-plastica-quadrati-68-mm-confezione-da-50\/","name":"Bicchierini in plastica \"Quadrati\" 68 mm","isPartOf":{"@id":"https:\/\/www.csj-emballages.com\/it\/#website"},"primaryImageOfPage":{"@id":"https:\/\/www.csj-emballages.com\/it\/produit\/bicchierini-in-plastica-quadrati-68-mm-confezione-da-50\/#primaryimage"},"image":{"@id":"https:\/\/www.csj-emballages.com\/it\/produit\/bicchierini-in-plastica-quadrati-68-mm-confezione-da-50\/#primaryimage"},"thumbnailUrl":"https:\/\/www.csj-emballages.com\/wp-content\/uploads\/2024\/03\/MBK.webp","datePublished":"2024-03-01T15:47:24+00:00","dateModified":"2026-04-21T00:18:25+00:00","description":"Scoprite i bicchierini in plastica Quadrati da 68 mm, eleganti e pratici per i vostri buffet. Venduti in confezione da 50, questi bicchierini sono riutilizzabili.","breadcrumb":{"@id":"https:\/\/www.csj-emballages.com\/it\/produit\/bicchierini-in-plastica-quadrati-68-mm-confezione-da-50\/#breadcrumb"},"inLanguage":"it-IT","potentialAction":[{"@type":"ReadAction","target":["https:\/\/www.csj-emballages.com\/it\/produit\/bicchierini-in-plastica-quadrati-68-mm-confezione-da-50\/"]}]},{"@type":"ImageObject","inLanguage":"it-IT","@id":"https:\/\/www.csj-emballages.com\/it\/produit\/bicchierini-in-plastica-quadrati-68-mm-confezione-da-50\/#primaryimage","url":"https:\/\/www.csj-emballages.com\/wp-content\/uploads\/2024\/03\/MBK.webp","contentUrl":"https:\/\/www.csj-emballages.com\/wp-content\/uploads\/2024\/03\/MBK.webp","width":800,"height":800,"caption":"Verrines plastique"},{"@type":"BreadcrumbList","@id":"https:\/\/www.csj-emballages.com\/it\/produit\/bicchierini-in-plastica-quadrati-68-mm-confezione-da-50\/#breadcrumb","itemListElement":[{"@type":"ListItem","position":1,"name":"Home","item":"https:\/\/www.csj-emballages.com\/it\/universo-imballaggi-alimentari\/"},{"@type":"ListItem","position":2,"name":"Negozio","item":"https:\/\/www.csj-emballages.com\/it\/negozio\/"},{"@type":"ListItem","position":3,"name":"Bicchierini in plastica quadrati 68 mm, confezione da 50"}]},{"@type":"WebSite","@id":"https:\/\/www.csj-emballages.com\/it\/#website","url":"https:\/\/www.csj-emballages.com\/it\/","name":"CSJ Emballages","description":"","publisher":{"@id":"https:\/\/www.csj-emballages.com\/it\/#organization"},"potentialAction":[{"@type":"SearchAction","target":{"@type":"EntryPoint","urlTemplate":"https:\/\/www.csj-emballages.com\/it\/?s={search_term_string}"},"query-input":{"@type":"PropertyValueSpecification","valueRequired":true,"valueName":"search_term_string"}}],"inLanguage":"it-IT"},{"@type":"Organization","@id":"https:\/\/www.csj-emballages.com\/it\/#Organization\/","name":"CSJ Emballages","url":"https:\/\/www.csj-emballages.com\/it\/","logo":{"@type":"ImageObject","inLanguage":"it-IT","@id":"https:\/\/www.csj-emballages.com\/it\/#\/schema\/logo\/image\/","url":"https:\/\/www.csj-emballages.com\/wp-content\/uploads\/2023\/10\/logo_csj.webp","contentUrl":"https:\/\/www.csj-emballages.com\/wp-content\/uploads\/2023\/10\/logo_csj.webp","width":250,"height":95,"caption":"CSJ Emballages"},"image":{"@id":"https:\/\/www.csj-emballages.com\/it\/#\/schema\/logo\/image\/"},"sameAs":["https:\/\/www.facebook.com\/csjemballages"],"address":{"@type":"PostalAddress","streetAddress":"ZI La Lechere","addressLocality":"Patornay","postalCode":"39130","addressCountry":"FR"},"contactPoint":[{"@type":"ContactPoint","contactType":"Service client","telephone":"0384254272","email":"contact@csj-emballages.com"}]}]}},"df_price":5.93,"df_sale_price":"","df_regular_price":5.93,"df_image_link":"https:\/\/www.csj-emballages.com\/wp-content\/uploads\/2024\/03\/MBK-300x300.webp","tiered_pricing_type":"fixed","tiered_pricing_fixed_rules":[],"tiered_pricing_percentage_rules":[],"tiered_pricing_minimum":1,"tiered_pricing_roles_data":[],"_links":{"self":[{"href":"https:\/\/www.csj-emballages.com\/it\/wp-json\/wp\/v2\/product\/271165","targetHints":{"allow":["GET"]}}],"collection":[{"href":"https:\/\/www.csj-emballages.com\/it\/wp-json\/wp\/v2\/product"}],"about":[{"href":"https:\/\/www.csj-emballages.com\/it\/wp-json\/wp\/v2\/types\/product"}],"wp:featuredmedia":[{"embeddable":true,"href":"https:\/\/www.csj-emballages.com\/it\/wp-json\/wp\/v2\/media\/271168"}],"wp:attachment":[{"href":"https:\/\/www.csj-emballages.com\/it\/wp-json\/wp\/v2\/media?parent=271165"}],"wp:term":[{"taxonomy":"product_brand","embeddable":true,"href":"https:\/\/www.csj-emballages.com\/it\/wp-json\/wp\/v2\/product_brand?post=271165"},{"taxonomy":"product_cat","embeddable":true,"href":"https:\/\/www.csj-emballages.com\/it\/wp-json\/wp\/v2\/product_cat?post=271165"},{"taxonomy":"product_tag","embeddable":true,"href":"https:\/\/www.csj-emballages.com\/it\/wp-json\/wp\/v2\/product_tag?post=271165"}],"curies":[{"name":"wp","href":"https:\/\/api.w.org\/{rel}","templated":true}]}}