{"id":271107,"date":"2024-03-01T16:46:33","date_gmt":"2024-03-01T15:46:33","guid":{"rendered":"https:\/\/www.csj-emballages.com\/produit\/bicchierini-in-plastica-verre-rond-70-ml-set-da-45\/"},"modified":"2026-04-21T02:18:38","modified_gmt":"2026-04-21T00:18:38","slug":"bicchierini-in-plastica-verre-rond-70-ml-set-da-45","status":"publish","type":"product","link":"https:\/\/www.csj-emballages.com\/it\/produit\/bicchierini-in-plastica-verre-rond-70-ml-set-da-45\/","title":{"rendered":"Bicchierini in plastica \u201cverre rond\u201d 70 ml set da 45"},"content":{"rendered":"<div style=\"font-family: Roboto, sans-serif;\">\n<div style=\"font-family: Roboto, sans-serif;\">\n<div style=\"font-family: Roboto, sans-serif;\">\n<div style=\"font-family: Roboto, sans-serif;\">\n<div style=\"font-family: Roboto, sans-serif;\">\n<div style=\"font-family: Roboto, sans-serif;\">\n<div style=\"font-family: Roboto, sans-serif;\">\n<div style=\"font-family: Roboto, sans-serif;\">\n<div style=\"font-family: Roboto, sans-serif;\">\n<div style=\"font-family: Roboto, sans-serif;\">\n<div style=\"font-family: Roboto, sans-serif;\">\n<div style=\"font-family: Roboto, sans-serif;\">\n<div style=\"font-family: Roboto, sans-serif;\">\n<div class=\"flex flex-grow flex-col max-w-full\">\n<div class=\"min-h-[20px] text-message flex flex-col items-start whitespace-pre-wrap break-words [.text-message+&amp;]:mt-5 juice:w-full juice:items-end overflow-x-auto gap-2\" dir=\"auto\" data-message-author-role=\"assistant\" data-message-id=\"2034782e-88f9-44ef-b4dc-07dd7bf0115f\">\n<div class=\"flex w-full flex-col gap-1 juice:empty:hidden juice:first:pt-[3px]\">\n<div class=\"markdown prose w-full break-words dark:prose-invert light\">\n<div style=\"font-family: Roboto, sans-serif;\">\n<div style=\"font-family: Roboto, sans-serif;\">\n<div style=\"font-family: Roboto, sans-serif;\">\n<div style=\"font-family: Roboto, sans-serif;\">\n<div style=\"font-family: Roboto, sans-serif;\">\n<div style=\"font-family: Roboto, sans-serif;\">\n<h2>Bicchierini in plastica<\/h2>\n<div style=\"font-family: Roboto, sans-serif;\">\n<div style=\"font-family: Roboto, sans-serif;\">\n<div style=\"font-family: Roboto, sans-serif;\">\n<div style=\"text-align: center;\">\n<div style=\"font-family: Roboto, sans-serif;\">\n<div style=\"font-family: Roboto, sans-serif;\">\n<div style=\"font-family: Roboto, sans-serif;\">\n<div style=\"font-family: Roboto, sans-serif;\">\n<div style=\"font-family: Roboto, sans-serif;\">\n<div style=\"font-family: Roboto, sans-serif; text-align: left;\">\n<hr>\n<h3 style=\"text-align: left;\">Descrizione bicchierini in plastica Verre rond<!--more--><\/h3>\n<\/div>\n<\/div>\n<\/div>\n<\/div>\n<\/div>\n<\/div>\n<\/div>\n<\/div>\n<\/div>\n<\/div>\n<\/div>\n<\/div>\n<\/div>\n<\/div>\n<\/div>\n<\/div>\n<\/div>\n<\/div>\n<\/div>\n<\/div>\n<div class=\"flex flex-grow flex-col max-w-full\">\n<div class=\"min-h-[20px] text-message flex flex-col items-start whitespace-pre-wrap break-words [.text-message+&amp;]:mt-5 juice:w-full juice:items-end overflow-x-auto gap-2\" dir=\"auto\" data-message-author-role=\"assistant\" data-message-id=\"2034782e-88f9-44ef-b4dc-07dd7bf0115f\">\n<div class=\"flex w-full flex-col gap-1 juice:empty:hidden juice:first:pt-[3px]\">\n<div class=\"markdown prose w-full break-words dark:prose-invert light\">\n<div style=\"font-family: Roboto, sans-serif;\">\n<div style=\"font-family: Roboto, sans-serif;\">\n<div style=\"font-family: Roboto, sans-serif;\">\n<div style=\"font-family: Roboto, sans-serif;\">\n<div style=\"font-family: Roboto, sans-serif;\">\n<div style=\"font-family: Roboto, sans-serif;\">\n<p>I <strong>bicchierini in plastica Verre rond 70 ml<\/strong> in <strong>set da 45<\/strong> sono l&#8217;elemento indispensabile per tutte le tue feste di successo. Unendo eleganza e praticit\u00e0, questi <strong>bicchierini da aperitivo<\/strong> sono progettati per valorizzare le tue presentazioni gastronomiche facilitandone l&#8217;uso. Con una capacit\u00e0 ideale di <strong>70<\/strong> <strong>ml<\/strong>, sono perfetti per porzioni individuali dei tuoi piatti preferiti, sia dolci che salati. Il loro design ispirato a una vaschetta apporta un tocco di originalit\u00e0 e modernit\u00e0 ai tuoi buffet. Inoltre<em>, <\/em>grazie alla finitura cristal, questi <strong>bicchierini da catering<\/strong> riflettono la luce e magnificano la presentazione dei piatti, mettendo in risalto ogni strato delle tue creazioni culinarie. Che sia per un evento professionale, un apericena o una festa in famiglia, questi <strong>bicchierini da dessert<\/strong> sono la scelta perfetta per stupire i tuoi ospiti garantendo un&#8217;esperienza pratica e raffinata.     <\/p>\n<\/div>\n<\/div>\n<\/div>\n<\/div>\n<\/div>\n<\/div>\n<\/div>\n<\/div>\n<\/div>\n<\/div>\n<\/div>\n<\/div>\n<\/div>\n<\/div>\n<\/div>\n<\/div>\n<\/div>\n<\/div>\n<\/div>\n<\/div>\n<\/div>\n<\/div>\n<\/div>\n<p><!--more--><\/p>\n<h4>Perch\u00e9 usare i nostri <strong>bicchierini in plastica<\/strong>?<\/h4>\n<p>Uno dei principali vantaggi di questi <strong>bicchierini da aperitivo<\/strong> \u00e8 il materiale in plastica di alta qualit\u00e0. Non solo sono riutilizzabili, ma sono anche leggeri e resistenti, offrendo una soluzione durevole e rispettosa dell&#8217;ambiente. A differenza dei bicchieri in vetro, questi non presentano rischi di rottura, il che li rende perfetti per l&#8217;uso all&#8217;aperto.  <\/p>\n<div style=\"font-family: Roboto, sans-serif;\">\n<div style=\"font-family: Roboto, sans-serif;\">\n<div style=\"font-family: Roboto, sans-serif;\">\n<div style=\"font-family: Roboto, sans-serif;\">\n<div style=\"font-family: Roboto, sans-serif;\">\n<div style=\"font-family: Roboto, sans-serif;\">\n<div style=\"font-family: Roboto, sans-serif;\">\n<div style=\"font-family: Roboto, sans-serif;\">\n<div style=\"font-family: Roboto, sans-serif;\">\n<div style=\"font-family: Roboto, sans-serif;\">\n<div style=\"font-family: Roboto, sans-serif;\">\n<div style=\"font-family: Roboto, sans-serif;\">\n<div style=\"font-family: Roboto, sans-serif;\">\n<div class=\"flex flex-grow flex-col max-w-full\">\n<div class=\"min-h-[20px] text-message flex flex-col items-start whitespace-pre-wrap break-words [.text-message+&amp;]:mt-5 juice:w-full juice:items-end overflow-x-auto gap-2\" dir=\"auto\" data-message-author-role=\"assistant\" data-message-id=\"2034782e-88f9-44ef-b4dc-07dd7bf0115f\">\n<div class=\"flex w-full flex-col gap-1 juice:empty:hidden juice:first:pt-[3px]\">\n<div class=\"markdown prose w-full break-words dark:prose-invert light\">\n<div style=\"font-family: Roboto, sans-serif;\">\n<div style=\"font-family: Roboto, sans-serif;\">\n<div style=\"font-family: Roboto, sans-serif;\">\n<div style=\"font-family: Roboto, sans-serif;\">\n<div style=\"font-family: Roboto, sans-serif;\">\n<div style=\"font-family: Roboto, sans-serif;\">\n<p>I <strong>bicchierini Verre rond in plastica cristal<\/strong> da <strong>70<\/strong><strong> ml<\/strong> sono anche impilabili, permettendoti di risparmiare spazio. Una volta terminati i tuoi eventi, si puliscono facilmente, liberandoti dal fastidio di un lavaggio lungo e noioso. Potrai cos\u00ec riutilizzarli pi\u00f9 volte per diversi tipi di eventi. La loro capacit\u00e0 di <strong>70<\/strong><strong> ml<\/strong> \u00e8 perfettamente calibrata per porzioni di stuzzichini, tapas, <strong>bicchierini da dessert<\/strong> o anche mini-insalate, offrendo una grande variet\u00e0 di utilizzi.   <\/p>\n<\/div>\n<\/div>\n<div style=\"font-family: Roboto, sans-serif;\">\n<div style=\"font-family: Roboto, sans-serif;\">\n<p>&nbsp;<\/p>\n<\/div>\n<\/div>\n<\/div>\n<\/div>\n<\/div>\n<\/div>\n<\/div>\n<\/div>\n<\/div>\n<\/div>\n<\/div>\n<\/div>\n<\/div>\n<\/div>\n<\/div>\n<\/div>\n<\/div>\n<\/div>\n<\/div>\n<\/div>\n<\/div>\n<\/div>\n<\/div>\n<p><!--more--><\/p>\n<div style=\"font-family: Roboto, sans-serif;\">\n<div style=\"font-family: Roboto, sans-serif;\">\n<div style=\"font-family: Roboto, sans-serif;\">\n<div style=\"font-family: Roboto, sans-serif;\">\n<div style=\"font-family: Roboto, sans-serif;\">\n<div style=\"font-family: Roboto, sans-serif;\">\n<div style=\"font-family: Roboto, sans-serif;\">\n<div style=\"font-family: Roboto, sans-serif;\">\n<div style=\"font-family: Roboto, sans-serif;\">\n<div style=\"font-family: Roboto, sans-serif;\">\n<div style=\"font-family: Roboto, sans-serif;\">\n<div style=\"font-family: Roboto, sans-serif;\">\n<div style=\"font-family: Roboto, sans-serif;\">\n<div class=\"flex flex-grow flex-col max-w-full\">\n<div class=\"min-h-[20px] text-message flex flex-col items-start whitespace-pre-wrap break-words [.text-message+&amp;]:mt-5 juice:w-full juice:items-end overflow-x-auto gap-2\" dir=\"auto\" data-message-author-role=\"assistant\" data-message-id=\"2034782e-88f9-44ef-b4dc-07dd7bf0115f\">\n<div class=\"flex w-full flex-col gap-1 juice:empty:hidden juice:first:pt-[3px]\">\n<div class=\"markdown prose w-full break-words dark:prose-invert light\">\n<div style=\"font-family: Roboto, sans-serif;\">\n<div style=\"font-family: Roboto, sans-serif;\">\n<div style=\"font-family: Roboto, sans-serif;\">\n<div style=\"font-family: Roboto, sans-serif;\">\n<div style=\"font-family: Roboto, sans-serif;\">\n<div style=\"font-family: Roboto, sans-serif;\">\n<p>Allo stesso modo, il loro formato compatto e pratico \u00e8 adatto sia ai professionisti della ristorazione che ai privati. I catering, in particolare, apprezzeranno la versatilit\u00e0 di questi <strong>bicchierini professionali<\/strong> che permettono di realizzare stuzzichini estetici, facilitando al contempo il servizio e il trasporto dei piatti. <\/p>\n<p>In breve, se cerchi contenitori originali e pratici per i tuoi aperitivi, buffet o dessert, scegli questi <strong>bicchierini da aperitivo Verre rond<\/strong><strong> in plastica cristal da 70 ml<\/strong>. Uniscono design, durata e funzionalit\u00e0, offrendoti la possibilit\u00e0 di riutilizzarli in pi\u00f9 occasioni. <\/p>\n<p>&nbsp;<\/p>\n<p><!--more--><\/p>\n<h4 style=\"text-align: left;\"><strong>I vantaggi dei bicchierini in plastica Verre rond 70 ml:<\/strong><\/h4>\n<ul style=\"text-align: left;\">\n<li><strong>Design elegante e originale<\/strong>: la loro forma <strong>Verre rond<\/strong><strong> <\/strong>aggiunge un tocco moderno e raffinato alle tue presentazioni culinarie. Donano una dimensione visiva unica che cattura l&#8217;attenzione dei tuoi ospiti e valorizza le tue creazioni. <\/li>\n<li><strong>Versatilit\u00e0<\/strong>: sono adatti a una grande variet\u00e0 di preparazioni, sia dolci che salate.<\/li>\n<li><strong>Praticit\u00e0<\/strong>: leggeri e facili da maneggiare, questi <strong>bicchierini da catering<\/strong> sono progettati per essere pratici da usare.<\/li>\n<li><strong>Qualit\u00e0 e durata<\/strong>: realizzati in PS, uniscono robustezza, eleganza e sono riutilizzabili.<\/li>\n<\/ul>\n<\/div>\n<\/div>\n<\/div>\n<\/div>\n<\/div>\n<\/div>\n<\/div>\n<\/div>\n<\/div>\n<\/div>\n<\/div>\n<\/div>\n<p>&nbsp;<\/p>\n<\/div>\n<\/div>\n<\/div>\n<\/div>\n<\/div>\n<\/div>\n<\/div>\n<\/div>\n<\/div>\n<\/div>\n<\/div>\n<p><!--more--><\/p>\n<h4>Altre informazioni:<\/h4>\n<ul style=\"font-family: Roboto, sans-serif;\">\n<li><strong>Confezione<\/strong>: pacco da 45<\/li>\n<li><strong>Economici: <\/strong>questi <strong>bicchierini<\/strong> sono riutilizzabili<\/li>\n<li><span style=\"font-weight: bold;\">Dimensioni<\/span>: 50 x 65 ( \u00d8 x H in mm)<\/li>\n<li><strong>Materiale<\/strong>: PS (polistirolo)<\/li>\n<\/ul>\n<p>&nbsp;<\/p>\n<p style=\"text-align: left;\"><!--more--><\/p>\n<p><a href=\"https:\/\/www.csj-emballages.com\/it\/categorie-produit\/imballaggi-alimentari\/macelleria-gastronomia-ortofrutta\/coppe-vasetti-verrine\/verrine\/verrine\/\">Consulta il resto della nostra gamma di bicchierini<\/a><\/p>\n","protected":false},"excerpt":{"rendered":"<p>Bicchierini in plastica Descrizione bicchierini in plastica Verre rond<\/p>\n","protected":false},"featured_media":271111,"template":"","meta":{"_acf_changed":false},"product_brand":[],"product_cat":[10381,10436,10807,11193],"product_tag":[],"class_list":{"0":"post-271107","1":"product","2":"type-product","3":"status-publish","4":"has-post-thumbnail","6":"product_cat-macelleria-gastronomia-ortofrutta","7":"product_cat-coppe-vasetti-verrine","8":"product_cat-verrine","11":"first","12":"instock","13":"taxable","14":"shipping-taxable","15":"purchasable","16":"product-type-simple"},"acf":[],"yoast_head":"<!-- This site is optimized with the Yoast SEO Premium plugin v26.6 (Yoast SEO v26.6) - https:\/\/yoast.com\/wordpress\/plugins\/seo\/ -->\n<title>Bicchierini in plastica &quot;Verre Rond&quot; 70 ml<\/title>\n<meta name=\"description\" content=\"Scopri i bicchierini in plastica &quot;Verre Rond&quot; 70 ml, eleganti e pratici per i tuoi buffet. Venduti in set da 45, questi bicchierini sono riutilizzabili.\" \/>\n<meta name=\"robots\" content=\"index, follow, max-snippet:-1, max-image-preview:large, max-video-preview:-1\" \/>\n<link rel=\"canonical\" href=\"https:\/\/www.csj-emballages.com\/it\/produit\/bicchierini-in-plastica-verre-rond-70-ml-set-da-45\/\" \/>\n<meta property=\"og:locale\" content=\"it_IT\" \/>\n<meta property=\"og:type\" content=\"article\" \/>\n<meta property=\"og:title\" content=\"Bicchierini in plastica &quot;Verre Rond&quot; 70 ml\" \/>\n<meta property=\"og:description\" content=\"Scopri i bicchierini in plastica &quot;Verre Rond&quot; 70 ml, eleganti e pratici per i tuoi buffet. Venduti in set da 45, questi bicchierini sono riutilizzabili.\" \/>\n<meta property=\"og:url\" content=\"https:\/\/www.csj-emballages.com\/it\/produit\/bicchierini-in-plastica-verre-rond-70-ml-set-da-45\/\" \/>\n<meta property=\"og:site_name\" content=\"CSJ Emballages\" \/>\n<meta property=\"article:publisher\" content=\"https:\/\/www.facebook.com\/csjemballages\" \/>\n<meta property=\"article:modified_time\" content=\"2026-04-21T00:18:38+00:00\" \/>\n<meta property=\"og:image\" content=\"https:\/\/www.csj-emballages.com\/wp-content\/uploads\/2024\/03\/VR-7-1.webp\" \/>\n\t<meta property=\"og:image:width\" content=\"801\" \/>\n\t<meta property=\"og:image:height\" content=\"801\" \/>\n\t<meta property=\"og:image:type\" content=\"image\/webp\" \/>\n<meta name=\"twitter:card\" content=\"summary_large_image\" \/>\n<meta name=\"twitter:title\" content=\"Bicchierini in plastica &quot;Verre Rond&quot; 70 ml\" \/>\n<meta name=\"twitter:description\" content=\"Scopri i bicchierini in plastica &quot;Verre Rond&quot; 70 ml, eleganti e pratici per i tuoi buffet. Venduti in set da 45, questi bicchierini sono riutilizzabili.\" \/>\n<meta name=\"twitter:label1\" content=\"Dur\u00e9e de lecture estim\u00e9e\" \/>\n\t<meta name=\"twitter:data1\" content=\"2 minuti\" \/>\n<script type=\"application\/ld+json\" class=\"yoast-schema-graph\">{\"@context\":\"https:\/\/schema.org\",\"@graph\":[{\"@type\":\"WebPage\",\"@id\":\"https:\/\/www.csj-emballages.com\/it\/produit\/bicchierini-in-plastica-verre-rond-70-ml-set-da-45\/\",\"url\":\"https:\/\/www.csj-emballages.com\/it\/produit\/bicchierini-in-plastica-verre-rond-70-ml-set-da-45\/\",\"name\":\"Bicchierini in plastica \\\"Verre Rond\\\" 70 ml\",\"isPartOf\":{\"@id\":\"https:\/\/www.csj-emballages.com\/it\/#website\"},\"primaryImageOfPage\":{\"@id\":\"https:\/\/www.csj-emballages.com\/it\/produit\/bicchierini-in-plastica-verre-rond-70-ml-set-da-45\/#primaryimage\"},\"image\":{\"@id\":\"https:\/\/www.csj-emballages.com\/it\/produit\/bicchierini-in-plastica-verre-rond-70-ml-set-da-45\/#primaryimage\"},\"thumbnailUrl\":\"https:\/\/www.csj-emballages.com\/wp-content\/uploads\/2024\/03\/VR-7-1.webp\",\"datePublished\":\"2024-03-01T15:46:33+00:00\",\"dateModified\":\"2026-04-21T00:18:38+00:00\",\"description\":\"Scopri i bicchierini in plastica \\\"Verre Rond\\\" 70 ml, eleganti e pratici per i tuoi buffet. Venduti in set da 45, questi bicchierini sono riutilizzabili.\",\"breadcrumb\":{\"@id\":\"https:\/\/www.csj-emballages.com\/it\/produit\/bicchierini-in-plastica-verre-rond-70-ml-set-da-45\/#breadcrumb\"},\"inLanguage\":\"it-IT\",\"potentialAction\":[{\"@type\":\"ReadAction\",\"target\":[\"https:\/\/www.csj-emballages.com\/it\/produit\/bicchierini-in-plastica-verre-rond-70-ml-set-da-45\/\"]}]},{\"@type\":\"ImageObject\",\"inLanguage\":\"it-IT\",\"@id\":\"https:\/\/www.csj-emballages.com\/it\/produit\/bicchierini-in-plastica-verre-rond-70-ml-set-da-45\/#primaryimage\",\"url\":\"https:\/\/www.csj-emballages.com\/wp-content\/uploads\/2024\/03\/VR-7-1.webp\",\"contentUrl\":\"https:\/\/www.csj-emballages.com\/wp-content\/uploads\/2024\/03\/VR-7-1.webp\",\"width\":801,\"height\":801,\"caption\":\"Verrines plastique\"},{\"@type\":\"BreadcrumbList\",\"@id\":\"https:\/\/www.csj-emballages.com\/it\/produit\/bicchierini-in-plastica-verre-rond-70-ml-set-da-45\/#breadcrumb\",\"itemListElement\":[{\"@type\":\"ListItem\",\"position\":1,\"name\":\"Home\",\"item\":\"https:\/\/www.csj-emballages.com\/it\/universo-imballaggi-alimentari\/\"},{\"@type\":\"ListItem\",\"position\":2,\"name\":\"Negozio\",\"item\":\"https:\/\/www.csj-emballages.com\/it\/negozio\/\"},{\"@type\":\"ListItem\",\"position\":3,\"name\":\"Bicchierini in plastica \u201cverre rond\u201d 70 ml set da 45\"}]},{\"@type\":\"WebSite\",\"@id\":\"https:\/\/www.csj-emballages.com\/it\/#website\",\"url\":\"https:\/\/www.csj-emballages.com\/it\/\",\"name\":\"CSJ Emballages\",\"description\":\"\",\"publisher\":{\"@id\":\"https:\/\/www.csj-emballages.com\/it\/#organization\"},\"potentialAction\":[{\"@type\":\"SearchAction\",\"target\":{\"@type\":\"EntryPoint\",\"urlTemplate\":\"https:\/\/www.csj-emballages.com\/it\/?s={search_term_string}\"},\"query-input\":{\"@type\":\"PropertyValueSpecification\",\"valueRequired\":true,\"valueName\":\"search_term_string\"}}],\"inLanguage\":\"it-IT\"},{\"@type\":\"Organization\",\"@id\":\"https:\/\/www.csj-emballages.com\/it\/#Organization\/\",\"name\":\"CSJ Emballages\",\"url\":\"https:\/\/www.csj-emballages.com\/it\/\",\"logo\":{\"@type\":\"ImageObject\",\"inLanguage\":\"it-IT\",\"@id\":\"https:\/\/www.csj-emballages.com\/it\/#\/schema\/logo\/image\/\",\"url\":\"https:\/\/www.csj-emballages.com\/wp-content\/uploads\/2023\/10\/logo_csj.webp\",\"contentUrl\":\"https:\/\/www.csj-emballages.com\/wp-content\/uploads\/2023\/10\/logo_csj.webp\",\"width\":250,\"height\":95,\"caption\":\"CSJ Emballages\"},\"image\":{\"@id\":\"https:\/\/www.csj-emballages.com\/it\/#\/schema\/logo\/image\/\"},\"sameAs\":[\"https:\/\/www.facebook.com\/csjemballages\"],\"address\":{\"@type\":\"PostalAddress\",\"streetAddress\":\"ZI La Lechere\",\"addressLocality\":\"Patornay\",\"postalCode\":\"39130\",\"addressCountry\":\"FR\"},\"contactPoint\":[{\"@type\":\"ContactPoint\",\"contactType\":\"Service client\",\"telephone\":\"0384254272\",\"email\":\"contact@csj-emballages.com\"}]}]}<\/script>\n<!-- \/ Yoast SEO Premium plugin. -->","yoast_head_json":{"title":"Bicchierini in plastica \"Verre Rond\" 70 ml","description":"Scopri i bicchierini in plastica \"Verre Rond\" 70 ml, eleganti e pratici per i tuoi buffet. Venduti in set da 45, questi bicchierini sono riutilizzabili.","robots":{"index":"index","follow":"follow","max-snippet":"max-snippet:-1","max-image-preview":"max-image-preview:large","max-video-preview":"max-video-preview:-1"},"canonical":"https:\/\/www.csj-emballages.com\/it\/produit\/bicchierini-in-plastica-verre-rond-70-ml-set-da-45\/","og_locale":"it_IT","og_type":"article","og_title":"Bicchierini in plastica \"Verre Rond\" 70 ml","og_description":"Scopri i bicchierini in plastica \"Verre Rond\" 70 ml, eleganti e pratici per i tuoi buffet. Venduti in set da 45, questi bicchierini sono riutilizzabili.","og_url":"https:\/\/www.csj-emballages.com\/it\/produit\/bicchierini-in-plastica-verre-rond-70-ml-set-da-45\/","og_site_name":"CSJ Emballages","article_publisher":"https:\/\/www.facebook.com\/csjemballages","article_modified_time":"2026-04-21T00:18:38+00:00","og_image":[{"width":801,"height":801,"url":"https:\/\/www.csj-emballages.com\/wp-content\/uploads\/2024\/03\/VR-7-1.webp","type":"image\/webp"}],"twitter_card":"summary_large_image","twitter_title":"Bicchierini in plastica \"Verre Rond\" 70 ml","twitter_description":"Scopri i bicchierini in plastica \"Verre Rond\" 70 ml, eleganti e pratici per i tuoi buffet. Venduti in set da 45, questi bicchierini sono riutilizzabili.","twitter_misc":{"Dur\u00e9e de lecture estim\u00e9e":"2 minuti"},"schema":{"@context":"https:\/\/schema.org","@graph":[{"@type":"WebPage","@id":"https:\/\/www.csj-emballages.com\/it\/produit\/bicchierini-in-plastica-verre-rond-70-ml-set-da-45\/","url":"https:\/\/www.csj-emballages.com\/it\/produit\/bicchierini-in-plastica-verre-rond-70-ml-set-da-45\/","name":"Bicchierini in plastica \"Verre Rond\" 70 ml","isPartOf":{"@id":"https:\/\/www.csj-emballages.com\/it\/#website"},"primaryImageOfPage":{"@id":"https:\/\/www.csj-emballages.com\/it\/produit\/bicchierini-in-plastica-verre-rond-70-ml-set-da-45\/#primaryimage"},"image":{"@id":"https:\/\/www.csj-emballages.com\/it\/produit\/bicchierini-in-plastica-verre-rond-70-ml-set-da-45\/#primaryimage"},"thumbnailUrl":"https:\/\/www.csj-emballages.com\/wp-content\/uploads\/2024\/03\/VR-7-1.webp","datePublished":"2024-03-01T15:46:33+00:00","dateModified":"2026-04-21T00:18:38+00:00","description":"Scopri i bicchierini in plastica \"Verre Rond\" 70 ml, eleganti e pratici per i tuoi buffet. Venduti in set da 45, questi bicchierini sono riutilizzabili.","breadcrumb":{"@id":"https:\/\/www.csj-emballages.com\/it\/produit\/bicchierini-in-plastica-verre-rond-70-ml-set-da-45\/#breadcrumb"},"inLanguage":"it-IT","potentialAction":[{"@type":"ReadAction","target":["https:\/\/www.csj-emballages.com\/it\/produit\/bicchierini-in-plastica-verre-rond-70-ml-set-da-45\/"]}]},{"@type":"ImageObject","inLanguage":"it-IT","@id":"https:\/\/www.csj-emballages.com\/it\/produit\/bicchierini-in-plastica-verre-rond-70-ml-set-da-45\/#primaryimage","url":"https:\/\/www.csj-emballages.com\/wp-content\/uploads\/2024\/03\/VR-7-1.webp","contentUrl":"https:\/\/www.csj-emballages.com\/wp-content\/uploads\/2024\/03\/VR-7-1.webp","width":801,"height":801,"caption":"Verrines plastique"},{"@type":"BreadcrumbList","@id":"https:\/\/www.csj-emballages.com\/it\/produit\/bicchierini-in-plastica-verre-rond-70-ml-set-da-45\/#breadcrumb","itemListElement":[{"@type":"ListItem","position":1,"name":"Home","item":"https:\/\/www.csj-emballages.com\/it\/universo-imballaggi-alimentari\/"},{"@type":"ListItem","position":2,"name":"Negozio","item":"https:\/\/www.csj-emballages.com\/it\/negozio\/"},{"@type":"ListItem","position":3,"name":"Bicchierini in plastica \u201cverre rond\u201d 70 ml set da 45"}]},{"@type":"WebSite","@id":"https:\/\/www.csj-emballages.com\/it\/#website","url":"https:\/\/www.csj-emballages.com\/it\/","name":"CSJ Emballages","description":"","publisher":{"@id":"https:\/\/www.csj-emballages.com\/it\/#organization"},"potentialAction":[{"@type":"SearchAction","target":{"@type":"EntryPoint","urlTemplate":"https:\/\/www.csj-emballages.com\/it\/?s={search_term_string}"},"query-input":{"@type":"PropertyValueSpecification","valueRequired":true,"valueName":"search_term_string"}}],"inLanguage":"it-IT"},{"@type":"Organization","@id":"https:\/\/www.csj-emballages.com\/it\/#Organization\/","name":"CSJ Emballages","url":"https:\/\/www.csj-emballages.com\/it\/","logo":{"@type":"ImageObject","inLanguage":"it-IT","@id":"https:\/\/www.csj-emballages.com\/it\/#\/schema\/logo\/image\/","url":"https:\/\/www.csj-emballages.com\/wp-content\/uploads\/2023\/10\/logo_csj.webp","contentUrl":"https:\/\/www.csj-emballages.com\/wp-content\/uploads\/2023\/10\/logo_csj.webp","width":250,"height":95,"caption":"CSJ Emballages"},"image":{"@id":"https:\/\/www.csj-emballages.com\/it\/#\/schema\/logo\/image\/"},"sameAs":["https:\/\/www.facebook.com\/csjemballages"],"address":{"@type":"PostalAddress","streetAddress":"ZI La Lechere","addressLocality":"Patornay","postalCode":"39130","addressCountry":"FR"},"contactPoint":[{"@type":"ContactPoint","contactType":"Service client","telephone":"0384254272","email":"contact@csj-emballages.com"}]}]}},"df_price":4.91,"df_sale_price":"","df_regular_price":4.91,"df_image_link":"https:\/\/www.csj-emballages.com\/wp-content\/uploads\/2024\/03\/VR-7-1-300x300.webp","tiered_pricing_type":"fixed","tiered_pricing_fixed_rules":[],"tiered_pricing_percentage_rules":[],"tiered_pricing_minimum":1,"tiered_pricing_roles_data":[],"_links":{"self":[{"href":"https:\/\/www.csj-emballages.com\/it\/wp-json\/wp\/v2\/product\/271107","targetHints":{"allow":["GET"]}}],"collection":[{"href":"https:\/\/www.csj-emballages.com\/it\/wp-json\/wp\/v2\/product"}],"about":[{"href":"https:\/\/www.csj-emballages.com\/it\/wp-json\/wp\/v2\/types\/product"}],"wp:featuredmedia":[{"embeddable":true,"href":"https:\/\/www.csj-emballages.com\/it\/wp-json\/wp\/v2\/media\/271111"}],"wp:attachment":[{"href":"https:\/\/www.csj-emballages.com\/it\/wp-json\/wp\/v2\/media?parent=271107"}],"wp:term":[{"taxonomy":"product_brand","embeddable":true,"href":"https:\/\/www.csj-emballages.com\/it\/wp-json\/wp\/v2\/product_brand?post=271107"},{"taxonomy":"product_cat","embeddable":true,"href":"https:\/\/www.csj-emballages.com\/it\/wp-json\/wp\/v2\/product_cat?post=271107"},{"taxonomy":"product_tag","embeddable":true,"href":"https:\/\/www.csj-emballages.com\/it\/wp-json\/wp\/v2\/product_tag?post=271107"}],"curies":[{"name":"wp","href":"https:\/\/api.w.org\/{rel}","templated":true}]}}