{"id":271092,"date":"2024-03-01T16:46:32","date_gmt":"2024-03-01T15:46:32","guid":{"rendered":"https:\/\/www.csj-emballages.com\/produit\/calice-di-plastica-17-cl-da-10\/"},"modified":"2026-04-21T11:01:46","modified_gmt":"2026-04-21T09:01:46","slug":"calice-di-plastica-17-cl-da-10","status":"publish","type":"product","link":"https:\/\/www.csj-emballages.com\/it\/produit\/calice-di-plastica-17-cl-da-10\/","title":{"rendered":"Calice di plastica 17 cl da 10"},"content":{"rendered":"<h2>Calice<\/h2>\n<hr>\n<h3>Scopri il nostro calice di plastica da 17 cl<!--more--><\/h3>\n<p>Il <strong>calice<\/strong> in <strong>plastica da 17 cl<\/strong> \u00e8 un must-have per tutte le tue occasioni festive. Con la sua capacit\u00e0 di <strong>17 cl<\/strong>, \u00e8 ideale per servire bevande varie, dal vino ai cocktail. Questo <strong>calice<\/strong> \u00e8 versatile. Che sia per un matrimonio, un compleanno o un evento aziendale, soddisfer\u00e0 le tue esigenze. La sua capacit\u00e0 di <strong>17 cl<\/strong> \u00e8 ideale per aperitivi, dessert o degustazioni. Cos\u00ec, i tuoi invitati potranno gustare le loro bevande con eleganza.     <\/p>\n<p>Questo <strong>calice<\/strong> \u00e8 anche sinonimo di praticit\u00e0. \u00c8 leggero, il che ne facilita il trasporto e la manipolazione. Un&#8217;alternativa economica  <\/p>\n<p><!--more--><\/p>\n<h3>Un vantaggio per le tue presentazioni<\/h3>\n<p>Il <strong>calice<\/strong> \u00e8 realizzato con materiali conformi alle norme alimentari. Puoi usarlo in tutta sicurezza per le tue bevande e alimenti. La sua concezione garantisce un utilizzo sano e affidabile. Grazie al suo design pulito, questo <strong>calice<\/strong> valorizza le tue tavole. Mette in risalto le tue bevande e i tuoi dessert. Inoltre, si abbina facilmente ad altri accessori da tavola. La sua trasparenza offre una presentazione elegante, qualunque sia l&#8217;occasione.      <\/p>\n<p>In sintesi, il <strong>calice<\/strong> da <strong>17 cl<\/strong> \u00e8 l&#8217;alleanza perfetta tra stile e praticit\u00e0. Scegli un prodotto pratico ed elegante per i tuoi eventi. Ordina i tuoi <strong>calici<\/strong> oggi stesso e assicurati il successo dei tuoi ricevimenti.  <\/p>\n<p>&nbsp;<\/p>\n<p><!--more--><\/p>\n<h4>Altre informazioni:<\/h4>\n<ul>\n<li>Venduti a privati \/ professionisti<\/li>\n<li><strong>Volume<\/strong>: 15 cl al tratto \/ 17 cl a raso<\/li>\n<li><strong>Dimensioni<\/strong>: 59 x 95,5 (\u00d8 x H in mm)<\/li>\n<li><strong>Confezione<\/strong>: Sacchetto da 10 calici<\/li>\n<li>Confezionati in un sacchetto che ne permette la protezione e una pi\u00f9 semplice conservazione.<\/li>\n<li><strong>Materiale<\/strong>: Polistirene<\/li>\n<\/ul>\n<p>&nbsp;<\/p>\n<p><!--more--><\/p>\n<p><a href=\"https:\/\/www.csj-emballages.com\/it\/categorie-produit\/imballaggi-alimentari\/ristorazione\/bicchieri-calici-bottiglie\/bicchieri-riutilizzabili-infrangibili\/\">Consulta il resto della nostra gamma di calici riutilizzabili<\/a><\/p>\n","protected":false},"excerpt":{"rendered":"<p>Calice Scopri il nostro calice di plastica da 17 cl<\/p>\n","protected":false},"featured_media":271098,"template":"","meta":{"_acf_changed":false},"product_brand":[],"product_cat":[10346,10381,10436,10807,11193,10409,10685],"product_tag":[],"class_list":{"0":"post-271092","1":"product","2":"type-product","3":"status-publish","4":"has-post-thumbnail","6":"product_cat-imballaggi-alimentari","7":"product_cat-macelleria-gastronomia-ortofrutta","8":"product_cat-coppe-vasetti-verrine","9":"product_cat-verrine","11":"product_cat-bicchieri-calici-bottiglie","12":"product_cat-bicchieri-riutilizzabili-infrangibili","14":"first","15":"instock","16":"taxable","17":"shipping-taxable","18":"purchasable","19":"product-type-simple"},"acf":[],"yoast_head":"<!-- This site is optimized with the Yoast SEO Premium plugin v26.6 (Yoast SEO v26.6) - https:\/\/yoast.com\/wordpress\/plugins\/seo\/ -->\n<title>Calice di Plastica - 17 cl<\/title>\n<meta name=\"description\" content=\"Scopri il calice in polistirene da 17 cl in confezione da 10: elegante, pratico, resistente e perfetto per ogni tua occasione\" \/>\n<meta name=\"robots\" content=\"index, follow, max-snippet:-1, max-image-preview:large, max-video-preview:-1\" \/>\n<link rel=\"canonical\" href=\"https:\/\/www.csj-emballages.com\/it\/produit\/calice-di-plastica-17-cl-da-10\/\" \/>\n<meta property=\"og:locale\" content=\"it_IT\" \/>\n<meta property=\"og:type\" content=\"article\" \/>\n<meta property=\"og:title\" content=\"Calice di plastica 17 cl da 10\" \/>\n<meta property=\"og:description\" content=\"Scopri il calice in polistirene da 17 cl in confezione da 10: elegante, pratico, resistente e perfetto per ogni tua occasione\" \/>\n<meta property=\"og:url\" content=\"https:\/\/www.csj-emballages.com\/it\/produit\/calice-di-plastica-17-cl-da-10\/\" \/>\n<meta property=\"og:site_name\" content=\"CSJ Emballages\" \/>\n<meta property=\"article:publisher\" content=\"https:\/\/www.facebook.com\/csjemballages\" \/>\n<meta property=\"article:modified_time\" content=\"2026-04-21T09:01:46+00:00\" \/>\n<meta property=\"og:image\" content=\"https:\/\/www.csj-emballages.com\/wp-content\/uploads\/2024\/03\/VP-17.webp\" \/>\n\t<meta property=\"og:image:width\" content=\"800\" \/>\n\t<meta property=\"og:image:height\" content=\"800\" \/>\n\t<meta property=\"og:image:type\" content=\"image\/webp\" \/>\n<meta name=\"twitter:card\" content=\"summary_large_image\" \/>\n<meta name=\"twitter:label1\" content=\"Dur\u00e9e de lecture estim\u00e9e\" \/>\n\t<meta name=\"twitter:data1\" content=\"1 minuto\" \/>\n<script type=\"application\/ld+json\" class=\"yoast-schema-graph\">{\"@context\":\"https:\/\/schema.org\",\"@graph\":[{\"@type\":\"WebPage\",\"@id\":\"https:\/\/www.csj-emballages.com\/it\/produit\/calice-di-plastica-17-cl-da-10\/\",\"url\":\"https:\/\/www.csj-emballages.com\/it\/produit\/calice-di-plastica-17-cl-da-10\/\",\"name\":\"Calice di Plastica - 17 cl\",\"isPartOf\":{\"@id\":\"https:\/\/www.csj-emballages.com\/it\/#website\"},\"primaryImageOfPage\":{\"@id\":\"https:\/\/www.csj-emballages.com\/it\/produit\/calice-di-plastica-17-cl-da-10\/#primaryimage\"},\"image\":{\"@id\":\"https:\/\/www.csj-emballages.com\/it\/produit\/calice-di-plastica-17-cl-da-10\/#primaryimage\"},\"thumbnailUrl\":\"https:\/\/www.csj-emballages.com\/wp-content\/uploads\/2024\/03\/VP-17.webp\",\"datePublished\":\"2024-03-01T15:46:32+00:00\",\"dateModified\":\"2026-04-21T09:01:46+00:00\",\"description\":\"Scopri il calice in polistirene da 17 cl in confezione da 10: elegante, pratico, resistente e perfetto per ogni tua occasione\",\"breadcrumb\":{\"@id\":\"https:\/\/www.csj-emballages.com\/it\/produit\/calice-di-plastica-17-cl-da-10\/#breadcrumb\"},\"inLanguage\":\"it-IT\",\"potentialAction\":[{\"@type\":\"ReadAction\",\"target\":[\"https:\/\/www.csj-emballages.com\/it\/produit\/calice-di-plastica-17-cl-da-10\/\"]}]},{\"@type\":\"ImageObject\",\"inLanguage\":\"it-IT\",\"@id\":\"https:\/\/www.csj-emballages.com\/it\/produit\/calice-di-plastica-17-cl-da-10\/#primaryimage\",\"url\":\"https:\/\/www.csj-emballages.com\/wp-content\/uploads\/2024\/03\/VP-17.webp\",\"contentUrl\":\"https:\/\/www.csj-emballages.com\/wp-content\/uploads\/2024\/03\/VP-17.webp\",\"width\":800,\"height\":800,\"caption\":\"Verre \u00e0 pied\"},{\"@type\":\"BreadcrumbList\",\"@id\":\"https:\/\/www.csj-emballages.com\/it\/produit\/calice-di-plastica-17-cl-da-10\/#breadcrumb\",\"itemListElement\":[{\"@type\":\"ListItem\",\"position\":1,\"name\":\"Home\",\"item\":\"https:\/\/www.csj-emballages.com\/it\/universo-imballaggi-alimentari\/\"},{\"@type\":\"ListItem\",\"position\":2,\"name\":\"Negozio\",\"item\":\"https:\/\/www.csj-emballages.com\/it\/negozio\/\"},{\"@type\":\"ListItem\",\"position\":3,\"name\":\"Calice di plastica 17 cl da 10\"}]},{\"@type\":\"WebSite\",\"@id\":\"https:\/\/www.csj-emballages.com\/it\/#website\",\"url\":\"https:\/\/www.csj-emballages.com\/it\/\",\"name\":\"CSJ Emballages\",\"description\":\"\",\"publisher\":{\"@id\":\"https:\/\/www.csj-emballages.com\/it\/#organization\"},\"potentialAction\":[{\"@type\":\"SearchAction\",\"target\":{\"@type\":\"EntryPoint\",\"urlTemplate\":\"https:\/\/www.csj-emballages.com\/it\/?s={search_term_string}\"},\"query-input\":{\"@type\":\"PropertyValueSpecification\",\"valueRequired\":true,\"valueName\":\"search_term_string\"}}],\"inLanguage\":\"it-IT\"},{\"@type\":\"Organization\",\"@id\":\"https:\/\/www.csj-emballages.com\/it\/#Organization\/\",\"name\":\"CSJ Emballages\",\"url\":\"https:\/\/www.csj-emballages.com\/it\/\",\"logo\":{\"@type\":\"ImageObject\",\"inLanguage\":\"it-IT\",\"@id\":\"https:\/\/www.csj-emballages.com\/it\/#\/schema\/logo\/image\/\",\"url\":\"https:\/\/www.csj-emballages.com\/wp-content\/uploads\/2023\/10\/logo_csj.webp\",\"contentUrl\":\"https:\/\/www.csj-emballages.com\/wp-content\/uploads\/2023\/10\/logo_csj.webp\",\"width\":250,\"height\":95,\"caption\":\"CSJ Emballages\"},\"image\":{\"@id\":\"https:\/\/www.csj-emballages.com\/it\/#\/schema\/logo\/image\/\"},\"sameAs\":[\"https:\/\/www.facebook.com\/csjemballages\"],\"address\":{\"@type\":\"PostalAddress\",\"streetAddress\":\"ZI La Lechere\",\"addressLocality\":\"Patornay\",\"postalCode\":\"39130\",\"addressCountry\":\"FR\"},\"contactPoint\":[{\"@type\":\"ContactPoint\",\"contactType\":\"Service client\",\"telephone\":\"0384254272\",\"email\":\"contact@csj-emballages.com\"}]}]}<\/script>\n<!-- \/ Yoast SEO Premium plugin. -->","yoast_head_json":{"title":"Calice di Plastica - 17 cl","description":"Scopri il calice in polistirene da 17 cl in confezione da 10: elegante, pratico, resistente e perfetto per ogni tua occasione","robots":{"index":"index","follow":"follow","max-snippet":"max-snippet:-1","max-image-preview":"max-image-preview:large","max-video-preview":"max-video-preview:-1"},"canonical":"https:\/\/www.csj-emballages.com\/it\/produit\/calice-di-plastica-17-cl-da-10\/","og_locale":"it_IT","og_type":"article","og_title":"Calice di plastica 17 cl da 10","og_description":"Scopri il calice in polistirene da 17 cl in confezione da 10: elegante, pratico, resistente e perfetto per ogni tua occasione","og_url":"https:\/\/www.csj-emballages.com\/it\/produit\/calice-di-plastica-17-cl-da-10\/","og_site_name":"CSJ Emballages","article_publisher":"https:\/\/www.facebook.com\/csjemballages","article_modified_time":"2026-04-21T09:01:46+00:00","og_image":[{"width":800,"height":800,"url":"https:\/\/www.csj-emballages.com\/wp-content\/uploads\/2024\/03\/VP-17.webp","type":"image\/webp"}],"twitter_card":"summary_large_image","twitter_misc":{"Dur\u00e9e de lecture estim\u00e9e":"1 minuto"},"schema":{"@context":"https:\/\/schema.org","@graph":[{"@type":"WebPage","@id":"https:\/\/www.csj-emballages.com\/it\/produit\/calice-di-plastica-17-cl-da-10\/","url":"https:\/\/www.csj-emballages.com\/it\/produit\/calice-di-plastica-17-cl-da-10\/","name":"Calice di Plastica - 17 cl","isPartOf":{"@id":"https:\/\/www.csj-emballages.com\/it\/#website"},"primaryImageOfPage":{"@id":"https:\/\/www.csj-emballages.com\/it\/produit\/calice-di-plastica-17-cl-da-10\/#primaryimage"},"image":{"@id":"https:\/\/www.csj-emballages.com\/it\/produit\/calice-di-plastica-17-cl-da-10\/#primaryimage"},"thumbnailUrl":"https:\/\/www.csj-emballages.com\/wp-content\/uploads\/2024\/03\/VP-17.webp","datePublished":"2024-03-01T15:46:32+00:00","dateModified":"2026-04-21T09:01:46+00:00","description":"Scopri il calice in polistirene da 17 cl in confezione da 10: elegante, pratico, resistente e perfetto per ogni tua occasione","breadcrumb":{"@id":"https:\/\/www.csj-emballages.com\/it\/produit\/calice-di-plastica-17-cl-da-10\/#breadcrumb"},"inLanguage":"it-IT","potentialAction":[{"@type":"ReadAction","target":["https:\/\/www.csj-emballages.com\/it\/produit\/calice-di-plastica-17-cl-da-10\/"]}]},{"@type":"ImageObject","inLanguage":"it-IT","@id":"https:\/\/www.csj-emballages.com\/it\/produit\/calice-di-plastica-17-cl-da-10\/#primaryimage","url":"https:\/\/www.csj-emballages.com\/wp-content\/uploads\/2024\/03\/VP-17.webp","contentUrl":"https:\/\/www.csj-emballages.com\/wp-content\/uploads\/2024\/03\/VP-17.webp","width":800,"height":800,"caption":"Verre \u00e0 pied"},{"@type":"BreadcrumbList","@id":"https:\/\/www.csj-emballages.com\/it\/produit\/calice-di-plastica-17-cl-da-10\/#breadcrumb","itemListElement":[{"@type":"ListItem","position":1,"name":"Home","item":"https:\/\/www.csj-emballages.com\/it\/universo-imballaggi-alimentari\/"},{"@type":"ListItem","position":2,"name":"Negozio","item":"https:\/\/www.csj-emballages.com\/it\/negozio\/"},{"@type":"ListItem","position":3,"name":"Calice di plastica 17 cl da 10"}]},{"@type":"WebSite","@id":"https:\/\/www.csj-emballages.com\/it\/#website","url":"https:\/\/www.csj-emballages.com\/it\/","name":"CSJ Emballages","description":"","publisher":{"@id":"https:\/\/www.csj-emballages.com\/it\/#organization"},"potentialAction":[{"@type":"SearchAction","target":{"@type":"EntryPoint","urlTemplate":"https:\/\/www.csj-emballages.com\/it\/?s={search_term_string}"},"query-input":{"@type":"PropertyValueSpecification","valueRequired":true,"valueName":"search_term_string"}}],"inLanguage":"it-IT"},{"@type":"Organization","@id":"https:\/\/www.csj-emballages.com\/it\/#Organization\/","name":"CSJ Emballages","url":"https:\/\/www.csj-emballages.com\/it\/","logo":{"@type":"ImageObject","inLanguage":"it-IT","@id":"https:\/\/www.csj-emballages.com\/it\/#\/schema\/logo\/image\/","url":"https:\/\/www.csj-emballages.com\/wp-content\/uploads\/2023\/10\/logo_csj.webp","contentUrl":"https:\/\/www.csj-emballages.com\/wp-content\/uploads\/2023\/10\/logo_csj.webp","width":250,"height":95,"caption":"CSJ Emballages"},"image":{"@id":"https:\/\/www.csj-emballages.com\/it\/#\/schema\/logo\/image\/"},"sameAs":["https:\/\/www.facebook.com\/csjemballages"],"address":{"@type":"PostalAddress","streetAddress":"ZI La Lechere","addressLocality":"Patornay","postalCode":"39130","addressCountry":"FR"},"contactPoint":[{"@type":"ContactPoint","contactType":"Service client","telephone":"0384254272","email":"contact@csj-emballages.com"}]}]}},"df_price":1.5,"df_sale_price":"","df_regular_price":1.5,"df_image_link":"https:\/\/www.csj-emballages.com\/wp-content\/uploads\/2024\/03\/VP-17-300x300.webp","tiered_pricing_type":"fixed","tiered_pricing_fixed_rules":[],"tiered_pricing_percentage_rules":[],"tiered_pricing_minimum":1,"tiered_pricing_roles_data":[],"_links":{"self":[{"href":"https:\/\/www.csj-emballages.com\/it\/wp-json\/wp\/v2\/product\/271092","targetHints":{"allow":["GET"]}}],"collection":[{"href":"https:\/\/www.csj-emballages.com\/it\/wp-json\/wp\/v2\/product"}],"about":[{"href":"https:\/\/www.csj-emballages.com\/it\/wp-json\/wp\/v2\/types\/product"}],"wp:featuredmedia":[{"embeddable":true,"href":"https:\/\/www.csj-emballages.com\/it\/wp-json\/wp\/v2\/media\/271098"}],"wp:attachment":[{"href":"https:\/\/www.csj-emballages.com\/it\/wp-json\/wp\/v2\/media?parent=271092"}],"wp:term":[{"taxonomy":"product_brand","embeddable":true,"href":"https:\/\/www.csj-emballages.com\/it\/wp-json\/wp\/v2\/product_brand?post=271092"},{"taxonomy":"product_cat","embeddable":true,"href":"https:\/\/www.csj-emballages.com\/it\/wp-json\/wp\/v2\/product_cat?post=271092"},{"taxonomy":"product_tag","embeddable":true,"href":"https:\/\/www.csj-emballages.com\/it\/wp-json\/wp\/v2\/product_tag?post=271092"}],"curies":[{"name":"wp","href":"https:\/\/api.w.org\/{rel}","templated":true}]}}