{"id":271087,"date":"2024-03-20T12:09:01","date_gmt":"2024-03-20T11:09:01","guid":{"rendered":"https:\/\/www.csj-emballages.com\/produit\/50-scatoline-per-pasticceria-con-manico-colorate-10-x-12-x-7-cm-a-croquer\/"},"modified":"2026-04-10T02:12:48","modified_gmt":"2026-04-10T00:12:48","slug":"50-scatoline-per-pasticceria-con-manico-colorate-10-x-12-x-7-cm-a-croquer","status":"publish","type":"product","link":"https:\/\/www.csj-emballages.com\/it\/produit\/50-scatoline-per-pasticceria-con-manico-colorate-10-x-12-x-7-cm-a-croquer\/","title":{"rendered":"50 scatoline per pasticceria con manico colorate 10 x 12 x 7 cm A Croquer"},"content":{"rendered":"<h2>Scatoline per pasticceria &#8220;A Croquer&#8221; colorate con manico 10x12x7 cm &#8211; da 50<\/h2>\n<hr>\n<h3>Descrizione del prodotto<\/h3>\n<p>Scopri le nostre scatoline per pasticceria con manico colorate, l&#8217;accessorio ideale per abbellire le tue golosit\u00e0. Ogni dettaglio conta, quindi scegli le nostre scatoline per una presentazione perfetta. Grazie ai loro pratici manici, trasporterai le tue creazioni con facilit\u00e0. Inoltre, i colori vivaci aggiungono un tocco di allegria ai tuoi dessert.   <\/p>\n<p>Perfette per ogni occasione, aggiungono un tocco festivo ai tuoi ricevimenti.<\/p>\n<p>Che si tratti di cupcake, muffin o altre dolcezze, le nostre scatoline per pasticceria con manico colorate sono indispensabili. Sono adatte anche per eventi speciali, come compleanni e matrimoni. Sono facili da usare, semplificando la preparazione e la presentazione.  <\/p>\n<p>Per ogni occasione, le nostre scatoline con manico colorate saranno il tuo alleato indispensabile.<\/p>\n<p><strong>I loro vantaggi:<\/strong><\/p>\n<ul>\n<li><strong>Praticit\u00e0 di trasporto<\/strong>: Grazie ai loro pratici manici, trasporta le tue creazioni con facilit\u00e0, senza rischio di rovesciarle<\/li>\n<li><strong>Estetica e allegria<\/strong>: I colori vivaci aggiungono un tocco di allegria ai tuoi dessert, rendendoli pi\u00f9 attraenti e festivi<\/li>\n<li><strong>Versatilit\u00e0 d&#8217;uso<\/strong>: Perfette per cupcake, muffin e altre dolcezze, si adattano a tutte le tue creazioni di pasticceria<\/li>\n<\/ul>\n<p>Disponibile in diverse misure: <span style=\"color: #d12727;\"><a style=\"color: #d12727;\" href=\"https:\/\/www.csj-emballages.com\/it\/produit\/50-scatole-per-pasticceria-con-manico-a-croquer-10-x-18-x-7-cm\/\">10 x 18 x 7 cm <\/a><\/span>\/ <span style=\"color: #d12727;\"><a style=\"color: #d12727;\" href=\"https:\/\/www.csj-emballages.com\/produit\/50-caissettes-patissieres-a-poignee-colorees-20-x-18-x-7-cm-a-croquer\/\">20 x 18 x 7 cm<\/a><\/span><\/p>\n<p><a href=\"\/?product_cat=boites-patissieres-colorees-a-croquer\">Trova qui il resto della nostra gamma di scatole per pasticceria &#8220;A Croquer&#8221;<\/a><\/p>\n<p><a href=\"https:\/\/www.csj-emballages.com\/it\/categorie-produit\/scatole-per-pasticceria-con-manici\/scatole-per-pasticceria-colorate\/\">Consulta il resto della nostra gamma di scatoline per pasticceria colorate<\/a><\/p>\n","protected":false},"excerpt":{"rendered":"<p>Scatoline per pasticceria &#8220;A Croquer&#8221; colorate con manico 10x12x7 cm &#8211; da 50 Descrizione del prodotto Scopri le nostre scatoline per pasticceria con manico colorate, l&#8217;accessorio ideale per abbellire le tue golosit\u00e0. Ogni dettaglio conta, quindi scegli le nostre scatoline per una presentazione perfetta. Grazie ai loro pratici manici, trasporterai le tue creazioni con facilit\u00e0. [&hellip;]<\/p>\n","protected":false},"featured_media":268719,"template":"","meta":{"_acf_changed":false},"product_brand":[],"product_cat":[10346,10344,10812,10813,10358],"product_tag":[],"class_list":{"0":"post-271087","1":"product","2":"type-product","3":"status-publish","4":"has-post-thumbnail","6":"product_cat-imballaggi-alimentari","7":"product_cat-panetteria-pasticceria","8":"product_cat-scatole-per-pasticceria-con-manici","9":"product_cat-scatole-per-pasticceria-colorate","10":"product_cat-stock","12":"first","13":"instock","14":"sale","15":"taxable","16":"shipping-taxable","17":"purchasable","18":"product-type-simple"},"acf":[],"yoast_head":"<!-- This site is optimized with the Yoast SEO Premium plugin v26.6 (Yoast SEO v26.6) - https:\/\/yoast.com\/wordpress\/plugins\/seo\/ -->\n<title>Scatoline per pasticceria con manico colorate 10 x 12 x 7 cm<\/title>\n<meta name=\"description\" content=\"Scatoline per pasticceria con manico colorate e in cartone, dimensioni: 10 x 12 x 7 cm. Ideali per confezionare e trasportare le tue deliziose creazioni!\" \/>\n<meta name=\"robots\" content=\"index, follow, max-snippet:-1, max-image-preview:large, max-video-preview:-1\" \/>\n<link rel=\"canonical\" href=\"https:\/\/www.csj-emballages.com\/it\/produit\/50-scatoline-per-pasticceria-con-manico-colorate-10-x-12-x-7-cm-a-croquer\/\" \/>\n<meta property=\"og:locale\" content=\"it_IT\" \/>\n<meta property=\"og:type\" content=\"article\" \/>\n<meta property=\"og:title\" content=\"50 scatoline per pasticceria con manico colorate 10 x 12 x 7 cm A Croquer\" \/>\n<meta property=\"og:description\" content=\"Scatoline per pasticceria con manico colorate e in cartone, dimensioni: 10 x 12 x 7 cm. Ideali per confezionare e trasportare le tue deliziose creazioni!\" \/>\n<meta property=\"og:url\" content=\"https:\/\/www.csj-emballages.com\/it\/produit\/50-scatoline-per-pasticceria-con-manico-colorate-10-x-12-x-7-cm-a-croquer\/\" \/>\n<meta property=\"og:site_name\" content=\"CSJ Emballages\" \/>\n<meta property=\"article:publisher\" content=\"https:\/\/www.facebook.com\/csjemballages\" \/>\n<meta property=\"article:modified_time\" content=\"2026-04-10T00:12:48+00:00\" \/>\n<meta property=\"og:image\" content=\"https:\/\/www.csj-emballages.com\/wp-content\/uploads\/2024\/03\/Capture_d_ecran_2024-04-03_a_10.56.35_2-removebg-preview-2-e1712134767934.png\" \/>\n\t<meta property=\"og:image:width\" content=\"300\" \/>\n\t<meta property=\"og:image:height\" content=\"300\" \/>\n\t<meta property=\"og:image:type\" content=\"image\/png\" \/>\n<meta name=\"twitter:card\" content=\"summary_large_image\" \/>\n<meta name=\"twitter:label1\" content=\"Dur\u00e9e de lecture estim\u00e9e\" \/>\n\t<meta name=\"twitter:data1\" content=\"1 minuto\" \/>\n<script type=\"application\/ld+json\" class=\"yoast-schema-graph\">{\"@context\":\"https:\/\/schema.org\",\"@graph\":[{\"@type\":\"WebPage\",\"@id\":\"https:\/\/www.csj-emballages.com\/it\/produit\/50-scatoline-per-pasticceria-con-manico-colorate-10-x-12-x-7-cm-a-croquer\/\",\"url\":\"https:\/\/www.csj-emballages.com\/it\/produit\/50-scatoline-per-pasticceria-con-manico-colorate-10-x-12-x-7-cm-a-croquer\/\",\"name\":\"Scatoline per pasticceria con manico colorate 10 x 12 x 7 cm\",\"isPartOf\":{\"@id\":\"https:\/\/www.csj-emballages.com\/it\/#website\"},\"primaryImageOfPage\":{\"@id\":\"https:\/\/www.csj-emballages.com\/it\/produit\/50-scatoline-per-pasticceria-con-manico-colorate-10-x-12-x-7-cm-a-croquer\/#primaryimage\"},\"image\":{\"@id\":\"https:\/\/www.csj-emballages.com\/it\/produit\/50-scatoline-per-pasticceria-con-manico-colorate-10-x-12-x-7-cm-a-croquer\/#primaryimage\"},\"thumbnailUrl\":\"https:\/\/www.csj-emballages.com\/wp-content\/uploads\/2024\/03\/Capture_d_ecran_2024-04-03_a_10.56.35_2-removebg-preview-2-e1712134767934.png\",\"datePublished\":\"2024-03-20T11:09:01+00:00\",\"dateModified\":\"2026-04-10T00:12:48+00:00\",\"description\":\"Scatoline per pasticceria con manico colorate e in cartone, dimensioni: 10 x 12 x 7 cm. Ideali per confezionare e trasportare le tue deliziose creazioni!\",\"breadcrumb\":{\"@id\":\"https:\/\/www.csj-emballages.com\/it\/produit\/50-scatoline-per-pasticceria-con-manico-colorate-10-x-12-x-7-cm-a-croquer\/#breadcrumb\"},\"inLanguage\":\"it-IT\",\"potentialAction\":[{\"@type\":\"ReadAction\",\"target\":[\"https:\/\/www.csj-emballages.com\/it\/produit\/50-scatoline-per-pasticceria-con-manico-colorate-10-x-12-x-7-cm-a-croquer\/\"]}]},{\"@type\":\"ImageObject\",\"inLanguage\":\"it-IT\",\"@id\":\"https:\/\/www.csj-emballages.com\/it\/produit\/50-scatoline-per-pasticceria-con-manico-colorate-10-x-12-x-7-cm-a-croquer\/#primaryimage\",\"url\":\"https:\/\/www.csj-emballages.com\/wp-content\/uploads\/2024\/03\/Capture_d_ecran_2024-04-03_a_10.56.35_2-removebg-preview-2-e1712134767934.png\",\"contentUrl\":\"https:\/\/www.csj-emballages.com\/wp-content\/uploads\/2024\/03\/Capture_d_ecran_2024-04-03_a_10.56.35_2-removebg-preview-2-e1712134767934.png\",\"width\":300,\"height\":300,\"caption\":\"caissettes p\u00e2tissi\u00e8res poign\u00e9e color\u00e9es\"},{\"@type\":\"BreadcrumbList\",\"@id\":\"https:\/\/www.csj-emballages.com\/it\/produit\/50-scatoline-per-pasticceria-con-manico-colorate-10-x-12-x-7-cm-a-croquer\/#breadcrumb\",\"itemListElement\":[{\"@type\":\"ListItem\",\"position\":1,\"name\":\"Home\",\"item\":\"https:\/\/www.csj-emballages.com\/it\/universo-imballaggi-alimentari\/\"},{\"@type\":\"ListItem\",\"position\":2,\"name\":\"Negozio\",\"item\":\"https:\/\/www.csj-emballages.com\/it\/negozio\/\"},{\"@type\":\"ListItem\",\"position\":3,\"name\":\"50 scatoline per pasticceria con manico colorate 10 x 12 x 7 cm A Croquer\"}]},{\"@type\":\"WebSite\",\"@id\":\"https:\/\/www.csj-emballages.com\/it\/#website\",\"url\":\"https:\/\/www.csj-emballages.com\/it\/\",\"name\":\"CSJ Emballages\",\"description\":\"\",\"publisher\":{\"@id\":\"https:\/\/www.csj-emballages.com\/it\/#organization\"},\"potentialAction\":[{\"@type\":\"SearchAction\",\"target\":{\"@type\":\"EntryPoint\",\"urlTemplate\":\"https:\/\/www.csj-emballages.com\/it\/?s={search_term_string}\"},\"query-input\":{\"@type\":\"PropertyValueSpecification\",\"valueRequired\":true,\"valueName\":\"search_term_string\"}}],\"inLanguage\":\"it-IT\"},{\"@type\":\"Organization\",\"@id\":\"https:\/\/www.csj-emballages.com\/it\/#Organization\/\",\"name\":\"CSJ Emballages\",\"url\":\"https:\/\/www.csj-emballages.com\/it\/\",\"logo\":{\"@type\":\"ImageObject\",\"inLanguage\":\"it-IT\",\"@id\":\"https:\/\/www.csj-emballages.com\/it\/#\/schema\/logo\/image\/\",\"url\":\"https:\/\/www.csj-emballages.com\/wp-content\/uploads\/2023\/10\/logo_csj.webp\",\"contentUrl\":\"https:\/\/www.csj-emballages.com\/wp-content\/uploads\/2023\/10\/logo_csj.webp\",\"width\":250,\"height\":95,\"caption\":\"CSJ Emballages\"},\"image\":{\"@id\":\"https:\/\/www.csj-emballages.com\/it\/#\/schema\/logo\/image\/\"},\"sameAs\":[\"https:\/\/www.facebook.com\/csjemballages\"],\"address\":{\"@type\":\"PostalAddress\",\"streetAddress\":\"ZI La Lechere\",\"addressLocality\":\"Patornay\",\"postalCode\":\"39130\",\"addressCountry\":\"FR\"},\"contactPoint\":[{\"@type\":\"ContactPoint\",\"contactType\":\"Service client\",\"telephone\":\"0384254272\",\"email\":\"contact@csj-emballages.com\"}]}]}<\/script>\n<!-- \/ Yoast SEO Premium plugin. -->","yoast_head_json":{"title":"Scatoline per pasticceria con manico colorate 10 x 12 x 7 cm","description":"Scatoline per pasticceria con manico colorate e in cartone, dimensioni: 10 x 12 x 7 cm. Ideali per confezionare e trasportare le tue deliziose creazioni!","robots":{"index":"index","follow":"follow","max-snippet":"max-snippet:-1","max-image-preview":"max-image-preview:large","max-video-preview":"max-video-preview:-1"},"canonical":"https:\/\/www.csj-emballages.com\/it\/produit\/50-scatoline-per-pasticceria-con-manico-colorate-10-x-12-x-7-cm-a-croquer\/","og_locale":"it_IT","og_type":"article","og_title":"50 scatoline per pasticceria con manico colorate 10 x 12 x 7 cm A Croquer","og_description":"Scatoline per pasticceria con manico colorate e in cartone, dimensioni: 10 x 12 x 7 cm. Ideali per confezionare e trasportare le tue deliziose creazioni!","og_url":"https:\/\/www.csj-emballages.com\/it\/produit\/50-scatoline-per-pasticceria-con-manico-colorate-10-x-12-x-7-cm-a-croquer\/","og_site_name":"CSJ Emballages","article_publisher":"https:\/\/www.facebook.com\/csjemballages","article_modified_time":"2026-04-10T00:12:48+00:00","og_image":[{"width":300,"height":300,"url":"https:\/\/www.csj-emballages.com\/wp-content\/uploads\/2024\/03\/Capture_d_ecran_2024-04-03_a_10.56.35_2-removebg-preview-2-e1712134767934.png","type":"image\/png"}],"twitter_card":"summary_large_image","twitter_misc":{"Dur\u00e9e de lecture estim\u00e9e":"1 minuto"},"schema":{"@context":"https:\/\/schema.org","@graph":[{"@type":"WebPage","@id":"https:\/\/www.csj-emballages.com\/it\/produit\/50-scatoline-per-pasticceria-con-manico-colorate-10-x-12-x-7-cm-a-croquer\/","url":"https:\/\/www.csj-emballages.com\/it\/produit\/50-scatoline-per-pasticceria-con-manico-colorate-10-x-12-x-7-cm-a-croquer\/","name":"Scatoline per pasticceria con manico colorate 10 x 12 x 7 cm","isPartOf":{"@id":"https:\/\/www.csj-emballages.com\/it\/#website"},"primaryImageOfPage":{"@id":"https:\/\/www.csj-emballages.com\/it\/produit\/50-scatoline-per-pasticceria-con-manico-colorate-10-x-12-x-7-cm-a-croquer\/#primaryimage"},"image":{"@id":"https:\/\/www.csj-emballages.com\/it\/produit\/50-scatoline-per-pasticceria-con-manico-colorate-10-x-12-x-7-cm-a-croquer\/#primaryimage"},"thumbnailUrl":"https:\/\/www.csj-emballages.com\/wp-content\/uploads\/2024\/03\/Capture_d_ecran_2024-04-03_a_10.56.35_2-removebg-preview-2-e1712134767934.png","datePublished":"2024-03-20T11:09:01+00:00","dateModified":"2026-04-10T00:12:48+00:00","description":"Scatoline per pasticceria con manico colorate e in cartone, dimensioni: 10 x 12 x 7 cm. Ideali per confezionare e trasportare le tue deliziose creazioni!","breadcrumb":{"@id":"https:\/\/www.csj-emballages.com\/it\/produit\/50-scatoline-per-pasticceria-con-manico-colorate-10-x-12-x-7-cm-a-croquer\/#breadcrumb"},"inLanguage":"it-IT","potentialAction":[{"@type":"ReadAction","target":["https:\/\/www.csj-emballages.com\/it\/produit\/50-scatoline-per-pasticceria-con-manico-colorate-10-x-12-x-7-cm-a-croquer\/"]}]},{"@type":"ImageObject","inLanguage":"it-IT","@id":"https:\/\/www.csj-emballages.com\/it\/produit\/50-scatoline-per-pasticceria-con-manico-colorate-10-x-12-x-7-cm-a-croquer\/#primaryimage","url":"https:\/\/www.csj-emballages.com\/wp-content\/uploads\/2024\/03\/Capture_d_ecran_2024-04-03_a_10.56.35_2-removebg-preview-2-e1712134767934.png","contentUrl":"https:\/\/www.csj-emballages.com\/wp-content\/uploads\/2024\/03\/Capture_d_ecran_2024-04-03_a_10.56.35_2-removebg-preview-2-e1712134767934.png","width":300,"height":300,"caption":"caissettes p\u00e2tissi\u00e8res poign\u00e9e color\u00e9es"},{"@type":"BreadcrumbList","@id":"https:\/\/www.csj-emballages.com\/it\/produit\/50-scatoline-per-pasticceria-con-manico-colorate-10-x-12-x-7-cm-a-croquer\/#breadcrumb","itemListElement":[{"@type":"ListItem","position":1,"name":"Home","item":"https:\/\/www.csj-emballages.com\/it\/universo-imballaggi-alimentari\/"},{"@type":"ListItem","position":2,"name":"Negozio","item":"https:\/\/www.csj-emballages.com\/it\/negozio\/"},{"@type":"ListItem","position":3,"name":"50 scatoline per pasticceria con manico colorate 10 x 12 x 7 cm A Croquer"}]},{"@type":"WebSite","@id":"https:\/\/www.csj-emballages.com\/it\/#website","url":"https:\/\/www.csj-emballages.com\/it\/","name":"CSJ Emballages","description":"","publisher":{"@id":"https:\/\/www.csj-emballages.com\/it\/#organization"},"potentialAction":[{"@type":"SearchAction","target":{"@type":"EntryPoint","urlTemplate":"https:\/\/www.csj-emballages.com\/it\/?s={search_term_string}"},"query-input":{"@type":"PropertyValueSpecification","valueRequired":true,"valueName":"search_term_string"}}],"inLanguage":"it-IT"},{"@type":"Organization","@id":"https:\/\/www.csj-emballages.com\/it\/#Organization\/","name":"CSJ Emballages","url":"https:\/\/www.csj-emballages.com\/it\/","logo":{"@type":"ImageObject","inLanguage":"it-IT","@id":"https:\/\/www.csj-emballages.com\/it\/#\/schema\/logo\/image\/","url":"https:\/\/www.csj-emballages.com\/wp-content\/uploads\/2023\/10\/logo_csj.webp","contentUrl":"https:\/\/www.csj-emballages.com\/wp-content\/uploads\/2023\/10\/logo_csj.webp","width":250,"height":95,"caption":"CSJ Emballages"},"image":{"@id":"https:\/\/www.csj-emballages.com\/it\/#\/schema\/logo\/image\/"},"sameAs":["https:\/\/www.facebook.com\/csjemballages"],"address":{"@type":"PostalAddress","streetAddress":"ZI La Lechere","addressLocality":"Patornay","postalCode":"39130","addressCountry":"FR"},"contactPoint":[{"@type":"ContactPoint","contactType":"Service client","telephone":"0384254272","email":"contact@csj-emballages.com"}]}]}},"df_price":9.66,"df_sale_price":9.66,"df_regular_price":16.1,"df_image_link":"https:\/\/www.csj-emballages.com\/wp-content\/uploads\/2024\/03\/Capture_d_ecran_2024-04-03_a_10.56.35_2-removebg-preview-2-300x300.png","tiered_pricing_type":"fixed","tiered_pricing_fixed_rules":[],"tiered_pricing_percentage_rules":[],"tiered_pricing_minimum":1,"tiered_pricing_roles_data":[],"_links":{"self":[{"href":"https:\/\/www.csj-emballages.com\/it\/wp-json\/wp\/v2\/product\/271087","targetHints":{"allow":["GET"]}}],"collection":[{"href":"https:\/\/www.csj-emballages.com\/it\/wp-json\/wp\/v2\/product"}],"about":[{"href":"https:\/\/www.csj-emballages.com\/it\/wp-json\/wp\/v2\/types\/product"}],"wp:featuredmedia":[{"embeddable":true,"href":"https:\/\/www.csj-emballages.com\/it\/wp-json\/wp\/v2\/media\/268719"}],"wp:attachment":[{"href":"https:\/\/www.csj-emballages.com\/it\/wp-json\/wp\/v2\/media?parent=271087"}],"wp:term":[{"taxonomy":"product_brand","embeddable":true,"href":"https:\/\/www.csj-emballages.com\/it\/wp-json\/wp\/v2\/product_brand?post=271087"},{"taxonomy":"product_cat","embeddable":true,"href":"https:\/\/www.csj-emballages.com\/it\/wp-json\/wp\/v2\/product_cat?post=271087"},{"taxonomy":"product_tag","embeddable":true,"href":"https:\/\/www.csj-emballages.com\/it\/wp-json\/wp\/v2\/product_tag?post=271087"}],"curies":[{"name":"wp","href":"https:\/\/api.w.org\/{rel}","templated":true}]}}