{"id":271085,"date":"2024-03-20T12:12:50","date_gmt":"2024-03-20T11:12:50","guid":{"rendered":"https:\/\/www.csj-emballages.com\/produit\/cannuccia-in-carta-kraft-dritta-230-mm-o-8-mm-x-100\/"},"modified":"2026-04-18T02:15:35","modified_gmt":"2026-04-18T00:15:35","slug":"cannuccia-in-carta-kraft-dritta-230-mm-o-8-mm-x-100","status":"publish","type":"product","link":"https:\/\/www.csj-emballages.com\/it\/produit\/cannuccia-in-carta-kraft-dritta-230-mm-o-8-mm-x-100\/","title":{"rendered":"Cannuccia in carta kraft dritta 230 mm \u00d8 8 mm x 100"},"content":{"rendered":"<h2>Cannuccia<\/h2>\n<hr>\n<h3>Descrizione della nostra Cannuccia in carta kraft dritta 230 mm \u00d8 8 mm x 100<\/h3>\n<p><!--more--><\/p>\n<p>Scopri la nostra <strong>cannuccia<\/strong> <strong>dritta da 230 mm in carta \u00d8 8 mm<\/strong>, realizzata in carta kraft resistente, ideale per tutte le tue bevande preferite. Con un diametro di 8 mm, offre un flusso ottimale per i tuoi frullati, succhi e cocktail. Progettata per essere ecologica, \u00e8 completamente biodegradabile e compostabile. D\u00ec addio alle cannucce di plastica inquinanti e scegli un&#8217;alternativa rispettosa dell&#8217;ambiente. Il loro colore naturale si adatta a tutti gli stili di ricevimento, dalle feste informali agli eventi formali. Sono anche resistenti, non si ammorbidiscono rapidamente nelle bevande. Perfette per ristoranti, bar e privati, garantiscono un&#8217;esperienza di consumo piacevole. Ogni cannuccia \u00e8 accuratamente realizzata per garantire una qualit\u00e0 superiore. Facili da conservare, mantengono la loro qualit\u00e0 a lungo.        <\/p>\n<p>&nbsp;<\/p>\n<p><!--more--><\/p>\n<p>Ordina subito la nostra <strong>cannuccia<\/strong> <strong>dritta da 230 mm in carta \u00d8 8 mm<\/strong> e fai un gesto per il pianeta.<\/p>\n<p>&nbsp;<\/p>\n<p><!--more--><\/p>\n<h4><strong>I loro vantaggi:<\/strong><\/h4>\n<ul>\n<li><strong>Ecologiche e Biodegradabili<\/strong>: Realizzate in carta kraft, si decompongono naturalmente, riducendo i rifiuti di plastica.<\/li>\n<li><strong>Versatili<\/strong>: Ideali per una variet\u00e0 di bevande, dai frullati densi ai cocktail rinfrescanti.<\/li>\n<li><strong>Facili da Conservare<\/strong>: Non occupano molto spazio e si mantengono bene senza perdita di qualit\u00e0.<\/li>\n<\/ul>\n<p>&nbsp;<\/p>\n<p><!--more--><\/p>\n<p><a href=\"\/?product_cat=pailles\">Consulta il resto della nostra gamma di cannucce<\/a><\/p>\n","protected":false},"excerpt":{"rendered":"<p>Cannuccia Descrizione della nostra Cannuccia in carta kraft dritta 230 mm \u00d8 8 mm x 100<\/p>\n","protected":false},"featured_media":271086,"template":"","meta":{"_acf_changed":false},"product_brand":[],"product_cat":[10346,10375,10878,10924,10350,10923],"product_tag":[],"class_list":{"0":"post-271085","1":"product","2":"type-product","3":"status-publish","4":"has-post-thumbnail","6":"product_cat-imballaggi-alimentari","7":"product_cat-ristorazione","8":"product_cat-piatti-posate-monouso-cannucce","9":"product_cat-cannucce","10":"product_cat-gamma-bio","11":"product_cat-cannucce-bio","13":"first","14":"instock","15":"taxable","16":"shipping-taxable","17":"purchasable","18":"product-type-simple"},"acf":[],"yoast_head":"<!-- This site is optimized with the Yoast SEO Premium plugin v26.6 (Yoast SEO v26.6) - https:\/\/yoast.com\/wordpress\/plugins\/seo\/ -->\n<title>Cannuccia in carta kraft dritta - 230 mm x \u00d8 8 mm<\/title>\n<meta name=\"description\" content=\"Scopri la nostra cannuccia in carta dritta da 230 mm \u00d8 8 mm. Scegli un&#039;alternativa sostenibile e rispettosa dell&#039;ambiente!\" \/>\n<meta name=\"robots\" content=\"index, follow, max-snippet:-1, max-image-preview:large, max-video-preview:-1\" \/>\n<link rel=\"canonical\" href=\"https:\/\/www.csj-emballages.com\/it\/produit\/cannuccia-in-carta-kraft-dritta-230-mm-o-8-mm-x-100\/\" \/>\n<meta property=\"og:locale\" content=\"it_IT\" \/>\n<meta property=\"og:type\" content=\"article\" \/>\n<meta property=\"og:title\" content=\"Cannuccia in carta kraft dritta 230 mm \u00d8 8 mm x 100\" \/>\n<meta property=\"og:description\" content=\"Scopri la nostra cannuccia in carta dritta da 230 mm \u00d8 8 mm. Scegli un&#039;alternativa sostenibile e rispettosa dell&#039;ambiente!\" \/>\n<meta property=\"og:url\" content=\"https:\/\/www.csj-emballages.com\/it\/produit\/cannuccia-in-carta-kraft-dritta-230-mm-o-8-mm-x-100\/\" \/>\n<meta property=\"og:site_name\" content=\"CSJ Emballages\" \/>\n<meta property=\"article:publisher\" content=\"https:\/\/www.facebook.com\/csjemballages\" \/>\n<meta property=\"article:modified_time\" content=\"2026-04-18T00:15:35+00:00\" \/>\n<meta property=\"og:image\" content=\"https:\/\/www.csj-emballages.com\/wp-content\/uploads\/2024\/03\/001010490-1-scaled-e1721723388189.webp\" \/>\n\t<meta property=\"og:image:width\" content=\"300\" \/>\n\t<meta property=\"og:image:height\" content=\"300\" \/>\n\t<meta property=\"og:image:type\" content=\"image\/jpeg\" \/>\n<meta name=\"twitter:card\" content=\"summary_large_image\" \/>\n<meta name=\"twitter:label1\" content=\"Dur\u00e9e de lecture estim\u00e9e\" \/>\n\t<meta name=\"twitter:data1\" content=\"1 minuto\" \/>\n<script type=\"application\/ld+json\" class=\"yoast-schema-graph\">{\"@context\":\"https:\/\/schema.org\",\"@graph\":[{\"@type\":\"WebPage\",\"@id\":\"https:\/\/www.csj-emballages.com\/it\/produit\/cannuccia-in-carta-kraft-dritta-230-mm-o-8-mm-x-100\/\",\"url\":\"https:\/\/www.csj-emballages.com\/it\/produit\/cannuccia-in-carta-kraft-dritta-230-mm-o-8-mm-x-100\/\",\"name\":\"Cannuccia in carta kraft dritta - 230 mm x \u00d8 8 mm\",\"isPartOf\":{\"@id\":\"https:\/\/www.csj-emballages.com\/it\/#website\"},\"primaryImageOfPage\":{\"@id\":\"https:\/\/www.csj-emballages.com\/it\/produit\/cannuccia-in-carta-kraft-dritta-230-mm-o-8-mm-x-100\/#primaryimage\"},\"image\":{\"@id\":\"https:\/\/www.csj-emballages.com\/it\/produit\/cannuccia-in-carta-kraft-dritta-230-mm-o-8-mm-x-100\/#primaryimage\"},\"thumbnailUrl\":\"https:\/\/www.csj-emballages.com\/wp-content\/uploads\/2024\/03\/001010490-1-scaled-e1721723388189.webp\",\"datePublished\":\"2024-03-20T11:12:50+00:00\",\"dateModified\":\"2026-04-18T00:15:35+00:00\",\"description\":\"Scopri la nostra cannuccia in carta dritta da 230 mm \u00d8 8 mm. Scegli un'alternativa sostenibile e rispettosa dell'ambiente!\",\"breadcrumb\":{\"@id\":\"https:\/\/www.csj-emballages.com\/it\/produit\/cannuccia-in-carta-kraft-dritta-230-mm-o-8-mm-x-100\/#breadcrumb\"},\"inLanguage\":\"it-IT\",\"potentialAction\":[{\"@type\":\"ReadAction\",\"target\":[\"https:\/\/www.csj-emballages.com\/it\/produit\/cannuccia-in-carta-kraft-dritta-230-mm-o-8-mm-x-100\/\"]}]},{\"@type\":\"ImageObject\",\"inLanguage\":\"it-IT\",\"@id\":\"https:\/\/www.csj-emballages.com\/it\/produit\/cannuccia-in-carta-kraft-dritta-230-mm-o-8-mm-x-100\/#primaryimage\",\"url\":\"https:\/\/www.csj-emballages.com\/wp-content\/uploads\/2024\/03\/001010490-1-scaled-e1721723388189.webp\",\"contentUrl\":\"https:\/\/www.csj-emballages.com\/wp-content\/uploads\/2024\/03\/001010490-1-scaled-e1721723388189.webp\",\"width\":300,\"height\":300,\"caption\":\"Paille\"},{\"@type\":\"BreadcrumbList\",\"@id\":\"https:\/\/www.csj-emballages.com\/it\/produit\/cannuccia-in-carta-kraft-dritta-230-mm-o-8-mm-x-100\/#breadcrumb\",\"itemListElement\":[{\"@type\":\"ListItem\",\"position\":1,\"name\":\"Home\",\"item\":\"https:\/\/www.csj-emballages.com\/it\/universo-imballaggi-alimentari\/\"},{\"@type\":\"ListItem\",\"position\":2,\"name\":\"Negozio\",\"item\":\"https:\/\/www.csj-emballages.com\/it\/negozio\/\"},{\"@type\":\"ListItem\",\"position\":3,\"name\":\"Cannuccia in carta kraft dritta 230 mm \u00d8 8 mm x 100\"}]},{\"@type\":\"WebSite\",\"@id\":\"https:\/\/www.csj-emballages.com\/it\/#website\",\"url\":\"https:\/\/www.csj-emballages.com\/it\/\",\"name\":\"CSJ Emballages\",\"description\":\"\",\"publisher\":{\"@id\":\"https:\/\/www.csj-emballages.com\/it\/#organization\"},\"potentialAction\":[{\"@type\":\"SearchAction\",\"target\":{\"@type\":\"EntryPoint\",\"urlTemplate\":\"https:\/\/www.csj-emballages.com\/it\/?s={search_term_string}\"},\"query-input\":{\"@type\":\"PropertyValueSpecification\",\"valueRequired\":true,\"valueName\":\"search_term_string\"}}],\"inLanguage\":\"it-IT\"},{\"@type\":\"Organization\",\"@id\":\"https:\/\/www.csj-emballages.com\/it\/#Organization\/\",\"name\":\"CSJ Emballages\",\"url\":\"https:\/\/www.csj-emballages.com\/it\/\",\"logo\":{\"@type\":\"ImageObject\",\"inLanguage\":\"it-IT\",\"@id\":\"https:\/\/www.csj-emballages.com\/it\/#\/schema\/logo\/image\/\",\"url\":\"https:\/\/www.csj-emballages.com\/wp-content\/uploads\/2023\/10\/logo_csj.webp\",\"contentUrl\":\"https:\/\/www.csj-emballages.com\/wp-content\/uploads\/2023\/10\/logo_csj.webp\",\"width\":250,\"height\":95,\"caption\":\"CSJ Emballages\"},\"image\":{\"@id\":\"https:\/\/www.csj-emballages.com\/it\/#\/schema\/logo\/image\/\"},\"sameAs\":[\"https:\/\/www.facebook.com\/csjemballages\"],\"address\":{\"@type\":\"PostalAddress\",\"streetAddress\":\"ZI La Lechere\",\"addressLocality\":\"Patornay\",\"postalCode\":\"39130\",\"addressCountry\":\"FR\"},\"contactPoint\":[{\"@type\":\"ContactPoint\",\"contactType\":\"Service client\",\"telephone\":\"0384254272\",\"email\":\"contact@csj-emballages.com\"}]}]}<\/script>\n<!-- \/ Yoast SEO Premium plugin. -->","yoast_head_json":{"title":"Cannuccia in carta kraft dritta - 230 mm x \u00d8 8 mm","description":"Scopri la nostra cannuccia in carta dritta da 230 mm \u00d8 8 mm. Scegli un'alternativa sostenibile e rispettosa dell'ambiente!","robots":{"index":"index","follow":"follow","max-snippet":"max-snippet:-1","max-image-preview":"max-image-preview:large","max-video-preview":"max-video-preview:-1"},"canonical":"https:\/\/www.csj-emballages.com\/it\/produit\/cannuccia-in-carta-kraft-dritta-230-mm-o-8-mm-x-100\/","og_locale":"it_IT","og_type":"article","og_title":"Cannuccia in carta kraft dritta 230 mm \u00d8 8 mm x 100","og_description":"Scopri la nostra cannuccia in carta dritta da 230 mm \u00d8 8 mm. Scegli un'alternativa sostenibile e rispettosa dell'ambiente!","og_url":"https:\/\/www.csj-emballages.com\/it\/produit\/cannuccia-in-carta-kraft-dritta-230-mm-o-8-mm-x-100\/","og_site_name":"CSJ Emballages","article_publisher":"https:\/\/www.facebook.com\/csjemballages","article_modified_time":"2026-04-18T00:15:35+00:00","og_image":[{"width":300,"height":300,"url":"https:\/\/www.csj-emballages.com\/wp-content\/uploads\/2024\/03\/001010490-1-scaled-e1721723388189.webp","type":"image\/jpeg"}],"twitter_card":"summary_large_image","twitter_misc":{"Dur\u00e9e de lecture estim\u00e9e":"1 minuto"},"schema":{"@context":"https:\/\/schema.org","@graph":[{"@type":"WebPage","@id":"https:\/\/www.csj-emballages.com\/it\/produit\/cannuccia-in-carta-kraft-dritta-230-mm-o-8-mm-x-100\/","url":"https:\/\/www.csj-emballages.com\/it\/produit\/cannuccia-in-carta-kraft-dritta-230-mm-o-8-mm-x-100\/","name":"Cannuccia in carta kraft dritta - 230 mm x \u00d8 8 mm","isPartOf":{"@id":"https:\/\/www.csj-emballages.com\/it\/#website"},"primaryImageOfPage":{"@id":"https:\/\/www.csj-emballages.com\/it\/produit\/cannuccia-in-carta-kraft-dritta-230-mm-o-8-mm-x-100\/#primaryimage"},"image":{"@id":"https:\/\/www.csj-emballages.com\/it\/produit\/cannuccia-in-carta-kraft-dritta-230-mm-o-8-mm-x-100\/#primaryimage"},"thumbnailUrl":"https:\/\/www.csj-emballages.com\/wp-content\/uploads\/2024\/03\/001010490-1-scaled-e1721723388189.webp","datePublished":"2024-03-20T11:12:50+00:00","dateModified":"2026-04-18T00:15:35+00:00","description":"Scopri la nostra cannuccia in carta dritta da 230 mm \u00d8 8 mm. Scegli un'alternativa sostenibile e rispettosa dell'ambiente!","breadcrumb":{"@id":"https:\/\/www.csj-emballages.com\/it\/produit\/cannuccia-in-carta-kraft-dritta-230-mm-o-8-mm-x-100\/#breadcrumb"},"inLanguage":"it-IT","potentialAction":[{"@type":"ReadAction","target":["https:\/\/www.csj-emballages.com\/it\/produit\/cannuccia-in-carta-kraft-dritta-230-mm-o-8-mm-x-100\/"]}]},{"@type":"ImageObject","inLanguage":"it-IT","@id":"https:\/\/www.csj-emballages.com\/it\/produit\/cannuccia-in-carta-kraft-dritta-230-mm-o-8-mm-x-100\/#primaryimage","url":"https:\/\/www.csj-emballages.com\/wp-content\/uploads\/2024\/03\/001010490-1-scaled-e1721723388189.webp","contentUrl":"https:\/\/www.csj-emballages.com\/wp-content\/uploads\/2024\/03\/001010490-1-scaled-e1721723388189.webp","width":300,"height":300,"caption":"Paille"},{"@type":"BreadcrumbList","@id":"https:\/\/www.csj-emballages.com\/it\/produit\/cannuccia-in-carta-kraft-dritta-230-mm-o-8-mm-x-100\/#breadcrumb","itemListElement":[{"@type":"ListItem","position":1,"name":"Home","item":"https:\/\/www.csj-emballages.com\/it\/universo-imballaggi-alimentari\/"},{"@type":"ListItem","position":2,"name":"Negozio","item":"https:\/\/www.csj-emballages.com\/it\/negozio\/"},{"@type":"ListItem","position":3,"name":"Cannuccia in carta kraft dritta 230 mm \u00d8 8 mm x 100"}]},{"@type":"WebSite","@id":"https:\/\/www.csj-emballages.com\/it\/#website","url":"https:\/\/www.csj-emballages.com\/it\/","name":"CSJ Emballages","description":"","publisher":{"@id":"https:\/\/www.csj-emballages.com\/it\/#organization"},"potentialAction":[{"@type":"SearchAction","target":{"@type":"EntryPoint","urlTemplate":"https:\/\/www.csj-emballages.com\/it\/?s={search_term_string}"},"query-input":{"@type":"PropertyValueSpecification","valueRequired":true,"valueName":"search_term_string"}}],"inLanguage":"it-IT"},{"@type":"Organization","@id":"https:\/\/www.csj-emballages.com\/it\/#Organization\/","name":"CSJ Emballages","url":"https:\/\/www.csj-emballages.com\/it\/","logo":{"@type":"ImageObject","inLanguage":"it-IT","@id":"https:\/\/www.csj-emballages.com\/it\/#\/schema\/logo\/image\/","url":"https:\/\/www.csj-emballages.com\/wp-content\/uploads\/2023\/10\/logo_csj.webp","contentUrl":"https:\/\/www.csj-emballages.com\/wp-content\/uploads\/2023\/10\/logo_csj.webp","width":250,"height":95,"caption":"CSJ Emballages"},"image":{"@id":"https:\/\/www.csj-emballages.com\/it\/#\/schema\/logo\/image\/"},"sameAs":["https:\/\/www.facebook.com\/csjemballages"],"address":{"@type":"PostalAddress","streetAddress":"ZI La Lechere","addressLocality":"Patornay","postalCode":"39130","addressCountry":"FR"},"contactPoint":[{"@type":"ContactPoint","contactType":"Service client","telephone":"0384254272","email":"contact@csj-emballages.com"}]}]}},"df_price":1.66,"df_sale_price":"","df_regular_price":1.66,"df_image_link":"https:\/\/www.csj-emballages.com\/wp-content\/uploads\/2024\/03\/001010490-1-scaled-e1721723374834-300x300.webp","tiered_pricing_type":"fixed","tiered_pricing_fixed_rules":[],"tiered_pricing_percentage_rules":[],"tiered_pricing_minimum":1,"tiered_pricing_roles_data":[],"_links":{"self":[{"href":"https:\/\/www.csj-emballages.com\/it\/wp-json\/wp\/v2\/product\/271085","targetHints":{"allow":["GET"]}}],"collection":[{"href":"https:\/\/www.csj-emballages.com\/it\/wp-json\/wp\/v2\/product"}],"about":[{"href":"https:\/\/www.csj-emballages.com\/it\/wp-json\/wp\/v2\/types\/product"}],"wp:featuredmedia":[{"embeddable":true,"href":"https:\/\/www.csj-emballages.com\/it\/wp-json\/wp\/v2\/media\/271086"}],"wp:attachment":[{"href":"https:\/\/www.csj-emballages.com\/it\/wp-json\/wp\/v2\/media?parent=271085"}],"wp:term":[{"taxonomy":"product_brand","embeddable":true,"href":"https:\/\/www.csj-emballages.com\/it\/wp-json\/wp\/v2\/product_brand?post=271085"},{"taxonomy":"product_cat","embeddable":true,"href":"https:\/\/www.csj-emballages.com\/it\/wp-json\/wp\/v2\/product_cat?post=271085"},{"taxonomy":"product_tag","embeddable":true,"href":"https:\/\/www.csj-emballages.com\/it\/wp-json\/wp\/v2\/product_tag?post=271085"}],"curies":[{"name":"wp","href":"https:\/\/api.w.org\/{rel}","templated":true}]}}