{"id":271070,"date":"2024-03-20T12:07:41","date_gmt":"2024-03-20T11:07:41","guid":{"rendered":"https:\/\/www.csj-emballages.com\/produit\/50-scatole-per-pasticceria-in-cartone-colorate-23-x-5-cm-a-croquer\/"},"modified":"2026-04-03T09:32:56","modified_gmt":"2026-04-03T07:32:56","slug":"50-scatole-per-pasticceria-in-cartone-colorate-23-x-5-cm-a-croquer","status":"publish","type":"product","link":"https:\/\/www.csj-emballages.com\/it\/produit\/50-scatole-per-pasticceria-in-cartone-colorate-23-x-5-cm-a-croquer\/","title":{"rendered":"50 scatole per pasticceria in cartone colorate 23 x 5 cm A Croquer"},"content":{"rendered":"<h2>Scatole per pasticceria &#8220;\u00c0 Croquer&#8221; colorate 23 x 5 cm &#8211; set da 50<\/h2>\n<div style=\"font-family: Roboto, sans-serif;\">\n<div style=\"font-family: Roboto, sans-serif;\">\n<div style=\"font-family: Roboto, sans-serif;\">\n<div style=\"font-family: Roboto, sans-serif;\">\n<div style=\"font-family: Roboto, sans-serif;\">\n<div style=\"font-family: Roboto, sans-serif;\">\n<hr>\n<h3>Descrizione del prodotto<\/h3>\n<p><!--more--><\/p>\n<p>Scopri la nostra collezione di scatole per pasticceria colorate, modello &#8220;\u00c0 Croquer&#8221;, dimensioni 23 x 5 cm. Progettate per valorizzare le tue creazioni, queste scatole offrono una presentazione sobria e pratica. Il loro design colorato aggiunge un tocco festoso a ogni evento. Realizzate con materiali di qualit\u00e0, garantiscono la protezione dei tuoi deliziosi dolci. Inoltre, la loro dimensione \u00e8 ideale per trasportare le tue prelibatezze in tutta sicurezza. Grazie a queste scatole, i tuoi dolci rimangono freschi pi\u00f9 a lungo e sono protetti dagli urti. Con una capacit\u00e0 adatta, sono perfette per porzioni individuali o piccole fette. Si montano facilmente, senza bisogno di adesivo, grazie all&#8217;ingegnoso sistema di piegatura. Cos\u00ec risparmi tempo nella preparazione dei tuoi ordini.        <\/p>\n<p>Usale per occasioni speciali come compleanni, matrimoni o feste. Queste scatole sono perfette anche per i pasticceri professionisti che desiderano offrire una presentazione curata ai propri clienti. <\/p>\n<p>Non esitare oltre e scegli la semplicit\u00e0 con le nostre scatole per pasticceria colorate &#8220;\u00c0 Croquer&#8221;.<\/p>\n<p><strong>I loro vantaggi:<\/strong><\/p>\n<ul>\n<li><strong>Praticit\u00e0<\/strong> : Montaggio facile e rapido, per un notevole risparmio di tempo in cucina<\/li>\n<li><strong>Estetica<\/strong> : Uniscono estetica, praticit\u00e0 e protezione, trasformando ogni creazione di pasticceria in un capolavoro.<\/li>\n<li><strong>Versatilit\u00e0 d\u2019uso<\/strong> : adatte a una variet\u00e0 di dolci: torte, biscotti, crostate, ecc.<\/li>\n<\/ul>\n<\/div>\n<\/div>\n<\/div>\n<\/div>\n<\/div>\n<\/div>\n<p><!--more--><\/p>\n<p>Disponibile in diverse dimensioni: <span style=\"color: #d12727;\"><a style=\"color: #d12727;\" href=\"https:\/\/www.csj-emballages.com\/produit\/50-boites-patissieres-carton-colorees-18-x-8-cm-a-croquer\/\"><span style=\"color: #d12727;\">18 x 8 cm<\/span><\/a><\/span> \/ <span style=\"color: #d12727;\"><a style=\"color: #d12727;\" href=\"https:\/\/www.csj-emballages.com\/produit\/50-boites-patissieres-carton-colorees-20-x-8-cm-a-croquer\/\">20 x 8 cm<\/a><\/span><\/p>\n<p>&nbsp;<\/p>\n<p><!--more--><\/p>\n<p><a href=\"\/?product_cat=boites-patissieres-colorees-a-croquer\">Trova qui il resto della nostra gamma di scatole per pasticceria &#8220;\u00c0 Croquer&#8221;<\/a><\/p>\n<p>&nbsp;<\/p>\n<p><!--more--><\/p>\n<p><a href=\"https:\/\/www.csj-emballages.com\/it\/categorie-produit\/imballaggi-alimentari\/panetteria-pasticceria\/vassoi\/scatole-per-pasticceria-con-manici\/scatole-per-pasticceria-colorate\/\">Consulta qui i nostri pirottini per pasticceria &#8220;\u00c0 Croquer&#8221;<\/a><\/p>\n","protected":false},"excerpt":{"rendered":"<p>Scatole per pasticceria &#8220;\u00c0 Croquer&#8221; colorate 23 x 5 cm &#8211; set da 50 Descrizione del prodotto<\/p>\n","protected":false},"featured_media":271072,"template":"","meta":{"_acf_changed":false},"product_brand":[],"product_cat":[10346,10344,10513,10509,10557,10900,10358],"product_tag":[],"class_list":{"0":"post-271070","1":"product","2":"type-product","3":"status-publish","4":"has-post-thumbnail","6":"product_cat-imballaggi-alimentari","7":"product_cat-panetteria-pasticceria","8":"product_cat-scatola-e-astuccio","9":"product_cat-scatole-pasticceria","10":"product_cat-scatole-pasticceria-colorate","11":"product_cat-scatole-per-pasticceria-lecon","12":"product_cat-stock","14":"first","15":"instock","16":"sale","17":"taxable","18":"shipping-taxable","19":"purchasable","20":"product-type-simple"},"acf":[],"yoast_head":"<!-- This site is optimized with the Yoast SEO Premium plugin v26.6 (Yoast SEO v26.6) - https:\/\/yoast.com\/wordpress\/plugins\/seo\/ -->\n<title>Scatole per pasticceria colorate A Croquer 23 x 5 cm \/ CSJ Emballages<\/title>\n<meta name=\"description\" content=\"Scatole per pasticceria colorate \u00c0 Croquer in cartone, 23 x 5 cm. Ideali per confezionare e trasportare le tue splendide creazioni di pasticceria!\" \/>\n<meta name=\"robots\" content=\"index, follow, max-snippet:-1, max-image-preview:large, max-video-preview:-1\" \/>\n<link rel=\"canonical\" href=\"https:\/\/www.csj-emballages.com\/it\/produit\/50-scatole-per-pasticceria-in-cartone-colorate-23-x-5-cm-a-croquer\/\" \/>\n<meta property=\"og:locale\" content=\"it_IT\" \/>\n<meta property=\"og:type\" content=\"article\" \/>\n<meta property=\"og:title\" content=\"50 scatole per pasticceria in cartone colorate 23 x 5 cm A Croquer\" \/>\n<meta property=\"og:description\" content=\"Scatole per pasticceria colorate \u00c0 Croquer in cartone, 23 x 5 cm. Ideali per confezionare e trasportare le tue splendide creazioni di pasticceria!\" \/>\n<meta property=\"og:url\" content=\"https:\/\/www.csj-emballages.com\/it\/produit\/50-scatole-per-pasticceria-in-cartone-colorate-23-x-5-cm-a-croquer\/\" \/>\n<meta property=\"og:site_name\" content=\"CSJ Emballages\" \/>\n<meta property=\"article:publisher\" content=\"https:\/\/www.facebook.com\/csjemballages\" \/>\n<meta property=\"article:modified_time\" content=\"2026-04-03T07:32:56+00:00\" \/>\n<meta property=\"og:image\" content=\"https:\/\/www.csj-emballages.com\/wp-content\/uploads\/2024\/03\/Capture_d_ecran_2024-04-03_a_11.01.45-removebg-preview-e1712134959899.png\" \/>\n\t<meta property=\"og:image:width\" content=\"300\" \/>\n\t<meta property=\"og:image:height\" content=\"300\" \/>\n\t<meta property=\"og:image:type\" content=\"image\/png\" \/>\n<meta name=\"twitter:card\" content=\"summary_large_image\" \/>\n<meta name=\"twitter:label1\" content=\"Dur\u00e9e de lecture estim\u00e9e\" \/>\n\t<meta name=\"twitter:data1\" content=\"1 minuto\" \/>\n<script type=\"application\/ld+json\" class=\"yoast-schema-graph\">{\"@context\":\"https:\/\/schema.org\",\"@graph\":[{\"@type\":\"WebPage\",\"@id\":\"https:\/\/www.csj-emballages.com\/it\/produit\/50-scatole-per-pasticceria-in-cartone-colorate-23-x-5-cm-a-croquer\/\",\"url\":\"https:\/\/www.csj-emballages.com\/it\/produit\/50-scatole-per-pasticceria-in-cartone-colorate-23-x-5-cm-a-croquer\/\",\"name\":\"Scatole per pasticceria colorate A Croquer 23 x 5 cm \/ CSJ Emballages\",\"isPartOf\":{\"@id\":\"https:\/\/www.csj-emballages.com\/it\/#website\"},\"primaryImageOfPage\":{\"@id\":\"https:\/\/www.csj-emballages.com\/it\/produit\/50-scatole-per-pasticceria-in-cartone-colorate-23-x-5-cm-a-croquer\/#primaryimage\"},\"image\":{\"@id\":\"https:\/\/www.csj-emballages.com\/it\/produit\/50-scatole-per-pasticceria-in-cartone-colorate-23-x-5-cm-a-croquer\/#primaryimage\"},\"thumbnailUrl\":\"https:\/\/www.csj-emballages.com\/wp-content\/uploads\/2024\/03\/Capture_d_ecran_2024-04-03_a_11.01.45-removebg-preview-e1712134959899.png\",\"datePublished\":\"2024-03-20T11:07:41+00:00\",\"dateModified\":\"2026-04-03T07:32:56+00:00\",\"description\":\"Scatole per pasticceria colorate \u00c0 Croquer in cartone, 23 x 5 cm. Ideali per confezionare e trasportare le tue splendide creazioni di pasticceria!\",\"breadcrumb\":{\"@id\":\"https:\/\/www.csj-emballages.com\/it\/produit\/50-scatole-per-pasticceria-in-cartone-colorate-23-x-5-cm-a-croquer\/#breadcrumb\"},\"inLanguage\":\"it-IT\",\"potentialAction\":[{\"@type\":\"ReadAction\",\"target\":[\"https:\/\/www.csj-emballages.com\/it\/produit\/50-scatole-per-pasticceria-in-cartone-colorate-23-x-5-cm-a-croquer\/\"]}]},{\"@type\":\"ImageObject\",\"inLanguage\":\"it-IT\",\"@id\":\"https:\/\/www.csj-emballages.com\/it\/produit\/50-scatole-per-pasticceria-in-cartone-colorate-23-x-5-cm-a-croquer\/#primaryimage\",\"url\":\"https:\/\/www.csj-emballages.com\/wp-content\/uploads\/2024\/03\/Capture_d_ecran_2024-04-03_a_11.01.45-removebg-preview-e1712134959899.png\",\"contentUrl\":\"https:\/\/www.csj-emballages.com\/wp-content\/uploads\/2024\/03\/Capture_d_ecran_2024-04-03_a_11.01.45-removebg-preview-e1712134959899.png\",\"width\":300,\"height\":300,\"caption\":\"Boites p\u00e2tissi\u00e8res color\u00e9es A Croquer\"},{\"@type\":\"BreadcrumbList\",\"@id\":\"https:\/\/www.csj-emballages.com\/it\/produit\/50-scatole-per-pasticceria-in-cartone-colorate-23-x-5-cm-a-croquer\/#breadcrumb\",\"itemListElement\":[{\"@type\":\"ListItem\",\"position\":1,\"name\":\"Home\",\"item\":\"https:\/\/www.csj-emballages.com\/it\/universo-imballaggi-alimentari\/\"},{\"@type\":\"ListItem\",\"position\":2,\"name\":\"Negozio\",\"item\":\"https:\/\/www.csj-emballages.com\/it\/negozio\/\"},{\"@type\":\"ListItem\",\"position\":3,\"name\":\"50 scatole per pasticceria in cartone colorate 23 x 5 cm A Croquer\"}]},{\"@type\":\"WebSite\",\"@id\":\"https:\/\/www.csj-emballages.com\/it\/#website\",\"url\":\"https:\/\/www.csj-emballages.com\/it\/\",\"name\":\"CSJ Emballages\",\"description\":\"\",\"publisher\":{\"@id\":\"https:\/\/www.csj-emballages.com\/it\/#organization\"},\"potentialAction\":[{\"@type\":\"SearchAction\",\"target\":{\"@type\":\"EntryPoint\",\"urlTemplate\":\"https:\/\/www.csj-emballages.com\/it\/?s={search_term_string}\"},\"query-input\":{\"@type\":\"PropertyValueSpecification\",\"valueRequired\":true,\"valueName\":\"search_term_string\"}}],\"inLanguage\":\"it-IT\"},{\"@type\":\"Organization\",\"@id\":\"https:\/\/www.csj-emballages.com\/it\/#Organization\/\",\"name\":\"CSJ Emballages\",\"url\":\"https:\/\/www.csj-emballages.com\/it\/\",\"logo\":{\"@type\":\"ImageObject\",\"inLanguage\":\"it-IT\",\"@id\":\"https:\/\/www.csj-emballages.com\/it\/#\/schema\/logo\/image\/\",\"url\":\"https:\/\/www.csj-emballages.com\/wp-content\/uploads\/2023\/10\/logo_csj.webp\",\"contentUrl\":\"https:\/\/www.csj-emballages.com\/wp-content\/uploads\/2023\/10\/logo_csj.webp\",\"width\":250,\"height\":95,\"caption\":\"CSJ Emballages\"},\"image\":{\"@id\":\"https:\/\/www.csj-emballages.com\/it\/#\/schema\/logo\/image\/\"},\"sameAs\":[\"https:\/\/www.facebook.com\/csjemballages\"],\"address\":{\"@type\":\"PostalAddress\",\"streetAddress\":\"ZI La Lechere\",\"addressLocality\":\"Patornay\",\"postalCode\":\"39130\",\"addressCountry\":\"FR\"},\"contactPoint\":[{\"@type\":\"ContactPoint\",\"contactType\":\"Service client\",\"telephone\":\"0384254272\",\"email\":\"contact@csj-emballages.com\"}]}]}<\/script>\n<!-- \/ Yoast SEO Premium plugin. -->","yoast_head_json":{"title":"Scatole per pasticceria colorate A Croquer 23 x 5 cm \/ CSJ Emballages","description":"Scatole per pasticceria colorate \u00c0 Croquer in cartone, 23 x 5 cm. Ideali per confezionare e trasportare le tue splendide creazioni di pasticceria!","robots":{"index":"index","follow":"follow","max-snippet":"max-snippet:-1","max-image-preview":"max-image-preview:large","max-video-preview":"max-video-preview:-1"},"canonical":"https:\/\/www.csj-emballages.com\/it\/produit\/50-scatole-per-pasticceria-in-cartone-colorate-23-x-5-cm-a-croquer\/","og_locale":"it_IT","og_type":"article","og_title":"50 scatole per pasticceria in cartone colorate 23 x 5 cm A Croquer","og_description":"Scatole per pasticceria colorate \u00c0 Croquer in cartone, 23 x 5 cm. Ideali per confezionare e trasportare le tue splendide creazioni di pasticceria!","og_url":"https:\/\/www.csj-emballages.com\/it\/produit\/50-scatole-per-pasticceria-in-cartone-colorate-23-x-5-cm-a-croquer\/","og_site_name":"CSJ Emballages","article_publisher":"https:\/\/www.facebook.com\/csjemballages","article_modified_time":"2026-04-03T07:32:56+00:00","og_image":[{"width":300,"height":300,"url":"https:\/\/www.csj-emballages.com\/wp-content\/uploads\/2024\/03\/Capture_d_ecran_2024-04-03_a_11.01.45-removebg-preview-e1712134959899.png","type":"image\/png"}],"twitter_card":"summary_large_image","twitter_misc":{"Dur\u00e9e de lecture estim\u00e9e":"1 minuto"},"schema":{"@context":"https:\/\/schema.org","@graph":[{"@type":"WebPage","@id":"https:\/\/www.csj-emballages.com\/it\/produit\/50-scatole-per-pasticceria-in-cartone-colorate-23-x-5-cm-a-croquer\/","url":"https:\/\/www.csj-emballages.com\/it\/produit\/50-scatole-per-pasticceria-in-cartone-colorate-23-x-5-cm-a-croquer\/","name":"Scatole per pasticceria colorate A Croquer 23 x 5 cm \/ CSJ Emballages","isPartOf":{"@id":"https:\/\/www.csj-emballages.com\/it\/#website"},"primaryImageOfPage":{"@id":"https:\/\/www.csj-emballages.com\/it\/produit\/50-scatole-per-pasticceria-in-cartone-colorate-23-x-5-cm-a-croquer\/#primaryimage"},"image":{"@id":"https:\/\/www.csj-emballages.com\/it\/produit\/50-scatole-per-pasticceria-in-cartone-colorate-23-x-5-cm-a-croquer\/#primaryimage"},"thumbnailUrl":"https:\/\/www.csj-emballages.com\/wp-content\/uploads\/2024\/03\/Capture_d_ecran_2024-04-03_a_11.01.45-removebg-preview-e1712134959899.png","datePublished":"2024-03-20T11:07:41+00:00","dateModified":"2026-04-03T07:32:56+00:00","description":"Scatole per pasticceria colorate \u00c0 Croquer in cartone, 23 x 5 cm. Ideali per confezionare e trasportare le tue splendide creazioni di pasticceria!","breadcrumb":{"@id":"https:\/\/www.csj-emballages.com\/it\/produit\/50-scatole-per-pasticceria-in-cartone-colorate-23-x-5-cm-a-croquer\/#breadcrumb"},"inLanguage":"it-IT","potentialAction":[{"@type":"ReadAction","target":["https:\/\/www.csj-emballages.com\/it\/produit\/50-scatole-per-pasticceria-in-cartone-colorate-23-x-5-cm-a-croquer\/"]}]},{"@type":"ImageObject","inLanguage":"it-IT","@id":"https:\/\/www.csj-emballages.com\/it\/produit\/50-scatole-per-pasticceria-in-cartone-colorate-23-x-5-cm-a-croquer\/#primaryimage","url":"https:\/\/www.csj-emballages.com\/wp-content\/uploads\/2024\/03\/Capture_d_ecran_2024-04-03_a_11.01.45-removebg-preview-e1712134959899.png","contentUrl":"https:\/\/www.csj-emballages.com\/wp-content\/uploads\/2024\/03\/Capture_d_ecran_2024-04-03_a_11.01.45-removebg-preview-e1712134959899.png","width":300,"height":300,"caption":"Boites p\u00e2tissi\u00e8res color\u00e9es A Croquer"},{"@type":"BreadcrumbList","@id":"https:\/\/www.csj-emballages.com\/it\/produit\/50-scatole-per-pasticceria-in-cartone-colorate-23-x-5-cm-a-croquer\/#breadcrumb","itemListElement":[{"@type":"ListItem","position":1,"name":"Home","item":"https:\/\/www.csj-emballages.com\/it\/universo-imballaggi-alimentari\/"},{"@type":"ListItem","position":2,"name":"Negozio","item":"https:\/\/www.csj-emballages.com\/it\/negozio\/"},{"@type":"ListItem","position":3,"name":"50 scatole per pasticceria in cartone colorate 23 x 5 cm A Croquer"}]},{"@type":"WebSite","@id":"https:\/\/www.csj-emballages.com\/it\/#website","url":"https:\/\/www.csj-emballages.com\/it\/","name":"CSJ Emballages","description":"","publisher":{"@id":"https:\/\/www.csj-emballages.com\/it\/#organization"},"potentialAction":[{"@type":"SearchAction","target":{"@type":"EntryPoint","urlTemplate":"https:\/\/www.csj-emballages.com\/it\/?s={search_term_string}"},"query-input":{"@type":"PropertyValueSpecification","valueRequired":true,"valueName":"search_term_string"}}],"inLanguage":"it-IT"},{"@type":"Organization","@id":"https:\/\/www.csj-emballages.com\/it\/#Organization\/","name":"CSJ Emballages","url":"https:\/\/www.csj-emballages.com\/it\/","logo":{"@type":"ImageObject","inLanguage":"it-IT","@id":"https:\/\/www.csj-emballages.com\/it\/#\/schema\/logo\/image\/","url":"https:\/\/www.csj-emballages.com\/wp-content\/uploads\/2023\/10\/logo_csj.webp","contentUrl":"https:\/\/www.csj-emballages.com\/wp-content\/uploads\/2023\/10\/logo_csj.webp","width":250,"height":95,"caption":"CSJ Emballages"},"image":{"@id":"https:\/\/www.csj-emballages.com\/it\/#\/schema\/logo\/image\/"},"sameAs":["https:\/\/www.facebook.com\/csjemballages"],"address":{"@type":"PostalAddress","streetAddress":"ZI La Lechere","addressLocality":"Patornay","postalCode":"39130","addressCountry":"FR"},"contactPoint":[{"@type":"ContactPoint","contactType":"Service client","telephone":"0384254272","email":"contact@csj-emballages.com"}]}]}},"df_price":10.12,"df_sale_price":10.12,"df_regular_price":16.85,"df_image_link":"https:\/\/www.csj-emballages.com\/wp-content\/uploads\/2024\/03\/Capture_d_ecran_2024-04-03_a_11.01.45-removebg-preview-300x300.png","tiered_pricing_type":"fixed","tiered_pricing_fixed_rules":[],"tiered_pricing_percentage_rules":[],"tiered_pricing_minimum":1,"tiered_pricing_roles_data":[],"_links":{"self":[{"href":"https:\/\/www.csj-emballages.com\/it\/wp-json\/wp\/v2\/product\/271070","targetHints":{"allow":["GET"]}}],"collection":[{"href":"https:\/\/www.csj-emballages.com\/it\/wp-json\/wp\/v2\/product"}],"about":[{"href":"https:\/\/www.csj-emballages.com\/it\/wp-json\/wp\/v2\/types\/product"}],"wp:featuredmedia":[{"embeddable":true,"href":"https:\/\/www.csj-emballages.com\/it\/wp-json\/wp\/v2\/media\/271072"}],"wp:attachment":[{"href":"https:\/\/www.csj-emballages.com\/it\/wp-json\/wp\/v2\/media?parent=271070"}],"wp:term":[{"taxonomy":"product_brand","embeddable":true,"href":"https:\/\/www.csj-emballages.com\/it\/wp-json\/wp\/v2\/product_brand?post=271070"},{"taxonomy":"product_cat","embeddable":true,"href":"https:\/\/www.csj-emballages.com\/it\/wp-json\/wp\/v2\/product_cat?post=271070"},{"taxonomy":"product_tag","embeddable":true,"href":"https:\/\/www.csj-emballages.com\/it\/wp-json\/wp\/v2\/product_tag?post=271070"}],"curies":[{"name":"wp","href":"https:\/\/api.w.org\/{rel}","templated":true}]}}