{"id":271068,"date":"2024-08-20T12:07:49","date_gmt":"2024-08-20T10:07:49","guid":{"rendered":"https:\/\/www.csj-emballages.com\/produit\/scatola-per-pasticceria-in-cartone-colorato-29-x-5-cm-gourmand-da-50\/"},"modified":"2026-04-27T08:01:05","modified_gmt":"2026-04-27T06:01:05","slug":"scatola-per-pasticceria-in-cartone-colorato-29-x-5-cm-gourmand-da-50","status":"publish","type":"product","link":"https:\/\/www.csj-emballages.com\/it\/produit\/scatola-per-pasticceria-in-cartone-colorato-29-x-5-cm-gourmand-da-50\/","title":{"rendered":"Scatola per pasticceria in cartone colorato 29 x 5 cm &#8220;Gourmand&#8221; da 50"},"content":{"rendered":"<h2 class=\"p1\">Scatola per pasticceria<\/h2>\n<div style=\"font-family: Roboto, sans-serif;\">\n<div style=\"font-family: Roboto, sans-serif;\">\n<div style=\"font-family: Roboto, sans-serif;\">\n<div style=\"font-family: Roboto, sans-serif;\">\n<div style=\"font-family: Roboto, sans-serif;\">\n<div style=\"font-family: Roboto, sans-serif;\">\n<hr>\n<h3>Descrizione della nostra scatola per pasticceria in cartone colorato 29 x 5 cm &#8220;Gourmand&#8221; da 50<\/h3>\n<p><!--more--><\/p>\n<p>La <strong>scatola per pasticceria in cartone colorato<\/strong>, modello &#8220;<strong>Gourmand<\/strong>&#8220;, attira tutti gli sguardi grazie al suo design elegante. Con una dimensione ideale di <strong>29 x 5 cm<\/strong>, garantisce una presentazione perfetta per tutte le tue creazioni di pasticceria. Innanzitutto, il suo colore vivace e accattivante aggiunge un tocco festoso e raffinato a ogni occasione. Inoltre, queste <strong>scatole per pasticceria<\/strong> in cartone offrono una protezione ottimale per i tuoi dolci, assicurandone freschezza e sicurezza.   <\/p>\n<p>Inoltre, il modello &#8220;Gourmand&#8221; \u00e8 stato progettato per soddisfare le esigenze dei pasticceri pi\u00f9 esigenti, unendo praticit\u00e0 ed estetica. In pi\u00f9, il montaggio rapido e semplice permette di risparmiare tempo prezioso in cucina. Infatti, ogni dettaglio di queste scatole \u00e8 stato pensato per facilitare la preparazione e il trasporto delle tue dolcezze. Da aggiungere che la finitura curata valorizza le tue creazioni, conferendo loro un aspetto professionale e invitante.   <\/p>\n<p>Di conseguenza, le scatole per pasticceria colorate Gourmand si impongono come una scelta imprescindibile per feste, matrimoni e altri eventi speciali. In definitiva, permettono di valorizzare i tuoi dolci garantendo al contempo una presentazione impeccabile. Grazie alla loro progettazione intelligente e alla robustezza, assicurano un trasporto senza problemi e un\u2019esperienza di gusto impareggiabile.  <\/p>\n<p>In sintesi, queste scatole per pasticceria in cartone colorato uniscono funzionalit\u00e0, eleganza e durata, rendendo ogni degustazione un momento speciale.<\/p>\n<p><strong>I loro vantaggi:<\/strong><\/p>\n<ul>\n<li><strong>Praticit\u00e0<\/strong> : Montaggio facile e rapido, per un notevole risparmio di tempo in cucina<\/li>\n<li><strong>Estetica<\/strong> : Uniscono estetica, praticit\u00e0 e protezione, trasformando ogni creazione di pasticceria in un capolavoro.<\/li>\n<li><strong>Versatilit\u00e0 d\u2019uso<\/strong> : adatte a una variet\u00e0 di dolci: torte, biscotti, crostate, ecc.<\/li>\n<\/ul>\n<p>&nbsp;<\/p>\n<p><!--more--><\/p>\n<\/div>\n<\/div>\n<\/div>\n<\/div>\n<\/div>\n<\/div>\n<p>Disponibile anche in <span style=\"color: #d12727;\"><a style=\"color: #d12727;\" href=\"https:\/\/www.csj-emballages.com\/produit\/50-boites-patissieres-carton-colorees-gourmand-18-x-8-cm\/\">18 x 8 cm<\/a><\/span><\/p>\n<p>&nbsp;<\/p>\n<p><!--more--><\/p>\n<p><a href=\"https:\/\/www.csj-emballages.com\/produit\/50-caissettes-patissieres-a-poignee-modele-gourmand-10-x-12-x-7-cm\/\">Scopri qui i nostri pirottini della gamma &#8220;Gourmand&#8221;<\/a><\/p>\n<p>&nbsp;<\/p>\n<p><!--more--><\/p>\n<p><a href=\"https:\/\/www.csj-emballages.com\/it\/categorie-produit\/imballaggi-alimentari\/panetteria-pasticceria\/scatola-e-astuccio\/scatole-pasticceria\/scatole-pasticceria-colorate\/\">Consulta il resto della nostra gamma di scatole per pasticceria colorate<\/a><\/p>\n<p>&nbsp;<\/p>\n","protected":false},"excerpt":{"rendered":"<p>Scatola per pasticceria Descrizione della nostra scatola per pasticceria in cartone colorato 29 x 5 cm &#8220;Gourmand&#8221; da 50<\/p>\n","protected":false},"featured_media":271069,"template":"","meta":{"_acf_changed":false},"product_brand":[],"product_cat":[10346,10344,10513,10509,10557,10900,10358],"product_tag":[],"class_list":{"0":"post-271068","1":"product","2":"type-product","3":"status-publish","4":"has-post-thumbnail","6":"product_cat-imballaggi-alimentari","7":"product_cat-panetteria-pasticceria","8":"product_cat-scatola-e-astuccio","9":"product_cat-scatole-pasticceria","10":"product_cat-scatole-pasticceria-colorate","11":"product_cat-scatole-per-pasticceria-lecon","12":"product_cat-stock","14":"first","15":"instock","16":"sale","17":"taxable","18":"shipping-taxable","19":"purchasable","20":"product-type-simple"},"acf":[],"yoast_head":"<!-- This site is optimized with the Yoast SEO Premium plugin v26.6 (Yoast SEO v26.6) - https:\/\/yoast.com\/wordpress\/plugins\/seo\/ -->\n<title>Scatola per pasticceria in cartone colorato 29 x 5 cm &quot;Gourmand&quot; da 50<\/title>\n<meta name=\"description\" content=\"Scatola per pasticceria in cartone colorato 29 x 5 cm &quot;Gourmand&quot; da 50, 29 x 5 cm. Ideali per confezionare e trasportare le tue splendide creazioni di pasticceria!\" \/>\n<meta name=\"robots\" content=\"index, follow, max-snippet:-1, max-image-preview:large, max-video-preview:-1\" \/>\n<link rel=\"canonical\" href=\"https:\/\/www.csj-emballages.com\/it\/produit\/scatola-per-pasticceria-in-cartone-colorato-29-x-5-cm-gourmand-da-50\/\" \/>\n<meta property=\"og:locale\" content=\"it_IT\" \/>\n<meta property=\"og:type\" content=\"article\" \/>\n<meta property=\"og:title\" content=\"Scatola per pasticceria in cartone colorato 29 x 5 cm &quot;Gourmand&quot; da 50\" \/>\n<meta property=\"og:description\" content=\"Scatola per pasticceria in cartone colorato 29 x 5 cm &quot;Gourmand&quot; da 50, 29 x 5 cm. Ideali per confezionare e trasportare le tue splendide creazioni di pasticceria!\" \/>\n<meta property=\"og:url\" content=\"https:\/\/www.csj-emballages.com\/it\/produit\/scatola-per-pasticceria-in-cartone-colorato-29-x-5-cm-gourmand-da-50\/\" \/>\n<meta property=\"og:site_name\" content=\"CSJ Emballages\" \/>\n<meta property=\"article:publisher\" content=\"https:\/\/www.facebook.com\/csjemballages\" \/>\n<meta property=\"article:modified_time\" content=\"2026-04-27T06:01:05+00:00\" \/>\n<meta property=\"og:image\" content=\"https:\/\/www.csj-emballages.com\/wp-content\/uploads\/2024\/03\/Capture_d_ecran_2024-04-03_a_10.51.30-removebg-preview-e1712134335823.png\" \/>\n\t<meta property=\"og:image:width\" content=\"300\" \/>\n\t<meta property=\"og:image:height\" content=\"300\" \/>\n\t<meta property=\"og:image:type\" content=\"image\/png\" \/>\n<meta name=\"twitter:card\" content=\"summary_large_image\" \/>\n<meta name=\"twitter:label1\" content=\"Dur\u00e9e de lecture estim\u00e9e\" \/>\n\t<meta name=\"twitter:data1\" content=\"1 minuto\" \/>\n<script type=\"application\/ld+json\" class=\"yoast-schema-graph\">{\"@context\":\"https:\/\/schema.org\",\"@graph\":[{\"@type\":\"WebPage\",\"@id\":\"https:\/\/www.csj-emballages.com\/it\/produit\/scatola-per-pasticceria-in-cartone-colorato-29-x-5-cm-gourmand-da-50\/\",\"url\":\"https:\/\/www.csj-emballages.com\/it\/produit\/scatola-per-pasticceria-in-cartone-colorato-29-x-5-cm-gourmand-da-50\/\",\"name\":\"Scatola per pasticceria in cartone colorato 29 x 5 cm \\\"Gourmand\\\" da 50\",\"isPartOf\":{\"@id\":\"https:\/\/www.csj-emballages.com\/it\/#website\"},\"primaryImageOfPage\":{\"@id\":\"https:\/\/www.csj-emballages.com\/it\/produit\/scatola-per-pasticceria-in-cartone-colorato-29-x-5-cm-gourmand-da-50\/#primaryimage\"},\"image\":{\"@id\":\"https:\/\/www.csj-emballages.com\/it\/produit\/scatola-per-pasticceria-in-cartone-colorato-29-x-5-cm-gourmand-da-50\/#primaryimage\"},\"thumbnailUrl\":\"https:\/\/www.csj-emballages.com\/wp-content\/uploads\/2024\/03\/Capture_d_ecran_2024-04-03_a_10.51.30-removebg-preview-e1712134335823.png\",\"datePublished\":\"2024-08-20T10:07:49+00:00\",\"dateModified\":\"2026-04-27T06:01:05+00:00\",\"description\":\"Scatola per pasticceria in cartone colorato 29 x 5 cm \\\"Gourmand\\\" da 50, 29 x 5 cm. Ideali per confezionare e trasportare le tue splendide creazioni di pasticceria!\",\"breadcrumb\":{\"@id\":\"https:\/\/www.csj-emballages.com\/it\/produit\/scatola-per-pasticceria-in-cartone-colorato-29-x-5-cm-gourmand-da-50\/#breadcrumb\"},\"inLanguage\":\"it-IT\",\"potentialAction\":[{\"@type\":\"ReadAction\",\"target\":[\"https:\/\/www.csj-emballages.com\/it\/produit\/scatola-per-pasticceria-in-cartone-colorato-29-x-5-cm-gourmand-da-50\/\"]}]},{\"@type\":\"ImageObject\",\"inLanguage\":\"it-IT\",\"@id\":\"https:\/\/www.csj-emballages.com\/it\/produit\/scatola-per-pasticceria-in-cartone-colorato-29-x-5-cm-gourmand-da-50\/#primaryimage\",\"url\":\"https:\/\/www.csj-emballages.com\/wp-content\/uploads\/2024\/03\/Capture_d_ecran_2024-04-03_a_10.51.30-removebg-preview-e1712134335823.png\",\"contentUrl\":\"https:\/\/www.csj-emballages.com\/wp-content\/uploads\/2024\/03\/Capture_d_ecran_2024-04-03_a_10.51.30-removebg-preview-e1712134335823.png\",\"width\":300,\"height\":300,\"caption\":\"Boites p\u00e2tissi\u00e8res color\u00e9es Gourmand\"},{\"@type\":\"BreadcrumbList\",\"@id\":\"https:\/\/www.csj-emballages.com\/it\/produit\/scatola-per-pasticceria-in-cartone-colorato-29-x-5-cm-gourmand-da-50\/#breadcrumb\",\"itemListElement\":[{\"@type\":\"ListItem\",\"position\":1,\"name\":\"Home\",\"item\":\"https:\/\/www.csj-emballages.com\/it\/universo-imballaggi-alimentari\/\"},{\"@type\":\"ListItem\",\"position\":2,\"name\":\"Negozio\",\"item\":\"https:\/\/www.csj-emballages.com\/it\/negozio\/\"},{\"@type\":\"ListItem\",\"position\":3,\"name\":\"Scatola per pasticceria in cartone colorato 29 x 5 cm \u00ab\u00a0Gourmand\u00a0\u00bb da 50\"}]},{\"@type\":\"WebSite\",\"@id\":\"https:\/\/www.csj-emballages.com\/it\/#website\",\"url\":\"https:\/\/www.csj-emballages.com\/it\/\",\"name\":\"CSJ Emballages\",\"description\":\"\",\"publisher\":{\"@id\":\"https:\/\/www.csj-emballages.com\/it\/#organization\"},\"potentialAction\":[{\"@type\":\"SearchAction\",\"target\":{\"@type\":\"EntryPoint\",\"urlTemplate\":\"https:\/\/www.csj-emballages.com\/it\/?s={search_term_string}\"},\"query-input\":{\"@type\":\"PropertyValueSpecification\",\"valueRequired\":true,\"valueName\":\"search_term_string\"}}],\"inLanguage\":\"it-IT\"},{\"@type\":\"Organization\",\"@id\":\"https:\/\/www.csj-emballages.com\/it\/#Organization\/\",\"name\":\"CSJ Emballages\",\"url\":\"https:\/\/www.csj-emballages.com\/it\/\",\"logo\":{\"@type\":\"ImageObject\",\"inLanguage\":\"it-IT\",\"@id\":\"https:\/\/www.csj-emballages.com\/it\/#\/schema\/logo\/image\/\",\"url\":\"https:\/\/www.csj-emballages.com\/wp-content\/uploads\/2023\/10\/logo_csj.webp\",\"contentUrl\":\"https:\/\/www.csj-emballages.com\/wp-content\/uploads\/2023\/10\/logo_csj.webp\",\"width\":250,\"height\":95,\"caption\":\"CSJ Emballages\"},\"image\":{\"@id\":\"https:\/\/www.csj-emballages.com\/it\/#\/schema\/logo\/image\/\"},\"sameAs\":[\"https:\/\/www.facebook.com\/csjemballages\"],\"address\":{\"@type\":\"PostalAddress\",\"streetAddress\":\"ZI La Lechere\",\"addressLocality\":\"Patornay\",\"postalCode\":\"39130\",\"addressCountry\":\"FR\"},\"contactPoint\":[{\"@type\":\"ContactPoint\",\"contactType\":\"Service client\",\"telephone\":\"0384254272\",\"email\":\"contact@csj-emballages.com\"}]}]}<\/script>\n<!-- \/ Yoast SEO Premium plugin. -->","yoast_head_json":{"title":"Scatola per pasticceria in cartone colorato 29 x 5 cm \"Gourmand\" da 50","description":"Scatola per pasticceria in cartone colorato 29 x 5 cm \"Gourmand\" da 50, 29 x 5 cm. Ideali per confezionare e trasportare le tue splendide creazioni di pasticceria!","robots":{"index":"index","follow":"follow","max-snippet":"max-snippet:-1","max-image-preview":"max-image-preview:large","max-video-preview":"max-video-preview:-1"},"canonical":"https:\/\/www.csj-emballages.com\/it\/produit\/scatola-per-pasticceria-in-cartone-colorato-29-x-5-cm-gourmand-da-50\/","og_locale":"it_IT","og_type":"article","og_title":"Scatola per pasticceria in cartone colorato 29 x 5 cm \"Gourmand\" da 50","og_description":"Scatola per pasticceria in cartone colorato 29 x 5 cm \"Gourmand\" da 50, 29 x 5 cm. Ideali per confezionare e trasportare le tue splendide creazioni di pasticceria!","og_url":"https:\/\/www.csj-emballages.com\/it\/produit\/scatola-per-pasticceria-in-cartone-colorato-29-x-5-cm-gourmand-da-50\/","og_site_name":"CSJ Emballages","article_publisher":"https:\/\/www.facebook.com\/csjemballages","article_modified_time":"2026-04-27T06:01:05+00:00","og_image":[{"width":300,"height":300,"url":"https:\/\/www.csj-emballages.com\/wp-content\/uploads\/2024\/03\/Capture_d_ecran_2024-04-03_a_10.51.30-removebg-preview-e1712134335823.png","type":"image\/png"}],"twitter_card":"summary_large_image","twitter_misc":{"Dur\u00e9e de lecture estim\u00e9e":"1 minuto"},"schema":{"@context":"https:\/\/schema.org","@graph":[{"@type":"WebPage","@id":"https:\/\/www.csj-emballages.com\/it\/produit\/scatola-per-pasticceria-in-cartone-colorato-29-x-5-cm-gourmand-da-50\/","url":"https:\/\/www.csj-emballages.com\/it\/produit\/scatola-per-pasticceria-in-cartone-colorato-29-x-5-cm-gourmand-da-50\/","name":"Scatola per pasticceria in cartone colorato 29 x 5 cm \"Gourmand\" da 50","isPartOf":{"@id":"https:\/\/www.csj-emballages.com\/it\/#website"},"primaryImageOfPage":{"@id":"https:\/\/www.csj-emballages.com\/it\/produit\/scatola-per-pasticceria-in-cartone-colorato-29-x-5-cm-gourmand-da-50\/#primaryimage"},"image":{"@id":"https:\/\/www.csj-emballages.com\/it\/produit\/scatola-per-pasticceria-in-cartone-colorato-29-x-5-cm-gourmand-da-50\/#primaryimage"},"thumbnailUrl":"https:\/\/www.csj-emballages.com\/wp-content\/uploads\/2024\/03\/Capture_d_ecran_2024-04-03_a_10.51.30-removebg-preview-e1712134335823.png","datePublished":"2024-08-20T10:07:49+00:00","dateModified":"2026-04-27T06:01:05+00:00","description":"Scatola per pasticceria in cartone colorato 29 x 5 cm \"Gourmand\" da 50, 29 x 5 cm. Ideali per confezionare e trasportare le tue splendide creazioni di pasticceria!","breadcrumb":{"@id":"https:\/\/www.csj-emballages.com\/it\/produit\/scatola-per-pasticceria-in-cartone-colorato-29-x-5-cm-gourmand-da-50\/#breadcrumb"},"inLanguage":"it-IT","potentialAction":[{"@type":"ReadAction","target":["https:\/\/www.csj-emballages.com\/it\/produit\/scatola-per-pasticceria-in-cartone-colorato-29-x-5-cm-gourmand-da-50\/"]}]},{"@type":"ImageObject","inLanguage":"it-IT","@id":"https:\/\/www.csj-emballages.com\/it\/produit\/scatola-per-pasticceria-in-cartone-colorato-29-x-5-cm-gourmand-da-50\/#primaryimage","url":"https:\/\/www.csj-emballages.com\/wp-content\/uploads\/2024\/03\/Capture_d_ecran_2024-04-03_a_10.51.30-removebg-preview-e1712134335823.png","contentUrl":"https:\/\/www.csj-emballages.com\/wp-content\/uploads\/2024\/03\/Capture_d_ecran_2024-04-03_a_10.51.30-removebg-preview-e1712134335823.png","width":300,"height":300,"caption":"Boites p\u00e2tissi\u00e8res color\u00e9es Gourmand"},{"@type":"BreadcrumbList","@id":"https:\/\/www.csj-emballages.com\/it\/produit\/scatola-per-pasticceria-in-cartone-colorato-29-x-5-cm-gourmand-da-50\/#breadcrumb","itemListElement":[{"@type":"ListItem","position":1,"name":"Home","item":"https:\/\/www.csj-emballages.com\/it\/universo-imballaggi-alimentari\/"},{"@type":"ListItem","position":2,"name":"Negozio","item":"https:\/\/www.csj-emballages.com\/it\/negozio\/"},{"@type":"ListItem","position":3,"name":"Scatola per pasticceria in cartone colorato 29 x 5 cm \u00ab\u00a0Gourmand\u00a0\u00bb da 50"}]},{"@type":"WebSite","@id":"https:\/\/www.csj-emballages.com\/it\/#website","url":"https:\/\/www.csj-emballages.com\/it\/","name":"CSJ Emballages","description":"","publisher":{"@id":"https:\/\/www.csj-emballages.com\/it\/#organization"},"potentialAction":[{"@type":"SearchAction","target":{"@type":"EntryPoint","urlTemplate":"https:\/\/www.csj-emballages.com\/it\/?s={search_term_string}"},"query-input":{"@type":"PropertyValueSpecification","valueRequired":true,"valueName":"search_term_string"}}],"inLanguage":"it-IT"},{"@type":"Organization","@id":"https:\/\/www.csj-emballages.com\/it\/#Organization\/","name":"CSJ Emballages","url":"https:\/\/www.csj-emballages.com\/it\/","logo":{"@type":"ImageObject","inLanguage":"it-IT","@id":"https:\/\/www.csj-emballages.com\/it\/#\/schema\/logo\/image\/","url":"https:\/\/www.csj-emballages.com\/wp-content\/uploads\/2023\/10\/logo_csj.webp","contentUrl":"https:\/\/www.csj-emballages.com\/wp-content\/uploads\/2023\/10\/logo_csj.webp","width":250,"height":95,"caption":"CSJ Emballages"},"image":{"@id":"https:\/\/www.csj-emballages.com\/it\/#\/schema\/logo\/image\/"},"sameAs":["https:\/\/www.facebook.com\/csjemballages"],"address":{"@type":"PostalAddress","streetAddress":"ZI La Lechere","addressLocality":"Patornay","postalCode":"39130","addressCountry":"FR"},"contactPoint":[{"@type":"ContactPoint","contactType":"Service client","telephone":"0384254272","email":"contact@csj-emballages.com"}]}]}},"df_price":12,"df_sale_price":12,"df_regular_price":24,"df_image_link":"https:\/\/www.csj-emballages.com\/wp-content\/uploads\/2024\/03\/Capture_d_ecran_2024-04-03_a_10.51.30-removebg-preview-300x300.png","tiered_pricing_type":"fixed","tiered_pricing_fixed_rules":[],"tiered_pricing_percentage_rules":[],"tiered_pricing_minimum":1,"tiered_pricing_roles_data":[],"_links":{"self":[{"href":"https:\/\/www.csj-emballages.com\/it\/wp-json\/wp\/v2\/product\/271068","targetHints":{"allow":["GET"]}}],"collection":[{"href":"https:\/\/www.csj-emballages.com\/it\/wp-json\/wp\/v2\/product"}],"about":[{"href":"https:\/\/www.csj-emballages.com\/it\/wp-json\/wp\/v2\/types\/product"}],"wp:featuredmedia":[{"embeddable":true,"href":"https:\/\/www.csj-emballages.com\/it\/wp-json\/wp\/v2\/media\/271069"}],"wp:attachment":[{"href":"https:\/\/www.csj-emballages.com\/it\/wp-json\/wp\/v2\/media?parent=271068"}],"wp:term":[{"taxonomy":"product_brand","embeddable":true,"href":"https:\/\/www.csj-emballages.com\/it\/wp-json\/wp\/v2\/product_brand?post=271068"},{"taxonomy":"product_cat","embeddable":true,"href":"https:\/\/www.csj-emballages.com\/it\/wp-json\/wp\/v2\/product_cat?post=271068"},{"taxonomy":"product_tag","embeddable":true,"href":"https:\/\/www.csj-emballages.com\/it\/wp-json\/wp\/v2\/product_tag?post=271068"}],"curies":[{"name":"wp","href":"https:\/\/api.w.org\/{rel}","templated":true}]}}