{"id":271038,"date":"2024-04-18T16:01:47","date_gmt":"2024-04-18T14:01:47","guid":{"rendered":"https:\/\/www.csj-emballages.com\/produit\/coperchio-biodegradabile-per-vassoi-pasto-pl5cbioal-da-50\/"},"modified":"2026-03-17T02:13:19","modified_gmt":"2026-03-17T01:13:19","slug":"coperchio-biodegradabile-per-vassoi-pasto-pl5cbioal-da-50","status":"publish","type":"product","link":"https:\/\/www.csj-emballages.com\/it\/produit\/coperchio-biodegradabile-per-vassoi-pasto-pl5cbioal-da-50\/","title":{"rendered":"Coperchio biodegradabile per vassoi pasto PL5CBIOAL da 50"},"content":{"rendered":"<h2 class=\"p1\">Coperchio biodegradabile<\/h2>\n<hr>\n<h3>Descrizione del nostro coperchio biodegradabile per vassoi pasto PL5CBIOAL da 50<\/h3>\n<p><!--more--><\/p>\n<p data-start=\"364\" data-end=\"840\">Il <strong data-start=\"367\" data-end=\"424\">coperchio biodegradabile per vassoi pasto PL5CBIOAL<\/strong> da <strong>50<\/strong> \u00e8 una soluzione moderna e rispettosa dell\u2019ambiente, pensata per rispondere alle esigenze di <strong data-start=\"530\" data-end=\"543\">catering<\/strong>, <strong data-start=\"545\" data-end=\"562\">ristoratori<\/strong> e <strong data-start=\"566\" data-end=\"603\">aziende di consegna pasti<\/strong> attente alla propria immagine e all\u2019impatto ecologico. Progettato appositamente per adattarsi ai <strong data-start=\"697\" data-end=\"719\">vassoi pasto PL5<\/strong>, questo <strong>coperchio<\/strong> offre una chiusura sicura e pratica, ed \u00e8 un\u2019alternativa sostenibile alle plastiche tradizionali. <\/p>\n<p data-start=\"842\" data-end=\"1299\">Realizzato con <strong data-start=\"863\" data-end=\"890\">materiali biodegradabili<\/strong> di alta qualit\u00e0, unisce resistenza e rispetto per il pianeta. A differenza dei classici coperchi in plastica, questo si degrada naturalmente dopo l\u2019uso, riducendo in modo significativo la tua impronta ecologica. \u00c8 la scelta ideale per valorizzare il tuo impegno verso una ristorazione pi\u00f9 responsabile e rispondere alle crescenti aspettative dei clienti in tema di sostenibilit\u00e0.  <\/p>\n<p data-start=\"1301\" data-end=\"1679\">Grazie alla struttura robusta, il <strong data-start=\"1335\" data-end=\"1372\">coperchio biodegradabile PL5CBIOAL<\/strong> assicura una tenuta perfetta delle tue preparazioni, anche durante il trasporto. Mantiene la freschezza, evita fuoriuscite e garantisce una presentazione professionale all\u2019arrivo. La trasparenza o la finitura curata permette inoltre di valorizzare le tue creazioni culinarie senza rinunciare all\u2019estetica.  <\/p>\n<p data-start=\"1681\" data-end=\"1942\">Confezionato in <strong data-start=\"1697\" data-end=\"1710\">lotto da 50<\/strong>, offre un ottimo rapporto qualit\u00e0-prezzo per equipaggiare al meglio la tua attivit\u00e0. Che si tratti di asporto, consegne in azienda o eventi, questo coperchio \u00e8 un alleato affidabile e durevole. <\/p>\n<p data-start=\"1944\" data-end=\"2101\">Scegliere il <strong data-start=\"1958\" data-end=\"2015\">coperchio biodegradabile per vassoi pasto PL5CBIOAL<\/strong> significa unire praticit\u00e0, qualit\u00e0 ed ecologia in un unico prodotto.<\/p>\n<p data-start=\"1944\" data-end=\"2101\">\n<p><!--more--><\/p>\n<p><strong>Vantaggi:<\/strong><\/p>\n<ul>\n<li><strong data-start=\"2331\" data-end=\"2365\">Rispetta l\u2019ambiente<\/strong>: 100% biodegradabile.<\/li>\n<li><strong data-start=\"2393\" data-end=\"2405\">Pratico<\/strong>: si adatta perfettamente ai vassoi pasto PL5.<\/li>\n<li><strong data-start=\"2458\" data-end=\"2482\">Sicurezza alimentare<\/strong>: evita perdite e protegge le tue preparazioni.<\/li>\n<li><strong data-start=\"2591\" data-end=\"2621\">Confezione conveniente<\/strong>: lotto da 50 coperchi.<\/li>\n<\/ul>\n<p>&nbsp;<\/p>\n<p><!--more--><\/p>\n<h4>Altre informazioni:<\/h4>\n<ul>\n<li><strong>Confezionamento<\/strong>: Pacchetto da 50<\/li>\n<li><strong>Dimensioni<\/strong>: 320 x 225 x 28 mm<\/li>\n<li><strong>Materiale<\/strong>: bagassa<\/li>\n<li><strong>Colore<\/strong>: Bianco<\/li>\n<\/ul>\n<p>&nbsp;<\/p>\n<p><!--more--><\/p>\n<p>Compatibili con i vassoi <span style=\"color: #d12727;\"><a style=\"color: #d12727;\" href=\"https:\/\/www.csj-emballages.com\/produit\/50-plateaux-repas-a-emporter-5-compartiments-biodegradables-compostables\/\">PL5CBIOAL<\/a><\/span><\/p>\n<p>&nbsp;<\/p>\n<p><!--more--><\/p>\n<p><a href=\"https:\/\/www.csj-emballages.com\/it\/categorie-produit\/imballaggi-alimentari\/gamma-bio\/vassoi-bio\/\">Scopri il resto della nostra gamma di vassoi pasto biodegradabili<\/a><\/p>\n","protected":false},"excerpt":{"rendered":"<p>Coperchio biodegradabile Descrizione del nostro coperchio biodegradabile per vassoi pasto PL5CBIOAL da 50<\/p>\n","protected":false},"featured_media":271063,"template":"","meta":{"_acf_changed":false},"product_brand":[],"product_cat":[10346,10381,10482,10483,11288,10375,10491,10492,10863,10350,11289],"product_tag":[],"class_list":{"0":"post-271038","1":"product","2":"type-product","3":"status-publish","4":"has-post-thumbnail","6":"product_cat-imballaggi-alimentari","7":"product_cat-macelleria-gastronomia-ortofrutta","8":"product_cat-vassoi","9":"product_cat-vassoi-pasto","10":"product_cat-vassoi-pasto-biodegradabili","11":"product_cat-ristorazione","14":"product_cat-vassoio-pasto-biodegradabile","15":"product_cat-gamma-bio","16":"product_cat-vassoi-bio","18":"first","19":"instock","20":"taxable","21":"shipping-taxable","22":"purchasable","23":"product-type-simple"},"acf":[],"yoast_head":"<!-- This site is optimized with the Yoast SEO Premium plugin v26.6 (Yoast SEO v26.6) - https:\/\/yoast.com\/wordpress\/plugins\/seo\/ -->\n<title>Coperchio biodegradabile per vassoi pasto<\/title>\n<meta name=\"description\" content=\"Scopri il nostro coperchio biodegradabile per vassoi pasto! Ti proponiamo una confezione da 50 coperchi biodegradabili per rif. PL5CBIOAL.\" \/>\n<meta name=\"robots\" content=\"index, follow, max-snippet:-1, max-image-preview:large, max-video-preview:-1\" \/>\n<link rel=\"canonical\" href=\"https:\/\/www.csj-emballages.com\/it\/produit\/coperchio-biodegradabile-per-vassoi-pasto-pl5cbioal-da-50\/\" \/>\n<meta property=\"og:locale\" content=\"it_IT\" \/>\n<meta property=\"og:type\" content=\"article\" \/>\n<meta property=\"og:title\" content=\"Coperchio biodegradabile per vassoi pasto PL5CBIOAL da 50\" \/>\n<meta property=\"og:description\" content=\"Scopri il nostro coperchio biodegradabile per vassoi pasto! Ti proponiamo una confezione da 50 coperchi biodegradabili per rif. PL5CBIOAL.\" \/>\n<meta property=\"og:url\" content=\"https:\/\/www.csj-emballages.com\/it\/produit\/coperchio-biodegradabile-per-vassoi-pasto-pl5cbioal-da-50\/\" \/>\n<meta property=\"og:site_name\" content=\"CSJ Emballages\" \/>\n<meta property=\"article:publisher\" content=\"https:\/\/www.facebook.com\/csjemballages\" \/>\n<meta property=\"article:modified_time\" content=\"2026-03-17T01:13:19+00:00\" \/>\n<meta property=\"og:image\" content=\"https:\/\/www.csj-emballages.com\/wp-content\/uploads\/2024\/04\/Couverclebio.webp\" \/>\n\t<meta property=\"og:image:width\" content=\"813\" \/>\n\t<meta property=\"og:image:height\" content=\"813\" \/>\n\t<meta property=\"og:image:type\" content=\"image\/webp\" \/>\n<meta name=\"twitter:card\" content=\"summary_large_image\" \/>\n<meta name=\"twitter:label1\" content=\"Dur\u00e9e de lecture estim\u00e9e\" \/>\n\t<meta name=\"twitter:data1\" content=\"1 minuto\" \/>\n<script type=\"application\/ld+json\" class=\"yoast-schema-graph\">{\"@context\":\"https:\/\/schema.org\",\"@graph\":[{\"@type\":\"WebPage\",\"@id\":\"https:\/\/www.csj-emballages.com\/it\/produit\/coperchio-biodegradabile-per-vassoi-pasto-pl5cbioal-da-50\/\",\"url\":\"https:\/\/www.csj-emballages.com\/it\/produit\/coperchio-biodegradabile-per-vassoi-pasto-pl5cbioal-da-50\/\",\"name\":\"Coperchio biodegradabile per vassoi pasto\",\"isPartOf\":{\"@id\":\"https:\/\/www.csj-emballages.com\/it\/#website\"},\"primaryImageOfPage\":{\"@id\":\"https:\/\/www.csj-emballages.com\/it\/produit\/coperchio-biodegradabile-per-vassoi-pasto-pl5cbioal-da-50\/#primaryimage\"},\"image\":{\"@id\":\"https:\/\/www.csj-emballages.com\/it\/produit\/coperchio-biodegradabile-per-vassoi-pasto-pl5cbioal-da-50\/#primaryimage\"},\"thumbnailUrl\":\"https:\/\/www.csj-emballages.com\/wp-content\/uploads\/2024\/04\/Couverclebio.webp\",\"datePublished\":\"2024-04-18T14:01:47+00:00\",\"dateModified\":\"2026-03-17T01:13:19+00:00\",\"description\":\"Scopri il nostro coperchio biodegradabile per vassoi pasto! Ti proponiamo una confezione da 50 coperchi biodegradabili per rif. PL5CBIOAL.\",\"breadcrumb\":{\"@id\":\"https:\/\/www.csj-emballages.com\/it\/produit\/coperchio-biodegradabile-per-vassoi-pasto-pl5cbioal-da-50\/#breadcrumb\"},\"inLanguage\":\"it-IT\",\"potentialAction\":[{\"@type\":\"ReadAction\",\"target\":[\"https:\/\/www.csj-emballages.com\/it\/produit\/coperchio-biodegradabile-per-vassoi-pasto-pl5cbioal-da-50\/\"]}]},{\"@type\":\"ImageObject\",\"inLanguage\":\"it-IT\",\"@id\":\"https:\/\/www.csj-emballages.com\/it\/produit\/coperchio-biodegradabile-per-vassoi-pasto-pl5cbioal-da-50\/#primaryimage\",\"url\":\"https:\/\/www.csj-emballages.com\/wp-content\/uploads\/2024\/04\/Couverclebio.webp\",\"contentUrl\":\"https:\/\/www.csj-emballages.com\/wp-content\/uploads\/2024\/04\/Couverclebio.webp\",\"width\":813,\"height\":813,\"caption\":\"Couvercle biod\u00e9gradable\"},{\"@type\":\"BreadcrumbList\",\"@id\":\"https:\/\/www.csj-emballages.com\/it\/produit\/coperchio-biodegradabile-per-vassoi-pasto-pl5cbioal-da-50\/#breadcrumb\",\"itemListElement\":[{\"@type\":\"ListItem\",\"position\":1,\"name\":\"Home\",\"item\":\"https:\/\/www.csj-emballages.com\/it\/universo-imballaggi-alimentari\/\"},{\"@type\":\"ListItem\",\"position\":2,\"name\":\"Negozio\",\"item\":\"https:\/\/www.csj-emballages.com\/it\/negozio\/\"},{\"@type\":\"ListItem\",\"position\":3,\"name\":\"Coperchio biodegradabile per vassoi pasto PL5CBIOAL da 50\"}]},{\"@type\":\"WebSite\",\"@id\":\"https:\/\/www.csj-emballages.com\/it\/#website\",\"url\":\"https:\/\/www.csj-emballages.com\/it\/\",\"name\":\"CSJ Emballages\",\"description\":\"\",\"publisher\":{\"@id\":\"https:\/\/www.csj-emballages.com\/it\/#organization\"},\"potentialAction\":[{\"@type\":\"SearchAction\",\"target\":{\"@type\":\"EntryPoint\",\"urlTemplate\":\"https:\/\/www.csj-emballages.com\/it\/?s={search_term_string}\"},\"query-input\":{\"@type\":\"PropertyValueSpecification\",\"valueRequired\":true,\"valueName\":\"search_term_string\"}}],\"inLanguage\":\"it-IT\"},{\"@type\":\"Organization\",\"@id\":\"https:\/\/www.csj-emballages.com\/it\/#Organization\/\",\"name\":\"CSJ Emballages\",\"url\":\"https:\/\/www.csj-emballages.com\/it\/\",\"logo\":{\"@type\":\"ImageObject\",\"inLanguage\":\"it-IT\",\"@id\":\"https:\/\/www.csj-emballages.com\/it\/#\/schema\/logo\/image\/\",\"url\":\"https:\/\/www.csj-emballages.com\/wp-content\/uploads\/2023\/10\/logo_csj.webp\",\"contentUrl\":\"https:\/\/www.csj-emballages.com\/wp-content\/uploads\/2023\/10\/logo_csj.webp\",\"width\":250,\"height\":95,\"caption\":\"CSJ Emballages\"},\"image\":{\"@id\":\"https:\/\/www.csj-emballages.com\/it\/#\/schema\/logo\/image\/\"},\"sameAs\":[\"https:\/\/www.facebook.com\/csjemballages\"],\"address\":{\"@type\":\"PostalAddress\",\"streetAddress\":\"ZI La Lechere\",\"addressLocality\":\"Patornay\",\"postalCode\":\"39130\",\"addressCountry\":\"FR\"},\"contactPoint\":[{\"@type\":\"ContactPoint\",\"contactType\":\"Service client\",\"telephone\":\"0384254272\",\"email\":\"contact@csj-emballages.com\"}]}]}<\/script>\n<!-- \/ Yoast SEO Premium plugin. -->","yoast_head_json":{"title":"Coperchio biodegradabile per vassoi pasto","description":"Scopri il nostro coperchio biodegradabile per vassoi pasto! Ti proponiamo una confezione da 50 coperchi biodegradabili per rif. PL5CBIOAL.","robots":{"index":"index","follow":"follow","max-snippet":"max-snippet:-1","max-image-preview":"max-image-preview:large","max-video-preview":"max-video-preview:-1"},"canonical":"https:\/\/www.csj-emballages.com\/it\/produit\/coperchio-biodegradabile-per-vassoi-pasto-pl5cbioal-da-50\/","og_locale":"it_IT","og_type":"article","og_title":"Coperchio biodegradabile per vassoi pasto PL5CBIOAL da 50","og_description":"Scopri il nostro coperchio biodegradabile per vassoi pasto! Ti proponiamo una confezione da 50 coperchi biodegradabili per rif. PL5CBIOAL.","og_url":"https:\/\/www.csj-emballages.com\/it\/produit\/coperchio-biodegradabile-per-vassoi-pasto-pl5cbioal-da-50\/","og_site_name":"CSJ Emballages","article_publisher":"https:\/\/www.facebook.com\/csjemballages","article_modified_time":"2026-03-17T01:13:19+00:00","og_image":[{"width":813,"height":813,"url":"https:\/\/www.csj-emballages.com\/wp-content\/uploads\/2024\/04\/Couverclebio.webp","type":"image\/webp"}],"twitter_card":"summary_large_image","twitter_misc":{"Dur\u00e9e de lecture estim\u00e9e":"1 minuto"},"schema":{"@context":"https:\/\/schema.org","@graph":[{"@type":"WebPage","@id":"https:\/\/www.csj-emballages.com\/it\/produit\/coperchio-biodegradabile-per-vassoi-pasto-pl5cbioal-da-50\/","url":"https:\/\/www.csj-emballages.com\/it\/produit\/coperchio-biodegradabile-per-vassoi-pasto-pl5cbioal-da-50\/","name":"Coperchio biodegradabile per vassoi pasto","isPartOf":{"@id":"https:\/\/www.csj-emballages.com\/it\/#website"},"primaryImageOfPage":{"@id":"https:\/\/www.csj-emballages.com\/it\/produit\/coperchio-biodegradabile-per-vassoi-pasto-pl5cbioal-da-50\/#primaryimage"},"image":{"@id":"https:\/\/www.csj-emballages.com\/it\/produit\/coperchio-biodegradabile-per-vassoi-pasto-pl5cbioal-da-50\/#primaryimage"},"thumbnailUrl":"https:\/\/www.csj-emballages.com\/wp-content\/uploads\/2024\/04\/Couverclebio.webp","datePublished":"2024-04-18T14:01:47+00:00","dateModified":"2026-03-17T01:13:19+00:00","description":"Scopri il nostro coperchio biodegradabile per vassoi pasto! Ti proponiamo una confezione da 50 coperchi biodegradabili per rif. PL5CBIOAL.","breadcrumb":{"@id":"https:\/\/www.csj-emballages.com\/it\/produit\/coperchio-biodegradabile-per-vassoi-pasto-pl5cbioal-da-50\/#breadcrumb"},"inLanguage":"it-IT","potentialAction":[{"@type":"ReadAction","target":["https:\/\/www.csj-emballages.com\/it\/produit\/coperchio-biodegradabile-per-vassoi-pasto-pl5cbioal-da-50\/"]}]},{"@type":"ImageObject","inLanguage":"it-IT","@id":"https:\/\/www.csj-emballages.com\/it\/produit\/coperchio-biodegradabile-per-vassoi-pasto-pl5cbioal-da-50\/#primaryimage","url":"https:\/\/www.csj-emballages.com\/wp-content\/uploads\/2024\/04\/Couverclebio.webp","contentUrl":"https:\/\/www.csj-emballages.com\/wp-content\/uploads\/2024\/04\/Couverclebio.webp","width":813,"height":813,"caption":"Couvercle biod\u00e9gradable"},{"@type":"BreadcrumbList","@id":"https:\/\/www.csj-emballages.com\/it\/produit\/coperchio-biodegradabile-per-vassoi-pasto-pl5cbioal-da-50\/#breadcrumb","itemListElement":[{"@type":"ListItem","position":1,"name":"Home","item":"https:\/\/www.csj-emballages.com\/it\/universo-imballaggi-alimentari\/"},{"@type":"ListItem","position":2,"name":"Negozio","item":"https:\/\/www.csj-emballages.com\/it\/negozio\/"},{"@type":"ListItem","position":3,"name":"Coperchio biodegradabile per vassoi pasto PL5CBIOAL da 50"}]},{"@type":"WebSite","@id":"https:\/\/www.csj-emballages.com\/it\/#website","url":"https:\/\/www.csj-emballages.com\/it\/","name":"CSJ Emballages","description":"","publisher":{"@id":"https:\/\/www.csj-emballages.com\/it\/#organization"},"potentialAction":[{"@type":"SearchAction","target":{"@type":"EntryPoint","urlTemplate":"https:\/\/www.csj-emballages.com\/it\/?s={search_term_string}"},"query-input":{"@type":"PropertyValueSpecification","valueRequired":true,"valueName":"search_term_string"}}],"inLanguage":"it-IT"},{"@type":"Organization","@id":"https:\/\/www.csj-emballages.com\/it\/#Organization\/","name":"CSJ Emballages","url":"https:\/\/www.csj-emballages.com\/it\/","logo":{"@type":"ImageObject","inLanguage":"it-IT","@id":"https:\/\/www.csj-emballages.com\/it\/#\/schema\/logo\/image\/","url":"https:\/\/www.csj-emballages.com\/wp-content\/uploads\/2023\/10\/logo_csj.webp","contentUrl":"https:\/\/www.csj-emballages.com\/wp-content\/uploads\/2023\/10\/logo_csj.webp","width":250,"height":95,"caption":"CSJ Emballages"},"image":{"@id":"https:\/\/www.csj-emballages.com\/it\/#\/schema\/logo\/image\/"},"sameAs":["https:\/\/www.facebook.com\/csjemballages"],"address":{"@type":"PostalAddress","streetAddress":"ZI La Lechere","addressLocality":"Patornay","postalCode":"39130","addressCountry":"FR"},"contactPoint":[{"@type":"ContactPoint","contactType":"Service client","telephone":"0384254272","email":"contact@csj-emballages.com"}]}]}},"df_price":17.15,"df_sale_price":"","df_regular_price":17.15,"df_image_link":"https:\/\/www.csj-emballages.com\/wp-content\/uploads\/2024\/04\/Couverclebio-300x300.webp","tiered_pricing_type":"fixed","tiered_pricing_fixed_rules":[],"tiered_pricing_percentage_rules":[],"tiered_pricing_minimum":1,"tiered_pricing_roles_data":[],"_links":{"self":[{"href":"https:\/\/www.csj-emballages.com\/it\/wp-json\/wp\/v2\/product\/271038","targetHints":{"allow":["GET"]}}],"collection":[{"href":"https:\/\/www.csj-emballages.com\/it\/wp-json\/wp\/v2\/product"}],"about":[{"href":"https:\/\/www.csj-emballages.com\/it\/wp-json\/wp\/v2\/types\/product"}],"wp:featuredmedia":[{"embeddable":true,"href":"https:\/\/www.csj-emballages.com\/it\/wp-json\/wp\/v2\/media\/271063"}],"wp:attachment":[{"href":"https:\/\/www.csj-emballages.com\/it\/wp-json\/wp\/v2\/media?parent=271038"}],"wp:term":[{"taxonomy":"product_brand","embeddable":true,"href":"https:\/\/www.csj-emballages.com\/it\/wp-json\/wp\/v2\/product_brand?post=271038"},{"taxonomy":"product_cat","embeddable":true,"href":"https:\/\/www.csj-emballages.com\/it\/wp-json\/wp\/v2\/product_cat?post=271038"},{"taxonomy":"product_tag","embeddable":true,"href":"https:\/\/www.csj-emballages.com\/it\/wp-json\/wp\/v2\/product_tag?post=271038"}],"curies":[{"name":"wp","href":"https:\/\/api.w.org\/{rel}","templated":true}]}}