{"id":270970,"date":"2024-05-16T09:01:35","date_gmt":"2024-05-16T07:01:35","guid":{"rendered":"https:\/\/www.csj-emballages.com\/produit\/budelli-di-pecora-halal-22-24-60-metri-tubi-rigidi-ab-secchio-da-30-matasse-in-2-pz\/"},"modified":"2026-03-12T16:12:38","modified_gmt":"2026-03-12T15:12:38","slug":"budelli-di-pecora-halal-22-24-60-metri-tubi-rigidi-ab-secchio-da-30-matasse-in-2-pz","status":"publish","type":"product","link":"https:\/\/www.csj-emballages.com\/it\/produit\/budelli-di-pecora-halal-22-24-60-metri-tubi-rigidi-ab-secchio-da-30-matasse-in-2-pz\/","title":{"rendered":"Budelli di pecora Halal 22\/24 60 metri tubi rigidi AB secchio da 30 matasse in 2 pz"},"content":{"rendered":"<h2>Secchi di budelli di pecora Halal 22\/24, 60 m tubi rigidi AB secchio da 30 matasse &#8211; in 2 pz<\/h2>\n<hr>\n<h3>Descrizione del prodotto<\/h3>\n<p><!--more--><\/p>\n<div class=\"flex-shrink-0 flex flex-col relative items-end\">\n<div class=\"pt-0.5 juice:pt-0\">\n<div class=\"gizmo-bot-avatar flex h-6 w-6 items-center justify-center overflow-hidden rounded-full juice:h-8 juice:w-8\">\n<div class=\"relative p-1 rounded-sm flex items-center justify-center bg-token-main-surface-primary text-token-text-primary h-8 w-8\">\n<p>Scopri i nostri secchi di budelli di pecora Halal, perfetti per le tue esigenze culinarie specifiche. Ogni secchio contiene 30 matasse di tubi rigidi AB, con diametro 22\/24 e una lunghezza totale di 60 metri. Ideali per professionisti della salumeria e appassionati di cucina artigianale, questi budelli offrono qualit\u00e0 superiore e conformit\u00e0 alle norme previste. La facilit\u00e0 d\u2019uso e la resistenza alle condizioni di lavorazione li rendono una scelta affidabile per la produzione di salsicce, chorizo e altri salumi. Ogni secchio \u00e8 confezionato con cura per garantire freschezza e praticit\u00e0, assicurando una conservazione ottimale fino all\u2019uso finale.    <\/p>\n<p>Affidati al nostro prodotto per risultati costanti e una consistenza autentica nelle tue preparazioni. Perfetti per grandi produzioni, questi secchi soddisfano rigorosi requisiti di qualit\u00e0 e sicurezza alimentare. <\/p>\n<p>Scegli qualit\u00e0 e affidabilit\u00e0 con i nostri secchi di budello di pecora Halal per creazioni culinarie eccezionali.<\/p>\n<\/div>\n<\/div>\n<\/div>\n<\/div>\n<p><!--more--><\/p>\n<p><strong>I loro vantaggi:<\/strong><\/p>\n<ul>\n<li><strong>Lunghezza generosa<\/strong> : 60 metri per matassa, ideale per produzioni medio-grandi.<\/li>\n<li><strong>Praticit\u00e0 di stoccaggio<\/strong> : Confezionati in secchio da 30 matasse, facili da conservare e trasportare.<\/li>\n<li><strong>Versatilit\u00e0 culinaria<\/strong> : Perfetti per la produzione di salsicce, chorizo e altre specialit\u00e0 di salumeria.<\/li>\n<li><strong>Conservazione ottimale<\/strong> : Confezione sigillata con cura che garantisce freschezza e igiene fino all\u2019uso.<\/li>\n<\/ul>\n<p><!--more--><\/p>\n<p>Disponibile anche in <span style=\"color: #d12727\"><a style=\"color: #d12727\" href=\"https:\/\/www.csj-emballages.com\/it\/produit\/2-secchi-di-budello-di-pecora-halal-24-26-60-metri-tubi-rigidi-ab-secchio-da-30-masse\/\">budelli halal di diametro 24\/26<\/a><\/span><\/p>\n<p><!--more--><\/p>\n<p>Disponibile anche in secchi da 2 matasse: <span style=\"color: #d12727\"><a style=\"color: #d12727\" href=\"https:\/\/www.csj-emballages.com\/produit\/boyau-mouton-halal-22-24-60-metres-ab-24-pots-de-2-masses\/\">Diametro 22\/24<\/a><\/span> &#8211; <span style=\"color: #d12727\"><a style=\"color: #d12727\" href=\"https:\/\/www.csj-emballages.com\/it\/produit\/budella-di-pecora-halal-24-26-60-metri-tipo-ab-24-vasetti-da-2-mazze\/\">Diametro 24\/26<\/a><\/span><\/p>\n<p><!--more--><\/p>\n<p>&nbsp;<\/p>\n<p><a href=\"https:\/\/www.csj-emballages.com\/it\/categorie-produit\/alimentari\/budella\/\">Consulta il resto della nostra gamma di budelli<\/a><\/p>\n","protected":false},"excerpt":{"rendered":"<p>Secchi di budelli di pecora Halal 22\/24, 60 m tubi rigidi AB secchio da 30 matasse &#8211; in 2 pz Descrizione del prodotto<\/p>\n","protected":false},"featured_media":270978,"template":"","meta":{"_acf_changed":false},"product_brand":[],"product_cat":[10445,11332,11334],"product_tag":[],"class_list":{"0":"post-270970","1":"product","2":"type-product","3":"status-publish","4":"has-post-thumbnail","6":"product_cat-alimentari","7":"product_cat-budella","8":"product_cat-o22-24-mm","10":"first","11":"onbackorder","12":"taxable","13":"shipping-taxable","14":"purchasable","15":"product-type-simple"},"acf":[],"yoast_head":"<!-- This site is optimized with the Yoast SEO Premium plugin v26.6 (Yoast SEO v26.6) - https:\/\/yoast.com\/wordpress\/plugins\/seo\/ -->\n<title>Secchi Budelli di pecora Halal 22\/24 60 metri tubi rigidi AB<\/title>\n<meta name=\"description\" content=\"Secchi di budelli di pecora Halal, diametro 22\/24 in 60 metri tubi rigidi AB! Scegli subito secchi da 30 matasse di budelli di pecora halal\" \/>\n<meta name=\"robots\" content=\"index, follow, max-snippet:-1, max-image-preview:large, max-video-preview:-1\" \/>\n<link rel=\"canonical\" href=\"https:\/\/www.csj-emballages.com\/it\/produit\/budelli-di-pecora-halal-22-24-60-metri-tubi-rigidi-ab-secchio-da-30-matasse-in-2-pz\/\" \/>\n<meta property=\"og:locale\" content=\"it_IT\" \/>\n<meta property=\"og:type\" content=\"article\" \/>\n<meta property=\"og:title\" content=\"Budelli di pecora Halal 22\/24 60 metri tubi rigidi AB secchio da 30 matasse in 2 pz\" \/>\n<meta property=\"og:description\" content=\"Secchi di budelli di pecora Halal, diametro 22\/24 in 60 metri tubi rigidi AB! Scegli subito secchi da 30 matasse di budelli di pecora halal\" \/>\n<meta property=\"og:url\" content=\"https:\/\/www.csj-emballages.com\/it\/produit\/budelli-di-pecora-halal-22-24-60-metri-tubi-rigidi-ab-secchio-da-30-matasse-in-2-pz\/\" \/>\n<meta property=\"og:site_name\" content=\"CSJ Emballages\" \/>\n<meta property=\"article:publisher\" content=\"https:\/\/www.facebook.com\/csjemballages\" \/>\n<meta property=\"article:modified_time\" content=\"2026-03-12T15:12:38+00:00\" \/>\n<meta property=\"og:image\" content=\"https:\/\/www.csj-emballages.com\/wp-content\/uploads\/2024\/05\/Capture_d_ecran_2024-05-03_a_16.31.02-removebg-preview-e1716968478785.png\" \/>\n\t<meta property=\"og:image:width\" content=\"300\" \/>\n\t<meta property=\"og:image:height\" content=\"300\" \/>\n\t<meta property=\"og:image:type\" content=\"image\/png\" \/>\n<meta name=\"twitter:card\" content=\"summary_large_image\" \/>\n<meta name=\"twitter:label1\" content=\"Dur\u00e9e de lecture estim\u00e9e\" \/>\n\t<meta name=\"twitter:data1\" content=\"1 minuto\" \/>\n<script type=\"application\/ld+json\" class=\"yoast-schema-graph\">{\"@context\":\"https:\/\/schema.org\",\"@graph\":[{\"@type\":\"WebPage\",\"@id\":\"https:\/\/www.csj-emballages.com\/it\/produit\/budelli-di-pecora-halal-22-24-60-metri-tubi-rigidi-ab-secchio-da-30-matasse-in-2-pz\/\",\"url\":\"https:\/\/www.csj-emballages.com\/it\/produit\/budelli-di-pecora-halal-22-24-60-metri-tubi-rigidi-ab-secchio-da-30-matasse-in-2-pz\/\",\"name\":\"Secchi Budelli di pecora Halal 22\/24 60 metri tubi rigidi AB\",\"isPartOf\":{\"@id\":\"https:\/\/www.csj-emballages.com\/it\/#website\"},\"primaryImageOfPage\":{\"@id\":\"https:\/\/www.csj-emballages.com\/it\/produit\/budelli-di-pecora-halal-22-24-60-metri-tubi-rigidi-ab-secchio-da-30-matasse-in-2-pz\/#primaryimage\"},\"image\":{\"@id\":\"https:\/\/www.csj-emballages.com\/it\/produit\/budelli-di-pecora-halal-22-24-60-metri-tubi-rigidi-ab-secchio-da-30-matasse-in-2-pz\/#primaryimage\"},\"thumbnailUrl\":\"https:\/\/www.csj-emballages.com\/wp-content\/uploads\/2024\/05\/Capture_d_ecran_2024-05-03_a_16.31.02-removebg-preview-e1716968478785.png\",\"datePublished\":\"2024-05-16T07:01:35+00:00\",\"dateModified\":\"2026-03-12T15:12:38+00:00\",\"description\":\"Secchi di budelli di pecora Halal, diametro 22\/24 in 60 metri tubi rigidi AB! Scegli subito secchi da 30 matasse di budelli di pecora halal\",\"breadcrumb\":{\"@id\":\"https:\/\/www.csj-emballages.com\/it\/produit\/budelli-di-pecora-halal-22-24-60-metri-tubi-rigidi-ab-secchio-da-30-matasse-in-2-pz\/#breadcrumb\"},\"inLanguage\":\"it-IT\",\"potentialAction\":[{\"@type\":\"ReadAction\",\"target\":[\"https:\/\/www.csj-emballages.com\/it\/produit\/budelli-di-pecora-halal-22-24-60-metri-tubi-rigidi-ab-secchio-da-30-matasse-in-2-pz\/\"]}]},{\"@type\":\"ImageObject\",\"inLanguage\":\"it-IT\",\"@id\":\"https:\/\/www.csj-emballages.com\/it\/produit\/budelli-di-pecora-halal-22-24-60-metri-tubi-rigidi-ab-secchio-da-30-matasse-in-2-pz\/#primaryimage\",\"url\":\"https:\/\/www.csj-emballages.com\/wp-content\/uploads\/2024\/05\/Capture_d_ecran_2024-05-03_a_16.31.02-removebg-preview-e1716968478785.png\",\"contentUrl\":\"https:\/\/www.csj-emballages.com\/wp-content\/uploads\/2024\/05\/Capture_d_ecran_2024-05-03_a_16.31.02-removebg-preview-e1716968478785.png\",\"width\":300,\"height\":300,\"caption\":\"Boyaux mouton Halal 22\/24 AB 30 masses\"},{\"@type\":\"BreadcrumbList\",\"@id\":\"https:\/\/www.csj-emballages.com\/it\/produit\/budelli-di-pecora-halal-22-24-60-metri-tubi-rigidi-ab-secchio-da-30-matasse-in-2-pz\/#breadcrumb\",\"itemListElement\":[{\"@type\":\"ListItem\",\"position\":1,\"name\":\"Home\",\"item\":\"https:\/\/www.csj-emballages.com\/it\/universo-imballaggi-alimentari\/\"},{\"@type\":\"ListItem\",\"position\":2,\"name\":\"Negozio\",\"item\":\"https:\/\/www.csj-emballages.com\/it\/negozio\/\"},{\"@type\":\"ListItem\",\"position\":3,\"name\":\"Budelli di pecora Halal 22\/24 60 metri tubi rigidi AB secchio da 30 matasse in 2 pz\"}]},{\"@type\":\"WebSite\",\"@id\":\"https:\/\/www.csj-emballages.com\/it\/#website\",\"url\":\"https:\/\/www.csj-emballages.com\/it\/\",\"name\":\"CSJ Emballages\",\"description\":\"\",\"publisher\":{\"@id\":\"https:\/\/www.csj-emballages.com\/it\/#organization\"},\"potentialAction\":[{\"@type\":\"SearchAction\",\"target\":{\"@type\":\"EntryPoint\",\"urlTemplate\":\"https:\/\/www.csj-emballages.com\/it\/?s={search_term_string}\"},\"query-input\":{\"@type\":\"PropertyValueSpecification\",\"valueRequired\":true,\"valueName\":\"search_term_string\"}}],\"inLanguage\":\"it-IT\"},{\"@type\":\"Organization\",\"@id\":\"https:\/\/www.csj-emballages.com\/it\/#Organization\/\",\"name\":\"CSJ Emballages\",\"url\":\"https:\/\/www.csj-emballages.com\/it\/\",\"logo\":{\"@type\":\"ImageObject\",\"inLanguage\":\"it-IT\",\"@id\":\"https:\/\/www.csj-emballages.com\/it\/#\/schema\/logo\/image\/\",\"url\":\"https:\/\/www.csj-emballages.com\/wp-content\/uploads\/2023\/10\/logo_csj.webp\",\"contentUrl\":\"https:\/\/www.csj-emballages.com\/wp-content\/uploads\/2023\/10\/logo_csj.webp\",\"width\":250,\"height\":95,\"caption\":\"CSJ Emballages\"},\"image\":{\"@id\":\"https:\/\/www.csj-emballages.com\/it\/#\/schema\/logo\/image\/\"},\"sameAs\":[\"https:\/\/www.facebook.com\/csjemballages\"],\"address\":{\"@type\":\"PostalAddress\",\"streetAddress\":\"ZI La Lechere\",\"addressLocality\":\"Patornay\",\"postalCode\":\"39130\",\"addressCountry\":\"FR\"},\"contactPoint\":[{\"@type\":\"ContactPoint\",\"contactType\":\"Service client\",\"telephone\":\"0384254272\",\"email\":\"contact@csj-emballages.com\"}]}]}<\/script>\n<!-- \/ Yoast SEO Premium plugin. -->","yoast_head_json":{"title":"Secchi Budelli di pecora Halal 22\/24 60 metri tubi rigidi AB","description":"Secchi di budelli di pecora Halal, diametro 22\/24 in 60 metri tubi rigidi AB! Scegli subito secchi da 30 matasse di budelli di pecora halal","robots":{"index":"index","follow":"follow","max-snippet":"max-snippet:-1","max-image-preview":"max-image-preview:large","max-video-preview":"max-video-preview:-1"},"canonical":"https:\/\/www.csj-emballages.com\/it\/produit\/budelli-di-pecora-halal-22-24-60-metri-tubi-rigidi-ab-secchio-da-30-matasse-in-2-pz\/","og_locale":"it_IT","og_type":"article","og_title":"Budelli di pecora Halal 22\/24 60 metri tubi rigidi AB secchio da 30 matasse in 2 pz","og_description":"Secchi di budelli di pecora Halal, diametro 22\/24 in 60 metri tubi rigidi AB! Scegli subito secchi da 30 matasse di budelli di pecora halal","og_url":"https:\/\/www.csj-emballages.com\/it\/produit\/budelli-di-pecora-halal-22-24-60-metri-tubi-rigidi-ab-secchio-da-30-matasse-in-2-pz\/","og_site_name":"CSJ Emballages","article_publisher":"https:\/\/www.facebook.com\/csjemballages","article_modified_time":"2026-03-12T15:12:38+00:00","og_image":[{"width":300,"height":300,"url":"https:\/\/www.csj-emballages.com\/wp-content\/uploads\/2024\/05\/Capture_d_ecran_2024-05-03_a_16.31.02-removebg-preview-e1716968478785.png","type":"image\/png"}],"twitter_card":"summary_large_image","twitter_misc":{"Dur\u00e9e de lecture estim\u00e9e":"1 minuto"},"schema":{"@context":"https:\/\/schema.org","@graph":[{"@type":"WebPage","@id":"https:\/\/www.csj-emballages.com\/it\/produit\/budelli-di-pecora-halal-22-24-60-metri-tubi-rigidi-ab-secchio-da-30-matasse-in-2-pz\/","url":"https:\/\/www.csj-emballages.com\/it\/produit\/budelli-di-pecora-halal-22-24-60-metri-tubi-rigidi-ab-secchio-da-30-matasse-in-2-pz\/","name":"Secchi Budelli di pecora Halal 22\/24 60 metri tubi rigidi AB","isPartOf":{"@id":"https:\/\/www.csj-emballages.com\/it\/#website"},"primaryImageOfPage":{"@id":"https:\/\/www.csj-emballages.com\/it\/produit\/budelli-di-pecora-halal-22-24-60-metri-tubi-rigidi-ab-secchio-da-30-matasse-in-2-pz\/#primaryimage"},"image":{"@id":"https:\/\/www.csj-emballages.com\/it\/produit\/budelli-di-pecora-halal-22-24-60-metri-tubi-rigidi-ab-secchio-da-30-matasse-in-2-pz\/#primaryimage"},"thumbnailUrl":"https:\/\/www.csj-emballages.com\/wp-content\/uploads\/2024\/05\/Capture_d_ecran_2024-05-03_a_16.31.02-removebg-preview-e1716968478785.png","datePublished":"2024-05-16T07:01:35+00:00","dateModified":"2026-03-12T15:12:38+00:00","description":"Secchi di budelli di pecora Halal, diametro 22\/24 in 60 metri tubi rigidi AB! Scegli subito secchi da 30 matasse di budelli di pecora halal","breadcrumb":{"@id":"https:\/\/www.csj-emballages.com\/it\/produit\/budelli-di-pecora-halal-22-24-60-metri-tubi-rigidi-ab-secchio-da-30-matasse-in-2-pz\/#breadcrumb"},"inLanguage":"it-IT","potentialAction":[{"@type":"ReadAction","target":["https:\/\/www.csj-emballages.com\/it\/produit\/budelli-di-pecora-halal-22-24-60-metri-tubi-rigidi-ab-secchio-da-30-matasse-in-2-pz\/"]}]},{"@type":"ImageObject","inLanguage":"it-IT","@id":"https:\/\/www.csj-emballages.com\/it\/produit\/budelli-di-pecora-halal-22-24-60-metri-tubi-rigidi-ab-secchio-da-30-matasse-in-2-pz\/#primaryimage","url":"https:\/\/www.csj-emballages.com\/wp-content\/uploads\/2024\/05\/Capture_d_ecran_2024-05-03_a_16.31.02-removebg-preview-e1716968478785.png","contentUrl":"https:\/\/www.csj-emballages.com\/wp-content\/uploads\/2024\/05\/Capture_d_ecran_2024-05-03_a_16.31.02-removebg-preview-e1716968478785.png","width":300,"height":300,"caption":"Boyaux mouton Halal 22\/24 AB 30 masses"},{"@type":"BreadcrumbList","@id":"https:\/\/www.csj-emballages.com\/it\/produit\/budelli-di-pecora-halal-22-24-60-metri-tubi-rigidi-ab-secchio-da-30-matasse-in-2-pz\/#breadcrumb","itemListElement":[{"@type":"ListItem","position":1,"name":"Home","item":"https:\/\/www.csj-emballages.com\/it\/universo-imballaggi-alimentari\/"},{"@type":"ListItem","position":2,"name":"Negozio","item":"https:\/\/www.csj-emballages.com\/it\/negozio\/"},{"@type":"ListItem","position":3,"name":"Budelli di pecora Halal 22\/24 60 metri tubi rigidi AB secchio da 30 matasse in 2 pz"}]},{"@type":"WebSite","@id":"https:\/\/www.csj-emballages.com\/it\/#website","url":"https:\/\/www.csj-emballages.com\/it\/","name":"CSJ Emballages","description":"","publisher":{"@id":"https:\/\/www.csj-emballages.com\/it\/#organization"},"potentialAction":[{"@type":"SearchAction","target":{"@type":"EntryPoint","urlTemplate":"https:\/\/www.csj-emballages.com\/it\/?s={search_term_string}"},"query-input":{"@type":"PropertyValueSpecification","valueRequired":true,"valueName":"search_term_string"}}],"inLanguage":"it-IT"},{"@type":"Organization","@id":"https:\/\/www.csj-emballages.com\/it\/#Organization\/","name":"CSJ Emballages","url":"https:\/\/www.csj-emballages.com\/it\/","logo":{"@type":"ImageObject","inLanguage":"it-IT","@id":"https:\/\/www.csj-emballages.com\/it\/#\/schema\/logo\/image\/","url":"https:\/\/www.csj-emballages.com\/wp-content\/uploads\/2023\/10\/logo_csj.webp","contentUrl":"https:\/\/www.csj-emballages.com\/wp-content\/uploads\/2023\/10\/logo_csj.webp","width":250,"height":95,"caption":"CSJ Emballages"},"image":{"@id":"https:\/\/www.csj-emballages.com\/it\/#\/schema\/logo\/image\/"},"sameAs":["https:\/\/www.facebook.com\/csjemballages"],"address":{"@type":"PostalAddress","streetAddress":"ZI La Lechere","addressLocality":"Patornay","postalCode":"39130","addressCountry":"FR"},"contactPoint":[{"@type":"ContactPoint","contactType":"Service client","telephone":"0384254272","email":"contact@csj-emballages.com"}]}]}},"df_price":1179.04,"df_sale_price":"","df_regular_price":1179.04,"df_image_link":"https:\/\/www.csj-emballages.com\/wp-content\/uploads\/2024\/05\/Capture_d_ecran_2024-05-03_a_16.31.02-removebg-preview-300x300.png","tiered_pricing_type":"fixed","tiered_pricing_fixed_rules":[],"tiered_pricing_percentage_rules":[],"tiered_pricing_minimum":1,"tiered_pricing_roles_data":[],"_links":{"self":[{"href":"https:\/\/www.csj-emballages.com\/it\/wp-json\/wp\/v2\/product\/270970","targetHints":{"allow":["GET"]}}],"collection":[{"href":"https:\/\/www.csj-emballages.com\/it\/wp-json\/wp\/v2\/product"}],"about":[{"href":"https:\/\/www.csj-emballages.com\/it\/wp-json\/wp\/v2\/types\/product"}],"wp:featuredmedia":[{"embeddable":true,"href":"https:\/\/www.csj-emballages.com\/it\/wp-json\/wp\/v2\/media\/270978"}],"wp:attachment":[{"href":"https:\/\/www.csj-emballages.com\/it\/wp-json\/wp\/v2\/media?parent=270970"}],"wp:term":[{"taxonomy":"product_brand","embeddable":true,"href":"https:\/\/www.csj-emballages.com\/it\/wp-json\/wp\/v2\/product_brand?post=270970"},{"taxonomy":"product_cat","embeddable":true,"href":"https:\/\/www.csj-emballages.com\/it\/wp-json\/wp\/v2\/product_cat?post=270970"},{"taxonomy":"product_tag","embeddable":true,"href":"https:\/\/www.csj-emballages.com\/it\/wp-json\/wp\/v2\/product_tag?post=270970"}],"curies":[{"name":"wp","href":"https:\/\/api.w.org\/{rel}","templated":true}]}}