{"id":270925,"date":"2024-05-16T09:19:33","date_gmt":"2024-05-16T07:19:33","guid":{"rendered":"https:\/\/www.csj-emballages.com\/produit\/busta-portadocumenti-225-x-155-mm-documents-enclosed-per-1000\/"},"modified":"2026-04-17T10:20:47","modified_gmt":"2026-04-17T08:20:47","slug":"busta-portadocumenti-225-x-155-mm-documents-enclosed-per-1000","status":"publish","type":"product","link":"https:\/\/www.csj-emballages.com\/it\/produit\/busta-portadocumenti-225-x-155-mm-documents-enclosed-per-1000\/","title":{"rendered":"Busta portadocumenti 225 x 155 mm documents enclosed per 1000"},"content":{"rendered":"<h2>Busta portadocumenti<\/h2>\n<hr>\n<h3>Scopri la nostra busta portadocumenti 225 x 155 mm documents enclosed per 1000<\/h3>\n<p><!--more--><\/p>\n<div class=\"flex-shrink-0 flex flex-col relative items-end\">\n<div class=\"pt-0.5 juice:pt-0\">\n<div class=\"gizmo-bot-avatar flex h-6 w-6 items-center justify-center overflow-hidden rounded-full juice:h-8 juice:w-8\">\n<div class=\"relative p-1 rounded-sm flex items-center justify-center bg-token-main-surface-primary text-token-text-primary h-8 w-8\">\n<p data-start=\"248\" data-end=\"636\">Durante una spedizione, un documento dimenticato o mal posizionato pu\u00f2 complicare rapidamente le cose. Con questa <strong data-start=\"341\" data-end=\"400\">busta portadocumenti &#8220;Documents Enclosed&#8221; 225 x 155 mm<\/strong><span dir=\"auto\">, puoi allegare facilmente una <\/span><strong data-start=\"527\" data-end=\"593\">bolla di consegna, una fattura o qualsiasi altro documento importante. <\/strong>  <\/p>\n<p data-start=\"248\" data-end=\"636\">Il suo formato \u00e8 perfettamente adatto ai documenti piegati, rimanendo discreto sul collo. Una volta incollata, la <strong>busta protegge efficacemente i documenti<\/strong> da umidit\u00e0, sfregamenti e manipolazioni legate al trasporto. Le informazioni restano visibili, pulite e facilmente accessibili, semplificando il lavoro dei trasportatori e del destinatario.  <\/p>\n<p data-start=\"1016\" data-end=\"1358\">La dicitura <strong data-start=\"1027\" data-end=\"1051\">&#8220;Documents Enclosed&#8221;<\/strong>, ben leggibile, attira immediatamente l&#8217;attenzione. Permette di identificare rapidamente la presenza di documenti allegati, evitando dimenticanze, errori di gestione e perdite di tempo. \u00c8 un vero vantaggio per migliorare la fluidit\u00e0 delle spedizioni e rafforzare la professionalit\u00e0 di ogni invio.  <\/p>\n<p data-start=\"1360\" data-end=\"1629\">Proposta <strong data-start=\"1369\" data-end=\"1388\">in lotto da 1000<\/strong>, questa <strong>busta<\/strong> \u00e8 ideale per le aziende che spediscono regolarmente: e-<strong>commerce, piattaforme logistiche, uffici o servizi amministrativi<\/strong>. Si integra facilmente in un processo di spedizione esistente, senza modificare le abitudini. <\/p>\n<p data-start=\"1631\" data-end=\"1776\">In sintesi, questa <strong>busta portadocumenti<\/strong> \u00e8 un piccolo strumento semplice, ma essenziale, per spedizioni meglio organizzate, pi\u00f9 chiare e pi\u00f9 efficienti.<\/p>\n<p data-start=\"1631\" data-end=\"1776\">\n<\/div>\n<\/div>\n<\/div>\n<\/div>\n<p><!--more--><\/p>\n<p><strong>Vantaggi:<\/strong><\/p>\n<ul>\n<li data-start=\"1804\" data-end=\"1852\">Permette di allegare fattura o bolla di consegna.<\/li>\n<li data-start=\"1855\" data-end=\"1886\"><span dir=\"auto\"><span dir=\"auto\">Formato 225 x 155.<\/span><\/span><\/li>\n<li data-start=\"1977\" data-end=\"2010\">Facilita il lavoro logistico.<\/li>\n<li data-start=\"2013\" data-end=\"2043\">Lotto economico da <strong>1000 unit\u00e0<\/strong>.<\/li>\n<\/ul>\n<p>&nbsp;<\/p>\n<p><!--more--><\/p>\n<h4>Altre informazioni:<\/h4>\n<ul>\n<li><strong>Confezione<\/strong>: scatola da 1000<\/li>\n<li><strong>Dimensioni<\/strong>: 225 x 155 mm<\/li>\n<\/ul>\n<p>&nbsp;<\/p>\n<p><!--more--><\/p>\n<p><a href=\"https:\/\/www.csj-emballages.com\/it\/universo-imballaggi-industriali\/\">Scopri il resto del nostro universo di imballaggi industriali<\/a><\/p>\n","protected":false},"excerpt":{"rendered":"<p>Busta portadocumenti Scopri la nostra busta portadocumenti 225 x 155 mm documents enclosed per 1000<\/p>\n","protected":false},"featured_media":270927,"template":"","meta":{"_acf_changed":false},"product_brand":[],"product_cat":[10346,10379,11326],"product_tag":[],"class_list":{"0":"post-270925","1":"product","2":"type-product","3":"status-publish","4":"has-post-thumbnail","6":"product_cat-imballaggi-alimentari","7":"product_cat-imballaggi-industriali","8":"product_cat-buste-portadocumenti","10":"first","11":"instock","12":"taxable","13":"shipping-taxable","14":"purchasable","15":"product-type-simple"},"acf":[],"yoast_head":"<!-- This site is optimized with the Yoast SEO Premium plugin v26.6 (Yoast SEO v26.6) - https:\/\/yoast.com\/wordpress\/plugins\/seo\/ -->\n<title>Busta portadocumenti 225 x 155 mm documents enclosed per 1000<\/title>\n<meta name=\"description\" content=\"Busta portadocumenti 225x155 mm &quot;Documents Enclosed&quot; per 1000. Soluzione pratica per allegare fattura o bolla di consegna ai tuoi colli.\" \/>\n<meta name=\"robots\" content=\"index, follow, max-snippet:-1, max-image-preview:large, max-video-preview:-1\" \/>\n<link rel=\"canonical\" href=\"https:\/\/www.csj-emballages.com\/it\/produit\/busta-portadocumenti-225-x-155-mm-documents-enclosed-per-1000\/\" \/>\n<meta property=\"og:locale\" content=\"it_IT\" \/>\n<meta property=\"og:type\" content=\"article\" \/>\n<meta property=\"og:title\" content=\"Busta portadocumenti 225 x 155 mm documents enclosed per 1000\" \/>\n<meta property=\"og:description\" content=\"Busta portadocumenti 225x155 mm &quot;Documents Enclosed&quot; per 1000. Soluzione pratica per allegare fattura o bolla di consegna ai tuoi colli.\" \/>\n<meta property=\"og:url\" content=\"https:\/\/www.csj-emballages.com\/it\/produit\/busta-portadocumenti-225-x-155-mm-documents-enclosed-per-1000\/\" \/>\n<meta property=\"og:site_name\" content=\"CSJ Emballages\" \/>\n<meta property=\"article:publisher\" content=\"https:\/\/www.facebook.com\/csjemballages\" \/>\n<meta property=\"article:modified_time\" content=\"2026-04-17T08:20:47+00:00\" \/>\n<meta property=\"og:image\" content=\"https:\/\/www.csj-emballages.com\/wp-content\/uploads\/2024\/05\/Pochette-dexpedition.webp\" \/>\n\t<meta property=\"og:image:width\" content=\"800\" \/>\n\t<meta property=\"og:image:height\" content=\"800\" \/>\n\t<meta property=\"og:image:type\" content=\"image\/webp\" \/>\n<meta name=\"twitter:card\" content=\"summary_large_image\" \/>\n<meta name=\"twitter:label1\" content=\"Dur\u00e9e de lecture estim\u00e9e\" \/>\n\t<meta name=\"twitter:data1\" content=\"1 minuto\" \/>\n<script type=\"application\/ld+json\" class=\"yoast-schema-graph\">{\"@context\":\"https:\/\/schema.org\",\"@graph\":[{\"@type\":\"WebPage\",\"@id\":\"https:\/\/www.csj-emballages.com\/it\/produit\/busta-portadocumenti-225-x-155-mm-documents-enclosed-per-1000\/\",\"url\":\"https:\/\/www.csj-emballages.com\/it\/produit\/busta-portadocumenti-225-x-155-mm-documents-enclosed-per-1000\/\",\"name\":\"Busta portadocumenti 225 x 155 mm documents enclosed per 1000\",\"isPartOf\":{\"@id\":\"https:\/\/www.csj-emballages.com\/it\/#website\"},\"primaryImageOfPage\":{\"@id\":\"https:\/\/www.csj-emballages.com\/it\/produit\/busta-portadocumenti-225-x-155-mm-documents-enclosed-per-1000\/#primaryimage\"},\"image\":{\"@id\":\"https:\/\/www.csj-emballages.com\/it\/produit\/busta-portadocumenti-225-x-155-mm-documents-enclosed-per-1000\/#primaryimage\"},\"thumbnailUrl\":\"https:\/\/www.csj-emballages.com\/wp-content\/uploads\/2024\/05\/Pochette-dexpedition.webp\",\"datePublished\":\"2024-05-16T07:19:33+00:00\",\"dateModified\":\"2026-04-17T08:20:47+00:00\",\"description\":\"Busta portadocumenti 225x155 mm \\\"Documents Enclosed\\\" per 1000. Soluzione pratica per allegare fattura o bolla di consegna ai tuoi colli.\",\"breadcrumb\":{\"@id\":\"https:\/\/www.csj-emballages.com\/it\/produit\/busta-portadocumenti-225-x-155-mm-documents-enclosed-per-1000\/#breadcrumb\"},\"inLanguage\":\"it-IT\",\"potentialAction\":[{\"@type\":\"ReadAction\",\"target\":[\"https:\/\/www.csj-emballages.com\/it\/produit\/busta-portadocumenti-225-x-155-mm-documents-enclosed-per-1000\/\"]}]},{\"@type\":\"ImageObject\",\"inLanguage\":\"it-IT\",\"@id\":\"https:\/\/www.csj-emballages.com\/it\/produit\/busta-portadocumenti-225-x-155-mm-documents-enclosed-per-1000\/#primaryimage\",\"url\":\"https:\/\/www.csj-emballages.com\/wp-content\/uploads\/2024\/05\/Pochette-dexpedition.webp\",\"contentUrl\":\"https:\/\/www.csj-emballages.com\/wp-content\/uploads\/2024\/05\/Pochette-dexpedition.webp\",\"width\":800,\"height\":800,\"caption\":\"Pochette d'exp\u00e9dition\"},{\"@type\":\"BreadcrumbList\",\"@id\":\"https:\/\/www.csj-emballages.com\/it\/produit\/busta-portadocumenti-225-x-155-mm-documents-enclosed-per-1000\/#breadcrumb\",\"itemListElement\":[{\"@type\":\"ListItem\",\"position\":1,\"name\":\"Home\",\"item\":\"https:\/\/www.csj-emballages.com\/it\/universo-imballaggi-alimentari\/\"},{\"@type\":\"ListItem\",\"position\":2,\"name\":\"Negozio\",\"item\":\"https:\/\/www.csj-emballages.com\/it\/negozio\/\"},{\"@type\":\"ListItem\",\"position\":3,\"name\":\"Busta portadocumenti 225 x 155 mm documents enclosed per 1000\"}]},{\"@type\":\"WebSite\",\"@id\":\"https:\/\/www.csj-emballages.com\/it\/#website\",\"url\":\"https:\/\/www.csj-emballages.com\/it\/\",\"name\":\"CSJ Emballages\",\"description\":\"\",\"publisher\":{\"@id\":\"https:\/\/www.csj-emballages.com\/it\/#organization\"},\"potentialAction\":[{\"@type\":\"SearchAction\",\"target\":{\"@type\":\"EntryPoint\",\"urlTemplate\":\"https:\/\/www.csj-emballages.com\/it\/?s={search_term_string}\"},\"query-input\":{\"@type\":\"PropertyValueSpecification\",\"valueRequired\":true,\"valueName\":\"search_term_string\"}}],\"inLanguage\":\"it-IT\"},{\"@type\":\"Organization\",\"@id\":\"https:\/\/www.csj-emballages.com\/it\/#Organization\/\",\"name\":\"CSJ Emballages\",\"url\":\"https:\/\/www.csj-emballages.com\/it\/\",\"logo\":{\"@type\":\"ImageObject\",\"inLanguage\":\"it-IT\",\"@id\":\"https:\/\/www.csj-emballages.com\/it\/#\/schema\/logo\/image\/\",\"url\":\"https:\/\/www.csj-emballages.com\/wp-content\/uploads\/2023\/10\/logo_csj.webp\",\"contentUrl\":\"https:\/\/www.csj-emballages.com\/wp-content\/uploads\/2023\/10\/logo_csj.webp\",\"width\":250,\"height\":95,\"caption\":\"CSJ Emballages\"},\"image\":{\"@id\":\"https:\/\/www.csj-emballages.com\/it\/#\/schema\/logo\/image\/\"},\"sameAs\":[\"https:\/\/www.facebook.com\/csjemballages\"],\"address\":{\"@type\":\"PostalAddress\",\"streetAddress\":\"ZI La Lechere\",\"addressLocality\":\"Patornay\",\"postalCode\":\"39130\",\"addressCountry\":\"FR\"},\"contactPoint\":[{\"@type\":\"ContactPoint\",\"contactType\":\"Service client\",\"telephone\":\"0384254272\",\"email\":\"contact@csj-emballages.com\"}]}]}<\/script>\n<!-- \/ Yoast SEO Premium plugin. -->","yoast_head_json":{"title":"Busta portadocumenti 225 x 155 mm documents enclosed per 1000","description":"Busta portadocumenti 225x155 mm \"Documents Enclosed\" per 1000. Soluzione pratica per allegare fattura o bolla di consegna ai tuoi colli.","robots":{"index":"index","follow":"follow","max-snippet":"max-snippet:-1","max-image-preview":"max-image-preview:large","max-video-preview":"max-video-preview:-1"},"canonical":"https:\/\/www.csj-emballages.com\/it\/produit\/busta-portadocumenti-225-x-155-mm-documents-enclosed-per-1000\/","og_locale":"it_IT","og_type":"article","og_title":"Busta portadocumenti 225 x 155 mm documents enclosed per 1000","og_description":"Busta portadocumenti 225x155 mm \"Documents Enclosed\" per 1000. Soluzione pratica per allegare fattura o bolla di consegna ai tuoi colli.","og_url":"https:\/\/www.csj-emballages.com\/it\/produit\/busta-portadocumenti-225-x-155-mm-documents-enclosed-per-1000\/","og_site_name":"CSJ Emballages","article_publisher":"https:\/\/www.facebook.com\/csjemballages","article_modified_time":"2026-04-17T08:20:47+00:00","og_image":[{"width":800,"height":800,"url":"https:\/\/www.csj-emballages.com\/wp-content\/uploads\/2024\/05\/Pochette-dexpedition.webp","type":"image\/webp"}],"twitter_card":"summary_large_image","twitter_misc":{"Dur\u00e9e de lecture estim\u00e9e":"1 minuto"},"schema":{"@context":"https:\/\/schema.org","@graph":[{"@type":"WebPage","@id":"https:\/\/www.csj-emballages.com\/it\/produit\/busta-portadocumenti-225-x-155-mm-documents-enclosed-per-1000\/","url":"https:\/\/www.csj-emballages.com\/it\/produit\/busta-portadocumenti-225-x-155-mm-documents-enclosed-per-1000\/","name":"Busta portadocumenti 225 x 155 mm documents enclosed per 1000","isPartOf":{"@id":"https:\/\/www.csj-emballages.com\/it\/#website"},"primaryImageOfPage":{"@id":"https:\/\/www.csj-emballages.com\/it\/produit\/busta-portadocumenti-225-x-155-mm-documents-enclosed-per-1000\/#primaryimage"},"image":{"@id":"https:\/\/www.csj-emballages.com\/it\/produit\/busta-portadocumenti-225-x-155-mm-documents-enclosed-per-1000\/#primaryimage"},"thumbnailUrl":"https:\/\/www.csj-emballages.com\/wp-content\/uploads\/2024\/05\/Pochette-dexpedition.webp","datePublished":"2024-05-16T07:19:33+00:00","dateModified":"2026-04-17T08:20:47+00:00","description":"Busta portadocumenti 225x155 mm \"Documents Enclosed\" per 1000. Soluzione pratica per allegare fattura o bolla di consegna ai tuoi colli.","breadcrumb":{"@id":"https:\/\/www.csj-emballages.com\/it\/produit\/busta-portadocumenti-225-x-155-mm-documents-enclosed-per-1000\/#breadcrumb"},"inLanguage":"it-IT","potentialAction":[{"@type":"ReadAction","target":["https:\/\/www.csj-emballages.com\/it\/produit\/busta-portadocumenti-225-x-155-mm-documents-enclosed-per-1000\/"]}]},{"@type":"ImageObject","inLanguage":"it-IT","@id":"https:\/\/www.csj-emballages.com\/it\/produit\/busta-portadocumenti-225-x-155-mm-documents-enclosed-per-1000\/#primaryimage","url":"https:\/\/www.csj-emballages.com\/wp-content\/uploads\/2024\/05\/Pochette-dexpedition.webp","contentUrl":"https:\/\/www.csj-emballages.com\/wp-content\/uploads\/2024\/05\/Pochette-dexpedition.webp","width":800,"height":800,"caption":"Pochette d'exp\u00e9dition"},{"@type":"BreadcrumbList","@id":"https:\/\/www.csj-emballages.com\/it\/produit\/busta-portadocumenti-225-x-155-mm-documents-enclosed-per-1000\/#breadcrumb","itemListElement":[{"@type":"ListItem","position":1,"name":"Home","item":"https:\/\/www.csj-emballages.com\/it\/universo-imballaggi-alimentari\/"},{"@type":"ListItem","position":2,"name":"Negozio","item":"https:\/\/www.csj-emballages.com\/it\/negozio\/"},{"@type":"ListItem","position":3,"name":"Busta portadocumenti 225 x 155 mm documents enclosed per 1000"}]},{"@type":"WebSite","@id":"https:\/\/www.csj-emballages.com\/it\/#website","url":"https:\/\/www.csj-emballages.com\/it\/","name":"CSJ Emballages","description":"","publisher":{"@id":"https:\/\/www.csj-emballages.com\/it\/#organization"},"potentialAction":[{"@type":"SearchAction","target":{"@type":"EntryPoint","urlTemplate":"https:\/\/www.csj-emballages.com\/it\/?s={search_term_string}"},"query-input":{"@type":"PropertyValueSpecification","valueRequired":true,"valueName":"search_term_string"}}],"inLanguage":"it-IT"},{"@type":"Organization","@id":"https:\/\/www.csj-emballages.com\/it\/#Organization\/","name":"CSJ Emballages","url":"https:\/\/www.csj-emballages.com\/it\/","logo":{"@type":"ImageObject","inLanguage":"it-IT","@id":"https:\/\/www.csj-emballages.com\/it\/#\/schema\/logo\/image\/","url":"https:\/\/www.csj-emballages.com\/wp-content\/uploads\/2023\/10\/logo_csj.webp","contentUrl":"https:\/\/www.csj-emballages.com\/wp-content\/uploads\/2023\/10\/logo_csj.webp","width":250,"height":95,"caption":"CSJ Emballages"},"image":{"@id":"https:\/\/www.csj-emballages.com\/it\/#\/schema\/logo\/image\/"},"sameAs":["https:\/\/www.facebook.com\/csjemballages"],"address":{"@type":"PostalAddress","streetAddress":"ZI La Lechere","addressLocality":"Patornay","postalCode":"39130","addressCountry":"FR"},"contactPoint":[{"@type":"ContactPoint","contactType":"Service client","telephone":"0384254272","email":"contact@csj-emballages.com"}]}]}},"df_price":57.22,"df_sale_price":"","df_regular_price":57.22,"df_image_link":"https:\/\/www.csj-emballages.com\/wp-content\/uploads\/2024\/05\/Pochette-dexpedition-300x300.webp","tiered_pricing_type":"fixed","tiered_pricing_fixed_rules":[],"tiered_pricing_percentage_rules":[],"tiered_pricing_minimum":1,"tiered_pricing_roles_data":[],"_links":{"self":[{"href":"https:\/\/www.csj-emballages.com\/it\/wp-json\/wp\/v2\/product\/270925","targetHints":{"allow":["GET"]}}],"collection":[{"href":"https:\/\/www.csj-emballages.com\/it\/wp-json\/wp\/v2\/product"}],"about":[{"href":"https:\/\/www.csj-emballages.com\/it\/wp-json\/wp\/v2\/types\/product"}],"wp:featuredmedia":[{"embeddable":true,"href":"https:\/\/www.csj-emballages.com\/it\/wp-json\/wp\/v2\/media\/270927"}],"wp:attachment":[{"href":"https:\/\/www.csj-emballages.com\/it\/wp-json\/wp\/v2\/media?parent=270925"}],"wp:term":[{"taxonomy":"product_brand","embeddable":true,"href":"https:\/\/www.csj-emballages.com\/it\/wp-json\/wp\/v2\/product_brand?post=270925"},{"taxonomy":"product_cat","embeddable":true,"href":"https:\/\/www.csj-emballages.com\/it\/wp-json\/wp\/v2\/product_cat?post=270925"},{"taxonomy":"product_tag","embeddable":true,"href":"https:\/\/www.csj-emballages.com\/it\/wp-json\/wp\/v2\/product_tag?post=270925"}],"curies":[{"name":"wp","href":"https:\/\/api.w.org\/{rel}","templated":true}]}}