{"id":270872,"date":"2024-05-22T11:12:15","date_gmt":"2024-05-22T09:12:15","guid":{"rendered":"https:\/\/www.csj-emballages.com\/produit\/mezze-pere-williams-in-scatola-4-4\/"},"modified":"2026-04-14T02:10:22","modified_gmt":"2026-04-14T00:10:22","slug":"mezze-pere-williams-in-scatola-4-4","status":"publish","type":"product","link":"https:\/\/www.csj-emballages.com\/it\/produit\/mezze-pere-williams-in-scatola-4-4\/","title":{"rendered":"Mezze pere Williams in scatola 4\/4"},"content":{"rendered":"<h2>Mezze pere<\/h2>\n<hr>\n<h3>Scopri le nostre mezze pere Williams in scatola 4\/4<\/h3>\n<p><!--more--><\/p>\n<p data-start=\"219\" data-end=\"592\">Semplici, morbide e sempre pronte all&#8217;uso, queste <strong data-start=\"273\" data-end=\"321\">mezze pere Williams in scatola 4\/4<\/strong> sono un vero alleato in cucina. Infatti, fin dall&#8217;apertura, si trovano <strong>frutti ben tagliati<\/strong>, regolari e ben presentati, con una consistenza tenera che resiste perfettamente alla manipolazione. Il loro gusto dolce e leggermente profumato ricorda la <strong>pera fresca<\/strong>, senza essere troppo zuccherato.  <\/p>\n<p data-start=\"594\" data-end=\"955\">Grazie al loro formato generoso, si adattano facilmente a numerosi utilizzi. Che sia per guarnire un dessert, accompagnare un dolce, completare una <strong>macedonia<\/strong> o persino dare un tocco dolce a un piatto salato, trovano sempre il loro posto. E soprattutto, fanno risparmiare tempo: niente sbucciatura, niente taglio, tutto \u00e8 gi\u00e0 pronto.  <\/p>\n<p data-start=\"957\" data-end=\"1325\">Inoltre, la <strong>variet\u00e0 Williams<\/strong> \u00e8 riconosciuta per il suo profumo delicato e la sua polpa morbida. Qui, le <strong>mezze pere mantengono una bella consistenza<\/strong>, il che permette di lavorarle senza che si schiaccino. Si adattano sia ai professionisti della ristorazione che alle collettivit\u00e0 o alle cucine che cercano regolarit\u00e0 e semplicit\u00e0 nel quotidiano.  <\/p>\n<p data-start=\"1327\" data-end=\"1532\">Inoltre, la <strong>scatola 4\/4<\/strong> \u00e8 ideale per gestire i volumi senza sprechi. Apri, usi e sai esattamente cosa aspettarti ogni volta. \u00c8 rassicurante, pratico ed efficace.  <\/p>\n<p data-start=\"1534\" data-end=\"1724\">In sintesi, queste <strong>mezze pere Williams<\/strong> offrono una soluzione affidabile per integrare facilmente un frutto di qualit\u00e0 nelle tue preparazioni, mantenendo una vera costanza in gusto e consistenza.<\/p>\n<p>&nbsp;<\/p>\n<p><!--more--><\/p>\n<h4>Vantaggi:<\/h4>\n<ul>\n<li data-start=\"1752\" data-end=\"1792\"><strong>Mezze pere<\/strong> regolari e ben formate.<\/li>\n<li data-start=\"1795\" data-end=\"1830\">Polpa tenera con buona consistenza.<\/li>\n<li data-start=\"1833\" data-end=\"1857\">Gusto dolce ed equilibrato.<\/li>\n<li data-start=\"1860\" data-end=\"1886\">Risparmio di tempo in cucina.<\/li>\n<li data-start=\"1889\" data-end=\"1928\"><strong>Formato 4\/4<\/strong> pratico per uso professionale.<\/li>\n<\/ul>\n<p>&nbsp;<\/p>\n<p><!--more--><\/p>\n<h4>Altre informazioni:<\/h4>\n<ul>\n<li><strong>Confezione<\/strong>: Scatola 4\/4<\/li>\n<li><strong>Forma<\/strong>: Mezze pere<\/li>\n<li><strong>Peso netto sgocciolato<\/strong>: 460 g<\/li>\n<\/ul>\n<p>&nbsp;<\/p>\n<p><!--more--><\/p>\n<p><a href=\"https:\/\/www.csj-emballages.com\/it\/categorie-produit\/alimentari\/conserve\/frutta-sciroppata-2\/pere\/\">Consulta il resto della nostra gamma di pere sciroppate<\/a><\/p>\n","protected":false},"excerpt":{"rendered":"<p>Mezze pere Scopri le nostre mezze pere Williams in scatola 4\/4<\/p>\n","protected":false},"featured_media":270883,"template":"","meta":{"_acf_changed":false},"product_brand":[],"product_cat":[10445,11245,11302,11310],"product_tag":[],"class_list":{"0":"post-270872","1":"product","2":"type-product","3":"status-publish","4":"has-post-thumbnail","6":"product_cat-alimentari","7":"product_cat-conserve","8":"product_cat-frutta-sciroppata-2","9":"product_cat-pere","11":"first","12":"instock","13":"featured","14":"taxable","15":"shipping-taxable","16":"purchasable","17":"product-type-simple"},"acf":[],"yoast_head":"<!-- This site is optimized with the Yoast SEO Premium plugin v26.6 (Yoast SEO v26.6) - https:\/\/yoast.com\/wordpress\/plugins\/seo\/ -->\n<title>Mezze Pere Williams in Scatola 4\/4<\/title>\n<meta name=\"description\" content=\"Mezze pere Williams in scatola 4\/4: frutti morbidi, pronti all&#039;uso, ideali per dessert, pasticceria e cucine professionali.\" \/>\n<meta name=\"robots\" content=\"index, follow, max-snippet:-1, max-image-preview:large, max-video-preview:-1\" \/>\n<link rel=\"canonical\" href=\"https:\/\/www.csj-emballages.com\/it\/produit\/mezze-pere-williams-in-scatola-4-4\/\" \/>\n<meta property=\"og:locale\" content=\"it_IT\" \/>\n<meta property=\"og:type\" content=\"article\" \/>\n<meta property=\"og:title\" content=\"Mezze pere Williams in scatola 4\/4\" \/>\n<meta property=\"og:description\" content=\"Mezze pere Williams in scatola 4\/4: frutti morbidi, pronti all&#039;uso, ideali per dessert, pasticceria e cucine professionali.\" \/>\n<meta property=\"og:url\" content=\"https:\/\/www.csj-emballages.com\/it\/produit\/mezze-pere-williams-in-scatola-4-4\/\" \/>\n<meta property=\"og:site_name\" content=\"CSJ Emballages\" \/>\n<meta property=\"article:publisher\" content=\"https:\/\/www.facebook.com\/csjemballages\" \/>\n<meta property=\"article:modified_time\" content=\"2026-04-14T00:10:22+00:00\" \/>\n<meta property=\"og:image\" content=\"https:\/\/www.csj-emballages.com\/wp-content\/uploads\/2024\/05\/020122.webp\" \/>\n\t<meta property=\"og:image:width\" content=\"800\" \/>\n\t<meta property=\"og:image:height\" content=\"800\" \/>\n\t<meta property=\"og:image:type\" content=\"image\/webp\" \/>\n<meta name=\"twitter:card\" content=\"summary_large_image\" \/>\n<meta name=\"twitter:label1\" content=\"Dur\u00e9e de lecture estim\u00e9e\" \/>\n\t<meta name=\"twitter:data1\" content=\"1 minuto\" \/>\n<script type=\"application\/ld+json\" class=\"yoast-schema-graph\">{\"@context\":\"https:\/\/schema.org\",\"@graph\":[{\"@type\":\"WebPage\",\"@id\":\"https:\/\/www.csj-emballages.com\/it\/produit\/mezze-pere-williams-in-scatola-4-4\/\",\"url\":\"https:\/\/www.csj-emballages.com\/it\/produit\/mezze-pere-williams-in-scatola-4-4\/\",\"name\":\"Mezze Pere Williams in Scatola 4\/4\",\"isPartOf\":{\"@id\":\"https:\/\/www.csj-emballages.com\/it\/#website\"},\"primaryImageOfPage\":{\"@id\":\"https:\/\/www.csj-emballages.com\/it\/produit\/mezze-pere-williams-in-scatola-4-4\/#primaryimage\"},\"image\":{\"@id\":\"https:\/\/www.csj-emballages.com\/it\/produit\/mezze-pere-williams-in-scatola-4-4\/#primaryimage\"},\"thumbnailUrl\":\"https:\/\/www.csj-emballages.com\/wp-content\/uploads\/2024\/05\/020122.webp\",\"datePublished\":\"2024-05-22T09:12:15+00:00\",\"dateModified\":\"2026-04-14T00:10:22+00:00\",\"description\":\"Mezze pere Williams in scatola 4\/4: frutti morbidi, pronti all'uso, ideali per dessert, pasticceria e cucine professionali.\",\"breadcrumb\":{\"@id\":\"https:\/\/www.csj-emballages.com\/it\/produit\/mezze-pere-williams-in-scatola-4-4\/#breadcrumb\"},\"inLanguage\":\"it-IT\",\"potentialAction\":[{\"@type\":\"ReadAction\",\"target\":[\"https:\/\/www.csj-emballages.com\/it\/produit\/mezze-pere-williams-in-scatola-4-4\/\"]}]},{\"@type\":\"ImageObject\",\"inLanguage\":\"it-IT\",\"@id\":\"https:\/\/www.csj-emballages.com\/it\/produit\/mezze-pere-williams-in-scatola-4-4\/#primaryimage\",\"url\":\"https:\/\/www.csj-emballages.com\/wp-content\/uploads\/2024\/05\/020122.webp\",\"contentUrl\":\"https:\/\/www.csj-emballages.com\/wp-content\/uploads\/2024\/05\/020122.webp\",\"width\":800,\"height\":800,\"caption\":\"Demi-poires\"},{\"@type\":\"BreadcrumbList\",\"@id\":\"https:\/\/www.csj-emballages.com\/it\/produit\/mezze-pere-williams-in-scatola-4-4\/#breadcrumb\",\"itemListElement\":[{\"@type\":\"ListItem\",\"position\":1,\"name\":\"Home\",\"item\":\"https:\/\/www.csj-emballages.com\/it\/universo-imballaggi-alimentari\/\"},{\"@type\":\"ListItem\",\"position\":2,\"name\":\"Negozio\",\"item\":\"https:\/\/www.csj-emballages.com\/it\/negozio\/\"},{\"@type\":\"ListItem\",\"position\":3,\"name\":\"Mezze pere Williams in scatola 4\/4\"}]},{\"@type\":\"WebSite\",\"@id\":\"https:\/\/www.csj-emballages.com\/it\/#website\",\"url\":\"https:\/\/www.csj-emballages.com\/it\/\",\"name\":\"CSJ Emballages\",\"description\":\"\",\"publisher\":{\"@id\":\"https:\/\/www.csj-emballages.com\/it\/#organization\"},\"potentialAction\":[{\"@type\":\"SearchAction\",\"target\":{\"@type\":\"EntryPoint\",\"urlTemplate\":\"https:\/\/www.csj-emballages.com\/it\/?s={search_term_string}\"},\"query-input\":{\"@type\":\"PropertyValueSpecification\",\"valueRequired\":true,\"valueName\":\"search_term_string\"}}],\"inLanguage\":\"it-IT\"},{\"@type\":\"Organization\",\"@id\":\"https:\/\/www.csj-emballages.com\/it\/#Organization\/\",\"name\":\"CSJ Emballages\",\"url\":\"https:\/\/www.csj-emballages.com\/it\/\",\"logo\":{\"@type\":\"ImageObject\",\"inLanguage\":\"it-IT\",\"@id\":\"https:\/\/www.csj-emballages.com\/it\/#\/schema\/logo\/image\/\",\"url\":\"https:\/\/www.csj-emballages.com\/wp-content\/uploads\/2023\/10\/logo_csj.webp\",\"contentUrl\":\"https:\/\/www.csj-emballages.com\/wp-content\/uploads\/2023\/10\/logo_csj.webp\",\"width\":250,\"height\":95,\"caption\":\"CSJ Emballages\"},\"image\":{\"@id\":\"https:\/\/www.csj-emballages.com\/it\/#\/schema\/logo\/image\/\"},\"sameAs\":[\"https:\/\/www.facebook.com\/csjemballages\"],\"address\":{\"@type\":\"PostalAddress\",\"streetAddress\":\"ZI La Lechere\",\"addressLocality\":\"Patornay\",\"postalCode\":\"39130\",\"addressCountry\":\"FR\"},\"contactPoint\":[{\"@type\":\"ContactPoint\",\"contactType\":\"Service client\",\"telephone\":\"0384254272\",\"email\":\"contact@csj-emballages.com\"}]}]}<\/script>\n<!-- \/ Yoast SEO Premium plugin. -->","yoast_head_json":{"title":"Mezze Pere Williams in Scatola 4\/4","description":"Mezze pere Williams in scatola 4\/4: frutti morbidi, pronti all'uso, ideali per dessert, pasticceria e cucine professionali.","robots":{"index":"index","follow":"follow","max-snippet":"max-snippet:-1","max-image-preview":"max-image-preview:large","max-video-preview":"max-video-preview:-1"},"canonical":"https:\/\/www.csj-emballages.com\/it\/produit\/mezze-pere-williams-in-scatola-4-4\/","og_locale":"it_IT","og_type":"article","og_title":"Mezze pere Williams in scatola 4\/4","og_description":"Mezze pere Williams in scatola 4\/4: frutti morbidi, pronti all'uso, ideali per dessert, pasticceria e cucine professionali.","og_url":"https:\/\/www.csj-emballages.com\/it\/produit\/mezze-pere-williams-in-scatola-4-4\/","og_site_name":"CSJ Emballages","article_publisher":"https:\/\/www.facebook.com\/csjemballages","article_modified_time":"2026-04-14T00:10:22+00:00","og_image":[{"width":800,"height":800,"url":"https:\/\/www.csj-emballages.com\/wp-content\/uploads\/2024\/05\/020122.webp","type":"image\/webp"}],"twitter_card":"summary_large_image","twitter_misc":{"Dur\u00e9e de lecture estim\u00e9e":"1 minuto"},"schema":{"@context":"https:\/\/schema.org","@graph":[{"@type":"WebPage","@id":"https:\/\/www.csj-emballages.com\/it\/produit\/mezze-pere-williams-in-scatola-4-4\/","url":"https:\/\/www.csj-emballages.com\/it\/produit\/mezze-pere-williams-in-scatola-4-4\/","name":"Mezze Pere Williams in Scatola 4\/4","isPartOf":{"@id":"https:\/\/www.csj-emballages.com\/it\/#website"},"primaryImageOfPage":{"@id":"https:\/\/www.csj-emballages.com\/it\/produit\/mezze-pere-williams-in-scatola-4-4\/#primaryimage"},"image":{"@id":"https:\/\/www.csj-emballages.com\/it\/produit\/mezze-pere-williams-in-scatola-4-4\/#primaryimage"},"thumbnailUrl":"https:\/\/www.csj-emballages.com\/wp-content\/uploads\/2024\/05\/020122.webp","datePublished":"2024-05-22T09:12:15+00:00","dateModified":"2026-04-14T00:10:22+00:00","description":"Mezze pere Williams in scatola 4\/4: frutti morbidi, pronti all'uso, ideali per dessert, pasticceria e cucine professionali.","breadcrumb":{"@id":"https:\/\/www.csj-emballages.com\/it\/produit\/mezze-pere-williams-in-scatola-4-4\/#breadcrumb"},"inLanguage":"it-IT","potentialAction":[{"@type":"ReadAction","target":["https:\/\/www.csj-emballages.com\/it\/produit\/mezze-pere-williams-in-scatola-4-4\/"]}]},{"@type":"ImageObject","inLanguage":"it-IT","@id":"https:\/\/www.csj-emballages.com\/it\/produit\/mezze-pere-williams-in-scatola-4-4\/#primaryimage","url":"https:\/\/www.csj-emballages.com\/wp-content\/uploads\/2024\/05\/020122.webp","contentUrl":"https:\/\/www.csj-emballages.com\/wp-content\/uploads\/2024\/05\/020122.webp","width":800,"height":800,"caption":"Demi-poires"},{"@type":"BreadcrumbList","@id":"https:\/\/www.csj-emballages.com\/it\/produit\/mezze-pere-williams-in-scatola-4-4\/#breadcrumb","itemListElement":[{"@type":"ListItem","position":1,"name":"Home","item":"https:\/\/www.csj-emballages.com\/it\/universo-imballaggi-alimentari\/"},{"@type":"ListItem","position":2,"name":"Negozio","item":"https:\/\/www.csj-emballages.com\/it\/negozio\/"},{"@type":"ListItem","position":3,"name":"Mezze pere Williams in scatola 4\/4"}]},{"@type":"WebSite","@id":"https:\/\/www.csj-emballages.com\/it\/#website","url":"https:\/\/www.csj-emballages.com\/it\/","name":"CSJ Emballages","description":"","publisher":{"@id":"https:\/\/www.csj-emballages.com\/it\/#organization"},"potentialAction":[{"@type":"SearchAction","target":{"@type":"EntryPoint","urlTemplate":"https:\/\/www.csj-emballages.com\/it\/?s={search_term_string}"},"query-input":{"@type":"PropertyValueSpecification","valueRequired":true,"valueName":"search_term_string"}}],"inLanguage":"it-IT"},{"@type":"Organization","@id":"https:\/\/www.csj-emballages.com\/it\/#Organization\/","name":"CSJ Emballages","url":"https:\/\/www.csj-emballages.com\/it\/","logo":{"@type":"ImageObject","inLanguage":"it-IT","@id":"https:\/\/www.csj-emballages.com\/it\/#\/schema\/logo\/image\/","url":"https:\/\/www.csj-emballages.com\/wp-content\/uploads\/2023\/10\/logo_csj.webp","contentUrl":"https:\/\/www.csj-emballages.com\/wp-content\/uploads\/2023\/10\/logo_csj.webp","width":250,"height":95,"caption":"CSJ Emballages"},"image":{"@id":"https:\/\/www.csj-emballages.com\/it\/#\/schema\/logo\/image\/"},"sameAs":["https:\/\/www.facebook.com\/csjemballages"],"address":{"@type":"PostalAddress","streetAddress":"ZI La Lechere","addressLocality":"Patornay","postalCode":"39130","addressCountry":"FR"},"contactPoint":[{"@type":"ContactPoint","contactType":"Service client","telephone":"0384254272","email":"contact@csj-emballages.com"}]}]}},"df_price":3.34,"df_sale_price":"","df_regular_price":3.34,"df_image_link":"https:\/\/www.csj-emballages.com\/wp-content\/uploads\/2024\/05\/020122-300x300.webp","tiered_pricing_type":"fixed","tiered_pricing_fixed_rules":[],"tiered_pricing_percentage_rules":[],"tiered_pricing_minimum":1,"tiered_pricing_roles_data":[],"_links":{"self":[{"href":"https:\/\/www.csj-emballages.com\/it\/wp-json\/wp\/v2\/product\/270872","targetHints":{"allow":["GET"]}}],"collection":[{"href":"https:\/\/www.csj-emballages.com\/it\/wp-json\/wp\/v2\/product"}],"about":[{"href":"https:\/\/www.csj-emballages.com\/it\/wp-json\/wp\/v2\/types\/product"}],"wp:featuredmedia":[{"embeddable":true,"href":"https:\/\/www.csj-emballages.com\/it\/wp-json\/wp\/v2\/media\/270883"}],"wp:attachment":[{"href":"https:\/\/www.csj-emballages.com\/it\/wp-json\/wp\/v2\/media?parent=270872"}],"wp:term":[{"taxonomy":"product_brand","embeddable":true,"href":"https:\/\/www.csj-emballages.com\/it\/wp-json\/wp\/v2\/product_brand?post=270872"},{"taxonomy":"product_cat","embeddable":true,"href":"https:\/\/www.csj-emballages.com\/it\/wp-json\/wp\/v2\/product_cat?post=270872"},{"taxonomy":"product_tag","embeddable":true,"href":"https:\/\/www.csj-emballages.com\/it\/wp-json\/wp\/v2\/product_tag?post=270872"}],"curies":[{"name":"wp","href":"https:\/\/api.w.org\/{rel}","templated":true}]}}