{"id":270864,"date":"2024-03-01T16:47:19","date_gmt":"2024-03-01T15:47:19","guid":{"rendered":"https:\/\/www.csj-emballages.com\/produit\/verrina-in-plastica-kokot-8-cl-microonde-confezione-da-6\/"},"modified":"2026-04-04T02:16:31","modified_gmt":"2026-04-04T00:16:31","slug":"verrina-in-plastica-kokot-8-cl-microonde-confezione-da-6","status":"publish","type":"product","link":"https:\/\/www.csj-emballages.com\/it\/produit\/verrina-in-plastica-kokot-8-cl-microonde-confezione-da-6\/","title":{"rendered":"Verrina in plastica Kokot 8 cl microonde, confezione da 6"},"content":{"rendered":"<div style=\"box-sizing: inherit; font-family: Roboto, sans-serif;\">\n<div style=\"box-sizing: inherit; font-family: Roboto, sans-serif;\">\n<div style=\"box-sizing: inherit; font-family: Roboto, sans-serif;\">\n<div style=\"box-sizing: inherit; font-family: Roboto, sans-serif;\">\n<div style=\"box-sizing: inherit; font-family: Roboto, sans-serif;\">\n<div style=\"box-sizing: inherit; font-family: Roboto, sans-serif;\">\n<div style=\"box-sizing: inherit; font-family: Roboto, sans-serif;\">\n<div style=\"box-sizing: inherit; font-family: Roboto, sans-serif;\">\n<div style=\"box-sizing: inherit; font-family: Roboto, sans-serif;\">\n<div style=\"box-sizing: inherit; font-family: Roboto, sans-serif;\">\n<div style=\"box-sizing: inherit; font-family: Roboto, sans-serif;\">\n<div style=\"box-sizing: inherit; font-family: Roboto, sans-serif;\">\n<div style=\"box-sizing: inherit; font-family: Roboto, sans-serif;\">\n<div class=\"flex flex-grow flex-col max-w-full\">\n<div class=\"min-h-[20px] text-message flex flex-col items-start whitespace-pre-wrap break-words [.text-message+&amp;]:mt-5 juice:w-full juice:items-end overflow-x-auto gap-2\" dir=\"auto\" data-message-author-role=\"assistant\" data-message-id=\"2034782e-88f9-44ef-b4dc-07dd7bf0115f\">\n<div class=\"flex w-full flex-col gap-1 juice:empty:hidden juice:first:pt-[3px]\">\n<div class=\"markdown prose w-full break-words dark:prose-invert light\">\n<div style=\"box-sizing: inherit; font-family: Roboto, sans-serif;\">\n<div style=\"box-sizing: inherit; font-family: Roboto, sans-serif;\">\n<div style=\"box-sizing: inherit; font-family: Roboto, sans-serif;\">\n<div style=\"box-sizing: inherit; font-family: Roboto, sans-serif;\">\n<div style=\"box-sizing: inherit; font-family: Roboto, sans-serif;\">\n<div style=\"box-sizing: inherit; font-family: Roboto, sans-serif;\">\n<h2>Verrina in plastica<\/h2>\n<div style=\"box-sizing: inherit; font-family: Roboto, sans-serif;\">\n<div style=\"box-sizing: inherit; font-family: Roboto, sans-serif;\">\n<div style=\"box-sizing: inherit; font-family: Roboto, sans-serif;\">\n<div style=\"text-align: center;\">\n<div style=\"box-sizing: inherit; font-family: Roboto, sans-serif;\">\n<div style=\"box-sizing: inherit; font-family: Roboto, sans-serif;\">\n<div style=\"box-sizing: inherit; font-family: Roboto, sans-serif;\">\n<div style=\"box-sizing: inherit; font-family: Roboto, sans-serif;\">\n<div style=\"box-sizing: inherit; font-family: Roboto, sans-serif;\">\n<div style=\"box-sizing: inherit; font-family: Roboto, sans-serif; text-align: left;\">\n<hr>\n<h3 style=\"text-align: left;\">Descrizione delle verrine in plastica Kokot<!--more--><\/h3>\n<\/div>\n<\/div>\n<\/div>\n<\/div>\n<\/div>\n<\/div>\n<\/div>\n<\/div>\n<\/div>\n<\/div>\n<\/div>\n<\/div>\n<\/div>\n<\/div>\n<\/div>\n<\/div>\n<\/div>\n<\/div>\n<\/div>\n<\/div>\n<div class=\"flex flex-grow flex-col max-w-full\">\n<div class=\"min-h-[20px] text-message flex flex-col items-start whitespace-pre-wrap break-words [.text-message+&amp;]:mt-5 juice:w-full juice:items-end overflow-x-auto gap-2\" dir=\"auto\" data-message-author-role=\"assistant\" data-message-id=\"2034782e-88f9-44ef-b4dc-07dd7bf0115f\">\n<div class=\"flex w-full flex-col gap-1 juice:empty:hidden juice:first:pt-[3px]\">\n<div class=\"markdown prose w-full break-words dark:prose-invert light\">\n<div style=\"box-sizing: inherit; font-family: Roboto, sans-serif;\">\n<div style=\"box-sizing: inherit; font-family: Roboto, sans-serif;\">\n<div style=\"box-sizing: inherit; font-family: Roboto, sans-serif;\">\n<div style=\"box-sizing: inherit; font-family: Roboto, sans-serif;\">\n<div style=\"box-sizing: inherit; font-family: Roboto, sans-serif;\">\n<div style=\"box-sizing: inherit; font-family: Roboto, sans-serif;\"><span style=\"font-family: Georgia, 'Times New Roman', 'Bitstream Charter', Times, serif;\">Le <\/span><strong style=\"font-family: Georgia, 'Times New Roman', 'Bitstream Charter', Times, serif;\">verrine in plastica a cocotte nere<\/strong> <strong style=\"font-family: Georgia, 'Times New Roman', 'Bitstream Charter', Times, serif;\">da 8 cl<\/strong> <strong style=\"font-family: Georgia, 'Times New Roman', 'Bitstream Charter', Times, serif;\">adatte al microonde<\/strong><span style=\"font-family: Georgia, 'Times New Roman', 'Bitstream Charter', Times, serif;\">, vendute in <\/span><strong style=\"font-family: Georgia, 'Times New Roman', 'Bitstream Charter', Times, serif;\">confezione da 6<\/strong><span style=\"font-family: Georgia, 'Times New Roman', 'Bitstream Charter', Times, serif;\">, sono un must per i professionisti della ristorazione e per chi ama una presentazione culinaria elegante. Queste piccole   <\/span><strong style=\"font-family: Georgia, 'Times New Roman', 'Bitstream Charter', Times, serif;\">cocotte<\/strong><span style=\"font-family: Georgia, 'Times New Roman', 'Bitstream Charter', Times, serif;\">  uniscono praticit\u00e0 e design moderno, offrendo la soluzione perfetta per servire porzioni individuali valorizzando l\u2019estetica dei tuoi piatti. Il loro design unico a forma di   <\/span><strong style=\"font-family: Georgia, 'Times New Roman', 'Bitstream Charter', Times, serif;\">cocotte<\/strong><span style=\"font-family: Georgia, 'Times New Roman', 'Bitstream Charter', Times, serif;\"> aggiunge un tocco di originalit\u00e0 che conquister\u00e0 i tuoi ospiti o i tuoi clienti.<\/span><\/div>\n<\/div>\n<\/div>\n<\/div>\n<\/div>\n<\/div>\n<\/div>\n<\/div>\n<\/div>\n<\/div>\n<\/div>\n<\/div>\n<\/div>\n<\/div>\n<\/div>\n<\/div>\n<\/div>\n<\/div>\n<\/div>\n<\/div>\n<\/div>\n<\/div>\n<\/div>\n<p>Per prima cosa, la materia prima di queste <strong>verrine in plastica a cocotte nere<\/strong> si distingue per la sua resistenza. Infatti, realizzate in plastica, sono abbastanza robuste da sopportare un uso quotidiano intensivo senza deformarsi. Sono progettate per resistere al calore e sono <strong>adatte al microonde<\/strong>, il che le rende particolarmente indicate per riscaldare le preparazioni direttamente nel contenitore. Grazie a questa funzionalit\u00e0, i professionisti del food possono risparmiare tempo garantendo al contempo una presentazione curata.   <\/p>\n<p>&nbsp;<\/p>\n<p>&nbsp;<\/p>\n<p><!--more--><\/p>\n<h4>Perch\u00e9 usare le nostre <strong>verrine in plastica<\/strong>?<\/h4>\n<p>Inoltre, la praticit\u00e0 di queste <strong>verrine in plastica a cocotte nere<\/strong> non finisce qui. La loro capacit\u00e0 di <strong>8 cl<\/strong> \u00e8 ideale per porzioni individuali, che si tratti di dessert, antipasti o contorni. In pi\u00f9, la loro leggerezza consente un trasporto facile e sicuro, soprattutto durante grandi eventi come ricevimenti, cocktail o buffet. Il design compatto e impilabile facilita anche lo stoccaggio, ottimizzando lo spazio nelle cucine professionali o domestiche.   <\/p>\n<p>Il loro elegante colore <strong>nero<\/strong> dona un tocco di raffinatezza a tutte le tue creazioni culinarie. Che tu serva finger food, verrine di frutta o piatti caldi, le <strong>verrine in plastica a cocotte nere<\/strong> valorizzeranno le tue preparazioni grazie al loro aspetto estetico. A differenza delle verrine trasparenti, queste cocotte creano un contrasto deciso con i colori vivaci degli alimenti, risultando particolarmente accattivanti nelle presentazioni su tavole festive o buffet.  <\/p>\n<p>&nbsp;<\/p>\n<p><!--more--><\/p>\n<div style=\"box-sizing: inherit; font-family: Roboto, sans-serif;\">\n<div style=\"box-sizing: inherit; font-family: Roboto, sans-serif;\">\n<div style=\"box-sizing: inherit; font-family: Roboto, sans-serif;\">\n<div style=\"box-sizing: inherit; font-family: Roboto, sans-serif;\">\n<div style=\"box-sizing: inherit; font-family: Roboto, sans-serif;\">\n<div style=\"box-sizing: inherit; font-family: Roboto, sans-serif;\">\n<div style=\"box-sizing: inherit; font-family: Roboto, sans-serif;\">\n<div style=\"box-sizing: inherit; font-family: Roboto, sans-serif;\">\n<div style=\"box-sizing: inherit; font-family: Roboto, sans-serif;\">\n<div style=\"box-sizing: inherit; font-family: Roboto, sans-serif;\">\n<div style=\"box-sizing: inherit; font-family: Roboto, sans-serif;\">\n<div style=\"box-sizing: inherit; font-family: Roboto, sans-serif;\">\n<div style=\"box-sizing: inherit; font-family: Roboto, sans-serif;\">\n<div class=\"flex flex-grow flex-col max-w-full\">\n<div class=\"min-h-[20px] text-message flex flex-col items-start whitespace-pre-wrap break-words [.text-message+&amp;]:mt-5 juice:w-full juice:items-end overflow-x-auto gap-2\" dir=\"auto\" data-message-author-role=\"assistant\" data-message-id=\"2034782e-88f9-44ef-b4dc-07dd7bf0115f\">\n<div class=\"flex w-full flex-col gap-1 juice:empty:hidden juice:first:pt-[3px]\">\n<div class=\"markdown prose w-full break-words dark:prose-invert light\">\n<div style=\"box-sizing: inherit; font-family: Roboto, sans-serif;\">\n<div style=\"box-sizing: inherit; font-family: Roboto, sans-serif;\">\n<div style=\"box-sizing: inherit; font-family: Roboto, sans-serif;\">\n<div style=\"box-sizing: inherit; font-family: Roboto, sans-serif;\">\n<div style=\"box-sizing: inherit; font-family: Roboto, sans-serif;\">\n<div style=\"box-sizing: inherit; font-family: Roboto, sans-serif;\">\n<p>Inoltre, la versatilit\u00e0 di queste <strong>verrine in plastica a cocotte nere<\/strong> le rende una scelta imprescindibile per ogni occasione. La loro resistenza al calore le rende efficaci sia per piatti freddi sia caldi. Che tu prepari un gazpacho rinfrescante o un gratin goloso, queste verrine risponderanno perfettamente alle tue esigenze. Il loro formato \u00e8 adatto sia all\u2019uso professionale in ristoranti, hotel e catering, sia a un uso pi\u00f9 personale durante ricevimenti privati o feste.   <\/p>\n<p>Infine, queste <strong>verrine in plastica a cocotte nere<\/strong> sono un\u2019ottima scelta per le aziende attente all\u2019ambiente, perch\u00e9 sono realizzate in plastica riciclabile. Scegliendo questo prodotto, contribuisci a ridurre i rifiuti offrendo al tempo stesso una presentazione sofisticata e funzionale. <\/p>\n<p>In sintesi, le <strong>verrine in plastica a cocotte nere<\/strong> <strong>da 8 cl<\/strong> <strong>adatte al microonde<\/strong> in <strong>confezione da 6<\/strong> sono una soluzione pratica, elegante e durevole per tutte le tue presentazioni culinarie<\/p>\n<p>&nbsp;<\/p>\n<p><!--more--><\/p>\n<h4 style=\"text-align: left;\"><strong>I vantaggi delle verrine in plastica Cocotte 80 ml:<\/strong><\/h4>\n<ul style=\"text-align: left;\">\n<li><strong>Design elegante e originale<\/strong> : La loro forma a <strong>Cocotte<\/strong><b> <\/b>aggiunge un tocco moderno e originale alle tue presentazioni culinarie. Offrono un impatto visivo unico che cattura l\u2019attenzione dei tuoi ospiti e valorizza le tue creazioni. <\/li>\n<li><strong>Versatilit\u00e0<\/strong> : Sono adatte a un\u2019ampia variet\u00e0 di preparazioni, sia dolci sia salate.<\/li>\n<li><strong>Praticit\u00e0<\/strong> : Leggere e facili da maneggiare, queste <strong>verrine da catering<\/strong> sono pensate per essere pratiche da usare.<\/li>\n<li><strong>Qualit\u00e0 e durata<\/strong> : Realizzate in PP, uniscono robustezza ed eleganza e sono riutilizzabili.<\/li>\n<\/ul>\n<\/div>\n<\/div>\n<\/div>\n<\/div>\n<\/div>\n<\/div>\n<\/div>\n<\/div>\n<\/div>\n<\/div>\n<\/div>\n<\/div>\n<p>&nbsp;<\/p>\n<\/div>\n<\/div>\n<\/div>\n<\/div>\n<\/div>\n<\/div>\n<\/div>\n<\/div>\n<\/div>\n<\/div>\n<\/div>\n<p><!--more--><\/p>\n<h4>Altre informazioni:<\/h4>\n<ul style=\"box-sizing: inherit; font-family: Roboto, sans-serif;\">\n<li><strong>Confezione<\/strong> : Pacco da 6<\/li>\n<li><strong>Conveniente: <\/strong>Queste <strong>verrine<\/strong> sono riutilizzabili<\/li>\n<li><span style=\"font-weight: bold;\">Dimensioni<\/span> : 75 x 50 x 35 ( L x l x H in mm)<\/li>\n<li><strong>Materiale<\/strong> : PP (Polipropilene)<\/li>\n<\/ul>\n<p>&nbsp;<\/p>\n<p><!--more--><\/p>\n<p>Trova qui la misura superiore di questo prodotto: <span style=\"color: #d12727;\"><a style=\"color: #d12727;\" href=\"https:\/\/www.csj-emballages.com\/it\/produit\/verrina-in-plastica-kokot-microondabile-30-cl-confezione-da-4\/\">VERKOKOT30<\/a><\/span><\/p>\n<p>&nbsp;<\/p>\n<p style=\"text-align: left;\"><!--more--><\/p>\n<p><a href=\"https:\/\/www.csj-emballages.com\/it\/categorie-produit\/imballaggi-alimentari\/macelleria-gastronomia-ortofrutta\/coppe-vasetti-verrine\/verrine\/verrine\/\">Consulta il resto della nostra gamma di verrine<\/a><\/p>\n","protected":false},"excerpt":{"rendered":"<p>Verrina in plastica Descrizione delle verrine in plastica Kokot<\/p>\n","protected":false},"featured_media":270879,"template":"","meta":{"_acf_changed":false},"product_brand":[],"product_cat":[10346,10381,10436,10437,10807,11193],"product_tag":[],"class_list":{"0":"post-270864","1":"product","2":"type-product","3":"status-publish","4":"has-post-thumbnail","6":"product_cat-imballaggi-alimentari","7":"product_cat-macelleria-gastronomia-ortofrutta","8":"product_cat-coppe-vasetti-verrine","9":"product_cat-coppe-dessert","10":"product_cat-verrine","13":"first","14":"instock","15":"taxable","16":"shipping-taxable","17":"purchasable","18":"product-type-simple"},"acf":[],"yoast_head":"<!-- This site is optimized with the Yoast SEO Premium plugin v26.6 (Yoast SEO v26.6) - https:\/\/yoast.com\/wordpress\/plugins\/seo\/ -->\n<title>Verrina in plastica Kokot microonde - 8 cl<\/title>\n<meta name=\"description\" content=\"Scopri le nostre verrine in plastica a cocotte nere da 8 cl, adatte al microonde, che uniscono originalit\u00e0, praticit\u00e0 e resistenza. Ideali per le tue porzioni individuali.\" \/>\n<meta name=\"robots\" content=\"index, follow, max-snippet:-1, max-image-preview:large, max-video-preview:-1\" \/>\n<link rel=\"canonical\" href=\"https:\/\/www.csj-emballages.com\/it\/produit\/verrina-in-plastica-kokot-8-cl-microonde-confezione-da-6\/\" \/>\n<meta property=\"og:locale\" content=\"it_IT\" \/>\n<meta property=\"og:type\" content=\"article\" \/>\n<meta property=\"og:title\" content=\"Verrine in plastica &quot;Kokot&quot; 80 ml\" \/>\n<meta property=\"og:description\" content=\"Scopri le nostre verrine in plastica a cocotte nere da 8 cl, adatte al microonde, che uniscono originalit\u00e0, praticit\u00e0 e resistenza. Ideali per le tue porzioni individuali.\" \/>\n<meta property=\"og:url\" content=\"https:\/\/www.csj-emballages.com\/it\/produit\/verrina-in-plastica-kokot-8-cl-microonde-confezione-da-6\/\" \/>\n<meta property=\"og:site_name\" content=\"CSJ Emballages\" \/>\n<meta property=\"article:publisher\" content=\"https:\/\/www.facebook.com\/csjemballages\" \/>\n<meta property=\"article:modified_time\" content=\"2026-04-04T00:16:31+00:00\" \/>\n<meta property=\"og:image\" content=\"https:\/\/www.csj-emballages.com\/wp-content\/uploads\/2024\/03\/kokot.webp\" \/>\n\t<meta property=\"og:image:width\" content=\"800\" \/>\n\t<meta property=\"og:image:height\" content=\"800\" \/>\n\t<meta property=\"og:image:type\" content=\"image\/webp\" \/>\n<meta name=\"twitter:card\" content=\"summary_large_image\" \/>\n<meta name=\"twitter:title\" content=\"Verrine in plastica &quot;Kokot&quot; 80 ml\" \/>\n<meta name=\"twitter:description\" content=\"Scopri le nostre verrine in plastica a cocotte nere da 8 cl, adatte al microonde, che uniscono originalit\u00e0, praticit\u00e0 e resistenza. Ideali per le tue porzioni individuali.\" \/>\n<meta name=\"twitter:label1\" content=\"Dur\u00e9e de lecture estim\u00e9e\" \/>\n\t<meta name=\"twitter:data1\" content=\"3 minuti\" \/>\n<script type=\"application\/ld+json\" class=\"yoast-schema-graph\">{\"@context\":\"https:\/\/schema.org\",\"@graph\":[{\"@type\":\"WebPage\",\"@id\":\"https:\/\/www.csj-emballages.com\/it\/produit\/verrina-in-plastica-kokot-8-cl-microonde-confezione-da-6\/\",\"url\":\"https:\/\/www.csj-emballages.com\/it\/produit\/verrina-in-plastica-kokot-8-cl-microonde-confezione-da-6\/\",\"name\":\"Verrina in plastica Kokot microonde - 8 cl\",\"isPartOf\":{\"@id\":\"https:\/\/www.csj-emballages.com\/it\/#website\"},\"primaryImageOfPage\":{\"@id\":\"https:\/\/www.csj-emballages.com\/it\/produit\/verrina-in-plastica-kokot-8-cl-microonde-confezione-da-6\/#primaryimage\"},\"image\":{\"@id\":\"https:\/\/www.csj-emballages.com\/it\/produit\/verrina-in-plastica-kokot-8-cl-microonde-confezione-da-6\/#primaryimage\"},\"thumbnailUrl\":\"https:\/\/www.csj-emballages.com\/wp-content\/uploads\/2024\/03\/kokot.webp\",\"datePublished\":\"2024-03-01T15:47:19+00:00\",\"dateModified\":\"2026-04-04T00:16:31+00:00\",\"description\":\"Scopri le nostre verrine in plastica a cocotte nere da 8 cl, adatte al microonde, che uniscono originalit\u00e0, praticit\u00e0 e resistenza. Ideali per le tue porzioni individuali.\",\"breadcrumb\":{\"@id\":\"https:\/\/www.csj-emballages.com\/it\/produit\/verrina-in-plastica-kokot-8-cl-microonde-confezione-da-6\/#breadcrumb\"},\"inLanguage\":\"it-IT\",\"potentialAction\":[{\"@type\":\"ReadAction\",\"target\":[\"https:\/\/www.csj-emballages.com\/it\/produit\/verrina-in-plastica-kokot-8-cl-microonde-confezione-da-6\/\"]}]},{\"@type\":\"ImageObject\",\"inLanguage\":\"it-IT\",\"@id\":\"https:\/\/www.csj-emballages.com\/it\/produit\/verrina-in-plastica-kokot-8-cl-microonde-confezione-da-6\/#primaryimage\",\"url\":\"https:\/\/www.csj-emballages.com\/wp-content\/uploads\/2024\/03\/kokot.webp\",\"contentUrl\":\"https:\/\/www.csj-emballages.com\/wp-content\/uploads\/2024\/03\/kokot.webp\",\"width\":800,\"height\":800,\"caption\":\"Verrines plastique\"},{\"@type\":\"BreadcrumbList\",\"@id\":\"https:\/\/www.csj-emballages.com\/it\/produit\/verrina-in-plastica-kokot-8-cl-microonde-confezione-da-6\/#breadcrumb\",\"itemListElement\":[{\"@type\":\"ListItem\",\"position\":1,\"name\":\"Home\",\"item\":\"https:\/\/www.csj-emballages.com\/it\/universo-imballaggi-alimentari\/\"},{\"@type\":\"ListItem\",\"position\":2,\"name\":\"Negozio\",\"item\":\"https:\/\/www.csj-emballages.com\/it\/negozio\/\"},{\"@type\":\"ListItem\",\"position\":3,\"name\":\"Verrina in plastica Kokot 8 cl microonde, confezione da 6\"}]},{\"@type\":\"WebSite\",\"@id\":\"https:\/\/www.csj-emballages.com\/it\/#website\",\"url\":\"https:\/\/www.csj-emballages.com\/it\/\",\"name\":\"CSJ Emballages\",\"description\":\"\",\"publisher\":{\"@id\":\"https:\/\/www.csj-emballages.com\/it\/#organization\"},\"potentialAction\":[{\"@type\":\"SearchAction\",\"target\":{\"@type\":\"EntryPoint\",\"urlTemplate\":\"https:\/\/www.csj-emballages.com\/it\/?s={search_term_string}\"},\"query-input\":{\"@type\":\"PropertyValueSpecification\",\"valueRequired\":true,\"valueName\":\"search_term_string\"}}],\"inLanguage\":\"it-IT\"},{\"@type\":\"Organization\",\"@id\":\"https:\/\/www.csj-emballages.com\/it\/#Organization\/\",\"name\":\"CSJ Emballages\",\"url\":\"https:\/\/www.csj-emballages.com\/it\/\",\"logo\":{\"@type\":\"ImageObject\",\"inLanguage\":\"it-IT\",\"@id\":\"https:\/\/www.csj-emballages.com\/it\/#\/schema\/logo\/image\/\",\"url\":\"https:\/\/www.csj-emballages.com\/wp-content\/uploads\/2023\/10\/logo_csj.webp\",\"contentUrl\":\"https:\/\/www.csj-emballages.com\/wp-content\/uploads\/2023\/10\/logo_csj.webp\",\"width\":250,\"height\":95,\"caption\":\"CSJ Emballages\"},\"image\":{\"@id\":\"https:\/\/www.csj-emballages.com\/it\/#\/schema\/logo\/image\/\"},\"sameAs\":[\"https:\/\/www.facebook.com\/csjemballages\"],\"address\":{\"@type\":\"PostalAddress\",\"streetAddress\":\"ZI La Lechere\",\"addressLocality\":\"Patornay\",\"postalCode\":\"39130\",\"addressCountry\":\"FR\"},\"contactPoint\":[{\"@type\":\"ContactPoint\",\"contactType\":\"Service client\",\"telephone\":\"0384254272\",\"email\":\"contact@csj-emballages.com\"}]}]}<\/script>\n<!-- \/ Yoast SEO Premium plugin. -->","yoast_head_json":{"title":"Verrina in plastica Kokot microonde - 8 cl","description":"Scopri le nostre verrine in plastica a cocotte nere da 8 cl, adatte al microonde, che uniscono originalit\u00e0, praticit\u00e0 e resistenza. Ideali per le tue porzioni individuali.","robots":{"index":"index","follow":"follow","max-snippet":"max-snippet:-1","max-image-preview":"max-image-preview:large","max-video-preview":"max-video-preview:-1"},"canonical":"https:\/\/www.csj-emballages.com\/it\/produit\/verrina-in-plastica-kokot-8-cl-microonde-confezione-da-6\/","og_locale":"it_IT","og_type":"article","og_title":"Verrine in plastica \"Kokot\" 80 ml","og_description":"Scopri le nostre verrine in plastica a cocotte nere da 8 cl, adatte al microonde, che uniscono originalit\u00e0, praticit\u00e0 e resistenza. Ideali per le tue porzioni individuali.","og_url":"https:\/\/www.csj-emballages.com\/it\/produit\/verrina-in-plastica-kokot-8-cl-microonde-confezione-da-6\/","og_site_name":"CSJ Emballages","article_publisher":"https:\/\/www.facebook.com\/csjemballages","article_modified_time":"2026-04-04T00:16:31+00:00","og_image":[{"width":800,"height":800,"url":"https:\/\/www.csj-emballages.com\/wp-content\/uploads\/2024\/03\/kokot.webp","type":"image\/webp"}],"twitter_card":"summary_large_image","twitter_title":"Verrine in plastica \"Kokot\" 80 ml","twitter_description":"Scopri le nostre verrine in plastica a cocotte nere da 8 cl, adatte al microonde, che uniscono originalit\u00e0, praticit\u00e0 e resistenza. Ideali per le tue porzioni individuali.","twitter_misc":{"Dur\u00e9e de lecture estim\u00e9e":"3 minuti"},"schema":{"@context":"https:\/\/schema.org","@graph":[{"@type":"WebPage","@id":"https:\/\/www.csj-emballages.com\/it\/produit\/verrina-in-plastica-kokot-8-cl-microonde-confezione-da-6\/","url":"https:\/\/www.csj-emballages.com\/it\/produit\/verrina-in-plastica-kokot-8-cl-microonde-confezione-da-6\/","name":"Verrina in plastica Kokot microonde - 8 cl","isPartOf":{"@id":"https:\/\/www.csj-emballages.com\/it\/#website"},"primaryImageOfPage":{"@id":"https:\/\/www.csj-emballages.com\/it\/produit\/verrina-in-plastica-kokot-8-cl-microonde-confezione-da-6\/#primaryimage"},"image":{"@id":"https:\/\/www.csj-emballages.com\/it\/produit\/verrina-in-plastica-kokot-8-cl-microonde-confezione-da-6\/#primaryimage"},"thumbnailUrl":"https:\/\/www.csj-emballages.com\/wp-content\/uploads\/2024\/03\/kokot.webp","datePublished":"2024-03-01T15:47:19+00:00","dateModified":"2026-04-04T00:16:31+00:00","description":"Scopri le nostre verrine in plastica a cocotte nere da 8 cl, adatte al microonde, che uniscono originalit\u00e0, praticit\u00e0 e resistenza. Ideali per le tue porzioni individuali.","breadcrumb":{"@id":"https:\/\/www.csj-emballages.com\/it\/produit\/verrina-in-plastica-kokot-8-cl-microonde-confezione-da-6\/#breadcrumb"},"inLanguage":"it-IT","potentialAction":[{"@type":"ReadAction","target":["https:\/\/www.csj-emballages.com\/it\/produit\/verrina-in-plastica-kokot-8-cl-microonde-confezione-da-6\/"]}]},{"@type":"ImageObject","inLanguage":"it-IT","@id":"https:\/\/www.csj-emballages.com\/it\/produit\/verrina-in-plastica-kokot-8-cl-microonde-confezione-da-6\/#primaryimage","url":"https:\/\/www.csj-emballages.com\/wp-content\/uploads\/2024\/03\/kokot.webp","contentUrl":"https:\/\/www.csj-emballages.com\/wp-content\/uploads\/2024\/03\/kokot.webp","width":800,"height":800,"caption":"Verrines plastique"},{"@type":"BreadcrumbList","@id":"https:\/\/www.csj-emballages.com\/it\/produit\/verrina-in-plastica-kokot-8-cl-microonde-confezione-da-6\/#breadcrumb","itemListElement":[{"@type":"ListItem","position":1,"name":"Home","item":"https:\/\/www.csj-emballages.com\/it\/universo-imballaggi-alimentari\/"},{"@type":"ListItem","position":2,"name":"Negozio","item":"https:\/\/www.csj-emballages.com\/it\/negozio\/"},{"@type":"ListItem","position":3,"name":"Verrina in plastica Kokot 8 cl microonde, confezione da 6"}]},{"@type":"WebSite","@id":"https:\/\/www.csj-emballages.com\/it\/#website","url":"https:\/\/www.csj-emballages.com\/it\/","name":"CSJ Emballages","description":"","publisher":{"@id":"https:\/\/www.csj-emballages.com\/it\/#organization"},"potentialAction":[{"@type":"SearchAction","target":{"@type":"EntryPoint","urlTemplate":"https:\/\/www.csj-emballages.com\/it\/?s={search_term_string}"},"query-input":{"@type":"PropertyValueSpecification","valueRequired":true,"valueName":"search_term_string"}}],"inLanguage":"it-IT"},{"@type":"Organization","@id":"https:\/\/www.csj-emballages.com\/it\/#Organization\/","name":"CSJ Emballages","url":"https:\/\/www.csj-emballages.com\/it\/","logo":{"@type":"ImageObject","inLanguage":"it-IT","@id":"https:\/\/www.csj-emballages.com\/it\/#\/schema\/logo\/image\/","url":"https:\/\/www.csj-emballages.com\/wp-content\/uploads\/2023\/10\/logo_csj.webp","contentUrl":"https:\/\/www.csj-emballages.com\/wp-content\/uploads\/2023\/10\/logo_csj.webp","width":250,"height":95,"caption":"CSJ Emballages"},"image":{"@id":"https:\/\/www.csj-emballages.com\/it\/#\/schema\/logo\/image\/"},"sameAs":["https:\/\/www.facebook.com\/csjemballages"],"address":{"@type":"PostalAddress","streetAddress":"ZI La Lechere","addressLocality":"Patornay","postalCode":"39130","addressCountry":"FR"},"contactPoint":[{"@type":"ContactPoint","contactType":"Service client","telephone":"0384254272","email":"contact@csj-emballages.com"}]}]}},"df_price":4.34,"df_sale_price":"","df_regular_price":4.34,"df_image_link":"https:\/\/www.csj-emballages.com\/wp-content\/uploads\/2024\/03\/kokot-300x300.webp","tiered_pricing_type":"fixed","tiered_pricing_fixed_rules":[],"tiered_pricing_percentage_rules":[],"tiered_pricing_minimum":1,"tiered_pricing_roles_data":[],"_links":{"self":[{"href":"https:\/\/www.csj-emballages.com\/it\/wp-json\/wp\/v2\/product\/270864","targetHints":{"allow":["GET"]}}],"collection":[{"href":"https:\/\/www.csj-emballages.com\/it\/wp-json\/wp\/v2\/product"}],"about":[{"href":"https:\/\/www.csj-emballages.com\/it\/wp-json\/wp\/v2\/types\/product"}],"wp:featuredmedia":[{"embeddable":true,"href":"https:\/\/www.csj-emballages.com\/it\/wp-json\/wp\/v2\/media\/270879"}],"wp:attachment":[{"href":"https:\/\/www.csj-emballages.com\/it\/wp-json\/wp\/v2\/media?parent=270864"}],"wp:term":[{"taxonomy":"product_brand","embeddable":true,"href":"https:\/\/www.csj-emballages.com\/it\/wp-json\/wp\/v2\/product_brand?post=270864"},{"taxonomy":"product_cat","embeddable":true,"href":"https:\/\/www.csj-emballages.com\/it\/wp-json\/wp\/v2\/product_cat?post=270864"},{"taxonomy":"product_tag","embeddable":true,"href":"https:\/\/www.csj-emballages.com\/it\/wp-json\/wp\/v2\/product_tag?post=270864"}],"curies":[{"name":"wp","href":"https:\/\/api.w.org\/{rel}","templated":true}]}}