{"id":270629,"date":"2024-03-01T16:50:26","date_gmt":"2024-03-01T15:50:26","guid":{"rendered":"https:\/\/www.csj-emballages.com\/produit\/busta-per-crepe-in-cartone-strappabile-da-100\/"},"modified":"2026-04-19T02:11:23","modified_gmt":"2026-04-19T00:11:23","slug":"busta-per-crepe-in-cartone-strappabile-da-100","status":"publish","type":"product","link":"https:\/\/www.csj-emballages.com\/it\/produit\/busta-per-crepe-in-cartone-strappabile-da-100\/","title":{"rendered":"Busta per cr\u00eape in cartone strappabile da 100"},"content":{"rendered":"<h2>Busta per cr\u00eape<\/h2>\n<hr>\n<h3>Descrizione della nostra busta per cr\u00eape in cartone kraft strappabile da 100<\/h3>\n<p><!--more--><\/p>\n<p data-start=\"217\" data-end=\"673\">Ecco la <strong>busta<\/strong> perfetta per servire <strong>cr\u00eape<\/strong> da asporto senza pensieri. Questa <strong data-start=\"304\" data-end=\"343\">busta per cr\u00eape in cartone strappabile<\/strong> \u00e8 stata pensata per rendere la degustazione molto pi\u00f9 semplice, pi\u00f9 pulita e soprattutto pi\u00f9 piacevole. Appena la prendi in mano, vedi subito che \u00e8 stata progettata per seguire il gesto naturale del cliente: tenere la cr\u00eape, fare qualche morso, poi strappare quanto basta per continuare a mangiare comodamente.  <\/p>\n<p data-start=\"675\" data-end=\"980\">Grazie alle sue <strong data-start=\"687\" data-end=\"711\">linee pretagliate<\/strong>, la <strong>busta<\/strong> si apre in modo pulito, senza sfilacciarsi e senza il rischio di far cadere la cr\u00eape. Il cliente mantiene sempre una buona presa, il che \u00e8 ideale per stand, mercati, cr\u00eaperie ambulanti o feste di paese dove le persone spesso mangiano camminando. <\/p>\n<p data-start=\"982\" data-end=\"1347\">Infatti, il suo <strong data-start=\"995\" data-end=\"1011\">cartone kraft<\/strong> le conferisce un aspetto autentico, molto di tendenza nello street food. Apporta un tocco naturale e caldo che valorizza automaticamente le tue preparazioni, siano esse dolci o salate. E poich\u00e9 il <strong>cartone<\/strong> \u00e8 sufficientemente rigido, evita incidenti: la cr\u00eape rimane ben salda, anche se generosamente farcita.  <\/p>\n<p data-start=\"1349\" data-end=\"1553\">Allo stesso modo, il formato <strong data-start=\"1368\" data-end=\"1379\">da 100<\/strong> ti permette di avere sempre scorte sufficienti per mantenere un buon ritmo di servizio senza interruzioni. \u00c8 pratico, economico e soprattutto molto apprezzato quando l&#8217;affluenza aumenta improvvisamente. <\/p>\n<p data-start=\"1555\" data-end=\"1787\">In breve, questa <strong>busta per cr\u00eape<\/strong> non \u00e8 solo un imballaggio: migliora l&#8217;esperienza del cliente rendendo la degustazione fluida dall&#8217;inizio alla fine. Combina semplicit\u00e0, efficacia e comfort, valorizzando al contempo il tuo savoir-faire. <\/p>\n<p data-start=\"1555\" data-end=\"1787\">\n<p data-start=\"1013\" data-end=\"1189\"><!--more--><\/p>\n<p data-start=\"1013\" data-end=\"1189\"><strong>Vantaggi: <\/strong><\/p>\n<ul>\n<li data-start=\"1815\" data-end=\"1858\"><strong>Pretagli<\/strong> puliti e facili da strappare<\/li>\n<li data-start=\"1861\" data-end=\"1905\">Buona presa durante la degustazione<\/li>\n<li data-start=\"1908\" data-end=\"1943\"><strong>Cartone kraft<\/strong> rigido ed estetico<\/li>\n<li data-start=\"1946\" data-end=\"1975\">Ideale per la vendita ambulante<\/li>\n<li data-start=\"1978\" data-end=\"2009\">Pratica confezione da <strong>100 buste<\/strong>.<\/li>\n<\/ul>\n<p>&nbsp;<\/p>\n<p data-start=\"1013\" data-end=\"1189\"><!--more--><\/p>\n<h4>Altre informazioni:<\/h4>\n<ul>\n<li><strong>Confezionamento<\/strong>: Pacco da 100<\/li>\n<li><strong>Dimensioni<\/strong>: 170 x 220 x 100 (L x l x H in mm)<\/li>\n<li><strong>Colore<\/strong>: Marrone<\/li>\n<li><strong>Materiale<\/strong>: Cartone<\/li>\n<\/ul>\n<p>&nbsp;<\/p>\n<p><!--more--><\/p>\n<p><a href=\"\/?product_cat=pochettes-carton-frites-crepes-tacos-wraps-snack-restauration-emporter\">Consulta il resto della nostra gamma di buste per patatine \/ cr\u00eape \/ tacos \/ wraps<\/a><\/p>\n","protected":false},"excerpt":{"rendered":"<p>Busta per cr\u00eape Descrizione della nostra busta per cr\u00eape in cartone kraft strappabile da 100<\/p>\n","protected":false},"featured_media":270634,"template":"","meta":{"_acf_changed":false},"product_brand":[],"product_cat":[10346,10375,11261],"product_tag":[],"class_list":{"0":"post-270629","1":"product","2":"type-product","3":"status-publish","4":"has-post-thumbnail","6":"product_cat-imballaggi-alimentari","7":"product_cat-ristorazione","8":"product_cat-buste-per-patatine-taco-wrap-bagel","10":"first","11":"instock","12":"taxable","13":"shipping-taxable","14":"purchasable","15":"product-type-simple"},"acf":[],"yoast_head":"<!-- This site is optimized with the Yoast SEO Premium plugin v26.6 (Yoast SEO v26.6) - https:\/\/yoast.com\/wordpress\/plugins\/seo\/ -->\n<title>Busta Cr\u00eape Cartone Strappabile da 100<\/title>\n<meta name=\"description\" content=\"Scopri la nostra busta per cr\u00eape in cartone kraft con linguetta strappabile da 100 \u2013 pratica, igienica e ideale per l&#039;asporto.\" \/>\n<meta name=\"robots\" content=\"index, follow, max-snippet:-1, max-image-preview:large, max-video-preview:-1\" \/>\n<link rel=\"canonical\" href=\"https:\/\/www.csj-emballages.com\/it\/produit\/busta-per-crepe-in-cartone-strappabile-da-100\/\" \/>\n<meta property=\"og:locale\" content=\"it_IT\" \/>\n<meta property=\"og:type\" content=\"article\" \/>\n<meta property=\"og:title\" content=\"Busta per cr\u00eape in cartone strappabile da 100\" \/>\n<meta property=\"og:description\" content=\"Scopri la nostra busta per cr\u00eape in cartone kraft con linguetta strappabile da 100 \u2013 pratica, igienica e ideale per l&#039;asporto.\" \/>\n<meta property=\"og:url\" content=\"https:\/\/www.csj-emballages.com\/it\/produit\/busta-per-crepe-in-cartone-strappabile-da-100\/\" \/>\n<meta property=\"og:site_name\" content=\"CSJ Emballages\" \/>\n<meta property=\"article:publisher\" content=\"https:\/\/www.facebook.com\/csjemballages\" \/>\n<meta property=\"article:modified_time\" content=\"2026-04-19T00:11:23+00:00\" \/>\n<meta property=\"og:image\" content=\"https:\/\/www.csj-emballages.com\/wp-content\/uploads\/2024\/03\/POCCREP-png.webp\" \/>\n\t<meta property=\"og:image:width\" content=\"800\" \/>\n\t<meta property=\"og:image:height\" content=\"800\" \/>\n\t<meta property=\"og:image:type\" content=\"image\/png\" \/>\n<meta name=\"twitter:card\" content=\"summary_large_image\" \/>\n<meta name=\"twitter:label1\" content=\"Dur\u00e9e de lecture estim\u00e9e\" \/>\n\t<meta name=\"twitter:data1\" content=\"2 minuti\" \/>\n<script type=\"application\/ld+json\" class=\"yoast-schema-graph\">{\"@context\":\"https:\/\/schema.org\",\"@graph\":[{\"@type\":\"WebPage\",\"@id\":\"https:\/\/www.csj-emballages.com\/it\/produit\/busta-per-crepe-in-cartone-strappabile-da-100\/\",\"url\":\"https:\/\/www.csj-emballages.com\/it\/produit\/busta-per-crepe-in-cartone-strappabile-da-100\/\",\"name\":\"Busta Cr\u00eape Cartone Strappabile da 100\",\"isPartOf\":{\"@id\":\"https:\/\/www.csj-emballages.com\/it\/#website\"},\"primaryImageOfPage\":{\"@id\":\"https:\/\/www.csj-emballages.com\/it\/produit\/busta-per-crepe-in-cartone-strappabile-da-100\/#primaryimage\"},\"image\":{\"@id\":\"https:\/\/www.csj-emballages.com\/it\/produit\/busta-per-crepe-in-cartone-strappabile-da-100\/#primaryimage\"},\"thumbnailUrl\":\"https:\/\/www.csj-emballages.com\/wp-content\/uploads\/2024\/03\/POCCREP-png.webp\",\"datePublished\":\"2024-03-01T15:50:26+00:00\",\"dateModified\":\"2026-04-19T00:11:23+00:00\",\"description\":\"Scopri la nostra busta per cr\u00eape in cartone kraft con linguetta strappabile da 100 \u2013 pratica, igienica e ideale per l'asporto.\",\"breadcrumb\":{\"@id\":\"https:\/\/www.csj-emballages.com\/it\/produit\/busta-per-crepe-in-cartone-strappabile-da-100\/#breadcrumb\"},\"inLanguage\":\"it-IT\",\"potentialAction\":[{\"@type\":\"ReadAction\",\"target\":[\"https:\/\/www.csj-emballages.com\/it\/produit\/busta-per-crepe-in-cartone-strappabile-da-100\/\"]}]},{\"@type\":\"ImageObject\",\"inLanguage\":\"it-IT\",\"@id\":\"https:\/\/www.csj-emballages.com\/it\/produit\/busta-per-crepe-in-cartone-strappabile-da-100\/#primaryimage\",\"url\":\"https:\/\/www.csj-emballages.com\/wp-content\/uploads\/2024\/03\/POCCREP-png.webp\",\"contentUrl\":\"https:\/\/www.csj-emballages.com\/wp-content\/uploads\/2024\/03\/POCCREP-png.webp\",\"width\":800,\"height\":800,\"caption\":\"Pochette cr\u00eape\"},{\"@type\":\"BreadcrumbList\",\"@id\":\"https:\/\/www.csj-emballages.com\/it\/produit\/busta-per-crepe-in-cartone-strappabile-da-100\/#breadcrumb\",\"itemListElement\":[{\"@type\":\"ListItem\",\"position\":1,\"name\":\"Home\",\"item\":\"https:\/\/www.csj-emballages.com\/it\/universo-imballaggi-alimentari\/\"},{\"@type\":\"ListItem\",\"position\":2,\"name\":\"Negozio\",\"item\":\"https:\/\/www.csj-emballages.com\/it\/negozio\/\"},{\"@type\":\"ListItem\",\"position\":3,\"name\":\"Busta per cr\u00eape in cartone strappabile da 100\"}]},{\"@type\":\"WebSite\",\"@id\":\"https:\/\/www.csj-emballages.com\/it\/#website\",\"url\":\"https:\/\/www.csj-emballages.com\/it\/\",\"name\":\"CSJ Emballages\",\"description\":\"\",\"publisher\":{\"@id\":\"https:\/\/www.csj-emballages.com\/it\/#organization\"},\"potentialAction\":[{\"@type\":\"SearchAction\",\"target\":{\"@type\":\"EntryPoint\",\"urlTemplate\":\"https:\/\/www.csj-emballages.com\/it\/?s={search_term_string}\"},\"query-input\":{\"@type\":\"PropertyValueSpecification\",\"valueRequired\":true,\"valueName\":\"search_term_string\"}}],\"inLanguage\":\"it-IT\"},{\"@type\":\"Organization\",\"@id\":\"https:\/\/www.csj-emballages.com\/it\/#Organization\/\",\"name\":\"CSJ Emballages\",\"url\":\"https:\/\/www.csj-emballages.com\/it\/\",\"logo\":{\"@type\":\"ImageObject\",\"inLanguage\":\"it-IT\",\"@id\":\"https:\/\/www.csj-emballages.com\/it\/#\/schema\/logo\/image\/\",\"url\":\"https:\/\/www.csj-emballages.com\/wp-content\/uploads\/2023\/10\/logo_csj.webp\",\"contentUrl\":\"https:\/\/www.csj-emballages.com\/wp-content\/uploads\/2023\/10\/logo_csj.webp\",\"width\":250,\"height\":95,\"caption\":\"CSJ Emballages\"},\"image\":{\"@id\":\"https:\/\/www.csj-emballages.com\/it\/#\/schema\/logo\/image\/\"},\"sameAs\":[\"https:\/\/www.facebook.com\/csjemballages\"],\"address\":{\"@type\":\"PostalAddress\",\"streetAddress\":\"ZI La Lechere\",\"addressLocality\":\"Patornay\",\"postalCode\":\"39130\",\"addressCountry\":\"FR\"},\"contactPoint\":[{\"@type\":\"ContactPoint\",\"contactType\":\"Service client\",\"telephone\":\"0384254272\",\"email\":\"contact@csj-emballages.com\"}]}]}<\/script>\n<!-- \/ Yoast SEO Premium plugin. -->","yoast_head_json":{"title":"Busta Cr\u00eape Cartone Strappabile da 100","description":"Scopri la nostra busta per cr\u00eape in cartone kraft con linguetta strappabile da 100 \u2013 pratica, igienica e ideale per l'asporto.","robots":{"index":"index","follow":"follow","max-snippet":"max-snippet:-1","max-image-preview":"max-image-preview:large","max-video-preview":"max-video-preview:-1"},"canonical":"https:\/\/www.csj-emballages.com\/it\/produit\/busta-per-crepe-in-cartone-strappabile-da-100\/","og_locale":"it_IT","og_type":"article","og_title":"Busta per cr\u00eape in cartone strappabile da 100","og_description":"Scopri la nostra busta per cr\u00eape in cartone kraft con linguetta strappabile da 100 \u2013 pratica, igienica e ideale per l'asporto.","og_url":"https:\/\/www.csj-emballages.com\/it\/produit\/busta-per-crepe-in-cartone-strappabile-da-100\/","og_site_name":"CSJ Emballages","article_publisher":"https:\/\/www.facebook.com\/csjemballages","article_modified_time":"2026-04-19T00:11:23+00:00","og_image":[{"width":800,"height":800,"url":"https:\/\/www.csj-emballages.com\/wp-content\/uploads\/2024\/03\/POCCREP-png.webp","type":"image\/png"}],"twitter_card":"summary_large_image","twitter_misc":{"Dur\u00e9e de lecture estim\u00e9e":"2 minuti"},"schema":{"@context":"https:\/\/schema.org","@graph":[{"@type":"WebPage","@id":"https:\/\/www.csj-emballages.com\/it\/produit\/busta-per-crepe-in-cartone-strappabile-da-100\/","url":"https:\/\/www.csj-emballages.com\/it\/produit\/busta-per-crepe-in-cartone-strappabile-da-100\/","name":"Busta Cr\u00eape Cartone Strappabile da 100","isPartOf":{"@id":"https:\/\/www.csj-emballages.com\/it\/#website"},"primaryImageOfPage":{"@id":"https:\/\/www.csj-emballages.com\/it\/produit\/busta-per-crepe-in-cartone-strappabile-da-100\/#primaryimage"},"image":{"@id":"https:\/\/www.csj-emballages.com\/it\/produit\/busta-per-crepe-in-cartone-strappabile-da-100\/#primaryimage"},"thumbnailUrl":"https:\/\/www.csj-emballages.com\/wp-content\/uploads\/2024\/03\/POCCREP-png.webp","datePublished":"2024-03-01T15:50:26+00:00","dateModified":"2026-04-19T00:11:23+00:00","description":"Scopri la nostra busta per cr\u00eape in cartone kraft con linguetta strappabile da 100 \u2013 pratica, igienica e ideale per l'asporto.","breadcrumb":{"@id":"https:\/\/www.csj-emballages.com\/it\/produit\/busta-per-crepe-in-cartone-strappabile-da-100\/#breadcrumb"},"inLanguage":"it-IT","potentialAction":[{"@type":"ReadAction","target":["https:\/\/www.csj-emballages.com\/it\/produit\/busta-per-crepe-in-cartone-strappabile-da-100\/"]}]},{"@type":"ImageObject","inLanguage":"it-IT","@id":"https:\/\/www.csj-emballages.com\/it\/produit\/busta-per-crepe-in-cartone-strappabile-da-100\/#primaryimage","url":"https:\/\/www.csj-emballages.com\/wp-content\/uploads\/2024\/03\/POCCREP-png.webp","contentUrl":"https:\/\/www.csj-emballages.com\/wp-content\/uploads\/2024\/03\/POCCREP-png.webp","width":800,"height":800,"caption":"Pochette cr\u00eape"},{"@type":"BreadcrumbList","@id":"https:\/\/www.csj-emballages.com\/it\/produit\/busta-per-crepe-in-cartone-strappabile-da-100\/#breadcrumb","itemListElement":[{"@type":"ListItem","position":1,"name":"Home","item":"https:\/\/www.csj-emballages.com\/it\/universo-imballaggi-alimentari\/"},{"@type":"ListItem","position":2,"name":"Negozio","item":"https:\/\/www.csj-emballages.com\/it\/negozio\/"},{"@type":"ListItem","position":3,"name":"Busta per cr\u00eape in cartone strappabile da 100"}]},{"@type":"WebSite","@id":"https:\/\/www.csj-emballages.com\/it\/#website","url":"https:\/\/www.csj-emballages.com\/it\/","name":"CSJ Emballages","description":"","publisher":{"@id":"https:\/\/www.csj-emballages.com\/it\/#organization"},"potentialAction":[{"@type":"SearchAction","target":{"@type":"EntryPoint","urlTemplate":"https:\/\/www.csj-emballages.com\/it\/?s={search_term_string}"},"query-input":{"@type":"PropertyValueSpecification","valueRequired":true,"valueName":"search_term_string"}}],"inLanguage":"it-IT"},{"@type":"Organization","@id":"https:\/\/www.csj-emballages.com\/it\/#Organization\/","name":"CSJ Emballages","url":"https:\/\/www.csj-emballages.com\/it\/","logo":{"@type":"ImageObject","inLanguage":"it-IT","@id":"https:\/\/www.csj-emballages.com\/it\/#\/schema\/logo\/image\/","url":"https:\/\/www.csj-emballages.com\/wp-content\/uploads\/2023\/10\/logo_csj.webp","contentUrl":"https:\/\/www.csj-emballages.com\/wp-content\/uploads\/2023\/10\/logo_csj.webp","width":250,"height":95,"caption":"CSJ Emballages"},"image":{"@id":"https:\/\/www.csj-emballages.com\/it\/#\/schema\/logo\/image\/"},"sameAs":["https:\/\/www.facebook.com\/csjemballages"],"address":{"@type":"PostalAddress","streetAddress":"ZI La Lechere","addressLocality":"Patornay","postalCode":"39130","addressCountry":"FR"},"contactPoint":[{"@type":"ContactPoint","contactType":"Service client","telephone":"0384254272","email":"contact@csj-emballages.com"}]}]}},"df_price":20.56,"df_sale_price":"","df_regular_price":20.56,"df_image_link":"https:\/\/www.csj-emballages.com\/wp-content\/uploads\/2024\/03\/POCCREP-300x300.webp","tiered_pricing_type":"fixed","tiered_pricing_fixed_rules":[],"tiered_pricing_percentage_rules":[],"tiered_pricing_minimum":1,"tiered_pricing_roles_data":[],"_links":{"self":[{"href":"https:\/\/www.csj-emballages.com\/it\/wp-json\/wp\/v2\/product\/270629","targetHints":{"allow":["GET"]}}],"collection":[{"href":"https:\/\/www.csj-emballages.com\/it\/wp-json\/wp\/v2\/product"}],"about":[{"href":"https:\/\/www.csj-emballages.com\/it\/wp-json\/wp\/v2\/types\/product"}],"wp:featuredmedia":[{"embeddable":true,"href":"https:\/\/www.csj-emballages.com\/it\/wp-json\/wp\/v2\/media\/270634"}],"wp:attachment":[{"href":"https:\/\/www.csj-emballages.com\/it\/wp-json\/wp\/v2\/media?parent=270629"}],"wp:term":[{"taxonomy":"product_brand","embeddable":true,"href":"https:\/\/www.csj-emballages.com\/it\/wp-json\/wp\/v2\/product_brand?post=270629"},{"taxonomy":"product_cat","embeddable":true,"href":"https:\/\/www.csj-emballages.com\/it\/wp-json\/wp\/v2\/product_cat?post=270629"},{"taxonomy":"product_tag","embeddable":true,"href":"https:\/\/www.csj-emballages.com\/it\/wp-json\/wp\/v2\/product_tag?post=270629"}],"curies":[{"name":"wp","href":"https:\/\/api.w.org\/{rel}","templated":true}]}}