{"id":270427,"date":"2024-03-01T16:50:17","date_gmt":"2024-03-01T15:50:17","guid":{"rendered":"https:\/\/www.csj-emballages.com\/produit\/disco-bianco-smerlato-o25-cm-da-250\/"},"modified":"2026-04-03T02:19:23","modified_gmt":"2026-04-03T00:19:23","slug":"disco-bianco-smerlato-o25-cm-da-250","status":"publish","type":"product","link":"https:\/\/www.csj-emballages.com\/it\/produit\/disco-bianco-smerlato-o25-cm-da-250\/","title":{"rendered":"Disco bianco smerlato \u00f825 cm da 250"},"content":{"rendered":"<h2>Disco bianco smerlato<\/h2>\n<hr>\n<h3>Descrizione del nostro disco bianco smerlato \u00f825 cm da 250<\/h3>\n<p><!--more--><\/p>\n<p data-start=\"347\" data-end=\"706\">Che tu sia un <strong data-start=\"362\" data-end=\"374\">catering<\/strong>, un <strong data-start=\"376\" data-end=\"399\">panettiere-pasticcere<\/strong>, un <strong data-start=\"401\" data-end=\"417\">ristoratore<\/strong> o semplicemente un appassionato di cucina, il <strong>disco bianco smerlato \u00f825 cm da 250<\/strong> \u00e8 un elemento indispensabile per valorizzare le tue presentazioni. Elegante e pratico, permette di mettere in risalto <strong data-start=\"608\" data-end=\"674\">pasticcini, semifreddi, torte, dolci e preparazioni salate<\/strong> con una finitura impeccabile. <\/p>\n<p data-start=\"708\" data-end=\"1017\">Realizzato in <strong data-start=\"729\" data-end=\"761\">cartone alimentare resistente<\/strong>, questo supporto offre una rigidit\u00e0 sufficiente per trasportare le tue creazioni in tutta sicurezza, pur rimanendo leggero e facile da maneggiare. La sua <strong data-start=\"902\" data-end=\"917\">forma rotonda<\/strong> e i suoi <strong data-start=\"925\" data-end=\"944\">bordi smerlati<\/strong> aggiungono un tocco di eleganza che conquista immediatamente gli ospiti. <\/p>\n<p data-start=\"1019\" data-end=\"1393\">Grazie al suo diametro di <strong>25 cm<\/strong>, \u00e8 perfettamente adatto per preparazioni individuali o di medie dimensioni. Confezionato in <strong data-start=\"1152\" data-end=\"1166\">250 unit\u00e0<\/strong>, questo lotto \u00e8 particolarmente apprezzato dai professionisti della ristorazione e degli eventi, poich\u00e9 permette di risparmiare tempo e di avere sempre a disposizione un supporto adatto durante i servizi, i buffet o i ricevimenti. <\/p>\n<p data-start=\"1395\" data-end=\"1702\">Oltre alla sua <strong data-start=\"1410\" data-end=\"1432\">estetica curata<\/strong>, il <strong data-start=\"1437\" data-end=\"1460\">disco bianco smerlato<\/strong> garantisce anche una buona <strong data-start=\"1488\" data-end=\"1499\">igiene<\/strong> alimentare. I tuoi prodotti sono isolati dal supporto di presentazione e beneficiano di un aspetto pulito e professionale. \u00c8 una scelta ideale per valorizzare il tuo savoir-faire, senza sforzi aggiuntivi.  <\/p>\n<p data-start=\"1704\" data-end=\"1930\">In sintesi, il <strong>disco<\/strong><strong data-start=\"1718\" data-end=\"1756\"> bianco smerlato \u00f825 cm da 250<\/strong> non \u00e8 solo un accessorio, \u00e8 un vantaggio per tutti coloro che vogliono unire praticit\u00e0, igiene ed eleganza nel loro lavoro come nei loro eventi privati.<\/p>\n<p data-start=\"1387\" data-end=\"1632\"><!--more--><\/p>\n<h4>Vantaggi:<\/h4>\n<ul>\n<li><strong data-start=\"1657\" data-end=\"1682\">Presentazione elegante<\/strong> grazie alla smerlatura raffinata.<\/li>\n<li><strong data-start=\"1715\" data-end=\"1733\">Supporto rigido<\/strong> per garantire una buona tenuta dei dessert.<\/li>\n<li><strong data-start=\"1780\" data-end=\"1799\">Formato pratico<\/strong> di 25 cm adatto a piccole pasticcerie e semifreddi.<\/li>\n<li><strong data-start=\"1857\" data-end=\"1871\">Igienico<\/strong>: evita il contatto diretto con le superfici.<\/li>\n<li><strong data-start=\"1920\" data-end=\"1950\">Confezionamento<\/strong> da 250 pezzi.<\/li>\n<\/ul>\n<p>&nbsp;<\/p>\n<p><!--more--><\/p>\n<h4>Altre informazioni:<\/h4>\n<ul>\n<li><strong>Confezionamento<\/strong>: Pacco da 250<\/li>\n<li><strong>Diametro<\/strong>: 25 cm<\/li>\n<li><strong>Colore<\/strong>: Bianco<\/li>\n<li><strong>Materiale<\/strong>: Cartone<\/li>\n<li><strong>Forma<\/strong>: Smerlato<\/li>\n<\/ul>\n<p>&nbsp;<\/p>\n<p><!--more--><\/p>\n<p>Trova qui tutte le misure disponibili per questi dischi bianchi smerlati: <span style=\"color: #d12727;\"><a style=\"color: #d12727;\" href=\"https:\/\/www.csj-emballages.com\/it\/produit\/disco-bianco-smerlato-o15-cm-da-250\/\">\u00d815 cm<\/a><\/span> \/ <span style=\"color: #d12727;\"><a style=\"color: #d12727;\" href=\"https:\/\/www.csj-emballages.com\/it\/produit\/sottotorta-bianco-festonato-o17-cm-da-250\/\">\u00d817 cm<\/a><\/span> \/ <span style=\"color: #d12727;\"><a style=\"color: #d12727;\" href=\"https:\/\/www.csj-emballages.com\/it\/produit\/disco-bianco-festonato-o19-cm-da-250\/\">\u00d819 cm<\/a><\/span> \/ <span style=\"color: #d12727;\"><a style=\"color: #d12727;\" href=\"https:\/\/www.csj-emballages.com\/it\/produit\/disco-bianco-smerlato-o21-cm-da-250\/\">\u00d821 cm<\/a><\/span> \/ <span style=\"color: #d12727;\"><a style=\"color: #d12727;\" href=\"https:\/\/www.csj-emballages.com\/produit\/250-ronds-blancs-festonnes-o23-cm\/\">\u00d823 cm<\/a><\/span> \/ <span style=\"color: #d12727;\"><a style=\"color: #d12727;\" href=\"https:\/\/www.csj-emballages.com\/produit\/250-ronds-blancs-festonnes-o26-cm\/\">\u00d826 cm<\/a><\/span> \/ <span style=\"color: #d12727;\"><a style=\"color: #d12727;\" href=\"https:\/\/www.csj-emballages.com\/produit\/250-ronds-blancs-festonnes-o29-cm\/\">\u00d829 cm<\/a><\/span> \/         <span style=\"color: #d12727;\"><a style=\"color: #d12727;\" href=\"https:\/\/www.csj-emballages.com\/produit\/250-ronds-blancs-festonnes-o31-cm\/\">\u00d832 cm<\/a><\/span><\/p>\n<p>&nbsp;<\/p>\n<p><!--more--><\/p>\n<p><a href=\"https:\/\/www.csj-emballages.com\/it\/categorie-produit\/supporti-per-torte-festonati\/\">Consulta il resto della nostra gamma di dischi bianchi smerlati<\/a><\/p>\n","protected":false},"excerpt":{"rendered":"<p>Disco bianco smerlato Descrizione del nostro disco bianco smerlato \u00f825 cm da 250<\/p>\n","protected":false},"featured_media":270381,"template":"","meta":{"_acf_changed":false},"product_brand":[],"product_cat":[10346,10344,10397,11239],"product_tag":[],"class_list":{"0":"post-270427","1":"product","2":"type-product","3":"status-publish","4":"has-post-thumbnail","6":"product_cat-imballaggi-alimentari","7":"product_cat-panetteria-pasticceria","8":"product_cat-supporti-basi-per-torte","9":"product_cat-supporti-per-torte-festonati","11":"first","12":"instock","13":"taxable","14":"shipping-taxable","15":"purchasable","16":"product-type-simple"},"acf":[],"yoast_head":"<!-- This site is optimized with the Yoast SEO Premium plugin v26.6 (Yoast SEO v26.6) - https:\/\/yoast.com\/wordpress\/plugins\/seo\/ -->\n<title>Disco Bianco Smerlato \u00f825 cm da 250<\/title>\n<meta name=\"description\" content=\"Valorizza le tue presentazioni con il Disco bianco smerlato \u00f825 cm da 250: elegante, pratico e resistente, ideale per catering e pasticceri.\" \/>\n<meta name=\"robots\" content=\"index, follow, max-snippet:-1, max-image-preview:large, max-video-preview:-1\" \/>\n<link rel=\"canonical\" href=\"https:\/\/www.csj-emballages.com\/it\/produit\/disco-bianco-smerlato-o25-cm-da-250\/\" \/>\n<meta property=\"og:locale\" content=\"it_IT\" \/>\n<meta property=\"og:type\" content=\"article\" \/>\n<meta property=\"og:title\" content=\"Disco bianco smerlato \u00f825 cm da 250\" \/>\n<meta property=\"og:description\" content=\"Valorizza le tue presentazioni con il Disco bianco smerlato \u00f825 cm da 250: elegante, pratico e resistente, ideale per catering e pasticceri.\" \/>\n<meta property=\"og:url\" content=\"https:\/\/www.csj-emballages.com\/it\/produit\/disco-bianco-smerlato-o25-cm-da-250\/\" \/>\n<meta property=\"og:site_name\" content=\"CSJ Emballages\" \/>\n<meta property=\"article:publisher\" content=\"https:\/\/www.facebook.com\/csjemballages\" \/>\n<meta property=\"article:modified_time\" content=\"2026-04-03T00:19:23+00:00\" \/>\n<meta property=\"og:image\" content=\"https:\/\/www.csj-emballages.com\/wp-content\/uploads\/2024\/03\/RF.webp\" \/>\n\t<meta property=\"og:image:width\" content=\"800\" \/>\n\t<meta property=\"og:image:height\" content=\"800\" \/>\n\t<meta property=\"og:image:type\" content=\"image\/webp\" \/>\n<meta name=\"twitter:card\" content=\"summary_large_image\" \/>\n<meta name=\"twitter:label1\" content=\"Dur\u00e9e de lecture estim\u00e9e\" \/>\n\t<meta name=\"twitter:data1\" content=\"2 minuti\" \/>\n<script type=\"application\/ld+json\" class=\"yoast-schema-graph\">{\"@context\":\"https:\/\/schema.org\",\"@graph\":[{\"@type\":\"WebPage\",\"@id\":\"https:\/\/www.csj-emballages.com\/it\/produit\/disco-bianco-smerlato-o25-cm-da-250\/\",\"url\":\"https:\/\/www.csj-emballages.com\/it\/produit\/disco-bianco-smerlato-o25-cm-da-250\/\",\"name\":\"Disco Bianco Smerlato \u00f825 cm da 250\",\"isPartOf\":{\"@id\":\"https:\/\/www.csj-emballages.com\/it\/#website\"},\"primaryImageOfPage\":{\"@id\":\"https:\/\/www.csj-emballages.com\/it\/produit\/disco-bianco-smerlato-o25-cm-da-250\/#primaryimage\"},\"image\":{\"@id\":\"https:\/\/www.csj-emballages.com\/it\/produit\/disco-bianco-smerlato-o25-cm-da-250\/#primaryimage\"},\"thumbnailUrl\":\"https:\/\/www.csj-emballages.com\/wp-content\/uploads\/2024\/03\/RF.webp\",\"datePublished\":\"2024-03-01T15:50:17+00:00\",\"dateModified\":\"2026-04-03T00:19:23+00:00\",\"description\":\"Valorizza le tue presentazioni con il Disco bianco smerlato \u00f825 cm da 250: elegante, pratico e resistente, ideale per catering e pasticceri.\",\"breadcrumb\":{\"@id\":\"https:\/\/www.csj-emballages.com\/it\/produit\/disco-bianco-smerlato-o25-cm-da-250\/#breadcrumb\"},\"inLanguage\":\"it-IT\",\"potentialAction\":[{\"@type\":\"ReadAction\",\"target\":[\"https:\/\/www.csj-emballages.com\/it\/produit\/disco-bianco-smerlato-o25-cm-da-250\/\"]}]},{\"@type\":\"ImageObject\",\"inLanguage\":\"it-IT\",\"@id\":\"https:\/\/www.csj-emballages.com\/it\/produit\/disco-bianco-smerlato-o25-cm-da-250\/#primaryimage\",\"url\":\"https:\/\/www.csj-emballages.com\/wp-content\/uploads\/2024\/03\/RF.webp\",\"contentUrl\":\"https:\/\/www.csj-emballages.com\/wp-content\/uploads\/2024\/03\/RF.webp\",\"width\":800,\"height\":800,\"caption\":\"Rond blanc festonn\u00e9\"},{\"@type\":\"BreadcrumbList\",\"@id\":\"https:\/\/www.csj-emballages.com\/it\/produit\/disco-bianco-smerlato-o25-cm-da-250\/#breadcrumb\",\"itemListElement\":[{\"@type\":\"ListItem\",\"position\":1,\"name\":\"Home\",\"item\":\"https:\/\/www.csj-emballages.com\/it\/universo-imballaggi-alimentari\/\"},{\"@type\":\"ListItem\",\"position\":2,\"name\":\"Negozio\",\"item\":\"https:\/\/www.csj-emballages.com\/it\/negozio\/\"},{\"@type\":\"ListItem\",\"position\":3,\"name\":\"Disco bianco smerlato \u00f825 cm da 250\"}]},{\"@type\":\"WebSite\",\"@id\":\"https:\/\/www.csj-emballages.com\/it\/#website\",\"url\":\"https:\/\/www.csj-emballages.com\/it\/\",\"name\":\"CSJ Emballages\",\"description\":\"\",\"publisher\":{\"@id\":\"https:\/\/www.csj-emballages.com\/it\/#organization\"},\"potentialAction\":[{\"@type\":\"SearchAction\",\"target\":{\"@type\":\"EntryPoint\",\"urlTemplate\":\"https:\/\/www.csj-emballages.com\/it\/?s={search_term_string}\"},\"query-input\":{\"@type\":\"PropertyValueSpecification\",\"valueRequired\":true,\"valueName\":\"search_term_string\"}}],\"inLanguage\":\"it-IT\"},{\"@type\":\"Organization\",\"@id\":\"https:\/\/www.csj-emballages.com\/it\/#Organization\/\",\"name\":\"CSJ Emballages\",\"url\":\"https:\/\/www.csj-emballages.com\/it\/\",\"logo\":{\"@type\":\"ImageObject\",\"inLanguage\":\"it-IT\",\"@id\":\"https:\/\/www.csj-emballages.com\/it\/#\/schema\/logo\/image\/\",\"url\":\"https:\/\/www.csj-emballages.com\/wp-content\/uploads\/2023\/10\/logo_csj.webp\",\"contentUrl\":\"https:\/\/www.csj-emballages.com\/wp-content\/uploads\/2023\/10\/logo_csj.webp\",\"width\":250,\"height\":95,\"caption\":\"CSJ Emballages\"},\"image\":{\"@id\":\"https:\/\/www.csj-emballages.com\/it\/#\/schema\/logo\/image\/\"},\"sameAs\":[\"https:\/\/www.facebook.com\/csjemballages\"],\"address\":{\"@type\":\"PostalAddress\",\"streetAddress\":\"ZI La Lechere\",\"addressLocality\":\"Patornay\",\"postalCode\":\"39130\",\"addressCountry\":\"FR\"},\"contactPoint\":[{\"@type\":\"ContactPoint\",\"contactType\":\"Service client\",\"telephone\":\"0384254272\",\"email\":\"contact@csj-emballages.com\"}]}]}<\/script>\n<!-- \/ Yoast SEO Premium plugin. -->","yoast_head_json":{"title":"Disco Bianco Smerlato \u00f825 cm da 250","description":"Valorizza le tue presentazioni con il Disco bianco smerlato \u00f825 cm da 250: elegante, pratico e resistente, ideale per catering e pasticceri.","robots":{"index":"index","follow":"follow","max-snippet":"max-snippet:-1","max-image-preview":"max-image-preview:large","max-video-preview":"max-video-preview:-1"},"canonical":"https:\/\/www.csj-emballages.com\/it\/produit\/disco-bianco-smerlato-o25-cm-da-250\/","og_locale":"it_IT","og_type":"article","og_title":"Disco bianco smerlato \u00f825 cm da 250","og_description":"Valorizza le tue presentazioni con il Disco bianco smerlato \u00f825 cm da 250: elegante, pratico e resistente, ideale per catering e pasticceri.","og_url":"https:\/\/www.csj-emballages.com\/it\/produit\/disco-bianco-smerlato-o25-cm-da-250\/","og_site_name":"CSJ Emballages","article_publisher":"https:\/\/www.facebook.com\/csjemballages","article_modified_time":"2026-04-03T00:19:23+00:00","og_image":[{"width":800,"height":800,"url":"https:\/\/www.csj-emballages.com\/wp-content\/uploads\/2024\/03\/RF.webp","type":"image\/webp"}],"twitter_card":"summary_large_image","twitter_misc":{"Dur\u00e9e de lecture estim\u00e9e":"2 minuti"},"schema":{"@context":"https:\/\/schema.org","@graph":[{"@type":"WebPage","@id":"https:\/\/www.csj-emballages.com\/it\/produit\/disco-bianco-smerlato-o25-cm-da-250\/","url":"https:\/\/www.csj-emballages.com\/it\/produit\/disco-bianco-smerlato-o25-cm-da-250\/","name":"Disco Bianco Smerlato \u00f825 cm da 250","isPartOf":{"@id":"https:\/\/www.csj-emballages.com\/it\/#website"},"primaryImageOfPage":{"@id":"https:\/\/www.csj-emballages.com\/it\/produit\/disco-bianco-smerlato-o25-cm-da-250\/#primaryimage"},"image":{"@id":"https:\/\/www.csj-emballages.com\/it\/produit\/disco-bianco-smerlato-o25-cm-da-250\/#primaryimage"},"thumbnailUrl":"https:\/\/www.csj-emballages.com\/wp-content\/uploads\/2024\/03\/RF.webp","datePublished":"2024-03-01T15:50:17+00:00","dateModified":"2026-04-03T00:19:23+00:00","description":"Valorizza le tue presentazioni con il Disco bianco smerlato \u00f825 cm da 250: elegante, pratico e resistente, ideale per catering e pasticceri.","breadcrumb":{"@id":"https:\/\/www.csj-emballages.com\/it\/produit\/disco-bianco-smerlato-o25-cm-da-250\/#breadcrumb"},"inLanguage":"it-IT","potentialAction":[{"@type":"ReadAction","target":["https:\/\/www.csj-emballages.com\/it\/produit\/disco-bianco-smerlato-o25-cm-da-250\/"]}]},{"@type":"ImageObject","inLanguage":"it-IT","@id":"https:\/\/www.csj-emballages.com\/it\/produit\/disco-bianco-smerlato-o25-cm-da-250\/#primaryimage","url":"https:\/\/www.csj-emballages.com\/wp-content\/uploads\/2024\/03\/RF.webp","contentUrl":"https:\/\/www.csj-emballages.com\/wp-content\/uploads\/2024\/03\/RF.webp","width":800,"height":800,"caption":"Rond blanc festonn\u00e9"},{"@type":"BreadcrumbList","@id":"https:\/\/www.csj-emballages.com\/it\/produit\/disco-bianco-smerlato-o25-cm-da-250\/#breadcrumb","itemListElement":[{"@type":"ListItem","position":1,"name":"Home","item":"https:\/\/www.csj-emballages.com\/it\/universo-imballaggi-alimentari\/"},{"@type":"ListItem","position":2,"name":"Negozio","item":"https:\/\/www.csj-emballages.com\/it\/negozio\/"},{"@type":"ListItem","position":3,"name":"Disco bianco smerlato \u00f825 cm da 250"}]},{"@type":"WebSite","@id":"https:\/\/www.csj-emballages.com\/it\/#website","url":"https:\/\/www.csj-emballages.com\/it\/","name":"CSJ Emballages","description":"","publisher":{"@id":"https:\/\/www.csj-emballages.com\/it\/#organization"},"potentialAction":[{"@type":"SearchAction","target":{"@type":"EntryPoint","urlTemplate":"https:\/\/www.csj-emballages.com\/it\/?s={search_term_string}"},"query-input":{"@type":"PropertyValueSpecification","valueRequired":true,"valueName":"search_term_string"}}],"inLanguage":"it-IT"},{"@type":"Organization","@id":"https:\/\/www.csj-emballages.com\/it\/#Organization\/","name":"CSJ Emballages","url":"https:\/\/www.csj-emballages.com\/it\/","logo":{"@type":"ImageObject","inLanguage":"it-IT","@id":"https:\/\/www.csj-emballages.com\/it\/#\/schema\/logo\/image\/","url":"https:\/\/www.csj-emballages.com\/wp-content\/uploads\/2023\/10\/logo_csj.webp","contentUrl":"https:\/\/www.csj-emballages.com\/wp-content\/uploads\/2023\/10\/logo_csj.webp","width":250,"height":95,"caption":"CSJ Emballages"},"image":{"@id":"https:\/\/www.csj-emballages.com\/it\/#\/schema\/logo\/image\/"},"sameAs":["https:\/\/www.facebook.com\/csjemballages"],"address":{"@type":"PostalAddress","streetAddress":"ZI La Lechere","addressLocality":"Patornay","postalCode":"39130","addressCountry":"FR"},"contactPoint":[{"@type":"ContactPoint","contactType":"Service client","telephone":"0384254272","email":"contact@csj-emballages.com"}]}]}},"df_price":19.06,"df_sale_price":"","df_regular_price":19.06,"df_image_link":"https:\/\/www.csj-emballages.com\/wp-content\/uploads\/2024\/03\/RF-300x300.webp","tiered_pricing_type":"fixed","tiered_pricing_fixed_rules":[],"tiered_pricing_percentage_rules":[],"tiered_pricing_minimum":1,"tiered_pricing_roles_data":[],"_links":{"self":[{"href":"https:\/\/www.csj-emballages.com\/it\/wp-json\/wp\/v2\/product\/270427","targetHints":{"allow":["GET"]}}],"collection":[{"href":"https:\/\/www.csj-emballages.com\/it\/wp-json\/wp\/v2\/product"}],"about":[{"href":"https:\/\/www.csj-emballages.com\/it\/wp-json\/wp\/v2\/types\/product"}],"wp:featuredmedia":[{"embeddable":true,"href":"https:\/\/www.csj-emballages.com\/it\/wp-json\/wp\/v2\/media\/270381"}],"wp:attachment":[{"href":"https:\/\/www.csj-emballages.com\/it\/wp-json\/wp\/v2\/media?parent=270427"}],"wp:term":[{"taxonomy":"product_brand","embeddable":true,"href":"https:\/\/www.csj-emballages.com\/it\/wp-json\/wp\/v2\/product_brand?post=270427"},{"taxonomy":"product_cat","embeddable":true,"href":"https:\/\/www.csj-emballages.com\/it\/wp-json\/wp\/v2\/product_cat?post=270427"},{"taxonomy":"product_tag","embeddable":true,"href":"https:\/\/www.csj-emballages.com\/it\/wp-json\/wp\/v2\/product_tag?post=270427"}],"curies":[{"name":"wp","href":"https:\/\/api.w.org\/{rel}","templated":true}]}}