{"id":270388,"date":"2024-05-22T11:17:41","date_gmt":"2024-05-22T09:17:41","guid":{"rendered":"https:\/\/www.csj-emballages.com\/produit\/gherigli-di-noce-invalide-chiare-1-kg\/"},"modified":"2026-04-04T02:10:49","modified_gmt":"2026-04-04T00:10:49","slug":"gherigli-di-noce-invalide-chiare-1-kg","status":"publish","type":"product","link":"https:\/\/www.csj-emballages.com\/it\/produit\/gherigli-di-noce-invalide-chiare-1-kg\/","title":{"rendered":"Gherigli di noce invalide chiare 1 kg"},"content":{"rendered":"<h2>Gherigli di noce<\/h2>\n<hr>\n<h3>Descrizione dei nostri gherigli di noce invalide chiare 1 kg<!--more--><\/h3>\n<p class=\"\" data-start=\"138\" data-end=\"725\">Questi <strong>gherigli di noce invalide chiare<\/strong> sono perfetti sia per i professionisti della ristorazione che per gli appassionati di pasticceria o cucina casalinga. Frutto di un&#8217;attenta selezione, sono definiti &#8220;<strong>invalide chiare<\/strong>&#8221; perch\u00e9 non sono interi, ma in <strong>pezzi<\/strong> \u2013 il che non toglie nulla al loro gusto ricco e autentico, anzi! Il colore <strong>chiaro<\/strong> testimonia la loro freschezza e qualit\u00e0, e il formato <strong>spezzato<\/strong> li rende ideali per preparazioni culinarie: torte di noci, insalate, pane, granola, piatti pronti o anche da sgranocchiare.  <\/p>\n<p class=\"\" data-start=\"727\" data-end=\"1106\">Confezionati in <strong>sacchetti da 1 kg<\/strong>, sono pronti all&#8217;uso e pratici da conservare. Questo formato economico \u00e8 particolarmente adatto a panettieri, gastronomie, ristoratori o privati che cucinano in grandi quantit\u00e0. \u00c8 un&#8217;alternativa intelligente ai <strong>gherigli<\/strong> interi, soprattutto quando l&#8217;aspetto estetico non \u00e8 la priorit\u00e0 ma la qualit\u00e0 resta essenziale.  <\/p>\n<p class=\"\" data-start=\"1108\" data-end=\"1501\">Ricchi di acidi grassi insaturi, i <strong>gherigli di noce<\/strong> contribuiscono a un&#8217;alimentazione equilibrata. Donano croccantezza e golosit\u00e0 a tutte le tue creazioni. Il loro gusto tipico si sposa bene sia con piatti salati che dolci. Questo formato &#8220;<strong>invalide<\/strong>&#8221; permette inoltre di limitare gli sprechi riducendo i costi. Un&#8217;opzione intelligente per unire risparmio, gusto e nutrizione.    <\/p>\n<p class=\"\" data-start=\"1503\" data-end=\"1520\">\n<p><!--more--><\/p>\n<div class=\"flex flex-grow flex-col max-w-full\">\n<div class=\"min-h-[20px] text-message flex flex-col items-start whitespace-pre-wrap break-words [.text-message+&amp;]:mt-5 juice:w-full juice:items-end overflow-x-auto gap-2\" dir=\"auto\" data-message-author-role=\"assistant\" data-message-id=\"579bfb50-fb6c-479d-a152-27ab4b509f37\">\n<div class=\"flex w-full flex-col gap-1 juice:empty:hidden juice:first:pt-[3px]\">\n<div class=\"markdown prose w-full break-words dark:prose-invert light\">\n<h4><strong>I loro vantaggi:<\/strong><\/h4>\n<ul>\n<li><strong>In pezzi, pronti all&#8217;uso<\/strong>: risparmio di tempo in cucina.<\/li>\n<li><strong>Formato economico da 1 kg<\/strong>: ideale per uso professionale o domestico.<\/li>\n<li>Perfetti per pasticceria, insalate, piatti caldi o freddi.<\/li>\n<\/ul>\n<\/div>\n<p>&nbsp;<\/p>\n<\/div>\n<\/div>\n<\/div>\n<p><!--more--><\/p>\n<div class=\"flex flex-grow flex-col max-w-full\">\n<div class=\"min-h-[20px] text-message flex flex-col items-start whitespace-pre-wrap break-words [.text-message+&amp;]:mt-5 juice:w-full juice:items-end overflow-x-auto gap-2\" dir=\"auto\" data-message-author-role=\"assistant\" data-message-id=\"579bfb50-fb6c-479d-a152-27ab4b509f37\">\n<div class=\"flex w-full flex-col gap-1 juice:empty:hidden juice:first:pt-[3px]\">\n<div class=\"markdown prose w-full break-words dark:prose-invert light\">\n<h4>Altre informazioni:<\/h4>\n<ul>\n<li><strong>Confezione<\/strong>: Pacco da 1 kg<\/li>\n<li><strong>Invalide:<\/strong> Parte di un gheriglio spezzato che pu\u00f2 essere di diverse dimensioni<\/li>\n<li><strong>Chiare:<\/strong> Gherigli di noce dal colore uniformemente chiaro o paglierino<\/li>\n<\/ul>\n<\/div>\n<\/div>\n<div class=\"flex w-full flex-col gap-1 juice:empty:hidden juice:first:pt-[3px]\">\n<div class=\"markdown prose w-full break-words dark:prose-invert light\">\n<p>&nbsp;<\/p>\n<\/div>\n<\/div>\n<\/div>\n<\/div>\n<p><!--more--><\/p>\n<p>Trovi qui i nostri gherigli di noce invalide arlecchino: <span style=\"color: #d12727\"><a style=\"color: #d12727\" href=\"https:\/\/www.csj-emballages.com\/it\/produit\/gherigli-di-noci-spezzati-arlecchino-1kg\/\">560001<\/a><\/span><\/p>\n<p>&nbsp;<\/p>\n<p><!--more--><\/p>\n<p><a href=\"\/?product_cat=fruits-secs\">Consulta il resto della nostra gamma di frutta secca<\/a><\/p>\n","protected":false},"excerpt":{"rendered":"<p>Gherigli di noce Descrizione dei nostri gherigli di noce invalide chiare 1 kg<\/p>\n","protected":false},"featured_media":270393,"template":"","meta":{"_acf_changed":false},"product_brand":[],"product_cat":[10445,11244],"product_tag":[],"class_list":{"0":"post-270388","1":"product","2":"type-product","3":"status-publish","4":"has-post-thumbnail","6":"product_cat-alimentari","7":"product_cat-frutta-secca","9":"first","10":"instock","11":"taxable","12":"shipping-taxable","13":"purchasable","14":"product-type-simple"},"acf":[],"yoast_head":"<!-- This site is optimized with the Yoast SEO Premium plugin v26.6 (Yoast SEO v26.6) - https:\/\/yoast.com\/wordpress\/plugins\/seo\/ -->\n<title>Gherigli di Noce Invalide Chiare 1 kg<\/title>\n<meta name=\"description\" content=\"Scopri i nostri gherigli di noce invalide chiare, ricchi di omega-3 e antiossidanti. Perfetti per i tuoi piatti dolci o salati.\" \/>\n<meta name=\"robots\" content=\"index, follow, max-snippet:-1, max-image-preview:large, max-video-preview:-1\" \/>\n<link rel=\"canonical\" href=\"https:\/\/www.csj-emballages.com\/it\/produit\/gherigli-di-noce-invalide-chiare-1-kg\/\" \/>\n<meta property=\"og:locale\" content=\"it_IT\" \/>\n<meta property=\"og:type\" content=\"article\" \/>\n<meta property=\"og:title\" content=\"Gherigli di noce invalide chiare 1 kg\" \/>\n<meta property=\"og:description\" content=\"Scopri i nostri gherigli di noce invalide chiare, ricchi di omega-3 e antiossidanti. Perfetti per i tuoi piatti dolci o salati.\" \/>\n<meta property=\"og:url\" content=\"https:\/\/www.csj-emballages.com\/it\/produit\/gherigli-di-noce-invalide-chiare-1-kg\/\" \/>\n<meta property=\"og:site_name\" content=\"CSJ Emballages\" \/>\n<meta property=\"article:publisher\" content=\"https:\/\/www.facebook.com\/csjemballages\" \/>\n<meta property=\"article:modified_time\" content=\"2026-04-04T00:10:49+00:00\" \/>\n<meta property=\"og:image\" content=\"https:\/\/www.csj-emballages.com\/wp-content\/uploads\/2024\/05\/cerneaux-de-noix-invalides-clairs.webp\" \/>\n\t<meta property=\"og:image:width\" content=\"800\" \/>\n\t<meta property=\"og:image:height\" content=\"800\" \/>\n\t<meta property=\"og:image:type\" content=\"image\/webp\" \/>\n<meta name=\"twitter:card\" content=\"summary_large_image\" \/>\n<meta name=\"twitter:label1\" content=\"Dur\u00e9e de lecture estim\u00e9e\" \/>\n\t<meta name=\"twitter:data1\" content=\"1 minuto\" \/>\n<script type=\"application\/ld+json\" class=\"yoast-schema-graph\">{\"@context\":\"https:\/\/schema.org\",\"@graph\":[{\"@type\":\"WebPage\",\"@id\":\"https:\/\/www.csj-emballages.com\/it\/produit\/gherigli-di-noce-invalide-chiare-1-kg\/\",\"url\":\"https:\/\/www.csj-emballages.com\/it\/produit\/gherigli-di-noce-invalide-chiare-1-kg\/\",\"name\":\"Gherigli di Noce Invalide Chiare 1 kg\",\"isPartOf\":{\"@id\":\"https:\/\/www.csj-emballages.com\/it\/#website\"},\"primaryImageOfPage\":{\"@id\":\"https:\/\/www.csj-emballages.com\/it\/produit\/gherigli-di-noce-invalide-chiare-1-kg\/#primaryimage\"},\"image\":{\"@id\":\"https:\/\/www.csj-emballages.com\/it\/produit\/gherigli-di-noce-invalide-chiare-1-kg\/#primaryimage\"},\"thumbnailUrl\":\"https:\/\/www.csj-emballages.com\/wp-content\/uploads\/2024\/05\/cerneaux-de-noix-invalides-clairs.webp\",\"datePublished\":\"2024-05-22T09:17:41+00:00\",\"dateModified\":\"2026-04-04T00:10:49+00:00\",\"description\":\"Scopri i nostri gherigli di noce invalide chiare, ricchi di omega-3 e antiossidanti. Perfetti per i tuoi piatti dolci o salati.\",\"breadcrumb\":{\"@id\":\"https:\/\/www.csj-emballages.com\/it\/produit\/gherigli-di-noce-invalide-chiare-1-kg\/#breadcrumb\"},\"inLanguage\":\"it-IT\",\"potentialAction\":[{\"@type\":\"ReadAction\",\"target\":[\"https:\/\/www.csj-emballages.com\/it\/produit\/gherigli-di-noce-invalide-chiare-1-kg\/\"]}]},{\"@type\":\"ImageObject\",\"inLanguage\":\"it-IT\",\"@id\":\"https:\/\/www.csj-emballages.com\/it\/produit\/gherigli-di-noce-invalide-chiare-1-kg\/#primaryimage\",\"url\":\"https:\/\/www.csj-emballages.com\/wp-content\/uploads\/2024\/05\/cerneaux-de-noix-invalides-clairs.webp\",\"contentUrl\":\"https:\/\/www.csj-emballages.com\/wp-content\/uploads\/2024\/05\/cerneaux-de-noix-invalides-clairs.webp\",\"width\":800,\"height\":800,\"caption\":\"Cerneaux de noix\"},{\"@type\":\"BreadcrumbList\",\"@id\":\"https:\/\/www.csj-emballages.com\/it\/produit\/gherigli-di-noce-invalide-chiare-1-kg\/#breadcrumb\",\"itemListElement\":[{\"@type\":\"ListItem\",\"position\":1,\"name\":\"Home\",\"item\":\"https:\/\/www.csj-emballages.com\/it\/universo-imballaggi-alimentari\/\"},{\"@type\":\"ListItem\",\"position\":2,\"name\":\"Negozio\",\"item\":\"https:\/\/www.csj-emballages.com\/it\/negozio\/\"},{\"@type\":\"ListItem\",\"position\":3,\"name\":\"Gherigli di noce invalide chiare 1 kg\"}]},{\"@type\":\"WebSite\",\"@id\":\"https:\/\/www.csj-emballages.com\/it\/#website\",\"url\":\"https:\/\/www.csj-emballages.com\/it\/\",\"name\":\"CSJ Emballages\",\"description\":\"\",\"publisher\":{\"@id\":\"https:\/\/www.csj-emballages.com\/it\/#organization\"},\"potentialAction\":[{\"@type\":\"SearchAction\",\"target\":{\"@type\":\"EntryPoint\",\"urlTemplate\":\"https:\/\/www.csj-emballages.com\/it\/?s={search_term_string}\"},\"query-input\":{\"@type\":\"PropertyValueSpecification\",\"valueRequired\":true,\"valueName\":\"search_term_string\"}}],\"inLanguage\":\"it-IT\"},{\"@type\":\"Organization\",\"@id\":\"https:\/\/www.csj-emballages.com\/it\/#Organization\/\",\"name\":\"CSJ Emballages\",\"url\":\"https:\/\/www.csj-emballages.com\/it\/\",\"logo\":{\"@type\":\"ImageObject\",\"inLanguage\":\"it-IT\",\"@id\":\"https:\/\/www.csj-emballages.com\/it\/#\/schema\/logo\/image\/\",\"url\":\"https:\/\/www.csj-emballages.com\/wp-content\/uploads\/2023\/10\/logo_csj.webp\",\"contentUrl\":\"https:\/\/www.csj-emballages.com\/wp-content\/uploads\/2023\/10\/logo_csj.webp\",\"width\":250,\"height\":95,\"caption\":\"CSJ Emballages\"},\"image\":{\"@id\":\"https:\/\/www.csj-emballages.com\/it\/#\/schema\/logo\/image\/\"},\"sameAs\":[\"https:\/\/www.facebook.com\/csjemballages\"],\"address\":{\"@type\":\"PostalAddress\",\"streetAddress\":\"ZI La Lechere\",\"addressLocality\":\"Patornay\",\"postalCode\":\"39130\",\"addressCountry\":\"FR\"},\"contactPoint\":[{\"@type\":\"ContactPoint\",\"contactType\":\"Service client\",\"telephone\":\"0384254272\",\"email\":\"contact@csj-emballages.com\"}]}]}<\/script>\n<!-- \/ Yoast SEO Premium plugin. -->","yoast_head_json":{"title":"Gherigli di Noce Invalide Chiare 1 kg","description":"Scopri i nostri gherigli di noce invalide chiare, ricchi di omega-3 e antiossidanti. Perfetti per i tuoi piatti dolci o salati.","robots":{"index":"index","follow":"follow","max-snippet":"max-snippet:-1","max-image-preview":"max-image-preview:large","max-video-preview":"max-video-preview:-1"},"canonical":"https:\/\/www.csj-emballages.com\/it\/produit\/gherigli-di-noce-invalide-chiare-1-kg\/","og_locale":"it_IT","og_type":"article","og_title":"Gherigli di noce invalide chiare 1 kg","og_description":"Scopri i nostri gherigli di noce invalide chiare, ricchi di omega-3 e antiossidanti. Perfetti per i tuoi piatti dolci o salati.","og_url":"https:\/\/www.csj-emballages.com\/it\/produit\/gherigli-di-noce-invalide-chiare-1-kg\/","og_site_name":"CSJ Emballages","article_publisher":"https:\/\/www.facebook.com\/csjemballages","article_modified_time":"2026-04-04T00:10:49+00:00","og_image":[{"width":800,"height":800,"url":"https:\/\/www.csj-emballages.com\/wp-content\/uploads\/2024\/05\/cerneaux-de-noix-invalides-clairs.webp","type":"image\/webp"}],"twitter_card":"summary_large_image","twitter_misc":{"Dur\u00e9e de lecture estim\u00e9e":"1 minuto"},"schema":{"@context":"https:\/\/schema.org","@graph":[{"@type":"WebPage","@id":"https:\/\/www.csj-emballages.com\/it\/produit\/gherigli-di-noce-invalide-chiare-1-kg\/","url":"https:\/\/www.csj-emballages.com\/it\/produit\/gherigli-di-noce-invalide-chiare-1-kg\/","name":"Gherigli di Noce Invalide Chiare 1 kg","isPartOf":{"@id":"https:\/\/www.csj-emballages.com\/it\/#website"},"primaryImageOfPage":{"@id":"https:\/\/www.csj-emballages.com\/it\/produit\/gherigli-di-noce-invalide-chiare-1-kg\/#primaryimage"},"image":{"@id":"https:\/\/www.csj-emballages.com\/it\/produit\/gherigli-di-noce-invalide-chiare-1-kg\/#primaryimage"},"thumbnailUrl":"https:\/\/www.csj-emballages.com\/wp-content\/uploads\/2024\/05\/cerneaux-de-noix-invalides-clairs.webp","datePublished":"2024-05-22T09:17:41+00:00","dateModified":"2026-04-04T00:10:49+00:00","description":"Scopri i nostri gherigli di noce invalide chiare, ricchi di omega-3 e antiossidanti. Perfetti per i tuoi piatti dolci o salati.","breadcrumb":{"@id":"https:\/\/www.csj-emballages.com\/it\/produit\/gherigli-di-noce-invalide-chiare-1-kg\/#breadcrumb"},"inLanguage":"it-IT","potentialAction":[{"@type":"ReadAction","target":["https:\/\/www.csj-emballages.com\/it\/produit\/gherigli-di-noce-invalide-chiare-1-kg\/"]}]},{"@type":"ImageObject","inLanguage":"it-IT","@id":"https:\/\/www.csj-emballages.com\/it\/produit\/gherigli-di-noce-invalide-chiare-1-kg\/#primaryimage","url":"https:\/\/www.csj-emballages.com\/wp-content\/uploads\/2024\/05\/cerneaux-de-noix-invalides-clairs.webp","contentUrl":"https:\/\/www.csj-emballages.com\/wp-content\/uploads\/2024\/05\/cerneaux-de-noix-invalides-clairs.webp","width":800,"height":800,"caption":"Cerneaux de noix"},{"@type":"BreadcrumbList","@id":"https:\/\/www.csj-emballages.com\/it\/produit\/gherigli-di-noce-invalide-chiare-1-kg\/#breadcrumb","itemListElement":[{"@type":"ListItem","position":1,"name":"Home","item":"https:\/\/www.csj-emballages.com\/it\/universo-imballaggi-alimentari\/"},{"@type":"ListItem","position":2,"name":"Negozio","item":"https:\/\/www.csj-emballages.com\/it\/negozio\/"},{"@type":"ListItem","position":3,"name":"Gherigli di noce invalide chiare 1 kg"}]},{"@type":"WebSite","@id":"https:\/\/www.csj-emballages.com\/it\/#website","url":"https:\/\/www.csj-emballages.com\/it\/","name":"CSJ Emballages","description":"","publisher":{"@id":"https:\/\/www.csj-emballages.com\/it\/#organization"},"potentialAction":[{"@type":"SearchAction","target":{"@type":"EntryPoint","urlTemplate":"https:\/\/www.csj-emballages.com\/it\/?s={search_term_string}"},"query-input":{"@type":"PropertyValueSpecification","valueRequired":true,"valueName":"search_term_string"}}],"inLanguage":"it-IT"},{"@type":"Organization","@id":"https:\/\/www.csj-emballages.com\/it\/#Organization\/","name":"CSJ Emballages","url":"https:\/\/www.csj-emballages.com\/it\/","logo":{"@type":"ImageObject","inLanguage":"it-IT","@id":"https:\/\/www.csj-emballages.com\/it\/#\/schema\/logo\/image\/","url":"https:\/\/www.csj-emballages.com\/wp-content\/uploads\/2023\/10\/logo_csj.webp","contentUrl":"https:\/\/www.csj-emballages.com\/wp-content\/uploads\/2023\/10\/logo_csj.webp","width":250,"height":95,"caption":"CSJ Emballages"},"image":{"@id":"https:\/\/www.csj-emballages.com\/it\/#\/schema\/logo\/image\/"},"sameAs":["https:\/\/www.facebook.com\/csjemballages"],"address":{"@type":"PostalAddress","streetAddress":"ZI La Lechere","addressLocality":"Patornay","postalCode":"39130","addressCountry":"FR"},"contactPoint":[{"@type":"ContactPoint","contactType":"Service client","telephone":"0384254272","email":"contact@csj-emballages.com"}]}]}},"df_price":11.63,"df_sale_price":"","df_regular_price":11.63,"df_image_link":"https:\/\/www.csj-emballages.com\/wp-content\/uploads\/2024\/05\/cerneaux-de-noix-invalides-clairs-300x300.webp","tiered_pricing_type":"fixed","tiered_pricing_fixed_rules":[],"tiered_pricing_percentage_rules":[],"tiered_pricing_minimum":1,"tiered_pricing_roles_data":[],"_links":{"self":[{"href":"https:\/\/www.csj-emballages.com\/it\/wp-json\/wp\/v2\/product\/270388","targetHints":{"allow":["GET"]}}],"collection":[{"href":"https:\/\/www.csj-emballages.com\/it\/wp-json\/wp\/v2\/product"}],"about":[{"href":"https:\/\/www.csj-emballages.com\/it\/wp-json\/wp\/v2\/types\/product"}],"wp:featuredmedia":[{"embeddable":true,"href":"https:\/\/www.csj-emballages.com\/it\/wp-json\/wp\/v2\/media\/270393"}],"wp:attachment":[{"href":"https:\/\/www.csj-emballages.com\/it\/wp-json\/wp\/v2\/media?parent=270388"}],"wp:term":[{"taxonomy":"product_brand","embeddable":true,"href":"https:\/\/www.csj-emballages.com\/it\/wp-json\/wp\/v2\/product_brand?post=270388"},{"taxonomy":"product_cat","embeddable":true,"href":"https:\/\/www.csj-emballages.com\/it\/wp-json\/wp\/v2\/product_cat?post=270388"},{"taxonomy":"product_tag","embeddable":true,"href":"https:\/\/www.csj-emballages.com\/it\/wp-json\/wp\/v2\/product_tag?post=270388"}],"curies":[{"name":"wp","href":"https:\/\/api.w.org\/{rel}","templated":true}]}}