{"id":270355,"date":"2024-03-01T16:50:22","date_gmt":"2024-03-01T15:50:22","guid":{"rendered":"https:\/\/www.csj-emballages.com\/produit\/foglio-separatore-per-bistecche-ovale-11-x-8-cm-da-2000\/"},"modified":"2026-04-16T02:15:15","modified_gmt":"2026-04-16T00:15:15","slug":"foglio-separatore-per-bistecche-ovale-11-x-8-cm-da-2000","status":"publish","type":"product","link":"https:\/\/www.csj-emballages.com\/it\/produit\/foglio-separatore-per-bistecche-ovale-11-x-8-cm-da-2000\/","title":{"rendered":"Foglio separatore per bistecche ovale 11 x 8 cm da 2000"},"content":{"rendered":"<h2>Foglio separatore<\/h2>\n<hr>\n<h3>Descrizione del nostro foglio separatore per bistecche ovale 11 x 8 cm da 470<\/h3>\n<p><!--more--><\/p>\n<p data-start=\"210\" data-end=\"622\">Il <strong data-start=\"213\" data-end=\"260\">foglio separatore per bistecche ovale 11 x 8 cm<\/strong> \u00e8 un indispensabile per tutti i professionisti della macelleria, della salumeria, ma anche per ristoratori o anche per i privati pi\u00f9 esigenti. Progettato per soddisfare le esigenze quotidiane, ti permette di <strong data-start=\"479\" data-end=\"561\">separare facilmente le tue bistecche macinate, carni affettate o preparazioni fatte in casa<\/strong>, garantendo igiene, praticit\u00e0 e risparmio di tempo. <\/p>\n<p data-start=\"624\" data-end=\"953\">Grazie alla sua forma <strong data-start=\"641\" data-end=\"692\">ovale perfettamente adattata al formato di una bistecca<\/strong>, questo <strong>foglio<\/strong> si posiziona tra due pezzi di carne. Evita che si attacchino tra loro durante la conservazione o il congelamento, semplificando notevolmente la manipolazione e mantenendo un aspetto impeccabile al momento del servizio o della cottura. <\/p>\n<p data-start=\"955\" data-end=\"1312\">La sua composizione robusta e di qualit\u00e0 alimentare assicura una barriera protettiva tra ogni pezzo. Che sia per un utilizzo in laboratorio, in cucina professionale o a casa, questo <strong>lotto di 470 fogli<\/strong> ti offre una <strong data-start=\"1252\" data-end=\"1287\">soluzione economica ed efficace<\/strong> per le tue preparazioni. <\/p>\n<p data-start=\"1314\" data-end=\"1695\">Oltre alla sua praticit\u00e0, questo <strong>foglio separatore<\/strong> \u00e8 un vero vantaggio per ottimizzare la tua organizzazione: porzionare, congelare, conservare e preparare diventa molto pi\u00f9 semplice e veloce. I professionisti apprezzeranno la regolarit\u00e0 che apporta al loro lavoro. <\/p>\n<p data-start=\"1610\" data-end=\"1830\"><!--more--><\/p>\n<h4>Vantaggi:<\/h4>\n<ul>\n<li><strong>Pratico<\/strong>: evita che le bistecche si attacchino tra loro.<\/li>\n<li><strong>Igienico<\/strong>: protegge ogni porzione di carne.<\/li>\n<li><strong>Economico<\/strong>: confezione da 470 fogli.<\/li>\n<li><strong>Versatile<\/strong>: ideale per macellai, gastronomie, ristoratori o privati.<\/li>\n<li><strong>Risparmio di tempo<\/strong>: facilita la conservazione, il congelamento e la manipolazione.<\/li>\n<\/ul>\n<p>&nbsp;<\/p>\n<p><!--more--><\/p>\n<h4>Altre informazioni:<\/h4>\n<ul>\n<li><strong>Confezionamento<\/strong>: Pacchetto da 470<\/li>\n<li><strong>Dimensioni<\/strong>: 11 x 8 cm<\/li>\n<li><strong>Grammatura<\/strong>: 0,22 gr<\/li>\n<li><strong>Colore<\/strong>: Bianco<\/li>\n<\/ul>\n<p>&nbsp;<\/p>\n<p><!--more--><\/p>\n<p><a href=\"https:\/\/www.csj-emballages.com\/it\/categorie-produit\/imballaggi-alimentari\/macelleria-gastronomia-ortofrutta\/fogli-separatori\/\">Consulta il resto della nostra gamma di fogli separatori per bistecche<\/a><\/p>\n","protected":false},"excerpt":{"rendered":"<p>Foglio separatore Descrizione del nostro foglio separatore per bistecche ovale 11 x 8 cm da 470<\/p>\n","protected":false},"featured_media":270357,"template":"","meta":{"_acf_changed":false},"product_brand":[],"product_cat":[10381,11232],"product_tag":[],"class_list":{"0":"post-270355","1":"product","2":"type-product","3":"status-publish","4":"has-post-thumbnail","6":"product_cat-macelleria-gastronomia-ortofrutta","7":"product_cat-fogli-separatori","9":"first","10":"instock","11":"taxable","12":"shipping-taxable","13":"purchasable","14":"product-type-simple"},"acf":[],"yoast_head":"<!-- This site is optimized with the Yoast SEO Premium plugin v26.6 (Yoast SEO v26.6) - https:\/\/yoast.com\/wordpress\/plugins\/seo\/ -->\n<title>Foglio di Separazione Steak Ovale 11 x 8 cm da 470<\/title>\n<meta name=\"description\" content=\"Foglio separatore per bistecche ovale 11 x 8 cm \u2013 confezione da 470. Pratico e igienico, ideale per conservare, congelare e manipolare le tue carni.\" \/>\n<meta name=\"robots\" content=\"index, follow, max-snippet:-1, max-image-preview:large, max-video-preview:-1\" \/>\n<link rel=\"canonical\" href=\"https:\/\/www.csj-emballages.com\/it\/produit\/foglio-separatore-per-bistecche-ovale-11-x-8-cm-da-2000\/\" \/>\n<meta property=\"og:locale\" content=\"it_IT\" \/>\n<meta property=\"og:type\" content=\"article\" \/>\n<meta property=\"og:title\" content=\"Foglio separatore per bistecche ovale 11 x 8 cm da 2000\" \/>\n<meta property=\"og:description\" content=\"Foglio separatore per bistecche ovale 11 x 8 cm \u2013 confezione da 470. Pratico e igienico, ideale per conservare, congelare e manipolare le tue carni.\" \/>\n<meta property=\"og:url\" content=\"https:\/\/www.csj-emballages.com\/it\/produit\/foglio-separatore-per-bistecche-ovale-11-x-8-cm-da-2000\/\" \/>\n<meta property=\"og:site_name\" content=\"CSJ Emballages\" \/>\n<meta property=\"article:publisher\" content=\"https:\/\/www.facebook.com\/csjemballages\" \/>\n<meta property=\"article:modified_time\" content=\"2026-04-16T00:15:15+00:00\" \/>\n<meta property=\"og:image\" content=\"https:\/\/www.csj-emballages.com\/wp-content\/uploads\/2024\/03\/PS118.webp\" \/>\n\t<meta property=\"og:image:width\" content=\"800\" \/>\n\t<meta property=\"og:image:height\" content=\"800\" \/>\n\t<meta property=\"og:image:type\" content=\"image\/webp\" \/>\n<meta name=\"twitter:card\" content=\"summary_large_image\" \/>\n<meta name=\"twitter:label1\" content=\"Dur\u00e9e de lecture estim\u00e9e\" \/>\n\t<meta name=\"twitter:data1\" content=\"1 minuto\" \/>\n<script type=\"application\/ld+json\" class=\"yoast-schema-graph\">{\"@context\":\"https:\/\/schema.org\",\"@graph\":[{\"@type\":\"WebPage\",\"@id\":\"https:\/\/www.csj-emballages.com\/it\/produit\/foglio-separatore-per-bistecche-ovale-11-x-8-cm-da-2000\/\",\"url\":\"https:\/\/www.csj-emballages.com\/it\/produit\/foglio-separatore-per-bistecche-ovale-11-x-8-cm-da-2000\/\",\"name\":\"Foglio di Separazione Steak Ovale 11 x 8 cm da 470\",\"isPartOf\":{\"@id\":\"https:\/\/www.csj-emballages.com\/it\/#website\"},\"primaryImageOfPage\":{\"@id\":\"https:\/\/www.csj-emballages.com\/it\/produit\/foglio-separatore-per-bistecche-ovale-11-x-8-cm-da-2000\/#primaryimage\"},\"image\":{\"@id\":\"https:\/\/www.csj-emballages.com\/it\/produit\/foglio-separatore-per-bistecche-ovale-11-x-8-cm-da-2000\/#primaryimage\"},\"thumbnailUrl\":\"https:\/\/www.csj-emballages.com\/wp-content\/uploads\/2024\/03\/PS118.webp\",\"datePublished\":\"2024-03-01T15:50:22+00:00\",\"dateModified\":\"2026-04-16T00:15:15+00:00\",\"description\":\"Foglio separatore per bistecche ovale 11 x 8 cm \u2013 confezione da 470. Pratico e igienico, ideale per conservare, congelare e manipolare le tue carni.\",\"breadcrumb\":{\"@id\":\"https:\/\/www.csj-emballages.com\/it\/produit\/foglio-separatore-per-bistecche-ovale-11-x-8-cm-da-2000\/#breadcrumb\"},\"inLanguage\":\"it-IT\",\"potentialAction\":[{\"@type\":\"ReadAction\",\"target\":[\"https:\/\/www.csj-emballages.com\/it\/produit\/foglio-separatore-per-bistecche-ovale-11-x-8-cm-da-2000\/\"]}]},{\"@type\":\"ImageObject\",\"inLanguage\":\"it-IT\",\"@id\":\"https:\/\/www.csj-emballages.com\/it\/produit\/foglio-separatore-per-bistecche-ovale-11-x-8-cm-da-2000\/#primaryimage\",\"url\":\"https:\/\/www.csj-emballages.com\/wp-content\/uploads\/2024\/03\/PS118.webp\",\"contentUrl\":\"https:\/\/www.csj-emballages.com\/wp-content\/uploads\/2024\/03\/PS118.webp\",\"width\":800,\"height\":800,\"caption\":\"Feuille de s\u00e9paration\"},{\"@type\":\"BreadcrumbList\",\"@id\":\"https:\/\/www.csj-emballages.com\/it\/produit\/foglio-separatore-per-bistecche-ovale-11-x-8-cm-da-2000\/#breadcrumb\",\"itemListElement\":[{\"@type\":\"ListItem\",\"position\":1,\"name\":\"Home\",\"item\":\"https:\/\/www.csj-emballages.com\/it\/universo-imballaggi-alimentari\/\"},{\"@type\":\"ListItem\",\"position\":2,\"name\":\"Negozio\",\"item\":\"https:\/\/www.csj-emballages.com\/it\/negozio\/\"},{\"@type\":\"ListItem\",\"position\":3,\"name\":\"Foglio separatore per bistecche ovale 11 x 8 cm da 2000\"}]},{\"@type\":\"WebSite\",\"@id\":\"https:\/\/www.csj-emballages.com\/it\/#website\",\"url\":\"https:\/\/www.csj-emballages.com\/it\/\",\"name\":\"CSJ Emballages\",\"description\":\"\",\"publisher\":{\"@id\":\"https:\/\/www.csj-emballages.com\/it\/#organization\"},\"potentialAction\":[{\"@type\":\"SearchAction\",\"target\":{\"@type\":\"EntryPoint\",\"urlTemplate\":\"https:\/\/www.csj-emballages.com\/it\/?s={search_term_string}\"},\"query-input\":{\"@type\":\"PropertyValueSpecification\",\"valueRequired\":true,\"valueName\":\"search_term_string\"}}],\"inLanguage\":\"it-IT\"},{\"@type\":\"Organization\",\"@id\":\"https:\/\/www.csj-emballages.com\/it\/#Organization\/\",\"name\":\"CSJ Emballages\",\"url\":\"https:\/\/www.csj-emballages.com\/it\/\",\"logo\":{\"@type\":\"ImageObject\",\"inLanguage\":\"it-IT\",\"@id\":\"https:\/\/www.csj-emballages.com\/it\/#\/schema\/logo\/image\/\",\"url\":\"https:\/\/www.csj-emballages.com\/wp-content\/uploads\/2023\/10\/logo_csj.webp\",\"contentUrl\":\"https:\/\/www.csj-emballages.com\/wp-content\/uploads\/2023\/10\/logo_csj.webp\",\"width\":250,\"height\":95,\"caption\":\"CSJ Emballages\"},\"image\":{\"@id\":\"https:\/\/www.csj-emballages.com\/it\/#\/schema\/logo\/image\/\"},\"sameAs\":[\"https:\/\/www.facebook.com\/csjemballages\"],\"address\":{\"@type\":\"PostalAddress\",\"streetAddress\":\"ZI La Lechere\",\"addressLocality\":\"Patornay\",\"postalCode\":\"39130\",\"addressCountry\":\"FR\"},\"contactPoint\":[{\"@type\":\"ContactPoint\",\"contactType\":\"Service client\",\"telephone\":\"0384254272\",\"email\":\"contact@csj-emballages.com\"}]}]}<\/script>\n<!-- \/ Yoast SEO Premium plugin. -->","yoast_head_json":{"title":"Foglio di Separazione Steak Ovale 11 x 8 cm da 470","description":"Foglio separatore per bistecche ovale 11 x 8 cm \u2013 confezione da 470. Pratico e igienico, ideale per conservare, congelare e manipolare le tue carni.","robots":{"index":"index","follow":"follow","max-snippet":"max-snippet:-1","max-image-preview":"max-image-preview:large","max-video-preview":"max-video-preview:-1"},"canonical":"https:\/\/www.csj-emballages.com\/it\/produit\/foglio-separatore-per-bistecche-ovale-11-x-8-cm-da-2000\/","og_locale":"it_IT","og_type":"article","og_title":"Foglio separatore per bistecche ovale 11 x 8 cm da 2000","og_description":"Foglio separatore per bistecche ovale 11 x 8 cm \u2013 confezione da 470. Pratico e igienico, ideale per conservare, congelare e manipolare le tue carni.","og_url":"https:\/\/www.csj-emballages.com\/it\/produit\/foglio-separatore-per-bistecche-ovale-11-x-8-cm-da-2000\/","og_site_name":"CSJ Emballages","article_publisher":"https:\/\/www.facebook.com\/csjemballages","article_modified_time":"2026-04-16T00:15:15+00:00","og_image":[{"width":800,"height":800,"url":"https:\/\/www.csj-emballages.com\/wp-content\/uploads\/2024\/03\/PS118.webp","type":"image\/webp"}],"twitter_card":"summary_large_image","twitter_misc":{"Dur\u00e9e de lecture estim\u00e9e":"1 minuto"},"schema":{"@context":"https:\/\/schema.org","@graph":[{"@type":"WebPage","@id":"https:\/\/www.csj-emballages.com\/it\/produit\/foglio-separatore-per-bistecche-ovale-11-x-8-cm-da-2000\/","url":"https:\/\/www.csj-emballages.com\/it\/produit\/foglio-separatore-per-bistecche-ovale-11-x-8-cm-da-2000\/","name":"Foglio di Separazione Steak Ovale 11 x 8 cm da 470","isPartOf":{"@id":"https:\/\/www.csj-emballages.com\/it\/#website"},"primaryImageOfPage":{"@id":"https:\/\/www.csj-emballages.com\/it\/produit\/foglio-separatore-per-bistecche-ovale-11-x-8-cm-da-2000\/#primaryimage"},"image":{"@id":"https:\/\/www.csj-emballages.com\/it\/produit\/foglio-separatore-per-bistecche-ovale-11-x-8-cm-da-2000\/#primaryimage"},"thumbnailUrl":"https:\/\/www.csj-emballages.com\/wp-content\/uploads\/2024\/03\/PS118.webp","datePublished":"2024-03-01T15:50:22+00:00","dateModified":"2026-04-16T00:15:15+00:00","description":"Foglio separatore per bistecche ovale 11 x 8 cm \u2013 confezione da 470. Pratico e igienico, ideale per conservare, congelare e manipolare le tue carni.","breadcrumb":{"@id":"https:\/\/www.csj-emballages.com\/it\/produit\/foglio-separatore-per-bistecche-ovale-11-x-8-cm-da-2000\/#breadcrumb"},"inLanguage":"it-IT","potentialAction":[{"@type":"ReadAction","target":["https:\/\/www.csj-emballages.com\/it\/produit\/foglio-separatore-per-bistecche-ovale-11-x-8-cm-da-2000\/"]}]},{"@type":"ImageObject","inLanguage":"it-IT","@id":"https:\/\/www.csj-emballages.com\/it\/produit\/foglio-separatore-per-bistecche-ovale-11-x-8-cm-da-2000\/#primaryimage","url":"https:\/\/www.csj-emballages.com\/wp-content\/uploads\/2024\/03\/PS118.webp","contentUrl":"https:\/\/www.csj-emballages.com\/wp-content\/uploads\/2024\/03\/PS118.webp","width":800,"height":800,"caption":"Feuille de s\u00e9paration"},{"@type":"BreadcrumbList","@id":"https:\/\/www.csj-emballages.com\/it\/produit\/foglio-separatore-per-bistecche-ovale-11-x-8-cm-da-2000\/#breadcrumb","itemListElement":[{"@type":"ListItem","position":1,"name":"Home","item":"https:\/\/www.csj-emballages.com\/it\/universo-imballaggi-alimentari\/"},{"@type":"ListItem","position":2,"name":"Negozio","item":"https:\/\/www.csj-emballages.com\/it\/negozio\/"},{"@type":"ListItem","position":3,"name":"Foglio separatore per bistecche ovale 11 x 8 cm da 2000"}]},{"@type":"WebSite","@id":"https:\/\/www.csj-emballages.com\/it\/#website","url":"https:\/\/www.csj-emballages.com\/it\/","name":"CSJ Emballages","description":"","publisher":{"@id":"https:\/\/www.csj-emballages.com\/it\/#organization"},"potentialAction":[{"@type":"SearchAction","target":{"@type":"EntryPoint","urlTemplate":"https:\/\/www.csj-emballages.com\/it\/?s={search_term_string}"},"query-input":{"@type":"PropertyValueSpecification","valueRequired":true,"valueName":"search_term_string"}}],"inLanguage":"it-IT"},{"@type":"Organization","@id":"https:\/\/www.csj-emballages.com\/it\/#Organization\/","name":"CSJ Emballages","url":"https:\/\/www.csj-emballages.com\/it\/","logo":{"@type":"ImageObject","inLanguage":"it-IT","@id":"https:\/\/www.csj-emballages.com\/it\/#\/schema\/logo\/image\/","url":"https:\/\/www.csj-emballages.com\/wp-content\/uploads\/2023\/10\/logo_csj.webp","contentUrl":"https:\/\/www.csj-emballages.com\/wp-content\/uploads\/2023\/10\/logo_csj.webp","width":250,"height":95,"caption":"CSJ Emballages"},"image":{"@id":"https:\/\/www.csj-emballages.com\/it\/#\/schema\/logo\/image\/"},"sameAs":["https:\/\/www.facebook.com\/csjemballages"],"address":{"@type":"PostalAddress","streetAddress":"ZI La Lechere","addressLocality":"Patornay","postalCode":"39130","addressCountry":"FR"},"contactPoint":[{"@type":"ContactPoint","contactType":"Service client","telephone":"0384254272","email":"contact@csj-emballages.com"}]}]}},"df_price":20.68,"df_sale_price":"","df_regular_price":20.68,"df_image_link":"https:\/\/www.csj-emballages.com\/wp-content\/uploads\/2024\/03\/PS118-300x300.webp","tiered_pricing_type":"fixed","tiered_pricing_fixed_rules":[],"tiered_pricing_percentage_rules":[],"tiered_pricing_minimum":1,"tiered_pricing_roles_data":[],"_links":{"self":[{"href":"https:\/\/www.csj-emballages.com\/it\/wp-json\/wp\/v2\/product\/270355","targetHints":{"allow":["GET"]}}],"collection":[{"href":"https:\/\/www.csj-emballages.com\/it\/wp-json\/wp\/v2\/product"}],"about":[{"href":"https:\/\/www.csj-emballages.com\/it\/wp-json\/wp\/v2\/types\/product"}],"wp:featuredmedia":[{"embeddable":true,"href":"https:\/\/www.csj-emballages.com\/it\/wp-json\/wp\/v2\/media\/270357"}],"wp:attachment":[{"href":"https:\/\/www.csj-emballages.com\/it\/wp-json\/wp\/v2\/media?parent=270355"}],"wp:term":[{"taxonomy":"product_brand","embeddable":true,"href":"https:\/\/www.csj-emballages.com\/it\/wp-json\/wp\/v2\/product_brand?post=270355"},{"taxonomy":"product_cat","embeddable":true,"href":"https:\/\/www.csj-emballages.com\/it\/wp-json\/wp\/v2\/product_cat?post=270355"},{"taxonomy":"product_tag","embeddable":true,"href":"https:\/\/www.csj-emballages.com\/it\/wp-json\/wp\/v2\/product_tag?post=270355"}],"curies":[{"name":"wp","href":"https:\/\/api.w.org\/{rel}","templated":true}]}}