{"id":270334,"date":"2024-03-01T16:50:21","date_gmt":"2024-03-01T15:50:21","guid":{"rendered":"https:\/\/www.csj-emballages.com\/produit\/contenitore-per-zuppa-kraft-960-ml-da-25\/"},"modified":"2026-04-18T02:16:03","modified_gmt":"2026-04-18T00:16:03","slug":"contenitore-per-zuppa-kraft-960-ml-da-25","status":"publish","type":"product","link":"https:\/\/www.csj-emballages.com\/it\/produit\/contenitore-per-zuppa-kraft-960-ml-da-25\/","title":{"rendered":"Contenitore per zuppa kraft 960 ml da 25"},"content":{"rendered":"<div style=\"font-family: Roboto, sans-serif\">\n<div style=\"font-family: Roboto, sans-serif\">\n<div style=\"font-family: Roboto, sans-serif\">\n<h2>Contenitore per zuppa<\/h2>\n<hr>\n<h3>Descrizione del nostro contenitore per zuppa kraft 960 ml da 25<\/h3>\n<p><!--more--><\/p>\n<div class=\"flex-shrink-0 flex flex-col relative items-end\">\n<div class=\"pt-0.5 juice:pt-0\">\n<div class=\"gizmo-bot-avatar flex h-6 w-6 items-center justify-center overflow-hidden rounded-full juice:h-8 juice:w-8\">\n<div class=\"relative p-1 rounded-sm flex items-center justify-center bg-token-main-surface-primary text-token-text-primary h-8 w-8\">\n<p class=\"\" data-start=\"170\" data-end=\"492\">Questo <strong>contenitore per zuppa kraft da 960 ml<\/strong> con il suo <strong>coperchio abbinato (venduto separatamente: <\/strong><span style=\"color: #d12727\"><a style=\"color: #d12727\" href=\"https:\/\/www.csj-emballages.com\/it\/produit\/coperchio-in-cartone-per-contenitori-per-zuppa-psa780k-psa1000k-confezione-da-25\/\">COUVPSA7801000<\/a><\/span>) \u00e8 la soluzione ideale per servire piatti caldi in tutta sicurezza. Con la sua generosa capacit\u00e0, \u00e8 perfetto per <strong>porzioni abbondanti<\/strong>: <strong>zuppe<\/strong>, <strong>vellutate<\/strong>, &#8230; <\/p>\n<p class=\"\" data-start=\"494\" data-end=\"839\">Realizzato in <strong>cartone kraft<\/strong> di alta qualit\u00e0, \u00e8 resistente al calore, impermeabile e rigido. Supporta senza problemi preparazioni liquide o dense, mantenendo la temperatura. Grazie al suo <strong>coperchio perfettamente aderente<\/strong>, il trasporto \u00e8 pulito e sicuro \u2013 niente fuoriuscite, niente brutte sorprese all&#8217;arrivo.  <\/p>\n<p class=\"\" data-start=\"841\" data-end=\"1185\">Pensato per ristoratori, catering, food truck o organizzatori di eventi, questo <strong>contenitore in cartone<\/strong> \u00e8 perfetto anche per i privati che desiderano confezionare i propri piatti fatti in casa con cura. Il suo design in <strong>kraft naturale<\/strong> dona un tocco autentico e si inserisce in un approccio pi\u00f9 responsabile, lontano dai classici contenitori in plastica. <\/p>\n<p class=\"\" data-start=\"1187\" data-end=\"1371\">\u00c8 un indispensabile dello snacking di qualit\u00e0 o del pasto da asporto ben presentato. Pronto all&#8217;uso, permette di risparmiare tempo garantendo un&#8217;immagine professionale e curata. <\/p>\n<p class=\"\" data-start=\"1373\" data-end=\"1390\">\n<\/div>\n<\/div>\n<\/div>\n<\/div>\n<p><!--more--><\/p>\n<p><strong>I loro vantaggi:<\/strong><\/p>\n<ul>\n<li>Capacit\u00e0 generosa di 960 ml per pasti completi.<\/li>\n<li>Venduto con coperchi per un trasporto sicuro.<\/li>\n<li>Look kraft naturale, trendy ed ecologico.<\/li>\n<li>Questo contenitore per zuppa \u00e8 ideale per professionisti.<\/li>\n<\/ul>\n<p>&nbsp;<\/p>\n<p><!--more--><\/p>\n<h4>Altre informazioni:<\/h4>\n<ul>\n<li><strong>Confezione<\/strong> : Pacco da 25<\/li>\n<li><strong>Diametro superiore<\/strong>: \u00d811,5 cm<\/li>\n<li><strong>Diametro inferiore<\/strong>: \u00d89,2 cm<\/li>\n<li><strong>Altezza<\/strong>: 13 cm<\/li>\n<li><span style=\"font-weight: bold\">Volume<\/span>: 960 ml<\/li>\n<li><span style=\"font-weight: bold\">Materiale <\/span>: Cartone<\/li>\n<\/ul>\n<\/div>\n<\/div>\n<div style=\"font-family: Roboto, sans-serif\">\n<p>&nbsp;<\/p>\n<\/div>\n<\/div>\n<p><!--more--><\/p>\n<p>Trova qui il coperchio compatibile con questo contenitore per zuppa: <span style=\"color: #d12727\"><a style=\"color: #d12727\" href=\"https:\/\/www.csj-emballages.com\/it\/produit\/coperchio-in-cartone-per-contenitori-per-zuppa-psa780k-psa1000k-confezione-da-25\/\">COUVPSA7801000<\/a><\/span><\/p>\n<p>&nbsp;<\/p>\n<h5><!--more--><\/h5>\n<div style=\"font-family: Roboto, sans-serif\">\n<div style=\"font-family: Roboto, sans-serif\">\n<div style=\"font-family: Roboto, sans-serif\">\n<p>Questo contenitore \u00e8 disponibile anche in diverse dimensioni: <span style=\"color: #d12727\"><a style=\"color: #d12727\" href=\"https:\/\/www.csj-emballages.com\/produit\/pot-de-glace-kraft-237-ml-par-25\/\">237 ml<\/a><\/span> \/ <span style=\"color: #d12727\"><a style=\"color: #d12727\" href=\"https:\/\/www.csj-emballages.com\/it\/produit\/barattolo-per-zuppa-kraft-350-ml-da-25\/\">350 ml<\/a><\/span> \/ <span style=\"color: #d12727\"><a style=\"color: #d12727\" href=\"https:\/\/www.csj-emballages.com\/produit\/pot-a-soupe-avec-couvercle-kraft-450-ml-par-25\/\">450 ml<\/a><\/span> \/ <span style=\"color: #d12727\"><a style=\"color: #d12727\" href=\"https:\/\/www.csj-emballages.com\/it\/produit\/contenitore-per-zuppa-kraft-480-ml-x-25\/\">480 ml<\/a><\/span> \/ <span style=\"color: #d12727\"><a style=\"color: #d12727\" href=\"https:\/\/www.csj-emballages.com\/it\/produit\/contenitore-per-zuppa-in-kraft-780-ml-da-25\/\">780 ml<\/a><\/span><\/p>\n<p>&nbsp;<\/p>\n<p><!--more--><\/p>\n<p><a href=\"https:\/\/www.csj-emballages.com\/it\/categorie-produit\/imballaggi-alimentari\/ristorazione\/vasetti-ciotole-portabicchieri\/contenitori-in-cartone\/contenitori-per-zuppa\/\">Consulta il resto della nostra gamma di contenitori per zuppa<\/a><\/p>\n<\/div>\n<\/div>\n<\/div>\n","protected":false},"excerpt":{"rendered":"<p>Contenitore per zuppa Descrizione del nostro contenitore per zuppa kraft 960 ml da 25<\/p>\n","protected":false},"featured_media":270343,"template":"","meta":{"_acf_changed":false},"product_brand":[],"product_cat":[10346,10375,10860,10861],"product_tag":[],"class_list":{"0":"post-270334","1":"product","2":"type-product","3":"status-publish","4":"has-post-thumbnail","6":"product_cat-imballaggi-alimentari","7":"product_cat-ristorazione","8":"product_cat-contenitori-in-cartone","9":"product_cat-contenitori-per-zuppa","11":"first","12":"instock","13":"taxable","14":"shipping-taxable","15":"purchasable","16":"product-type-simple"},"acf":[],"yoast_head":"<!-- This site is optimized with the Yoast SEO Premium plugin v26.6 (Yoast SEO v26.6) - https:\/\/yoast.com\/wordpress\/plugins\/seo\/ -->\n<title>Contenitore per Zuppa Kraft 960 ml da 25<\/title>\n<meta name=\"description\" content=\"Contenitore per zuppa kraft 780 ml da 25: ideale per professionisti e privati. Resistente, pratico e perfetto per l&#039;asporto o la consegna a domicilio.\" \/>\n<meta name=\"robots\" content=\"index, follow, max-snippet:-1, max-image-preview:large, max-video-preview:-1\" \/>\n<link rel=\"canonical\" href=\"https:\/\/www.csj-emballages.com\/it\/produit\/contenitore-per-zuppa-kraft-960-ml-da-25\/\" \/>\n<meta property=\"og:locale\" content=\"it_IT\" \/>\n<meta property=\"og:type\" content=\"article\" \/>\n<meta property=\"og:title\" content=\"Contenitore per zuppa kraft 960 ml da 25\" \/>\n<meta property=\"og:description\" content=\"Contenitore per zuppa kraft 780 ml da 25: ideale per professionisti e privati. Resistente, pratico e perfetto per l&#039;asporto o la consegna a domicilio.\" \/>\n<meta property=\"og:url\" content=\"https:\/\/www.csj-emballages.com\/it\/produit\/contenitore-per-zuppa-kraft-960-ml-da-25\/\" \/>\n<meta property=\"og:site_name\" content=\"CSJ Emballages\" \/>\n<meta property=\"article:publisher\" content=\"https:\/\/www.facebook.com\/csjemballages\" \/>\n<meta property=\"article:modified_time\" content=\"2026-04-18T00:16:03+00:00\" \/>\n<meta property=\"og:image\" content=\"https:\/\/www.csj-emballages.com\/wp-content\/uploads\/2024\/03\/PSA1000K.webp\" \/>\n\t<meta property=\"og:image:width\" content=\"800\" \/>\n\t<meta property=\"og:image:height\" content=\"800\" \/>\n\t<meta property=\"og:image:type\" content=\"image\/webp\" \/>\n<meta name=\"twitter:card\" content=\"summary_large_image\" \/>\n<meta name=\"twitter:label1\" content=\"Dur\u00e9e de lecture estim\u00e9e\" \/>\n\t<meta name=\"twitter:data1\" content=\"1 minuto\" \/>\n<script type=\"application\/ld+json\" class=\"yoast-schema-graph\">{\"@context\":\"https:\/\/schema.org\",\"@graph\":[{\"@type\":\"WebPage\",\"@id\":\"https:\/\/www.csj-emballages.com\/it\/produit\/contenitore-per-zuppa-kraft-960-ml-da-25\/\",\"url\":\"https:\/\/www.csj-emballages.com\/it\/produit\/contenitore-per-zuppa-kraft-960-ml-da-25\/\",\"name\":\"Contenitore per Zuppa Kraft 960 ml da 25\",\"isPartOf\":{\"@id\":\"https:\/\/www.csj-emballages.com\/it\/#website\"},\"primaryImageOfPage\":{\"@id\":\"https:\/\/www.csj-emballages.com\/it\/produit\/contenitore-per-zuppa-kraft-960-ml-da-25\/#primaryimage\"},\"image\":{\"@id\":\"https:\/\/www.csj-emballages.com\/it\/produit\/contenitore-per-zuppa-kraft-960-ml-da-25\/#primaryimage\"},\"thumbnailUrl\":\"https:\/\/www.csj-emballages.com\/wp-content\/uploads\/2024\/03\/PSA1000K.webp\",\"datePublished\":\"2024-03-01T15:50:21+00:00\",\"dateModified\":\"2026-04-18T00:16:03+00:00\",\"description\":\"Contenitore per zuppa kraft 780 ml da 25: ideale per professionisti e privati. Resistente, pratico e perfetto per l'asporto o la consegna a domicilio.\",\"breadcrumb\":{\"@id\":\"https:\/\/www.csj-emballages.com\/it\/produit\/contenitore-per-zuppa-kraft-960-ml-da-25\/#breadcrumb\"},\"inLanguage\":\"it-IT\",\"potentialAction\":[{\"@type\":\"ReadAction\",\"target\":[\"https:\/\/www.csj-emballages.com\/it\/produit\/contenitore-per-zuppa-kraft-960-ml-da-25\/\"]}]},{\"@type\":\"ImageObject\",\"inLanguage\":\"it-IT\",\"@id\":\"https:\/\/www.csj-emballages.com\/it\/produit\/contenitore-per-zuppa-kraft-960-ml-da-25\/#primaryimage\",\"url\":\"https:\/\/www.csj-emballages.com\/wp-content\/uploads\/2024\/03\/PSA1000K.webp\",\"contentUrl\":\"https:\/\/www.csj-emballages.com\/wp-content\/uploads\/2024\/03\/PSA1000K.webp\",\"width\":800,\"height\":800,\"caption\":\"Pot \u00e0 soupe\"},{\"@type\":\"BreadcrumbList\",\"@id\":\"https:\/\/www.csj-emballages.com\/it\/produit\/contenitore-per-zuppa-kraft-960-ml-da-25\/#breadcrumb\",\"itemListElement\":[{\"@type\":\"ListItem\",\"position\":1,\"name\":\"Home\",\"item\":\"https:\/\/www.csj-emballages.com\/it\/universo-imballaggi-alimentari\/\"},{\"@type\":\"ListItem\",\"position\":2,\"name\":\"Negozio\",\"item\":\"https:\/\/www.csj-emballages.com\/it\/negozio\/\"},{\"@type\":\"ListItem\",\"position\":3,\"name\":\"Contenitore per zuppa kraft 960 ml da 25\"}]},{\"@type\":\"WebSite\",\"@id\":\"https:\/\/www.csj-emballages.com\/it\/#website\",\"url\":\"https:\/\/www.csj-emballages.com\/it\/\",\"name\":\"CSJ Emballages\",\"description\":\"\",\"publisher\":{\"@id\":\"https:\/\/www.csj-emballages.com\/it\/#organization\"},\"potentialAction\":[{\"@type\":\"SearchAction\",\"target\":{\"@type\":\"EntryPoint\",\"urlTemplate\":\"https:\/\/www.csj-emballages.com\/it\/?s={search_term_string}\"},\"query-input\":{\"@type\":\"PropertyValueSpecification\",\"valueRequired\":true,\"valueName\":\"search_term_string\"}}],\"inLanguage\":\"it-IT\"},{\"@type\":\"Organization\",\"@id\":\"https:\/\/www.csj-emballages.com\/it\/#Organization\/\",\"name\":\"CSJ Emballages\",\"url\":\"https:\/\/www.csj-emballages.com\/it\/\",\"logo\":{\"@type\":\"ImageObject\",\"inLanguage\":\"it-IT\",\"@id\":\"https:\/\/www.csj-emballages.com\/it\/#\/schema\/logo\/image\/\",\"url\":\"https:\/\/www.csj-emballages.com\/wp-content\/uploads\/2023\/10\/logo_csj.webp\",\"contentUrl\":\"https:\/\/www.csj-emballages.com\/wp-content\/uploads\/2023\/10\/logo_csj.webp\",\"width\":250,\"height\":95,\"caption\":\"CSJ Emballages\"},\"image\":{\"@id\":\"https:\/\/www.csj-emballages.com\/it\/#\/schema\/logo\/image\/\"},\"sameAs\":[\"https:\/\/www.facebook.com\/csjemballages\"],\"address\":{\"@type\":\"PostalAddress\",\"streetAddress\":\"ZI La Lechere\",\"addressLocality\":\"Patornay\",\"postalCode\":\"39130\",\"addressCountry\":\"FR\"},\"contactPoint\":[{\"@type\":\"ContactPoint\",\"contactType\":\"Service client\",\"telephone\":\"0384254272\",\"email\":\"contact@csj-emballages.com\"}]}]}<\/script>\n<!-- \/ Yoast SEO Premium plugin. -->","yoast_head_json":{"title":"Contenitore per Zuppa Kraft 960 ml da 25","description":"Contenitore per zuppa kraft 780 ml da 25: ideale per professionisti e privati. Resistente, pratico e perfetto per l'asporto o la consegna a domicilio.","robots":{"index":"index","follow":"follow","max-snippet":"max-snippet:-1","max-image-preview":"max-image-preview:large","max-video-preview":"max-video-preview:-1"},"canonical":"https:\/\/www.csj-emballages.com\/it\/produit\/contenitore-per-zuppa-kraft-960-ml-da-25\/","og_locale":"it_IT","og_type":"article","og_title":"Contenitore per zuppa kraft 960 ml da 25","og_description":"Contenitore per zuppa kraft 780 ml da 25: ideale per professionisti e privati. Resistente, pratico e perfetto per l'asporto o la consegna a domicilio.","og_url":"https:\/\/www.csj-emballages.com\/it\/produit\/contenitore-per-zuppa-kraft-960-ml-da-25\/","og_site_name":"CSJ Emballages","article_publisher":"https:\/\/www.facebook.com\/csjemballages","article_modified_time":"2026-04-18T00:16:03+00:00","og_image":[{"width":800,"height":800,"url":"https:\/\/www.csj-emballages.com\/wp-content\/uploads\/2024\/03\/PSA1000K.webp","type":"image\/webp"}],"twitter_card":"summary_large_image","twitter_misc":{"Dur\u00e9e de lecture estim\u00e9e":"1 minuto"},"schema":{"@context":"https:\/\/schema.org","@graph":[{"@type":"WebPage","@id":"https:\/\/www.csj-emballages.com\/it\/produit\/contenitore-per-zuppa-kraft-960-ml-da-25\/","url":"https:\/\/www.csj-emballages.com\/it\/produit\/contenitore-per-zuppa-kraft-960-ml-da-25\/","name":"Contenitore per Zuppa Kraft 960 ml da 25","isPartOf":{"@id":"https:\/\/www.csj-emballages.com\/it\/#website"},"primaryImageOfPage":{"@id":"https:\/\/www.csj-emballages.com\/it\/produit\/contenitore-per-zuppa-kraft-960-ml-da-25\/#primaryimage"},"image":{"@id":"https:\/\/www.csj-emballages.com\/it\/produit\/contenitore-per-zuppa-kraft-960-ml-da-25\/#primaryimage"},"thumbnailUrl":"https:\/\/www.csj-emballages.com\/wp-content\/uploads\/2024\/03\/PSA1000K.webp","datePublished":"2024-03-01T15:50:21+00:00","dateModified":"2026-04-18T00:16:03+00:00","description":"Contenitore per zuppa kraft 780 ml da 25: ideale per professionisti e privati. Resistente, pratico e perfetto per l'asporto o la consegna a domicilio.","breadcrumb":{"@id":"https:\/\/www.csj-emballages.com\/it\/produit\/contenitore-per-zuppa-kraft-960-ml-da-25\/#breadcrumb"},"inLanguage":"it-IT","potentialAction":[{"@type":"ReadAction","target":["https:\/\/www.csj-emballages.com\/it\/produit\/contenitore-per-zuppa-kraft-960-ml-da-25\/"]}]},{"@type":"ImageObject","inLanguage":"it-IT","@id":"https:\/\/www.csj-emballages.com\/it\/produit\/contenitore-per-zuppa-kraft-960-ml-da-25\/#primaryimage","url":"https:\/\/www.csj-emballages.com\/wp-content\/uploads\/2024\/03\/PSA1000K.webp","contentUrl":"https:\/\/www.csj-emballages.com\/wp-content\/uploads\/2024\/03\/PSA1000K.webp","width":800,"height":800,"caption":"Pot \u00e0 soupe"},{"@type":"BreadcrumbList","@id":"https:\/\/www.csj-emballages.com\/it\/produit\/contenitore-per-zuppa-kraft-960-ml-da-25\/#breadcrumb","itemListElement":[{"@type":"ListItem","position":1,"name":"Home","item":"https:\/\/www.csj-emballages.com\/it\/universo-imballaggi-alimentari\/"},{"@type":"ListItem","position":2,"name":"Negozio","item":"https:\/\/www.csj-emballages.com\/it\/negozio\/"},{"@type":"ListItem","position":3,"name":"Contenitore per zuppa kraft 960 ml da 25"}]},{"@type":"WebSite","@id":"https:\/\/www.csj-emballages.com\/it\/#website","url":"https:\/\/www.csj-emballages.com\/it\/","name":"CSJ Emballages","description":"","publisher":{"@id":"https:\/\/www.csj-emballages.com\/it\/#organization"},"potentialAction":[{"@type":"SearchAction","target":{"@type":"EntryPoint","urlTemplate":"https:\/\/www.csj-emballages.com\/it\/?s={search_term_string}"},"query-input":{"@type":"PropertyValueSpecification","valueRequired":true,"valueName":"search_term_string"}}],"inLanguage":"it-IT"},{"@type":"Organization","@id":"https:\/\/www.csj-emballages.com\/it\/#Organization\/","name":"CSJ Emballages","url":"https:\/\/www.csj-emballages.com\/it\/","logo":{"@type":"ImageObject","inLanguage":"it-IT","@id":"https:\/\/www.csj-emballages.com\/it\/#\/schema\/logo\/image\/","url":"https:\/\/www.csj-emballages.com\/wp-content\/uploads\/2023\/10\/logo_csj.webp","contentUrl":"https:\/\/www.csj-emballages.com\/wp-content\/uploads\/2023\/10\/logo_csj.webp","width":250,"height":95,"caption":"CSJ Emballages"},"image":{"@id":"https:\/\/www.csj-emballages.com\/it\/#\/schema\/logo\/image\/"},"sameAs":["https:\/\/www.facebook.com\/csjemballages"],"address":{"@type":"PostalAddress","streetAddress":"ZI La Lechere","addressLocality":"Patornay","postalCode":"39130","addressCountry":"FR"},"contactPoint":[{"@type":"ContactPoint","contactType":"Service client","telephone":"0384254272","email":"contact@csj-emballages.com"}]}]}},"df_price":4.78,"df_sale_price":"","df_regular_price":4.78,"df_image_link":"https:\/\/www.csj-emballages.com\/wp-content\/uploads\/2024\/03\/PSA1000K-300x300.webp","tiered_pricing_type":"fixed","tiered_pricing_fixed_rules":[],"tiered_pricing_percentage_rules":[],"tiered_pricing_minimum":1,"tiered_pricing_roles_data":[],"_links":{"self":[{"href":"https:\/\/www.csj-emballages.com\/it\/wp-json\/wp\/v2\/product\/270334","targetHints":{"allow":["GET"]}}],"collection":[{"href":"https:\/\/www.csj-emballages.com\/it\/wp-json\/wp\/v2\/product"}],"about":[{"href":"https:\/\/www.csj-emballages.com\/it\/wp-json\/wp\/v2\/types\/product"}],"wp:featuredmedia":[{"embeddable":true,"href":"https:\/\/www.csj-emballages.com\/it\/wp-json\/wp\/v2\/media\/270343"}],"wp:attachment":[{"href":"https:\/\/www.csj-emballages.com\/it\/wp-json\/wp\/v2\/media?parent=270334"}],"wp:term":[{"taxonomy":"product_brand","embeddable":true,"href":"https:\/\/www.csj-emballages.com\/it\/wp-json\/wp\/v2\/product_brand?post=270334"},{"taxonomy":"product_cat","embeddable":true,"href":"https:\/\/www.csj-emballages.com\/it\/wp-json\/wp\/v2\/product_cat?post=270334"},{"taxonomy":"product_tag","embeddable":true,"href":"https:\/\/www.csj-emballages.com\/it\/wp-json\/wp\/v2\/product_tag?post=270334"}],"curies":[{"name":"wp","href":"https:\/\/api.w.org\/{rel}","templated":true}]}}