{"id":270280,"date":"2024-03-01T16:50:14","date_gmt":"2024-03-01T15:50:14","guid":{"rendered":"https:\/\/www.csj-emballages.com\/produit\/sottotorta-rotondo-in-cartone-oro-18-cm\/"},"modified":"2026-04-04T02:14:40","modified_gmt":"2026-04-04T00:14:40","slug":"sottotorta-rotondo-in-cartone-oro-18-cm","status":"publish","type":"product","link":"https:\/\/www.csj-emballages.com\/it\/produit\/sottotorta-rotondo-in-cartone-oro-18-cm\/","title":{"rendered":"Supporto per torta rotondo oro in cartone 18 cm"},"content":{"rendered":"<h2>Supporto torta rotondo<\/h2>\n<hr>\n<h3>Scopri il nostro supporto per torta rotondo oro in cartone 18 cm<\/h3>\n<p><!--more--><\/p>\n<div class=\"flex flex-col text-sm pb-25\">\n<section class=\"text-token-text-primary w-full focus:outline-none [--shadow-height:45px] has-data-writing-block:pointer-events-none has-data-writing-block:-mt-(--shadow-height) has-data-writing-block:pt-(--shadow-height) [&amp;:has([data-writing-block])&gt;*]:pointer-events-auto scroll-mt-[calc(var(--header-height)+min(200px,max(70px,20svh)))]\" dir=\"auto\" data-turn-id=\"request-WEB:2f8f8990-5eb5-4184-86da-60fbedff0d66-15\" data-testid=\"conversation-turn-2\" data-scroll-anchor=\"true\" data-turn=\"assistant\">\n<div class=\"text-base my-auto mx-auto pb-10 [--thread-content-margin:var(--thread-content-margin-xs,calc(var(--spacing)*4))] @w-sm\/main:[--thread-content-margin:var(--thread-content-margin-sm,calc(var(--spacing)*6))] @w-lg\/main:[--thread-content-margin:var(--thread-content-margin-lg,calc(var(--spacing)*16))] px-(--thread-content-margin)\">\n<div class=\"[--thread-content-max-width:40rem] @w-lg\/main:[--thread-content-max-width:48rem] mx-auto max-w-(--thread-content-max-width) flex-1 group\/turn-messages focus-visible:outline-hidden relative flex w-full min-w-0 flex-col agent-turn\">\n<div class=\"flex max-w-full flex-col gap-4 grow\">\n<div class=\"min-h-8 text-message relative flex w-full flex-col items-end gap-2 text-start break-words whitespace-normal outline-none keyboard-focused:focus-ring [.text-message+&amp;]:mt-1\" dir=\"auto\" tabindex=\"0\" data-message-author-role=\"assistant\" data-message-id=\"0be06e28-6b3c-44b9-9ede-9ecdfb3a2c67\" data-message-model-slug=\"gpt-5-3\" data-turn-start-message=\"true\">\n<div class=\"flex w-full flex-col gap-1 empty:hidden\">\n<div class=\"markdown prose dark:prose-invert w-full wrap-break-word dark markdown-new-styling\">\n<div class=\"flex flex-col text-sm pb-25\">\n<section class=\"text-token-text-primary w-full focus:outline-none [--shadow-height:45px] has-data-writing-block:pointer-events-none has-data-writing-block:-mt-(--shadow-height) has-data-writing-block:pt-(--shadow-height) [&amp;:has([data-writing-block])&gt;*]:pointer-events-auto scroll-mt-[calc(var(--header-height)+min(200px,max(70px,20svh)))]\" dir=\"auto\" data-turn-id=\"request-WEB:2f8f8990-5eb5-4184-86da-60fbedff0d66-17\" data-testid=\"conversation-turn-6\" data-scroll-anchor=\"true\" data-turn=\"assistant\">\n<div class=\"text-base my-auto mx-auto pb-10 [--thread-content-margin:var(--thread-content-margin-xs,calc(var(--spacing)*4))] @w-sm\/main:[--thread-content-margin:var(--thread-content-margin-sm,calc(var(--spacing)*6))] @w-lg\/main:[--thread-content-margin:var(--thread-content-margin-lg,calc(var(--spacing)*16))] px-(--thread-content-margin)\">\n<div class=\"[--thread-content-max-width:40rem] @w-lg\/main:[--thread-content-max-width:48rem] mx-auto max-w-(--thread-content-max-width) flex-1 group\/turn-messages focus-visible:outline-hidden relative flex w-full min-w-0 flex-col agent-turn\">\n<div class=\"flex max-w-full flex-col gap-4 grow\">\n<div class=\"min-h-8 text-message relative flex w-full flex-col items-end gap-2 text-start break-words whitespace-normal outline-none keyboard-focused:focus-ring [.text-message+&amp;]:mt-1\" dir=\"auto\" tabindex=\"0\" data-message-author-role=\"assistant\" data-message-id=\"3473aab9-4046-4947-b538-99910e471d75\" data-message-model-slug=\"gpt-5-3\" data-turn-start-message=\"true\">\n<div class=\"flex w-full flex-col gap-1 empty:hidden\">\n<div class=\"markdown prose dark:prose-invert w-full wrap-break-word dark markdown-new-styling\">\n<p data-start=\"93\" data-end=\"429\">Dai un vero tocco di eleganza alle tue creazioni di pasticceria con questo <strong>supporto per torta rotondo in cartone dorato da 18 cm<\/strong>. Ideale per valorizzare torte, entremets, crostate o altri dessert fatti in casa, mette perfettamente in risalto le tue realizzazioni garantendo un\u2019ottima stabilit\u00e0, sia in vetrina sia durante il trasporto. <\/p>\n<p data-start=\"431\" data-end=\"721\">La sua finitura <strong>dorata<\/strong> brillante offre un aspetto chic e professionale che attira immediatamente l&#8217;attenzione. Valorizza i tuoi dolci conferendo loro un aspetto premium, perfetto per presentazioni curate, eventi (compleanni, matrimoni, ricevimenti) o anche per l&#8217;asporto. <\/p>\n<p data-start=\"723\" data-end=\"992\">Realizzato in <strong>cartone rigido<\/strong> di qualit\u00e0, questo supporto garantisce una buona resistenza al peso e all&#8217;umidit\u00e0 leggera, evitando cos\u00ec qualsiasi deformazione durante l&#8217;uso. Permette di maneggiare facilmente i tuoi dolci senza il rischio di danneggiarne la struttura o la decorazione. <\/p>\n<p data-start=\"994\" data-end=\"1191\">Grazie al suo formato <strong>standard da 18 cm<\/strong>, si adatta alla maggior parte delle torte e si integra perfettamente nella tua organizzazione, che tu sia un professionista della pasticceria o un appassionato a casa.<\/p>\n<p data-start=\"1193\" data-end=\"1365\" data-is-last-node=\"\" data-is-only-node=\"\">Pratico, estetico e affidabile, questo <strong>supporto<\/strong> \u00e8 un indispensabile per tutti i giorni.<\/p>\n<\/div>\n<\/div>\n<\/div>\n<\/div>\n<div class=\"z-0 flex min-h-[46px] justify-start\"><\/div>\n<div class=\"mt-3 w-full empty:hidden\">\n<div class=\"text-center\"><\/div>\n<\/div>\n<\/div>\n<\/div>\n<\/section>\n<\/div>\n<\/div>\n<\/div>\n<\/div>\n<\/div>\n<div class=\"mt-3 w-full empty:hidden\">\n<div class=\"text-center\"><\/div>\n<\/div>\n<\/div>\n<\/div>\n<\/section>\n<\/div>\n<p><!--more--><\/p>\n<h4 aria-hidden=\"true\" data-edge=\"true\">Vantaggi:<\/h4>\n<div aria-hidden=\"true\" data-edge=\"true\">\n<ul>\n<li data-section-id=\"xzmr70\" data-start=\"88\" data-end=\"163\">Finitura dorata per esaltare i tuoi dolci<\/li>\n<li data-section-id=\"1t4ntma\" data-start=\"164\" data-end=\"237\"><strong data-start=\"169\" data-end=\"186\">Cartone rigido<\/strong>: buona tenuta e resistenza al peso delle torte<\/li>\n<li data-section-id=\"cvqjir\" data-start=\"238\" data-end=\"324\"><strong>Formato pratico (18 cm)<\/strong>: ideale per entremets, crostate e torte standard<\/li>\n<li data-section-id=\"152t6vd\" data-start=\"325\" data-end=\"398\">Garantisce stabilit\u00e0 durante lo spostamento<\/li>\n<li data-section-id=\"152t6vd\" data-start=\"325\" data-end=\"398\"><strong data-start=\"404\" data-end=\"418\">Versatile<\/strong>: adatto sia ai professionisti che ai privati<\/li>\n<\/ul>\n<p>&nbsp;<\/p>\n<\/div>\n<p><!--more--><\/p>\n<h4>Altre informazioni:<\/h4>\n<ul>\n<li><strong>Confezione<\/strong>: Venduto singolarmente<\/li>\n<li><strong>Materiale<\/strong>: Cartone<\/li>\n<li><strong>Diametro<\/strong>: 180 mm di diametro<\/li>\n<\/ul>\n<p>&nbsp;<\/p>\n<p><!--more--><\/p>\n<p><a href=\"https:\/\/www.csj-emballages.com\/it\/categorie-produit\/imballaggi-alimentari\/panetteria-pasticceria\/supporti-basi-per-torte\/sottotorta-rotondi\/supporti-per-torte-oro-nero\/supporti-rotondi-per-torte-oro-allunita\/\">Consulta il resto della nostra gamma di supporti rotondi per torte oro venduti singolarmente<\/a><\/p>\n","protected":false},"excerpt":{"rendered":"<p>Supporto torta rotondo Scopri il nostro supporto per torta rotondo oro in cartone 18 cm<\/p>\n","protected":false},"featured_media":276124,"template":"","meta":{"_acf_changed":false},"product_brand":[],"product_cat":[10346,10344,10397,11164,11166],"product_tag":[],"class_list":{"0":"post-270280","1":"product","2":"type-product","3":"status-publish","4":"has-post-thumbnail","6":"product_cat-imballaggi-alimentari","7":"product_cat-panetteria-pasticceria","8":"product_cat-supporti-basi-per-torte","9":"product_cat-supporti-per-torte-oro-nero","10":"product_cat-supporti-rotondi-per-torte-oro-allunita","12":"first","13":"instock","14":"taxable","15":"shipping-taxable","16":"purchasable","17":"product-type-simple"},"acf":[],"yoast_head":"<!-- This site is optimized with the Yoast SEO Premium plugin v26.6 (Yoast SEO v26.6) - https:\/\/yoast.com\/wordpress\/plugins\/seo\/ -->\n<title>Supporto per torta rotondo oro in cartone 18 cm<\/title>\n<meta name=\"description\" content=\"Supporto per torta rotondo in cartone dorato 18 cm, ideale per presentare e trasportare i tuoi dolci con eleganza. Robusto, pratico ed estetico.\" \/>\n<meta name=\"robots\" content=\"index, follow, max-snippet:-1, max-image-preview:large, max-video-preview:-1\" \/>\n<link rel=\"canonical\" href=\"https:\/\/www.csj-emballages.com\/it\/produit\/sottotorta-rotondo-in-cartone-oro-18-cm\/\" \/>\n<meta property=\"og:locale\" content=\"it_IT\" \/>\n<meta property=\"og:type\" content=\"article\" \/>\n<meta property=\"og:title\" content=\"Supporto per torta rotondo oro in cartone 18 cm\" \/>\n<meta property=\"og:description\" content=\"Supporto per torta rotondo in cartone dorato 18 cm, ideale per presentare e trasportare i tuoi dolci con eleganza. Robusto, pratico ed estetico.\" \/>\n<meta property=\"og:url\" content=\"https:\/\/www.csj-emballages.com\/it\/produit\/sottotorta-rotondo-in-cartone-oro-18-cm\/\" \/>\n<meta property=\"og:site_name\" content=\"CSJ Emballages\" \/>\n<meta property=\"article:publisher\" content=\"https:\/\/www.facebook.com\/csjemballages\" \/>\n<meta property=\"article:modified_time\" content=\"2026-04-04T00:14:40+00:00\" \/>\n<meta property=\"og:image\" content=\"https:\/\/www.csj-emballages.com\/wp-content\/uploads\/2024\/03\/RONDOR.webp\" \/>\n\t<meta property=\"og:image:width\" content=\"800\" \/>\n\t<meta property=\"og:image:height\" content=\"800\" \/>\n\t<meta property=\"og:image:type\" content=\"image\/webp\" \/>\n<meta name=\"twitter:card\" content=\"summary_large_image\" \/>\n<meta name=\"twitter:label1\" content=\"Dur\u00e9e de lecture estim\u00e9e\" \/>\n\t<meta name=\"twitter:data1\" content=\"1 minuto\" \/>\n<script type=\"application\/ld+json\" class=\"yoast-schema-graph\">{\"@context\":\"https:\/\/schema.org\",\"@graph\":[{\"@type\":\"WebPage\",\"@id\":\"https:\/\/www.csj-emballages.com\/it\/produit\/sottotorta-rotondo-in-cartone-oro-18-cm\/\",\"url\":\"https:\/\/www.csj-emballages.com\/it\/produit\/sottotorta-rotondo-in-cartone-oro-18-cm\/\",\"name\":\"Supporto per torta rotondo oro in cartone 18 cm\",\"isPartOf\":{\"@id\":\"https:\/\/www.csj-emballages.com\/it\/#website\"},\"primaryImageOfPage\":{\"@id\":\"https:\/\/www.csj-emballages.com\/it\/produit\/sottotorta-rotondo-in-cartone-oro-18-cm\/#primaryimage\"},\"image\":{\"@id\":\"https:\/\/www.csj-emballages.com\/it\/produit\/sottotorta-rotondo-in-cartone-oro-18-cm\/#primaryimage\"},\"thumbnailUrl\":\"https:\/\/www.csj-emballages.com\/wp-content\/uploads\/2024\/03\/RONDOR.webp\",\"datePublished\":\"2024-03-01T15:50:14+00:00\",\"dateModified\":\"2026-04-04T00:14:40+00:00\",\"description\":\"Supporto per torta rotondo in cartone dorato 18 cm, ideale per presentare e trasportare i tuoi dolci con eleganza. Robusto, pratico ed estetico.\",\"breadcrumb\":{\"@id\":\"https:\/\/www.csj-emballages.com\/it\/produit\/sottotorta-rotondo-in-cartone-oro-18-cm\/#breadcrumb\"},\"inLanguage\":\"it-IT\",\"potentialAction\":[{\"@type\":\"ReadAction\",\"target\":[\"https:\/\/www.csj-emballages.com\/it\/produit\/sottotorta-rotondo-in-cartone-oro-18-cm\/\"]}]},{\"@type\":\"ImageObject\",\"inLanguage\":\"it-IT\",\"@id\":\"https:\/\/www.csj-emballages.com\/it\/produit\/sottotorta-rotondo-in-cartone-oro-18-cm\/#primaryimage\",\"url\":\"https:\/\/www.csj-emballages.com\/wp-content\/uploads\/2024\/03\/RONDOR.webp\",\"contentUrl\":\"https:\/\/www.csj-emballages.com\/wp-content\/uploads\/2024\/03\/RONDOR.webp\",\"width\":800,\"height\":800,\"caption\":\"Support g\u00e2teau rond\"},{\"@type\":\"BreadcrumbList\",\"@id\":\"https:\/\/www.csj-emballages.com\/it\/produit\/sottotorta-rotondo-in-cartone-oro-18-cm\/#breadcrumb\",\"itemListElement\":[{\"@type\":\"ListItem\",\"position\":1,\"name\":\"Home\",\"item\":\"https:\/\/www.csj-emballages.com\/it\/universo-imballaggi-alimentari\/\"},{\"@type\":\"ListItem\",\"position\":2,\"name\":\"Negozio\",\"item\":\"https:\/\/www.csj-emballages.com\/it\/negozio\/\"},{\"@type\":\"ListItem\",\"position\":3,\"name\":\"Supporto per torta rotondo oro in cartone 18 cm\"}]},{\"@type\":\"WebSite\",\"@id\":\"https:\/\/www.csj-emballages.com\/it\/#website\",\"url\":\"https:\/\/www.csj-emballages.com\/it\/\",\"name\":\"CSJ Emballages\",\"description\":\"\",\"publisher\":{\"@id\":\"https:\/\/www.csj-emballages.com\/it\/#organization\"},\"potentialAction\":[{\"@type\":\"SearchAction\",\"target\":{\"@type\":\"EntryPoint\",\"urlTemplate\":\"https:\/\/www.csj-emballages.com\/it\/?s={search_term_string}\"},\"query-input\":{\"@type\":\"PropertyValueSpecification\",\"valueRequired\":true,\"valueName\":\"search_term_string\"}}],\"inLanguage\":\"it-IT\"},{\"@type\":\"Organization\",\"@id\":\"https:\/\/www.csj-emballages.com\/it\/#Organization\/\",\"name\":\"CSJ Emballages\",\"url\":\"https:\/\/www.csj-emballages.com\/it\/\",\"logo\":{\"@type\":\"ImageObject\",\"inLanguage\":\"it-IT\",\"@id\":\"https:\/\/www.csj-emballages.com\/it\/#\/schema\/logo\/image\/\",\"url\":\"https:\/\/www.csj-emballages.com\/wp-content\/uploads\/2023\/10\/logo_csj.webp\",\"contentUrl\":\"https:\/\/www.csj-emballages.com\/wp-content\/uploads\/2023\/10\/logo_csj.webp\",\"width\":250,\"height\":95,\"caption\":\"CSJ Emballages\"},\"image\":{\"@id\":\"https:\/\/www.csj-emballages.com\/it\/#\/schema\/logo\/image\/\"},\"sameAs\":[\"https:\/\/www.facebook.com\/csjemballages\"],\"address\":{\"@type\":\"PostalAddress\",\"streetAddress\":\"ZI La Lechere\",\"addressLocality\":\"Patornay\",\"postalCode\":\"39130\",\"addressCountry\":\"FR\"},\"contactPoint\":[{\"@type\":\"ContactPoint\",\"contactType\":\"Service client\",\"telephone\":\"0384254272\",\"email\":\"contact@csj-emballages.com\"}]}]}<\/script>\n<!-- \/ Yoast SEO Premium plugin. -->","yoast_head_json":{"title":"Supporto per torta rotondo oro in cartone 18 cm","description":"Supporto per torta rotondo in cartone dorato 18 cm, ideale per presentare e trasportare i tuoi dolci con eleganza. Robusto, pratico ed estetico.","robots":{"index":"index","follow":"follow","max-snippet":"max-snippet:-1","max-image-preview":"max-image-preview:large","max-video-preview":"max-video-preview:-1"},"canonical":"https:\/\/www.csj-emballages.com\/it\/produit\/sottotorta-rotondo-in-cartone-oro-18-cm\/","og_locale":"it_IT","og_type":"article","og_title":"Supporto per torta rotondo oro in cartone 18 cm","og_description":"Supporto per torta rotondo in cartone dorato 18 cm, ideale per presentare e trasportare i tuoi dolci con eleganza. Robusto, pratico ed estetico.","og_url":"https:\/\/www.csj-emballages.com\/it\/produit\/sottotorta-rotondo-in-cartone-oro-18-cm\/","og_site_name":"CSJ Emballages","article_publisher":"https:\/\/www.facebook.com\/csjemballages","article_modified_time":"2026-04-04T00:14:40+00:00","og_image":[{"width":800,"height":800,"url":"https:\/\/www.csj-emballages.com\/wp-content\/uploads\/2024\/03\/RONDOR.webp","type":"image\/webp"}],"twitter_card":"summary_large_image","twitter_misc":{"Dur\u00e9e de lecture estim\u00e9e":"1 minuto"},"schema":{"@context":"https:\/\/schema.org","@graph":[{"@type":"WebPage","@id":"https:\/\/www.csj-emballages.com\/it\/produit\/sottotorta-rotondo-in-cartone-oro-18-cm\/","url":"https:\/\/www.csj-emballages.com\/it\/produit\/sottotorta-rotondo-in-cartone-oro-18-cm\/","name":"Supporto per torta rotondo oro in cartone 18 cm","isPartOf":{"@id":"https:\/\/www.csj-emballages.com\/it\/#website"},"primaryImageOfPage":{"@id":"https:\/\/www.csj-emballages.com\/it\/produit\/sottotorta-rotondo-in-cartone-oro-18-cm\/#primaryimage"},"image":{"@id":"https:\/\/www.csj-emballages.com\/it\/produit\/sottotorta-rotondo-in-cartone-oro-18-cm\/#primaryimage"},"thumbnailUrl":"https:\/\/www.csj-emballages.com\/wp-content\/uploads\/2024\/03\/RONDOR.webp","datePublished":"2024-03-01T15:50:14+00:00","dateModified":"2026-04-04T00:14:40+00:00","description":"Supporto per torta rotondo in cartone dorato 18 cm, ideale per presentare e trasportare i tuoi dolci con eleganza. Robusto, pratico ed estetico.","breadcrumb":{"@id":"https:\/\/www.csj-emballages.com\/it\/produit\/sottotorta-rotondo-in-cartone-oro-18-cm\/#breadcrumb"},"inLanguage":"it-IT","potentialAction":[{"@type":"ReadAction","target":["https:\/\/www.csj-emballages.com\/it\/produit\/sottotorta-rotondo-in-cartone-oro-18-cm\/"]}]},{"@type":"ImageObject","inLanguage":"it-IT","@id":"https:\/\/www.csj-emballages.com\/it\/produit\/sottotorta-rotondo-in-cartone-oro-18-cm\/#primaryimage","url":"https:\/\/www.csj-emballages.com\/wp-content\/uploads\/2024\/03\/RONDOR.webp","contentUrl":"https:\/\/www.csj-emballages.com\/wp-content\/uploads\/2024\/03\/RONDOR.webp","width":800,"height":800,"caption":"Support g\u00e2teau rond"},{"@type":"BreadcrumbList","@id":"https:\/\/www.csj-emballages.com\/it\/produit\/sottotorta-rotondo-in-cartone-oro-18-cm\/#breadcrumb","itemListElement":[{"@type":"ListItem","position":1,"name":"Home","item":"https:\/\/www.csj-emballages.com\/it\/universo-imballaggi-alimentari\/"},{"@type":"ListItem","position":2,"name":"Negozio","item":"https:\/\/www.csj-emballages.com\/it\/negozio\/"},{"@type":"ListItem","position":3,"name":"Supporto per torta rotondo oro in cartone 18 cm"}]},{"@type":"WebSite","@id":"https:\/\/www.csj-emballages.com\/it\/#website","url":"https:\/\/www.csj-emballages.com\/it\/","name":"CSJ Emballages","description":"","publisher":{"@id":"https:\/\/www.csj-emballages.com\/it\/#organization"},"potentialAction":[{"@type":"SearchAction","target":{"@type":"EntryPoint","urlTemplate":"https:\/\/www.csj-emballages.com\/it\/?s={search_term_string}"},"query-input":{"@type":"PropertyValueSpecification","valueRequired":true,"valueName":"search_term_string"}}],"inLanguage":"it-IT"},{"@type":"Organization","@id":"https:\/\/www.csj-emballages.com\/it\/#Organization\/","name":"CSJ Emballages","url":"https:\/\/www.csj-emballages.com\/it\/","logo":{"@type":"ImageObject","inLanguage":"it-IT","@id":"https:\/\/www.csj-emballages.com\/it\/#\/schema\/logo\/image\/","url":"https:\/\/www.csj-emballages.com\/wp-content\/uploads\/2023\/10\/logo_csj.webp","contentUrl":"https:\/\/www.csj-emballages.com\/wp-content\/uploads\/2023\/10\/logo_csj.webp","width":250,"height":95,"caption":"CSJ Emballages"},"image":{"@id":"https:\/\/www.csj-emballages.com\/it\/#\/schema\/logo\/image\/"},"sameAs":["https:\/\/www.facebook.com\/csjemballages"],"address":{"@type":"PostalAddress","streetAddress":"ZI La Lechere","addressLocality":"Patornay","postalCode":"39130","addressCountry":"FR"},"contactPoint":[{"@type":"ContactPoint","contactType":"Service client","telephone":"0384254272","email":"contact@csj-emballages.com"}]}]}},"df_price":0.62,"df_sale_price":"","df_regular_price":0.62,"df_image_link":"https:\/\/www.csj-emballages.com\/wp-content\/uploads\/2024\/03\/RONDOR-300x300.webp","tiered_pricing_type":"fixed","tiered_pricing_fixed_rules":[],"tiered_pricing_percentage_rules":[],"tiered_pricing_minimum":1,"tiered_pricing_roles_data":[],"_links":{"self":[{"href":"https:\/\/www.csj-emballages.com\/it\/wp-json\/wp\/v2\/product\/270280","targetHints":{"allow":["GET"]}}],"collection":[{"href":"https:\/\/www.csj-emballages.com\/it\/wp-json\/wp\/v2\/product"}],"about":[{"href":"https:\/\/www.csj-emballages.com\/it\/wp-json\/wp\/v2\/types\/product"}],"wp:featuredmedia":[{"embeddable":true,"href":"https:\/\/www.csj-emballages.com\/it\/wp-json\/wp\/v2\/media\/276124"}],"wp:attachment":[{"href":"https:\/\/www.csj-emballages.com\/it\/wp-json\/wp\/v2\/media?parent=270280"}],"wp:term":[{"taxonomy":"product_brand","embeddable":true,"href":"https:\/\/www.csj-emballages.com\/it\/wp-json\/wp\/v2\/product_brand?post=270280"},{"taxonomy":"product_cat","embeddable":true,"href":"https:\/\/www.csj-emballages.com\/it\/wp-json\/wp\/v2\/product_cat?post=270280"},{"taxonomy":"product_tag","embeddable":true,"href":"https:\/\/www.csj-emballages.com\/it\/wp-json\/wp\/v2\/product_tag?post=270280"}],"curies":[{"name":"wp","href":"https:\/\/api.w.org\/{rel}","templated":true}]}}