{"id":270265,"date":"2024-03-01T16:50:14","date_gmt":"2024-03-01T15:50:14","guid":{"rendered":"https:\/\/www.csj-emballages.com\/produit\/ramequin-in-alluminio-ovale-260-ml-da-100\/"},"modified":"2026-03-27T02:16:01","modified_gmt":"2026-03-27T01:16:01","slug":"ramequin-in-alluminio-ovale-260-ml-da-100","status":"publish","type":"product","link":"https:\/\/www.csj-emballages.com\/it\/produit\/ramequin-in-alluminio-ovale-260-ml-da-100\/","title":{"rendered":"Ramequin in alluminio ovale 260 ml da 100"},"content":{"rendered":"<h2 class=\"p1\">Ramequin in alluminio<\/h2>\n<hr>\n<h3>Descrizione del nostro ramequin in alluminio ovale 260 ml da 100<\/h3>\n<p><!--more--><\/p>\n<p data-start=\"28\" data-end=\"639\">Ideale per catering, ristoratori e privati, questo <strong data-start=\"96\" data-end=\"131\">ramequin in alluminio ovale 260 ml<\/strong> \u00e8 perfetto per la cottura, la presentazione e il trasporto delle tue preparazioni. La sua <strong data-start=\"217\" data-end=\"241\">elegante forma ovale<\/strong> permette un impiattamento curato e originale. Progettato per resistere alle alte temperature, \u00e8 compatibile con il forno tradizionale, garantendo una cottura omogenea dei tuoi piatti. Il materiale in alluminio assicura un&#8217;ottima conduzione termica, ideale per gratin monoporzione, cr\u00e8me br\u00fbl\u00e9e, dessert o porzioni individuali di piatti caldi e freddi.   <\/p>\n<p data-start=\"641\" data-end=\"971\">Grazie alla sua leggerezza e robustezza, questo ramequin \u00e8 perfetto per l&#8217;asporto e i servizi di ristorazione veloce. Venduto in <strong data-start=\"876\" data-end=\"890\">confezioni da 100<\/strong>, risponde alle esigenze dei professionisti attenti a efficienza e qualit\u00e0. <\/p>\n<p><!--more--><\/p>\n<h4>Vantaggi:<\/h4>\n<ul>\n<li data-start=\"1063\" data-end=\"1163\">Compatibile con forno e grill, ideale per piatti caldi e freddi.<\/li>\n<li data-start=\"1164\" data-end=\"1241\">Facile da trasportare senza rischi di rottura.<\/li>\n<li data-start=\"1328\" data-end=\"1424\">Ideale per i professionisti della ristorazione e del catering.<\/li>\n<li data-start=\"1425\" data-end=\"1500\">Venduto in lotti da 100 per rispondere alle esigenze dei professionisti.<\/li>\n<\/ul>\n<p>&nbsp;<\/p>\n<p><!--more--><\/p>\n<h4>Altre informazioni:<\/h4>\n<ul>\n<li><strong>Confezione<\/strong>: Pacco da 100<\/li>\n<li><strong>Dimensioni<\/strong>: 122 x 80 x 40 (L x l x A in mm)<\/li>\n<li><strong>Volume<\/strong>: 260 ml<\/li>\n<li><strong>Forma<\/strong>: Ovale<\/li>\n<li><strong>Materiale<\/strong>: Alluminio<\/li>\n<li><strong>Temperatura di utilizzo<\/strong>: -40\u00b0C \/ +350\u00b0C<\/li>\n<\/ul>\n<p>&nbsp;<\/p>\n<p><!--more--><\/p>\n<p>Questo prodotto \u00e8 disponibile in diverse dimensioni:<span style=\"color: #d12727;\"> <a style=\"color: #d12727;\" href=\"https:\/\/www.csj-emballages.com\/produit\/100-ramequins-jetables-aluminium-ronds-251-ml\/\">RA251<\/a> <\/span> <\/p>\n<p>&nbsp;<\/p>\n<p><!--more--><\/p>\n<p><a href=\"https:\/\/www.csj-emballages.com\/it\/categorie-produit\/imballaggi-alimentari\/macelleria-gastronomia-ortofrutta\/vaschette-scatole-e-vasetti\/imballaggi-in-alluminio\/piatti-gastronorm\/\">Consulta il resto della nostra gamma di piatti gastronorm in alluminio<\/a><\/p>\n","protected":false},"excerpt":{"rendered":"<p>Ramequin in alluminio Descrizione del nostro ramequin in alluminio ovale 260 ml da 100<\/p>\n","protected":false},"featured_media":270275,"template":"","meta":{"_acf_changed":false},"product_brand":[],"product_cat":[10381,10393,11222],"product_tag":[],"class_list":{"0":"post-270265","1":"product","2":"type-product","3":"status-publish","4":"has-post-thumbnail","6":"product_cat-macelleria-gastronomia-ortofrutta","7":"product_cat-imballaggi-in-alluminio","8":"product_cat-ramequin","10":"first","11":"instock","12":"taxable","13":"shipping-taxable","14":"purchasable","15":"product-type-simple"},"acf":[],"yoast_head":"<!-- This site is optimized with the Yoast SEO Premium plugin v26.6 (Yoast SEO v26.6) - https:\/\/yoast.com\/wordpress\/plugins\/seo\/ -->\n<title>Ramequin in Alluminio Ovale 260 ml da 100<\/title>\n<meta name=\"description\" content=\"Ramequin in alluminio ovale 260 ml da 100, ideale per cottura e trasporto. Leggero, resistente e riciclabile, perfetto per catering e ristoratori.\" \/>\n<meta name=\"robots\" content=\"index, follow, max-snippet:-1, max-image-preview:large, max-video-preview:-1\" \/>\n<link rel=\"canonical\" href=\"https:\/\/www.csj-emballages.com\/it\/produit\/ramequin-in-alluminio-ovale-260-ml-da-100\/\" \/>\n<meta property=\"og:locale\" content=\"it_IT\" \/>\n<meta property=\"og:type\" content=\"article\" \/>\n<meta property=\"og:title\" content=\"Ramequin in alluminio ovale 260 ml da 100\" \/>\n<meta property=\"og:description\" content=\"Ramequin in alluminio ovale 260 ml da 100, ideale per cottura e trasporto. Leggero, resistente e riciclabile, perfetto per catering e ristoratori.\" \/>\n<meta property=\"og:url\" content=\"https:\/\/www.csj-emballages.com\/it\/produit\/ramequin-in-alluminio-ovale-260-ml-da-100\/\" \/>\n<meta property=\"og:site_name\" content=\"CSJ Emballages\" \/>\n<meta property=\"article:publisher\" content=\"https:\/\/www.facebook.com\/csjemballages\" \/>\n<meta property=\"article:modified_time\" content=\"2026-03-27T01:16:01+00:00\" \/>\n<meta property=\"og:image\" content=\"https:\/\/www.csj-emballages.com\/wp-content\/uploads\/2024\/03\/RO-251.webp\" \/>\n\t<meta property=\"og:image:width\" content=\"800\" \/>\n\t<meta property=\"og:image:height\" content=\"800\" \/>\n\t<meta property=\"og:image:type\" content=\"image\/webp\" \/>\n<meta name=\"twitter:card\" content=\"summary_large_image\" \/>\n<meta name=\"twitter:label1\" content=\"Dur\u00e9e de lecture estim\u00e9e\" \/>\n\t<meta name=\"twitter:data1\" content=\"1 minuto\" \/>\n<script type=\"application\/ld+json\" class=\"yoast-schema-graph\">{\"@context\":\"https:\/\/schema.org\",\"@graph\":[{\"@type\":\"WebPage\",\"@id\":\"https:\/\/www.csj-emballages.com\/it\/produit\/ramequin-in-alluminio-ovale-260-ml-da-100\/\",\"url\":\"https:\/\/www.csj-emballages.com\/it\/produit\/ramequin-in-alluminio-ovale-260-ml-da-100\/\",\"name\":\"Ramequin in Alluminio Ovale 260 ml da 100\",\"isPartOf\":{\"@id\":\"https:\/\/www.csj-emballages.com\/it\/#website\"},\"primaryImageOfPage\":{\"@id\":\"https:\/\/www.csj-emballages.com\/it\/produit\/ramequin-in-alluminio-ovale-260-ml-da-100\/#primaryimage\"},\"image\":{\"@id\":\"https:\/\/www.csj-emballages.com\/it\/produit\/ramequin-in-alluminio-ovale-260-ml-da-100\/#primaryimage\"},\"thumbnailUrl\":\"https:\/\/www.csj-emballages.com\/wp-content\/uploads\/2024\/03\/RO-251.webp\",\"datePublished\":\"2024-03-01T15:50:14+00:00\",\"dateModified\":\"2026-03-27T01:16:01+00:00\",\"description\":\"Ramequin in alluminio ovale 260 ml da 100, ideale per cottura e trasporto. Leggero, resistente e riciclabile, perfetto per catering e ristoratori.\",\"breadcrumb\":{\"@id\":\"https:\/\/www.csj-emballages.com\/it\/produit\/ramequin-in-alluminio-ovale-260-ml-da-100\/#breadcrumb\"},\"inLanguage\":\"it-IT\",\"potentialAction\":[{\"@type\":\"ReadAction\",\"target\":[\"https:\/\/www.csj-emballages.com\/it\/produit\/ramequin-in-alluminio-ovale-260-ml-da-100\/\"]}]},{\"@type\":\"ImageObject\",\"inLanguage\":\"it-IT\",\"@id\":\"https:\/\/www.csj-emballages.com\/it\/produit\/ramequin-in-alluminio-ovale-260-ml-da-100\/#primaryimage\",\"url\":\"https:\/\/www.csj-emballages.com\/wp-content\/uploads\/2024\/03\/RO-251.webp\",\"contentUrl\":\"https:\/\/www.csj-emballages.com\/wp-content\/uploads\/2024\/03\/RO-251.webp\",\"width\":800,\"height\":800,\"caption\":\"Ramequin aluminium\"},{\"@type\":\"BreadcrumbList\",\"@id\":\"https:\/\/www.csj-emballages.com\/it\/produit\/ramequin-in-alluminio-ovale-260-ml-da-100\/#breadcrumb\",\"itemListElement\":[{\"@type\":\"ListItem\",\"position\":1,\"name\":\"Home\",\"item\":\"https:\/\/www.csj-emballages.com\/it\/universo-imballaggi-alimentari\/\"},{\"@type\":\"ListItem\",\"position\":2,\"name\":\"Negozio\",\"item\":\"https:\/\/www.csj-emballages.com\/it\/negozio\/\"},{\"@type\":\"ListItem\",\"position\":3,\"name\":\"Ramequin in alluminio ovale 260 ml da 100\"}]},{\"@type\":\"WebSite\",\"@id\":\"https:\/\/www.csj-emballages.com\/it\/#website\",\"url\":\"https:\/\/www.csj-emballages.com\/it\/\",\"name\":\"CSJ Emballages\",\"description\":\"\",\"publisher\":{\"@id\":\"https:\/\/www.csj-emballages.com\/it\/#organization\"},\"potentialAction\":[{\"@type\":\"SearchAction\",\"target\":{\"@type\":\"EntryPoint\",\"urlTemplate\":\"https:\/\/www.csj-emballages.com\/it\/?s={search_term_string}\"},\"query-input\":{\"@type\":\"PropertyValueSpecification\",\"valueRequired\":true,\"valueName\":\"search_term_string\"}}],\"inLanguage\":\"it-IT\"},{\"@type\":\"Organization\",\"@id\":\"https:\/\/www.csj-emballages.com\/it\/#Organization\/\",\"name\":\"CSJ Emballages\",\"url\":\"https:\/\/www.csj-emballages.com\/it\/\",\"logo\":{\"@type\":\"ImageObject\",\"inLanguage\":\"it-IT\",\"@id\":\"https:\/\/www.csj-emballages.com\/it\/#\/schema\/logo\/image\/\",\"url\":\"https:\/\/www.csj-emballages.com\/wp-content\/uploads\/2023\/10\/logo_csj.webp\",\"contentUrl\":\"https:\/\/www.csj-emballages.com\/wp-content\/uploads\/2023\/10\/logo_csj.webp\",\"width\":250,\"height\":95,\"caption\":\"CSJ Emballages\"},\"image\":{\"@id\":\"https:\/\/www.csj-emballages.com\/it\/#\/schema\/logo\/image\/\"},\"sameAs\":[\"https:\/\/www.facebook.com\/csjemballages\"],\"address\":{\"@type\":\"PostalAddress\",\"streetAddress\":\"ZI La Lechere\",\"addressLocality\":\"Patornay\",\"postalCode\":\"39130\",\"addressCountry\":\"FR\"},\"contactPoint\":[{\"@type\":\"ContactPoint\",\"contactType\":\"Service client\",\"telephone\":\"0384254272\",\"email\":\"contact@csj-emballages.com\"}]}]}<\/script>\n<!-- \/ Yoast SEO Premium plugin. -->","yoast_head_json":{"title":"Ramequin in Alluminio Ovale 260 ml da 100","description":"Ramequin in alluminio ovale 260 ml da 100, ideale per cottura e trasporto. Leggero, resistente e riciclabile, perfetto per catering e ristoratori.","robots":{"index":"index","follow":"follow","max-snippet":"max-snippet:-1","max-image-preview":"max-image-preview:large","max-video-preview":"max-video-preview:-1"},"canonical":"https:\/\/www.csj-emballages.com\/it\/produit\/ramequin-in-alluminio-ovale-260-ml-da-100\/","og_locale":"it_IT","og_type":"article","og_title":"Ramequin in alluminio ovale 260 ml da 100","og_description":"Ramequin in alluminio ovale 260 ml da 100, ideale per cottura e trasporto. Leggero, resistente e riciclabile, perfetto per catering e ristoratori.","og_url":"https:\/\/www.csj-emballages.com\/it\/produit\/ramequin-in-alluminio-ovale-260-ml-da-100\/","og_site_name":"CSJ Emballages","article_publisher":"https:\/\/www.facebook.com\/csjemballages","article_modified_time":"2026-03-27T01:16:01+00:00","og_image":[{"width":800,"height":800,"url":"https:\/\/www.csj-emballages.com\/wp-content\/uploads\/2024\/03\/RO-251.webp","type":"image\/webp"}],"twitter_card":"summary_large_image","twitter_misc":{"Dur\u00e9e de lecture estim\u00e9e":"1 minuto"},"schema":{"@context":"https:\/\/schema.org","@graph":[{"@type":"WebPage","@id":"https:\/\/www.csj-emballages.com\/it\/produit\/ramequin-in-alluminio-ovale-260-ml-da-100\/","url":"https:\/\/www.csj-emballages.com\/it\/produit\/ramequin-in-alluminio-ovale-260-ml-da-100\/","name":"Ramequin in Alluminio Ovale 260 ml da 100","isPartOf":{"@id":"https:\/\/www.csj-emballages.com\/it\/#website"},"primaryImageOfPage":{"@id":"https:\/\/www.csj-emballages.com\/it\/produit\/ramequin-in-alluminio-ovale-260-ml-da-100\/#primaryimage"},"image":{"@id":"https:\/\/www.csj-emballages.com\/it\/produit\/ramequin-in-alluminio-ovale-260-ml-da-100\/#primaryimage"},"thumbnailUrl":"https:\/\/www.csj-emballages.com\/wp-content\/uploads\/2024\/03\/RO-251.webp","datePublished":"2024-03-01T15:50:14+00:00","dateModified":"2026-03-27T01:16:01+00:00","description":"Ramequin in alluminio ovale 260 ml da 100, ideale per cottura e trasporto. Leggero, resistente e riciclabile, perfetto per catering e ristoratori.","breadcrumb":{"@id":"https:\/\/www.csj-emballages.com\/it\/produit\/ramequin-in-alluminio-ovale-260-ml-da-100\/#breadcrumb"},"inLanguage":"it-IT","potentialAction":[{"@type":"ReadAction","target":["https:\/\/www.csj-emballages.com\/it\/produit\/ramequin-in-alluminio-ovale-260-ml-da-100\/"]}]},{"@type":"ImageObject","inLanguage":"it-IT","@id":"https:\/\/www.csj-emballages.com\/it\/produit\/ramequin-in-alluminio-ovale-260-ml-da-100\/#primaryimage","url":"https:\/\/www.csj-emballages.com\/wp-content\/uploads\/2024\/03\/RO-251.webp","contentUrl":"https:\/\/www.csj-emballages.com\/wp-content\/uploads\/2024\/03\/RO-251.webp","width":800,"height":800,"caption":"Ramequin aluminium"},{"@type":"BreadcrumbList","@id":"https:\/\/www.csj-emballages.com\/it\/produit\/ramequin-in-alluminio-ovale-260-ml-da-100\/#breadcrumb","itemListElement":[{"@type":"ListItem","position":1,"name":"Home","item":"https:\/\/www.csj-emballages.com\/it\/universo-imballaggi-alimentari\/"},{"@type":"ListItem","position":2,"name":"Negozio","item":"https:\/\/www.csj-emballages.com\/it\/negozio\/"},{"@type":"ListItem","position":3,"name":"Ramequin in alluminio ovale 260 ml da 100"}]},{"@type":"WebSite","@id":"https:\/\/www.csj-emballages.com\/it\/#website","url":"https:\/\/www.csj-emballages.com\/it\/","name":"CSJ Emballages","description":"","publisher":{"@id":"https:\/\/www.csj-emballages.com\/it\/#organization"},"potentialAction":[{"@type":"SearchAction","target":{"@type":"EntryPoint","urlTemplate":"https:\/\/www.csj-emballages.com\/it\/?s={search_term_string}"},"query-input":{"@type":"PropertyValueSpecification","valueRequired":true,"valueName":"search_term_string"}}],"inLanguage":"it-IT"},{"@type":"Organization","@id":"https:\/\/www.csj-emballages.com\/it\/#Organization\/","name":"CSJ Emballages","url":"https:\/\/www.csj-emballages.com\/it\/","logo":{"@type":"ImageObject","inLanguage":"it-IT","@id":"https:\/\/www.csj-emballages.com\/it\/#\/schema\/logo\/image\/","url":"https:\/\/www.csj-emballages.com\/wp-content\/uploads\/2023\/10\/logo_csj.webp","contentUrl":"https:\/\/www.csj-emballages.com\/wp-content\/uploads\/2023\/10\/logo_csj.webp","width":250,"height":95,"caption":"CSJ Emballages"},"image":{"@id":"https:\/\/www.csj-emballages.com\/it\/#\/schema\/logo\/image\/"},"sameAs":["https:\/\/www.facebook.com\/csjemballages"],"address":{"@type":"PostalAddress","streetAddress":"ZI La Lechere","addressLocality":"Patornay","postalCode":"39130","addressCountry":"FR"},"contactPoint":[{"@type":"ContactPoint","contactType":"Service client","telephone":"0384254272","email":"contact@csj-emballages.com"}]}]}},"df_price":21.01,"df_sale_price":"","df_regular_price":21.01,"df_image_link":"https:\/\/www.csj-emballages.com\/wp-content\/uploads\/2024\/03\/RO-251-300x300.webp","tiered_pricing_type":"fixed","tiered_pricing_fixed_rules":[],"tiered_pricing_percentage_rules":[],"tiered_pricing_minimum":1,"tiered_pricing_roles_data":[],"_links":{"self":[{"href":"https:\/\/www.csj-emballages.com\/it\/wp-json\/wp\/v2\/product\/270265","targetHints":{"allow":["GET"]}}],"collection":[{"href":"https:\/\/www.csj-emballages.com\/it\/wp-json\/wp\/v2\/product"}],"about":[{"href":"https:\/\/www.csj-emballages.com\/it\/wp-json\/wp\/v2\/types\/product"}],"wp:featuredmedia":[{"embeddable":true,"href":"https:\/\/www.csj-emballages.com\/it\/wp-json\/wp\/v2\/media\/270275"}],"wp:attachment":[{"href":"https:\/\/www.csj-emballages.com\/it\/wp-json\/wp\/v2\/media?parent=270265"}],"wp:term":[{"taxonomy":"product_brand","embeddable":true,"href":"https:\/\/www.csj-emballages.com\/it\/wp-json\/wp\/v2\/product_brand?post=270265"},{"taxonomy":"product_cat","embeddable":true,"href":"https:\/\/www.csj-emballages.com\/it\/wp-json\/wp\/v2\/product_cat?post=270265"},{"taxonomy":"product_tag","embeddable":true,"href":"https:\/\/www.csj-emballages.com\/it\/wp-json\/wp\/v2\/product_tag?post=270265"}],"curies":[{"name":"wp","href":"https:\/\/api.w.org\/{rel}","templated":true}]}}