{"id":270202,"date":"2024-03-01T16:50:10","date_gmt":"2024-03-01T15:50:10","guid":{"rendered":"https:\/\/www.csj-emballages.com\/produit\/sacchetto-di-plastica-bianco-a-bretelle-con-codice-a-barre-26-12-x-45-cm-50-%c2%b5-da-500\/"},"modified":"2026-04-18T02:16:19","modified_gmt":"2026-04-18T00:16:19","slug":"sacchetto-di-plastica-bianco-a-bretelle-con-codice-a-barre-26-12-x-45-cm-50-%c2%b5-da-500","status":"publish","type":"product","link":"https:\/\/www.csj-emballages.com\/it\/produit\/sacchetto-di-plastica-bianco-a-bretelle-con-codice-a-barre-26-12-x-45-cm-50-%c2%b5-da-500\/","title":{"rendered":"Sacchetto di plastica bianco a bretelle con codice a barre 26 + 12 x 45 cm 50 \u00b5 da 500"},"content":{"rendered":"<div style=\"font-family: Roboto, sans-serif;\">\n<div style=\"font-family: Roboto, sans-serif;\">\n<div style=\"font-family: Roboto, sans-serif;\">\n<div style=\"font-family: Roboto, sans-serif;\">\n<div style=\"font-family: Roboto, sans-serif;\">\n<div style=\"font-family: Roboto, sans-serif;\">\n<h2>Sacchetto a bretelle<\/h2>\n<hr>\n<h3>Descrizione del nostro sacchetto a bretelle bianco con codice a barre 26 + 12 x 45 cm 50 \u00b5 in plastica da 500<\/h3>\n<p><!--more--><\/p>\n<div style=\"box-sizing: inherit; font-family: Roboto, sans-serif;\">\n<div style=\"font-family: Roboto, sans-serif;\">\n<div style=\"font-family: Roboto, sans-serif;\">\n<div style=\"font-family: Roboto, sans-serif;\">\n<div style=\"font-family: Roboto, sans-serif;\">\n<div style=\"font-family: Roboto, sans-serif;\">\n<div style=\"font-family: Roboto, sans-serif;\">\n<p>I nostri <strong>sacchetti a bretelle bianchi in plastica 50\u00b5<\/strong> sono perfetti per l\u2019uso quotidiano in negozi e boutique. Progettati con uno spessore di <strong>50 micron<\/strong>, questi <strong>sacchetti<\/strong> garantiscono robustezza e durata per trasportare vari prodotti. Le loro pratiche maniglie a <strong>bretelle<\/strong> offrono un trasporto confortevole, anche con carichi pi\u00f9 pesanti.  <\/p>\n<p>Realizzati in <strong>plastica bianca<\/strong>, questi <strong>sacchetti<\/strong> hanno un aspetto pulito e professionale. Grazie al design versatile, sono adatti a molti usi, dalla spesa quotidiana all\u2019imballaggio dei prodotti. Inoltre, i <strong>sacchetti a bretelle bianchi in plastica 50\u00b5<\/strong> sono disponibili in diverse misure e design per adattarsi a tutte le tue esigenze di imballaggio.  <\/p>\n<p>Usare questi <strong>sacchetti<\/strong> ti garantisce una soluzione economica mantenendo una presentazione curata dei tuoi prodotti. Inoltre, sono riciclabili, contribuendo a un approccio rispettoso dell\u2019ambiente. Il loro design <strong>bianco<\/strong> neutro si adatta a ogni contesto, garantendo una presentazione estetica.  <\/p>\n<p>Questi <strong>sacchetti a bretelle<\/strong> sono ancora pi\u00f9 pratici perch\u00e9 dotati di 2 soffietti laterali per una maggiore capacit\u00e0 di carico<\/p>\n<p>&nbsp;<\/p>\n<p><!--more--><\/p>\n<p>Stampato* <span style=\"color: #339966;\"><em>\u201csono riutilizzabile, non buttarmi nella natura\u201d <\/em><\/span> <\/p>\n<\/div>\n<\/div>\n<\/div>\n<\/div>\n<p>&nbsp;<\/p>\n<\/div>\n<\/div>\n<\/div>\n<\/div>\n<\/div>\n<\/div>\n<\/div>\n<\/div>\n<\/div>\n<p><!--more--><\/p>\n<h4>I loro vantaggi:<\/h4>\n<ul>\n<li><strong>Robustezza e durata<\/strong> : Spessore di 50 micron che assicura un\u2019elevata resistenza e una lunga durata<\/li>\n<li><strong>Versatilit\u00e0<\/strong> : Adatti a una variet\u00e0 di usi, dal retail alle boutique specializzate<\/li>\n<li><strong>Convenienti<\/strong> : Soluzione di imballaggio conveniente per i negozi, con un ottimo rapporto qualit\u00e0-prezzo<\/li>\n<li><strong>Facili da riciclare<\/strong> : Realizzati in plastica riciclabile, contribuiscono a una gestione responsabile dei rifiuti<\/li>\n<li><strong>Stampa<\/strong> : Stampati con un codice a barre<\/li>\n<\/ul>\n<p>&nbsp;<\/p>\n<div style=\"font-family: Roboto, sans-serif;\">\n<div style=\"font-family: Roboto, sans-serif;\">\n<div style=\"font-family: Roboto, sans-serif;\">\n<div style=\"font-family: Roboto, sans-serif;\">\n<div style=\"font-family: Roboto, sans-serif;\">\n<div style=\"font-family: Roboto, sans-serif;\">\n<p><!--more--><\/p>\n<div style=\"box-sizing: inherit; font-family: Roboto, sans-serif;\">\n<div style=\"box-sizing: inherit; font-family: Roboto, sans-serif;\">\n<div style=\"box-sizing: inherit; font-family: Roboto, sans-serif;\">\n<div style=\"box-sizing: inherit; font-family: Roboto, sans-serif;\">\n<h4>Altre informazioni:<\/h4>\n<ul>\n<li><strong>Dimensioni: <\/strong>260 + 120 x 450 mm<\/li>\n<li><strong>Materiale: <\/strong>Plastica<\/li>\n<li><strong>Resistenza<\/strong> : 50 micron<\/li>\n<li><strong>Confezionamento: <\/strong>Cartone da 500<\/li>\n<li><strong>Colore: <\/strong>Bianco con stampe<\/li>\n<\/ul>\n<\/div>\n<p>&nbsp;<\/p>\n<\/div>\n<\/div>\n<\/div>\n<p><!--more--><\/p>\n<p>Questo prodotto esiste anche senza codice a barre: <span style=\"color: #d12727;\"><a style=\"color: #d12727;\" href=\"https:\/\/www.csj-emballages.com\/produit\/400-sacs-bretelles-blancs-30-14-x-54-cm-50-%c2%b5-en-plastique\/\">SAC50541<\/a><\/span><\/p>\n<p>&nbsp;<\/p>\n<p><!--more--><\/p>\n<p><a href=\"https:\/\/www.csj-emballages.com\/it\/categorie-produit\/imballaggi-alimentari\/ristorazione\/sacchetti-e-carte\/sacchetti-plastica-kraft\/sacchetti-in-plastica\/\">Consulta il resto della nostra gamma di sacchetti di plastica<\/a><\/p>\n<\/div>\n<\/div>\n<\/div>\n<\/div>\n<\/div>\n<\/div>\n","protected":false},"excerpt":{"rendered":"<p>Sacchetto a bretelle Descrizione del nostro sacchetto a bretelle bianco con codice a barre 26 + 12 x 45 cm 50 \u00b5 in plastica da 500<\/p>\n","protected":false},"featured_media":270219,"template":"","meta":{"_acf_changed":false},"product_brand":[],"product_cat":[10346,10375,10916,11004,11163,10345,11002,11162],"product_tag":[],"class_list":{"0":"post-270202","1":"product","2":"type-product","3":"status-publish","4":"has-post-thumbnail","6":"product_cat-imballaggi-alimentari","7":"product_cat-ristorazione","8":"product_cat-sacchetti-e-carte","9":"product_cat-sacchetti-plastica-kraft","10":"product_cat-sacchetti-in-plastica","11":"product_cat-boutique-e-negozio","12":"product_cat-sacchetti-a-canottiera-kraft","13":"product_cat-sacchetti-a-bretelle","15":"first","16":"instock","17":"taxable","18":"shipping-taxable","19":"purchasable","20":"product-type-simple"},"acf":[],"yoast_head":"<!-- This site is optimized with the Yoast SEO Premium plugin v26.6 (Yoast SEO v26.6) - https:\/\/yoast.com\/wordpress\/plugins\/seo\/ -->\n<title>Sacchetto di Plastica Bianco a Bretelle con Codice a Barre - 26 + 12 x 45 cm<\/title>\n<meta name=\"description\" content=\"Sacchetto di plastica bianco 50\u00b5 - Scopri il nostro sacchetto di plastica bianco, robusto e pratico. Ideale per tutte le tue esigenze di imballaggio, resistente e riciclabile.\" \/>\n<meta name=\"robots\" content=\"index, follow, max-snippet:-1, max-image-preview:large, max-video-preview:-1\" \/>\n<link rel=\"canonical\" href=\"https:\/\/www.csj-emballages.com\/it\/produit\/sacchetto-di-plastica-bianco-a-bretelle-con-codice-a-barre-26-12-x-45-cm-50-%c2%b5-da-500\/\" \/>\n<meta property=\"og:locale\" content=\"it_IT\" \/>\n<meta property=\"og:type\" content=\"article\" \/>\n<meta property=\"og:title\" content=\"Sacchetto di plastica bianco a bretelle con codice a barre 26 + 12 x 45 cm 50 \u00b5 da 500\" \/>\n<meta property=\"og:description\" content=\"Sacchetto di plastica bianco 50\u00b5 - Scopri il nostro sacchetto di plastica bianco, robusto e pratico. Ideale per tutte le tue esigenze di imballaggio, resistente e riciclabile.\" \/>\n<meta property=\"og:url\" content=\"https:\/\/www.csj-emballages.com\/it\/produit\/sacchetto-di-plastica-bianco-a-bretelle-con-codice-a-barre-26-12-x-45-cm-50-%c2%b5-da-500\/\" \/>\n<meta property=\"og:site_name\" content=\"CSJ Emballages\" \/>\n<meta property=\"article:publisher\" content=\"https:\/\/www.facebook.com\/csjemballages\" \/>\n<meta property=\"article:modified_time\" content=\"2026-04-18T00:16:19+00:00\" \/>\n<meta property=\"og:image\" content=\"https:\/\/www.csj-emballages.com\/wp-content\/uploads\/2024\/03\/SAC2645GENCODE.webp\" \/>\n\t<meta property=\"og:image:width\" content=\"801\" \/>\n\t<meta property=\"og:image:height\" content=\"801\" \/>\n\t<meta property=\"og:image:type\" content=\"image\/webp\" \/>\n<meta name=\"twitter:card\" content=\"summary_large_image\" \/>\n<meta name=\"twitter:label1\" content=\"Dur\u00e9e de lecture estim\u00e9e\" \/>\n\t<meta name=\"twitter:data1\" content=\"1 minuto\" \/>\n<script type=\"application\/ld+json\" class=\"yoast-schema-graph\">{\"@context\":\"https:\/\/schema.org\",\"@graph\":[{\"@type\":\"WebPage\",\"@id\":\"https:\/\/www.csj-emballages.com\/it\/produit\/sacchetto-di-plastica-bianco-a-bretelle-con-codice-a-barre-26-12-x-45-cm-50-%c2%b5-da-500\/\",\"url\":\"https:\/\/www.csj-emballages.com\/it\/produit\/sacchetto-di-plastica-bianco-a-bretelle-con-codice-a-barre-26-12-x-45-cm-50-%c2%b5-da-500\/\",\"name\":\"Sacchetto di Plastica Bianco a Bretelle con Codice a Barre - 26 + 12 x 45 cm\",\"isPartOf\":{\"@id\":\"https:\/\/www.csj-emballages.com\/it\/#website\"},\"primaryImageOfPage\":{\"@id\":\"https:\/\/www.csj-emballages.com\/it\/produit\/sacchetto-di-plastica-bianco-a-bretelle-con-codice-a-barre-26-12-x-45-cm-50-%c2%b5-da-500\/#primaryimage\"},\"image\":{\"@id\":\"https:\/\/www.csj-emballages.com\/it\/produit\/sacchetto-di-plastica-bianco-a-bretelle-con-codice-a-barre-26-12-x-45-cm-50-%c2%b5-da-500\/#primaryimage\"},\"thumbnailUrl\":\"https:\/\/www.csj-emballages.com\/wp-content\/uploads\/2024\/03\/SAC2645GENCODE.webp\",\"datePublished\":\"2024-03-01T15:50:10+00:00\",\"dateModified\":\"2026-04-18T00:16:19+00:00\",\"description\":\"Sacchetto di plastica bianco 50\u00b5 - Scopri il nostro sacchetto di plastica bianco, robusto e pratico. Ideale per tutte le tue esigenze di imballaggio, resistente e riciclabile.\",\"breadcrumb\":{\"@id\":\"https:\/\/www.csj-emballages.com\/it\/produit\/sacchetto-di-plastica-bianco-a-bretelle-con-codice-a-barre-26-12-x-45-cm-50-%c2%b5-da-500\/#breadcrumb\"},\"inLanguage\":\"it-IT\",\"potentialAction\":[{\"@type\":\"ReadAction\",\"target\":[\"https:\/\/www.csj-emballages.com\/it\/produit\/sacchetto-di-plastica-bianco-a-bretelle-con-codice-a-barre-26-12-x-45-cm-50-%c2%b5-da-500\/\"]}]},{\"@type\":\"ImageObject\",\"inLanguage\":\"it-IT\",\"@id\":\"https:\/\/www.csj-emballages.com\/it\/produit\/sacchetto-di-plastica-bianco-a-bretelle-con-codice-a-barre-26-12-x-45-cm-50-%c2%b5-da-500\/#primaryimage\",\"url\":\"https:\/\/www.csj-emballages.com\/wp-content\/uploads\/2024\/03\/SAC2645GENCODE.webp\",\"contentUrl\":\"https:\/\/www.csj-emballages.com\/wp-content\/uploads\/2024\/03\/SAC2645GENCODE.webp\",\"width\":801,\"height\":801,\"caption\":\"sac bretelle\"},{\"@type\":\"BreadcrumbList\",\"@id\":\"https:\/\/www.csj-emballages.com\/it\/produit\/sacchetto-di-plastica-bianco-a-bretelle-con-codice-a-barre-26-12-x-45-cm-50-%c2%b5-da-500\/#breadcrumb\",\"itemListElement\":[{\"@type\":\"ListItem\",\"position\":1,\"name\":\"Home\",\"item\":\"https:\/\/www.csj-emballages.com\/it\/universo-imballaggi-alimentari\/\"},{\"@type\":\"ListItem\",\"position\":2,\"name\":\"Negozio\",\"item\":\"https:\/\/www.csj-emballages.com\/it\/negozio\/\"},{\"@type\":\"ListItem\",\"position\":3,\"name\":\"Sacchetto di plastica bianco a bretelle con codice a barre 26 + 12 x 45 cm 50 \u00b5 da 500\"}]},{\"@type\":\"WebSite\",\"@id\":\"https:\/\/www.csj-emballages.com\/it\/#website\",\"url\":\"https:\/\/www.csj-emballages.com\/it\/\",\"name\":\"CSJ Emballages\",\"description\":\"\",\"publisher\":{\"@id\":\"https:\/\/www.csj-emballages.com\/it\/#organization\"},\"potentialAction\":[{\"@type\":\"SearchAction\",\"target\":{\"@type\":\"EntryPoint\",\"urlTemplate\":\"https:\/\/www.csj-emballages.com\/it\/?s={search_term_string}\"},\"query-input\":{\"@type\":\"PropertyValueSpecification\",\"valueRequired\":true,\"valueName\":\"search_term_string\"}}],\"inLanguage\":\"it-IT\"},{\"@type\":\"Organization\",\"@id\":\"https:\/\/www.csj-emballages.com\/it\/#Organization\/\",\"name\":\"CSJ Emballages\",\"url\":\"https:\/\/www.csj-emballages.com\/it\/\",\"logo\":{\"@type\":\"ImageObject\",\"inLanguage\":\"it-IT\",\"@id\":\"https:\/\/www.csj-emballages.com\/it\/#\/schema\/logo\/image\/\",\"url\":\"https:\/\/www.csj-emballages.com\/wp-content\/uploads\/2023\/10\/logo_csj.webp\",\"contentUrl\":\"https:\/\/www.csj-emballages.com\/wp-content\/uploads\/2023\/10\/logo_csj.webp\",\"width\":250,\"height\":95,\"caption\":\"CSJ Emballages\"},\"image\":{\"@id\":\"https:\/\/www.csj-emballages.com\/it\/#\/schema\/logo\/image\/\"},\"sameAs\":[\"https:\/\/www.facebook.com\/csjemballages\"],\"address\":{\"@type\":\"PostalAddress\",\"streetAddress\":\"ZI La Lechere\",\"addressLocality\":\"Patornay\",\"postalCode\":\"39130\",\"addressCountry\":\"FR\"},\"contactPoint\":[{\"@type\":\"ContactPoint\",\"contactType\":\"Service client\",\"telephone\":\"0384254272\",\"email\":\"contact@csj-emballages.com\"}]}]}<\/script>\n<!-- \/ Yoast SEO Premium plugin. -->","yoast_head_json":{"title":"Sacchetto di Plastica Bianco a Bretelle con Codice a Barre - 26 + 12 x 45 cm","description":"Sacchetto di plastica bianco 50\u00b5 - Scopri il nostro sacchetto di plastica bianco, robusto e pratico. Ideale per tutte le tue esigenze di imballaggio, resistente e riciclabile.","robots":{"index":"index","follow":"follow","max-snippet":"max-snippet:-1","max-image-preview":"max-image-preview:large","max-video-preview":"max-video-preview:-1"},"canonical":"https:\/\/www.csj-emballages.com\/it\/produit\/sacchetto-di-plastica-bianco-a-bretelle-con-codice-a-barre-26-12-x-45-cm-50-%c2%b5-da-500\/","og_locale":"it_IT","og_type":"article","og_title":"Sacchetto di plastica bianco a bretelle con codice a barre 26 + 12 x 45 cm 50 \u00b5 da 500","og_description":"Sacchetto di plastica bianco 50\u00b5 - Scopri il nostro sacchetto di plastica bianco, robusto e pratico. Ideale per tutte le tue esigenze di imballaggio, resistente e riciclabile.","og_url":"https:\/\/www.csj-emballages.com\/it\/produit\/sacchetto-di-plastica-bianco-a-bretelle-con-codice-a-barre-26-12-x-45-cm-50-%c2%b5-da-500\/","og_site_name":"CSJ Emballages","article_publisher":"https:\/\/www.facebook.com\/csjemballages","article_modified_time":"2026-04-18T00:16:19+00:00","og_image":[{"width":801,"height":801,"url":"https:\/\/www.csj-emballages.com\/wp-content\/uploads\/2024\/03\/SAC2645GENCODE.webp","type":"image\/webp"}],"twitter_card":"summary_large_image","twitter_misc":{"Dur\u00e9e de lecture estim\u00e9e":"1 minuto"},"schema":{"@context":"https:\/\/schema.org","@graph":[{"@type":"WebPage","@id":"https:\/\/www.csj-emballages.com\/it\/produit\/sacchetto-di-plastica-bianco-a-bretelle-con-codice-a-barre-26-12-x-45-cm-50-%c2%b5-da-500\/","url":"https:\/\/www.csj-emballages.com\/it\/produit\/sacchetto-di-plastica-bianco-a-bretelle-con-codice-a-barre-26-12-x-45-cm-50-%c2%b5-da-500\/","name":"Sacchetto di Plastica Bianco a Bretelle con Codice a Barre - 26 + 12 x 45 cm","isPartOf":{"@id":"https:\/\/www.csj-emballages.com\/it\/#website"},"primaryImageOfPage":{"@id":"https:\/\/www.csj-emballages.com\/it\/produit\/sacchetto-di-plastica-bianco-a-bretelle-con-codice-a-barre-26-12-x-45-cm-50-%c2%b5-da-500\/#primaryimage"},"image":{"@id":"https:\/\/www.csj-emballages.com\/it\/produit\/sacchetto-di-plastica-bianco-a-bretelle-con-codice-a-barre-26-12-x-45-cm-50-%c2%b5-da-500\/#primaryimage"},"thumbnailUrl":"https:\/\/www.csj-emballages.com\/wp-content\/uploads\/2024\/03\/SAC2645GENCODE.webp","datePublished":"2024-03-01T15:50:10+00:00","dateModified":"2026-04-18T00:16:19+00:00","description":"Sacchetto di plastica bianco 50\u00b5 - Scopri il nostro sacchetto di plastica bianco, robusto e pratico. Ideale per tutte le tue esigenze di imballaggio, resistente e riciclabile.","breadcrumb":{"@id":"https:\/\/www.csj-emballages.com\/it\/produit\/sacchetto-di-plastica-bianco-a-bretelle-con-codice-a-barre-26-12-x-45-cm-50-%c2%b5-da-500\/#breadcrumb"},"inLanguage":"it-IT","potentialAction":[{"@type":"ReadAction","target":["https:\/\/www.csj-emballages.com\/it\/produit\/sacchetto-di-plastica-bianco-a-bretelle-con-codice-a-barre-26-12-x-45-cm-50-%c2%b5-da-500\/"]}]},{"@type":"ImageObject","inLanguage":"it-IT","@id":"https:\/\/www.csj-emballages.com\/it\/produit\/sacchetto-di-plastica-bianco-a-bretelle-con-codice-a-barre-26-12-x-45-cm-50-%c2%b5-da-500\/#primaryimage","url":"https:\/\/www.csj-emballages.com\/wp-content\/uploads\/2024\/03\/SAC2645GENCODE.webp","contentUrl":"https:\/\/www.csj-emballages.com\/wp-content\/uploads\/2024\/03\/SAC2645GENCODE.webp","width":801,"height":801,"caption":"sac bretelle"},{"@type":"BreadcrumbList","@id":"https:\/\/www.csj-emballages.com\/it\/produit\/sacchetto-di-plastica-bianco-a-bretelle-con-codice-a-barre-26-12-x-45-cm-50-%c2%b5-da-500\/#breadcrumb","itemListElement":[{"@type":"ListItem","position":1,"name":"Home","item":"https:\/\/www.csj-emballages.com\/it\/universo-imballaggi-alimentari\/"},{"@type":"ListItem","position":2,"name":"Negozio","item":"https:\/\/www.csj-emballages.com\/it\/negozio\/"},{"@type":"ListItem","position":3,"name":"Sacchetto di plastica bianco a bretelle con codice a barre 26 + 12 x 45 cm 50 \u00b5 da 500"}]},{"@type":"WebSite","@id":"https:\/\/www.csj-emballages.com\/it\/#website","url":"https:\/\/www.csj-emballages.com\/it\/","name":"CSJ Emballages","description":"","publisher":{"@id":"https:\/\/www.csj-emballages.com\/it\/#organization"},"potentialAction":[{"@type":"SearchAction","target":{"@type":"EntryPoint","urlTemplate":"https:\/\/www.csj-emballages.com\/it\/?s={search_term_string}"},"query-input":{"@type":"PropertyValueSpecification","valueRequired":true,"valueName":"search_term_string"}}],"inLanguage":"it-IT"},{"@type":"Organization","@id":"https:\/\/www.csj-emballages.com\/it\/#Organization\/","name":"CSJ Emballages","url":"https:\/\/www.csj-emballages.com\/it\/","logo":{"@type":"ImageObject","inLanguage":"it-IT","@id":"https:\/\/www.csj-emballages.com\/it\/#\/schema\/logo\/image\/","url":"https:\/\/www.csj-emballages.com\/wp-content\/uploads\/2023\/10\/logo_csj.webp","contentUrl":"https:\/\/www.csj-emballages.com\/wp-content\/uploads\/2023\/10\/logo_csj.webp","width":250,"height":95,"caption":"CSJ Emballages"},"image":{"@id":"https:\/\/www.csj-emballages.com\/it\/#\/schema\/logo\/image\/"},"sameAs":["https:\/\/www.facebook.com\/csjemballages"],"address":{"@type":"PostalAddress","streetAddress":"ZI La Lechere","addressLocality":"Patornay","postalCode":"39130","addressCountry":"FR"},"contactPoint":[{"@type":"ContactPoint","contactType":"Service client","telephone":"0384254272","email":"contact@csj-emballages.com"}]}]}},"df_price":22.32,"df_sale_price":"","df_regular_price":22.32,"df_image_link":"https:\/\/www.csj-emballages.com\/wp-content\/uploads\/2024\/03\/SAC2645GENCODE-300x300.webp","tiered_pricing_type":"fixed","tiered_pricing_fixed_rules":[],"tiered_pricing_percentage_rules":[],"tiered_pricing_minimum":1,"tiered_pricing_roles_data":[],"_links":{"self":[{"href":"https:\/\/www.csj-emballages.com\/it\/wp-json\/wp\/v2\/product\/270202","targetHints":{"allow":["GET"]}}],"collection":[{"href":"https:\/\/www.csj-emballages.com\/it\/wp-json\/wp\/v2\/product"}],"about":[{"href":"https:\/\/www.csj-emballages.com\/it\/wp-json\/wp\/v2\/types\/product"}],"wp:featuredmedia":[{"embeddable":true,"href":"https:\/\/www.csj-emballages.com\/it\/wp-json\/wp\/v2\/media\/270219"}],"wp:attachment":[{"href":"https:\/\/www.csj-emballages.com\/it\/wp-json\/wp\/v2\/media?parent=270202"}],"wp:term":[{"taxonomy":"product_brand","embeddable":true,"href":"https:\/\/www.csj-emballages.com\/it\/wp-json\/wp\/v2\/product_brand?post=270202"},{"taxonomy":"product_cat","embeddable":true,"href":"https:\/\/www.csj-emballages.com\/it\/wp-json\/wp\/v2\/product_cat?post=270202"},{"taxonomy":"product_tag","embeddable":true,"href":"https:\/\/www.csj-emballages.com\/it\/wp-json\/wp\/v2\/product_tag?post=270202"}],"curies":[{"name":"wp","href":"https:\/\/api.w.org\/{rel}","templated":true}]}}