{"id":270199,"date":"2024-03-01T16:50:09","date_gmt":"2024-03-01T15:50:09","guid":{"rendered":"https:\/\/www.csj-emballages.com\/produit\/sacchi-per-macello-a-mazzetti-40-x-60-cm-30-%c2%b5-da-1000\/"},"modified":"2026-04-14T02:20:46","modified_gmt":"2026-04-14T00:20:46","slug":"sacchi-per-macello-a-mazzetti-40-x-60-cm-30-%c2%b5-da-1000","status":"publish","type":"product","link":"https:\/\/www.csj-emballages.com\/it\/produit\/sacchi-per-macello-a-mazzetti-40-x-60-cm-30-%c2%b5-da-1000\/","title":{"rendered":"Sacchi per macello a mazzetti 40 x 60 cm 30 \u00b5 da 1000"},"content":{"rendered":"<h2>Sacco per macello<\/h2>\n<hr>\n<h3>Descrizione del nostro sacco per macello a mazzetti 40 x 60 cm 30 \u00b5 da 1000<\/h3>\n<p><!--more--><\/p>\n<div class=\"flex flex-grow flex-col max-w-full\">\n<div class=\"min-h-[20px] text-message flex flex-col items-start whitespace-pre-wrap break-words [.text-message+&amp;]:mt-5 juice:w-full juice:items-end overflow-x-auto gap-2\" dir=\"auto\" data-message-author-role=\"assistant\" data-message-id=\"3a536f7e-879d-4f2d-9ebb-28d2279e1068\">\n<div class=\"flex w-full flex-col gap-1 juice:empty:hidden juice:first:pt-[3px]\">\n<div class=\"markdown prose w-full break-words dark:prose-invert light\">\n<p>Il <strong>sacco per macello a mazzetti 40 x 60 cm 30 \u00b5<\/strong> \u00e8 progettato per garantire una protezione ottimale e resistenza in ambienti impegnativi. Con una capacit\u00e0 di <strong>1000<\/strong> per lotto, \u00e8 ideale per l\u2019uso nei macelli e in altre industrie simili. La produzione in polietilene da <strong>30 micron<\/strong> assicura solidit\u00e0 anche con un utilizzo intensivo, offrendo al contempo la flessibilit\u00e0 per una facile manipolazione. Questo prodotto \u00e8 perfetto per lo stoccaggio, il trasporto e lo smaltimento dei rifiuti in ambito professionale.   <\/p>\n<\/div>\n<\/div>\n<p>&nbsp;<\/p>\n<\/div>\n<\/div>\n<p><!--more--><\/p>\n<h4>Vantaggi:<\/h4>\n<ul>\n<li data-start=\"1840\" data-end=\"1884\">Formato grande adatto a volumi importanti.<\/li>\n<li data-start=\"1887\" data-end=\"1933\"><strong>Spessore 30 \u00b5<\/strong> per una maggiore resistenza.<\/li>\n<li data-start=\"1936\" data-end=\"1977\">Presentazione a mazzetti pratica e veloce.<\/li>\n<li data-start=\"1980\" data-end=\"2015\">Uso semplice e versatile.<\/li>\n<li data-start=\"2018\" data-end=\"2058\">Confezione conveniente da <strong>1000 sacchi<\/strong>.<\/li>\n<\/ul>\n<p>&nbsp;<\/p>\n<p><!--more--><\/p>\n<h4>I loro vantaggi:<\/h4>\n<ul>\n<li><strong>Ecologici<\/strong>: realizzati in carta riciclabile e biodegradabile, questi sacchi riducono l\u2019uso della plastica, contribuendo a diminuire i rifiuti plastici e l\u2019inquinamento ambientale.<\/li>\n<li><strong>Variet\u00e0<\/strong>: disponibile in diverse misure e colori in base alle esigenze.<\/li>\n<li><strong>Estetici<\/strong>: i sacchi in carta kraft hanno un aspetto naturale e rustico che piace a molti consumatori. Il loro look sobrio ed elegante pu\u00f2 anche rafforzare l\u2019immagine del marchio dei negozi che li utilizzano. <\/li>\n<\/ul>\n<p>&nbsp;<\/p>\n<p><!--more--><\/p>\n<p>Prodotto disponibile in misura superiore: <span style=\"color: #d12727;\"><a style=\"color: #d12727;\" href=\"https:\/\/www.csj-emballages.com\/produit\/300-sacs-abattoirs-liasses-60-x-100-cm-50-%c2%b5\/\">60 x 100 cm<\/a><\/span><\/p>\n<p>&nbsp;<\/p>\n<p><!--more--><\/p>\n<p><a href=\"https:\/\/www.csj-emballages.com\/it\/categorie-produit\/sacchi-per-macello\/\">Scopri il resto della nostra gamma di sacchi per macello<\/a><\/p>\n","protected":false},"excerpt":{"rendered":"<p>Sacco per macello Descrizione del nostro sacco per macello a mazzetti 40 x 60 cm 30 \u00b5 da 1000<\/p>\n","protected":false},"featured_media":270022,"template":"","meta":{"_acf_changed":false},"product_brand":[],"product_cat":[10381,11160],"product_tag":[],"class_list":{"0":"post-270199","1":"product","2":"type-product","3":"status-publish","4":"has-post-thumbnail","6":"product_cat-macelleria-gastronomia-ortofrutta","7":"product_cat-sacchi-per-macello","9":"first","10":"instock","11":"taxable","12":"shipping-taxable","13":"purchasable","14":"product-type-simple"},"acf":[],"yoast_head":"<!-- This site is optimized with the Yoast SEO Premium plugin v26.6 (Yoast SEO v26.6) - https:\/\/yoast.com\/wordpress\/plugins\/seo\/ -->\n<title>Sacchi per macello a mazzetti 30 \u00b5 - 40 x 60 cm<\/title>\n<meta name=\"description\" content=\"Sacchi per macello a mazzetti 40 x 60 cm 30 \u00b5 da 1000: robusti, flessibili e adatti ad ambienti impegnativi, ideali per lo stoccaggio e il trasporto dei rifiuti.\" \/>\n<meta name=\"robots\" content=\"index, follow, max-snippet:-1, max-image-preview:large, max-video-preview:-1\" \/>\n<link rel=\"canonical\" href=\"https:\/\/www.csj-emballages.com\/it\/produit\/sacchi-per-macello-a-mazzetti-40-x-60-cm-30-%c2%b5-da-1000\/\" \/>\n<meta property=\"og:locale\" content=\"it_IT\" \/>\n<meta property=\"og:type\" content=\"article\" \/>\n<meta property=\"og:title\" content=\"Sacchi per macello a mazzetti 40 x 60 cm 30 \u00b5 da 1000\" \/>\n<meta property=\"og:description\" content=\"Sacchi per macello a mazzetti 40 x 60 cm 30 \u00b5 da 1000: robusti, flessibili e adatti ad ambienti impegnativi, ideali per lo stoccaggio e il trasporto dei rifiuti.\" \/>\n<meta property=\"og:url\" content=\"https:\/\/www.csj-emballages.com\/it\/produit\/sacchi-per-macello-a-mazzetti-40-x-60-cm-30-%c2%b5-da-1000\/\" \/>\n<meta property=\"og:site_name\" content=\"CSJ Emballages\" \/>\n<meta property=\"article:publisher\" content=\"https:\/\/www.facebook.com\/csjemballages\" \/>\n<meta property=\"article:modified_time\" content=\"2026-04-14T00:20:46+00:00\" \/>\n<meta property=\"og:image\" content=\"https:\/\/www.csj-emballages.com\/wp-content\/uploads\/2024\/03\/sac-abattoir.webp\" \/>\n\t<meta property=\"og:image:width\" content=\"801\" \/>\n\t<meta property=\"og:image:height\" content=\"800\" \/>\n\t<meta property=\"og:image:type\" content=\"image\/webp\" \/>\n<meta name=\"twitter:card\" content=\"summary_large_image\" \/>\n<meta name=\"twitter:label1\" content=\"Dur\u00e9e de lecture estim\u00e9e\" \/>\n\t<meta name=\"twitter:data1\" content=\"1 minuto\" \/>\n<script type=\"application\/ld+json\" class=\"yoast-schema-graph\">{\"@context\":\"https:\/\/schema.org\",\"@graph\":[{\"@type\":\"WebPage\",\"@id\":\"https:\/\/www.csj-emballages.com\/it\/produit\/sacchi-per-macello-a-mazzetti-40-x-60-cm-30-%c2%b5-da-1000\/\",\"url\":\"https:\/\/www.csj-emballages.com\/it\/produit\/sacchi-per-macello-a-mazzetti-40-x-60-cm-30-%c2%b5-da-1000\/\",\"name\":\"Sacchi per macello a mazzetti 30 \u00b5 - 40 x 60 cm\",\"isPartOf\":{\"@id\":\"https:\/\/www.csj-emballages.com\/it\/#website\"},\"primaryImageOfPage\":{\"@id\":\"https:\/\/www.csj-emballages.com\/it\/produit\/sacchi-per-macello-a-mazzetti-40-x-60-cm-30-%c2%b5-da-1000\/#primaryimage\"},\"image\":{\"@id\":\"https:\/\/www.csj-emballages.com\/it\/produit\/sacchi-per-macello-a-mazzetti-40-x-60-cm-30-%c2%b5-da-1000\/#primaryimage\"},\"thumbnailUrl\":\"https:\/\/www.csj-emballages.com\/wp-content\/uploads\/2024\/03\/sac-abattoir.webp\",\"datePublished\":\"2024-03-01T15:50:09+00:00\",\"dateModified\":\"2026-04-14T00:20:46+00:00\",\"description\":\"Sacchi per macello a mazzetti 40 x 60 cm 30 \u00b5 da 1000: robusti, flessibili e adatti ad ambienti impegnativi, ideali per lo stoccaggio e il trasporto dei rifiuti.\",\"breadcrumb\":{\"@id\":\"https:\/\/www.csj-emballages.com\/it\/produit\/sacchi-per-macello-a-mazzetti-40-x-60-cm-30-%c2%b5-da-1000\/#breadcrumb\"},\"inLanguage\":\"it-IT\",\"potentialAction\":[{\"@type\":\"ReadAction\",\"target\":[\"https:\/\/www.csj-emballages.com\/it\/produit\/sacchi-per-macello-a-mazzetti-40-x-60-cm-30-%c2%b5-da-1000\/\"]}]},{\"@type\":\"ImageObject\",\"inLanguage\":\"it-IT\",\"@id\":\"https:\/\/www.csj-emballages.com\/it\/produit\/sacchi-per-macello-a-mazzetti-40-x-60-cm-30-%c2%b5-da-1000\/#primaryimage\",\"url\":\"https:\/\/www.csj-emballages.com\/wp-content\/uploads\/2024\/03\/sac-abattoir.webp\",\"contentUrl\":\"https:\/\/www.csj-emballages.com\/wp-content\/uploads\/2024\/03\/sac-abattoir.webp\",\"width\":801,\"height\":800,\"caption\":\"sac abattoir\"},{\"@type\":\"BreadcrumbList\",\"@id\":\"https:\/\/www.csj-emballages.com\/it\/produit\/sacchi-per-macello-a-mazzetti-40-x-60-cm-30-%c2%b5-da-1000\/#breadcrumb\",\"itemListElement\":[{\"@type\":\"ListItem\",\"position\":1,\"name\":\"Home\",\"item\":\"https:\/\/www.csj-emballages.com\/it\/universo-imballaggi-alimentari\/\"},{\"@type\":\"ListItem\",\"position\":2,\"name\":\"Negozio\",\"item\":\"https:\/\/www.csj-emballages.com\/it\/negozio\/\"},{\"@type\":\"ListItem\",\"position\":3,\"name\":\"Sacchi per macello a mazzetti 40 x 60 cm 30 \u00b5 da 1000\"}]},{\"@type\":\"WebSite\",\"@id\":\"https:\/\/www.csj-emballages.com\/it\/#website\",\"url\":\"https:\/\/www.csj-emballages.com\/it\/\",\"name\":\"CSJ Emballages\",\"description\":\"\",\"publisher\":{\"@id\":\"https:\/\/www.csj-emballages.com\/it\/#organization\"},\"potentialAction\":[{\"@type\":\"SearchAction\",\"target\":{\"@type\":\"EntryPoint\",\"urlTemplate\":\"https:\/\/www.csj-emballages.com\/it\/?s={search_term_string}\"},\"query-input\":{\"@type\":\"PropertyValueSpecification\",\"valueRequired\":true,\"valueName\":\"search_term_string\"}}],\"inLanguage\":\"it-IT\"},{\"@type\":\"Organization\",\"@id\":\"https:\/\/www.csj-emballages.com\/it\/#Organization\/\",\"name\":\"CSJ Emballages\",\"url\":\"https:\/\/www.csj-emballages.com\/it\/\",\"logo\":{\"@type\":\"ImageObject\",\"inLanguage\":\"it-IT\",\"@id\":\"https:\/\/www.csj-emballages.com\/it\/#\/schema\/logo\/image\/\",\"url\":\"https:\/\/www.csj-emballages.com\/wp-content\/uploads\/2023\/10\/logo_csj.webp\",\"contentUrl\":\"https:\/\/www.csj-emballages.com\/wp-content\/uploads\/2023\/10\/logo_csj.webp\",\"width\":250,\"height\":95,\"caption\":\"CSJ Emballages\"},\"image\":{\"@id\":\"https:\/\/www.csj-emballages.com\/it\/#\/schema\/logo\/image\/\"},\"sameAs\":[\"https:\/\/www.facebook.com\/csjemballages\"],\"address\":{\"@type\":\"PostalAddress\",\"streetAddress\":\"ZI La Lechere\",\"addressLocality\":\"Patornay\",\"postalCode\":\"39130\",\"addressCountry\":\"FR\"},\"contactPoint\":[{\"@type\":\"ContactPoint\",\"contactType\":\"Service client\",\"telephone\":\"0384254272\",\"email\":\"contact@csj-emballages.com\"}]}]}<\/script>\n<!-- \/ Yoast SEO Premium plugin. -->","yoast_head_json":{"title":"Sacchi per macello a mazzetti 30 \u00b5 - 40 x 60 cm","description":"Sacchi per macello a mazzetti 40 x 60 cm 30 \u00b5 da 1000: robusti, flessibili e adatti ad ambienti impegnativi, ideali per lo stoccaggio e il trasporto dei rifiuti.","robots":{"index":"index","follow":"follow","max-snippet":"max-snippet:-1","max-image-preview":"max-image-preview:large","max-video-preview":"max-video-preview:-1"},"canonical":"https:\/\/www.csj-emballages.com\/it\/produit\/sacchi-per-macello-a-mazzetti-40-x-60-cm-30-%c2%b5-da-1000\/","og_locale":"it_IT","og_type":"article","og_title":"Sacchi per macello a mazzetti 40 x 60 cm 30 \u00b5 da 1000","og_description":"Sacchi per macello a mazzetti 40 x 60 cm 30 \u00b5 da 1000: robusti, flessibili e adatti ad ambienti impegnativi, ideali per lo stoccaggio e il trasporto dei rifiuti.","og_url":"https:\/\/www.csj-emballages.com\/it\/produit\/sacchi-per-macello-a-mazzetti-40-x-60-cm-30-%c2%b5-da-1000\/","og_site_name":"CSJ Emballages","article_publisher":"https:\/\/www.facebook.com\/csjemballages","article_modified_time":"2026-04-14T00:20:46+00:00","og_image":[{"width":801,"height":800,"url":"https:\/\/www.csj-emballages.com\/wp-content\/uploads\/2024\/03\/sac-abattoir.webp","type":"image\/webp"}],"twitter_card":"summary_large_image","twitter_misc":{"Dur\u00e9e de lecture estim\u00e9e":"1 minuto"},"schema":{"@context":"https:\/\/schema.org","@graph":[{"@type":"WebPage","@id":"https:\/\/www.csj-emballages.com\/it\/produit\/sacchi-per-macello-a-mazzetti-40-x-60-cm-30-%c2%b5-da-1000\/","url":"https:\/\/www.csj-emballages.com\/it\/produit\/sacchi-per-macello-a-mazzetti-40-x-60-cm-30-%c2%b5-da-1000\/","name":"Sacchi per macello a mazzetti 30 \u00b5 - 40 x 60 cm","isPartOf":{"@id":"https:\/\/www.csj-emballages.com\/it\/#website"},"primaryImageOfPage":{"@id":"https:\/\/www.csj-emballages.com\/it\/produit\/sacchi-per-macello-a-mazzetti-40-x-60-cm-30-%c2%b5-da-1000\/#primaryimage"},"image":{"@id":"https:\/\/www.csj-emballages.com\/it\/produit\/sacchi-per-macello-a-mazzetti-40-x-60-cm-30-%c2%b5-da-1000\/#primaryimage"},"thumbnailUrl":"https:\/\/www.csj-emballages.com\/wp-content\/uploads\/2024\/03\/sac-abattoir.webp","datePublished":"2024-03-01T15:50:09+00:00","dateModified":"2026-04-14T00:20:46+00:00","description":"Sacchi per macello a mazzetti 40 x 60 cm 30 \u00b5 da 1000: robusti, flessibili e adatti ad ambienti impegnativi, ideali per lo stoccaggio e il trasporto dei rifiuti.","breadcrumb":{"@id":"https:\/\/www.csj-emballages.com\/it\/produit\/sacchi-per-macello-a-mazzetti-40-x-60-cm-30-%c2%b5-da-1000\/#breadcrumb"},"inLanguage":"it-IT","potentialAction":[{"@type":"ReadAction","target":["https:\/\/www.csj-emballages.com\/it\/produit\/sacchi-per-macello-a-mazzetti-40-x-60-cm-30-%c2%b5-da-1000\/"]}]},{"@type":"ImageObject","inLanguage":"it-IT","@id":"https:\/\/www.csj-emballages.com\/it\/produit\/sacchi-per-macello-a-mazzetti-40-x-60-cm-30-%c2%b5-da-1000\/#primaryimage","url":"https:\/\/www.csj-emballages.com\/wp-content\/uploads\/2024\/03\/sac-abattoir.webp","contentUrl":"https:\/\/www.csj-emballages.com\/wp-content\/uploads\/2024\/03\/sac-abattoir.webp","width":801,"height":800,"caption":"sac abattoir"},{"@type":"BreadcrumbList","@id":"https:\/\/www.csj-emballages.com\/it\/produit\/sacchi-per-macello-a-mazzetti-40-x-60-cm-30-%c2%b5-da-1000\/#breadcrumb","itemListElement":[{"@type":"ListItem","position":1,"name":"Home","item":"https:\/\/www.csj-emballages.com\/it\/universo-imballaggi-alimentari\/"},{"@type":"ListItem","position":2,"name":"Negozio","item":"https:\/\/www.csj-emballages.com\/it\/negozio\/"},{"@type":"ListItem","position":3,"name":"Sacchi per macello a mazzetti 40 x 60 cm 30 \u00b5 da 1000"}]},{"@type":"WebSite","@id":"https:\/\/www.csj-emballages.com\/it\/#website","url":"https:\/\/www.csj-emballages.com\/it\/","name":"CSJ Emballages","description":"","publisher":{"@id":"https:\/\/www.csj-emballages.com\/it\/#organization"},"potentialAction":[{"@type":"SearchAction","target":{"@type":"EntryPoint","urlTemplate":"https:\/\/www.csj-emballages.com\/it\/?s={search_term_string}"},"query-input":{"@type":"PropertyValueSpecification","valueRequired":true,"valueName":"search_term_string"}}],"inLanguage":"it-IT"},{"@type":"Organization","@id":"https:\/\/www.csj-emballages.com\/it\/#Organization\/","name":"CSJ Emballages","url":"https:\/\/www.csj-emballages.com\/it\/","logo":{"@type":"ImageObject","inLanguage":"it-IT","@id":"https:\/\/www.csj-emballages.com\/it\/#\/schema\/logo\/image\/","url":"https:\/\/www.csj-emballages.com\/wp-content\/uploads\/2023\/10\/logo_csj.webp","contentUrl":"https:\/\/www.csj-emballages.com\/wp-content\/uploads\/2023\/10\/logo_csj.webp","width":250,"height":95,"caption":"CSJ Emballages"},"image":{"@id":"https:\/\/www.csj-emballages.com\/it\/#\/schema\/logo\/image\/"},"sameAs":["https:\/\/www.facebook.com\/csjemballages"],"address":{"@type":"PostalAddress","streetAddress":"ZI La Lechere","addressLocality":"Patornay","postalCode":"39130","addressCountry":"FR"},"contactPoint":[{"@type":"ContactPoint","contactType":"Service client","telephone":"0384254272","email":"contact@csj-emballages.com"}]}]}},"df_price":60.41,"df_sale_price":"","df_regular_price":60.41,"df_image_link":"https:\/\/www.csj-emballages.com\/wp-content\/uploads\/2024\/03\/sac-abattoir-300x300.webp","tiered_pricing_type":"fixed","tiered_pricing_fixed_rules":[],"tiered_pricing_percentage_rules":[],"tiered_pricing_minimum":1,"tiered_pricing_roles_data":[],"_links":{"self":[{"href":"https:\/\/www.csj-emballages.com\/it\/wp-json\/wp\/v2\/product\/270199","targetHints":{"allow":["GET"]}}],"collection":[{"href":"https:\/\/www.csj-emballages.com\/it\/wp-json\/wp\/v2\/product"}],"about":[{"href":"https:\/\/www.csj-emballages.com\/it\/wp-json\/wp\/v2\/types\/product"}],"wp:featuredmedia":[{"embeddable":true,"href":"https:\/\/www.csj-emballages.com\/it\/wp-json\/wp\/v2\/media\/270022"}],"wp:attachment":[{"href":"https:\/\/www.csj-emballages.com\/it\/wp-json\/wp\/v2\/media?parent=270199"}],"wp:term":[{"taxonomy":"product_brand","embeddable":true,"href":"https:\/\/www.csj-emballages.com\/it\/wp-json\/wp\/v2\/product_brand?post=270199"},{"taxonomy":"product_cat","embeddable":true,"href":"https:\/\/www.csj-emballages.com\/it\/wp-json\/wp\/v2\/product_cat?post=270199"},{"taxonomy":"product_tag","embeddable":true,"href":"https:\/\/www.csj-emballages.com\/it\/wp-json\/wp\/v2\/product_tag?post=270199"}],"curies":[{"name":"wp","href":"https:\/\/api.w.org\/{rel}","templated":true}]}}