{"id":270070,"date":"2024-03-01T16:47:43","date_gmt":"2024-03-01T15:47:43","guid":{"rendered":"https:\/\/www.csj-emballages.com\/produit\/sacchi-sottovuoto-lisci-neri-25-x-35-cm-90-%c2%b5-da-100-pezzi\/"},"modified":"2026-04-16T02:17:04","modified_gmt":"2026-04-16T00:17:04","slug":"sacchi-sottovuoto-lisci-neri-25-x-35-cm-90-%c2%b5-da-100-pezzi","status":"publish","type":"product","link":"https:\/\/www.csj-emballages.com\/it\/produit\/sacchi-sottovuoto-lisci-neri-25-x-35-cm-90-%c2%b5-da-100-pezzi\/","title":{"rendered":"Sacchi sottovuoto lisci neri 25 x 35 cm 90 \u00b5, da 100 pezzi"},"content":{"rendered":"<div style=\"box-sizing: inherit; font-family: Roboto, sans-serif;\">\n<div style=\"box-sizing: inherit; font-family: Roboto, sans-serif;\">\n<div style=\"box-sizing: inherit; font-family: Roboto, sans-serif;\">\n<div style=\"box-sizing: inherit; font-family: Roboto, sans-serif;\">\n<div style=\"box-sizing: inherit; font-family: Roboto, sans-serif;\">\n<div style=\"box-sizing: inherit; font-family: Roboto, sans-serif;\">\n<div style=\"box-sizing: inherit; font-family: Roboto, sans-serif;\">\n<div style=\"box-sizing: inherit; font-family: Roboto, sans-serif;\">\n<div style=\"box-sizing: inherit; font-family: Roboto, sans-serif;\">\n<div style=\"box-sizing: inherit; font-family: Roboto, sans-serif;\">\n<div style=\"box-sizing: inherit; font-family: Roboto, sans-serif;\">\n<div style=\"box-sizing: inherit; font-family: Roboto, sans-serif;\">\n<div style=\"box-sizing: inherit; font-family: Roboto, sans-serif;\">\n<div class=\"flex flex-grow flex-col max-w-full\">\n<div class=\"min-h-[20px] text-message flex flex-col items-start whitespace-pre-wrap break-words [.text-message+&amp;]:mt-5 juice:w-full juice:items-end overflow-x-auto gap-2\" dir=\"auto\" data-message-author-role=\"assistant\" data-message-id=\"2034782e-88f9-44ef-b4dc-07dd7bf0115f\">\n<div class=\"flex w-full flex-col gap-1 juice:empty:hidden juice:first:pt-[3px]\">\n<div class=\"markdown prose w-full break-words dark:prose-invert light\">\n<div style=\"box-sizing: inherit; font-family: Roboto, sans-serif;\">\n<div style=\"box-sizing: inherit; font-family: Roboto, sans-serif;\">\n<div style=\"box-sizing: inherit; font-family: Roboto, sans-serif;\">\n<div style=\"box-sizing: inherit; font-family: Roboto, sans-serif;\">\n<div style=\"box-sizing: inherit; font-family: Roboto, sans-serif;\">\n<div style=\"box-sizing: inherit; font-family: Roboto, sans-serif;\">\n<h2>Sacchi sottovuoto<\/h2>\n<div style=\"box-sizing: inherit; font-family: Roboto, sans-serif;\">\n<div style=\"box-sizing: inherit; font-family: Roboto, sans-serif;\">\n<div style=\"box-sizing: inherit; font-family: Roboto, sans-serif;\">\n<div style=\"text-align: center;\">\n<div style=\"box-sizing: inherit; font-family: Roboto, sans-serif;\">\n<div style=\"box-sizing: inherit; font-family: Roboto, sans-serif;\">\n<div style=\"box-sizing: inherit; font-family: Roboto, sans-serif;\">\n<div style=\"box-sizing: inherit; font-family: Roboto, sans-serif;\">\n<div style=\"box-sizing: inherit; font-family: Roboto, sans-serif;\">\n<div style=\"box-sizing: inherit; font-family: Roboto, sans-serif; text-align: left;\">\n<hr>\n<h3 style=\"text-align: left;\">Descrizione dei sacchi sottovuoto lisci neri 25 x 35 cm 90 \u00b5<!--more--><\/h3>\n<\/div>\n<\/div>\n<\/div>\n<\/div>\n<\/div>\n<\/div>\n<\/div>\n<\/div>\n<\/div>\n<\/div>\n<\/div>\n<\/div>\n<\/div>\n<\/div>\n<\/div>\n<\/div>\n<\/div>\n<\/div>\n<\/div>\n<\/div>\n<\/div>\n<\/div>\n<\/div>\n<\/div>\n<\/div>\n<\/div>\n<\/div>\n<\/div>\n<\/div>\n<\/div>\n<\/div>\n<\/div>\n<\/div>\n<p>I <strong>sacchi sottovuoto<\/strong> sono una soluzione ideale per conservare i tuoi alimenti e prolungarne la durata. Il loro design in plastica <strong>nera<\/strong> <strong>liscia<\/strong>, con uno spessore di <strong>90 micron<\/strong>, offre una protezione ottimale contro aria, umidit\u00e0 e contaminanti esterni, garantendo che i tuoi prodotti mantengano le loro qualit\u00e0 nutrizionali e gustative pi\u00f9 a lungo. <\/p>\n<p>L&#8217;utilizzo dei <strong>sacchi sottovuoto per alimenti<\/strong> \u00e8 particolarmente vantaggioso nelle cucine professionali. Grazie alla loro robustezza e alla loro texture <strong>liscia<\/strong>, questi <b>sacchetti sottovuoto<\/b> sono compatibili con le <strong><span style=\"color: #ff0000;\">macchine a campana<\/span><\/strong>. Inoltre, il loro design nero conferisce un tocco elegante.  <\/p>\n<p>&nbsp;<\/p>\n<p><!--more--><\/p>\n<h4>Perch\u00e9 usare i nostri sacchetti sottovuoto?<\/h4>\n<p>Uno dei maggiori vantaggi di questo <strong>sacco sottovuoto per alimenti<\/strong> \u00e8 che permette di prolungare la durata di conservazione degli alimenti. Eliminando l&#8217;aria, uno dei principali fattori di deterioramento dei prodotti, questi <strong>sacchetti sottovuoto<\/strong> rallentano il processo di ossidazione. Allo stesso modo, sia per conservare carne, verdura, frutta, piatti pronti o anche prodotti secchi, questi <strong>sacchi di conservazione lisci<\/strong> garantiscono una conservazione ottimale.  <\/p>\n<p>Inoltre, questi <strong>sacchi<\/strong> sono molto facili da usare. Basta posizionare gli alimenti all&#8217;interno del sacco, utilizzare la macchina per rimuovere l&#8217;aria, e in pochi secondi si ottiene un imballaggio ermetico e sicuro. Questo processo non solo conserva gli alimenti pi\u00f9 a lungo, ma permette anche di risparmiare spazio nei frigoriferi o congelatori. Infatti, il <strong>sacco sottovuoto per alimenti<\/strong> comprime gli alimenti, facilitandone l&#8217;organizzazione e lo stoccaggio.   <\/p>\n<p>&nbsp;<\/p>\n<p><!--more--><\/p>\n<div style=\"box-sizing: inherit; font-family: Roboto, sans-serif;\">\n<div style=\"box-sizing: inherit; font-family: Roboto, sans-serif;\">\n<div style=\"box-sizing: inherit; font-family: Roboto, sans-serif;\">\n<div style=\"box-sizing: inherit; font-family: Roboto, sans-serif;\">\n<div style=\"box-sizing: inherit; font-family: Roboto, sans-serif;\">\n<div style=\"box-sizing: inherit; font-family: Roboto, sans-serif;\">\n<div style=\"box-sizing: inherit; font-family: Roboto, sans-serif;\">\n<div style=\"box-sizing: inherit; font-family: Roboto, sans-serif;\">\n<div style=\"box-sizing: inherit; font-family: Roboto, sans-serif;\">\n<div style=\"box-sizing: inherit; font-family: Roboto, sans-serif;\">\n<div style=\"box-sizing: inherit; font-family: Roboto, sans-serif;\">\n<div style=\"box-sizing: inherit; font-family: Roboto, sans-serif;\">\n<div style=\"box-sizing: inherit; font-family: Roboto, sans-serif;\">\n<div class=\"flex flex-grow flex-col max-w-full\">\n<div class=\"min-h-[20px] text-message flex flex-col items-start whitespace-pre-wrap break-words [.text-message+&amp;]:mt-5 juice:w-full juice:items-end overflow-x-auto gap-2\" dir=\"auto\" data-message-author-role=\"assistant\" data-message-id=\"2034782e-88f9-44ef-b4dc-07dd7bf0115f\">\n<div class=\"flex w-full flex-col gap-1 juice:empty:hidden juice:first:pt-[3px]\">\n<div class=\"markdown prose w-full break-words dark:prose-invert light\">\n<div style=\"box-sizing: inherit; font-family: Roboto, sans-serif;\">\n<div style=\"box-sizing: inherit; font-family: Roboto, sans-serif;\">\n<div style=\"box-sizing: inherit; font-family: Roboto, sans-serif;\">\n<div style=\"box-sizing: inherit; font-family: Roboto, sans-serif;\">\n<div style=\"box-sizing: inherit; font-family: Roboto, sans-serif;\">\n<div style=\"box-sizing: inherit; font-family: Roboto, sans-serif;\">\n<p>I <strong>sacchetti sottovuoto<\/strong> neri offrono anche un vantaggio estetico non trascurabile. Il loro colore scuro permette loro di distinguersi dagli altri tipi di sacchi sottovuoto sul mercato. Che tu sia un professionista della ristorazione o un privato, questi sacchi sono una scelta versatile e durevole per la conservazione degli alimenti.  <\/p>\n<p>Infine, questi <strong>sacchi sottovuoto<\/strong> in confezione da 100 sono anche ecologici, poich\u00e9 permettono di ridurre lo spreco alimentare. Ottimizzando la durata di conservazione dei tuoi prodotti, limiti gli scarti. <\/p>\n<p>In conclusione, i <strong>sacchi sottovuoto lisci neri<\/strong> sono una scelta pratica, efficace ed estetica.<\/p>\n<p>&nbsp;<\/p>\n<p><!--more--><\/p>\n<h4 style=\"text-align: left;\"><strong>I vantaggi dei sacchetti sottovuoto lisci neri:<\/strong><\/h4>\n<ul style=\"text-align: left;\">\n<li><strong>Prolungamento della durata di conservazione<\/strong>: I <strong>sacchi sottovuoto<\/strong> eliminano l&#8217;aria e rallentano l&#8217;ossidazione, permettendo di conservare gli alimenti pi\u00f9 a lungo.<\/li>\n<li><strong>Riduzione degli sprechi<\/strong>: Prolungando la vita dei prodotti, questi <strong>sacchi sottovuoto per alimenti<\/strong> contribuiscono a minimizzare gli sprechi.<\/li>\n<li><strong>Estetica<\/strong>: La loro superficie anteriore trasparente permette la visibilit\u00e0 del prodotto, mentre l&#8217;altra superficie nera gli conferisce un aspetto pi\u00f9 attraente.<\/li>\n<\/ul>\n<\/div>\n<\/div>\n<\/div>\n<\/div>\n<\/div>\n<\/div>\n<\/div>\n<\/div>\n<\/div>\n<\/div>\n<\/div>\n<\/div>\n<p>&nbsp;<\/p>\n<\/div>\n<\/div>\n<\/div>\n<\/div>\n<\/div>\n<\/div>\n<\/div>\n<\/div>\n<\/div>\n<\/div>\n<\/div>\n<p><!--more--><\/p>\n<h4>Altre informazioni:<\/h4>\n<ul style=\"box-sizing: inherit; font-family: Roboto, sans-serif;\">\n<li><strong>Confezionamento<\/strong>: Pacco da 100<\/li>\n<li><b>Compatibilit\u00e0: <\/b>Adatti solo per macchine a campana<\/li>\n<li><span style=\"font-weight: bold;\">Dimensione<\/span>: 25 x 35 cm<\/li>\n<li><strong>Materiale<\/strong>: PA\/PE (20\/70)<\/li>\n<li><strong>Termosaldabile<\/strong>: S\u00ec<\/li>\n<li><strong>Retraibili<\/strong>: No<\/li>\n<li><strong>Saldatura<\/strong>: 3 lati \/ apertura sul lato largo<\/li>\n<li>Sacchi senza BPA (Bisfenolo A)<\/li>\n<li><strong>Temperatura di utilizzo<\/strong>: -50 \u00b0C \/ +70 \u00b0C<\/li>\n<\/ul>\n<p>&nbsp;<\/p>\n<p><!--more--><\/p>\n<p>Questo prodotto \u00e8 disponibile in diverse misure: <span style=\"color: #d12727;\"><a style=\"color: #d12727;\" href=\"https:\/\/www.csj-emballages.com\/it\/produit\/buste-sottovuoto-lisce-nere-per-conservazione-15-x-20-cm-90-%c2%b5-confezione-da-100\/\">15 x 20 cm<\/a><\/span> \/ <span style=\"color: #d12727;\"><a style=\"color: #d12727;\" href=\"https:\/\/www.csj-emballages.com\/it\/produit\/sacchetti-sottovuoto-lisci-neri-15-x-30-cm-90-%c2%b5-confezione-da-100\/\">15 x 30 cm<\/a><\/span> \/ <span style=\"color: #d12727;\"><a style=\"color: #d12727;\" href=\"https:\/\/www.csj-emballages.com\/it\/produit\/sacchetti-sottovuoto-lisci-neri-per-conservazione-20-x-20-cm-90-%c2%b5-da-100-pezzi\/\">20 x 20 cm<\/a><\/span> \/ <span style=\"color: #d12727;\"><a style=\"color: #d12727;\" href=\"https:\/\/www.csj-emballages.com\/produit\/100-sacs-sous-vide-de-conservation-lisses-noirs-20-x-30-cm-90-%c2%b5-sachets-sous-vide\/https:\/\/www.csj-emballages.com\/produit\/100-sacs-sous-vides-de-conservation-noirs-20-x-25-cm-90-%c2%b5-sachets-sous-vide\/\">20 x 25 cm<\/a><\/span> \/ <span style=\"color: #d12727;\"><a style=\"color: #d12727;\" href=\"https:\/\/www.csj-emballages.com\/it\/produit\/sacchetti-sottovuoto-lisci-neri-20-x-30-cm-90-%c2%b5-confezione-da-100\/\">20 x 30 cm<\/a><\/span> \/ <span style=\"color: #d12727;\"><a style=\"color: #d12727;\" href=\"https:\/\/www.csj-emballages.com\/it\/produit\/sacchetto-sottovuoto-liscio-nero-30-x-40-cm-90-%c2%b5-da-100\/\">30 x 40 cm<\/a><\/span> \/ <span style=\"color: #d12727;\"><a style=\"color: #d12727;\" href=\"https:\/\/www.csj-emballages.com\/it\/produit\/sacchetto-sottovuoto-liscio-nero-35-x-45-cm-90-%c2%b5-confezione-da-100\/\">35 x 45 cm<\/a><\/span><\/p>\n<p>&nbsp;<\/p>\n<p><!--more--><\/p>\n<p>Trova qui la nostra placca oro compatibile con questi sacchi sottovuoto:<span style=\"color: #d12727;\"> <a style=\"color: #d12727;\" href=\"https:\/\/www.csj-emballages.com\/it\/produit\/placca-oro-o-sacchetto-sottovuoto-con-bordi-arrotondati-200-x-300-mm-da-100\/\">PLAQ2030<\/a><\/span><\/p>\n<p>&nbsp;<\/p>\n<p style=\"text-align: left;\"><!--more--><\/p>\n<p><a href=\"https:\/\/www.csj-emballages.com\/it\/categorie-produit\/imballaggi-alimentari\/macelleria-gastronomia-ortofrutta\/sacchetti-e-buste\/sacchetti-sottovuoto\/sacchetti-sottovuoto-lisci-neri\/\">Consulta il resto della nostra gamma di sacchi sottovuoto lisci neri<\/a><\/p>\n<p>&nbsp;<\/p>\n","protected":false},"excerpt":{"rendered":"<p>Sacchi sottovuoto Descrizione dei sacchi sottovuoto lisci neri 25 x 35 cm 90 \u00b5<\/p>\n","protected":false},"featured_media":269684,"template":"","meta":{"_acf_changed":false},"product_brand":[],"product_cat":[10346,10381,11074,11075],"product_tag":[],"class_list":{"0":"post-270070","1":"product","2":"type-product","3":"status-publish","4":"has-post-thumbnail","6":"product_cat-imballaggi-alimentari","7":"product_cat-macelleria-gastronomia-ortofrutta","8":"product_cat-sacchetti-sottovuoto","9":"product_cat-sacchetti-sottovuoto-lisci-neri","11":"first","12":"instock","13":"taxable","14":"shipping-taxable","15":"purchasable","16":"product-type-simple"},"acf":[],"yoast_head":"<!-- This site is optimized with the Yoast SEO Premium plugin v26.6 (Yoast SEO v26.6) - https:\/\/yoast.com\/wordpress\/plugins\/seo\/ -->\n<title>Sacchi sottovuoto lisci neri 25x35 cm - 90 \u00b5<\/title>\n<meta name=\"description\" content=\"Sacchi sottovuoto lisci neri 25 x 35 cm 90 \u00b5, in confezione da 100, perfetti per prolungare la freschezza degli alimenti e ridurre gli sprechi.\" \/>\n<meta name=\"robots\" content=\"index, follow, max-snippet:-1, max-image-preview:large, max-video-preview:-1\" \/>\n<link rel=\"canonical\" href=\"https:\/\/www.csj-emballages.com\/it\/produit\/sacchi-sottovuoto-lisci-neri-25-x-35-cm-90-%c2%b5-da-100-pezzi\/\" \/>\n<meta property=\"og:locale\" content=\"it_IT\" \/>\n<meta property=\"og:type\" content=\"article\" \/>\n<meta property=\"og:title\" content=\"Sacchi sottovuoto lisci neri 25x35 cm - 90 \u00b5\" \/>\n<meta property=\"og:description\" content=\"Sacchi sottovuoto lisci neri 25 x 35 cm 90 \u00b5, in confezione da 100, perfetti per prolungare la freschezza degli alimenti e ridurre gli sprechi.\" \/>\n<meta property=\"og:url\" content=\"https:\/\/www.csj-emballages.com\/it\/produit\/sacchi-sottovuoto-lisci-neri-25-x-35-cm-90-%c2%b5-da-100-pezzi\/\" \/>\n<meta property=\"og:site_name\" content=\"CSJ Emballages\" \/>\n<meta property=\"article:publisher\" content=\"https:\/\/www.facebook.com\/csjemballages\" \/>\n<meta property=\"article:modified_time\" content=\"2026-04-16T00:17:04+00:00\" \/>\n<meta property=\"og:image\" content=\"https:\/\/www.csj-emballages.com\/wp-content\/uploads\/2024\/03\/Capture-decran-2023-10-18-a-15.22.34-e1729756422239.png\" \/>\n\t<meta property=\"og:image:width\" content=\"300\" \/>\n\t<meta property=\"og:image:height\" content=\"315\" \/>\n\t<meta property=\"og:image:type\" content=\"image\/png\" \/>\n<meta name=\"twitter:card\" content=\"summary_large_image\" \/>\n<meta name=\"twitter:title\" content=\"Sacchi sottovuoto lisci neri 25x35 cm - 90 \u00b5\" \/>\n<meta name=\"twitter:description\" content=\"Sacchi sottovuoto lisci neri 25 x 35 cm 90 \u00b5, in confezione da 100, perfetti per prolungare la freschezza degli alimenti e ridurre gli sprechi.\" \/>\n<meta name=\"twitter:label1\" content=\"Dur\u00e9e de lecture estim\u00e9e\" \/>\n\t<meta name=\"twitter:data1\" content=\"2 minuti\" \/>\n<script type=\"application\/ld+json\" class=\"yoast-schema-graph\">{\"@context\":\"https:\/\/schema.org\",\"@graph\":[{\"@type\":\"WebPage\",\"@id\":\"https:\/\/www.csj-emballages.com\/it\/produit\/sacchi-sottovuoto-lisci-neri-25-x-35-cm-90-%c2%b5-da-100-pezzi\/\",\"url\":\"https:\/\/www.csj-emballages.com\/it\/produit\/sacchi-sottovuoto-lisci-neri-25-x-35-cm-90-%c2%b5-da-100-pezzi\/\",\"name\":\"Sacchi sottovuoto lisci neri 25x35 cm - 90 \u00b5\",\"isPartOf\":{\"@id\":\"https:\/\/www.csj-emballages.com\/it\/#website\"},\"primaryImageOfPage\":{\"@id\":\"https:\/\/www.csj-emballages.com\/it\/produit\/sacchi-sottovuoto-lisci-neri-25-x-35-cm-90-%c2%b5-da-100-pezzi\/#primaryimage\"},\"image\":{\"@id\":\"https:\/\/www.csj-emballages.com\/it\/produit\/sacchi-sottovuoto-lisci-neri-25-x-35-cm-90-%c2%b5-da-100-pezzi\/#primaryimage\"},\"thumbnailUrl\":\"https:\/\/www.csj-emballages.com\/wp-content\/uploads\/2024\/03\/Capture-decran-2023-10-18-a-15.22.34-e1729756422239.png\",\"datePublished\":\"2024-03-01T15:47:43+00:00\",\"dateModified\":\"2026-04-16T00:17:04+00:00\",\"description\":\"Sacchi sottovuoto lisci neri 25 x 35 cm 90 \u00b5, in confezione da 100, perfetti per prolungare la freschezza degli alimenti e ridurre gli sprechi.\",\"breadcrumb\":{\"@id\":\"https:\/\/www.csj-emballages.com\/it\/produit\/sacchi-sottovuoto-lisci-neri-25-x-35-cm-90-%c2%b5-da-100-pezzi\/#breadcrumb\"},\"inLanguage\":\"it-IT\",\"potentialAction\":[{\"@type\":\"ReadAction\",\"target\":[\"https:\/\/www.csj-emballages.com\/it\/produit\/sacchi-sottovuoto-lisci-neri-25-x-35-cm-90-%c2%b5-da-100-pezzi\/\"]}]},{\"@type\":\"ImageObject\",\"inLanguage\":\"it-IT\",\"@id\":\"https:\/\/www.csj-emballages.com\/it\/produit\/sacchi-sottovuoto-lisci-neri-25-x-35-cm-90-%c2%b5-da-100-pezzi\/#primaryimage\",\"url\":\"https:\/\/www.csj-emballages.com\/wp-content\/uploads\/2024\/03\/Capture-decran-2023-10-18-a-15.22.34-e1729756422239.png\",\"contentUrl\":\"https:\/\/www.csj-emballages.com\/wp-content\/uploads\/2024\/03\/Capture-decran-2023-10-18-a-15.22.34-e1729756422239.png\",\"width\":300,\"height\":315,\"caption\":\"sacs sous vide\"},{\"@type\":\"BreadcrumbList\",\"@id\":\"https:\/\/www.csj-emballages.com\/it\/produit\/sacchi-sottovuoto-lisci-neri-25-x-35-cm-90-%c2%b5-da-100-pezzi\/#breadcrumb\",\"itemListElement\":[{\"@type\":\"ListItem\",\"position\":1,\"name\":\"Home\",\"item\":\"https:\/\/www.csj-emballages.com\/it\/universo-imballaggi-alimentari\/\"},{\"@type\":\"ListItem\",\"position\":2,\"name\":\"Negozio\",\"item\":\"https:\/\/www.csj-emballages.com\/it\/negozio\/\"},{\"@type\":\"ListItem\",\"position\":3,\"name\":\"Sacchi sottovuoto lisci neri 25 x 35 cm 90 \u00b5, da 100 pezzi\"}]},{\"@type\":\"WebSite\",\"@id\":\"https:\/\/www.csj-emballages.com\/it\/#website\",\"url\":\"https:\/\/www.csj-emballages.com\/it\/\",\"name\":\"CSJ Emballages\",\"description\":\"\",\"publisher\":{\"@id\":\"https:\/\/www.csj-emballages.com\/it\/#organization\"},\"potentialAction\":[{\"@type\":\"SearchAction\",\"target\":{\"@type\":\"EntryPoint\",\"urlTemplate\":\"https:\/\/www.csj-emballages.com\/it\/?s={search_term_string}\"},\"query-input\":{\"@type\":\"PropertyValueSpecification\",\"valueRequired\":true,\"valueName\":\"search_term_string\"}}],\"inLanguage\":\"it-IT\"},{\"@type\":\"Organization\",\"@id\":\"https:\/\/www.csj-emballages.com\/it\/#Organization\/\",\"name\":\"CSJ Emballages\",\"url\":\"https:\/\/www.csj-emballages.com\/it\/\",\"logo\":{\"@type\":\"ImageObject\",\"inLanguage\":\"it-IT\",\"@id\":\"https:\/\/www.csj-emballages.com\/it\/#\/schema\/logo\/image\/\",\"url\":\"https:\/\/www.csj-emballages.com\/wp-content\/uploads\/2023\/10\/logo_csj.webp\",\"contentUrl\":\"https:\/\/www.csj-emballages.com\/wp-content\/uploads\/2023\/10\/logo_csj.webp\",\"width\":250,\"height\":95,\"caption\":\"CSJ Emballages\"},\"image\":{\"@id\":\"https:\/\/www.csj-emballages.com\/it\/#\/schema\/logo\/image\/\"},\"sameAs\":[\"https:\/\/www.facebook.com\/csjemballages\"],\"address\":{\"@type\":\"PostalAddress\",\"streetAddress\":\"ZI La Lechere\",\"addressLocality\":\"Patornay\",\"postalCode\":\"39130\",\"addressCountry\":\"FR\"},\"contactPoint\":[{\"@type\":\"ContactPoint\",\"contactType\":\"Service client\",\"telephone\":\"0384254272\",\"email\":\"contact@csj-emballages.com\"}]}]}<\/script>\n<!-- \/ Yoast SEO Premium plugin. -->","yoast_head_json":{"title":"Sacchi sottovuoto lisci neri 25x35 cm - 90 \u00b5","description":"Sacchi sottovuoto lisci neri 25 x 35 cm 90 \u00b5, in confezione da 100, perfetti per prolungare la freschezza degli alimenti e ridurre gli sprechi.","robots":{"index":"index","follow":"follow","max-snippet":"max-snippet:-1","max-image-preview":"max-image-preview:large","max-video-preview":"max-video-preview:-1"},"canonical":"https:\/\/www.csj-emballages.com\/it\/produit\/sacchi-sottovuoto-lisci-neri-25-x-35-cm-90-%c2%b5-da-100-pezzi\/","og_locale":"it_IT","og_type":"article","og_title":"Sacchi sottovuoto lisci neri 25x35 cm - 90 \u00b5","og_description":"Sacchi sottovuoto lisci neri 25 x 35 cm 90 \u00b5, in confezione da 100, perfetti per prolungare la freschezza degli alimenti e ridurre gli sprechi.","og_url":"https:\/\/www.csj-emballages.com\/it\/produit\/sacchi-sottovuoto-lisci-neri-25-x-35-cm-90-%c2%b5-da-100-pezzi\/","og_site_name":"CSJ Emballages","article_publisher":"https:\/\/www.facebook.com\/csjemballages","article_modified_time":"2026-04-16T00:17:04+00:00","og_image":[{"width":300,"height":315,"url":"https:\/\/www.csj-emballages.com\/wp-content\/uploads\/2024\/03\/Capture-decran-2023-10-18-a-15.22.34-e1729756422239.png","type":"image\/png"}],"twitter_card":"summary_large_image","twitter_title":"Sacchi sottovuoto lisci neri 25x35 cm - 90 \u00b5","twitter_description":"Sacchi sottovuoto lisci neri 25 x 35 cm 90 \u00b5, in confezione da 100, perfetti per prolungare la freschezza degli alimenti e ridurre gli sprechi.","twitter_misc":{"Dur\u00e9e de lecture estim\u00e9e":"2 minuti"},"schema":{"@context":"https:\/\/schema.org","@graph":[{"@type":"WebPage","@id":"https:\/\/www.csj-emballages.com\/it\/produit\/sacchi-sottovuoto-lisci-neri-25-x-35-cm-90-%c2%b5-da-100-pezzi\/","url":"https:\/\/www.csj-emballages.com\/it\/produit\/sacchi-sottovuoto-lisci-neri-25-x-35-cm-90-%c2%b5-da-100-pezzi\/","name":"Sacchi sottovuoto lisci neri 25x35 cm - 90 \u00b5","isPartOf":{"@id":"https:\/\/www.csj-emballages.com\/it\/#website"},"primaryImageOfPage":{"@id":"https:\/\/www.csj-emballages.com\/it\/produit\/sacchi-sottovuoto-lisci-neri-25-x-35-cm-90-%c2%b5-da-100-pezzi\/#primaryimage"},"image":{"@id":"https:\/\/www.csj-emballages.com\/it\/produit\/sacchi-sottovuoto-lisci-neri-25-x-35-cm-90-%c2%b5-da-100-pezzi\/#primaryimage"},"thumbnailUrl":"https:\/\/www.csj-emballages.com\/wp-content\/uploads\/2024\/03\/Capture-decran-2023-10-18-a-15.22.34-e1729756422239.png","datePublished":"2024-03-01T15:47:43+00:00","dateModified":"2026-04-16T00:17:04+00:00","description":"Sacchi sottovuoto lisci neri 25 x 35 cm 90 \u00b5, in confezione da 100, perfetti per prolungare la freschezza degli alimenti e ridurre gli sprechi.","breadcrumb":{"@id":"https:\/\/www.csj-emballages.com\/it\/produit\/sacchi-sottovuoto-lisci-neri-25-x-35-cm-90-%c2%b5-da-100-pezzi\/#breadcrumb"},"inLanguage":"it-IT","potentialAction":[{"@type":"ReadAction","target":["https:\/\/www.csj-emballages.com\/it\/produit\/sacchi-sottovuoto-lisci-neri-25-x-35-cm-90-%c2%b5-da-100-pezzi\/"]}]},{"@type":"ImageObject","inLanguage":"it-IT","@id":"https:\/\/www.csj-emballages.com\/it\/produit\/sacchi-sottovuoto-lisci-neri-25-x-35-cm-90-%c2%b5-da-100-pezzi\/#primaryimage","url":"https:\/\/www.csj-emballages.com\/wp-content\/uploads\/2024\/03\/Capture-decran-2023-10-18-a-15.22.34-e1729756422239.png","contentUrl":"https:\/\/www.csj-emballages.com\/wp-content\/uploads\/2024\/03\/Capture-decran-2023-10-18-a-15.22.34-e1729756422239.png","width":300,"height":315,"caption":"sacs sous vide"},{"@type":"BreadcrumbList","@id":"https:\/\/www.csj-emballages.com\/it\/produit\/sacchi-sottovuoto-lisci-neri-25-x-35-cm-90-%c2%b5-da-100-pezzi\/#breadcrumb","itemListElement":[{"@type":"ListItem","position":1,"name":"Home","item":"https:\/\/www.csj-emballages.com\/it\/universo-imballaggi-alimentari\/"},{"@type":"ListItem","position":2,"name":"Negozio","item":"https:\/\/www.csj-emballages.com\/it\/negozio\/"},{"@type":"ListItem","position":3,"name":"Sacchi sottovuoto lisci neri 25 x 35 cm 90 \u00b5, da 100 pezzi"}]},{"@type":"WebSite","@id":"https:\/\/www.csj-emballages.com\/it\/#website","url":"https:\/\/www.csj-emballages.com\/it\/","name":"CSJ Emballages","description":"","publisher":{"@id":"https:\/\/www.csj-emballages.com\/it\/#organization"},"potentialAction":[{"@type":"SearchAction","target":{"@type":"EntryPoint","urlTemplate":"https:\/\/www.csj-emballages.com\/it\/?s={search_term_string}"},"query-input":{"@type":"PropertyValueSpecification","valueRequired":true,"valueName":"search_term_string"}}],"inLanguage":"it-IT"},{"@type":"Organization","@id":"https:\/\/www.csj-emballages.com\/it\/#Organization\/","name":"CSJ Emballages","url":"https:\/\/www.csj-emballages.com\/it\/","logo":{"@type":"ImageObject","inLanguage":"it-IT","@id":"https:\/\/www.csj-emballages.com\/it\/#\/schema\/logo\/image\/","url":"https:\/\/www.csj-emballages.com\/wp-content\/uploads\/2023\/10\/logo_csj.webp","contentUrl":"https:\/\/www.csj-emballages.com\/wp-content\/uploads\/2023\/10\/logo_csj.webp","width":250,"height":95,"caption":"CSJ Emballages"},"image":{"@id":"https:\/\/www.csj-emballages.com\/it\/#\/schema\/logo\/image\/"},"sameAs":["https:\/\/www.facebook.com\/csjemballages"],"address":{"@type":"PostalAddress","streetAddress":"ZI La Lechere","addressLocality":"Patornay","postalCode":"39130","addressCountry":"FR"},"contactPoint":[{"@type":"ContactPoint","contactType":"Service client","telephone":"0384254272","email":"contact@csj-emballages.com"}]}]}},"df_price":15.37,"df_sale_price":"","df_regular_price":15.37,"df_image_link":"https:\/\/www.csj-emballages.com\/wp-content\/uploads\/2024\/03\/Capture-decran-2023-10-18-a-15.22.34-e1729756411745-286x300.png","tiered_pricing_type":"fixed","tiered_pricing_fixed_rules":[],"tiered_pricing_percentage_rules":[],"tiered_pricing_minimum":1,"tiered_pricing_roles_data":[],"_links":{"self":[{"href":"https:\/\/www.csj-emballages.com\/it\/wp-json\/wp\/v2\/product\/270070","targetHints":{"allow":["GET"]}}],"collection":[{"href":"https:\/\/www.csj-emballages.com\/it\/wp-json\/wp\/v2\/product"}],"about":[{"href":"https:\/\/www.csj-emballages.com\/it\/wp-json\/wp\/v2\/types\/product"}],"wp:featuredmedia":[{"embeddable":true,"href":"https:\/\/www.csj-emballages.com\/it\/wp-json\/wp\/v2\/media\/269684"}],"wp:attachment":[{"href":"https:\/\/www.csj-emballages.com\/it\/wp-json\/wp\/v2\/media?parent=270070"}],"wp:term":[{"taxonomy":"product_brand","embeddable":true,"href":"https:\/\/www.csj-emballages.com\/it\/wp-json\/wp\/v2\/product_brand?post=270070"},{"taxonomy":"product_cat","embeddable":true,"href":"https:\/\/www.csj-emballages.com\/it\/wp-json\/wp\/v2\/product_cat?post=270070"},{"taxonomy":"product_tag","embeddable":true,"href":"https:\/\/www.csj-emballages.com\/it\/wp-json\/wp\/v2\/product_tag?post=270070"}],"curies":[{"name":"wp","href":"https:\/\/api.w.org\/{rel}","templated":true}]}}