{"id":270012,"date":"2024-03-01T16:50:09","date_gmt":"2024-03-01T15:50:09","guid":{"rendered":"https:\/\/www.csj-emballages.com\/produit\/sacchetto-per-brioche-marrone-25-7-x-35-cm-misura-107-da-1000\/"},"modified":"2026-04-17T02:16:08","modified_gmt":"2026-04-17T00:16:08","slug":"sacchetto-per-brioche-marrone-25-7-x-35-cm-misura-107-da-1000","status":"publish","type":"product","link":"https:\/\/www.csj-emballages.com\/it\/produit\/sacchetto-per-brioche-marrone-25-7-x-35-cm-misura-107-da-1000\/","title":{"rendered":"Sacchetto per brioche marrone 25 + 7 x 35 cm misura 107 da 1000"},"content":{"rendered":"<h2>Sacchetto per brioche<\/h2>\n<div style=\"box-sizing: inherit; font-family: Roboto, sans-serif;\">\n<div style=\"box-sizing: inherit; font-family: Roboto, sans-serif;\">\n<div style=\"box-sizing: inherit; font-family: Roboto, sans-serif;\">\n<div style=\"box-sizing: inherit; font-family: Roboto, sans-serif;\">\n<div style=\"box-sizing: inherit; font-family: Roboto, sans-serif;\">\n<div style=\"box-sizing: inherit; font-family: Roboto, sans-serif;\">\n<hr>\n<h3>Descrizione del nostro sacchetto per brioche marrone 25 + 7 x 35 cm misura 107 da 1000<\/h3>\n<p><!--more--><\/p>\n<p data-start=\"157\" data-end=\"610\">Per valorizzare le tue deliziose brioches, pani o viennoiserie, niente di meglio di un <strong data-start=\"247\" data-end=\"267\">sacchetto per brioche marrone<\/strong> pratico ed elegante. Con le sue dimensioni <strong data-start=\"312\" data-end=\"343\">25 + 7 x 35 cm (misura 107)<\/strong>, \u00e8 progettato appositamente per contenere i tuoi prodotti da forno in modo semplice e professionale. Il colore marrone gli dona un aspetto naturale e autentico, ideale per una presentazione artigianale che conquista sia i panettieri sia i clienti.  <\/p>\n<p data-start=\"612\" data-end=\"1099\">Grazie al suo <strong data-start=\"624\" data-end=\"652\">soffietto laterale da 7 cm<\/strong>, questo sacchetto offre spazio extra per inserire senza difficolt\u00e0 brioches voluminose o pi\u00f9 pezzi insieme. Unisce infatti <strong data-start=\"800\" data-end=\"818\">funzionalit\u00e0<\/strong> e <strong data-start=\"822\" data-end=\"836\">robustezza<\/strong>, restando leggero e pratico da usare ogni giorno. Inoltre, confezionato in <strong data-start=\"914\" data-end=\"929\">1000 unit\u00e0<\/strong>, questo formato conveniente risponde perfettamente alle esigenze degli artigiani.  <\/p>\n<p data-start=\"1101\" data-end=\"1430\">Allo stesso modo, la sua composizione in carta marrone, riciclabile e rispettosa dell\u2019ambiente, risponde alle aspettative attuali dei consumatori attenti alla riduzione dei rifiuti plastici. Scegliendo questo tipo di sacchetto, unisci non solo <strong data-start=\"1348\" data-end=\"1359\">qualit\u00e0<\/strong> e <strong data-start=\"1363\" data-end=\"1377\">estetica<\/strong>, ma anche un vero impegno <strong data-start=\"1413\" data-end=\"1427\">ecologico<\/strong>. <\/p>\n<p data-start=\"1432\" data-end=\"1784\">In sintesi, il <strong>sacchetto per brioche marrone<\/strong> \u00e8 molto pi\u00f9 di un semplice imballaggio: \u00e8 un vero supporto per valorizzare i tuoi prodotti, rafforzare l\u2019immagine artigianale del tuo locale e offrire ai clienti un\u2019esperienza d\u2019acquisto piacevole. Una scelta pratica, durevole e imprescindibile per tutti i professionisti della panificazione e della viennoiserie. <\/p>\n<p data-start=\"1432\" data-end=\"1784\">\n<\/div>\n<p data-start=\"1432\" data-end=\"1784\"><!--more--><\/p>\n<\/div>\n<h4 data-start=\"1432\" data-end=\"1784\">Vantaggi:<\/h4>\n<ul>\n<li>Dimensioni pratiche per brioches e viennoiserie.<\/li>\n<li>Soffietto da 7 cm per pi\u00f9 spazio.<\/li>\n<li>Carta marrone riciclabile e rispettosa dell\u2019ambiente.<\/li>\n<li>Aspetto naturale e autentico che valorizza i tuoi prodotti.<\/li>\n<li>Confezione conveniente in lotto da 1000 sacchetti.<\/li>\n<\/ul>\n<\/div>\n<\/div>\n<p>&nbsp;<\/p>\n<p><!--more--><\/p>\n<p><strong>Altre informazioni<\/strong> :<\/p>\n<ul>\n<li><strong>Confezionamento<\/strong> : Pacco da 1000<\/li>\n<li><strong>Dimensioni<\/strong> : 25 + 7 x 35 cm<\/li>\n<li><strong>Colore<\/strong> : Marrone<\/li>\n<li><strong>Materiale<\/strong>: Carta<\/li>\n<\/ul>\n<\/div>\n<\/div>\n<p>&nbsp;<\/p>\n<p><!--more--><\/p>\n<p>Questo sacchetto per croissant \u00e8 disponibile in diverse misure: <span style=\"color: #d12727;\"><a style=\"color: #d12727;\" href=\"https:\/\/www.csj-emballages.com\/produit\/1000-sacs-104-croissants-14-6-x-25-cm\/\">14 + 6 x 25 cm<\/a> \/ <a style=\"color: #d12727;\" href=\"https:\/\/www.csj-emballages.com\/produit\/1000-sacs-105-croissants-17-7-x-30-cm\/\">20 + 5 x 28 cm<\/a> \/ <a style=\"color: #d12727;\" href=\"https:\/\/www.csj-emballages.com\/it\/produit\/sacchetto-per-croissant-20-5-x-34-cm-misura-106-da-1000\/\">20 + 5 x 34 cm<\/a><\/span><\/p>\n<p>&nbsp;<\/p>\n<div style=\"box-sizing: inherit; font-family: Roboto, sans-serif;\">\n<div style=\"box-sizing: inherit; font-family: Roboto, sans-serif;\">\n<div style=\"box-sizing: inherit; font-family: Roboto, sans-serif;\">\n<div style=\"box-sizing: inherit; font-family: Roboto, sans-serif;\">\n<div style=\"box-sizing: inherit; font-family: Roboto, sans-serif;\">\n<div style=\"box-sizing: inherit; font-family: Roboto, sans-serif;\">\n<p><!--more--><\/p>\n<p><a href=\"https:\/\/www.csj-emballages.com\/it\/categorie-produit\/imballaggi-alimentari\/panetteria-pasticceria\/sacchi-sacchetti-e-carte\/sacchetti\/sacchetti-per-croissant\/\">Scopri il resto della nostra gamma di sacchetti per croissant \/ brioches<\/a><\/p>\n<\/div>\n<\/div>\n<\/div>\n<\/div>\n<\/div>\n<\/div>\n","protected":false},"excerpt":{"rendered":"<p>Sacchetto per brioche Descrizione del nostro sacchetto per brioche marrone 25 + 7 x 35 cm misura 107 da 1000<\/p>\n","protected":false},"featured_media":270015,"template":"","meta":{"_acf_changed":false},"product_brand":[],"product_cat":[10344,10867,11040],"product_tag":[],"class_list":{"0":"post-270012","1":"product","2":"type-product","3":"status-publish","4":"has-post-thumbnail","6":"product_cat-panetteria-pasticceria","7":"product_cat-sacchetti","8":"product_cat-sacchetti-per-croissant","10":"first","11":"instock","12":"taxable","13":"shipping-taxable","14":"purchasable","15":"product-type-simple"},"acf":[],"yoast_head":"<!-- This site is optimized with the Yoast SEO Premium plugin v26.6 (Yoast SEO v26.6) - https:\/\/yoast.com\/wordpress\/plugins\/seo\/ -->\n<title>Sacchetto per brioche marrone 25 + 7 x 35 cm misura 107 da 1000<\/title>\n<meta name=\"description\" content=\"Sacchetto per brioche marrone 25 + 7 x 35 cm misura 107 \u2013 1000 unit\u00e0. Pratico, ecologico e ideale per le tue brioches, pani e viennoiserie.\" \/>\n<meta name=\"robots\" content=\"index, follow, max-snippet:-1, max-image-preview:large, max-video-preview:-1\" \/>\n<link rel=\"canonical\" href=\"https:\/\/www.csj-emballages.com\/it\/produit\/sacchetto-per-brioche-marrone-25-7-x-35-cm-misura-107-da-1000\/\" \/>\n<meta property=\"og:locale\" content=\"it_IT\" \/>\n<meta property=\"og:type\" content=\"article\" \/>\n<meta property=\"og:title\" content=\"Sacchetto per brioche marrone 25 + 7 x 35 cm misura 107 da 1000\" \/>\n<meta property=\"og:description\" content=\"Sacchetto per brioche marrone 25 + 7 x 35 cm misura 107 \u2013 1000 unit\u00e0. Pratico, ecologico e ideale per le tue brioches, pani e viennoiserie.\" \/>\n<meta property=\"og:url\" content=\"https:\/\/www.csj-emballages.com\/it\/produit\/sacchetto-per-brioche-marrone-25-7-x-35-cm-misura-107-da-1000\/\" \/>\n<meta property=\"og:site_name\" content=\"CSJ Emballages\" \/>\n<meta property=\"article:publisher\" content=\"https:\/\/www.facebook.com\/csjemballages\" \/>\n<meta property=\"article:modified_time\" content=\"2026-04-17T00:16:08+00:00\" \/>\n<meta property=\"og:image\" content=\"https:\/\/www.csj-emballages.com\/wp-content\/uploads\/2024\/03\/SACBRI.webp\" \/>\n\t<meta property=\"og:image:width\" content=\"800\" \/>\n\t<meta property=\"og:image:height\" content=\"800\" \/>\n\t<meta property=\"og:image:type\" content=\"image\/webp\" \/>\n<meta name=\"twitter:card\" content=\"summary_large_image\" \/>\n<meta name=\"twitter:label1\" content=\"Dur\u00e9e de lecture estim\u00e9e\" \/>\n\t<meta name=\"twitter:data1\" content=\"1 minuto\" \/>\n<script type=\"application\/ld+json\" class=\"yoast-schema-graph\">{\"@context\":\"https:\/\/schema.org\",\"@graph\":[{\"@type\":\"WebPage\",\"@id\":\"https:\/\/www.csj-emballages.com\/it\/produit\/sacchetto-per-brioche-marrone-25-7-x-35-cm-misura-107-da-1000\/\",\"url\":\"https:\/\/www.csj-emballages.com\/it\/produit\/sacchetto-per-brioche-marrone-25-7-x-35-cm-misura-107-da-1000\/\",\"name\":\"Sacchetto per brioche marrone 25 + 7 x 35 cm misura 107 da 1000\",\"isPartOf\":{\"@id\":\"https:\/\/www.csj-emballages.com\/it\/#website\"},\"primaryImageOfPage\":{\"@id\":\"https:\/\/www.csj-emballages.com\/it\/produit\/sacchetto-per-brioche-marrone-25-7-x-35-cm-misura-107-da-1000\/#primaryimage\"},\"image\":{\"@id\":\"https:\/\/www.csj-emballages.com\/it\/produit\/sacchetto-per-brioche-marrone-25-7-x-35-cm-misura-107-da-1000\/#primaryimage\"},\"thumbnailUrl\":\"https:\/\/www.csj-emballages.com\/wp-content\/uploads\/2024\/03\/SACBRI.webp\",\"datePublished\":\"2024-03-01T15:50:09+00:00\",\"dateModified\":\"2026-04-17T00:16:08+00:00\",\"description\":\"Sacchetto per brioche marrone 25 + 7 x 35 cm misura 107 \u2013 1000 unit\u00e0. Pratico, ecologico e ideale per le tue brioches, pani e viennoiserie.\",\"breadcrumb\":{\"@id\":\"https:\/\/www.csj-emballages.com\/it\/produit\/sacchetto-per-brioche-marrone-25-7-x-35-cm-misura-107-da-1000\/#breadcrumb\"},\"inLanguage\":\"it-IT\",\"potentialAction\":[{\"@type\":\"ReadAction\",\"target\":[\"https:\/\/www.csj-emballages.com\/it\/produit\/sacchetto-per-brioche-marrone-25-7-x-35-cm-misura-107-da-1000\/\"]}]},{\"@type\":\"ImageObject\",\"inLanguage\":\"it-IT\",\"@id\":\"https:\/\/www.csj-emballages.com\/it\/produit\/sacchetto-per-brioche-marrone-25-7-x-35-cm-misura-107-da-1000\/#primaryimage\",\"url\":\"https:\/\/www.csj-emballages.com\/wp-content\/uploads\/2024\/03\/SACBRI.webp\",\"contentUrl\":\"https:\/\/www.csj-emballages.com\/wp-content\/uploads\/2024\/03\/SACBRI.webp\",\"width\":800,\"height\":800,\"caption\":\"Sac brioche\"},{\"@type\":\"BreadcrumbList\",\"@id\":\"https:\/\/www.csj-emballages.com\/it\/produit\/sacchetto-per-brioche-marrone-25-7-x-35-cm-misura-107-da-1000\/#breadcrumb\",\"itemListElement\":[{\"@type\":\"ListItem\",\"position\":1,\"name\":\"Home\",\"item\":\"https:\/\/www.csj-emballages.com\/it\/universo-imballaggi-alimentari\/\"},{\"@type\":\"ListItem\",\"position\":2,\"name\":\"Negozio\",\"item\":\"https:\/\/www.csj-emballages.com\/it\/negozio\/\"},{\"@type\":\"ListItem\",\"position\":3,\"name\":\"Sacchetto per brioche marrone 25 + 7 x 35 cm misura 107 da 1000\"}]},{\"@type\":\"WebSite\",\"@id\":\"https:\/\/www.csj-emballages.com\/it\/#website\",\"url\":\"https:\/\/www.csj-emballages.com\/it\/\",\"name\":\"CSJ Emballages\",\"description\":\"\",\"publisher\":{\"@id\":\"https:\/\/www.csj-emballages.com\/it\/#organization\"},\"potentialAction\":[{\"@type\":\"SearchAction\",\"target\":{\"@type\":\"EntryPoint\",\"urlTemplate\":\"https:\/\/www.csj-emballages.com\/it\/?s={search_term_string}\"},\"query-input\":{\"@type\":\"PropertyValueSpecification\",\"valueRequired\":true,\"valueName\":\"search_term_string\"}}],\"inLanguage\":\"it-IT\"},{\"@type\":\"Organization\",\"@id\":\"https:\/\/www.csj-emballages.com\/it\/#Organization\/\",\"name\":\"CSJ Emballages\",\"url\":\"https:\/\/www.csj-emballages.com\/it\/\",\"logo\":{\"@type\":\"ImageObject\",\"inLanguage\":\"it-IT\",\"@id\":\"https:\/\/www.csj-emballages.com\/it\/#\/schema\/logo\/image\/\",\"url\":\"https:\/\/www.csj-emballages.com\/wp-content\/uploads\/2023\/10\/logo_csj.webp\",\"contentUrl\":\"https:\/\/www.csj-emballages.com\/wp-content\/uploads\/2023\/10\/logo_csj.webp\",\"width\":250,\"height\":95,\"caption\":\"CSJ Emballages\"},\"image\":{\"@id\":\"https:\/\/www.csj-emballages.com\/it\/#\/schema\/logo\/image\/\"},\"sameAs\":[\"https:\/\/www.facebook.com\/csjemballages\"],\"address\":{\"@type\":\"PostalAddress\",\"streetAddress\":\"ZI La Lechere\",\"addressLocality\":\"Patornay\",\"postalCode\":\"39130\",\"addressCountry\":\"FR\"},\"contactPoint\":[{\"@type\":\"ContactPoint\",\"contactType\":\"Service client\",\"telephone\":\"0384254272\",\"email\":\"contact@csj-emballages.com\"}]}]}<\/script>\n<!-- \/ Yoast SEO Premium plugin. -->","yoast_head_json":{"title":"Sacchetto per brioche marrone 25 + 7 x 35 cm misura 107 da 1000","description":"Sacchetto per brioche marrone 25 + 7 x 35 cm misura 107 \u2013 1000 unit\u00e0. Pratico, ecologico e ideale per le tue brioches, pani e viennoiserie.","robots":{"index":"index","follow":"follow","max-snippet":"max-snippet:-1","max-image-preview":"max-image-preview:large","max-video-preview":"max-video-preview:-1"},"canonical":"https:\/\/www.csj-emballages.com\/it\/produit\/sacchetto-per-brioche-marrone-25-7-x-35-cm-misura-107-da-1000\/","og_locale":"it_IT","og_type":"article","og_title":"Sacchetto per brioche marrone 25 + 7 x 35 cm misura 107 da 1000","og_description":"Sacchetto per brioche marrone 25 + 7 x 35 cm misura 107 \u2013 1000 unit\u00e0. Pratico, ecologico e ideale per le tue brioches, pani e viennoiserie.","og_url":"https:\/\/www.csj-emballages.com\/it\/produit\/sacchetto-per-brioche-marrone-25-7-x-35-cm-misura-107-da-1000\/","og_site_name":"CSJ Emballages","article_publisher":"https:\/\/www.facebook.com\/csjemballages","article_modified_time":"2026-04-17T00:16:08+00:00","og_image":[{"width":800,"height":800,"url":"https:\/\/www.csj-emballages.com\/wp-content\/uploads\/2024\/03\/SACBRI.webp","type":"image\/webp"}],"twitter_card":"summary_large_image","twitter_misc":{"Dur\u00e9e de lecture estim\u00e9e":"1 minuto"},"schema":{"@context":"https:\/\/schema.org","@graph":[{"@type":"WebPage","@id":"https:\/\/www.csj-emballages.com\/it\/produit\/sacchetto-per-brioche-marrone-25-7-x-35-cm-misura-107-da-1000\/","url":"https:\/\/www.csj-emballages.com\/it\/produit\/sacchetto-per-brioche-marrone-25-7-x-35-cm-misura-107-da-1000\/","name":"Sacchetto per brioche marrone 25 + 7 x 35 cm misura 107 da 1000","isPartOf":{"@id":"https:\/\/www.csj-emballages.com\/it\/#website"},"primaryImageOfPage":{"@id":"https:\/\/www.csj-emballages.com\/it\/produit\/sacchetto-per-brioche-marrone-25-7-x-35-cm-misura-107-da-1000\/#primaryimage"},"image":{"@id":"https:\/\/www.csj-emballages.com\/it\/produit\/sacchetto-per-brioche-marrone-25-7-x-35-cm-misura-107-da-1000\/#primaryimage"},"thumbnailUrl":"https:\/\/www.csj-emballages.com\/wp-content\/uploads\/2024\/03\/SACBRI.webp","datePublished":"2024-03-01T15:50:09+00:00","dateModified":"2026-04-17T00:16:08+00:00","description":"Sacchetto per brioche marrone 25 + 7 x 35 cm misura 107 \u2013 1000 unit\u00e0. Pratico, ecologico e ideale per le tue brioches, pani e viennoiserie.","breadcrumb":{"@id":"https:\/\/www.csj-emballages.com\/it\/produit\/sacchetto-per-brioche-marrone-25-7-x-35-cm-misura-107-da-1000\/#breadcrumb"},"inLanguage":"it-IT","potentialAction":[{"@type":"ReadAction","target":["https:\/\/www.csj-emballages.com\/it\/produit\/sacchetto-per-brioche-marrone-25-7-x-35-cm-misura-107-da-1000\/"]}]},{"@type":"ImageObject","inLanguage":"it-IT","@id":"https:\/\/www.csj-emballages.com\/it\/produit\/sacchetto-per-brioche-marrone-25-7-x-35-cm-misura-107-da-1000\/#primaryimage","url":"https:\/\/www.csj-emballages.com\/wp-content\/uploads\/2024\/03\/SACBRI.webp","contentUrl":"https:\/\/www.csj-emballages.com\/wp-content\/uploads\/2024\/03\/SACBRI.webp","width":800,"height":800,"caption":"Sac brioche"},{"@type":"BreadcrumbList","@id":"https:\/\/www.csj-emballages.com\/it\/produit\/sacchetto-per-brioche-marrone-25-7-x-35-cm-misura-107-da-1000\/#breadcrumb","itemListElement":[{"@type":"ListItem","position":1,"name":"Home","item":"https:\/\/www.csj-emballages.com\/it\/universo-imballaggi-alimentari\/"},{"@type":"ListItem","position":2,"name":"Negozio","item":"https:\/\/www.csj-emballages.com\/it\/negozio\/"},{"@type":"ListItem","position":3,"name":"Sacchetto per brioche marrone 25 + 7 x 35 cm misura 107 da 1000"}]},{"@type":"WebSite","@id":"https:\/\/www.csj-emballages.com\/it\/#website","url":"https:\/\/www.csj-emballages.com\/it\/","name":"CSJ Emballages","description":"","publisher":{"@id":"https:\/\/www.csj-emballages.com\/it\/#organization"},"potentialAction":[{"@type":"SearchAction","target":{"@type":"EntryPoint","urlTemplate":"https:\/\/www.csj-emballages.com\/it\/?s={search_term_string}"},"query-input":{"@type":"PropertyValueSpecification","valueRequired":true,"valueName":"search_term_string"}}],"inLanguage":"it-IT"},{"@type":"Organization","@id":"https:\/\/www.csj-emballages.com\/it\/#Organization\/","name":"CSJ Emballages","url":"https:\/\/www.csj-emballages.com\/it\/","logo":{"@type":"ImageObject","inLanguage":"it-IT","@id":"https:\/\/www.csj-emballages.com\/it\/#\/schema\/logo\/image\/","url":"https:\/\/www.csj-emballages.com\/wp-content\/uploads\/2023\/10\/logo_csj.webp","contentUrl":"https:\/\/www.csj-emballages.com\/wp-content\/uploads\/2023\/10\/logo_csj.webp","width":250,"height":95,"caption":"CSJ Emballages"},"image":{"@id":"https:\/\/www.csj-emballages.com\/it\/#\/schema\/logo\/image\/"},"sameAs":["https:\/\/www.facebook.com\/csjemballages"],"address":{"@type":"PostalAddress","streetAddress":"ZI La Lechere","addressLocality":"Patornay","postalCode":"39130","addressCountry":"FR"},"contactPoint":[{"@type":"ContactPoint","contactType":"Service client","telephone":"0384254272","email":"contact@csj-emballages.com"}]}]}},"df_price":29.32,"df_sale_price":"","df_regular_price":29.32,"df_image_link":"https:\/\/www.csj-emballages.com\/wp-content\/uploads\/2024\/03\/SACBRI-300x300.webp","tiered_pricing_type":"fixed","tiered_pricing_fixed_rules":[],"tiered_pricing_percentage_rules":[],"tiered_pricing_minimum":1,"tiered_pricing_roles_data":[],"_links":{"self":[{"href":"https:\/\/www.csj-emballages.com\/it\/wp-json\/wp\/v2\/product\/270012","targetHints":{"allow":["GET"]}}],"collection":[{"href":"https:\/\/www.csj-emballages.com\/it\/wp-json\/wp\/v2\/product"}],"about":[{"href":"https:\/\/www.csj-emballages.com\/it\/wp-json\/wp\/v2\/types\/product"}],"wp:featuredmedia":[{"embeddable":true,"href":"https:\/\/www.csj-emballages.com\/it\/wp-json\/wp\/v2\/media\/270015"}],"wp:attachment":[{"href":"https:\/\/www.csj-emballages.com\/it\/wp-json\/wp\/v2\/media?parent=270012"}],"wp:term":[{"taxonomy":"product_brand","embeddable":true,"href":"https:\/\/www.csj-emballages.com\/it\/wp-json\/wp\/v2\/product_brand?post=270012"},{"taxonomy":"product_cat","embeddable":true,"href":"https:\/\/www.csj-emballages.com\/it\/wp-json\/wp\/v2\/product_cat?post=270012"},{"taxonomy":"product_tag","embeddable":true,"href":"https:\/\/www.csj-emballages.com\/it\/wp-json\/wp\/v2\/product_tag?post=270012"}],"curies":[{"name":"wp","href":"https:\/\/api.w.org\/{rel}","templated":true}]}}