{"id":270004,"date":"2024-03-01T16:50:09","date_gmt":"2024-03-01T15:50:09","guid":{"rendered":"https:\/\/www.csj-emballages.com\/produit\/sacchetto-per-frutta-in-kraft-ws-3-kg-20-9-x-36-cm-da-1000\/"},"modified":"2026-04-16T02:15:33","modified_gmt":"2026-04-16T00:15:33","slug":"sacchetto-per-frutta-in-kraft-ws-3-kg-20-9-x-36-cm-da-1000","status":"publish","type":"product","link":"https:\/\/www.csj-emballages.com\/it\/produit\/sacchetto-per-frutta-in-kraft-ws-3-kg-20-9-x-36-cm-da-1000\/","title":{"rendered":"Sacchetto per frutta in kraft WS 3 kg 20 + 9 x 36 cm da 1000"},"content":{"rendered":"<h2 class=\"ai-optimize-26\">Sacchetto frutta<\/h2>\n<hr>\n<h3 class=\"ai-optimize-27\">Descrizione del nostro sacchetto per frutta in kraft WS 3 kg 20 + 9 x 36 cm da 1000<\/h3>\n<p><!--more--><\/p>\n<div class=\"flex flex-grow flex-col max-w-full\">\n<div class=\"min-h-[20px] text-message flex flex-col items-start whitespace-pre-wrap break-words [.text-message+&amp;]:mt-5 juice:w-full juice:items-end overflow-x-auto gap-2\" dir=\"auto\" data-message-author-role=\"assistant\" data-message-id=\"3a536f7e-879d-4f2d-9ebb-28d2279e1068\">\n<div class=\"flex w-full flex-col gap-1 juice:empty:hidden juice:first:pt-[3px]\">\n<div class=\"markdown prose w-full break-words dark:prose-invert light\">\n<p class=\"ai-optimize-35 ai-optimize-introduction\" data-start=\"219\" data-end=\"500\">Progettato per soddisfare le esigenze dei professionisti del settore alimentare, questo <strong data-start=\"293\" data-end=\"321\">sacchetto per frutta in kraft WS<\/strong> \u00e8 l&#8217;ideale per il confezionamento e la vendita di frutta e verdura sfusa. Realizzato in <strong data-start=\"410\" data-end=\"437\">carta kraft di qualit\u00e0<\/strong>, unisce robustezza, praticit\u00e0 e rispetto per l&#8217;ambiente. <\/p>\n<p class=\"ai-optimize-36\" data-start=\"502\" data-end=\"820\">Con un formato di <strong data-start=\"517\" data-end=\"535\">20 + 9 x 36 cm<\/strong>, offre una <strong data-start=\"550\" data-end=\"570\">capacit\u00e0 di 3 kg<\/strong>, rendendolo perfetto per mercati, gastronomie, negozi bio o supermercati. Il suo <strong data-start=\"668\" data-end=\"696\">soffietto laterale da 9 cm<\/strong> garantisce un&#8217;ottima tenuta dei prodotti e un riempimento facile, senza rischio di strappi grazie alla carta kraft resistente. <\/p>\n<p class=\"ai-optimize-37\" data-start=\"822\" data-end=\"1110\">La sua tonalit\u00e0 naturale ispira fiducia e valorizza i tuoi prodotti, trasmettendo un&#8217;immagine <strong data-start=\"916\" data-end=\"935\">ecosostenibile<\/strong> alla tua clientela. Questo sacchetto \u00e8 adatto anche ai <strong data-start=\"998\" data-end=\"1014\">privati<\/strong> che cercano un&#8217;alternativa sostenibile ai sacchetti di plastica per la spesa o l&#8217;orto. <\/p>\n<p class=\"ai-optimize-38\" data-start=\"1112\" data-end=\"1295\">Confezionato in <strong data-start=\"1128\" data-end=\"1143\">lotti da 1000<\/strong>, questo prodotto \u00e8 perfetto per grandi volumi. \u00c8 facile da stoccare e distribuire, garantendo un eccellente rapporto qualit\u00e0-prezzo. <\/p>\n<p class=\"ai-optimize-39\" data-start=\"1297\" data-end=\"1477\">Il sacchetto per frutta in kraft WS \u00e8 una soluzione <strong data-start=\"1342\" data-end=\"1375\">affidabile, semplice e responsabile<\/strong>, pensata per facilitare il quotidiano dei professionisti riducendo al contempo l&#8217;impatto ambientale.<\/p>\n<\/div>\n<\/div>\n<\/div>\n<\/div>\n<h4><\/h4>\n<p><!--more--><\/p>\n<h4 class=\"ai-optimize-30\">I loro vantaggi:<\/h4>\n<ul>\n<li class=\"ai-optimize-33\">Carta kraft solida e resistente.<\/li>\n<li class=\"ai-optimize-45\">Capacit\u00e0 di 3 kg \u2013 ideale per frutta, verdura o prodotti sfusi.<\/li>\n<li class=\"ai-optimize-46\">Soffietti laterali pratici per il riempimento.<\/li>\n<li class=\"ai-optimize-47\">Aspetto naturale valorizzante e tendenza ecosostenibile.<\/li>\n<li class=\"ai-optimize-48\"><strong>Confezionato all&#8217;ingrosso<\/strong>: 1000 sacchetti per uso professionale.<\/li>\n<\/ul>\n<p>&nbsp;<\/p>\n<p><!--more--><\/p>\n<h4 class=\"ai-optimize-40\">Altre informazioni:<\/h4>\n<ul>\n<li class=\"ai-optimize-41\"><strong>Confezione<\/strong>: cartone da 1000<\/li>\n<li class=\"ai-optimize-42\"><strong>Dimensioni<\/strong>: 20 + 9 x 36 cm<\/li>\n<li class=\"ai-optimize-43\"><strong>Materiale<\/strong>: carta kraft<\/li>\n<li class=\"ai-optimize-44\"><strong>Colore<\/strong>: kraft \/ decori<\/li>\n<\/ul>\n<p>&nbsp;<\/p>\n<p><!--more--><\/p>\n<p class=\"ai-optimize-34\"><a href=\"https:\/\/u15jnbdpoq.preview.infomaniak.website\/categorie-produit\/emballages\/boucherie-traiteur-primeur\/sacs-et-sachets\/sachets-fruits-legumes\/\">Scopri il resto della nostra gamma di sacchetti per frutta<\/a><\/p>\n","protected":false},"excerpt":{"rendered":"<p>Sacchetto frutta Descrizione del nostro sacchetto per frutta in kraft WS 3 kg 20 + 9 x 36 cm da 1000<\/p>\n","protected":false},"featured_media":270011,"template":"","meta":{"_acf_changed":false},"product_brand":[],"product_cat":[10381,11159],"product_tag":[],"class_list":{"0":"post-270004","1":"product","2":"type-product","3":"status-publish","4":"has-post-thumbnail","6":"product_cat-macelleria-gastronomia-ortofrutta","7":"product_cat-sacchetti-frutta-verdura","9":"first","10":"instock","11":"taxable","12":"shipping-taxable","13":"purchasable","14":"product-type-simple"},"acf":[],"yoast_head":"<!-- This site is optimized with the Yoast SEO Premium plugin v26.6 (Yoast SEO v26.6) - https:\/\/yoast.com\/wordpress\/plugins\/seo\/ -->\n<title>Sacchetto per Frutta in kraft WS 3 kg 20 + 9 x 36 cm da 1000<\/title>\n<meta name=\"description\" content=\"Sacchetto per frutta in kraft 3 kg (20 + 9 x 36 cm), confezione da 1000. Resistente, pratico ed ecosostenibile, ideale per frutta e verdura.\" \/>\n<meta name=\"robots\" content=\"index, follow, max-snippet:-1, max-image-preview:large, max-video-preview:-1\" \/>\n<link rel=\"canonical\" href=\"https:\/\/www.csj-emballages.com\/it\/produit\/sacchetto-per-frutta-in-kraft-ws-3-kg-20-9-x-36-cm-da-1000\/\" \/>\n<meta property=\"og:locale\" content=\"it_IT\" \/>\n<meta property=\"og:type\" content=\"article\" \/>\n<meta property=\"og:title\" content=\"Sacchetto per frutta in kraft WS 3 kg 20 + 9 x 36 cm da 1000\" \/>\n<meta property=\"og:description\" content=\"Sacchetto per frutta in kraft 3 kg (20 + 9 x 36 cm), confezione da 1000. Resistente, pratico ed ecosostenibile, ideale per frutta e verdura.\" \/>\n<meta property=\"og:url\" content=\"https:\/\/www.csj-emballages.com\/it\/produit\/sacchetto-per-frutta-in-kraft-ws-3-kg-20-9-x-36-cm-da-1000\/\" \/>\n<meta property=\"og:site_name\" content=\"CSJ Emballages\" \/>\n<meta property=\"article:publisher\" content=\"https:\/\/www.facebook.com\/csjemballages\" \/>\n<meta property=\"article:modified_time\" content=\"2026-04-16T00:15:33+00:00\" \/>\n<meta property=\"og:image\" content=\"https:\/\/www.csj-emballages.com\/wp-content\/uploads\/2024\/03\/Sac-fruit.webp\" \/>\n\t<meta property=\"og:image:width\" content=\"800\" \/>\n\t<meta property=\"og:image:height\" content=\"800\" \/>\n\t<meta property=\"og:image:type\" content=\"image\/webp\" \/>\n<meta name=\"twitter:card\" content=\"summary_large_image\" \/>\n<meta name=\"twitter:label1\" content=\"Dur\u00e9e de lecture estim\u00e9e\" \/>\n\t<meta name=\"twitter:data1\" content=\"1 minuto\" \/>\n<script type=\"application\/ld+json\" class=\"yoast-schema-graph\">{\"@context\":\"https:\/\/schema.org\",\"@graph\":[{\"@type\":\"WebPage\",\"@id\":\"https:\/\/www.csj-emballages.com\/it\/produit\/sacchetto-per-frutta-in-kraft-ws-3-kg-20-9-x-36-cm-da-1000\/\",\"url\":\"https:\/\/www.csj-emballages.com\/it\/produit\/sacchetto-per-frutta-in-kraft-ws-3-kg-20-9-x-36-cm-da-1000\/\",\"name\":\"Sacchetto per Frutta in kraft WS 3 kg 20 + 9 x 36 cm da 1000\",\"isPartOf\":{\"@id\":\"https:\/\/www.csj-emballages.com\/it\/#website\"},\"primaryImageOfPage\":{\"@id\":\"https:\/\/www.csj-emballages.com\/it\/produit\/sacchetto-per-frutta-in-kraft-ws-3-kg-20-9-x-36-cm-da-1000\/#primaryimage\"},\"image\":{\"@id\":\"https:\/\/www.csj-emballages.com\/it\/produit\/sacchetto-per-frutta-in-kraft-ws-3-kg-20-9-x-36-cm-da-1000\/#primaryimage\"},\"thumbnailUrl\":\"https:\/\/www.csj-emballages.com\/wp-content\/uploads\/2024\/03\/Sac-fruit.webp\",\"datePublished\":\"2024-03-01T15:50:09+00:00\",\"dateModified\":\"2026-04-16T00:15:33+00:00\",\"description\":\"Sacchetto per frutta in kraft 3 kg (20 + 9 x 36 cm), confezione da 1000. Resistente, pratico ed ecosostenibile, ideale per frutta e verdura.\",\"breadcrumb\":{\"@id\":\"https:\/\/www.csj-emballages.com\/it\/produit\/sacchetto-per-frutta-in-kraft-ws-3-kg-20-9-x-36-cm-da-1000\/#breadcrumb\"},\"inLanguage\":\"it-IT\",\"potentialAction\":[{\"@type\":\"ReadAction\",\"target\":[\"https:\/\/www.csj-emballages.com\/it\/produit\/sacchetto-per-frutta-in-kraft-ws-3-kg-20-9-x-36-cm-da-1000\/\"]}]},{\"@type\":\"ImageObject\",\"inLanguage\":\"it-IT\",\"@id\":\"https:\/\/www.csj-emballages.com\/it\/produit\/sacchetto-per-frutta-in-kraft-ws-3-kg-20-9-x-36-cm-da-1000\/#primaryimage\",\"url\":\"https:\/\/www.csj-emballages.com\/wp-content\/uploads\/2024\/03\/Sac-fruit.webp\",\"contentUrl\":\"https:\/\/www.csj-emballages.com\/wp-content\/uploads\/2024\/03\/Sac-fruit.webp\",\"width\":800,\"height\":800,\"caption\":\"sac fruit\"},{\"@type\":\"BreadcrumbList\",\"@id\":\"https:\/\/www.csj-emballages.com\/it\/produit\/sacchetto-per-frutta-in-kraft-ws-3-kg-20-9-x-36-cm-da-1000\/#breadcrumb\",\"itemListElement\":[{\"@type\":\"ListItem\",\"position\":1,\"name\":\"Home\",\"item\":\"https:\/\/www.csj-emballages.com\/it\/universo-imballaggi-alimentari\/\"},{\"@type\":\"ListItem\",\"position\":2,\"name\":\"Negozio\",\"item\":\"https:\/\/www.csj-emballages.com\/it\/negozio\/\"},{\"@type\":\"ListItem\",\"position\":3,\"name\":\"Sacchetto per frutta in kraft WS 3 kg 20 + 9 x 36 cm da 1000\"}]},{\"@type\":\"WebSite\",\"@id\":\"https:\/\/www.csj-emballages.com\/it\/#website\",\"url\":\"https:\/\/www.csj-emballages.com\/it\/\",\"name\":\"CSJ Emballages\",\"description\":\"\",\"publisher\":{\"@id\":\"https:\/\/www.csj-emballages.com\/it\/#organization\"},\"potentialAction\":[{\"@type\":\"SearchAction\",\"target\":{\"@type\":\"EntryPoint\",\"urlTemplate\":\"https:\/\/www.csj-emballages.com\/it\/?s={search_term_string}\"},\"query-input\":{\"@type\":\"PropertyValueSpecification\",\"valueRequired\":true,\"valueName\":\"search_term_string\"}}],\"inLanguage\":\"it-IT\"},{\"@type\":\"Organization\",\"@id\":\"https:\/\/www.csj-emballages.com\/it\/#Organization\/\",\"name\":\"CSJ Emballages\",\"url\":\"https:\/\/www.csj-emballages.com\/it\/\",\"logo\":{\"@type\":\"ImageObject\",\"inLanguage\":\"it-IT\",\"@id\":\"https:\/\/www.csj-emballages.com\/it\/#\/schema\/logo\/image\/\",\"url\":\"https:\/\/www.csj-emballages.com\/wp-content\/uploads\/2023\/10\/logo_csj.webp\",\"contentUrl\":\"https:\/\/www.csj-emballages.com\/wp-content\/uploads\/2023\/10\/logo_csj.webp\",\"width\":250,\"height\":95,\"caption\":\"CSJ Emballages\"},\"image\":{\"@id\":\"https:\/\/www.csj-emballages.com\/it\/#\/schema\/logo\/image\/\"},\"sameAs\":[\"https:\/\/www.facebook.com\/csjemballages\"],\"address\":{\"@type\":\"PostalAddress\",\"streetAddress\":\"ZI La Lechere\",\"addressLocality\":\"Patornay\",\"postalCode\":\"39130\",\"addressCountry\":\"FR\"},\"contactPoint\":[{\"@type\":\"ContactPoint\",\"contactType\":\"Service client\",\"telephone\":\"0384254272\",\"email\":\"contact@csj-emballages.com\"}]}]}<\/script>\n<!-- \/ Yoast SEO Premium plugin. -->","yoast_head_json":{"title":"Sacchetto per Frutta in kraft WS 3 kg 20 + 9 x 36 cm da 1000","description":"Sacchetto per frutta in kraft 3 kg (20 + 9 x 36 cm), confezione da 1000. Resistente, pratico ed ecosostenibile, ideale per frutta e verdura.","robots":{"index":"index","follow":"follow","max-snippet":"max-snippet:-1","max-image-preview":"max-image-preview:large","max-video-preview":"max-video-preview:-1"},"canonical":"https:\/\/www.csj-emballages.com\/it\/produit\/sacchetto-per-frutta-in-kraft-ws-3-kg-20-9-x-36-cm-da-1000\/","og_locale":"it_IT","og_type":"article","og_title":"Sacchetto per frutta in kraft WS 3 kg 20 + 9 x 36 cm da 1000","og_description":"Sacchetto per frutta in kraft 3 kg (20 + 9 x 36 cm), confezione da 1000. Resistente, pratico ed ecosostenibile, ideale per frutta e verdura.","og_url":"https:\/\/www.csj-emballages.com\/it\/produit\/sacchetto-per-frutta-in-kraft-ws-3-kg-20-9-x-36-cm-da-1000\/","og_site_name":"CSJ Emballages","article_publisher":"https:\/\/www.facebook.com\/csjemballages","article_modified_time":"2026-04-16T00:15:33+00:00","og_image":[{"width":800,"height":800,"url":"https:\/\/www.csj-emballages.com\/wp-content\/uploads\/2024\/03\/Sac-fruit.webp","type":"image\/webp"}],"twitter_card":"summary_large_image","twitter_misc":{"Dur\u00e9e de lecture estim\u00e9e":"1 minuto"},"schema":{"@context":"https:\/\/schema.org","@graph":[{"@type":"WebPage","@id":"https:\/\/www.csj-emballages.com\/it\/produit\/sacchetto-per-frutta-in-kraft-ws-3-kg-20-9-x-36-cm-da-1000\/","url":"https:\/\/www.csj-emballages.com\/it\/produit\/sacchetto-per-frutta-in-kraft-ws-3-kg-20-9-x-36-cm-da-1000\/","name":"Sacchetto per Frutta in kraft WS 3 kg 20 + 9 x 36 cm da 1000","isPartOf":{"@id":"https:\/\/www.csj-emballages.com\/it\/#website"},"primaryImageOfPage":{"@id":"https:\/\/www.csj-emballages.com\/it\/produit\/sacchetto-per-frutta-in-kraft-ws-3-kg-20-9-x-36-cm-da-1000\/#primaryimage"},"image":{"@id":"https:\/\/www.csj-emballages.com\/it\/produit\/sacchetto-per-frutta-in-kraft-ws-3-kg-20-9-x-36-cm-da-1000\/#primaryimage"},"thumbnailUrl":"https:\/\/www.csj-emballages.com\/wp-content\/uploads\/2024\/03\/Sac-fruit.webp","datePublished":"2024-03-01T15:50:09+00:00","dateModified":"2026-04-16T00:15:33+00:00","description":"Sacchetto per frutta in kraft 3 kg (20 + 9 x 36 cm), confezione da 1000. Resistente, pratico ed ecosostenibile, ideale per frutta e verdura.","breadcrumb":{"@id":"https:\/\/www.csj-emballages.com\/it\/produit\/sacchetto-per-frutta-in-kraft-ws-3-kg-20-9-x-36-cm-da-1000\/#breadcrumb"},"inLanguage":"it-IT","potentialAction":[{"@type":"ReadAction","target":["https:\/\/www.csj-emballages.com\/it\/produit\/sacchetto-per-frutta-in-kraft-ws-3-kg-20-9-x-36-cm-da-1000\/"]}]},{"@type":"ImageObject","inLanguage":"it-IT","@id":"https:\/\/www.csj-emballages.com\/it\/produit\/sacchetto-per-frutta-in-kraft-ws-3-kg-20-9-x-36-cm-da-1000\/#primaryimage","url":"https:\/\/www.csj-emballages.com\/wp-content\/uploads\/2024\/03\/Sac-fruit.webp","contentUrl":"https:\/\/www.csj-emballages.com\/wp-content\/uploads\/2024\/03\/Sac-fruit.webp","width":800,"height":800,"caption":"sac fruit"},{"@type":"BreadcrumbList","@id":"https:\/\/www.csj-emballages.com\/it\/produit\/sacchetto-per-frutta-in-kraft-ws-3-kg-20-9-x-36-cm-da-1000\/#breadcrumb","itemListElement":[{"@type":"ListItem","position":1,"name":"Home","item":"https:\/\/www.csj-emballages.com\/it\/universo-imballaggi-alimentari\/"},{"@type":"ListItem","position":2,"name":"Negozio","item":"https:\/\/www.csj-emballages.com\/it\/negozio\/"},{"@type":"ListItem","position":3,"name":"Sacchetto per frutta in kraft WS 3 kg 20 + 9 x 36 cm da 1000"}]},{"@type":"WebSite","@id":"https:\/\/www.csj-emballages.com\/it\/#website","url":"https:\/\/www.csj-emballages.com\/it\/","name":"CSJ Emballages","description":"","publisher":{"@id":"https:\/\/www.csj-emballages.com\/it\/#organization"},"potentialAction":[{"@type":"SearchAction","target":{"@type":"EntryPoint","urlTemplate":"https:\/\/www.csj-emballages.com\/it\/?s={search_term_string}"},"query-input":{"@type":"PropertyValueSpecification","valueRequired":true,"valueName":"search_term_string"}}],"inLanguage":"it-IT"},{"@type":"Organization","@id":"https:\/\/www.csj-emballages.com\/it\/#Organization\/","name":"CSJ Emballages","url":"https:\/\/www.csj-emballages.com\/it\/","logo":{"@type":"ImageObject","inLanguage":"it-IT","@id":"https:\/\/www.csj-emballages.com\/it\/#\/schema\/logo\/image\/","url":"https:\/\/www.csj-emballages.com\/wp-content\/uploads\/2023\/10\/logo_csj.webp","contentUrl":"https:\/\/www.csj-emballages.com\/wp-content\/uploads\/2023\/10\/logo_csj.webp","width":250,"height":95,"caption":"CSJ Emballages"},"image":{"@id":"https:\/\/www.csj-emballages.com\/it\/#\/schema\/logo\/image\/"},"sameAs":["https:\/\/www.facebook.com\/csjemballages"],"address":{"@type":"PostalAddress","streetAddress":"ZI La Lechere","addressLocality":"Patornay","postalCode":"39130","addressCountry":"FR"},"contactPoint":[{"@type":"ContactPoint","contactType":"Service client","telephone":"0384254272","email":"contact@csj-emballages.com"}]}]}},"df_price":29.9,"df_sale_price":"","df_regular_price":29.9,"df_image_link":"https:\/\/www.csj-emballages.com\/wp-content\/uploads\/2024\/03\/Sac-fruit-300x300.webp","tiered_pricing_type":"fixed","tiered_pricing_fixed_rules":[],"tiered_pricing_percentage_rules":[],"tiered_pricing_minimum":1,"tiered_pricing_roles_data":[],"_links":{"self":[{"href":"https:\/\/www.csj-emballages.com\/it\/wp-json\/wp\/v2\/product\/270004","targetHints":{"allow":["GET"]}}],"collection":[{"href":"https:\/\/www.csj-emballages.com\/it\/wp-json\/wp\/v2\/product"}],"about":[{"href":"https:\/\/www.csj-emballages.com\/it\/wp-json\/wp\/v2\/types\/product"}],"wp:featuredmedia":[{"embeddable":true,"href":"https:\/\/www.csj-emballages.com\/it\/wp-json\/wp\/v2\/media\/270011"}],"wp:attachment":[{"href":"https:\/\/www.csj-emballages.com\/it\/wp-json\/wp\/v2\/media?parent=270004"}],"wp:term":[{"taxonomy":"product_brand","embeddable":true,"href":"https:\/\/www.csj-emballages.com\/it\/wp-json\/wp\/v2\/product_brand?post=270004"},{"taxonomy":"product_cat","embeddable":true,"href":"https:\/\/www.csj-emballages.com\/it\/wp-json\/wp\/v2\/product_cat?post=270004"},{"taxonomy":"product_tag","embeddable":true,"href":"https:\/\/www.csj-emballages.com\/it\/wp-json\/wp\/v2\/product_tag?post=270004"}],"curies":[{"name":"wp","href":"https:\/\/api.w.org\/{rel}","templated":true}]}}