{"id":269997,"date":"2024-03-01T16:50:09","date_gmt":"2024-03-01T15:50:09","guid":{"rendered":"https:\/\/www.csj-emballages.com\/produit\/sacchetto-per-galette-des-rois-anti-unto-30-3-x-35-cm-confezione-da-100\/"},"modified":"2026-04-19T02:11:34","modified_gmt":"2026-04-19T00:11:34","slug":"sacchetto-per-galette-des-rois-anti-unto-30-3-x-35-cm-confezione-da-100","status":"publish","type":"product","link":"https:\/\/www.csj-emballages.com\/it\/produit\/sacchetto-per-galette-des-rois-anti-unto-30-3-x-35-cm-confezione-da-100\/","title":{"rendered":"Sacchetto per galette des rois anti-unto 30 + 3 x 35 cm, confezione da 100"},"content":{"rendered":"<div style=\"font-family: Roboto, sans-serif;\">\n<div style=\"font-family: Roboto, sans-serif;\">\n<div style=\"font-family: Roboto, sans-serif;\">\n<div style=\"font-family: Roboto, sans-serif;\">\n<div style=\"font-family: Roboto, sans-serif;\">\n<div style=\"font-family: Roboto, sans-serif;\">\n<div style=\"font-family: Roboto, sans-serif;\">\n<div style=\"font-family: Roboto, sans-serif;\">\n<div style=\"font-family: Roboto, sans-serif;\">\n<div style=\"font-family: Roboto, sans-serif;\">\n<div style=\"font-family: Roboto, sans-serif;\">\n<div style=\"font-family: Roboto, sans-serif;\">\n<div style=\"font-family: Roboto, sans-serif;\">\n<div class=\"flex flex-grow flex-col max-w-full\">\n<div class=\"min-h-[20px] text-message flex flex-col items-start whitespace-pre-wrap break-words [.text-message+&amp;]:mt-5 juice:w-full juice:items-end overflow-x-auto gap-2\" dir=\"auto\" data-message-author-role=\"assistant\" data-message-id=\"2034782e-88f9-44ef-b4dc-07dd7bf0115f\">\n<div class=\"flex w-full flex-col gap-1 juice:empty:hidden juice:first:pt-[3px]\">\n<div class=\"markdown prose w-full break-words dark:prose-invert light\">\n<div style=\"font-family: Roboto, sans-serif;\">\n<div style=\"font-family: Roboto, sans-serif;\">\n<div style=\"font-family: Roboto, sans-serif;\">\n<div style=\"font-family: Roboto, sans-serif;\">\n<div style=\"font-family: Roboto, sans-serif;\">\n<div style=\"font-family: Roboto, sans-serif;\">\n<h2>Sacchetto per galette des rois<\/h2>\n<div style=\"font-family: Roboto, sans-serif;\">\n<div style=\"font-family: Roboto, sans-serif;\">\n<div style=\"font-family: Roboto, sans-serif;\">\n<div style=\"text-align: center;\">\n<div style=\"font-family: Roboto, sans-serif;\">\n<div style=\"font-family: Roboto, sans-serif;\">\n<div style=\"font-family: Roboto, sans-serif;\">\n<div style=\"font-family: Roboto, sans-serif;\">\n<div style=\"font-family: Roboto, sans-serif;\">\n<div style=\"font-family: Roboto, sans-serif; text-align: left;\">\n<hr>\n<h3 style=\"text-align: left;\">Descrizione del nostro sacchetto per galette des rois anti-unto 30 + 3 x 35 cm, confezione da 100<!--more--><\/h3>\n<\/div>\n<\/div>\n<\/div>\n<\/div>\n<\/div>\n<\/div>\n<\/div>\n<\/div>\n<\/div>\n<\/div>\n<\/div>\n<\/div>\n<\/div>\n<\/div>\n<\/div>\n<\/div>\n<\/div>\n<\/div>\n<\/div>\n<\/div>\n<\/div>\n<\/div>\n<\/div>\n<\/div>\n<\/div>\n<\/div>\n<\/div>\n<\/div>\n<\/div>\n<\/div>\n<\/div>\n<\/div>\n<\/div>\n<p>Scopri il nostro <strong>sacchetto per galette des rois<\/strong> <strong>anti-unto<\/strong>, un must-have per valorizzare le tue deliziose galette des rois! Questo sacchetto pratico ed estetico soddisfa tutti i requisiti di qualit\u00e0 e durata. Realizzato con materiali appositamente progettati per resistere ai grassi, assicura una protezione ottimale delle tue galette, facilitandone il trasporto.  <\/p>\n<p>Il <strong>sacchetto per galette des rois<\/strong> \u00e8 perfettamente dimensionato con misure di <strong>30 + 3 x 35 cm<\/strong>. Ideale per accogliere le tue generose pasticcerie, offre loro una presentazione curata e professionale. Grazie al suo design anti-unto, preserva la freschezza e l&#8217;aspetto appetitoso delle tue galette, anche durante gli spostamenti. Inoltre, la sua robustezza garantisce un trasporto sicuro, senza rischio di strappi o perdite.   <\/p>\n<p><!--more--><\/p>\n<h4>Perch\u00e9 usare il nostro sacchetto per galette des rois?<\/h4>\n<p>Questo <strong>sacchetto per galette des rois<\/strong> \u00e8 venduto in lotti da <strong>100<\/strong>, un confezionamento pensato per soddisfare le esigenze di panifici e pasticcerie. Con questi sacchetti, puoi ottimizzare le tue operazioni quotidiane e garantire ai tuoi clienti un&#8217;esperienza di qualit\u00e0. Che sia per un ordine in negozio o per consegne a domicilio, ogni sacchetto offre una protezione impeccabile.  <\/p>\n<p>Il suo materiale anti-unto rende il <strong>sacchetto<\/strong> particolarmente adatto per i prodotti a base di pasta sfoglia. Infatti, le galette des rois spesso rilasciano grassi, il che pu\u00f2 alterare l&#8217;imballaggio e compromettere la loro presentazione. Tuttavia, questo sacchetto \u00e8 stato appositamente progettato per evitare questi inconvenienti, offrendo una barriera protettiva che conserva gli aromi e la freschezza delle tue creazioni.  <\/p>\n<p>&nbsp;<\/p>\n<p><!--more--><\/p>\n<div style=\"font-family: Roboto, sans-serif;\">\n<div style=\"font-family: Roboto, sans-serif;\">\n<div style=\"font-family: Roboto, sans-serif;\">\n<div style=\"font-family: Roboto, sans-serif;\">\n<div style=\"font-family: Roboto, sans-serif;\">\n<div style=\"font-family: Roboto, sans-serif;\">\n<div style=\"font-family: Roboto, sans-serif;\">\n<div style=\"font-family: Roboto, sans-serif;\">\n<div style=\"font-family: Roboto, sans-serif;\">\n<div style=\"font-family: Roboto, sans-serif;\">\n<div style=\"font-family: Roboto, sans-serif;\">\n<div style=\"font-family: Roboto, sans-serif;\">\n<div style=\"font-family: Roboto, sans-serif;\">\n<div class=\"flex flex-grow flex-col max-w-full\">\n<div class=\"min-h-[20px] text-message flex flex-col items-start whitespace-pre-wrap break-words [.text-message+&amp;]:mt-5 juice:w-full juice:items-end overflow-x-auto gap-2\" dir=\"auto\" data-message-author-role=\"assistant\" data-message-id=\"2034782e-88f9-44ef-b4dc-07dd7bf0115f\">\n<div class=\"flex w-full flex-col gap-1 juice:empty:hidden juice:first:pt-[3px]\">\n<div class=\"markdown prose w-full break-words dark:prose-invert light\">\n<div style=\"font-family: Roboto, sans-serif;\">\n<div style=\"font-family: Roboto, sans-serif;\">\n<div style=\"font-family: Roboto, sans-serif;\">\n<div style=\"font-family: Roboto, sans-serif;\">\n<div style=\"font-family: Roboto, sans-serif;\">\n<div style=\"font-family: Roboto, sans-serif;\">\n<p>Il design semplice ed elegante di questo <strong>sacchetto per galette des rois<\/strong> lo rende anche una scelta estetica per i professionisti attenti all&#8217;immagine del loro marchio. Il suo aspetto sobrio permette di mettere in risalto la qualit\u00e0 dei tuoi prodotti senza snaturarli. Si distingue cos\u00ec dagli imballaggi tradizionali e conferisce alla tua galette una confezione all&#8217;altezza del suo gusto e della sua fama.  <\/p>\n<p>Infine, il <strong>sacchetto per galette des rois<\/strong> \u00e8 ideale per valorizzare le tue creazioni e fidelizzare la tua clientela. Mette in risalto l&#8217;autenticit\u00e0 dei tuoi prodotti e sottolinea la tua maestria. Questo sacchetto \u00e8 molto pi\u00f9 di un semplice imballaggio: \u00e8 una soluzione professionale, etica ed estetica.  <\/p>\n<p>&nbsp;<\/p>\n<p><!--more--><\/p>\n<h4 style=\"text-align: left;\"><strong>I vantaggi del nostro sacchetto per galette<\/strong><strong>:<\/strong><\/h4>\n<ul style=\"text-align: left;\">\n<li><strong>Protezione anti-unto<\/strong>: Questo sacchetto \u00e8 realizzato con materiali anti-unto che impediscono ai grassi di passare.<\/li>\n<li><strong>Dimensioni adatte<\/strong>: Con le sue dimensioni di <strong>30 + 3 x 35 cm<\/strong>, questo sacchetto \u00e8 ideale per contenere una galette des rois di dimensioni standard.<\/li>\n<li><strong>Estetica sobria e professionale<\/strong>: Il design pulito di questo <strong>sacchetto<\/strong> valorizza le tue galette.<\/li>\n<li><strong>Confezione da 100 pezzi<\/strong>: Per i professionisti, questo formato in lotto da <strong>100<\/strong> sacchetti facilita la gestione delle scorte e permette di avere sempre a disposizione sacchetti in quantit\u00e0 sufficiente.<\/li>\n<\/ul>\n<\/div>\n<\/div>\n<\/div>\n<\/div>\n<\/div>\n<\/div>\n<\/div>\n<\/div>\n<\/div>\n<\/div>\n<\/div>\n<\/div>\n<p>&nbsp;<\/p>\n<\/div>\n<\/div>\n<\/div>\n<\/div>\n<\/div>\n<\/div>\n<\/div>\n<\/div>\n<\/div>\n<\/div>\n<\/div>\n<p><!--more--><\/p>\n<h4>Altre informazioni:<\/h4>\n<ul style=\"font-family: Roboto, sans-serif;\">\n<li><strong>Confezione<\/strong>: Lotto da 100<\/li>\n<li><span style=\"font-weight: bold;\">Dimensioni<\/span>: 30 + 3 x 35 cm<\/li>\n<li><strong>Materiale<\/strong>: Carta oleata<\/li>\n<\/ul>\n<p>&nbsp;<\/p>\n<p style=\"text-align: left;\"><!--more--><\/p>\n<p><a href=\"https:\/\/www.csj-emballages.com\/it\/categorie-produit\/imballaggi-alimentari\/panetteria-pasticceria\/sacchi-sacchetti-e-carte\/sacchetti\/sacchetti-per-galette\/\">Consulta il resto della nostra gamma di sacchetti per galette des rois<\/a><\/p>\n","protected":false},"excerpt":{"rendered":"<p>Sacchetto per galette des rois Descrizione del nostro sacchetto per galette des rois anti-unto 30 + 3 x 35 cm, confezione da 100<\/p>\n","protected":false},"featured_media":270003,"template":"","meta":{"_acf_changed":false},"product_brand":[],"product_cat":[10346,10344,10867,10868,10358],"product_tag":[],"class_list":{"0":"post-269997","1":"product","2":"type-product","3":"status-publish","4":"has-post-thumbnail","6":"product_cat-imballaggi-alimentari","7":"product_cat-panetteria-pasticceria","8":"product_cat-sacchetti","9":"product_cat-sacchetti-per-galette","10":"product_cat-stock","12":"first","13":"instock","14":"sale","15":"featured","16":"taxable","17":"shipping-taxable","18":"purchasable","19":"product-type-simple"},"acf":[],"yoast_head":"<!-- This site is optimized with the Yoast SEO Premium plugin v26.6 (Yoast SEO v26.6) - https:\/\/yoast.com\/wordpress\/plugins\/seo\/ -->\n<title>Sacchetto per galette des rois anti-unto 39 x 35 x 3 cm<\/title>\n<meta name=\"description\" content=\"Scopri il nostro sacchetto per galette des rois. Dimensioni adatte, design sobrio e confezione da 100 pezzi per soddisfare le esigenze dei professionisti.\" \/>\n<meta name=\"robots\" content=\"index, follow, max-snippet:-1, max-image-preview:large, max-video-preview:-1\" \/>\n<link rel=\"canonical\" href=\"https:\/\/www.csj-emballages.com\/it\/produit\/sacchetto-per-galette-des-rois-anti-unto-30-3-x-35-cm-confezione-da-100\/\" \/>\n<meta property=\"og:locale\" content=\"it_IT\" \/>\n<meta property=\"og:type\" content=\"article\" \/>\n<meta property=\"og:title\" content=\"Sacchetto per galette des rois anti-unto 39 x 35 x 3 cm\" \/>\n<meta property=\"og:description\" content=\"Scopri il nostro sacchetto per galette des rois. Dimensioni adatte, design sobrio e confezione da 100 pezzi per soddisfare le esigenze dei professionisti.\" \/>\n<meta property=\"og:url\" content=\"https:\/\/www.csj-emballages.com\/it\/produit\/sacchetto-per-galette-des-rois-anti-unto-30-3-x-35-cm-confezione-da-100\/\" \/>\n<meta property=\"og:site_name\" content=\"CSJ Emballages\" \/>\n<meta property=\"article:publisher\" content=\"https:\/\/www.facebook.com\/csjemballages\" \/>\n<meta property=\"article:modified_time\" content=\"2026-04-19T00:11:34+00:00\" \/>\n<meta property=\"og:image\" content=\"https:\/\/www.csj-emballages.com\/wp-content\/uploads\/2024\/03\/e-amande-72.png\" \/>\n\t<meta property=\"og:image:width\" content=\"300\" \/>\n\t<meta property=\"og:image:height\" content=\"300\" \/>\n\t<meta property=\"og:image:type\" content=\"image\/png\" \/>\n<meta name=\"twitter:card\" content=\"summary_large_image\" \/>\n<meta name=\"twitter:title\" content=\"Sacchetto per galette des rois anti-unto 39 x 35 x 3 cm\" \/>\n<meta name=\"twitter:description\" content=\"Scopri il nostro sacchetto per galette des rois. Dimensioni adatte, design sobrio e confezione da 100 pezzi per soddisfare le esigenze dei professionisti.\" \/>\n<meta name=\"twitter:label1\" content=\"Dur\u00e9e de lecture estim\u00e9e\" \/>\n\t<meta name=\"twitter:data1\" content=\"2 minuti\" \/>\n<script type=\"application\/ld+json\" class=\"yoast-schema-graph\">{\"@context\":\"https:\/\/schema.org\",\"@graph\":[{\"@type\":\"WebPage\",\"@id\":\"https:\/\/www.csj-emballages.com\/it\/produit\/sacchetto-per-galette-des-rois-anti-unto-30-3-x-35-cm-confezione-da-100\/\",\"url\":\"https:\/\/www.csj-emballages.com\/it\/produit\/sacchetto-per-galette-des-rois-anti-unto-30-3-x-35-cm-confezione-da-100\/\",\"name\":\"Sacchetto per galette des rois anti-unto 39 x 35 x 3 cm\",\"isPartOf\":{\"@id\":\"https:\/\/www.csj-emballages.com\/it\/#website\"},\"primaryImageOfPage\":{\"@id\":\"https:\/\/www.csj-emballages.com\/it\/produit\/sacchetto-per-galette-des-rois-anti-unto-30-3-x-35-cm-confezione-da-100\/#primaryimage\"},\"image\":{\"@id\":\"https:\/\/www.csj-emballages.com\/it\/produit\/sacchetto-per-galette-des-rois-anti-unto-30-3-x-35-cm-confezione-da-100\/#primaryimage\"},\"thumbnailUrl\":\"https:\/\/www.csj-emballages.com\/wp-content\/uploads\/2024\/03\/e-amande-72.png\",\"datePublished\":\"2024-03-01T15:50:09+00:00\",\"dateModified\":\"2026-04-19T00:11:34+00:00\",\"description\":\"Scopri il nostro sacchetto per galette des rois. Dimensioni adatte, design sobrio e confezione da 100 pezzi per soddisfare le esigenze dei professionisti.\",\"breadcrumb\":{\"@id\":\"https:\/\/www.csj-emballages.com\/it\/produit\/sacchetto-per-galette-des-rois-anti-unto-30-3-x-35-cm-confezione-da-100\/#breadcrumb\"},\"inLanguage\":\"it-IT\",\"potentialAction\":[{\"@type\":\"ReadAction\",\"target\":[\"https:\/\/www.csj-emballages.com\/it\/produit\/sacchetto-per-galette-des-rois-anti-unto-30-3-x-35-cm-confezione-da-100\/\"]}]},{\"@type\":\"ImageObject\",\"inLanguage\":\"it-IT\",\"@id\":\"https:\/\/www.csj-emballages.com\/it\/produit\/sacchetto-per-galette-des-rois-anti-unto-30-3-x-35-cm-confezione-da-100\/#primaryimage\",\"url\":\"https:\/\/www.csj-emballages.com\/wp-content\/uploads\/2024\/03\/e-amande-72.png\",\"contentUrl\":\"https:\/\/www.csj-emballages.com\/wp-content\/uploads\/2024\/03\/e-amande-72.png\",\"width\":300,\"height\":300,\"caption\":\"Sac galette des rois\"},{\"@type\":\"BreadcrumbList\",\"@id\":\"https:\/\/www.csj-emballages.com\/it\/produit\/sacchetto-per-galette-des-rois-anti-unto-30-3-x-35-cm-confezione-da-100\/#breadcrumb\",\"itemListElement\":[{\"@type\":\"ListItem\",\"position\":1,\"name\":\"Home\",\"item\":\"https:\/\/www.csj-emballages.com\/it\/universo-imballaggi-alimentari\/\"},{\"@type\":\"ListItem\",\"position\":2,\"name\":\"Negozio\",\"item\":\"https:\/\/www.csj-emballages.com\/it\/negozio\/\"},{\"@type\":\"ListItem\",\"position\":3,\"name\":\"Sacchetto per galette des rois anti-unto 30 + 3 x 35 cm, confezione da 100\"}]},{\"@type\":\"WebSite\",\"@id\":\"https:\/\/www.csj-emballages.com\/it\/#website\",\"url\":\"https:\/\/www.csj-emballages.com\/it\/\",\"name\":\"CSJ Emballages\",\"description\":\"\",\"publisher\":{\"@id\":\"https:\/\/www.csj-emballages.com\/it\/#organization\"},\"potentialAction\":[{\"@type\":\"SearchAction\",\"target\":{\"@type\":\"EntryPoint\",\"urlTemplate\":\"https:\/\/www.csj-emballages.com\/it\/?s={search_term_string}\"},\"query-input\":{\"@type\":\"PropertyValueSpecification\",\"valueRequired\":true,\"valueName\":\"search_term_string\"}}],\"inLanguage\":\"it-IT\"},{\"@type\":\"Organization\",\"@id\":\"https:\/\/www.csj-emballages.com\/it\/#Organization\/\",\"name\":\"CSJ Emballages\",\"url\":\"https:\/\/www.csj-emballages.com\/it\/\",\"logo\":{\"@type\":\"ImageObject\",\"inLanguage\":\"it-IT\",\"@id\":\"https:\/\/www.csj-emballages.com\/it\/#\/schema\/logo\/image\/\",\"url\":\"https:\/\/www.csj-emballages.com\/wp-content\/uploads\/2023\/10\/logo_csj.webp\",\"contentUrl\":\"https:\/\/www.csj-emballages.com\/wp-content\/uploads\/2023\/10\/logo_csj.webp\",\"width\":250,\"height\":95,\"caption\":\"CSJ Emballages\"},\"image\":{\"@id\":\"https:\/\/www.csj-emballages.com\/it\/#\/schema\/logo\/image\/\"},\"sameAs\":[\"https:\/\/www.facebook.com\/csjemballages\"],\"address\":{\"@type\":\"PostalAddress\",\"streetAddress\":\"ZI La Lechere\",\"addressLocality\":\"Patornay\",\"postalCode\":\"39130\",\"addressCountry\":\"FR\"},\"contactPoint\":[{\"@type\":\"ContactPoint\",\"contactType\":\"Service client\",\"telephone\":\"0384254272\",\"email\":\"contact@csj-emballages.com\"}]}]}<\/script>\n<!-- \/ Yoast SEO Premium plugin. -->","yoast_head_json":{"title":"Sacchetto per galette des rois anti-unto 39 x 35 x 3 cm","description":"Scopri il nostro sacchetto per galette des rois. Dimensioni adatte, design sobrio e confezione da 100 pezzi per soddisfare le esigenze dei professionisti.","robots":{"index":"index","follow":"follow","max-snippet":"max-snippet:-1","max-image-preview":"max-image-preview:large","max-video-preview":"max-video-preview:-1"},"canonical":"https:\/\/www.csj-emballages.com\/it\/produit\/sacchetto-per-galette-des-rois-anti-unto-30-3-x-35-cm-confezione-da-100\/","og_locale":"it_IT","og_type":"article","og_title":"Sacchetto per galette des rois anti-unto 39 x 35 x 3 cm","og_description":"Scopri il nostro sacchetto per galette des rois. Dimensioni adatte, design sobrio e confezione da 100 pezzi per soddisfare le esigenze dei professionisti.","og_url":"https:\/\/www.csj-emballages.com\/it\/produit\/sacchetto-per-galette-des-rois-anti-unto-30-3-x-35-cm-confezione-da-100\/","og_site_name":"CSJ Emballages","article_publisher":"https:\/\/www.facebook.com\/csjemballages","article_modified_time":"2026-04-19T00:11:34+00:00","og_image":[{"width":300,"height":300,"url":"https:\/\/www.csj-emballages.com\/wp-content\/uploads\/2024\/03\/e-amande-72.png","type":"image\/png"}],"twitter_card":"summary_large_image","twitter_title":"Sacchetto per galette des rois anti-unto 39 x 35 x 3 cm","twitter_description":"Scopri il nostro sacchetto per galette des rois. Dimensioni adatte, design sobrio e confezione da 100 pezzi per soddisfare le esigenze dei professionisti.","twitter_misc":{"Dur\u00e9e de lecture estim\u00e9e":"2 minuti"},"schema":{"@context":"https:\/\/schema.org","@graph":[{"@type":"WebPage","@id":"https:\/\/www.csj-emballages.com\/it\/produit\/sacchetto-per-galette-des-rois-anti-unto-30-3-x-35-cm-confezione-da-100\/","url":"https:\/\/www.csj-emballages.com\/it\/produit\/sacchetto-per-galette-des-rois-anti-unto-30-3-x-35-cm-confezione-da-100\/","name":"Sacchetto per galette des rois anti-unto 39 x 35 x 3 cm","isPartOf":{"@id":"https:\/\/www.csj-emballages.com\/it\/#website"},"primaryImageOfPage":{"@id":"https:\/\/www.csj-emballages.com\/it\/produit\/sacchetto-per-galette-des-rois-anti-unto-30-3-x-35-cm-confezione-da-100\/#primaryimage"},"image":{"@id":"https:\/\/www.csj-emballages.com\/it\/produit\/sacchetto-per-galette-des-rois-anti-unto-30-3-x-35-cm-confezione-da-100\/#primaryimage"},"thumbnailUrl":"https:\/\/www.csj-emballages.com\/wp-content\/uploads\/2024\/03\/e-amande-72.png","datePublished":"2024-03-01T15:50:09+00:00","dateModified":"2026-04-19T00:11:34+00:00","description":"Scopri il nostro sacchetto per galette des rois. Dimensioni adatte, design sobrio e confezione da 100 pezzi per soddisfare le esigenze dei professionisti.","breadcrumb":{"@id":"https:\/\/www.csj-emballages.com\/it\/produit\/sacchetto-per-galette-des-rois-anti-unto-30-3-x-35-cm-confezione-da-100\/#breadcrumb"},"inLanguage":"it-IT","potentialAction":[{"@type":"ReadAction","target":["https:\/\/www.csj-emballages.com\/it\/produit\/sacchetto-per-galette-des-rois-anti-unto-30-3-x-35-cm-confezione-da-100\/"]}]},{"@type":"ImageObject","inLanguage":"it-IT","@id":"https:\/\/www.csj-emballages.com\/it\/produit\/sacchetto-per-galette-des-rois-anti-unto-30-3-x-35-cm-confezione-da-100\/#primaryimage","url":"https:\/\/www.csj-emballages.com\/wp-content\/uploads\/2024\/03\/e-amande-72.png","contentUrl":"https:\/\/www.csj-emballages.com\/wp-content\/uploads\/2024\/03\/e-amande-72.png","width":300,"height":300,"caption":"Sac galette des rois"},{"@type":"BreadcrumbList","@id":"https:\/\/www.csj-emballages.com\/it\/produit\/sacchetto-per-galette-des-rois-anti-unto-30-3-x-35-cm-confezione-da-100\/#breadcrumb","itemListElement":[{"@type":"ListItem","position":1,"name":"Home","item":"https:\/\/www.csj-emballages.com\/it\/universo-imballaggi-alimentari\/"},{"@type":"ListItem","position":2,"name":"Negozio","item":"https:\/\/www.csj-emballages.com\/it\/negozio\/"},{"@type":"ListItem","position":3,"name":"Sacchetto per galette des rois anti-unto 30 + 3 x 35 cm, confezione da 100"}]},{"@type":"WebSite","@id":"https:\/\/www.csj-emballages.com\/it\/#website","url":"https:\/\/www.csj-emballages.com\/it\/","name":"CSJ Emballages","description":"","publisher":{"@id":"https:\/\/www.csj-emballages.com\/it\/#organization"},"potentialAction":[{"@type":"SearchAction","target":{"@type":"EntryPoint","urlTemplate":"https:\/\/www.csj-emballages.com\/it\/?s={search_term_string}"},"query-input":{"@type":"PropertyValueSpecification","valueRequired":true,"valueName":"search_term_string"}}],"inLanguage":"it-IT"},{"@type":"Organization","@id":"https:\/\/www.csj-emballages.com\/it\/#Organization\/","name":"CSJ Emballages","url":"https:\/\/www.csj-emballages.com\/it\/","logo":{"@type":"ImageObject","inLanguage":"it-IT","@id":"https:\/\/www.csj-emballages.com\/it\/#\/schema\/logo\/image\/","url":"https:\/\/www.csj-emballages.com\/wp-content\/uploads\/2023\/10\/logo_csj.webp","contentUrl":"https:\/\/www.csj-emballages.com\/wp-content\/uploads\/2023\/10\/logo_csj.webp","width":250,"height":95,"caption":"CSJ Emballages"},"image":{"@id":"https:\/\/www.csj-emballages.com\/it\/#\/schema\/logo\/image\/"},"sameAs":["https:\/\/www.facebook.com\/csjemballages"],"address":{"@type":"PostalAddress","streetAddress":"ZI La Lechere","addressLocality":"Patornay","postalCode":"39130","addressCountry":"FR"},"contactPoint":[{"@type":"ContactPoint","contactType":"Service client","telephone":"0384254272","email":"contact@csj-emballages.com"}]}]}},"df_price":13.02,"df_sale_price":13.02,"df_regular_price":14.47,"df_image_link":"https:\/\/www.csj-emballages.com\/wp-content\/uploads\/2024\/03\/e-amande-72.png","tiered_pricing_type":"fixed","tiered_pricing_fixed_rules":[],"tiered_pricing_percentage_rules":[],"tiered_pricing_minimum":1,"tiered_pricing_roles_data":[],"_links":{"self":[{"href":"https:\/\/www.csj-emballages.com\/it\/wp-json\/wp\/v2\/product\/269997","targetHints":{"allow":["GET"]}}],"collection":[{"href":"https:\/\/www.csj-emballages.com\/it\/wp-json\/wp\/v2\/product"}],"about":[{"href":"https:\/\/www.csj-emballages.com\/it\/wp-json\/wp\/v2\/types\/product"}],"wp:featuredmedia":[{"embeddable":true,"href":"https:\/\/www.csj-emballages.com\/it\/wp-json\/wp\/v2\/media\/270003"}],"wp:attachment":[{"href":"https:\/\/www.csj-emballages.com\/it\/wp-json\/wp\/v2\/media?parent=269997"}],"wp:term":[{"taxonomy":"product_brand","embeddable":true,"href":"https:\/\/www.csj-emballages.com\/it\/wp-json\/wp\/v2\/product_brand?post=269997"},{"taxonomy":"product_cat","embeddable":true,"href":"https:\/\/www.csj-emballages.com\/it\/wp-json\/wp\/v2\/product_cat?post=269997"},{"taxonomy":"product_tag","embeddable":true,"href":"https:\/\/www.csj-emballages.com\/it\/wp-json\/wp\/v2\/product_tag?post=269997"}],"curies":[{"name":"wp","href":"https:\/\/api.w.org\/{rel}","templated":true}]}}