{"id":269981,"date":"2024-03-01T16:47:40","date_gmt":"2024-03-01T15:47:40","guid":{"rendered":"https:\/\/www.csj-emballages.com\/produit\/sacchetto-sottovuoto-liscio-rinforzato-per-conservazione-40-x-60-cm-150-%c2%b5-da-100-pezzi\/"},"modified":"2026-04-20T13:00:48","modified_gmt":"2026-04-20T11:00:48","slug":"sacchetto-sottovuoto-liscio-rinforzato-per-conservazione-40-x-60-cm-150-%c2%b5-da-100-pezzi","status":"publish","type":"product","link":"https:\/\/www.csj-emballages.com\/it\/produit\/sacchetto-sottovuoto-liscio-rinforzato-per-conservazione-40-x-60-cm-150-%c2%b5-da-100-pezzi\/","title":{"rendered":"Sacchetto sottovuoto liscio rinforzato per conservazione 40 x 60 cm 150 \u00b5 da 100 pezzi"},"content":{"rendered":"<h2>Sacchetto sottovuoto<\/h2>\n<hr>\n<h3>Descrizione del nostro sacchetto sottovuoto liscio rinforzato per conservazione 40 x 60 cm 150 \u00b5 da 100 pezzi<\/h3>\n<p><!--more--><\/p>\n<p data-start=\"110\" data-end=\"366\">I <strong>sacchetti sottovuoto lisci per conservazione 40 x 60 cm<\/strong> &#8211;<strong> 150 \u00b5<\/strong> sono la soluzione ideale per professionisti della ristorazione, catering, macellai e privati che desiderano preservare la freschezza e la qualit\u00e0 dei propri alimenti pi\u00f9 a lungo. Grazie al loro <strong data-start=\"381\" data-end=\"419\">spessore rinforzato di 150 micron<\/strong>, questi <strong>sacchetti<\/strong> offrono una barriera ottimale contro aria, umidit\u00e0 e batteri, riducendo i rischi di ossidazione e contaminazione. I tuoi alimenti conservano cos\u00ec gusto, consistenza e valori nutritivi molto pi\u00f9 a lungo, sia in frigorifero che in freezer.  <\/p>\n<p data-start=\"368\" data-end=\"773\">Compatibili con <strong data-start=\"792\" data-end=\"841\">macchine ad aspirazione esterna e a campana<\/strong>, si adattano alle esigenze di professionisti e privati esigenti. Il formato <strong>40 x 60 cm<\/strong> \u00e8 ideale per il <strong>confezionamento sottovuoto<\/strong> di carne, pesce, formaggi, verdure e piatti pronti. <\/p>\n<p data-start=\"1057\" data-end=\"1238\">Questi <strong>sacchetti<\/strong> sono realizzati in materiale robusto e<strong data-start=\"1089\" data-end=\"1121\"> senza BPA<\/strong>, conforme alle normative alimentari, garantendo una conservazione sana e sicura dei tuoi prodotti.<\/p>\n<p>&nbsp;<\/p>\n<p><!--more--><\/p>\n<p><span style=\"color: #ff0000;\"><strong>*Apertura sulla larghezza<\/strong><\/span><\/p>\n<p><span style=\"color: #ff0000;\"><strong>*Sacchetti sottovuoto senza BPA (Bisfenolo A)<\/strong><\/span><\/p>\n<p>&nbsp;<\/p>\n<p><!--more--><\/p>\n<div style=\"font-family: Roboto, sans-serif;\">\n<div style=\"font-family: Roboto, sans-serif;\">\n<div style=\"font-family: Roboto, sans-serif;\">\n<div style=\"font-family: Roboto, sans-serif;\">\n<div style=\"font-family: Roboto, sans-serif;\">\n<div style=\"font-family: Roboto, sans-serif;\">\n<p style=\"text-align: left;\"><strong>I loro vantaggi:<\/strong><\/p>\n<ul style=\"text-align: left;\">\n<li><strong data-start=\"1260\" data-end=\"1286\">Conservazione prolungata<\/strong>: riduce l&#8217;ossidazione e limita la proliferazione batterica per una freschezza duratura.<\/li>\n<li><strong data-start=\"1379\" data-end=\"1399\">Alta resistenza<\/strong>: grazie allo spessore rinforzato di 150 micron, garantiscono una protezione ottimale contro forature e strappi.<\/li>\n<li><strong data-start=\"1506\" data-end=\"1527\">Barriera efficace<\/strong>: questi sacchetti sottovuoto proteggono da umidit\u00e0, contaminanti esterni e cattivi odori.<\/li>\n<li><strong data-start=\"1614\" data-end=\"1637\" data-is-only-node=\"\">Versatilit\u00e0 d&#8217;uso<\/strong>: ideale per prodotti freschi, surgelati, cotti o per la cottura sottovuoto.<\/li>\n<li><strong data-start=\"1721\" data-end=\"1775\">Compatibili con macchine ad aspirazione esterna<\/strong>: facili da usare, perfetti per uso professionale e domestico.<\/li>\n<li><strong data-start=\"1854\" data-end=\"1878\">Sicurezza alimentare<\/strong>: senza BPA e conformi alle norme vigenti.<\/li>\n<\/ul>\n<\/div>\n<div style=\"font-family: Roboto, sans-serif;\"><\/div>\n<\/div>\n<\/div>\n<\/div>\n<\/div>\n<\/div>\n<p><!--more--><\/p>\n<div style=\"font-family: Roboto, sans-serif;\">\n<div style=\"font-family: Roboto, sans-serif;\">\n<div style=\"font-family: Roboto, sans-serif;\">\n<h4>Altre informazioni:<\/h4>\n<ul>\n<li><strong>Confezione<\/strong>: pacco da 100<\/li>\n<li><strong>Dimensioni<\/strong>: 40 x 60 cm<\/li>\n<li><strong>Termosaldabile<\/strong>: s\u00ec<\/li>\n<li><strong>Termoretraibile<\/strong>: no<\/li>\n<li><strong>Tipo<\/strong>: liscio<\/li>\n<li><strong>Resistenza<\/strong>: 150 micron<\/li>\n<li><strong>Saldatura<\/strong>: 3 lati<\/li>\n<li><strong>Temperatura d&#8217;uso<\/strong>: -50\u00b0C \/ +90\u00b0C<\/li>\n<\/ul>\n<\/div>\n<\/div>\n<\/div>\n<div style=\"font-family: Roboto, sans-serif;\">\n<p>&nbsp;<\/p>\n<div style=\"font-family: Roboto, sans-serif;\">\n<div style=\"font-family: Roboto, sans-serif;\">\n<p><!--more--><\/p>\n<p><a href=\"\/?product_cat=sacs-sous-vide-lisses-90-\u03bcm\">Scopri il resto della nostra gamma di sacchetti sottovuoto lisci<\/a><\/p>\n<\/div>\n<\/div>\n<\/div>\n<div style=\"font-family: Roboto, sans-serif;\">\n<div style=\"font-family: Roboto, sans-serif;\">\n<div style=\"font-family: Roboto, sans-serif;\">\n<div style=\"text-align: center;\">\n<div style=\"font-family: Roboto, sans-serif;\">\n<div style=\"font-family: Roboto, sans-serif;\">\n<div style=\"font-family: Roboto, sans-serif;\">\n<div style=\"font-family: Roboto, sans-serif;\">\n<div style=\"font-family: Roboto, sans-serif;\">\n<div style=\"font-family: Roboto, sans-serif; text-align: left;\"><\/div>\n<\/div>\n<\/div>\n<\/div>\n<\/div>\n<\/div>\n<\/div>\n<\/div>\n<\/div>\n<\/div>\n<div style=\"font-family: Roboto, sans-serif;\">\n<div style=\"font-family: Roboto, sans-serif;\">\n<div style=\"font-family: Roboto, sans-serif;\">\n<div style=\"text-align: center;\">\n<div style=\"font-family: Roboto, sans-serif;\">\n<div style=\"font-family: Roboto, sans-serif;\">\n<div style=\"font-family: Roboto, sans-serif;\">\n<div style=\"font-family: Roboto, sans-serif;\">\n<div style=\"font-family: Roboto, sans-serif;\">\n<div style=\"font-family: Roboto, sans-serif; text-align: left;\"><\/div>\n<\/div>\n<\/div>\n<\/div>\n<\/div>\n<\/div>\n<\/div>\n<\/div>\n<\/div>\n<\/div>\n","protected":false},"excerpt":{"rendered":"<p>Sacchetto sottovuoto Descrizione del nostro sacchetto sottovuoto liscio rinforzato per conservazione 40 x 60 cm 150 \u00b5 da 100 pezzi<\/p>\n","protected":false},"featured_media":269979,"template":"","meta":{"_acf_changed":false},"product_brand":[],"product_cat":[10346,10381,11074,11076,11147],"product_tag":[],"class_list":{"0":"post-269981","1":"product","2":"type-product","3":"status-publish","4":"has-post-thumbnail","6":"product_cat-imballaggi-alimentari","7":"product_cat-macelleria-gastronomia-ortofrutta","8":"product_cat-sacchetti-sottovuoto","9":"product_cat-sacchetti-sottovuoto-lisci","10":"product_cat-sacchetti-sottovuoto-lisci-150-m","12":"first","13":"instock","14":"taxable","15":"shipping-taxable","16":"purchasable","17":"product-type-simple"},"acf":[],"yoast_head":"<!-- This site is optimized with the Yoast SEO Premium plugin v26.6 (Yoast SEO v26.6) - https:\/\/yoast.com\/wordpress\/plugins\/seo\/ -->\n<title>Sacchetto Sottovuoto Liscio Rinforzato per Conservazione 40 x 60 cm 150 \u00b5<\/title>\n<meta name=\"description\" content=\"Acquista sacchetti sottovuoto lisci rinforzati per conservazione 40 x 60 cm 150 \u00b5! Ti offriamo una confezione da 100 sacchetti sottovuoto economici a prezzi scontati\" \/>\n<meta name=\"robots\" content=\"index, follow, max-snippet:-1, max-image-preview:large, max-video-preview:-1\" \/>\n<link rel=\"canonical\" href=\"https:\/\/www.csj-emballages.com\/it\/produit\/sacchetto-sottovuoto-liscio-rinforzato-per-conservazione-40-x-60-cm-150-%c2%b5-da-100-pezzi\/\" \/>\n<meta property=\"og:locale\" content=\"it_IT\" \/>\n<meta property=\"og:type\" content=\"article\" \/>\n<meta property=\"og:title\" content=\"Sacchetto sottovuoto liscio rinforzato per conservazione 40 x 60 cm 150 \u00b5 da 100 pezzi\" \/>\n<meta property=\"og:description\" content=\"Acquista sacchetti sottovuoto lisci rinforzati per conservazione 40 x 60 cm 150 \u00b5! Ti offriamo una confezione da 100 sacchetti sottovuoto economici a prezzi scontati\" \/>\n<meta property=\"og:url\" content=\"https:\/\/www.csj-emballages.com\/it\/produit\/sacchetto-sottovuoto-liscio-rinforzato-per-conservazione-40-x-60-cm-150-%c2%b5-da-100-pezzi\/\" \/>\n<meta property=\"og:site_name\" content=\"CSJ Emballages\" \/>\n<meta property=\"article:publisher\" content=\"https:\/\/www.facebook.com\/csjemballages\" \/>\n<meta property=\"article:modified_time\" content=\"2026-04-20T11:00:48+00:00\" \/>\n<meta property=\"og:image\" content=\"https:\/\/www.csj-emballages.com\/wp-content\/uploads\/2025\/02\/Sac-sous-vide-lisse.webp\" \/>\n\t<meta property=\"og:image:width\" content=\"800\" \/>\n\t<meta property=\"og:image:height\" content=\"800\" \/>\n\t<meta property=\"og:image:type\" content=\"image\/webp\" \/>\n<meta name=\"twitter:card\" content=\"summary_large_image\" \/>\n<meta name=\"twitter:label1\" content=\"Dur\u00e9e de lecture estim\u00e9e\" \/>\n\t<meta name=\"twitter:data1\" content=\"1 minuto\" \/>\n<script type=\"application\/ld+json\" class=\"yoast-schema-graph\">{\"@context\":\"https:\/\/schema.org\",\"@graph\":[{\"@type\":\"WebPage\",\"@id\":\"https:\/\/www.csj-emballages.com\/it\/produit\/sacchetto-sottovuoto-liscio-rinforzato-per-conservazione-40-x-60-cm-150-%c2%b5-da-100-pezzi\/\",\"url\":\"https:\/\/www.csj-emballages.com\/it\/produit\/sacchetto-sottovuoto-liscio-rinforzato-per-conservazione-40-x-60-cm-150-%c2%b5-da-100-pezzi\/\",\"name\":\"Sacchetto Sottovuoto Liscio Rinforzato per Conservazione 40 x 60 cm 150 \u00b5\",\"isPartOf\":{\"@id\":\"https:\/\/www.csj-emballages.com\/it\/#website\"},\"primaryImageOfPage\":{\"@id\":\"https:\/\/www.csj-emballages.com\/it\/produit\/sacchetto-sottovuoto-liscio-rinforzato-per-conservazione-40-x-60-cm-150-%c2%b5-da-100-pezzi\/#primaryimage\"},\"image\":{\"@id\":\"https:\/\/www.csj-emballages.com\/it\/produit\/sacchetto-sottovuoto-liscio-rinforzato-per-conservazione-40-x-60-cm-150-%c2%b5-da-100-pezzi\/#primaryimage\"},\"thumbnailUrl\":\"https:\/\/www.csj-emballages.com\/wp-content\/uploads\/2025\/02\/Sac-sous-vide-lisse.webp\",\"datePublished\":\"2024-03-01T15:47:40+00:00\",\"dateModified\":\"2026-04-20T11:00:48+00:00\",\"description\":\"Acquista sacchetti sottovuoto lisci rinforzati per conservazione 40 x 60 cm 150 \u00b5! Ti offriamo una confezione da 100 sacchetti sottovuoto economici a prezzi scontati\",\"breadcrumb\":{\"@id\":\"https:\/\/www.csj-emballages.com\/it\/produit\/sacchetto-sottovuoto-liscio-rinforzato-per-conservazione-40-x-60-cm-150-%c2%b5-da-100-pezzi\/#breadcrumb\"},\"inLanguage\":\"it-IT\",\"potentialAction\":[{\"@type\":\"ReadAction\",\"target\":[\"https:\/\/www.csj-emballages.com\/it\/produit\/sacchetto-sottovuoto-liscio-rinforzato-per-conservazione-40-x-60-cm-150-%c2%b5-da-100-pezzi\/\"]}]},{\"@type\":\"ImageObject\",\"inLanguage\":\"it-IT\",\"@id\":\"https:\/\/www.csj-emballages.com\/it\/produit\/sacchetto-sottovuoto-liscio-rinforzato-per-conservazione-40-x-60-cm-150-%c2%b5-da-100-pezzi\/#primaryimage\",\"url\":\"https:\/\/www.csj-emballages.com\/wp-content\/uploads\/2025\/02\/Sac-sous-vide-lisse.webp\",\"contentUrl\":\"https:\/\/www.csj-emballages.com\/wp-content\/uploads\/2025\/02\/Sac-sous-vide-lisse.webp\",\"width\":800,\"height\":800,\"caption\":\"Sac sous vide\"},{\"@type\":\"BreadcrumbList\",\"@id\":\"https:\/\/www.csj-emballages.com\/it\/produit\/sacchetto-sottovuoto-liscio-rinforzato-per-conservazione-40-x-60-cm-150-%c2%b5-da-100-pezzi\/#breadcrumb\",\"itemListElement\":[{\"@type\":\"ListItem\",\"position\":1,\"name\":\"Home\",\"item\":\"https:\/\/www.csj-emballages.com\/it\/universo-imballaggi-alimentari\/\"},{\"@type\":\"ListItem\",\"position\":2,\"name\":\"Negozio\",\"item\":\"https:\/\/www.csj-emballages.com\/it\/negozio\/\"},{\"@type\":\"ListItem\",\"position\":3,\"name\":\"Sacchetto sottovuoto liscio rinforzato per conservazione 40 x 60 cm 150 \u00b5 da 100 pezzi\"}]},{\"@type\":\"WebSite\",\"@id\":\"https:\/\/www.csj-emballages.com\/it\/#website\",\"url\":\"https:\/\/www.csj-emballages.com\/it\/\",\"name\":\"CSJ Emballages\",\"description\":\"\",\"publisher\":{\"@id\":\"https:\/\/www.csj-emballages.com\/it\/#organization\"},\"potentialAction\":[{\"@type\":\"SearchAction\",\"target\":{\"@type\":\"EntryPoint\",\"urlTemplate\":\"https:\/\/www.csj-emballages.com\/it\/?s={search_term_string}\"},\"query-input\":{\"@type\":\"PropertyValueSpecification\",\"valueRequired\":true,\"valueName\":\"search_term_string\"}}],\"inLanguage\":\"it-IT\"},{\"@type\":\"Organization\",\"@id\":\"https:\/\/www.csj-emballages.com\/it\/#Organization\/\",\"name\":\"CSJ Emballages\",\"url\":\"https:\/\/www.csj-emballages.com\/it\/\",\"logo\":{\"@type\":\"ImageObject\",\"inLanguage\":\"it-IT\",\"@id\":\"https:\/\/www.csj-emballages.com\/it\/#\/schema\/logo\/image\/\",\"url\":\"https:\/\/www.csj-emballages.com\/wp-content\/uploads\/2023\/10\/logo_csj.webp\",\"contentUrl\":\"https:\/\/www.csj-emballages.com\/wp-content\/uploads\/2023\/10\/logo_csj.webp\",\"width\":250,\"height\":95,\"caption\":\"CSJ Emballages\"},\"image\":{\"@id\":\"https:\/\/www.csj-emballages.com\/it\/#\/schema\/logo\/image\/\"},\"sameAs\":[\"https:\/\/www.facebook.com\/csjemballages\"],\"address\":{\"@type\":\"PostalAddress\",\"streetAddress\":\"ZI La Lechere\",\"addressLocality\":\"Patornay\",\"postalCode\":\"39130\",\"addressCountry\":\"FR\"},\"contactPoint\":[{\"@type\":\"ContactPoint\",\"contactType\":\"Service client\",\"telephone\":\"0384254272\",\"email\":\"contact@csj-emballages.com\"}]}]}<\/script>\n<!-- \/ Yoast SEO Premium plugin. -->","yoast_head_json":{"title":"Sacchetto Sottovuoto Liscio Rinforzato per Conservazione 40 x 60 cm 150 \u00b5","description":"Acquista sacchetti sottovuoto lisci rinforzati per conservazione 40 x 60 cm 150 \u00b5! Ti offriamo una confezione da 100 sacchetti sottovuoto economici a prezzi scontati","robots":{"index":"index","follow":"follow","max-snippet":"max-snippet:-1","max-image-preview":"max-image-preview:large","max-video-preview":"max-video-preview:-1"},"canonical":"https:\/\/www.csj-emballages.com\/it\/produit\/sacchetto-sottovuoto-liscio-rinforzato-per-conservazione-40-x-60-cm-150-%c2%b5-da-100-pezzi\/","og_locale":"it_IT","og_type":"article","og_title":"Sacchetto sottovuoto liscio rinforzato per conservazione 40 x 60 cm 150 \u00b5 da 100 pezzi","og_description":"Acquista sacchetti sottovuoto lisci rinforzati per conservazione 40 x 60 cm 150 \u00b5! Ti offriamo una confezione da 100 sacchetti sottovuoto economici a prezzi scontati","og_url":"https:\/\/www.csj-emballages.com\/it\/produit\/sacchetto-sottovuoto-liscio-rinforzato-per-conservazione-40-x-60-cm-150-%c2%b5-da-100-pezzi\/","og_site_name":"CSJ Emballages","article_publisher":"https:\/\/www.facebook.com\/csjemballages","article_modified_time":"2026-04-20T11:00:48+00:00","og_image":[{"width":800,"height":800,"url":"https:\/\/www.csj-emballages.com\/wp-content\/uploads\/2025\/02\/Sac-sous-vide-lisse.webp","type":"image\/webp"}],"twitter_card":"summary_large_image","twitter_misc":{"Dur\u00e9e de lecture estim\u00e9e":"1 minuto"},"schema":{"@context":"https:\/\/schema.org","@graph":[{"@type":"WebPage","@id":"https:\/\/www.csj-emballages.com\/it\/produit\/sacchetto-sottovuoto-liscio-rinforzato-per-conservazione-40-x-60-cm-150-%c2%b5-da-100-pezzi\/","url":"https:\/\/www.csj-emballages.com\/it\/produit\/sacchetto-sottovuoto-liscio-rinforzato-per-conservazione-40-x-60-cm-150-%c2%b5-da-100-pezzi\/","name":"Sacchetto Sottovuoto Liscio Rinforzato per Conservazione 40 x 60 cm 150 \u00b5","isPartOf":{"@id":"https:\/\/www.csj-emballages.com\/it\/#website"},"primaryImageOfPage":{"@id":"https:\/\/www.csj-emballages.com\/it\/produit\/sacchetto-sottovuoto-liscio-rinforzato-per-conservazione-40-x-60-cm-150-%c2%b5-da-100-pezzi\/#primaryimage"},"image":{"@id":"https:\/\/www.csj-emballages.com\/it\/produit\/sacchetto-sottovuoto-liscio-rinforzato-per-conservazione-40-x-60-cm-150-%c2%b5-da-100-pezzi\/#primaryimage"},"thumbnailUrl":"https:\/\/www.csj-emballages.com\/wp-content\/uploads\/2025\/02\/Sac-sous-vide-lisse.webp","datePublished":"2024-03-01T15:47:40+00:00","dateModified":"2026-04-20T11:00:48+00:00","description":"Acquista sacchetti sottovuoto lisci rinforzati per conservazione 40 x 60 cm 150 \u00b5! Ti offriamo una confezione da 100 sacchetti sottovuoto economici a prezzi scontati","breadcrumb":{"@id":"https:\/\/www.csj-emballages.com\/it\/produit\/sacchetto-sottovuoto-liscio-rinforzato-per-conservazione-40-x-60-cm-150-%c2%b5-da-100-pezzi\/#breadcrumb"},"inLanguage":"it-IT","potentialAction":[{"@type":"ReadAction","target":["https:\/\/www.csj-emballages.com\/it\/produit\/sacchetto-sottovuoto-liscio-rinforzato-per-conservazione-40-x-60-cm-150-%c2%b5-da-100-pezzi\/"]}]},{"@type":"ImageObject","inLanguage":"it-IT","@id":"https:\/\/www.csj-emballages.com\/it\/produit\/sacchetto-sottovuoto-liscio-rinforzato-per-conservazione-40-x-60-cm-150-%c2%b5-da-100-pezzi\/#primaryimage","url":"https:\/\/www.csj-emballages.com\/wp-content\/uploads\/2025\/02\/Sac-sous-vide-lisse.webp","contentUrl":"https:\/\/www.csj-emballages.com\/wp-content\/uploads\/2025\/02\/Sac-sous-vide-lisse.webp","width":800,"height":800,"caption":"Sac sous vide"},{"@type":"BreadcrumbList","@id":"https:\/\/www.csj-emballages.com\/it\/produit\/sacchetto-sottovuoto-liscio-rinforzato-per-conservazione-40-x-60-cm-150-%c2%b5-da-100-pezzi\/#breadcrumb","itemListElement":[{"@type":"ListItem","position":1,"name":"Home","item":"https:\/\/www.csj-emballages.com\/it\/universo-imballaggi-alimentari\/"},{"@type":"ListItem","position":2,"name":"Negozio","item":"https:\/\/www.csj-emballages.com\/it\/negozio\/"},{"@type":"ListItem","position":3,"name":"Sacchetto sottovuoto liscio rinforzato per conservazione 40 x 60 cm 150 \u00b5 da 100 pezzi"}]},{"@type":"WebSite","@id":"https:\/\/www.csj-emballages.com\/it\/#website","url":"https:\/\/www.csj-emballages.com\/it\/","name":"CSJ Emballages","description":"","publisher":{"@id":"https:\/\/www.csj-emballages.com\/it\/#organization"},"potentialAction":[{"@type":"SearchAction","target":{"@type":"EntryPoint","urlTemplate":"https:\/\/www.csj-emballages.com\/it\/?s={search_term_string}"},"query-input":{"@type":"PropertyValueSpecification","valueRequired":true,"valueName":"search_term_string"}}],"inLanguage":"it-IT"},{"@type":"Organization","@id":"https:\/\/www.csj-emballages.com\/it\/#Organization\/","name":"CSJ Emballages","url":"https:\/\/www.csj-emballages.com\/it\/","logo":{"@type":"ImageObject","inLanguage":"it-IT","@id":"https:\/\/www.csj-emballages.com\/it\/#\/schema\/logo\/image\/","url":"https:\/\/www.csj-emballages.com\/wp-content\/uploads\/2023\/10\/logo_csj.webp","contentUrl":"https:\/\/www.csj-emballages.com\/wp-content\/uploads\/2023\/10\/logo_csj.webp","width":250,"height":95,"caption":"CSJ Emballages"},"image":{"@id":"https:\/\/www.csj-emballages.com\/it\/#\/schema\/logo\/image\/"},"sameAs":["https:\/\/www.facebook.com\/csjemballages"],"address":{"@type":"PostalAddress","streetAddress":"ZI La Lechere","addressLocality":"Patornay","postalCode":"39130","addressCountry":"FR"},"contactPoint":[{"@type":"ContactPoint","contactType":"Service client","telephone":"0384254272","email":"contact@csj-emballages.com"}]}]}},"df_price":54.86,"df_sale_price":"","df_regular_price":54.86,"df_image_link":"https:\/\/www.csj-emballages.com\/wp-content\/uploads\/2025\/02\/Sac-sous-vide-lisse-300x300.webp","tiered_pricing_type":"fixed","tiered_pricing_fixed_rules":[],"tiered_pricing_percentage_rules":[],"tiered_pricing_minimum":1,"tiered_pricing_roles_data":[],"_links":{"self":[{"href":"https:\/\/www.csj-emballages.com\/it\/wp-json\/wp\/v2\/product\/269981","targetHints":{"allow":["GET"]}}],"collection":[{"href":"https:\/\/www.csj-emballages.com\/it\/wp-json\/wp\/v2\/product"}],"about":[{"href":"https:\/\/www.csj-emballages.com\/it\/wp-json\/wp\/v2\/types\/product"}],"wp:featuredmedia":[{"embeddable":true,"href":"https:\/\/www.csj-emballages.com\/it\/wp-json\/wp\/v2\/media\/269979"}],"wp:attachment":[{"href":"https:\/\/www.csj-emballages.com\/it\/wp-json\/wp\/v2\/media?parent=269981"}],"wp:term":[{"taxonomy":"product_brand","embeddable":true,"href":"https:\/\/www.csj-emballages.com\/it\/wp-json\/wp\/v2\/product_brand?post=269981"},{"taxonomy":"product_cat","embeddable":true,"href":"https:\/\/www.csj-emballages.com\/it\/wp-json\/wp\/v2\/product_cat?post=269981"},{"taxonomy":"product_tag","embeddable":true,"href":"https:\/\/www.csj-emballages.com\/it\/wp-json\/wp\/v2\/product_tag?post=269981"}],"curies":[{"name":"wp","href":"https:\/\/api.w.org\/{rel}","templated":true}]}}