{"id":269965,"date":"2024-03-01T16:50:05","date_gmt":"2024-03-01T15:50:05","guid":{"rendered":"https:\/\/www.csj-emballages.com\/produit\/sacchetto-dolciumi-natale-kraft-abete-120-x-260-mm-confezione-da-100\/"},"modified":"2026-03-12T16:38:24","modified_gmt":"2026-03-12T15:38:24","slug":"sacchetto-dolciumi-natale-kraft-abete-120-x-260-mm-confezione-da-100","status":"publish","type":"product","link":"https:\/\/www.csj-emballages.com\/it\/produit\/sacchetto-dolciumi-natale-kraft-abete-120-x-260-mm-confezione-da-100\/","title":{"rendered":"Sacchetto dolciumi Natale kraft Abete 120 x 260 mm confezione da 100"},"content":{"rendered":"<div style=\"font-family: Roboto, sans-serif;\">\n<div style=\"font-family: Roboto, sans-serif;\">\n<div style=\"font-family: Roboto, sans-serif;\">\n<div style=\"font-family: Roboto, sans-serif;\">\n<div style=\"font-family: Roboto, sans-serif;\">\n<div style=\"font-family: Roboto, sans-serif;\">\n<div style=\"font-family: Roboto, sans-serif;\">\n<div style=\"font-family: Roboto, sans-serif;\">\n<div style=\"font-family: Roboto, sans-serif;\">\n<div style=\"font-family: Roboto, sans-serif;\">\n<div style=\"font-family: Roboto, sans-serif;\">\n<div style=\"font-family: Roboto, sans-serif;\">\n<div style=\"font-family: Roboto, sans-serif;\">\n<div class=\"flex flex-grow flex-col max-w-full\">\n<div class=\"min-h-[20px] text-message flex flex-col items-start whitespace-pre-wrap break-words [.text-message+&amp;]:mt-5 juice:w-full juice:items-end overflow-x-auto gap-2\" dir=\"auto\" data-message-author-role=\"assistant\" data-message-id=\"2034782e-88f9-44ef-b4dc-07dd7bf0115f\">\n<div class=\"flex w-full flex-col gap-1 juice:empty:hidden juice:first:pt-[3px]\">\n<div class=\"markdown prose w-full break-words dark:prose-invert light\">\n<div style=\"font-family: Roboto, sans-serif;\">\n<div style=\"font-family: Roboto, sans-serif;\">\n<div style=\"font-family: Roboto, sans-serif;\">\n<div style=\"font-family: Roboto, sans-serif;\">\n<div style=\"font-family: Roboto, sans-serif;\">\n<div style=\"font-family: Roboto, sans-serif;\">\n<div style=\"font-family: Roboto, sans-serif;\">\n<h2 class=\"p1\">Sacchetto dolciumi Natale<\/h2>\n<hr>\n<h3>Descrizione del nostro sacchetto dolciumi Natale kraft Abete 120 x 260 mm confezione da 100<\/h3>\n<p><!--more--><\/p>\n<p data-start=\"0\" data-end=\"550\">Offri uno scrigno festivo alle tue dolcezze con il nostro <strong data-start=\"86\" data-end=\"138\">sacchetto dolciumi Natale kraft Abete 120 x 260 mm<\/strong> venduto in confezione da <strong>100<\/strong>. Pensato per gli artigiani del gusto, questo <strong data-start=\"190\" data-end=\"207\">sacchetto rigido<\/strong> unisce fascino autentico e praticit\u00e0. Grazie alla sua carta <strong data-start=\"266\" data-end=\"288\">kraft naturale marrone<\/strong> da 40 g con eleganti nervature, <strong data-start=\"316\" data-end=\"340\">laminata con 15 \u00b5 OPP<\/strong>, protegge perfettamente le tue leccornie, valorizzando al contempo uno stile caldo ed ecologico. Inoltre, il suo <strong data-start=\"455\" data-end=\"480\">fondo cartonato integrato<\/strong> garantisce una tenuta impeccabile, anche quando \u00e8 pieno di cioccolatini o biscotti.   <\/p>\n<p data-start=\"552\" data-end=\"930\">Pensato appositamente per <strong data-start=\"580\" data-end=\"594\">pasticceri<\/strong> e <strong data-start=\"598\" data-end=\"614\">cioccolatieri<\/strong>, questo <strong data-start=\"619\" data-end=\"643\">sacchetto stampato abete<\/strong> evoca istantaneamente la magia del Natale. Il suo design sobrio e raffinato si adatta sia ai laboratori artigianali che alle boutique gourmet di alta gamma. Cos\u00ec, le tue creazioni \u2013 tartufi, caramelle, marron glac\u00e9 o piccoli biscotti \u2013 si trasformano in veri e propri regali pronti da offrire.  <\/p>\n<p data-start=\"932\" data-end=\"1247\">Inoltre, il suo formato pratico di <strong>120 x 260 mm<\/strong> permette un confezionamento rapido ed efficace, sia per le vendite in vetrina che per comporre cesti gourmet. Grazie alla sua base stabile, rimane ben dritto sugli scaffali o nelle borse, valorizzando i tuoi prodotti e facilitando la presentazione. <\/p>\n<p data-start=\"1249\" data-end=\"1613\">Durevole ed estetico, questo <strong data-start=\"1275\" data-end=\"1299\">sacchetto kraft di Natale<\/strong> incarna la perfetta alleanza tra <strong data-start=\"1334\" data-end=\"1346\">solidit\u00e0<\/strong>, <strong data-start=\"1348\" data-end=\"1370\">eco-responsabilit\u00e0<\/strong> ed <strong data-start=\"1374\" data-end=\"1398\">eleganza stagionale<\/strong>. Scegliere questo <strong>sacchetto di Natale<\/strong> significa anche ridurre il tuo impatto ambientale, poich\u00e9 il kraft \u00e8 riconosciuto per la sua capacit\u00e0 di riciclo e il suo aspetto naturale che conquista sempre pi\u00f9 i consumatori attenti al pianeta. <\/p>\n<p data-start=\"1615\" data-end=\"1906\">In sintesi, questo <strong data-start=\"1628\" data-end=\"1662\">sacchetto dolciumi kraft abete<\/strong> \u00e8 il tocco finale che sublima le tue preparazioni dolci, attira lo sguardo e offre ai tuoi clienti un&#8217;esperienza unica, dalla boutique fino al piacere della degustazione. Regala loro un Natale goloso, pieno di raffinatezza e convivialit\u00e0. <\/p>\n<p data-start=\"1367\" data-end=\"1669\"><!--more--><\/p>\n<h4 data-start=\"1367\" data-end=\"1669\">Vantaggi:<\/h4>\n<ul>\n<li data-start=\"1367\" data-end=\"1669\"><strong data-start=\"2112\" data-end=\"2135\">Design festivo abete<\/strong> che attira lo sguardo nel periodo natalizio.<\/li>\n<li data-start=\"1367\" data-end=\"1669\"><strong data-start=\"2181\" data-end=\"2206\">Fondo cartonato integrato<\/strong> che garantisce un&#8217;eccellente stabilit\u00e0<\/li>\n<li data-start=\"1367\" data-end=\"1669\"><strong data-start=\"2246\" data-end=\"2274\">Kraft naturale laminato OPP<\/strong>: protezione, resistenza e riciclabilit\u00e0.<\/li>\n<li data-start=\"1367\" data-end=\"1669\">Ideale per <strong data-start=\"2333\" data-end=\"2383\">pasticceri, cioccolatieri e artigiani gourmet.<\/strong><\/li>\n<li data-start=\"1367\" data-end=\"1669\">Formato pratico <strong>120 x 260 mm<\/strong> per un confezionamento rapido.<\/li>\n<\/ul>\n<p>&nbsp;<\/p>\n<p><!--more--><\/p>\n<h4>Altre informazioni:<\/h4>\n<ul>\n<li><strong>Confezionamento<\/strong>: Confezione da 100<\/li>\n<li><strong>Dimensioni<\/strong>: 120 x 260 mm<\/li>\n<li><strong>Colore<\/strong>: Colorato<\/li>\n<li><strong>Materiale<\/strong>: OPP<\/li>\n<li><strong>Spessore<\/strong>: 35 micron<\/li>\n<\/ul>\n<\/div>\n<div style=\"font-family: Roboto, sans-serif;\">\n<p>&nbsp;<\/p>\n<p><!--more--><\/p>\n<\/div>\n<p>Questo prodotto \u00e8 disponibile anche in una dimensione inferiore: <span style=\"color: #d12727;\"><a style=\"color: #d12727;\" href=\"https:\/\/www.csj-emballages.com\/produit\/100-sachet-confiseries-noel-kraft-avec-fenetre-sapin-100-x-220-mm\/\">100 x 220 mm<\/a><\/span><\/p>\n<p>&nbsp;<\/p>\n<div style=\"font-family: Roboto, sans-serif;\">\n<p><!--more--><\/p>\n<p><a href=\"https:\/\/www.csj-emballages.com\/it\/categorie-produit\/imballaggi-alimentari\/panetteria-pasticceria\/sacchi-sacchetti-e-carte\/sacchetti-per-confetteria\/sacchetti-a-tema\/sacchetti-natale\/\">Consulta il resto della nostra gamma di sacchetti di Natale<\/a><\/p>\n<\/div>\n<\/div>\n<\/div>\n<\/div>\n<\/div>\n<\/div>\n<\/div>\n<\/div>\n<\/div>\n<\/div>\n<\/div>\n<\/div>\n<\/div>\n<\/div>\n<\/div>\n<\/div>\n<\/div>\n<\/div>\n<\/div>\n<\/div>\n<\/div>\n<\/div>\n<\/div>\n<\/div>\n","protected":false},"excerpt":{"rendered":"<p>Sacchetto dolciumi Natale Descrizione del nostro sacchetto dolciumi Natale kraft Abete 120 x 260 mm confezione da 100<\/p>\n","protected":false},"featured_media":269968,"template":"","meta":{"_acf_changed":false},"product_brand":[],"product_cat":[10346,10344,10985,11034,10345,10358],"product_tag":[],"class_list":{"0":"post-269965","1":"product","2":"type-product","3":"status-publish","4":"has-post-thumbnail","6":"product_cat-imballaggi-alimentari","7":"product_cat-panetteria-pasticceria","8":"product_cat-sacchetti-per-confetteria","9":"product_cat-sacchetti-natale","10":"product_cat-boutique-e-negozio","11":"product_cat-stock","13":"first","14":"instock","15":"sale","16":"taxable","17":"shipping-taxable","18":"purchasable","19":"product-type-simple"},"acf":[],"yoast_head":"<!-- This site is optimized with the Yoast SEO Premium plugin v26.6 (Yoast SEO v26.6) - https:\/\/yoast.com\/wordpress\/plugins\/seo\/ -->\n<title>Sacchetto Dolciumi Natale Kraft Abete 120 x 260 mm confezione da 100<\/title>\n<meta name=\"description\" content=\"Sacchetto dolciumi Natale kraft abete 120 x 260 mm confezione da 100: elegante, resistente ed ecologico per cioccolatieri e pasticceri.\" \/>\n<meta name=\"robots\" content=\"index, follow, max-snippet:-1, max-image-preview:large, max-video-preview:-1\" \/>\n<link rel=\"canonical\" href=\"https:\/\/www.csj-emballages.com\/it\/produit\/sacchetto-dolciumi-natale-kraft-abete-120-x-260-mm-confezione-da-100\/\" \/>\n<meta property=\"og:locale\" content=\"it_IT\" \/>\n<meta property=\"og:type\" content=\"article\" \/>\n<meta property=\"og:title\" content=\"Sacchetto natale Kraft &quot;Abete&quot; 120 x 260 mm\" \/>\n<meta property=\"og:description\" content=\"Sacchetto natale dolciumi 120x260 mm confezione da 100. Ideale per le tue leccornie natalizie, per bomboniere, eventi o vendita in negozio.\" \/>\n<meta property=\"og:url\" content=\"https:\/\/www.csj-emballages.com\/it\/produit\/sacchetto-dolciumi-natale-kraft-abete-120-x-260-mm-confezione-da-100\/\" \/>\n<meta property=\"og:site_name\" content=\"CSJ Emballages\" \/>\n<meta property=\"article:publisher\" content=\"https:\/\/www.facebook.com\/csjemballages\" \/>\n<meta property=\"article:modified_time\" content=\"2026-03-12T15:38:24+00:00\" \/>\n<meta property=\"og:image\" content=\"https:\/\/www.csj-emballages.com\/wp-content\/uploads\/2024\/03\/SAPINT1.webp\" \/>\n\t<meta property=\"og:image:width\" content=\"800\" \/>\n\t<meta property=\"og:image:height\" content=\"800\" \/>\n\t<meta property=\"og:image:type\" content=\"image\/webp\" \/>\n<meta name=\"twitter:card\" content=\"summary_large_image\" \/>\n<meta name=\"twitter:title\" content=\"Sacchetto natale Kraft &quot;Abete&quot; 120 x 260 mm\" \/>\n<meta name=\"twitter:description\" content=\"Sacchetto natale dolciumi 120x260 mm confezione da 100. Ideale per le tue leccornie natalizie, per bomboniere, eventi o vendita in negozio.\" \/>\n<meta name=\"twitter:label1\" content=\"Dur\u00e9e de lecture estim\u00e9e\" \/>\n\t<meta name=\"twitter:data1\" content=\"2 minuti\" \/>\n<script type=\"application\/ld+json\" class=\"yoast-schema-graph\">{\"@context\":\"https:\/\/schema.org\",\"@graph\":[{\"@type\":\"WebPage\",\"@id\":\"https:\/\/www.csj-emballages.com\/it\/produit\/sacchetto-dolciumi-natale-kraft-abete-120-x-260-mm-confezione-da-100\/\",\"url\":\"https:\/\/www.csj-emballages.com\/it\/produit\/sacchetto-dolciumi-natale-kraft-abete-120-x-260-mm-confezione-da-100\/\",\"name\":\"Sacchetto Dolciumi Natale Kraft Abete 120 x 260 mm confezione da 100\",\"isPartOf\":{\"@id\":\"https:\/\/www.csj-emballages.com\/it\/#website\"},\"primaryImageOfPage\":{\"@id\":\"https:\/\/www.csj-emballages.com\/it\/produit\/sacchetto-dolciumi-natale-kraft-abete-120-x-260-mm-confezione-da-100\/#primaryimage\"},\"image\":{\"@id\":\"https:\/\/www.csj-emballages.com\/it\/produit\/sacchetto-dolciumi-natale-kraft-abete-120-x-260-mm-confezione-da-100\/#primaryimage\"},\"thumbnailUrl\":\"https:\/\/www.csj-emballages.com\/wp-content\/uploads\/2024\/03\/SAPINT1.webp\",\"datePublished\":\"2024-03-01T15:50:05+00:00\",\"dateModified\":\"2026-03-12T15:38:24+00:00\",\"description\":\"Sacchetto dolciumi Natale kraft abete 120 x 260 mm confezione da 100: elegante, resistente ed ecologico per cioccolatieri e pasticceri.\",\"breadcrumb\":{\"@id\":\"https:\/\/www.csj-emballages.com\/it\/produit\/sacchetto-dolciumi-natale-kraft-abete-120-x-260-mm-confezione-da-100\/#breadcrumb\"},\"inLanguage\":\"it-IT\",\"potentialAction\":[{\"@type\":\"ReadAction\",\"target\":[\"https:\/\/www.csj-emballages.com\/it\/produit\/sacchetto-dolciumi-natale-kraft-abete-120-x-260-mm-confezione-da-100\/\"]}]},{\"@type\":\"ImageObject\",\"inLanguage\":\"it-IT\",\"@id\":\"https:\/\/www.csj-emballages.com\/it\/produit\/sacchetto-dolciumi-natale-kraft-abete-120-x-260-mm-confezione-da-100\/#primaryimage\",\"url\":\"https:\/\/www.csj-emballages.com\/wp-content\/uploads\/2024\/03\/SAPINT1.webp\",\"contentUrl\":\"https:\/\/www.csj-emballages.com\/wp-content\/uploads\/2024\/03\/SAPINT1.webp\",\"width\":800,\"height\":800,\"caption\":\"Sachet confiseries\"},{\"@type\":\"BreadcrumbList\",\"@id\":\"https:\/\/www.csj-emballages.com\/it\/produit\/sacchetto-dolciumi-natale-kraft-abete-120-x-260-mm-confezione-da-100\/#breadcrumb\",\"itemListElement\":[{\"@type\":\"ListItem\",\"position\":1,\"name\":\"Home\",\"item\":\"https:\/\/www.csj-emballages.com\/it\/universo-imballaggi-alimentari\/\"},{\"@type\":\"ListItem\",\"position\":2,\"name\":\"Negozio\",\"item\":\"https:\/\/www.csj-emballages.com\/it\/negozio\/\"},{\"@type\":\"ListItem\",\"position\":3,\"name\":\"Sacchetto dolciumi Natale kraft Abete 120 x 260 mm confezione da 100\"}]},{\"@type\":\"WebSite\",\"@id\":\"https:\/\/www.csj-emballages.com\/it\/#website\",\"url\":\"https:\/\/www.csj-emballages.com\/it\/\",\"name\":\"CSJ Emballages\",\"description\":\"\",\"publisher\":{\"@id\":\"https:\/\/www.csj-emballages.com\/it\/#organization\"},\"potentialAction\":[{\"@type\":\"SearchAction\",\"target\":{\"@type\":\"EntryPoint\",\"urlTemplate\":\"https:\/\/www.csj-emballages.com\/it\/?s={search_term_string}\"},\"query-input\":{\"@type\":\"PropertyValueSpecification\",\"valueRequired\":true,\"valueName\":\"search_term_string\"}}],\"inLanguage\":\"it-IT\"},{\"@type\":\"Organization\",\"@id\":\"https:\/\/www.csj-emballages.com\/it\/#Organization\/\",\"name\":\"CSJ Emballages\",\"url\":\"https:\/\/www.csj-emballages.com\/it\/\",\"logo\":{\"@type\":\"ImageObject\",\"inLanguage\":\"it-IT\",\"@id\":\"https:\/\/www.csj-emballages.com\/it\/#\/schema\/logo\/image\/\",\"url\":\"https:\/\/www.csj-emballages.com\/wp-content\/uploads\/2023\/10\/logo_csj.webp\",\"contentUrl\":\"https:\/\/www.csj-emballages.com\/wp-content\/uploads\/2023\/10\/logo_csj.webp\",\"width\":250,\"height\":95,\"caption\":\"CSJ Emballages\"},\"image\":{\"@id\":\"https:\/\/www.csj-emballages.com\/it\/#\/schema\/logo\/image\/\"},\"sameAs\":[\"https:\/\/www.facebook.com\/csjemballages\"],\"address\":{\"@type\":\"PostalAddress\",\"streetAddress\":\"ZI La Lechere\",\"addressLocality\":\"Patornay\",\"postalCode\":\"39130\",\"addressCountry\":\"FR\"},\"contactPoint\":[{\"@type\":\"ContactPoint\",\"contactType\":\"Service client\",\"telephone\":\"0384254272\",\"email\":\"contact@csj-emballages.com\"}]}]}<\/script>\n<!-- \/ Yoast SEO Premium plugin. -->","yoast_head_json":{"title":"Sacchetto Dolciumi Natale Kraft Abete 120 x 260 mm confezione da 100","description":"Sacchetto dolciumi Natale kraft abete 120 x 260 mm confezione da 100: elegante, resistente ed ecologico per cioccolatieri e pasticceri.","robots":{"index":"index","follow":"follow","max-snippet":"max-snippet:-1","max-image-preview":"max-image-preview:large","max-video-preview":"max-video-preview:-1"},"canonical":"https:\/\/www.csj-emballages.com\/it\/produit\/sacchetto-dolciumi-natale-kraft-abete-120-x-260-mm-confezione-da-100\/","og_locale":"it_IT","og_type":"article","og_title":"Sacchetto natale Kraft \"Abete\" 120 x 260 mm","og_description":"Sacchetto natale dolciumi 120x260 mm confezione da 100. Ideale per le tue leccornie natalizie, per bomboniere, eventi o vendita in negozio.","og_url":"https:\/\/www.csj-emballages.com\/it\/produit\/sacchetto-dolciumi-natale-kraft-abete-120-x-260-mm-confezione-da-100\/","og_site_name":"CSJ Emballages","article_publisher":"https:\/\/www.facebook.com\/csjemballages","article_modified_time":"2026-03-12T15:38:24+00:00","og_image":[{"width":800,"height":800,"url":"https:\/\/www.csj-emballages.com\/wp-content\/uploads\/2024\/03\/SAPINT1.webp","type":"image\/webp"}],"twitter_card":"summary_large_image","twitter_title":"Sacchetto natale Kraft \"Abete\" 120 x 260 mm","twitter_description":"Sacchetto natale dolciumi 120x260 mm confezione da 100. Ideale per le tue leccornie natalizie, per bomboniere, eventi o vendita in negozio.","twitter_misc":{"Dur\u00e9e de lecture estim\u00e9e":"2 minuti"},"schema":{"@context":"https:\/\/schema.org","@graph":[{"@type":"WebPage","@id":"https:\/\/www.csj-emballages.com\/it\/produit\/sacchetto-dolciumi-natale-kraft-abete-120-x-260-mm-confezione-da-100\/","url":"https:\/\/www.csj-emballages.com\/it\/produit\/sacchetto-dolciumi-natale-kraft-abete-120-x-260-mm-confezione-da-100\/","name":"Sacchetto Dolciumi Natale Kraft Abete 120 x 260 mm confezione da 100","isPartOf":{"@id":"https:\/\/www.csj-emballages.com\/it\/#website"},"primaryImageOfPage":{"@id":"https:\/\/www.csj-emballages.com\/it\/produit\/sacchetto-dolciumi-natale-kraft-abete-120-x-260-mm-confezione-da-100\/#primaryimage"},"image":{"@id":"https:\/\/www.csj-emballages.com\/it\/produit\/sacchetto-dolciumi-natale-kraft-abete-120-x-260-mm-confezione-da-100\/#primaryimage"},"thumbnailUrl":"https:\/\/www.csj-emballages.com\/wp-content\/uploads\/2024\/03\/SAPINT1.webp","datePublished":"2024-03-01T15:50:05+00:00","dateModified":"2026-03-12T15:38:24+00:00","description":"Sacchetto dolciumi Natale kraft abete 120 x 260 mm confezione da 100: elegante, resistente ed ecologico per cioccolatieri e pasticceri.","breadcrumb":{"@id":"https:\/\/www.csj-emballages.com\/it\/produit\/sacchetto-dolciumi-natale-kraft-abete-120-x-260-mm-confezione-da-100\/#breadcrumb"},"inLanguage":"it-IT","potentialAction":[{"@type":"ReadAction","target":["https:\/\/www.csj-emballages.com\/it\/produit\/sacchetto-dolciumi-natale-kraft-abete-120-x-260-mm-confezione-da-100\/"]}]},{"@type":"ImageObject","inLanguage":"it-IT","@id":"https:\/\/www.csj-emballages.com\/it\/produit\/sacchetto-dolciumi-natale-kraft-abete-120-x-260-mm-confezione-da-100\/#primaryimage","url":"https:\/\/www.csj-emballages.com\/wp-content\/uploads\/2024\/03\/SAPINT1.webp","contentUrl":"https:\/\/www.csj-emballages.com\/wp-content\/uploads\/2024\/03\/SAPINT1.webp","width":800,"height":800,"caption":"Sachet confiseries"},{"@type":"BreadcrumbList","@id":"https:\/\/www.csj-emballages.com\/it\/produit\/sacchetto-dolciumi-natale-kraft-abete-120-x-260-mm-confezione-da-100\/#breadcrumb","itemListElement":[{"@type":"ListItem","position":1,"name":"Home","item":"https:\/\/www.csj-emballages.com\/it\/universo-imballaggi-alimentari\/"},{"@type":"ListItem","position":2,"name":"Negozio","item":"https:\/\/www.csj-emballages.com\/it\/negozio\/"},{"@type":"ListItem","position":3,"name":"Sacchetto dolciumi Natale kraft Abete 120 x 260 mm confezione da 100"}]},{"@type":"WebSite","@id":"https:\/\/www.csj-emballages.com\/it\/#website","url":"https:\/\/www.csj-emballages.com\/it\/","name":"CSJ Emballages","description":"","publisher":{"@id":"https:\/\/www.csj-emballages.com\/it\/#organization"},"potentialAction":[{"@type":"SearchAction","target":{"@type":"EntryPoint","urlTemplate":"https:\/\/www.csj-emballages.com\/it\/?s={search_term_string}"},"query-input":{"@type":"PropertyValueSpecification","valueRequired":true,"valueName":"search_term_string"}}],"inLanguage":"it-IT"},{"@type":"Organization","@id":"https:\/\/www.csj-emballages.com\/it\/#Organization\/","name":"CSJ Emballages","url":"https:\/\/www.csj-emballages.com\/it\/","logo":{"@type":"ImageObject","inLanguage":"it-IT","@id":"https:\/\/www.csj-emballages.com\/it\/#\/schema\/logo\/image\/","url":"https:\/\/www.csj-emballages.com\/wp-content\/uploads\/2023\/10\/logo_csj.webp","contentUrl":"https:\/\/www.csj-emballages.com\/wp-content\/uploads\/2023\/10\/logo_csj.webp","width":250,"height":95,"caption":"CSJ Emballages"},"image":{"@id":"https:\/\/www.csj-emballages.com\/it\/#\/schema\/logo\/image\/"},"sameAs":["https:\/\/www.facebook.com\/csjemballages"],"address":{"@type":"PostalAddress","streetAddress":"ZI La Lechere","addressLocality":"Patornay","postalCode":"39130","addressCountry":"FR"},"contactPoint":[{"@type":"ContactPoint","contactType":"Service client","telephone":"0384254272","email":"contact@csj-emballages.com"}]}]}},"df_price":19.85,"df_sale_price":19.85,"df_regular_price":23.35,"df_image_link":"https:\/\/www.csj-emballages.com\/wp-content\/uploads\/2024\/03\/SAPINT1-300x300.webp","tiered_pricing_type":"fixed","tiered_pricing_fixed_rules":[],"tiered_pricing_percentage_rules":[],"tiered_pricing_minimum":1,"tiered_pricing_roles_data":[],"_links":{"self":[{"href":"https:\/\/www.csj-emballages.com\/it\/wp-json\/wp\/v2\/product\/269965","targetHints":{"allow":["GET"]}}],"collection":[{"href":"https:\/\/www.csj-emballages.com\/it\/wp-json\/wp\/v2\/product"}],"about":[{"href":"https:\/\/www.csj-emballages.com\/it\/wp-json\/wp\/v2\/types\/product"}],"wp:featuredmedia":[{"embeddable":true,"href":"https:\/\/www.csj-emballages.com\/it\/wp-json\/wp\/v2\/media\/269968"}],"wp:attachment":[{"href":"https:\/\/www.csj-emballages.com\/it\/wp-json\/wp\/v2\/media?parent=269965"}],"wp:term":[{"taxonomy":"product_brand","embeddable":true,"href":"https:\/\/www.csj-emballages.com\/it\/wp-json\/wp\/v2\/product_brand?post=269965"},{"taxonomy":"product_cat","embeddable":true,"href":"https:\/\/www.csj-emballages.com\/it\/wp-json\/wp\/v2\/product_cat?post=269965"},{"taxonomy":"product_tag","embeddable":true,"href":"https:\/\/www.csj-emballages.com\/it\/wp-json\/wp\/v2\/product_tag?post=269965"}],"curies":[{"name":"wp","href":"https:\/\/api.w.org\/{rel}","templated":true}]}}