{"id":269956,"date":"2024-03-01T16:49:27","date_gmt":"2024-03-01T15:49:27","guid":{"rendered":"https:\/\/www.csj-emballages.com\/produit\/sacchetto-per-crepe-in-carta-antigrasso-stampata-18-x-18-cm-da-500-pezzi\/"},"modified":"2026-04-09T02:18:22","modified_gmt":"2026-04-09T00:18:22","slug":"sacchetto-per-crepe-in-carta-antigrasso-stampata-18-x-18-cm-da-500-pezzi","status":"publish","type":"product","link":"https:\/\/www.csj-emballages.com\/it\/produit\/sacchetto-per-crepe-in-carta-antigrasso-stampata-18-x-18-cm-da-500-pezzi\/","title":{"rendered":"Sacchetto per cr\u00eape in carta antigrasso stampata 18 x 18 cm da 500 pezzi"},"content":{"rendered":"<div style=\"font-family: Roboto, sans-serif;\">\n<div style=\"font-family: Roboto, sans-serif;\">\n<div style=\"font-family: Roboto, sans-serif;\">\n<div style=\"font-family: Roboto, sans-serif;\">\n<div style=\"font-family: Roboto, sans-serif;\">\n<div style=\"font-family: Roboto, sans-serif;\">\n<h2>Sacchetto cr\u00eape<\/h2>\n<hr>\n<h3>Descrizione del nostro sacchetto per cr\u00eape antigrasso stampato 18 x 18 cm da 500 pezzi<\/h3>\n<p><!--more--><\/p>\n<div style=\"box-sizing: inherit; font-family: Roboto, sans-serif;\">\n<div style=\"font-family: Roboto, sans-serif;\">\n<div style=\"font-family: Roboto, sans-serif;\">\n<div style=\"font-family: Roboto, sans-serif;\">\n<div style=\"font-family: Roboto, sans-serif;\">\n<div style=\"font-family: Roboto, sans-serif;\">\n<div style=\"font-family: Roboto, sans-serif;\">\n<p>Ideale per i professionisti della ristorazione e del catering, questo <strong>sacchetto per cr\u00eape<\/strong> ti permette di servire le tue cr\u00eape con eleganza e praticit\u00e0. Realizzato in carta antigrasso di alta qualit\u00e0, trattiene i grassi per garantire una presentazione pulita e appetitosa. <\/p>\n<p>La stampa aggiunge un tocco professionale e festoso, perfetto per i tuoi eventi o punti vendita. Grazie alle dimensioni di <strong>18 x 18 cm<\/strong>, questo <strong>sacchetto per cr\u00eape<\/strong> si adatta alla maggior parte delle cr\u00eape. Offri ai tuoi clienti un&#8217;esperienza pratica ed estetica, rispettando l&#8217;ambiente con questo prodotto durevole e riciclabile.  <\/p>\n<p>&nbsp;<\/p>\n<p><!--more--><\/p>\n<p>Scegli oggi stesso questo <strong>sacchetto antigrasso<\/strong> per un confezionamento pratico ed economico<\/p>\n<\/div>\n<\/div>\n<\/div>\n<\/div>\n<\/div>\n<\/div>\n<\/div>\n<\/div>\n<\/div>\n<\/div>\n<\/div>\n<\/div>\n<\/div>\n<p>&nbsp;<\/p>\n<p><!--more--><\/p>\n<h4>I loro vantaggi:<\/h4>\n<ul>\n<li><strong>Praticit\u00e0 ottimale:<\/strong> perfettamente adatto per confezionare e servire le cr\u00eape senza rischi di perdite o macchie grazie alla carta antigrasso.<\/li>\n<li><strong>Estetica curata:<\/strong> la stampa aggiunge un tocco professionale e accattivante, ideale per conquistare i tuoi clienti.<\/li>\n<li><strong>Soluzione economica:<\/strong> disponibile in confezioni da 500 unit\u00e0, risponde alle esigenze di volume dei professionisti.<\/li>\n<li><strong>Sostenibilit\u00e0:<\/strong> realizzato con materiali ecologici, riciclabile e conforme alle normative alimentari.<\/li>\n<\/ul>\n<p>&nbsp;<\/p>\n<div style=\"font-family: Roboto, sans-serif;\">\n<div style=\"font-family: Roboto, sans-serif;\">\n<div style=\"font-family: Roboto, sans-serif;\">\n<div style=\"font-family: Roboto, sans-serif;\">\n<div style=\"font-family: Roboto, sans-serif;\">\n<div style=\"font-family: Roboto, sans-serif;\">\n<p><!--more--><\/p>\n<div style=\"box-sizing: inherit; font-family: Roboto, sans-serif;\">\n<div style=\"box-sizing: inherit; font-family: Roboto, sans-serif;\">\n<div style=\"box-sizing: inherit; font-family: Roboto, sans-serif;\">\n<div style=\"box-sizing: inherit; font-family: Roboto, sans-serif;\">\n<h4>Altre informazioni:<\/h4>\n<ul>\n<li><strong>Dimensioni: <\/strong>18 x 18 cm<\/li>\n<li><strong>Materiale: <\/strong>Carta antigrasso<\/li>\n<li><strong>Confezione: <\/strong>Pacco da 500<\/li>\n<li><strong>Colore: <\/strong>Bianco con stampe<\/li>\n<\/ul>\n<\/div>\n<p>&nbsp;<\/p>\n<\/div>\n<\/div>\n<\/div>\n<p><!--more--><\/p>\n<p><span style=\"color: #d12727;\"><a style=\"color: #d12727;\" href=\"https:\/\/www.csj-emballages.com\/produit\/100-pochette-carton-crepes-carton-dechirable-kraft\/\">Trovi qui le buste in cartoncino a strappo per cr\u00eape<\/a><\/span><\/p>\n<p>&nbsp;<\/p>\n<p><!--more--><\/p>\n<p><a href=\"\/?product_cat=sachets-crepes\">Scopri il resto della nostra gamma di sacchetti per cr\u00eape<\/a><\/p>\n<\/div>\n<\/div>\n<\/div>\n<\/div>\n<\/div>\n<\/div>\n","protected":false},"excerpt":{"rendered":"<p>Sacchetto cr\u00eape Descrizione del nostro sacchetto per cr\u00eape antigrasso stampato 18 x 18 cm da 500 pezzi<\/p>\n","protected":false},"featured_media":269962,"template":"","meta":{"_acf_changed":false},"product_brand":[],"product_cat":[10375,11142],"product_tag":[],"class_list":{"0":"post-269956","1":"product","2":"type-product","3":"status-publish","4":"has-post-thumbnail","6":"product_cat-ristorazione","7":"product_cat-sacchetti-con-apertura-su-2-lati","9":"first","10":"instock","11":"taxable","12":"shipping-taxable","13":"purchasable","14":"product-type-simple"},"acf":[],"yoast_head":"<!-- This site is optimized with the Yoast SEO Premium plugin v26.6 (Yoast SEO v26.6) - https:\/\/yoast.com\/wordpress\/plugins\/seo\/ -->\n<title>Sacchetto Cr\u00eape Antigrasso Stampato - 18 x 18 cm<\/title>\n<meta name=\"description\" content=\"Scegli il nostro sacchetto per cr\u00eape antigrasso stampato 18 x 18 cm: estetico, pratico ed ecosostenibile. Ideale per confezionare cr\u00eape e snack\" \/>\n<meta name=\"robots\" content=\"index, follow, max-snippet:-1, max-image-preview:large, max-video-preview:-1\" \/>\n<link rel=\"canonical\" href=\"https:\/\/www.csj-emballages.com\/it\/produit\/sacchetto-per-crepe-in-carta-antigrasso-stampata-18-x-18-cm-da-500-pezzi\/\" \/>\n<meta property=\"og:locale\" content=\"it_IT\" \/>\n<meta property=\"og:type\" content=\"article\" \/>\n<meta property=\"og:title\" content=\"Sacchetto per cr\u00eape in carta antigrasso stampata 18 x 18 cm da 500 pezzi\" \/>\n<meta property=\"og:description\" content=\"Scegli il nostro sacchetto per cr\u00eape antigrasso stampato 18 x 18 cm: estetico, pratico ed ecosostenibile. Ideale per confezionare cr\u00eape e snack\" \/>\n<meta property=\"og:url\" content=\"https:\/\/www.csj-emballages.com\/it\/produit\/sacchetto-per-crepe-in-carta-antigrasso-stampata-18-x-18-cm-da-500-pezzi\/\" \/>\n<meta property=\"og:site_name\" content=\"CSJ Emballages\" \/>\n<meta property=\"article:publisher\" content=\"https:\/\/www.facebook.com\/csjemballages\" \/>\n<meta property=\"article:modified_time\" content=\"2026-04-09T00:18:22+00:00\" \/>\n<meta property=\"og:image\" content=\"https:\/\/www.csj-emballages.com\/wp-content\/uploads\/2024\/03\/sachet-crepe-papier.webp\" \/>\n\t<meta property=\"og:image:width\" content=\"800\" \/>\n\t<meta property=\"og:image:height\" content=\"800\" \/>\n\t<meta property=\"og:image:type\" content=\"image\/webp\" \/>\n<meta name=\"twitter:card\" content=\"summary_large_image\" \/>\n<meta name=\"twitter:label1\" content=\"Dur\u00e9e de lecture estim\u00e9e\" \/>\n\t<meta name=\"twitter:data1\" content=\"1 minuto\" \/>\n<script type=\"application\/ld+json\" class=\"yoast-schema-graph\">{\"@context\":\"https:\/\/schema.org\",\"@graph\":[{\"@type\":\"WebPage\",\"@id\":\"https:\/\/www.csj-emballages.com\/it\/produit\/sacchetto-per-crepe-in-carta-antigrasso-stampata-18-x-18-cm-da-500-pezzi\/\",\"url\":\"https:\/\/www.csj-emballages.com\/it\/produit\/sacchetto-per-crepe-in-carta-antigrasso-stampata-18-x-18-cm-da-500-pezzi\/\",\"name\":\"Sacchetto Cr\u00eape Antigrasso Stampato - 18 x 18 cm\",\"isPartOf\":{\"@id\":\"https:\/\/www.csj-emballages.com\/it\/#website\"},\"primaryImageOfPage\":{\"@id\":\"https:\/\/www.csj-emballages.com\/it\/produit\/sacchetto-per-crepe-in-carta-antigrasso-stampata-18-x-18-cm-da-500-pezzi\/#primaryimage\"},\"image\":{\"@id\":\"https:\/\/www.csj-emballages.com\/it\/produit\/sacchetto-per-crepe-in-carta-antigrasso-stampata-18-x-18-cm-da-500-pezzi\/#primaryimage\"},\"thumbnailUrl\":\"https:\/\/www.csj-emballages.com\/wp-content\/uploads\/2024\/03\/sachet-crepe-papier.webp\",\"datePublished\":\"2024-03-01T15:49:27+00:00\",\"dateModified\":\"2026-04-09T00:18:22+00:00\",\"description\":\"Scegli il nostro sacchetto per cr\u00eape antigrasso stampato 18 x 18 cm: estetico, pratico ed ecosostenibile. Ideale per confezionare cr\u00eape e snack\",\"breadcrumb\":{\"@id\":\"https:\/\/www.csj-emballages.com\/it\/produit\/sacchetto-per-crepe-in-carta-antigrasso-stampata-18-x-18-cm-da-500-pezzi\/#breadcrumb\"},\"inLanguage\":\"it-IT\",\"potentialAction\":[{\"@type\":\"ReadAction\",\"target\":[\"https:\/\/www.csj-emballages.com\/it\/produit\/sacchetto-per-crepe-in-carta-antigrasso-stampata-18-x-18-cm-da-500-pezzi\/\"]}]},{\"@type\":\"ImageObject\",\"inLanguage\":\"it-IT\",\"@id\":\"https:\/\/www.csj-emballages.com\/it\/produit\/sacchetto-per-crepe-in-carta-antigrasso-stampata-18-x-18-cm-da-500-pezzi\/#primaryimage\",\"url\":\"https:\/\/www.csj-emballages.com\/wp-content\/uploads\/2024\/03\/sachet-crepe-papier.webp\",\"contentUrl\":\"https:\/\/www.csj-emballages.com\/wp-content\/uploads\/2024\/03\/sachet-crepe-papier.webp\",\"width\":800,\"height\":800,\"caption\":\"sachet cr\u00eape\"},{\"@type\":\"BreadcrumbList\",\"@id\":\"https:\/\/www.csj-emballages.com\/it\/produit\/sacchetto-per-crepe-in-carta-antigrasso-stampata-18-x-18-cm-da-500-pezzi\/#breadcrumb\",\"itemListElement\":[{\"@type\":\"ListItem\",\"position\":1,\"name\":\"Home\",\"item\":\"https:\/\/www.csj-emballages.com\/it\/universo-imballaggi-alimentari\/\"},{\"@type\":\"ListItem\",\"position\":2,\"name\":\"Negozio\",\"item\":\"https:\/\/www.csj-emballages.com\/it\/negozio\/\"},{\"@type\":\"ListItem\",\"position\":3,\"name\":\"Sacchetto per cr\u00eape in carta antigrasso stampata 18 x 18 cm da 500 pezzi\"}]},{\"@type\":\"WebSite\",\"@id\":\"https:\/\/www.csj-emballages.com\/it\/#website\",\"url\":\"https:\/\/www.csj-emballages.com\/it\/\",\"name\":\"CSJ Emballages\",\"description\":\"\",\"publisher\":{\"@id\":\"https:\/\/www.csj-emballages.com\/it\/#organization\"},\"potentialAction\":[{\"@type\":\"SearchAction\",\"target\":{\"@type\":\"EntryPoint\",\"urlTemplate\":\"https:\/\/www.csj-emballages.com\/it\/?s={search_term_string}\"},\"query-input\":{\"@type\":\"PropertyValueSpecification\",\"valueRequired\":true,\"valueName\":\"search_term_string\"}}],\"inLanguage\":\"it-IT\"},{\"@type\":\"Organization\",\"@id\":\"https:\/\/www.csj-emballages.com\/it\/#Organization\/\",\"name\":\"CSJ Emballages\",\"url\":\"https:\/\/www.csj-emballages.com\/it\/\",\"logo\":{\"@type\":\"ImageObject\",\"inLanguage\":\"it-IT\",\"@id\":\"https:\/\/www.csj-emballages.com\/it\/#\/schema\/logo\/image\/\",\"url\":\"https:\/\/www.csj-emballages.com\/wp-content\/uploads\/2023\/10\/logo_csj.webp\",\"contentUrl\":\"https:\/\/www.csj-emballages.com\/wp-content\/uploads\/2023\/10\/logo_csj.webp\",\"width\":250,\"height\":95,\"caption\":\"CSJ Emballages\"},\"image\":{\"@id\":\"https:\/\/www.csj-emballages.com\/it\/#\/schema\/logo\/image\/\"},\"sameAs\":[\"https:\/\/www.facebook.com\/csjemballages\"],\"address\":{\"@type\":\"PostalAddress\",\"streetAddress\":\"ZI La Lechere\",\"addressLocality\":\"Patornay\",\"postalCode\":\"39130\",\"addressCountry\":\"FR\"},\"contactPoint\":[{\"@type\":\"ContactPoint\",\"contactType\":\"Service client\",\"telephone\":\"0384254272\",\"email\":\"contact@csj-emballages.com\"}]}]}<\/script>\n<!-- \/ Yoast SEO Premium plugin. -->","yoast_head_json":{"title":"Sacchetto Cr\u00eape Antigrasso Stampato - 18 x 18 cm","description":"Scegli il nostro sacchetto per cr\u00eape antigrasso stampato 18 x 18 cm: estetico, pratico ed ecosostenibile. Ideale per confezionare cr\u00eape e snack","robots":{"index":"index","follow":"follow","max-snippet":"max-snippet:-1","max-image-preview":"max-image-preview:large","max-video-preview":"max-video-preview:-1"},"canonical":"https:\/\/www.csj-emballages.com\/it\/produit\/sacchetto-per-crepe-in-carta-antigrasso-stampata-18-x-18-cm-da-500-pezzi\/","og_locale":"it_IT","og_type":"article","og_title":"Sacchetto per cr\u00eape in carta antigrasso stampata 18 x 18 cm da 500 pezzi","og_description":"Scegli il nostro sacchetto per cr\u00eape antigrasso stampato 18 x 18 cm: estetico, pratico ed ecosostenibile. Ideale per confezionare cr\u00eape e snack","og_url":"https:\/\/www.csj-emballages.com\/it\/produit\/sacchetto-per-crepe-in-carta-antigrasso-stampata-18-x-18-cm-da-500-pezzi\/","og_site_name":"CSJ Emballages","article_publisher":"https:\/\/www.facebook.com\/csjemballages","article_modified_time":"2026-04-09T00:18:22+00:00","og_image":[{"width":800,"height":800,"url":"https:\/\/www.csj-emballages.com\/wp-content\/uploads\/2024\/03\/sachet-crepe-papier.webp","type":"image\/webp"}],"twitter_card":"summary_large_image","twitter_misc":{"Dur\u00e9e de lecture estim\u00e9e":"1 minuto"},"schema":{"@context":"https:\/\/schema.org","@graph":[{"@type":"WebPage","@id":"https:\/\/www.csj-emballages.com\/it\/produit\/sacchetto-per-crepe-in-carta-antigrasso-stampata-18-x-18-cm-da-500-pezzi\/","url":"https:\/\/www.csj-emballages.com\/it\/produit\/sacchetto-per-crepe-in-carta-antigrasso-stampata-18-x-18-cm-da-500-pezzi\/","name":"Sacchetto Cr\u00eape Antigrasso Stampato - 18 x 18 cm","isPartOf":{"@id":"https:\/\/www.csj-emballages.com\/it\/#website"},"primaryImageOfPage":{"@id":"https:\/\/www.csj-emballages.com\/it\/produit\/sacchetto-per-crepe-in-carta-antigrasso-stampata-18-x-18-cm-da-500-pezzi\/#primaryimage"},"image":{"@id":"https:\/\/www.csj-emballages.com\/it\/produit\/sacchetto-per-crepe-in-carta-antigrasso-stampata-18-x-18-cm-da-500-pezzi\/#primaryimage"},"thumbnailUrl":"https:\/\/www.csj-emballages.com\/wp-content\/uploads\/2024\/03\/sachet-crepe-papier.webp","datePublished":"2024-03-01T15:49:27+00:00","dateModified":"2026-04-09T00:18:22+00:00","description":"Scegli il nostro sacchetto per cr\u00eape antigrasso stampato 18 x 18 cm: estetico, pratico ed ecosostenibile. Ideale per confezionare cr\u00eape e snack","breadcrumb":{"@id":"https:\/\/www.csj-emballages.com\/it\/produit\/sacchetto-per-crepe-in-carta-antigrasso-stampata-18-x-18-cm-da-500-pezzi\/#breadcrumb"},"inLanguage":"it-IT","potentialAction":[{"@type":"ReadAction","target":["https:\/\/www.csj-emballages.com\/it\/produit\/sacchetto-per-crepe-in-carta-antigrasso-stampata-18-x-18-cm-da-500-pezzi\/"]}]},{"@type":"ImageObject","inLanguage":"it-IT","@id":"https:\/\/www.csj-emballages.com\/it\/produit\/sacchetto-per-crepe-in-carta-antigrasso-stampata-18-x-18-cm-da-500-pezzi\/#primaryimage","url":"https:\/\/www.csj-emballages.com\/wp-content\/uploads\/2024\/03\/sachet-crepe-papier.webp","contentUrl":"https:\/\/www.csj-emballages.com\/wp-content\/uploads\/2024\/03\/sachet-crepe-papier.webp","width":800,"height":800,"caption":"sachet cr\u00eape"},{"@type":"BreadcrumbList","@id":"https:\/\/www.csj-emballages.com\/it\/produit\/sacchetto-per-crepe-in-carta-antigrasso-stampata-18-x-18-cm-da-500-pezzi\/#breadcrumb","itemListElement":[{"@type":"ListItem","position":1,"name":"Home","item":"https:\/\/www.csj-emballages.com\/it\/universo-imballaggi-alimentari\/"},{"@type":"ListItem","position":2,"name":"Negozio","item":"https:\/\/www.csj-emballages.com\/it\/negozio\/"},{"@type":"ListItem","position":3,"name":"Sacchetto per cr\u00eape in carta antigrasso stampata 18 x 18 cm da 500 pezzi"}]},{"@type":"WebSite","@id":"https:\/\/www.csj-emballages.com\/it\/#website","url":"https:\/\/www.csj-emballages.com\/it\/","name":"CSJ Emballages","description":"","publisher":{"@id":"https:\/\/www.csj-emballages.com\/it\/#organization"},"potentialAction":[{"@type":"SearchAction","target":{"@type":"EntryPoint","urlTemplate":"https:\/\/www.csj-emballages.com\/it\/?s={search_term_string}"},"query-input":{"@type":"PropertyValueSpecification","valueRequired":true,"valueName":"search_term_string"}}],"inLanguage":"it-IT"},{"@type":"Organization","@id":"https:\/\/www.csj-emballages.com\/it\/#Organization\/","name":"CSJ Emballages","url":"https:\/\/www.csj-emballages.com\/it\/","logo":{"@type":"ImageObject","inLanguage":"it-IT","@id":"https:\/\/www.csj-emballages.com\/it\/#\/schema\/logo\/image\/","url":"https:\/\/www.csj-emballages.com\/wp-content\/uploads\/2023\/10\/logo_csj.webp","contentUrl":"https:\/\/www.csj-emballages.com\/wp-content\/uploads\/2023\/10\/logo_csj.webp","width":250,"height":95,"caption":"CSJ Emballages"},"image":{"@id":"https:\/\/www.csj-emballages.com\/it\/#\/schema\/logo\/image\/"},"sameAs":["https:\/\/www.facebook.com\/csjemballages"],"address":{"@type":"PostalAddress","streetAddress":"ZI La Lechere","addressLocality":"Patornay","postalCode":"39130","addressCountry":"FR"},"contactPoint":[{"@type":"ContactPoint","contactType":"Service client","telephone":"0384254272","email":"contact@csj-emballages.com"}]}]}},"df_price":13.75,"df_sale_price":"","df_regular_price":13.75,"df_image_link":"https:\/\/www.csj-emballages.com\/wp-content\/uploads\/2024\/03\/sachet-crepe-papier-300x300.webp","tiered_pricing_type":"fixed","tiered_pricing_fixed_rules":[],"tiered_pricing_percentage_rules":[],"tiered_pricing_minimum":1,"tiered_pricing_roles_data":[],"_links":{"self":[{"href":"https:\/\/www.csj-emballages.com\/it\/wp-json\/wp\/v2\/product\/269956","targetHints":{"allow":["GET"]}}],"collection":[{"href":"https:\/\/www.csj-emballages.com\/it\/wp-json\/wp\/v2\/product"}],"about":[{"href":"https:\/\/www.csj-emballages.com\/it\/wp-json\/wp\/v2\/types\/product"}],"wp:featuredmedia":[{"embeddable":true,"href":"https:\/\/www.csj-emballages.com\/it\/wp-json\/wp\/v2\/media\/269962"}],"wp:attachment":[{"href":"https:\/\/www.csj-emballages.com\/it\/wp-json\/wp\/v2\/media?parent=269956"}],"wp:term":[{"taxonomy":"product_brand","embeddable":true,"href":"https:\/\/www.csj-emballages.com\/it\/wp-json\/wp\/v2\/product_brand?post=269956"},{"taxonomy":"product_cat","embeddable":true,"href":"https:\/\/www.csj-emballages.com\/it\/wp-json\/wp\/v2\/product_cat?post=269956"},{"taxonomy":"product_tag","embeddable":true,"href":"https:\/\/www.csj-emballages.com\/it\/wp-json\/wp\/v2\/product_tag?post=269956"}],"curies":[{"name":"wp","href":"https:\/\/api.w.org\/{rel}","templated":true}]}}